{"id":16267,"date":"2025-01-20T09:00:55","date_gmt":"2025-01-20T09:00:55","guid":{"rendered":"https:\/\/www.hydraulic-cylinders.net\/product\/arm-cylinderfor-kobelco-small-excavator-sk115\/"},"modified":"2025-01-20T09:00:57","modified_gmt":"2025-01-20T09:00:57","slug":"arm-cylinderfor-kobelco-small-excavator-sk115","status":"publish","type":"product","link":"https:\/\/www.hydraulic-cylinders.net\/pl\/produkt\/arm-cylinderfor-kobelco-small-excavator-sk115\/","title":{"rendered":"Si\u0142ownik ramienia do ma\u0142ej koparki Kobelco SK115"},"content":{"rendered":"<p>Si\u0142ownik ramienia do ma\u0142ej koparki Kobelco SK115<\/p>\n<p>Si\u0142ownik ramienia to specjalistyczny si\u0142ownik hydrauliczny zaprojektowany do zapewnienia ruchu liniowego i zasilania ramienia r\u00f3\u017cnego rodzaju maszyn, takich jak koparki, d\u017awigi i ramiona mechaniczne. Si\u0142ownik ramienia odgrywa kluczow\u0105 rol\u0119 w uk\u0142adzie hydraulicznym, umo\u017cliwiaj\u0105c efektywne poruszanie si\u0119 osprz\u0119tu i akcesori\u00f3w oraz sterowanie nimi. Si\u0142owniki te nie tylko zapewniaj\u0105 p\u0142ynny ruch, ale tak\u017ce wytrzymuj\u0105 du\u017ce obci\u0105\u017cenia, gwarantuj\u0105c wydajn\u0105 prac\u0119 i niezawodno\u015b\u0107 maszyn w r\u00f3\u017cnych warunkach eksploatacyjnych.<\/p>\n<p>Cechy:<\/p>\n<p>1. Wysokowydajna przek\u0142adnia: cylinder ramienia mo\u017ce zapewni\u0107 mocny ruch liniowy i si\u0142\u0119, gwarantuj\u0105c wysok\u0105 wydajno\u015b\u0107 ramienia mechanicznego podczas r\u00f3\u017cnych operacji.<br \/>\n2. Precyzyjna kontrola: Dzi\u0119ki uk\u0142adowi hydraulicznemu si\u0142ownik ramienia mo\u017ce uzyska\u0107 precyzyjn\u0105 kontrol\u0119 ruchu, co sprawia, \u017ce \u200b\u200bobs\u0142uga osprz\u0119tu jest bardziej elastyczna i dok\u0142adna.<br \/>\n3. Wysoka trwa\u0142o\u015b\u0107: Cylindry ramienia s\u0105 zazwyczaj wykonane z materia\u0142\u00f3w o wysokiej wytrzyma\u0142o\u015bci, charakteryzuj\u0105cych si\u0119 dobr\u0105 odporno\u015bci\u0105 na zu\u017cycie i korozj\u0119, dzi\u0119ki czemu nadaj\u0105 si\u0119 do d\u0142ugotrwa\u0142ego u\u017cytkowania w trudnych warunkach.<br \/>\n4. Wielofunkcyjna adaptacja: Cylindry te mo\u017cna szeroko stosowa\u0107 w r\u00f3\u017cnych typach maszyn, takich jak koparki, d\u017awigi i ramiona mechaniczne, dostosowuj\u0105c si\u0119 do r\u00f3\u017cnych wymaga\u0144 roboczych.<br \/>\n5. \u0141atwa konserwacja: Projekt uwzgl\u0119dnia \u0142atwo\u015b\u0107 konserwacji i wymiany, dzi\u0119ki czemu regularne kontrole i konserwacje s\u0105 wygodniejsze, a przestoje sprz\u0119tu kr\u00f3tsze.<\/p>\n<p>Nasz produkt mo\u017ce doskonale zast\u0105pi\u0107 tego typu si\u0142owniki hydrauliczne.<\/p>\n<p>Zastosowania:<\/p>\n<p>1. In\u017cynieria budowlana: W koparkach i d\u017awigach si\u0142owniki ramieniowe s\u0142u\u017c\u0105 do sterowania ruchem \u0142y\u017cek lub wysi\u0119gnik\u00f3w podczas rob\u00f3t ziemnych, przenoszenia materia\u0142\u00f3w i instalacji konstrukcyjnych.<br \/>\n2. Przemys\u0142 wytw\u00f3rczy: W zautomatyzowanych liniach produkcyjnych cylindry ramieniowe s\u0142u\u017c\u0105 do poruszania ramionami mechanicznymi, monta\u017cu, spawania i obs\u0142ugi, co zwi\u0119ksza wydajno\u015b\u0107 i dok\u0142adno\u015b\u0107 produkcji.<br \/>\n3. Maszyny rolnicze: W maszynach rolniczych, takich jak kombajny i sadzarki, si\u0142owniki ramienia steruj\u0105 ruchem ramienia roboczego, wykonuj\u0105cego zadania takie jak sadzenie, nawo\u017cenie i zbi\u00f3r.<br \/>\n4. G\u00f3rnictwo: W sprz\u0119cie g\u00f3rniczym cylindry ramieniowe s\u0142u\u017c\u0105 do sterowania ruchem ramion sprz\u0119tu g\u00f3rniczego, wydobywania i transportu rud.<br \/>\n5. Logistyka i transport: W w\u00f3zkach wid\u0142owych i robotach prze\u0142adunkowych si\u0142owniki ramion s\u0142u\u017c\u0105 do sterowania podnoszeniem i ruchem wide\u0142, co umo\u017cliwia przenoszenie materia\u0142\u00f3w i ich uk\u0142adanie.<\/p>\n<p>Standardy projektowania i wyboru:<\/p>\n<p>1. No\u015bno\u015b\u0107: Cylindry ramieniowe powinny mie\u0107 odpowiedni\u0105 no\u015bno\u015b\u0107, aby spe\u0142nia\u0107 wymagania r\u00f3\u017cnych operacji maszynowych.<br \/>\n2. Uszczelnienie: Aby zapewni\u0107 szczelno\u015b\u0107 cylindra, nale\u017cy stosowa\u0107 r\u00f3\u017cne elementy uszczelniaj\u0105ce, takie jak uszczelki t\u0142oka i t\u0142oczyska. Elementy uszczelniaj\u0105ce powinny by\u0107 wykonane z materia\u0142\u00f3w odpornych na zu\u017cycie, takich jak poliuretan i kauczuk nitrylowy.<br \/>\n3. Trwa\u0142o\u015b\u0107: Korpus cylindra i gwintowana powierzchnia ko\u0144cowa powinny by\u0107 precyzyjnie obrobione w celu zwi\u0119kszenia odporno\u015bci na zu\u017cycie.<br \/>\n4. Bezpiecze\u0144stwo: Cylindry ramieniowe powinny by\u0107 wyposa\u017cone w niezawodne urz\u0105dzenia zabezpieczaj\u0105ce, aby zapobiec wypadkom spowodowanym awari\u0105 cylindra.<br \/>\n5. \u0141atwo\u015b\u0107 konserwacji: Projekty powinny uwzgl\u0119dnia\u0107 \u0142atwo\u015b\u0107 konserwacji i wymiany, aby zapobiega\u0107 nadmiernym przestojom sprz\u0119tu.<\/p>\n<p>Uszczelnianie i smarowanie:<\/p>\n<p>W si\u0142ownikach ramieniowych zastosowano r\u00f3\u017cne elementy uszczelniaj\u0105ce, aby zapewni\u0107 dobr\u0105 szczelno\u015b\u0107. Elementy uszczelniaj\u0105ce powinny by\u0107 wykonane z materia\u0142\u00f3w odpornych na zu\u017cycie, takich jak poliuretan i kauczuk nitrylowy. Korpus si\u0142ownika i gwintowana powierzchnia ko\u0144cowa powinny by\u0107 precyzyjnie obrobione, aby zwi\u0119kszy\u0107 odporno\u015b\u0107 na zu\u017cycie. Do smarowania niezb\u0119dne jest regularne uzupe\u0142nianie odpowiednim olejem hydraulicznym.<\/p>\n<p>Konserwacja zapobiegawcza:<\/p>\n<p>1. Nale\u017cy regularnie przeprowadza\u0107 kontrole cylindra i wszystkich jego podzespo\u0142\u00f3w.<br \/>\n2. Regularnie sprawdzaj poziom oleju hydraulicznego i w razie potrzeby wymieniaj olej i filtr.<br \/>\n3. Regularnie sprawdzaj elementy uszczelniaj\u0105ce i w razie potrzeby wymieniaj je.<br \/>\n4. Regularnie czy\u015b\u0107 cylinder i inne elementy, aby zapobiec zanieczyszczeniu.<\/p>\n<p>Instrukcja instalacji:<\/p>\n<p>1. Przed monta\u017cem nale\u017cy sprawdzi\u0107 kompatybilno\u015b\u0107 cylindra i maszyny.<br \/>\n2. Przed monta\u017cem dok\u0142adnie wyczy\u015b\u0107 i sprawd\u017a wszystkie elementy.<br \/>\n3. Zamontuj cylinder zgodnie z instrukcj\u0105 producenta.<br \/>\n4. Sprawd\u017a, czy cylinder zosta\u0142 zamontowany stabilnie i we w\u0142a\u015bciwej pozycji.<br \/>\n5. Nape\u0142nij cylinder odpowiednim olejem hydraulicznym.<\/p>\n<p>Zagadnienia bezpiecze\u0144stwa:<\/p>\n<p>Podczas obs\u0142ugi maszyn z si\u0142ownikami ramieniowymi konieczne jest przestrzeganie odpowiednich \u015brodk\u00f3w bezpiecze\u0144stwa, aby zapobiec wypadkom. Nale\u017cy podj\u0105\u0107 \u015brodki ostro\u017cno\u015bci, takie jak noszenie odpowiedniej odzie\u017cy ochronnej, stosowanie niezawodnych urz\u0105dze\u0144 zabezpieczaj\u0105cych oraz przestrzeganie instrukcji producenta.<\/p>\n<p>Diagnostyka usterek i typowe problemy:<\/p>\n<p>1. Wyciek oleju hydraulicznego z cylindra: Sprawd\u017a elementy uszczelniaj\u0105ce i wymie\u0144 je w razie potrzeby.<br \/>\n2. Niewystarczaj\u0105ca moc wyj\u015bciowa cylindra: Sprawd\u017a uk\u0142ad hydrauliczny i upewnij si\u0119, \u017ce ci\u015bnienie w uk\u0142adzie mie\u015bci si\u0119 w odpowiednim zakresie.<br \/>\n3. Nietypowy ha\u0142as i wibracje podczas pracy cylindra: Sprawd\u017a mocowanie i po\u0142\u0105czenie cylindra z innymi komponentami, aby upewni\u0107 si\u0119, \u017ce s\u0105 one bezpieczne i znajduj\u0105 si\u0119 w prawid\u0142owej pozycji.<\/p>\n<p>Wskaz\u00f3wki dotycz\u0105ce rozwi\u0105zywania problem\u00f3w i rozwi\u0105zania:<\/p>\n<p>1. Wymie\u0144 uszkodzone lub zu\u017cyte elementy uszczelniaj\u0105ce.<br \/>\n2. Sprawd\u017a i wyreguluj ci\u015bnienie w uk\u0142adzie hydraulicznym.<br \/>\n3. Sprawd\u017a i zmie\u0144 po\u0142o\u017cenie cylindra i innych podzespo\u0142\u00f3w, aby zapobiec ich nieprawid\u0142owemu ustawieniu lub monta\u017cowi.<br \/>\n4. Regularna konserwacja zapobiegawcza pomo\u017ce wykry\u0107 problemy na wczesnym etapie i zapobiec dalszym uszkodzeniom.<\/p>\n<p>O nas:<\/p>\n<p>Jeste\u015bmy profesjonalnym producentem cylindr\u00f3w hydraulicznych, oferuj\u0105cym szerok\u0105 gam\u0119 produkt\u00f3w, staj\u0105c si\u0119 jednym z wiod\u0105cych producent\u00f3w i dystrybutor\u00f3w hurtowych cylindr\u00f3w hydraulicznych w kraju i za granic\u0105. Zawsze przestrzegamy zasady doskona\u0142ej jako\u015bci, opieramy si\u0119 na strategii zarz\u0105dzania produkcj\u0105 industrializacyjn\u0105 w precyzyjnym warsztacie produkcyjnym, stale podnosz\u0105c poziom technologii i wydajno\u015b\u0107 produkcji. Wprowadzaj\u0105c wysokiej klasy cyfrowy sprz\u0119t produkcyjny i profesjonalne systemy testowe, stale optymalizujemy platform\u0119 produkcyjn\u0105, ulepszamy procedury kontroli jako\u015bci produkt\u00f3w i dysponujemy silnym potencja\u0142em innowacyjnym. Naszym celem jest zaspokojenie zr\u00f3\u017cnicowanych potrzeb klient\u00f3w poprzez wysok\u0105 wydajno\u015b\u0107, dok\u0142adno\u015b\u0107 i wysok\u0105 jako\u015b\u0107.<\/p>\n<p>Jeste\u015bmy certyfikowan\u0105 firm\u0105 \u015bwiadcz\u0105c\u0105 us\u0142ugi dostosowane do indywidualnych potrzeb, dysponuj\u0105c\u0105 zaawansowanym sprz\u0119tem produkcyjnym i zapewniaj\u0105c\u0105 doskona\u0142\u0105 obs\u0142ug\u0119 posprzeda\u017cow\u0105.<\/p>\n<p>Autor: lyl<\/p>","protected":false},"excerpt":{"rendered":"<p>Arm Cylinder for Kobelco Small Excavator SK115 Arm cylinder is a specialized hydraulic cylinder designed to provide linear motion and power to the arm of various types of machinery, such as excavators, cranes, and mechanical arms. The arm cylinder plays a vital role in the hydraulic system, enabling attachments or accessories to move and control [&hellip;]<\/p>","protected":false},"featured_media":14779,"comment_status":"open","ping_status":"closed","template":"","meta":{"_et_pb_use_builder":"","_et_pb_old_content":"","_et_gb_content_width":""},"product_brand":[],"product_cat":[1497],"product_tag":[1498,1496],"class_list":{"0":"post-16267","1":"product","2":"type-product","3":"status-publish","4":"has-post-thumbnail","6":"product_cat-arm-cylinders","7":"product_tag-arm-cylinders","8":"product_tag-hydraulic-cylinders","10":"first","11":"instock","12":"shipping-taxable","13":"product-type-simple"},"amp_enabled":true,"_links":{"self":[{"href":"https:\/\/www.hydraulic-cylinders.net\/pl\/wp-json\/wp\/v2\/product\/16267","targetHints":{"allow":["GET"]}}],"collection":[{"href":"https:\/\/www.hydraulic-cylinders.net\/pl\/wp-json\/wp\/v2\/product"}],"about":[{"href":"https:\/\/www.hydraulic-cylinders.net\/pl\/wp-json\/wp\/v2\/types\/product"}],"replies":[{"embeddable":true,"href":"https:\/\/www.hydraulic-cylinders.net\/pl\/wp-json\/wp\/v2\/comments?post=16267"}],"wp:featuredmedia":[{"embeddable":true,"href":"https:\/\/www.hydraulic-cylinders.net\/pl\/wp-json\/wp\/v2\/media\/14779"}],"wp:attachment":[{"href":"https:\/\/www.hydraulic-cylinders.net\/pl\/wp-json\/wp\/v2\/media?parent=16267"}],"wp:term":[{"taxonomy":"product_brand","embeddable":true,"href":"https:\/\/www.hydraulic-cylinders.net\/pl\/wp-json\/wp\/v2\/product_brand?post=16267"},{"taxonomy":"product_cat","embeddable":true,"href":"https:\/\/www.hydraulic-cylinders.net\/pl\/wp-json\/wp\/v2\/product_cat?post=16267"},{"taxonomy":"product_tag","embeddable":true,"href":"https:\/\/www.hydraulic-cylinders.net\/pl\/wp-json\/wp\/v2\/product_tag?post=16267"}],"curies":[{"name":"wp","href":"https:\/\/api.w.org\/{rel}","templated":true}]}}