{"id":16271,"date":"2025-01-20T09:01:12","date_gmt":"2025-01-20T09:01:12","guid":{"rendered":"https:\/\/www.hydraulic-cylinders.net\/product\/arm-cylinderfor-kobelco-small-excavator-sk60-c\/"},"modified":"2025-01-20T09:01:14","modified_gmt":"2025-01-20T09:01:14","slug":"arm-cylinderfor-kobelco-small-excavator-sk60-c","status":"publish","type":"product","link":"https:\/\/www.hydraulic-cylinders.net\/pl\/produkt\/arm-cylinderfor-kobelco-small-excavator-sk60-c\/","title":{"rendered":"Si\u0142ownik ramienia do ma\u0142ej koparki Kobelco SK60-C"},"content":{"rendered":"<h2>Si\u0142ownik ramienia do ma\u0142ej koparki Kobelco SK60-C<\/h2>\n<h3>Wst\u0119p<\/h3>\n<p>Si\u0142ownik ramienia to specjalnie zaprojektowany si\u0142ownik hydrauliczny, kt\u00f3ry zapewnia ruch liniowy i zasilanie ramienia r\u00f3\u017cnego rodzaju maszyn, takich jak koparki, d\u017awigi i manipulatory. Si\u0142ownik ramienia odgrywa kluczow\u0105 rol\u0119 w uk\u0142adzie hydraulicznym, umo\u017cliwiaj\u0105c ruch i efektywne sterowanie dodatkowymi narz\u0119dziami lub osprz\u0119tem. Si\u0142owniki te nie tylko umo\u017cliwiaj\u0105 p\u0142ynne ruchy, ale tak\u017ce wytrzymuj\u0105 du\u017ce obci\u0105\u017cenia, zapewniaj\u0105c wydajn\u0105 prac\u0119 i niezawodno\u015b\u0107 maszyn w r\u00f3\u017cnych warunkach pracy.<\/p>\n<p><img decoding=\"async\" src=\"https:\/\/www.hydraulic-cylinders.net\/wp-content\/uploads\/2025\/01\/songte-company-2.webp\" \/><\/p>\n<h3>Cechy<\/h3>\n<ul>\n<li><strong>Efektywne przenoszenie mocy:<\/strong> Si\u0142ownik ramienia zapewnia mocny ruch liniowy i si\u0142\u0119, gwarantuj\u0105c wysok\u0105 wydajno\u015b\u0107 manipulatora podczas r\u00f3\u017cnych operacji.<\/li>\n<li><strong>Precyzyjna kontrola:<\/strong> Dzi\u0119ki uk\u0142adowi hydraulicznemu si\u0142ownik ramienia mo\u017ce uzyska\u0107 dok\u0142adn\u0105 kontrol\u0119 ruchu, co sprawia, \u017ce \u200b\u200bobs\u0142uga dodatkowych narz\u0119dzi jest bardziej elastyczna i dok\u0142adna.<\/li>\n<li><strong>Wysoka wytrzyma\u0142o\u015b\u0107:<\/strong> Cylinder ramienia jest zwykle wykonany z materia\u0142\u00f3w o wysokiej wytrzyma\u0142o\u015bci i charakteryzuje si\u0119 dobr\u0105 odporno\u015bci\u0105 na zu\u017cycie i korozj\u0119, dzi\u0119ki czemu nadaje si\u0119 do d\u0142ugotrwa\u0142ego u\u017cytkowania w trudnych warunkach.<\/li>\n<li><strong>Wielofunkcyjna adaptowalno\u015b\u0107:<\/strong> Cylindry te mog\u0105 by\u0107 szeroko stosowane w r\u00f3\u017cnych urz\u0105dzeniach mechanicznych, takich jak koparki, d\u017awigi i manipulatory, dostosowuj\u0105c si\u0119 do r\u00f3\u017cnych wymaga\u0144 roboczych.<\/li>\n<li><strong>\u0141atwa konserwacja:<\/strong> Zaprojektowane z my\u015bl\u0105 o \u0142atwej konserwacji i wymianie, regularne kontrole i konserwacje s\u0105 wygodniejsze, redukuj\u0105c przestoje sprz\u0119tu.<\/li>\n<\/ul>\n<p>Mo\u017cemy wyprodukowa\u0107 ten produkt, kt\u00f3ry doskonale zast\u0105pi te cylindry hydrauliczne.<\/p>\n<p><img decoding=\"async\" src=\"https:\/\/www.hydraulic-cylinders.net\/wp-content\/uploads\/2025\/01\/songte-oil-pipes-and-spare-parts.webp\" \/><\/p>\n<h3>Aplikacje<\/h3>\n<p>Si\u0142ownik ramienia jest powszechnie stosowany w r\u00f3\u017cnych ga\u0142\u0119ziach przemys\u0142u, w tym:<\/p>\n<ul>\n<li><strong>Budowa:<\/strong> W koparkach i d\u017awigach si\u0142ownik ramienia s\u0142u\u017cy do sterowania ruchem \u0142y\u017cki lub wysi\u0119gnika podczas rob\u00f3t ziemnych, przenoszenia materia\u0142\u00f3w i instalacji konstrukcyjnych.<\/li>\n<li><strong>Produkcja:<\/strong> W zautomatyzowanych liniach produkcyjnych si\u0142ownik ramienia jest wykorzystywany do poruszania manipulatorami w procesach takich jak monta\u017c, spawanie i obs\u0142uga materia\u0142\u00f3w, co zwi\u0119ksza wydajno\u015b\u0107 i dok\u0142adno\u015b\u0107 produkcji.<\/li>\n<li><strong>Maszyny rolnicze:<\/strong> W maszynach rolniczych, takich jak kombajny i sadzarki, si\u0142ownik ramienia steruje ruchem ramienia roboczego, wykonuj\u0105cego takie zadania, jak siew, nawo\u017cenie i zbi\u00f3r.<\/li>\n<li><strong>G\u00f3rnictwo:<\/strong> W sprz\u0119cie g\u00f3rniczym si\u0142ownik ramienia s\u0142u\u017cy do sterowania ruchem ramienia sprz\u0119tu g\u00f3rniczego podczas wydobywania i transportu rudy.<\/li>\n<li><strong>Logistyka i transport:<\/strong> W w\u00f3zkach wid\u0142owych i robotach prze\u0142adunkowych si\u0142ownik ramienia s\u0142u\u017cy do sterowania podnoszeniem i ruchem wide\u0142, umo\u017cliwiaj\u0105c obs\u0142ug\u0119 i uk\u0142adanie materia\u0142\u00f3w.<\/li>\n<\/ul>\n<h3>Zagadnienia projektowe i kryteria wyboru<\/h3>\n<p>Z punktu widzenia projektowania si\u0142ownika ramienia nale\u017cy wzi\u0105\u0107 pod uwag\u0119 nast\u0119puj\u0105ce czynniki:<\/p>\n<ul>\n<li><strong>No\u015bno\u015b\u0107:<\/strong> Si\u0142ownik ramienia powinien mie\u0107 odpowiedni\u0105 no\u015bno\u015b\u0107, aby zapewni\u0107 stabiln\u0105 prac\u0119 maszyny w r\u00f3\u017cnych warunkach roboczych.<\/li>\n<li><strong>Opiecz\u0119towanie:<\/strong> Aby zapobiec wyciekom p\u0142ynu i utrzyma\u0107 ci\u015bnienie w uk\u0142adzie, stosuje si\u0119 r\u00f3\u017cne elementy uszczelniaj\u0105ce, takie jak uszczelki t\u0142okowe i uszczelki t\u0142oczyskowe.<\/li>\n<li><strong>Trwa\u0142o\u015b\u0107:<\/strong> Cylinder ramienia powinien by\u0107 wykonany z materia\u0142\u00f3w o wysokiej wytrzyma\u0142o\u015bci, zapewniaj\u0105cych dobr\u0105 odporno\u015b\u0107 na zu\u017cycie i korozj\u0119 oraz przystosowanie do pracy w trudnych warunkach.<\/li>\n<li><strong>Bezpiecze\u0144stwo:<\/strong> Cylinder ramienia powinien by\u0107 zaprojektowany z uwzgl\u0119dnieniem zabezpiecze\u0144 zapobiegaj\u0105cych wypadkom spowodowanym przez nieprawid\u0142owo dzia\u0142aj\u0105cy sprz\u0119t.<\/li>\n<li><strong>Utrzymywalno\u015b\u0107:<\/strong> Cylinder ramienia powinien by\u0107 zaprojektowany w spos\u00f3b umo\u017cliwiaj\u0105cy \u0142atw\u0105 konserwacj\u0119 i wymian\u0119, aby ograniczy\u0107 przestoje i zapewni\u0107 wydajn\u0105 prac\u0119.<\/li>\n<\/ul>\n<p><img decoding=\"async\" src=\"https:\/\/www.hydraulic-cylinders.net\/wp-content\/uploads\/2025\/01\/songte-cylinder-head-with-all-kinds-excavator-models.webp\" \/><\/p>\n<h3>Uszczelnianie i smarowanie<\/h3>\n<p>Si\u0142ownik ramienia wykorzystuje r\u00f3\u017cne elementy uszczelniaj\u0105ce, takie jak uszczelnienia t\u0142oka i t\u0142oczyska, aby zapobiec wyciekom p\u0142ynu i utrzyma\u0107 ci\u015bnienie w uk\u0142adzie. Uszczelnienia te wykonane s\u0105 z materia\u0142\u00f3w odpornych na zu\u017cycie, takich jak poliuretan i kauczuk nitrylowy. Korpus si\u0142ownika i gwintowana powierzchnia ko\u0144cowa s\u0105 precyzyjnie obrobione, aby zwi\u0119kszy\u0107 odporno\u015b\u0107 na zu\u017cycie. Aby zapewni\u0107 p\u0142ynn\u0105 prac\u0119, wymagane jest regularne smarowanie odpowiednim olejem hydraulicznym.<\/p>\n<h3>Konserwacja i zapobieganie<\/h3>\n<p>Regularne kontrole i konserwacja s\u0105 niezb\u0119dne, aby zapewni\u0107 wydajn\u0105 prac\u0119 si\u0142ownika ramienia i skr\u00f3ci\u0107 przestoje. Aby zapobiec potencjalnym problemom, mo\u017cna podj\u0105\u0107 nast\u0119puj\u0105ce \u015brodki:<\/p>\n<ul>\n<li>Regularnie sprawdzaj uk\u0142ad hydrauliczny i wymieniaj olej hydrauliczny, aby mie\u0107 pewno\u015b\u0107, \u017ce uk\u0142ad jest czysty i wolny od zanieczyszcze\u0144.<\/li>\n<li>Regularnie sprawdzaj elementy uszczelniaj\u0105ce i w razie konieczno\u015bci wymie\u0144 je.<\/li>\n<li>Sprawd\u017a, czy na spawanych cz\u0119\u015bciach korpusu cylindra nie ma p\u0119kni\u0119\u0107 lub odkszta\u0142ce\u0144.<\/li>\n<li>Upewnij si\u0119, \u017ce zabezpieczenia cylindra ramienia s\u0105 nienaruszone i dzia\u0142aj\u0105 prawid\u0142owo.<\/li>\n<li>Podczas monta\u017cu i demonta\u017cu nale\u017cy uwa\u017ca\u0107, aby nie uszkodzi\u0107 element\u00f3w uszczelniaj\u0105cych ani korpusu cylindra.<\/li>\n<\/ul>\n<p><img decoding=\"async\" src=\"https:\/\/www.hydraulic-cylinders.net\/wp-content\/uploads\/2025\/01\/songte-chushion-collar.webp\" \/><\/p>\n<h3>Instrukcja instalacji produktu<\/h3>\n<p>Podczas monta\u017cu cylindra ramienia nale\u017cy wykona\u0107 nast\u0119puj\u0105ce czynno\u015bci:<\/p>\n<ol>\n<li>Wyjmij stary cylinder i wyczy\u015b\u0107 powierzchni\u0119 monta\u017cow\u0105 maszyny.<\/li>\n<li>Sprawd\u017a nowy cylinder, aby mie\u0107 pewno\u015b\u0107, \u017ce jest to w\u0142a\u015bciwy model i \u017ce jest w dobrym stanie.<\/li>\n<li>Zamontuj nowy cylinder w maszynie, upewniaj\u0105c si\u0119, \u017ce wszystkie po\u0142\u0105czenia s\u0105 dobrze dokr\u0119cone i bezpieczne.<\/li>\n<li>Nape\u0142nij cylinder olejem hydraulicznym i sprawd\u017a, czy nie ma wyciek\u00f3w lub usterek.<\/li>\n<li>Wykonaj pr\u00f3b\u0119, aby upewni\u0107 si\u0119, \u017ce cylinder dzia\u0142a prawid\u0142owo i jest kompatybilny z maszyn\u0105.<\/li>\n<\/ol>\n<p><img decoding=\"async\" src=\"https:\/\/www.hydraulic-cylinders.net\/wp-content\/uploads\/2025\/01\/songte-bushings-with-all-kinds-of-excavator-models.webp\" \/><\/p>\n<h3>Zagadnienia bezpiecze\u0144stwa i czynniki \u015brodowiskowe<\/h3>\n<p>Podczas u\u017cytkowania si\u0142ownika ramienia nale\u017cy bezwzgl\u0119dnie przestrzega\u0107 odpowiednich przepis\u00f3w bezpiecze\u0144stwa i stosowa\u0107 odpowiedni sprz\u0119t ochronny, aby zapobiec wypadkom. Wyciek oleju hydraulicznego mo\u017ce spowodowa\u0107 zanieczyszczenie \u015brodowiska, dlatego konieczne jest prawid\u0142owe post\u0119powanie z olejem hydraulicznym i jego utylizacja.<\/p>\n<h3>Rozwi\u0105zywanie problem\u00f3w i typowe problemy<\/h3>\n<p>Typowe problemy z cylindrem ramienia to wyciek p\u0142ynu, niedostateczna moc i nietypowy ha\u0142as. Aby zdiagnozowa\u0107 i rozwi\u0105za\u0107 te problemy, post\u0119puj zgodnie z poni\u017cszymi wskaz\u00f3wkami:<\/p>\n<ul>\n<li>Sprawd\u017a elementy uszczelniaj\u0105ce pod k\u0105tem zu\u017cycia lub uszkodze\u0144 i w razie potrzeby wymie\u0144 je.<\/li>\n<li>Sprawd\u017a poziom i jako\u015b\u0107 oleju hydraulicznego, w razie potrzeby wymie\u0144 go.<\/li>\n<li>Sprawd\u017a korpus cylindra i powierzchni\u0119 gwintowan\u0105 pod k\u0105tem uszkodze\u0144 i odkszta\u0142ce\u0144.<\/li>\n<li>Sprawd\u017a zabezpieczenia cylindra i upewnij si\u0119, \u017ce dzia\u0142aj\u0105 prawid\u0142owo.<\/li>\n<li>Aby uzyska\u0107 dalsz\u0105 pomoc, zapoznaj si\u0119 z instrukcj\u0105 producenta lub skontaktuj si\u0119 z dzia\u0142em obs\u0142ugi klienta.<\/li>\n<\/ul>\n<p>\u015arodki zapobiegawcze, takie jak regularne kontrole i konserwacja, mog\u0105 zmniejszy\u0107 prawdopodobie\u0144stwo wyst\u0105pienia problem\u00f3w.<\/p>\n<p><img decoding=\"async\" src=\"https:\/\/www.hydraulic-cylinders.net\/wp-content\/uploads\/2025\/01\/songte-company-4.webp\" \/><br \/>\n<img decoding=\"async\" src=\"https:\/\/www.hydraulic-cylinders.net\/wp-content\/uploads\/2025\/01\/songte-company-3.webp\" \/><\/p>\n<h3>O nas<\/h3>\n<p>Jeste\u015bmy profesjonalnym producentem zamiennych cylindr\u00f3w hydraulicznych, oferuj\u0105cym szerok\u0105 gam\u0119 produkt\u00f3w. Stali\u015bmy si\u0119 jednym z wiod\u0105cych producent\u00f3w i hurtowych dystrybutor\u00f3w cylindr\u00f3w hydraulicznych na rynku krajowym i mi\u0119dzynarodowym. Zawsze przestrzegamy zasady doskona\u0142ej jako\u015bci i opieramy si\u0119 na strategii zarz\u0105dzania produkcj\u0105 przemys\u0142ow\u0105 w naszym nowoczesnym zak\u0142adzie produkcyjnym, aby stale podnosi\u0107 poziom techniczny i wydajno\u015b\u0107 produkcji. Wprowadzaj\u0105c wysokiej klasy cyfrowy sprz\u0119t produkcyjny i profesjonalne systemy testowe, stale optymalizujemy nasz\u0105 platform\u0119 produkcyjn\u0105 i udoskonalamy proces kontroli jako\u015bci produkt\u00f3w, wykorzystuj\u0105c przy tym zaawansowane mo\u017cliwo\u015bci innowacyjne. Naszym celem jest zaspokajanie zr\u00f3\u017cnicowanych potrzeb klient\u00f3w, kieruj\u0105c si\u0119 zasadami wysokiej wydajno\u015bci, precyzji i jako\u015bci.<\/p>\n<p>Oferujemy profesjonalne, certyfikowane mi\u0119dzynarodowo, dostosowane do indywidualnych potrzeb us\u0142ugi, sprz\u0119t produkcyjny i serwis posprzeda\u017cowy.<\/p>\n<p><em>Autor: lyl.<\/em><\/p>","protected":false},"excerpt":{"rendered":"<p>Arm Cylinder for Kobelco Small Excavator SK60-C Introduction The arm cylinder is a specially designed hydraulic cylinder that provides linear motion and power to the arm of various types of machinery, such as excavators, cranes, and manipulators. The arm cylinder plays a crucial role in the hydraulic system, allowing additional tools or attachments to move [&hellip;]<\/p>","protected":false},"featured_media":14770,"comment_status":"open","ping_status":"closed","template":"","meta":{"_et_pb_use_builder":"","_et_pb_old_content":"","_et_gb_content_width":""},"product_brand":[],"product_cat":[1497],"product_tag":[1498,1496],"class_list":{"0":"post-16271","1":"product","2":"type-product","3":"status-publish","4":"has-post-thumbnail","6":"product_cat-arm-cylinders","7":"product_tag-arm-cylinders","8":"product_tag-hydraulic-cylinders","10":"first","11":"instock","12":"shipping-taxable","13":"product-type-simple"},"amp_enabled":true,"_links":{"self":[{"href":"https:\/\/www.hydraulic-cylinders.net\/pl\/wp-json\/wp\/v2\/product\/16271","targetHints":{"allow":["GET"]}}],"collection":[{"href":"https:\/\/www.hydraulic-cylinders.net\/pl\/wp-json\/wp\/v2\/product"}],"about":[{"href":"https:\/\/www.hydraulic-cylinders.net\/pl\/wp-json\/wp\/v2\/types\/product"}],"replies":[{"embeddable":true,"href":"https:\/\/www.hydraulic-cylinders.net\/pl\/wp-json\/wp\/v2\/comments?post=16271"}],"wp:featuredmedia":[{"embeddable":true,"href":"https:\/\/www.hydraulic-cylinders.net\/pl\/wp-json\/wp\/v2\/media\/14770"}],"wp:attachment":[{"href":"https:\/\/www.hydraulic-cylinders.net\/pl\/wp-json\/wp\/v2\/media?parent=16271"}],"wp:term":[{"taxonomy":"product_brand","embeddable":true,"href":"https:\/\/www.hydraulic-cylinders.net\/pl\/wp-json\/wp\/v2\/product_brand?post=16271"},{"taxonomy":"product_cat","embeddable":true,"href":"https:\/\/www.hydraulic-cylinders.net\/pl\/wp-json\/wp\/v2\/product_cat?post=16271"},{"taxonomy":"product_tag","embeddable":true,"href":"https:\/\/www.hydraulic-cylinders.net\/pl\/wp-json\/wp\/v2\/product_tag?post=16271"}],"curies":[{"name":"wp","href":"https:\/\/api.w.org\/{rel}","templated":true}]}}