{"id":16273,"date":"2025-01-20T09:01:26","date_gmt":"2025-01-20T09:01:26","guid":{"rendered":"https:\/\/www.hydraulic-cylinders.net\/product\/arm-cylinderfor-kobelco-small-excavator-sk120-3-5-6\/"},"modified":"2025-01-20T09:01:33","modified_gmt":"2025-01-20T09:01:33","slug":"arm-cylinderfor-kobelco-small-excavator-sk120-3-5-6","status":"publish","type":"product","link":"https:\/\/www.hydraulic-cylinders.net\/pl\/produkt\/arm-cylinderfor-kobelco-small-excavator-sk120-3-5-6\/","title":{"rendered":"Si\u0142ownik ramienia do ma\u0142ej koparki Kobelco SK120-3-5-6"},"content":{"rendered":"<p>Si\u0142ownik ramienia do ma\u0142ej koparki Kobelco SK120-3-5-6: Definicja i wyja\u015bnienie<\/p>\n<p>Si\u0142ownik ramienia to specjalistyczny si\u0142ownik hydrauliczny zaprojektowany do zapewnienia ruchu liniowego i zasilania ramion r\u00f3\u017cnego typu maszyn, takich jak koparki, d\u017awigi i ramiona mechaniczne. Odgrywa kluczow\u0105 rol\u0119 w uk\u0142adzie hydraulicznym, umo\u017cliwiaj\u0105c ruch osprz\u0119tu i akcesori\u00f3w oraz ich efektywne sterowanie. Si\u0142owniki te nie tylko zapewniaj\u0105 p\u0142ynny ruch, ale tak\u017ce wytrzymuj\u0105 du\u017ce obci\u0105\u017cenia, gwarantuj\u0105c wydajn\u0105 prac\u0119 i niezawodno\u015b\u0107 maszyn w r\u00f3\u017cnych warunkach pracy.<\/p>\n<p>Cylindry ramienia s\u0105 zazwyczaj wykonane z materia\u0142\u00f3w o wysokiej wytrzyma\u0142o\u015bci, kt\u00f3re zapewniaj\u0105 dobr\u0105 odporno\u015b\u0107 na zu\u017cycie i korozj\u0119, dzi\u0119ki czemu nadaj\u0105 si\u0119 do d\u0142ugotrwa\u0142ego u\u017cytkowania w trudnych warunkach. Znajduj\u0105 zastosowanie w szerokiej gamie urz\u0105dze\u0144 mechanicznych, dostosowuj\u0105c si\u0119 do zr\u00f3\u017cnicowanych wymaga\u0144 roboczych. Ponadto s\u0105 zaprojektowane z my\u015bl\u0105 o \u0142atwej konserwacji i wymianie, co u\u0142atwia regularne kontrole i konserwacj\u0119 oraz skraca czas przestoju sprz\u0119tu.<\/p>\n<p>Cechy cylindra ramienia<\/p>\n<p>1. Wysokowydajna przek\u0142adnia: Cylindry ramion zapewniaj\u0105 mocny ruch liniowy i si\u0142\u0119, gwarantuj\u0105c wysok\u0105 wydajno\u015b\u0107 ramion mechanicznych w r\u00f3\u017cnych operacjach.<\/p>\n<p>2. Precyzyjna kontrola: Dzi\u0119ki uk\u0142adowi hydraulicznemu si\u0142owniki ramion zapewniaj\u0105 precyzyjn\u0105 kontrol\u0119 ruchu, co sprawia, \u017ce \u200b\u200bpraca narz\u0119dziami jest bardziej elastyczna i dok\u0142adna.<\/p>\n<p>3. Wysoka trwa\u0142o\u015b\u0107: Cylindry ramienia s\u0105 zazwyczaj wykonane z materia\u0142\u00f3w o wysokiej wytrzyma\u0142o\u015bci, zapewniaj\u0105cych dobr\u0105 odporno\u015b\u0107 na zu\u017cycie i korozj\u0119, dzi\u0119ki czemu nadaj\u0105 si\u0119 do d\u0142ugotrwa\u0142ego u\u017cytkowania w trudnych warunkach pracy.<\/p>\n<p>4. Wielofunkcyjna adaptowalno\u015b\u0107: Cylindry te mo\u017cna szeroko stosowa\u0107 w r\u00f3\u017cnych urz\u0105dzeniach mechanicznych, takich jak koparki, d\u017awigi i ramiona mechaniczne, dostosowuj\u0105c si\u0119 do r\u00f3\u017cnych wymaga\u0144 roboczych.<\/p>\n<p>5. \u0141atwa konserwacja: Cylindry ramienia zaprojektowano tak, aby by\u0142y \u0142atwe w konserwacji i wymianie, dzi\u0119ki czemu regularne kontrole i konserwacja s\u0105 wygodniejsze, a przestoje sprz\u0119tu kr\u00f3tsze.<\/p>\n<p>Produkcja cylindra ramienia<\/p>\n<p>Nasza firma mo\u017ce wyprodukowa\u0107 ten produkt i doskonale zast\u0105pi\u0107 te cylindry hydrauliczne.<\/p>\n<p>Zastosowania cylindra ramienia<\/p>\n<p>Cylindry ramieniowe maj\u0105 r\u00f3\u017cnorodne zastosowania w wielu bran\u017cach i sektorach. Oto kilka przyk\u0142ad\u00f3w:<\/p>\n<p>1. In\u017cynieria budowlana: W koparkach i d\u017awigach si\u0142owniki ramienia s\u0142u\u017c\u0105 do sterowania ruchem \u0142y\u017cek lub wysi\u0119gnik\u00f3w, wykonywania rob\u00f3t ziemnych, przenoszenia materia\u0142\u00f3w i instalacji konstrukcyjnych.<\/p>\n<p>2. Przemys\u0142 wytw\u00f3rczy: W zautomatyzowanych liniach produkcyjnych cylindry ramieniowe s\u0142u\u017c\u0105 do poruszania ramion mechanicznych, wykonywania proces\u00f3w monta\u017cu, spawania i podnoszenia, co zwi\u0119ksza wydajno\u015b\u0107 i dok\u0142adno\u015b\u0107 produkcji.<\/p>\n<p>3. Maszyny rolnicze: W maszynach rolniczych, takich jak kombajny i siewniki, si\u0142owniki ramion steruj\u0105 ruchem ramion roboczych, wykonuj\u0105cych zadania takie jak siew, nawo\u017cenie i zbi\u00f3r.<\/p>\n<p>4. G\u00f3rnictwo: W sprz\u0119cie g\u00f3rniczym cylindry ramionowe s\u0142u\u017c\u0105 do sterowania ruchem ramion sprz\u0119tu g\u00f3rniczego, s\u0142u\u017c\u0105cego do wydobywania i transportu rudy.<\/p>\n<p>5. Logistyka i transport: W w\u00f3zkach wid\u0142owych i robotach prze\u0142adunkowych si\u0142owniki ramion s\u0142u\u017c\u0105 do sterowania podnoszeniem i ruchem wide\u0142, co umo\u017cliwia przenoszenie materia\u0142\u00f3w i ich uk\u0142adanie.<\/p>\n<p>Zagadnienia projektowe i kryteria wyboru<\/p>\n<p>Projektuj\u0105c si\u0142owniki ramieniowe, nale\u017cy wzi\u0105\u0107 pod uwag\u0119 kilka kluczowych czynnik\u00f3w, takich jak no\u015bno\u015b\u0107, szczelno\u015b\u0107, trwa\u0142o\u015b\u0107, bezpiecze\u0144stwo i \u0142atwo\u015b\u0107 konserwacji. Oto kilka kwestii do om\u00f3wienia:<\/p>\n<p>1. No\u015bno\u015b\u0107: No\u015bno\u015b\u0107 si\u0142ownik\u00f3w ramieniowych zale\u017cy od takich czynnik\u00f3w, jak masa maszyny i masa u\u017cywanego osprz\u0119tu. Dlatego wa\u017cne jest, aby upewni\u0107 si\u0119, \u017ce si\u0142ownik wytrzyma te obci\u0105\u017cenia.<\/p>\n<p>2. Uszczelnienie: W cylindrach ramieniowych stosowane s\u0105 r\u00f3\u017cnego rodzaju uszczelnienia, takie jak uszczelnienia t\u0142okowe i uszczelnienia t\u0142oczyskowe, aby zapobiec wyciekom. Uszczelnienia te wykonane s\u0105 z materia\u0142\u00f3w takich jak poliuretan i kauczuk nitrylowy, kt\u00f3re zapewniaj\u0105 wysok\u0105 odporno\u015b\u0107 na zu\u017cycie.<\/p>\n<p>3. Trwa\u0142o\u015b\u0107: Cylindry ramienia s\u0105 zazwyczaj wykonane z materia\u0142\u00f3w o wysokiej wytrzyma\u0142o\u015bci, takich jak stal, kt\u00f3re zapewniaj\u0105 dobr\u0105 odporno\u015b\u0107 na zu\u017cycie i korozj\u0119, dzi\u0119ki czemu nadaj\u0105 si\u0119 do d\u0142ugotrwa\u0142ego u\u017cytkowania w trudnych warunkach pracy.<\/p>\n<p>4. Bezpiecze\u0144stwo: Bezpiecze\u0144stwo jest kluczowym czynnikiem przy projektowaniu si\u0142ownik\u00f3w ramieniowych. Si\u0142ownik musi by\u0107 zaprojektowany tak, aby zapobiega\u0107 nag\u0142ym ruchom lub awariom, kt\u00f3re mog\u0142yby spowodowa\u0107 wypadek.<\/p>\n<p>5. \u0141atwo\u015b\u0107 konserwacji: Cylindry ramienia powinny by\u0107 zaprojektowane tak, aby by\u0142y \u0142atwe w konserwacji i naprawie. Obejmuje to \u0142atwy dost\u0119p do uszczelnie\u0144 i innych podzespo\u0142\u00f3w, kt\u00f3re mog\u0105 wymaga\u0107 wymiany.<\/p>\n<p>Uszczelnianie i smarowanie cylindra ramienia<\/p>\n<p>W si\u0142ownikach ramieniowych stosowane s\u0105 r\u00f3\u017cnego rodzaju uszczelnienia, takie jak uszczelnienia t\u0142oka i t\u0142oczyska, aby zapobiec wyciekom. Uszczelnienia te wykonane s\u0105 z materia\u0142\u00f3w takich jak poliuretan i kauczuk nitrylowy, kt\u00f3re zapewniaj\u0105 wysok\u0105 odporno\u015b\u0107 na zu\u017cycie. G\u0142owica cylindra i t\u0142oczysko s\u0105 zazwyczaj polerowane, aby zapewni\u0107 g\u0142adk\u0105 powierzchni\u0119, kt\u00f3ra zmniejsza zu\u017cycie. Regularne smarowanie jest niezb\u0119dne dla zapewnienia p\u0142ynnej pracy cylindra. Zaleca si\u0119 stosowanie oleju hydraulicznego o zalecanej lepko\u015bci dla danego cylindra.<\/p>\n<p>Konserwacja zapobiegawcza i rozwi\u0105zywanie problem\u00f3w<\/p>\n<p>Regularna konserwacja i przegl\u0105dy si\u0142ownik\u00f3w ramienia mog\u0105 pom\u00f3c zapobiec problemom i zapewni\u0107 optymaln\u0105 wydajno\u015b\u0107. Oto kilka wskaz\u00f3wek dotycz\u0105cych konserwacji zapobiegawczej i rozwi\u0105zywania problem\u00f3w:<\/p>\n<p>1. Regularnie sprawdzaj cylinder pod k\u0105tem nieszczelno\u015bci, zarysowa\u0144 lub innych uszkodze\u0144.<\/p>\n<p>2. Regularnie sprawdzaj poziom i jako\u015b\u0107 p\u0142ynu hydraulicznego.<\/p>\n<p>3. Niezw\u0142ocznie wymie\u0144 wszelkie uszkodzone uszczelki i inne elementy.<\/p>\n<p>4. Je\u015bli cylinder nie dzia\u0142a prawid\u0142owo, sprawd\u017a, czy w uk\u0142adzie hydraulicznym nie ma blokad lub innych problem\u00f3w.<\/p>\n<p>5. Upewnij si\u0119, \u017ce podczas pracy z cylindrem przestrzegane s\u0105 wszystkie procedury bezpiecze\u0144stwa.<\/p>\n<p>Instrukcja monta\u017cu cylindra ramienia<\/p>\n<p>Aby zamontowa\u0107 cylinder ramienia, nale\u017cy wykona\u0107 nast\u0119puj\u0105ce czynno\u015bci:<\/p>\n<p>1. Przygotuj powierzchni\u0119 monta\u017cow\u0105, upewniaj\u0105c si\u0119, \u017ce jest czysta i wolna od zanieczyszcze\u0144.<\/p>\n<p>2. Przymocuj cylinder ramienia do powierzchni monta\u017cowej za pomoc\u0105 odpowiednich \u015brub lub wkr\u0119t\u00f3w.<\/p>\n<p>3. Pod\u0142\u0105cz przewody hydrauliczne do cylindra.<\/p>\n<p>4. Nape\u0142nij cylinder p\u0142ynem hydraulicznym.<\/p>\n<p>5. Sprawd\u017a, czy cylinder dzia\u0142a prawid\u0142owo.<\/p>\n<p>Zagadnienia bezpiecze\u0144stwa i czynniki \u015brodowiskowe<\/p>\n<p>Podczas pracy z cylindrami ramiennymi bezpiecze\u0144stwo jest priorytetem. Przestrzeganie wszystkich procedur i wytycznych bezpiecze\u0144stwa jest niezb\u0119dne, aby zapobiec wypadkom i urazom. Dodatkowo, czynniki \u015brodowiskowe, takie jak temperatura i wilgotno\u015b\u0107, mog\u0105 wp\u0142ywa\u0107 na wydajno\u015b\u0107 cylindra, dlatego wa\u017cne jest, aby uwzgl\u0119dni\u0107 te czynniki podczas projektowania i u\u017cytkowania cylindra.<\/p>\n<p>Diagnostyka usterek i typowe problemy<\/p>\n<p>Do typowych problem\u00f3w z si\u0142ownikami ramienia nale\u017c\u0105 wycieki, zarysowania i inne uszkodzenia. Je\u015bli si\u0142ownik nie dzia\u0142a prawid\u0142owo, przyczyn\u0105 mo\u017ce by\u0107 zatkanie lub inne problemy w uk\u0142adzie hydraulicznym. Poni\u017cej znajduje si\u0119 kilka wskaz\u00f3wek dotycz\u0105cych diagnostyki usterek i typowych problem\u00f3w:<\/p>\n<p>1. Sprawd\u017a, czy w cylindrze nie ma nieszczelno\u015bci lub zarysowa\u0144.<\/p>\n<p>2. Sprawd\u017a, czy przewody hydrauliczne nie s\u0105 zablokowane lub uszkodzone.<\/p>\n<p>3. Upewnij si\u0119, \u017ce p\u0142yn hydrauliczny ma prawid\u0142owy poziom i w\u0142a\u015bciw\u0105 lepko\u015b\u0107.<\/p>\n<p>4. Sprawd\u017a, czy g\u0142owica cylindra i t\u0142oczysko s\u0105 odpowiednio wypolerowane i nasmarowane.<\/p>\n<p>5. Je\u015bli problem nadal wyst\u0119puje, skonsultuj si\u0119 ze specjalist\u0105 w celu uzyskania pomocy.<\/p>\n<p>O naszej firmie<\/p>\n<p>Nasza firma jest profesjonalnym producentem zamiennych cylindr\u00f3w hydraulicznych, oferuj\u0105cym szerok\u0105 gam\u0119 produkt\u00f3w i us\u0142ug klientom na ca\u0142ym \u015bwiecie. D\u0105\u017cymy do zapewnienia doskona\u0142ej jako\u015bci i obs\u0142ugi, wykorzystuj\u0105c zaawansowany sprz\u0119t produkcyjny i profesjonalne systemy testowe, aby stale doskonali\u0107 nasz\u0105 technologi\u0119 i wydajno\u015b\u0107 produkcji. Dok\u0142adamy wszelkich stara\u0144, aby sprosta\u0107 zr\u00f3\u017cnicowanym potrzebom naszych klient\u00f3w, dostarczaj\u0105c im wydajne, precyzyjne i wysokiej jako\u015bci produkty.<\/p>\n<p>Nasza firma posiada liczne certyfikaty, takie jak ISO9001, CE i SGS, potwierdzaj\u0105ce nasze zaanga\u017cowanie w jako\u015b\u0107 i bezpiecze\u0144stwo. Oferujemy r\u00f3wnie\u017c us\u0142ugi dostosowane do indywidualnych potrzeb naszych klient\u00f3w. Nasz park maszynowy obejmuje tokarki CNC, wiertarki i inne zaawansowane urz\u0105dzenia do produkcji cyfrowej, co gwarantuje wysok\u0105 wydajno\u015b\u0107 i precyzj\u0119. Nasz serwis posprzeda\u017cowy jest niezawodny i wydajny, zapewniaj\u0105c terminowe wsparcie techniczne i us\u0142ugi konserwacyjne, gwarantuj\u0105c satysfakcj\u0119 klienta.<\/p>\n<p>Autor: lyl<\/p>","protected":false},"excerpt":{"rendered":"<p>Arm Cylinder for Kobelco Small Excavator SK120-3-5-6: Definition and Explanation Arm cylinder is a specialized hydraulic cylinder designed to provide linear motion and power to the arms of various types of machinery such as excavators, cranes, and mechanical arms. It plays a crucial role in the hydraulic system, enabling attachments or accessories to move and [&hellip;]<\/p>","protected":false},"featured_media":14763,"comment_status":"open","ping_status":"closed","template":"","meta":{"_et_pb_use_builder":"","_et_pb_old_content":"","_et_gb_content_width":""},"product_brand":[],"product_cat":[1497],"product_tag":[1498,1496],"class_list":{"0":"post-16273","1":"product","2":"type-product","3":"status-publish","4":"has-post-thumbnail","6":"product_cat-arm-cylinders","7":"product_tag-arm-cylinders","8":"product_tag-hydraulic-cylinders","10":"first","11":"instock","12":"shipping-taxable","13":"product-type-simple"},"amp_enabled":true,"_links":{"self":[{"href":"https:\/\/www.hydraulic-cylinders.net\/pl\/wp-json\/wp\/v2\/product\/16273","targetHints":{"allow":["GET"]}}],"collection":[{"href":"https:\/\/www.hydraulic-cylinders.net\/pl\/wp-json\/wp\/v2\/product"}],"about":[{"href":"https:\/\/www.hydraulic-cylinders.net\/pl\/wp-json\/wp\/v2\/types\/product"}],"replies":[{"embeddable":true,"href":"https:\/\/www.hydraulic-cylinders.net\/pl\/wp-json\/wp\/v2\/comments?post=16273"}],"wp:featuredmedia":[{"embeddable":true,"href":"https:\/\/www.hydraulic-cylinders.net\/pl\/wp-json\/wp\/v2\/media\/14763"}],"wp:attachment":[{"href":"https:\/\/www.hydraulic-cylinders.net\/pl\/wp-json\/wp\/v2\/media?parent=16273"}],"wp:term":[{"taxonomy":"product_brand","embeddable":true,"href":"https:\/\/www.hydraulic-cylinders.net\/pl\/wp-json\/wp\/v2\/product_brand?post=16273"},{"taxonomy":"product_cat","embeddable":true,"href":"https:\/\/www.hydraulic-cylinders.net\/pl\/wp-json\/wp\/v2\/product_cat?post=16273"},{"taxonomy":"product_tag","embeddable":true,"href":"https:\/\/www.hydraulic-cylinders.net\/pl\/wp-json\/wp\/v2\/product_tag?post=16273"}],"curies":[{"name":"wp","href":"https:\/\/api.w.org\/{rel}","templated":true}]}}