{"id":1629,"date":"2023-10-08T08:53:04","date_gmt":"2023-10-08T08:53:04","guid":{"rendered":"https:\/\/hydraulic-cylinders.net\/?post_type=product&#038;p=1629"},"modified":"2025-04-11T03:46:29","modified_gmt":"2025-04-11T03:46:29","slug":"press-mobile-workbench-cylinder","status":"publish","type":"product","link":"https:\/\/www.hydraulic-cylinders.net\/pl\/produkt\/press-mobile-workbench-cylinder\/","title":{"rendered":"Prasa Mobilny St\u00f3\u0142 Roboczy Cylinder"},"content":{"rendered":"<h1 style=\"text-align: center;\"><strong>Prasa Mobilny St\u00f3\u0142 Roboczy Cylinder<\/strong><\/h1>\n<p><img loading=\"lazy\" decoding=\"async\" class=\"aligncenter wp-image-1630\" src=\"https:\/\/hydraulic-cylinders.net\/wp-content\/uploads\/2023\/10\/mobile-workbench-cylinder-300x300.webp\" alt=\"\" width=\"400\" height=\"400\" \/><\/p>\n<p>Si\u0142ownik do mobilnego sto\u0142u roboczego prasy to rewolucyjny produkt zaprojektowany z my\u015bl\u0105 o optymalizacji wydajno\u015bci i wszechstronno\u015bci w konfiguracjach sto\u0142\u00f3w roboczych w r\u00f3\u017cnych bran\u017cach. Dzi\u0119ki zaawansowanym funkcjom i niezawodnej pracy, si\u0142ownik ten oferuje zwi\u0119kszon\u0105 mobilno\u015b\u0107, stabilno\u015b\u0107 i \u0142atwo\u015b\u0107 u\u017cytkowania.<\/p>\n<p>Si\u0142ownik do mobilnego sto\u0142u roboczego prasy to prze\u0142omowy dodatek do ka\u017cdego stanowiska roboczego, zapewniaj\u0105cy zwi\u0119kszon\u0105 mobilno\u015b\u0107, stabilno\u015b\u0107 i wszechstronno\u015b\u0107. Dzi\u0119ki \u0142atwemu ruchowi, regulacji wysoko\u015bci i niezawodnemu mechanizmowi blokowania, si\u0142ownik ten pozwala stworzy\u0107 dynamiczne i wydajne miejsce pracy. Przestrzegaj\u0105c zalecanych metod u\u017cytkowania i konserwacji, mo\u017cesz zmaksymalizowa\u0107 wydajno\u015b\u0107, trwa\u0142o\u015b\u0107 i bezpiecze\u0144stwo swojego sto\u0142u roboczego. Wybierz si\u0142ownik do mobilnego sto\u0142u roboczego prasy, aby zwi\u0119kszy\u0107 produktywno\u015b\u0107, komfort i wygod\u0119 w miejscu pracy.<\/p>\n<p>Charakterystyka klucza cylindrycznego do mobilnego sto\u0142u warsztatowego:<\/p>\n<ol>\n<li>Zwi\u0119kszona mobilno\u015b\u0107:<\/li>\n<\/ol>\n<ul>\n<li>Si\u0142ownik mobilnego sto\u0142u roboczego prasy charakteryzuje si\u0119 solidnym i niezawodnym mechanizmem mobilnym, kt\u00f3ry pozwala na bezproblemowe przemieszczanie sto\u0142u roboczego.<\/li>\n<li>Dzi\u0119ki p\u0142ynnie poruszaj\u0105cym si\u0119 k\u00f3\u0142kom i solidnej konstrukcji cylinder ten umo\u017cliwia \u0142atwe przemieszczanie sto\u0142u roboczego, eliminuj\u0105c potrzeb\u0119 r\u0119cznego podnoszenia lub demonta\u017cu.<\/li>\n<\/ul>\n<ol start=\"2\">\n<li>Regulacja wysoko\u015bci:<\/li>\n<\/ol>\n<ul>\n<li>Ten cylinder zapewnia wygodn\u0105 regulacj\u0119 wysoko\u015bci, umo\u017cliwiaj\u0105c dostosowanie wysoko\u015bci sto\u0142u roboczego do Twoich konkretnych potrzeb.<\/li>\n<li>Niezale\u017cnie od tego, czy potrzebujesz wygodnej pozycji stoj\u0105cej, czy te\u017c mniejszej wysoko\u015bci do skomplikowanych zada\u0144, mobilny st\u00f3\u0142 warsztatowy Cylinder zapewnia elastyczno\u015b\u0107 i mo\u017cliwo\u015b\u0107 dostosowania.<\/li>\n<\/ul>\n<ol start=\"3\">\n<li>Mechanizm stabilizacji i blokowania:<\/li>\n<\/ol>\n<ul>\n<li>Cylinder wyposa\u017cony jest w bezpieczny mechanizm blokuj\u0105cy, kt\u00f3ry gwarantuje stabilno\u015b\u0107 i bezpiecze\u0144stwo podczas u\u017cytkowania na stole warsztatowym.<\/li>\n<li>Po osi\u0105gni\u0119ciu \u017c\u0105danej pozycji wystarczy w\u0142\u0105czy\u0107 mechanizm blokuj\u0105cy, aby zabezpieczy\u0107 st\u00f3\u0142 roboczy na miejscu i uzyska\u0107 stabilne i stabilne stanowisko pracy.<\/li>\n<\/ul>\n<ol start=\"4\">\n<li>Trwa\u0142a konstrukcja:<\/li>\n<\/ol>\n<ul>\n<li>Mobilny st\u00f3\u0142 roboczy prasy cylindrycznej wykonany jest z materia\u0142\u00f3w najwy\u017cszej jako\u015bci, dzi\u0119ki czemu wytrzymuje du\u017ce obci\u0105\u017cenia i regularne u\u017cytkowanie.<\/li>\n<li>Solidna konstrukcja gwarantuje trwa\u0142o\u015b\u0107 i niezawodno\u015b\u0107, dzi\u0119ki czemu jest doskona\u0142\u0105 inwestycj\u0105 w Twoje miejsce pracy.<\/li>\n<\/ul>\n<h2><strong>Parametry cylindra mobilnego sto\u0142u roboczego prasy:<\/strong><\/h2>\n<table border=\"1\" cellspacing=\"0\" cellpadding=\"0\">\n<tbody>\n<tr>\n<td>Nazwa produktu<\/td>\n<td>Mobilny st\u00f3\u0142 warsztatowy prasy hydraulicznej<\/td>\n<\/tr>\n<tr>\n<td>Cechy:<\/td>\n<td>Nap\u0119d sto\u0142u warsztatowego w celu przesuni\u0119cia<\/td>\n<\/tr>\n<tr>\n<td>\u015arednica otworu:<\/td>\n<td>125 mm\uff5e320 mm<\/td>\n<\/tr>\n<tr>\n<td>\u015arednica pr\u0119ta:<\/td>\n<td>90 mm\uff5e220 mm<br \/>\nSkok \u22647500 mm<\/td>\n<\/tr>\n<tr>\n<td>Si\u0142a ci\u0105gu:<\/td>\n<td>Maksymalnie 2533 kN<br \/>\n(\u015arednica cylindra 320 mm\/ci\u015bnienie 31,5 MPa)<\/td>\n<\/tr>\n<tr>\n<td>Zastosowania cylindr\u00f3w w mobilnych sto\u0142ach warsztatowych:<\/td>\n<td>Prasa hydrauliczna<\/td>\n<\/tr>\n<\/tbody>\n<\/table>\n<div class=\"txtboxL\">\n<div class=\"txtboxL\">\n<div class=\"txtboxL\">\n<div class=\"txtboxL\">Cechy:<\/div>\n<div class=\"txtboxR\">Nap\u0119d sto\u0142u warsztatowego w celu przesuni\u0119cia<\/div>\n<div class=\"txtboxL\">Specyfikacja:<\/div>\n<div class=\"txtboxR\">\u015arednica otworu: 125 mm\uff5e320 mm<br \/>\n\u015arednica pr\u0119ta: 90 mm \u2013 220 mm<br \/>\nSkok \u22647500 mm<\/div>\n<div class=\"txtboxL\">Si\u0142a ci\u0105gu:<\/div>\n<div class=\"txtboxR\">Maksymalnie 2533 kN<br \/>\n(\u015arednica cylindra 320 mm\/ci\u015bnienie 31,5 MPa)<\/div>\n<\/div>\n<\/div>\n<\/div>\n<h2><strong>Fabryka cylindr\u00f3w prasowych:<\/strong><\/h2>\n<p><img loading=\"lazy\" decoding=\"async\" class=\"alignnone wp-image-1619 size-full\" src=\"https:\/\/hydraulic-cylinders.net\/wp-content\/uploads\/2023\/10\/press-cylinder.webp\" alt=\"\" width=\"1418\" height=\"946\" srcset=\"https:\/\/hydraulic-cylinders.net\/wp-content\/uploads\/2023\/10\/press-cylinder.webp 1418w, https:\/\/hydraulic-cylinders.net\/wp-content\/uploads\/2023\/10\/press-cylinder-1280x854.webp 1280w, https:\/\/hydraulic-cylinders.net\/wp-content\/uploads\/2023\/10\/press-cylinder-980x654.webp 980w, https:\/\/hydraulic-cylinders.net\/wp-content\/uploads\/2023\/10\/press-cylinder-480x320.webp 480w\" sizes=\"(min-width: 0px) and (max-width: 480px) 480px, (min-width: 481px) and (max-width: 980px) 980px, (min-width: 981px) and (max-width: 1280px) 1280px, (min-width: 1281px) 1418px, 100vw\" \/><\/p>\n<h2><strong>Metoda u\u017cytkowania prasy mobilnej do cylindr\u00f3w roboczych<\/strong><strong>:<\/strong><\/h2>\n<ol>\n<li><strong>Monta\u017c i instalacja:<\/strong><\/li>\n<\/ol>\n<ul>\n<li>Zacznij od z\u0142o\u017cenia cylindra mobilnego sto\u0142u roboczego prasy zgodnie z dostarczon\u0105 instrukcj\u0105 lub wytycznymi producenta.<\/li>\n<li>Upewnij si\u0119, \u017ce wszystkie elementy s\u0105 solidnie zamocowane, a po\u0142\u0105czenia dokr\u0119cone, aby zagwarantowa\u0107 stabilno\u015b\u0107 i bezpiecze\u0144stwo.<\/li>\n<\/ul>\n<ol start=\"2\">\n<li><strong>Regulacja wysoko\u015bci:<\/strong><\/li>\n<\/ol>\n<ul>\n<li>Aby wyregulowa\u0107 wysoko\u015b\u0107 sto\u0142u roboczego, zlokalizuj mechanizm regulacji wysoko\u015bci na cylindrze.<\/li>\n<li>Post\u0119puj zgodnie z instrukcjami, aby podnie\u015b\u0107 lub obni\u017cy\u0107 st\u00f3\u0142 roboczy do \u017c\u0105danej pozycji, zapewniaj\u0105c optymalny komfort i ergonomi\u0119.<\/li>\n<\/ul>\n<ol start=\"3\">\n<li><strong>Mobilno\u015b\u0107 i pozycjonowanie:<\/strong><\/li>\n<\/ol>\n<ul>\n<li>Gdy zachodzi potrzeba przesuni\u0119cia sto\u0142u roboczego, nale\u017cy upewni\u0107 si\u0119, \u017ce mechanizm blokuj\u0105cy jest zwolniony.<\/li>\n<li>Delikatnie przesu\u0144 st\u00f3\u0142 warsztatowy w wybrane miejsce, wykorzystuj\u0105c p\u0142ynnie poruszaj\u0105ce si\u0119 k\u00f3\u0142ka.<\/li>\n<li>Po ustawieniu sto\u0142u roboczego w odpowiedniej pozycji nale\u017cy w\u0142\u0105czy\u0107 mechanizm blokuj\u0105cy, aby zabezpieczy\u0107 go i zapobiec jego niezamierzonemu ruchowi.<\/li>\n<\/ul>\n<h2><strong>Jak usun\u0105\u0107 powietrze z uk\u0142adu hydraulicznego?<\/strong><\/h2>\n<p>Odpowietrzanie uk\u0142adu hydraulicznego, znane r\u00f3wnie\u017c jako odpowietrzanie, jest niezb\u0119dne do utrzymania jego prawid\u0142owego dzia\u0142ania i zapobiegania problemom, takim jak g\u0105bczaste hamulce czy obni\u017cona wydajno\u015b\u0107. Oto przewodnik krok po kroku, jak odpowietrzy\u0107 uk\u0142ad hydrauliczny:<\/p>\n<ol>\n<li><strong>Zidentyfikuj punkty wej\u015bcia powietrza:<\/strong>\n<ul>\n<li>Okre\u015bl potencjalne punkty, przez kt\u00f3re powietrze mog\u0142o przedosta\u0107 si\u0119 do uk\u0142adu hydraulicznego. Typowe punkty to lu\u017ane z\u0142\u0105czki, uszkodzone uszczelki lub niedawno wymienione podzespo\u0142y.<\/li>\n<\/ul>\n<\/li>\n<li><strong>Zbierz niezb\u0119dne narz\u0119dzia i materia\u0142y:<\/strong>\n<ul>\n<li>Przed rozpocz\u0119ciem odpowietrzania nale\u017cy zgromadzi\u0107 niezb\u0119dne narz\u0119dzia i materia\u0142y, w tym klucz lub zestaw nasadek, pojemnik do zbierania p\u0142ynu, \u015bwie\u017cy p\u0142yn hydrauliczny i r\u0119kawice ochronne.<\/li>\n<\/ul>\n<\/li>\n<li><strong>Znajd\u017a zaw\u00f3r odpowietrzaj\u0105cy:<\/strong>\n<ul>\n<li>Znajd\u017a zaw\u00f3r(y) odpowietrzaj\u0105cy(e) w uk\u0142adzie hydraulicznym. Zaw\u00f3r odpowietrzaj\u0105cy zazwyczaj znajduje si\u0119 w pobli\u017cu elementu wymagaj\u0105cego odpowietrzenia, takiego jak zacisk hamulcowy, si\u0142ownik sprz\u0119g\u0142a lub si\u0142ownik hydrauliczny.<\/li>\n<\/ul>\n<\/li>\n<li><strong>Kroki przygotowawcze:<\/strong>\n<ul>\n<li>Upewnij si\u0119, \u017ce zbiornik p\u0142ynu hydraulicznego jest nape\u0142niony do prawid\u0142owego poziomu. Zapobiegnie to przedostaniu si\u0119 dodatkowego powietrza do uk\u0142adu podczas odpowietrzania.<\/li>\n<li>W razie konieczno\u015bci nale\u017cy zapozna\u0107 si\u0119 z instrukcj\u0105 obs\u0142ugi sprz\u0119tu lub instrukcjami producenta, aby uzyska\u0107 szczeg\u00f3\u0142owe wskaz\u00f3wki dotycz\u0105ce rodzaju p\u0142ynu i zalecanej procedury odpowietrzania.<\/li>\n<\/ul>\n<\/li>\n<li><strong>Otw\u00f3rz zaw\u00f3r odpowietrzaj\u0105cy:<\/strong>\n<ul>\n<li>U\u017cywaj\u0105c odpowiedniego klucza lub nasadki, ostro\u017cnie poluzuj zaw\u00f3r odpowietrzaj\u0105cy na elemencie odpowietrzaj\u0105cym. Upewnij si\u0119, \u017ce zaw\u00f3r jest wystarczaj\u0105co skr\u0119cony, aby umo\u017cliwi\u0107 uj\u015bcie uwi\u0119zionego powietrza i p\u0142ynu.<\/li>\n<\/ul>\n<\/li>\n<li><strong>Procedura krwawienia:<\/strong>\n<ul>\n<li>Przy otwartym zaworze odpowietrzaj\u0105cym popro\u015b pomocnika, aby powoli wt\u0142oczy\u0142 ci\u015bnienie do uk\u0142adu hydraulicznego, aktywuj\u0105c odpowiedni element steruj\u0105cy (np. naciskaj\u0105c peda\u0142 hamulca lub obs\u0142uguj\u0105c d\u017awigni\u0119 hydrauliczn\u0105).<\/li>\n<li>Wraz ze wzrostem ci\u015bnienia, p\u0119cherzyki powietrza uwi\u0119zione w uk\u0142adzie powinny zacz\u0105\u0107 wydostawa\u0107 si\u0119 przez otwarty zaw\u00f3r odpowietrzaj\u0105cy. Pozostaw p\u0142yn do przep\u0142ywu, a\u017c wszystkie widoczne p\u0119cherzyki powietrza zostan\u0105 usuni\u0119te i pojawi si\u0119 sta\u0142y strumie\u0144 p\u0142ynu.<\/li>\n<\/ul>\n<\/li>\n<li><strong>Zamknij zaw\u00f3r odpowietrzaj\u0105cy:<\/strong>\n<ul>\n<li>Gdy p\u0119cherzyki powietrza zostan\u0105 usuni\u0119te, a z zaworu odpowietrzaj\u0105cego zacznie wyp\u0142ywa\u0107 wy\u0142\u0105cznie p\u0142yn, nale\u017cy szczelnie zamkn\u0105\u0107 zaw\u00f3r, aby zapobiec przedostawaniu si\u0119 do uk\u0142adu dalszego powietrza.<\/li>\n<li>Upewnij si\u0119, \u017ce zaw\u00f3r jest szczelnie zamkni\u0119ty, ale nie dokr\u0119caj go zbyt mocno, poniewa\u017c mo\u017ce to spowodowa\u0107 uszkodzenie zaworu lub jego gniazda.<\/li>\n<\/ul>\n<\/li>\n<li><strong>Powt\u00f3rz proces:<\/strong>\n<ul>\n<li>W razie konieczno\u015bci nale\u017cy powt\u00f3rzy\u0107 proces odpowietrzania ka\u017cdego podzespo\u0142u uk\u0142adu hydraulicznego, zaczynaj\u0105c od tego znajduj\u0105cego si\u0119 najbli\u017cej zbiornika p\u0142ynu hydraulicznego i przesuwaj\u0105c si\u0119 w kierunku podzespo\u0142u najbardziej oddalonego.<\/li>\n<\/ul>\n<\/li>\n<li><strong>Sprawd\u017a poziom p\u0142ynu:<\/strong>\n<ul>\n<li>Po zako\u0144czeniu odpowietrzania sprawd\u017a poziom p\u0142ynu hydraulicznego w zbiorniku i w razie potrzeby uzupe\u0142nij go. Upewnij si\u0119, \u017ce poziom p\u0142ynu mie\u015bci si\u0119 w zalecanym zakresie.<\/li>\n<\/ul>\n<\/li>\n<li><strong>Funkcjonalno\u015b\u0107 systemu testowego:<\/strong>\n<ul>\n<li>Po zako\u0144czeniu procesu odpowietrzania i odpowiednim uszczelnieniu uk\u0142adu nale\u017cy sprawdzi\u0107 dzia\u0142anie uk\u0142adu hydraulicznego, aby upewni\u0107 si\u0119, \u017ce dzia\u0142a on p\u0142ynnie i ma optymaln\u0105 wydajno\u015b\u0107.<\/li>\n<\/ul>\n<\/li>\n<\/ol>\n<h2><strong>Mo\u017cliwo\u015bci i pojemno\u015b\u0107 fabryki:<\/strong><\/h2>\n<h3>(1) Monta\u017c<\/h3>\n<p>Dysponujemy najwy\u017cszej klasy niezale\u017cn\u0105 platform\u0105 badawczo-rozwojow\u0105. Warsztat produkcji si\u0142ownik\u00f3w hydraulicznych posiada cztery p\u00f3\u0142automatyczne linie monta\u017cowe si\u0142ownik\u00f3w podnosz\u0105cych i jedn\u0105 automatyczn\u0105 lini\u0119 monta\u017cow\u0105 si\u0142ownik\u00f3w przechy\u0142u, o projektowanej rocznej zdolno\u015bci produkcyjnej 1 miliona sztuk. Specjalny warsztat cylindr\u00f3w jest wyposa\u017cony w r\u00f3\u017cne specyfikacje p\u00f3\u0142automatycznego systemu monta\u017cu czyszcz\u0105cego o projektowanej rocznej zdolno\u015bci produkcyjnej 200 000 i wyposa\u017cony w s\u0142ynny sprz\u0119t do obr\u00f3bki CNC, centrum obr\u00f3bcze, specjalny sprz\u0119t do precyzyjnej obr\u00f3bki cylindr\u00f3w, robot spawalniczy, automatyczna maszyna czyszcz\u0105ca, automatyczna maszyna do monta\u017cu cylindr\u00f3w i automatyczna linia produkcyjna do malowania. Istniej\u0105cy krytyczny sprz\u0119t sk\u0142ada si\u0119 z ponad 300 zestaw\u00f3w. Optymalna alokacja i efektywne wykorzystanie zasob\u00f3w sprz\u0119towych zapewniaj\u0105 wymagania dotycz\u0105ce dok\u0142adno\u015bci produkt\u00f3w i spe\u0142niaj\u0105 potrzeby wysokiej jako\u015bci produkt\u00f3w.<\/p>\n<p><img loading=\"lazy\" decoding=\"async\" class=\"alignnone wp-image-626\" src=\"https:\/\/hydraulic-cylinders.net\/wp-content\/uploads\/2023\/08\/hydraulic-cylinder-product-1-300x158.webp\" alt=\"\" width=\"495\" height=\"260\" srcset=\"https:\/\/hydraulic-cylinders.net\/wp-content\/uploads\/2023\/08\/hydraulic-cylinder-product-1-300x158.webp 495w, https:\/\/hydraulic-cylinders.net\/wp-content\/uploads\/2023\/08\/hydraulic-cylinder-product-1-480x252.webp 480w\" sizes=\"(min-width: 0px) and (max-width: 480px) 480px, (min-width: 481px) 495px, 100vw\" \/> <img loading=\"lazy\" decoding=\"async\" class=\"alignnone wp-image-627\" src=\"https:\/\/hydraulic-cylinders.net\/wp-content\/uploads\/2023\/08\/hydraulic-cylinder-product-2-300x189.webp\" alt=\"\" width=\"413\" height=\"260\" \/><\/p>\n<h3>(2) Obr\u00f3bka<\/h3>\n<p>Warsztat obr\u00f3bki skrawaniem jest wyposa\u017cony w niestandardowe centrum tokarskie z pochylon\u0105 szyn\u0105, centrum obr\u00f3bcze, szybkobie\u017cn\u0105 honownic\u0119, robota spawalniczego i inny powi\u0105zany sprz\u0119t, kt\u00f3ry mo\u017ce obs\u0142ugiwa\u0107 przetwarzanie rur cylindrycznych o maksymalnej \u015brednicy wewn\u0119trznej 400 mm i maksymalnej d\u0142ugo\u015bci 6 metr\u00f3w.<\/p>\n<p><img loading=\"lazy\" decoding=\"async\" class=\"alignnone wp-image-628 size-large\" src=\"https:\/\/hydraulic-cylinders.net\/wp-content\/uploads\/2023\/08\/hydraulic-cylinder-product-3-1024x391.webp\" alt=\"\" width=\"1024\" height=\"391\" srcset=\"https:\/\/hydraulic-cylinders.net\/wp-content\/uploads\/2023\/08\/hydraulic-cylinder-product-3-980x374.webp 980w, https:\/\/hydraulic-cylinders.net\/wp-content\/uploads\/2023\/08\/hydraulic-cylinder-product-3-480x183.webp 480w\" sizes=\"(min-width: 0px) and (max-width: 480px) 480px, (min-width: 481px) and (max-width: 980px) 980px, (min-width: 981px) 1024px, 100vw\" \/><\/p>\n<h3>(3) Spawanie<\/h3>\n<p><img loading=\"lazy\" decoding=\"async\" class=\"alignnone wp-image-629 size-large\" src=\"https:\/\/hydraulic-cylinders.net\/wp-content\/uploads\/2023\/08\/hydraulic-cylinder-product-4-1024x510.webp\" alt=\"\" width=\"1024\" height=\"510\" srcset=\"https:\/\/hydraulic-cylinders.net\/wp-content\/uploads\/2023\/08\/hydraulic-cylinder-product-4-980x488.webp 980w, https:\/\/hydraulic-cylinders.net\/wp-content\/uploads\/2023\/08\/hydraulic-cylinder-product-4-480x239.webp 480w\" sizes=\"(min-width: 0px) and (max-width: 480px) 480px, (min-width: 481px) and (max-width: 980px) 980px, (min-width: 981px) 1024px, 100vw\" \/><\/p>\n<h3>(4) Malowanie i powlekanie<\/h3>\n<p>Z ma\u0142ymi i \u015brednimi automatycznymi liniami do powlekania farbami na bazie wody, w celu osi\u0105gni\u0119cia automatycznego za\u0142adunku i roz\u0142adunku robota oraz automatycznego natryskiwania, wydajno\u015b\u0107 projektowa 4000 sztuk na zmian\u0119;<br \/>\nPosiadamy r\u00f3wnie\u017c p\u00f3\u0142automatyczn\u0105 lini\u0119 do produkcji farb do du\u017cych cylindr\u00f3w nap\u0119dzan\u0105 \u0142a\u0144cuchem nap\u0119dowym, o wydajno\u015bci 60 skrzy\u0144 na zmian\u0119.<\/p>\n<p><img loading=\"lazy\" decoding=\"async\" class=\"alignnone wp-image-630\" src=\"https:\/\/hydraulic-cylinders.net\/wp-content\/uploads\/2023\/08\/hydraulic-cylinder-product-5-300x213.webp\" alt=\"\" width=\"366\" height=\"260\" \/> <img loading=\"lazy\" decoding=\"async\" class=\"alignnone wp-image-631\" src=\"https:\/\/hydraulic-cylinders.net\/wp-content\/uploads\/2023\/08\/hydraulic-cylinder-product-6-300x225.webp\" alt=\"\" width=\"347\" height=\"260\" \/><\/p>\n<h3>(5) Testowanie<\/h3>\n<p>Dysponujemy najwy\u017cszej klasy urz\u0105dzeniami kontrolnymi i stanowiskami testowymi, aby zapewni\u0107, \u017ce wydajno\u015b\u0107 cylindra spe\u0142nia wymagania.<\/p>\n<p><img loading=\"lazy\" decoding=\"async\" class=\"alignnone wp-image-632\" src=\"https:\/\/hydraulic-cylinders.net\/wp-content\/uploads\/2023\/08\/hydraulic-cylinder-product-8-300x200.webp\" alt=\"\" width=\"389\" height=\"260\" \/><\/p>\n<p>&nbsp;<\/p>\n<p>&nbsp;<\/p>\n<p>Jeste\u015bmy jednym z najlepszych producent\u00f3w cylindr\u00f3w hydraulicznych. Oferujemy kompleksow\u0105 ofert\u0119 cylindr\u00f3w hydraulicznych. Dostarczamy r\u00f3wnie\u017c\u2026 <a href=\"https:\/\/hzpt.com\/agricultural-pto-gearbox\/\" target=\"_blank\" rel=\"noopener\">przek\u0142adnie rolnicze<\/a>. Eksportowali\u015bmy nasze produkty do klient\u00f3w na ca\u0142ym \u015bwiecie i zdobyli\u015bmy dobr\u0105 reputacj\u0119 dzi\u0119ki najwy\u017cszej jako\u015bci produkt\u00f3w i us\u0142ug posprzeda\u017cnych. Zapraszamy klient\u00f3w w kraju i za granic\u0105 do kontaktu z nami w celu negocjacji biznesowych, wymiany informacji i <a href=\"https:\/\/www.hydraulic-cylinders.net\/pl\/contact-us\/\">wsp\u00f3\u0142pracowa\u0107 z nami<\/a>!<\/p>","protected":false},"excerpt":{"rendered":"<p>Press Mobile Workbench Cylinder The press mobile workbench cylinder is a revolutionary product designed to optimize efficiency and versatility in workbench setups across various industries. With its advanced features and reliable performance, this cylinder offers enhanced mobility, stability, and ease of use. The press mobile workbench cylinder is a game-changing addition to any workbench setup, [&hellip;]<\/p>","protected":false},"featured_media":1631,"comment_status":"open","ping_status":"closed","template":"","meta":{"_et_pb_use_builder":"","_et_pb_old_content":"","_et_gb_content_width":""},"product_brand":[],"product_cat":[1550,1522,1376],"product_tag":[1380],"class_list":{"0":"post-1629","1":"product","2":"type-product","3":"status-publish","4":"has-post-thumbnail","6":"product_cat-double-acting-hydraulic-cylinder","7":"product_cat-press-hydraulic-cylinders","8":"product_cat-hydraulic-cylinder","9":"product_tag-hydraulic-cylinder","11":"first","12":"instock","13":"shipping-taxable","14":"product-type-simple"},"amp_enabled":true,"_links":{"self":[{"href":"https:\/\/www.hydraulic-cylinders.net\/pl\/wp-json\/wp\/v2\/product\/1629","targetHints":{"allow":["GET"]}}],"collection":[{"href":"https:\/\/www.hydraulic-cylinders.net\/pl\/wp-json\/wp\/v2\/product"}],"about":[{"href":"https:\/\/www.hydraulic-cylinders.net\/pl\/wp-json\/wp\/v2\/types\/product"}],"replies":[{"embeddable":true,"href":"https:\/\/www.hydraulic-cylinders.net\/pl\/wp-json\/wp\/v2\/comments?post=1629"}],"wp:featuredmedia":[{"embeddable":true,"href":"https:\/\/www.hydraulic-cylinders.net\/pl\/wp-json\/wp\/v2\/media\/1631"}],"wp:attachment":[{"href":"https:\/\/www.hydraulic-cylinders.net\/pl\/wp-json\/wp\/v2\/media?parent=1629"}],"wp:term":[{"taxonomy":"product_brand","embeddable":true,"href":"https:\/\/www.hydraulic-cylinders.net\/pl\/wp-json\/wp\/v2\/product_brand?post=1629"},{"taxonomy":"product_cat","embeddable":true,"href":"https:\/\/www.hydraulic-cylinders.net\/pl\/wp-json\/wp\/v2\/product_cat?post=1629"},{"taxonomy":"product_tag","embeddable":true,"href":"https:\/\/www.hydraulic-cylinders.net\/pl\/wp-json\/wp\/v2\/product_tag?post=1629"}],"curies":[{"name":"wp","href":"https:\/\/api.w.org\/{rel}","templated":true}]}}