{"id":16301,"date":"2025-01-20T09:03:46","date_gmt":"2025-01-20T09:03:46","guid":{"rendered":"https:\/\/www.hydraulic-cylinders.net\/product\/arm-cylinderfor-kobelco-large-excavator-sk480lc\/"},"modified":"2025-01-20T09:03:48","modified_gmt":"2025-01-20T09:03:48","slug":"arm-cylinderfor-kobelco-large-excavator-sk480lc","status":"publish","type":"product","link":"https:\/\/www.hydraulic-cylinders.net\/pl\/produkt\/arm-cylinderfor-kobelco-large-excavator-sk480lc\/","title":{"rendered":"Si\u0142ownik ramienia do du\u017cej koparki Kobelco SK480LC"},"content":{"rendered":"<h1>Si\u0142ownik ramienia do du\u017cej koparki Kobelco SK480LC<\/h1>\n<h2>Wst\u0119p<\/h2>\n<p>Si\u0142ownik ramienia do du\u017cej koparki Kobelco SK480LC to specjalistyczny si\u0142ownik hydrauliczny zaprojektowany do zapewnienia ruchu liniowego i zasilania ramienia r\u00f3\u017cnych maszyn, takich jak koparki, d\u017awigi i ramiona robotyczne. Si\u0142ownik ramienia odgrywa kluczow\u0105 rol\u0119 w uk\u0142adach hydraulicznych, umo\u017cliwiaj\u0105c wydajny ruch i sterowanie dodatkowymi narz\u0119dziami lub osprz\u0119tem. Si\u0142owniki te nie tylko zapewniaj\u0105 p\u0142ynny ruch, ale tak\u017ce wytrzymuj\u0105 du\u017ce obci\u0105\u017cenia, gwarantuj\u0105c wydajn\u0105 prac\u0119 i niezawodno\u015b\u0107 maszyn w r\u00f3\u017cnych warunkach pracy.<\/p>\n<p><img decoding=\"async\" src=\"https:\/\/www.hydraulic-cylinders.net\/wp-content\/uploads\/2025\/01\/songte-company-2.webp\" alt=\"Cylinder ramienia\" \/><\/p>\n<h2>Cechy<\/h2>\n<ul>\n<li><strong>Wysokowydajna skrzynia bieg\u00f3w:<\/strong> Si\u0142ownik ramienia zapewnia mocny ruch liniowy i si\u0142\u0119, gwarantuj\u0105c wysok\u0105 wydajno\u015b\u0107 ramienia mechanicznego w r\u00f3\u017cnych operacjach.<\/li>\n<li><strong>Precyzyjna kontrola:<\/strong> Dzi\u0119ki uk\u0142adowi hydraulicznemu si\u0142ownik ramienia umo\u017cliwia precyzyjn\u0105 kontrol\u0119 ruchu, co sprawia, \u017ce \u200b\u200bpraca z pod\u0142\u0105czonymi narz\u0119dziami jest bardziej elastyczna i dok\u0142adna.<\/li>\n<li><strong>Trwa\u0142o\u015b\u0107:<\/strong> Cylindry ramienia s\u0105 zazwyczaj wykonane z materia\u0142\u00f3w o wysokiej wytrzyma\u0142o\u015bci, zapewniaj\u0105cych doskona\u0142\u0105 odporno\u015b\u0107 na zu\u017cycie i korozj\u0119, dzi\u0119ki czemu nadaj\u0105 si\u0119 do d\u0142ugotrwa\u0142ego u\u017cytkowania w trudnych warunkach.<\/li>\n<li><strong>Wielofunkcyjna adaptowalno\u015b\u0107:<\/strong> Cylindry te mo\u017cna powszechnie stosowa\u0107 w r\u00f3\u017cnych typach maszyn, takich jak koparki, d\u017awigi i ramiona robotyczne, dostosowuj\u0105c je do r\u00f3\u017cnych wymaga\u0144 roboczych.<\/li>\n<li><strong>\u0141atwa konserwacja:<\/strong> Zaprojektowane z my\u015bl\u0105 o \u0142atwo\u015bci konserwacji i wymiany, cylindry ramion u\u0142atwiaj\u0105 regularne kontrole i konserwacj\u0119, redukuj\u0105c przestoje sprz\u0119tu.<\/li>\n<\/ul>\n<p><img decoding=\"async\" src=\"https:\/\/www.hydraulic-cylinders.net\/wp-content\/uploads\/2025\/01\/songte-oil-pipes-and-spare-parts.webp\" alt=\"Cz\u0119\u015bci zamienne do cylindra ramienia\" \/><\/p>\n<h2>Aplikacje<\/h2>\n<p>Si\u0142ownik ramieniowy znajduje zastosowanie w r\u00f3\u017cnych ga\u0142\u0119ziach przemys\u0142u:<\/p>\n<ul>\n<li><strong>In\u017cynieria budowlana:<\/strong> W koparkach i d\u017awigach si\u0142ownik ramienia steruje ruchem \u0142y\u017cki lub wysi\u0119gnika, umo\u017cliwiaj\u0105c wykonywanie zada\u0144 zwi\u0105zanych z przemieszczaniem ziemi, przenoszeniem materia\u0142\u00f3w i monta\u017cem konstrukcji.<\/li>\n<li><strong>Przemys\u0142 wytw\u00f3rczy:<\/strong> W zautomatyzowanych liniach produkcyjnych si\u0142ownik ramienia u\u0142atwia ruch ramion robota, umo\u017cliwiaj\u0105c monta\u017c, spawanie i obs\u0142ug\u0119 materia\u0142\u00f3w, zwi\u0119kszaj\u0105c wydajno\u015b\u0107 i dok\u0142adno\u015b\u0107 produkcji.<\/li>\n<li><strong>Maszyny rolnicze:<\/strong> W sprz\u0119cie rolniczym, takim jak kombajny i siewniki, si\u0142ownik ramienia steruje ruchem ramion roboczych, wykonuj\u0105cych zadania takie jak siew, nawo\u017cenie i zbi\u00f3r.<\/li>\n<li><strong>G\u00f3rnictwo:<\/strong> W sprz\u0119cie g\u00f3rniczym si\u0142ownik ramienia steruje ruchem ramienia maszyny g\u00f3rniczej, u\u0142atwiaj\u0105c wydobycie i transport rudy.<\/li>\n<li><strong>Logistyka i transport:<\/strong> W w\u00f3zkach wid\u0142owych i robotach prze\u0142adunkowych si\u0142ownik ramienia steruje podnoszeniem i ruchem wide\u0142, umo\u017cliwiaj\u0105c przenoszenie materia\u0142\u00f3w i uk\u0142adanie ich w stosy.<\/li>\n<\/ul>\n<h2>Zagadnienia projektowe i kryteria wyboru<\/h2>\n<p>Przy projektowaniu cylindr\u00f3w ramieniowych nale\u017cy wzi\u0105\u0107 pod uwag\u0119 kilka istotnych kwestii i kryteri\u00f3w wyboru:<\/p>\n<ul>\n<li><strong>No\u015bno\u015b\u0107:<\/strong> Si\u0142ownik ramienia musi by\u0107 zaprojektowany tak, aby wytrzymywa\u0142 okre\u015blone wymagania obci\u0105\u017ceniowe maszyny, w kt\u00f3rej b\u0119dzie u\u017cywany.<\/li>\n<li><strong>Opiecz\u0119towanie:<\/strong> W celu zapewnienia skutecznego uszczelnienia stosuje si\u0119 r\u00f3\u017cne elementy uszczelniaj\u0105ce, takie jak uszczelnienia t\u0142ok\u00f3w i uszczelnienia t\u0142oczysk, wykonane z materia\u0142\u00f3w odpornych na zu\u017cycie, np. poliuretanu i kauczuku nitrylowego.<\/li>\n<li><strong>Trwa\u0142o\u015b\u0107:<\/strong> Korpus cylindra i gwintowane ko\u0144c\u00f3wki poddawane s\u0105 precyzyjnej obr\u00f3bce powierzchni w celu zwi\u0119kszenia odporno\u015bci na zu\u017cycie, co gwarantuje d\u0142ugotrwa\u0142\u0105 wydajno\u015b\u0107.<\/li>\n<li><strong>Bezpiecze\u0144stwo:<\/strong> Aby zapobiec wypadkom i chroni\u0107 operator\u00f3w podczas pracy, wbudowano funkcje bezpiecze\u0144stwa, takie jak zawory bezpiecze\u0144stwa i blokady bezpiecze\u0144stwa.<\/li>\n<li><strong>Utrzymywalno\u015b\u0107:<\/strong> Konstrukcja cylindra ramienia uwzgl\u0119dnia \u0142atwo\u015b\u0107 konserwacji i wymiany, dzi\u0119ki czemu regularne kontrole i serwisowanie s\u0105 wygodne i skracaj\u0105 przestoje.<\/li>\n<\/ul>\n<p><img decoding=\"async\" src=\"https:\/\/www.hydraulic-cylinders.net\/wp-content\/uploads\/2025\/01\/songte-cylinder-head-with-all-kinds-excavator-models.webp\" alt=\"G\u0142owica cylindra\" \/><\/p>\n<h2>Uszczelnianie i smarowanie<\/h2>\n<p>Si\u0142ownik ramienia wykorzystuje r\u00f3\u017cnorodne elementy uszczelniaj\u0105ce, w tym uszczelnienia t\u0142oczyska i t\u0142oczyska, wykonane z materia\u0142\u00f3w takich jak poliuretan i kauczuk nitrylowy. Korpus si\u0142ownika i gwintowane ko\u0144c\u00f3wki poddawane s\u0105 precyzyjnej obr\u00f3bce powierzchniowej w celu zwi\u0119kszenia odporno\u015bci na zu\u017cycie. Regularne smarowanie odpowiedni\u0105 ilo\u015bci\u0105 oleju hydraulicznego jest niezb\u0119dne dla zapewnienia p\u0142ynnej pracy.<\/p>\n<h2>Regularne kontrole i konserwacja zapobiegawcza<\/h2>\n<ul>\n<li>Regularnie sprawdzaj cylinder ramienia pod k\u0105tem ewentualnych \u015blad\u00f3w wyciek\u00f3w, zu\u017cycia lub uszkodze\u0144. Niezw\u0142ocznie wymie\u0144 wszelkie uszkodzone cz\u0119\u015bci.<\/li>\n<li>Sprawd\u017a uk\u0142ad hydrauliczny pod k\u0105tem prawid\u0142owego ci\u015bnienia i poziomu p\u0142yn\u00f3w, aby zapewni\u0107 optymaln\u0105 wydajno\u015b\u0107.<\/li>\n<li>Wyczy\u015b\u0107 cylinder ramienia i usu\u0144 wszelkie zabrudzenia i zanieczyszczenia, kt\u00f3re mog\u0105 mie\u0107 wp\u0142yw na jego dzia\u0142anie.<\/li>\n<li>Wykonuj czynno\u015bci konserwacyjne, takie jak smarowanie i regulacje, zgodnie z zaleceniami producenta.<\/li>\n<li>Podczas kontroli lub serwisowania cylindra ramienia nale\u017cy przestrzega\u0107 wytycznych bezpiecze\u0144stwa i stosowa\u0107 si\u0119 do w\u0142a\u015bciwych procedur post\u0119powania.<\/li>\n<\/ul>\n<h2>Instrukcja instalacji produktu<\/h2>\n<p>Prawid\u0142owy monta\u017c si\u0142ownika ramienia ma kluczowe znaczenie dla jego optymalnej wydajno\u015bci i trwa\u0142o\u015bci. Wykonaj nast\u0119puj\u0105ce kroki:<\/p>\n<ol>\n<li>Upewnij si\u0119, \u017ce maszyna jest solidnie podparta, aby zapobiec wypadkom podczas instalacji.<\/li>\n<li>Od\u0142\u0105cz wszystkie przewody hydrauliczne i po\u0142\u0105czenia od starego cylindra.<\/li>\n<li>Wyjmij stary cylinder i umie\u015b\u0107 na miejscu nowy cylinder ramienia.<\/li>\n<li>Pod\u0142\u0105cz ponownie przewody hydrauliczne i sprawd\u017a szczelno\u015b\u0107.<\/li>\n<li>Sprawd\u017a, czy cylinder ramienia dzia\u0142a prawid\u0142owo i wykonaj wszelkie niezb\u0119dne regulacje.<\/li>\n<\/ol>\n<p><img decoding=\"async\" src=\"https:\/\/www.hydraulic-cylinders.net\/wp-content\/uploads\/2025\/01\/songte-bushings-with-all-kinds-of-excavator-models.webp\" alt=\"Tuleje cylindrowe\" \/><\/p>\n<h2>Zagadnienia bezpiecze\u0144stwa i czynniki \u015brodowiskowe<\/h2>\n<p>Podczas pracy z si\u0142ownikami ramieniowymi, priorytetem jest zapewnienie \u015brodk\u00f3w bezpiecze\u0144stwa, aby unikn\u0105\u0107 wypadk\u00f3w i zapewni\u0107 bezpiecze\u0144stwo operatorom. W\u0142a\u015bciwe \u015brodki bezpiecze\u0144stwa, takie jak noszenie sprz\u0119tu ochronnego i przestrzeganie zalecanych procedur operacyjnych, maj\u0105 kluczowe znaczenie.<\/p>\n<h2>Rozwi\u0105zywanie problem\u00f3w i typowe problemy<\/h2>\n<p>W przypadku jakichkolwiek problem\u00f3w z cylindrem ramienia, nale\u017cy wzi\u0105\u0107 pod uwag\u0119 nast\u0119puj\u0105ce kwestie:<\/p>\n<ul>\n<li><strong>Wydanie:<\/strong> Wyciek z cylindra.<\/li>\n<li><strong>Rozwi\u0105zanie:<\/strong> Sprawd\u017a uszczelki i wymie\u0144 te, kt\u00f3re s\u0105 zu\u017cyte lub uszkodzone.<\/li>\n<li><strong>Wydanie:<\/strong> Nadmierny ha\u0142as podczas pracy.<\/li>\n<li><strong>Rozwi\u0105zanie:<\/strong> Sprawd\u017a, czy elementy nie s\u0105 lu\u017ane lub zu\u017cyte i w razie potrzeby dokr\u0119\u0107 je lub wymie\u0144.<\/li>\n<li><strong>Wydanie:<\/strong> Powolne lub chaotyczne ruchy ramienia.<\/li>\n<li><strong>Rozwi\u0105zanie:<\/strong> Sprawd\u017a uk\u0142ad hydrauliczny pod k\u0105tem ewentualnych blokad lub niskiego poziomu p\u0142ynu i usu\u0144 usterk\u0119.<\/li>\n<\/ul>\n<p>Stosuj\u0105c si\u0119 do tych wskaz\u00f3wek dotycz\u0105cych rozwi\u0105zywania problem\u00f3w i \u015brodk\u00f3w zapobiegawczych, czytelnicy mog\u0105 skutecznie diagnozowa\u0107 i rozwi\u0105zywa\u0107 problemy, a tak\u017ce wdra\u017ca\u0107 \u015brodki zapobiegawcze w celu minimalizacji potencjalnych problem\u00f3w.<\/p>\n<p><img decoding=\"async\" src=\"https:\/\/www.hydraulic-cylinders.net\/wp-content\/uploads\/2025\/01\/songte-chushion-collar.webp\" alt=\"Ko\u0142nierz\" \/><\/p>\n<p>Pami\u0119taj, aby artyku\u0142 by\u0142 logicznie uporz\u0105dkowany, u\u017cywaj podtytu\u0142\u00f3w u\u0142atwiaj\u0105cych nawigacj\u0119, dodawaj odpowiednie obrazy i wykresy, aby u\u0142atwi\u0107 zrozumienie, a tak\u017ce zadbaj o to, aby tre\u015b\u0107 by\u0142a przejrzysta, zwi\u0119z\u0142a i odpowiednia dla czytelnik\u00f3w o r\u00f3\u017cnym poziomie wiedzy technicznej. <\/p>\n<h2>O nas<\/h2>\n<p>Jeste\u015bmy profesjonalnym producentem zamiennych cylindr\u00f3w hydraulicznych, oferuj\u0105cym szerok\u0105 gam\u0119 produkt\u00f3w. Stali\u015bmy si\u0119 jednym z wiod\u0105cych producent\u00f3w i hurtownik\u00f3w cylindr\u00f3w hydraulicznych na rynku krajowym i mi\u0119dzynarodowym. Przestrzegamy zasad najwy\u017cszej jako\u015bci i opieramy si\u0119 na przemys\u0142owych strategiach zarz\u0105dzania produkcj\u0105 w naszym nowoczesnym zak\u0142adzie produkcyjnym. Stale d\u0105\u017cymy do doskonalenia naszej wiedzy technicznej i efektywno\u015bci produkcji. Wprowadzaj\u0105c zaawansowany, cyfrowy sprz\u0119t produkcyjny i profesjonalne systemy testowe, optymalizujemy nasz\u0105 platform\u0119 produkcyjn\u0105 i usprawniamy procesy kontroli jako\u015bci produkt\u00f3w, wykazuj\u0105c si\u0119 wysokim potencja\u0142em innowacyjnym. Naszym celem jest zaspokajanie zr\u00f3\u017cnicowanych potrzeb klient\u00f3w poprzez wydajno\u015b\u0107, precyzj\u0119 i wysok\u0105 jako\u015b\u0107 produkt\u00f3w.<\/p>\n<p><img decoding=\"async\" src=\"https:\/\/www.hydraulic-cylinders.net\/wp-content\/uploads\/2025\/01\/songte-company-4.webp\" alt=\"Firma\" \/><br \/>\n<img","protected":false},"excerpt":{"rendered":"<p>Arm Cylinder for Kobelco Large Excavator SK480LC Introduction The Arm Cylinder for Kobelco Large Excavator SK480LC is a specialized hydraulic cylinder designed to provide linear motion and power to the arm of various machinery, such as excavators, cranes, and robotic arms. The arm cylinder plays a crucial role in hydraulic systems, enabling the efficient movement [&hellip;]<\/p>","protected":false},"featured_media":14770,"comment_status":"open","ping_status":"closed","template":"","meta":{"_et_pb_use_builder":"","_et_pb_old_content":"","_et_gb_content_width":""},"product_brand":[],"product_cat":[1497],"product_tag":[1498,1496],"class_list":{"0":"post-16301","1":"product","2":"type-product","3":"status-publish","4":"has-post-thumbnail","6":"product_cat-arm-cylinders","7":"product_tag-arm-cylinders","8":"product_tag-hydraulic-cylinders","10":"first","11":"instock","12":"shipping-taxable","13":"product-type-simple"},"amp_enabled":true,"_links":{"self":[{"href":"https:\/\/www.hydraulic-cylinders.net\/pl\/wp-json\/wp\/v2\/product\/16301","targetHints":{"allow":["GET"]}}],"collection":[{"href":"https:\/\/www.hydraulic-cylinders.net\/pl\/wp-json\/wp\/v2\/product"}],"about":[{"href":"https:\/\/www.hydraulic-cylinders.net\/pl\/wp-json\/wp\/v2\/types\/product"}],"replies":[{"embeddable":true,"href":"https:\/\/www.hydraulic-cylinders.net\/pl\/wp-json\/wp\/v2\/comments?post=16301"}],"wp:featuredmedia":[{"embeddable":true,"href":"https:\/\/www.hydraulic-cylinders.net\/pl\/wp-json\/wp\/v2\/media\/14770"}],"wp:attachment":[{"href":"https:\/\/www.hydraulic-cylinders.net\/pl\/wp-json\/wp\/v2\/media?parent=16301"}],"wp:term":[{"taxonomy":"product_brand","embeddable":true,"href":"https:\/\/www.hydraulic-cylinders.net\/pl\/wp-json\/wp\/v2\/product_brand?post=16301"},{"taxonomy":"product_cat","embeddable":true,"href":"https:\/\/www.hydraulic-cylinders.net\/pl\/wp-json\/wp\/v2\/product_cat?post=16301"},{"taxonomy":"product_tag","embeddable":true,"href":"https:\/\/www.hydraulic-cylinders.net\/pl\/wp-json\/wp\/v2\/product_tag?post=16301"}],"curies":[{"name":"wp","href":"https:\/\/api.w.org\/{rel}","templated":true}]}}