{"id":16303,"date":"2025-01-20T09:03:58","date_gmt":"2025-01-20T09:03:58","guid":{"rendered":"https:\/\/www.hydraulic-cylinders.net\/product\/arm-cylinderfor-yugong-wy15-7\/"},"modified":"2025-01-20T09:04:00","modified_gmt":"2025-01-20T09:04:00","slug":"arm-cylinderfor-yugong-wy15-7","status":"publish","type":"product","link":"https:\/\/www.hydraulic-cylinders.net\/pl\/produkt\/arm-cylinderfor-yugong-wy15-7\/","title":{"rendered":"Si\u0142ownik ramienia do Yugong WY15-7"},"content":{"rendered":"<p>Si\u0142ownik ramienia do Yugong WY15-7<\/p>\n<p>Si\u0142ownik ramienia to specjalistyczny si\u0142ownik hydrauliczny zaprojektowany do zapewnienia ruchu liniowego i zasilania ramion r\u00f3\u017cnego typu maszyn, takich jak koparki, d\u017awigi i ramiona robot\u00f3w. Odgrywa kluczow\u0105 rol\u0119 w uk\u0142adach hydraulicznych, umo\u017cliwiaj\u0105c efektywny ruch i sterowanie dodatkowymi narz\u0119dziami lub osprz\u0119tem. Si\u0142owniki te nie tylko zapewniaj\u0105 p\u0142ynny ruch, ale tak\u017ce wytrzymuj\u0105 du\u017ce obci\u0105\u017cenia, zapewniaj\u0105c wydajn\u0105 prac\u0119 i niezawodno\u015b\u0107 maszyn w r\u00f3\u017cnych warunkach pracy.<\/p>\n<p><img decoding=\"async\" src=\"https:\/\/www.hydraulic-cylinders.net\/wp-content\/uploads\/2025\/01\/songte-company-2.webp\"><\/p>\n<p>Cechy:<\/p>\n<p>1. Wysokowydajna przek\u0142adnia: cylinder ramienia zapewnia mocny ruch liniowy i si\u0142\u0119, gwarantuj\u0105c wysok\u0105 wydajno\u015b\u0107 ramienia mechanicznego podczas r\u00f3\u017cnych operacji.<\/p>\n<p>2. Precyzyjna kontrola: Dzi\u0119ki uk\u0142adowi hydraulicznemu si\u0142ownik ramienia mo\u017ce uzyska\u0107 precyzyjn\u0105 kontrol\u0119 ruchu, co sprawia, \u017ce \u200b\u200bobs\u0142uga dodatkowych narz\u0119dzi jest bardziej elastyczna i dok\u0142adna.<\/p>\n<p>3. Wysoka trwa\u0142o\u015b\u0107: Cylindry ramienia s\u0105 zazwyczaj wykonane z materia\u0142\u00f3w o wysokiej wytrzyma\u0142o\u015bci, z dobr\u0105 odporno\u015bci\u0105 na zu\u017cycie i korozj\u0119, odpowiednich do d\u0142ugotrwa\u0142ego u\u017cytkowania w trudnych warunkach.<\/p>\n<p>4. Wszechstronno\u015b\u0107: Cylindry te mo\u017cna szeroko stosowa\u0107 w r\u00f3\u017cnych urz\u0105dzeniach mechanicznych, takich jak koparki, d\u017awigi i ramiona robotyczne, dostosowuj\u0105c si\u0119 do r\u00f3\u017cnych wymaga\u0144 roboczych.<\/p>\n<p>5. \u0141atwa konserwacja: Projekt uwzgl\u0119dnia \u0142atwo\u015b\u0107 konserwacji i wymiany, dzi\u0119ki czemu regularne kontrole i konserwacje s\u0105 wygodniejsze, a przestoje sprz\u0119tu kr\u00f3tsze.<\/p>\n<p>Jeste\u015bmy w stanie wyprodukowa\u0107 ten produkt i nasze produkty mog\u0105 doskonale zast\u0105pi\u0107 te cylindry hydrauliczne.<\/p>\n<p><img decoding=\"async\" src=\"https:\/\/www.hydraulic-cylinders.net\/wp-content\/uploads\/2025\/01\/songte-oil-pipes-and-spare-parts.webp\"><\/p>\n<p>Zastosowania:<\/p>\n<p>1. In\u017cynieria budowlana: W koparkach i d\u017awigach si\u0142ownik ramienia s\u0142u\u017cy do sterowania ruchem koparki lub wysi\u0119gnika, wykonywania rob\u00f3t ziemnych, przenoszenia materia\u0142\u00f3w i instalacji konstrukcyjnych.<\/p>\n<p>2. Produkcja: W zautomatyzowanych liniach produkcyjnych si\u0142ownik ramienia s\u0142u\u017cy do poruszania ramionami robota, wykonywania proces\u00f3w monta\u017cu, spawania i obs\u0142ugi, co zwi\u0119ksza wydajno\u015b\u0107 i dok\u0142adno\u015b\u0107 produkcji.<\/p>\n<p>3. Maszyny rolnicze: W maszynach rolniczych, takich jak kombajny i siewniki, si\u0142ownik ramienia steruje ruchem ramienia roboczego, wykonuj\u0105cego zadania takie jak siew, nawo\u017cenie i zbi\u00f3r.<\/p>\n<p>4. G\u00f3rnictwo: W sprz\u0119cie g\u00f3rniczym si\u0142ownik ramienia s\u0142u\u017cy do sterowania ruchem ramienia sprz\u0119tu g\u00f3rniczego podczas wydobywania i transportu rudy.<\/p>\n<p>5. Logistyka i transport: W w\u00f3zkach wid\u0142owych i robotach prze\u0142adunkowych si\u0142ownik ramienia s\u0142u\u017cy do sterowania podnoszeniem i ruchem wide\u0142 \u0142adunkowych, co umo\u017cliwia przenoszenie i uk\u0142adanie materia\u0142\u00f3w.<\/p>\n<p>Zagadnienia projektowe i kryteria wyboru:<\/p>\n<p>1. No\u015bno\u015b\u0107: Cylindry ramienia nale\u017cy dobiera\u0107 na podstawie maksymalnego ud\u017awigu maszyny.<\/p>\n<p>2. Skuteczno\u015b\u0107 uszczelnienia: Aby zapewni\u0107 dobr\u0105 szczelno\u015b\u0107, nale\u017cy stosowa\u0107 r\u00f3\u017cne elementy uszczelniaj\u0105ce, takie jak uszczelki t\u0142okowe i uszczelki t\u0142oczyskowe. Do produkcji uszczelek nale\u017cy wybiera\u0107 materia\u0142y odporne na zu\u017cycie, takie jak poliuretan i kauczuk nitrylowy.<\/p>\n<p>3. Trwa\u0142o\u015b\u0107: Korpus cylindra i gwintowane powierzchnie ko\u0144cowe powinny by\u0107 precyzyjnie obrobione w celu zwi\u0119kszenia odporno\u015bci na zu\u017cycie.<\/p>\n<p>4. Bezpiecze\u0144stwo: Aby zapobiec wypadkom spowodowanym przeci\u0105\u017ceniem lub uderzeniem, nale\u017cy zainstalowa\u0107 urz\u0105dzenia zabezpieczaj\u0105ce, takie jak zawory bezpiecze\u0144stwa i zderzaki.<\/p>\n<p>5. Konserwacja: Konstrukcja powinna uwzgl\u0119dnia\u0107 \u0142atwo\u015b\u0107 konserwacji i wymiany, a cylinder powinien by\u0107 nape\u0142niony odpowiedni\u0105 ilo\u015bci\u0105 oleju hydraulicznego w celu smarowania, zgodnie z instrukcjami producenta.<\/p>\n<p><img decoding=\"async\" src=\"https:\/\/www.hydraulic-cylinders.net\/wp-content\/uploads\/2025\/01\/songte-cylinder-head-with-all-kinds-excavator-models.webp\"><\/p>\n<p>Regularne kontrole i konserwacja zapobiegawcza:<\/p>\n<p>1. Regularnie sprawdzaj szczelno\u015b\u0107 cylindra i w razie potrzeby wymie\u0144 elementy uszczelniaj\u0105ce.<\/p>\n<p>2. Regularnie sprawdzaj stopie\u0144 zu\u017cycia korpusu cylindra i t\u0142oczyska i w razie potrzeby wymie\u0144 je.<\/p>\n<p>3. Regularnie sprawdzaj poziom i jako\u015b\u0107 oleju hydraulicznego, a w razie konieczno\u015bci wymie\u0144 lub uzupe\u0142nij olej.<\/p>\n<p>4. Regularnie sprawdzaj urz\u0105dzenia zabezpieczaj\u0105ce, aby mie\u0107 pewno\u015b\u0107, \u017ce dzia\u0142aj\u0105 prawid\u0142owo.<\/p>\n<p>5. Regularnie czy\u015b\u0107 cylinder i otaczaj\u0105ce go \u015brodowisko, aby zapobiec zanieczyszczeniu.<\/p>\n<p>Prawid\u0142owa instrukcja instalacji:<\/p>\n<p>1. Wybierz odpowiedni cylinder i pasuj\u0105ce akcesoria, bior\u0105c pod uwag\u0119 wymagania dotycz\u0105ce obci\u0105\u017cenia maszyny i warunki instalacji.<\/p>\n<p>2. Pod\u0142\u0105cz cylinder do uk\u0142adu hydraulicznego zgodnie z instrukcj\u0105 producenta i upewnij si\u0119, \u017ce ruroci\u0105g jest zainstalowany prawid\u0142owo.<\/p>\n<p>3. Zainstaluj cylinder i akcesoria zgodnie z instrukcj\u0105 producenta.<\/p>\n<p>4. Przed u\u017cyciem sprawd\u017a, czy butla dzia\u0142a prawid\u0142owo.<\/p>\n<p><img decoding=\"async\" src=\"https:\/\/www.hydraulic-cylinders.net\/wp-content\/uploads\/2025\/01\/songte-bushings-with-all-kinds-of-excavator-models.webp\"><\/p>\n<p>Zagadnienia bezpiecze\u0144stwa i czynniki \u015brodowiskowe:<\/p>\n<p>1. Podczas korzystania z cylindr\u00f3w ramiennych najwa\u017cniejsze jest bezpiecze\u0144stwo. Aby zapobiec wypadkom, konieczne jest przestrzeganie zasad bezpiecze\u0144stwa.<\/p>\n<p>2. Przy wyborze materia\u0142\u00f3w na cylinder nale\u017cy wzi\u0105\u0107 pod uwag\u0119 czynniki \u015brodowiskowe, takie jak temperatura, wilgotno\u015b\u0107 i erozja chemiczna.<\/p>\n<p>Diagnostyka usterek i typowe problemy:<\/p>\n<p>1. Nieszczelno\u015b\u0107 cylindra: Elementy uszczelniaj\u0105ce s\u0105 zu\u017cyte lub uszkodzone, b\u0105d\u017a uszkodzony jest korpus cylindra.<\/p>\n<p>2. Niedostateczna si\u0142a lub ruch: Niedostateczne ci\u015bnienie hydrauliczne, uszkodzone t\u0142oczysko lub niewystarczaj\u0105ce smarowanie.<\/p>\n<p>3. Nietypowy ha\u0142as: Lu\u017ane po\u0142\u0105czenie lub uszkodzenie cylindra lub akcesori\u00f3w, niewystarczaj\u0105ce smarowanie lub uszkodzenie pompy hydraulicznej.<\/p>\n<p>4. Zwolnione tempo: Niewystarczaj\u0105ce ci\u015bnienie hydrauliczne, zablokowany ruroci\u0105g lub uszkodzone t\u0142oczysko.<\/p>\n<p>5. Wibracje cylindra: Lu\u017ane po\u0142\u0105czenie lub uszkodzenie cylindra lub akcesori\u00f3w, b\u0105d\u017a nier\u00f3wnomierne obci\u0105\u017cenie.<\/p>\n<p>Post\u0119powanie w przypadku b\u0142\u0119d\u00f3w i \u015brodki zapobiegawcze:<\/p>\n<p>1. Zu\u017cyte lub uszkodzone elementy uszczelniaj\u0105ce nale\u017cy wymienia\u0107 na czas.<\/p>\n<p>2. Sprawd\u017a i wyreguluj ci\u015bnienie hydrauliczne, aby mie\u0107 pewno\u015b\u0107, \u017ce spe\u0142nia ono wymagania.<\/p>\n<p>3. W odpowiednim czasie wymie\u0144 lub napraw uszkodzone cz\u0119\u015bci.<\/p>\n<p>4. Regularnie uzupe\u0142niaj odpowiedni\u0105 ilo\u015b\u0107 oleju hydraulicznego zgodnie z instrukcjami producenta.<\/p>\n<p>5. Regularnie sprawdzaj i konserwuj cylinder i akcesoria, aby unikn\u0105\u0107 potencjalnych problem\u00f3w.<\/p>\n<p>Jeste\u015bmy profesjonalnym producentem zamiennych cylindr\u00f3w hydraulicznych, oferuj\u0105cym szerok\u0105 gam\u0119 produkt\u00f3w. Stali\u015bmy si\u0119 jednym z wiod\u0105cych producent\u00f3w i dystrybutor\u00f3w cylindr\u00f3w hydraulicznych na rynku krajowym i mi\u0119dzynarodowym. Zawsze przestrzegamy zasady doskona\u0142ej jako\u015bci, opieramy si\u0119 na strategii zarz\u0105dzania produkcj\u0105 przemys\u0142ow\u0105 w dopracowanym warsztacie produkcyjnym oraz stale doskonalimy nasz\u0105 technologi\u0119 i wydajno\u015b\u0107 produkcji. Wprowadzaj\u0105c wysokiej klasy cyfrowy sprz\u0119t produkcyjny i profesjonalne systemy testowe, optymalizujemy platform\u0119 produkcyjn\u0105 i usprawniamy procesy kontroli jako\u015bci produkt\u00f3w, dysponuj\u0105c silnymi mo\u017cliwo\u015bciami innowacyjnymi. Naszym celem jest zaspokojenie zr\u00f3\u017cnicowanych potrzeb klient\u00f3w, zapewniaj\u0105c wysok\u0105 wydajno\u015b\u0107, dok\u0142adno\u015b\u0107 i jako\u015b\u0107.<\/p>\n<p>Mo\u017cemy zapewni\u0107 bardziej szczeg\u00f3\u0142owe informacje o naszej firmie, m.in. pod wzgl\u0119dem profesjonalizmu, mi\u0119dzynarodowych certyfikat\u00f3w, dostosowanych us\u0142ug, sprz\u0119tu produkcyjnego i obs\u0142ugi posprzeda\u017cowej.<\/p>\n<p><img decoding=\"async\" src=\"https:\/\/www.hydraulic-cylinders.net\/wp-content\/uploads\/2025\/01\/songte-company-4.webp\"><br \/>\n<img decoding=\"async\" src=\"https:\/\/www.hydraulic-cylinders.net\/wp-content\/uploads\/2025\/01\/songte-company-3.webp\"><\/p>\n<p>Autor: lyl.<\/p>","protected":false},"excerpt":{"rendered":"<p>Arm Cylinder For Yugong WY15-7 Arm cylinder is a specialized hydraulic cylinder designed to provide linear motion and power to the arms of various types of machinery such as excavators, cranes, and robotic arms. It plays a crucial role in hydraulic systems, enabling the effective movement and control of additional tools or attachments. These cylinders [&hellip;]<\/p>","protected":false},"featured_media":14763,"comment_status":"open","ping_status":"closed","template":"","meta":{"_et_pb_use_builder":"","_et_pb_old_content":"","_et_gb_content_width":""},"product_brand":[],"product_cat":[1497],"product_tag":[1498,1496],"class_list":{"0":"post-16303","1":"product","2":"type-product","3":"status-publish","4":"has-post-thumbnail","6":"product_cat-arm-cylinders","7":"product_tag-arm-cylinders","8":"product_tag-hydraulic-cylinders","10":"first","11":"instock","12":"shipping-taxable","13":"product-type-simple"},"amp_enabled":true,"_links":{"self":[{"href":"https:\/\/www.hydraulic-cylinders.net\/pl\/wp-json\/wp\/v2\/product\/16303","targetHints":{"allow":["GET"]}}],"collection":[{"href":"https:\/\/www.hydraulic-cylinders.net\/pl\/wp-json\/wp\/v2\/product"}],"about":[{"href":"https:\/\/www.hydraulic-cylinders.net\/pl\/wp-json\/wp\/v2\/types\/product"}],"replies":[{"embeddable":true,"href":"https:\/\/www.hydraulic-cylinders.net\/pl\/wp-json\/wp\/v2\/comments?post=16303"}],"wp:featuredmedia":[{"embeddable":true,"href":"https:\/\/www.hydraulic-cylinders.net\/pl\/wp-json\/wp\/v2\/media\/14763"}],"wp:attachment":[{"href":"https:\/\/www.hydraulic-cylinders.net\/pl\/wp-json\/wp\/v2\/media?parent=16303"}],"wp:term":[{"taxonomy":"product_brand","embeddable":true,"href":"https:\/\/www.hydraulic-cylinders.net\/pl\/wp-json\/wp\/v2\/product_brand?post=16303"},{"taxonomy":"product_cat","embeddable":true,"href":"https:\/\/www.hydraulic-cylinders.net\/pl\/wp-json\/wp\/v2\/product_cat?post=16303"},{"taxonomy":"product_tag","embeddable":true,"href":"https:\/\/www.hydraulic-cylinders.net\/pl\/wp-json\/wp\/v2\/product_tag?post=16303"}],"curies":[{"name":"wp","href":"https:\/\/api.w.org\/{rel}","templated":true}]}}