{"id":16305,"date":"2025-01-20T09:04:07","date_gmt":"2025-01-20T09:04:07","guid":{"rendered":"https:\/\/www.hydraulic-cylinders.net\/product\/arm-cylinderfor-yugong-wy135-8\/"},"modified":"2025-01-20T09:04:09","modified_gmt":"2025-01-20T09:04:09","slug":"arm-cylinderfor-yugong-wy135-8","status":"publish","type":"product","link":"https:\/\/www.hydraulic-cylinders.net\/pl\/produkt\/arm-cylinderfor-yugong-wy135-8\/","title":{"rendered":"Si\u0142ownik ramienia do Yugong WY135-8"},"content":{"rendered":"<h2>Si\u0142ownik ramienia do Yugong WY135-8<\/h2>\n<p>Si\u0142ownik ramienia to specjalnie zaprojektowany si\u0142ownik hydrauliczny, kt\u00f3ry zapewnia ruch liniowy i zasilanie ramion r\u00f3\u017cnych maszyn, takich jak koparki, d\u017awigi i ramiona robot\u00f3w. Odgrywa kluczow\u0105 rol\u0119 w uk\u0142adach hydraulicznych, umo\u017cliwiaj\u0105c efektywny ruch i sterowanie dodatkowymi narz\u0119dziami lub osprz\u0119tem. Si\u0142owniki te nie tylko zapewniaj\u0105 p\u0142ynny ruch, ale tak\u017ce wytrzymuj\u0105 du\u017ce obci\u0105\u017cenia, gwarantuj\u0105c wydajn\u0105 prac\u0119 i niezawodno\u015b\u0107 maszyn w r\u00f3\u017cnych warunkach pracy.<\/p>\n<p><img decoding=\"async\" src=\"https:\/\/www.hydraulic-cylinders.net\/wp-content\/uploads\/2025\/01\/songte-company-2.webp\" alt=\"Obraz cylindra ramienia\"><\/p>\n<h3>Cechy cylindra ramienia:<\/h3>\n<ol>\n<li>Wysokowydajna przek\u0142adnia: Cylinder ramienia zapewnia mocny ruch liniowy i si\u0142\u0119, gwarantuj\u0105c wysok\u0105 wydajno\u015b\u0107 ramienia robota w r\u00f3\u017cnych operacjach.<\/li>\n<li>Precyzyjna kontrola: Dzi\u0119ki uk\u0142adowi hydraulicznemu si\u0142ownik ramienia umo\u017cliwia precyzyjn\u0105 kontrol\u0119 ruchu, zwi\u0119kszaj\u0105c elastyczno\u015b\u0107 i dok\u0142adno\u015b\u0107 obs\u0142ugi osprz\u0119tu.<\/li>\n<li>Trwa\u0142o\u015b\u0107: Cylindry ramienia s\u0105 produkowane z materia\u0142\u00f3w o wysokiej wytrzyma\u0142o\u015bci, oferuj\u0105cych doskona\u0142\u0105 odporno\u015b\u0107 na zu\u017cycie i korozj\u0119, dzi\u0119ki czemu nadaj\u0105 si\u0119 do d\u0142ugotrwa\u0142ego u\u017cytkowania w trudnych warunkach.<\/li>\n<li>Wielofunkcyjna adaptacja: Te cylindry s\u0105 szeroko stosowane w r\u00f3\u017cnych maszynach, takich jak koparki, d\u017awigi i ramiona robotyczne, dostosowuj\u0105c si\u0119 do r\u00f3\u017cnych wymaga\u0144 roboczych.<\/li>\n<li>\u0141atwa konserwacja: Konstrukcja si\u0142ownik\u00f3w ramienia uwzgl\u0119dnia \u0142atwo\u015b\u0107 konserwacji i wymiany, co u\u0142atwia regularne kontrole i serwisowanie, a tym samym zmniejsza przestoje sprz\u0119tu.<\/li>\n<\/ol>\n<p><img decoding=\"async\" src=\"https:\/\/www.hydraulic-cylinders.net\/wp-content\/uploads\/2025\/01\/songte-oil-pipes-and-spare-parts.webp\" alt=\"Obraz cylindra hydraulicznego\"><\/p>\n<h3>Zastosowania cylindra ramienia:<\/h3>\n<ul>\n<li>In\u017cynieria budowlana: W koparkach i d\u017awigach si\u0142owniki ramieniowe steruj\u0105 ruchem \u0142y\u017cek lub wysi\u0119gnik\u00f3w podczas rob\u00f3t ziemnych, przenoszenia materia\u0142\u00f3w i instalacji konstrukcyjnych.<\/li>\n<li>Przemys\u0142 wytw\u00f3rczy: W zautomatyzowanych liniach produkcyjnych si\u0142owniki ramieniowe u\u0142atwiaj\u0105 ruch ramion robot\u00f3w podczas monta\u017cu, spawania i obs\u0142ugi materia\u0142\u00f3w, zwi\u0119kszaj\u0105c wydajno\u015b\u0107 i precyzj\u0119 produkcji.<\/li>\n<li>Maszyny rolnicze: Si\u0142owniki ramion steruj\u0105 ruchem ramion roboczych w maszynach rolniczych, takich jak kombajny i sadzarki, umo\u017cliwiaj\u0105c wykonywanie zada\u0144 takich jak siew, nawo\u017cenie i zbi\u00f3r.<\/li>\n<li>G\u00f3rnictwo: W sprz\u0119cie g\u00f3rniczym cylindry ramieniowe kontroluj\u0105 ruch ramion w celach wydobywczych i transportu materia\u0142\u00f3w.<\/li>\n<li>Logistyka i transport: W w\u00f3zkach wid\u0142owych i robotach prze\u0142adunkowych si\u0142owniki ramieniowe steruj\u0105 podnoszeniem i ruchem wide\u0142, umo\u017cliwiaj\u0105c przenoszenie i uk\u0142adanie materia\u0142\u00f3w.<\/li>\n<\/ul>\n<h3>Zagadnienia projektowe i kryteria wyboru:<\/h3>\n<p>Przy projektowaniu si\u0142ownik\u00f3w ramienia kluczowe czynniki, kt\u00f3re nale\u017cy bra\u0107 pod uwag\u0119, to no\u015bno\u015b\u0107, uszczelnienie, trwa\u0142o\u015b\u0107, bezpiecze\u0144stwo i \u0142atwo\u015b\u0107 konserwacji.<\/p>\n<p><img decoding=\"async\" src=\"https:\/\/www.hydraulic-cylinders.net\/wp-content\/uploads\/2025\/01\/songte-cylinder-head-with-all-kinds-excavator-models.webp\" alt=\"Obraz g\u0142owicy cylindra\"><\/p>\n<h3>Uszczelnianie i smarowanie:<\/h3>\n<p>W si\u0142ownikach ramieniowych zastosowano r\u00f3\u017cnorodne elementy uszczelniaj\u0105ce, takie jak uszczelnienia t\u0142oczyska i t\u0142oczyska, wykonane z materia\u0142\u00f3w odpornych na zu\u017cycie, takich jak poliuretan i kauczuk nitrylowy. Korpus si\u0142ownika i gwintowane ko\u0144c\u00f3wki poddawane s\u0105 precyzyjnej obr\u00f3bce powierzchniowej w celu zwi\u0119kszenia odporno\u015bci na zu\u017cycie. Regularne smarowanie odpowiednim olejem hydraulicznym jest niezb\u0119dne dla zapewnienia p\u0142ynnej pracy.<\/p>\n<h3>Regularne kontrole i konserwacja zapobiegawcza:<\/h3>\n<ul>\n<li>Regularnie sprawdzaj cylinder pod k\u0105tem wszelkich oznak wycieku, uszkodzenia lub nietypowego zu\u017cycia.<\/li>\n<li>Nale\u017cy zadba\u0107 o odpowiednie smarowanie i niezw\u0142ocznie wymieni\u0107 zu\u017cyte uszczelki lub podzespo\u0142y.<\/li>\n<li>Sprawd\u017a uk\u0142ad hydrauliczny pod k\u0105tem zanieczyszcze\u0144 i problem\u00f3w z ci\u015bnieniem, kt\u00f3re mog\u0105 mie\u0107 wp\u0142yw na prac\u0119 cylindra.<\/li>\n<li>Nale\u017cy stosowa\u0107 si\u0119 do zalece\u0144 producenta dotycz\u0105cych harmonogramu i procedur konserwacji.<\/li>\n<\/ul>\n<h3>Instrukcja instalacji produktu:<\/h3>\n<p>Prawid\u0142owy monta\u017c si\u0142ownika ramienia jest kluczowy dla optymalnej wydajno\u015bci i bezpiecze\u0144stwa. Wykonaj nast\u0119puj\u0105ce kroki:<\/p>\n<ol>\n<li>Upewnij si\u0119, \u017ce maszyny s\u0105 wy\u0142\u0105czone, a uk\u0142ad hydrauliczny jest rozhermetyzowany.<\/li>\n<li>Ostro\u017cnie wyjmij stary cylinder, uwa\u017caj\u0105c, aby nie uszkodzi\u0107 innych podzespo\u0142\u00f3w.<\/li>\n<li>Sprawd\u017a punkty mocowania pod k\u0105tem zu\u017cycia i uszkodze\u0144.<\/li>\n<li>Dok\u0142adnie zamontuj nowy cylinder ramienia, dopasowuj\u0105c otwory monta\u017cowe.<\/li>\n<li>Dokr\u0119\u0107 \u015bruby odpowiednimi narz\u0119dziami, stosuj\u0105c wymagany moment dokr\u0119cania.<\/li>\n<li>Po nape\u0142nieniu uk\u0142adu hydraulicznego ci\u015bnieniem nale\u017cy sprawdzi\u0107, czy nie ma \u017cadnych wyciek\u00f3w lub nieprawid\u0142owo\u015bci.<\/li>\n<\/ol>\n<p><img decoding=\"async\" src=\"https:\/\/www.hydraulic-cylinders.net\/wp-content\/uploads\/2025\/01\/songte-bushings-with-all-kinds-of-excavator-models.webp\" alt=\"Obraz tulei\"><\/p>\n<h3>Zagadnienia bezpiecze\u0144stwa i czynniki \u015brodowiskowe:<\/h3>\n<p>Podczas pracy z si\u0142ownikami ramieniowymi przestrzeganie zasad bezpiecze\u0144stwa jest kluczowe. Zapewnia to ochron\u0119 personelu i sprz\u0119tu. \u015arodki ostro\u017cno\u015bci mog\u0105 obejmowa\u0107:<\/p>\n<ul>\n<li>W\u0142a\u015bciwe szkolenie operator\u00f3w i personelu konserwacyjnego.<\/li>\n<li>Stosowanie os\u0142on zabezpieczaj\u0105cych i urz\u0105dze\u0144 ochronnych.<\/li>\n<li>Wdra\u017canie procedur blokowania\/oznaczania podczas konserwacji.<\/li>\n<li>Przestrzeganie odpowiednich norm i przepis\u00f3w bezpiecze\u0144stwa.<\/li>\n<\/ul>\n<h3>Rozwi\u0105zywanie problem\u00f3w i typowe problemy:<\/h3>\n<p>Si\u0142ownik ramienia mo\u017ce napotyka\u0107 r\u00f3\u017cne problemy, takie jak wycieki, niedostateczna moc lub nieprawid\u0142owa praca. Oto kilka wskaz\u00f3wek dotycz\u0105cych rozwi\u0105zywania problem\u00f3w:<\/p>\n<ul>\n<li>Sprawd\u017a, czy nie ma wyciek\u00f3w p\u0142ynu hydraulicznego i napraw lub wymie\u0144 uszkodzone uszczelki.<\/li>\n<li>Zapewnij w\u0142a\u015bciwe ci\u015bnienie hydrauliczne i przep\u0142yw do cylindra.<\/li>\n<li>Sprawd\u017a, czy po\u0142\u0105czenia i osprz\u0119t nie s\u0105 lu\u017ane lub uszkodzone.<\/li>\n<li>Wyczy\u015b\u0107 lub wymie\u0144 zatkane filtry i inne elementy wp\u0142ywaj\u0105ce na wydajno\u015b\u0107.<\/li>\n<\/ul>\n<p>Regularna konserwacja zapobiegawcza, kontrole i szybkie rozwi\u0105zywanie problem\u00f3w mog\u0105 zminimalizowa\u0107 potencjalne problemy i zapewni\u0107 d\u0142ug\u0105 \u017cywotno\u015b\u0107 cylindra ramienia.<\/p>\n<p><img decoding=\"async\" src=\"https:\/\/www.hydraulic-cylinders.net\/wp-content\/uploads\/2025\/01\/songte-chushion-collar.webp\" alt=\"Obraz ko\u0142nierza Chushion\"><\/p>\n<p>Pami\u0119taj o logicznej organizacji artyku\u0142u, stosuj\u0105c podtytu\u0142y dla \u0142atwej nawigacji. Dodaj odpowiednie obrazy lub wykresy, aby u\u0142atwi\u0107 zrozumienie. Zadbaj o to, aby tre\u015b\u0107 by\u0142a jasna, zwi\u0119z\u0142a i odpowiednia dla czytelnik\u00f3w o r\u00f3\u017cnym poziomie wiedzy technicznej.<\/p>\n<h2>O naszej firmie<\/h2>\n<p>Jeste\u015bmy profesjonalnym producentem zamiennych si\u0142ownik\u00f3w hydraulicznych, oferuj\u0105cym szerok\u0105 gam\u0119 produkt\u00f3w. Stali\u015bmy si\u0119 jednym z wiod\u0105cych producent\u00f3w i hurtowych dystrybutor\u00f3w si\u0142ownik\u00f3w hydraulicznych na rynku krajowym i mi\u0119dzynarodowym. Kieruj\u0105c si\u0119 zasad\u0105 doskona\u0142o\u015bci, stale doskonalimy nasz\u0105 wiedz\u0119 techniczn\u0105 i wydajno\u015b\u0107 produkcji poprzez udoskonalone procesy produkcyjne. Wprowadzaj\u0105c najnowocze\u015bniejszy, cyfrowy sprz\u0119t produkcyjny i profesjonalne systemy testowe, optymalizujemy nasze mo\u017cliwo\u015bci produkcyjne i usprawniamy procesy kontroli jako\u015bci produkt\u00f3w. Naszym celem jest zaspokajanie zr\u00f3\u017cnicowanych potrzeb klient\u00f3w, kieruj\u0105c si\u0119 zasadami wydajno\u015bci, precyzji i wysokiej jako\u015bci.<\/p>\n<p><img decoding=\"async\" src=\"https:\/\/www.hydraulic-cylinders.net\/wp-content\/uploads\/2025\/01\/songte-company-4.webp\" alt=\"Wizerunek firmy\"><br \/>\n<img decoding=\"async\" src=\"https:\/\/www.hydraulic-cylinders.net\/wp-content\/uploads\/2025\/01\/songte-company-3.webp\" alt=\"Wizerunek firmy\"><\/p>\n<p>Autor: lyl<\/p>","protected":false},"excerpt":{"rendered":"<p>Arm Cylinder for Yugong WY135-8 Arm Cylinder is a specially designed hydraulic cylinder that provides linear motion and power for the arms of various machinery, such as excavators, cranes, and robotic arms. It plays a critical role in hydraulic systems, enabling the effective movement and control of additional tools or attachments. These cylinders not only [&hellip;]<\/p>","protected":false},"featured_media":14786,"comment_status":"open","ping_status":"closed","template":"","meta":{"_et_pb_use_builder":"","_et_pb_old_content":"","_et_gb_content_width":""},"product_brand":[],"product_cat":[1497],"product_tag":[1498,1496],"class_list":{"0":"post-16305","1":"product","2":"type-product","3":"status-publish","4":"has-post-thumbnail","6":"product_cat-arm-cylinders","7":"product_tag-arm-cylinders","8":"product_tag-hydraulic-cylinders","10":"first","11":"instock","12":"shipping-taxable","13":"product-type-simple"},"amp_enabled":true,"_links":{"self":[{"href":"https:\/\/www.hydraulic-cylinders.net\/pl\/wp-json\/wp\/v2\/product\/16305","targetHints":{"allow":["GET"]}}],"collection":[{"href":"https:\/\/www.hydraulic-cylinders.net\/pl\/wp-json\/wp\/v2\/product"}],"about":[{"href":"https:\/\/www.hydraulic-cylinders.net\/pl\/wp-json\/wp\/v2\/types\/product"}],"replies":[{"embeddable":true,"href":"https:\/\/www.hydraulic-cylinders.net\/pl\/wp-json\/wp\/v2\/comments?post=16305"}],"wp:featuredmedia":[{"embeddable":true,"href":"https:\/\/www.hydraulic-cylinders.net\/pl\/wp-json\/wp\/v2\/media\/14786"}],"wp:attachment":[{"href":"https:\/\/www.hydraulic-cylinders.net\/pl\/wp-json\/wp\/v2\/media?parent=16305"}],"wp:term":[{"taxonomy":"product_brand","embeddable":true,"href":"https:\/\/www.hydraulic-cylinders.net\/pl\/wp-json\/wp\/v2\/product_brand?post=16305"},{"taxonomy":"product_cat","embeddable":true,"href":"https:\/\/www.hydraulic-cylinders.net\/pl\/wp-json\/wp\/v2\/product_cat?post=16305"},{"taxonomy":"product_tag","embeddable":true,"href":"https:\/\/www.hydraulic-cylinders.net\/pl\/wp-json\/wp\/v2\/product_tag?post=16305"}],"curies":[{"name":"wp","href":"https:\/\/api.w.org\/{rel}","templated":true}]}}