{"id":16314,"date":"2025-01-20T09:04:51","date_gmt":"2025-01-20T09:04:51","guid":{"rendered":"https:\/\/www.hydraulic-cylinders.net\/product\/arm-cylinderfor-volvo-small-excavator-ec55b\/"},"modified":"2025-01-20T09:04:53","modified_gmt":"2025-01-20T09:04:53","slug":"arm-cylinderfor-volvo-small-excavator-ec55b","status":"publish","type":"product","link":"https:\/\/www.hydraulic-cylinders.net\/pl\/produkt\/arm-cylinderfor-volvo-small-excavator-ec55b\/","title":{"rendered":"Si\u0142ownik ramienia do ma\u0142ej koparki Volvo EC55B"},"content":{"rendered":"<h1>Si\u0142ownik ramienia do ma\u0142ej koparki Volvo EC55B<\/h1>\n<h2>Wst\u0119p<\/h2>\n<p>Si\u0142ownik ramienia to specjalnie zaprojektowany si\u0142ownik hydrauliczny, kt\u00f3ry zapewnia ruch liniowy i zasilanie ramienia r\u00f3\u017cnego rodzaju maszyn, takich jak koparki, d\u017awigi i ramiona robotyczne. Odgrywa kluczow\u0105 rol\u0119 w uk\u0142adach hydraulicznych, umo\u017cliwiaj\u0105c wydajny ruch i sterowanie dodatkowymi narz\u0119dziami lub osprz\u0119tem. Si\u0142owniki te nie tylko zapewniaj\u0105 p\u0142ynny ruch, ale tak\u017ce wytrzymuj\u0105 du\u017ce obci\u0105\u017cenia, gwarantuj\u0105c wydajn\u0105 prac\u0119 i niezawodno\u015b\u0107 w r\u00f3\u017cnych warunkach pracy.<\/p>\n<p><img decoding=\"async\" src=\"https:\/\/www.hydraulic-cylinders.net\/wp-content\/uploads\/2025\/01\/songte-company-2.webp\" alt=\"Cylinder ramienia\" \/><\/p>\n<h2>Cechy<\/h2>\n<ul>\n<li>Wysokowydajna przek\u0142adnia: Cylinder ramienia zapewnia mocny ruch liniowy i si\u0142\u0119, gwarantuj\u0105c wysok\u0105 wydajno\u015b\u0107 podczas r\u00f3\u017cnych operacji.<\/li>\n<li>Precyzyjna kontrola: Dzi\u0119ki uk\u0142adowi hydraulicznemu si\u0142ownik ramienia umo\u017cliwia precyzyjn\u0105 kontrol\u0119 ruchu, co sprawia, \u017ce \u200b\u200bobs\u0142uga pod\u0142\u0105czonych narz\u0119dzi jest bardziej elastyczna i dok\u0142adna.<\/li>\n<li>Trwa\u0142o\u015b\u0107: Cylindry ramienia s\u0105 zazwyczaj wykonane z materia\u0142\u00f3w o wysokiej wytrzyma\u0142o\u015bci, zapewniaj\u0105cych doskona\u0142\u0105 odporno\u015b\u0107 na zu\u017cycie i korozj\u0119, dzi\u0119ki czemu nadaj\u0105 si\u0119 do d\u0142ugotrwa\u0142ego u\u017cytkowania w trudnych warunkach.<\/li>\n<li>Wielofunkcyjna adaptacja: Te cylindry mo\u017cna szeroko stosowa\u0107 w r\u00f3\u017cnych maszynach, takich jak koparki, d\u017awigi i ramiona robotyczne, dostosowuj\u0105c si\u0119 do r\u00f3\u017cnych wymaga\u0144 roboczych.<\/li>\n<li>\u0141atwa konserwacja: Konstrukcja cylindra ramienia uwzgl\u0119dnia \u0142atwo\u015b\u0107 konserwacji i wymiany, dzi\u0119ki czemu regularne kontrole i konserwacja s\u0105 wygodne, a przestoje sprz\u0119tu skr\u00f3cone.<\/li>\n<\/ul>\n<p><img decoding=\"async\" src=\"https:\/\/www.hydraulic-cylinders.net\/wp-content\/uploads\/2025\/01\/songte-oil-pipes-and-spare-parts.webp\" alt=\"Si\u0142ownik hydrauliczny\" \/><\/p>\n<h2>Aplikacje<\/h2>\n<p>Cylinder ramienia znajduje zastosowanie w r\u00f3\u017cnych ga\u0142\u0119ziach przemys\u0142u:<\/p>\n<h3>1. In\u017cynieria budowlana<\/h3>\n<p>W koparkach i d\u017awigach si\u0142ownik ramienia s\u0142u\u017cy do sterowania ruchem \u0142y\u017cek lub wysi\u0119gnik\u00f3w podczas rob\u00f3t ziemnych, przenoszenia materia\u0142\u00f3w i instalacji konstrukcyjnych.<\/p>\n<h3>2. Produkcja<\/h3>\n<p>W zautomatyzowanych liniach produkcyjnych si\u0142ownik ramieniowy jest stosowany do poruszania ramionami robot\u00f3w, monta\u017cu, spawania i proces\u00f3w obs\u0142ugi materia\u0142\u00f3w, co zwi\u0119ksza wydajno\u015b\u0107 i dok\u0142adno\u015b\u0107 produkcji.<\/p>\n<h3>3. Maszyny rolnicze<\/h3>\n<p>W maszynach rolniczych, takich jak kombajny i sadzarki, si\u0142ownik ramienia steruje ruchem ramion roboczych podczas wykonywania takich zada\u0144, jak siew, nawo\u017cenie i zbi\u00f3r.<\/p>\n<h3>4. G\u00f3rnictwo<\/h3>\n<p>W sprz\u0119cie g\u00f3rniczym cylinder ramienia steruje ruchem ramienia maszyn g\u00f3rniczych s\u0142u\u017c\u0105cych do wydobywania i transportu rudy.<\/p>\n<h3>5. Logistyka i transport<\/h3>\n<p>W w\u00f3zkach wid\u0142owych i robotach obs\u0142uguj\u0105cych automatycznie si\u0142ownik ramienia odpowiada za sterowanie podnoszeniem i ruchem wide\u0142, u\u0142atwiaj\u0105c przenoszenie materia\u0142\u00f3w i ich uk\u0142adanie.<\/p>\n<p><img decoding=\"async\" src=\"https:\/\/www.hydraulic-cylinders.net\/wp-content\/uploads\/2025\/01\/songte-cylinder-head-with-all-kinds-excavator-models.webp\" alt=\"Zastosowanie cylindra hydraulicznego\" \/><\/p>\n<h2>Zagadnienia projektowe i kryteria wyboru<\/h2>\n<p>Przy projektowaniu i doborze cylindr\u00f3w ramienia nale\u017cy wzi\u0105\u0107 pod uwag\u0119 kilka czynnik\u00f3w:<\/p>\n<h3>1. No\u015bno\u015b\u0107<\/h3>\n<p>Si\u0142ownik ramienia musi by\u0107 zaprojektowany w taki spos\u00f3b, aby m\u00f3g\u0142 sprosta\u0107 konkretnym wymaganiom obci\u0105\u017ceniowym maszyny, do kt\u00f3rej jest przeznaczony, zapewniaj\u0105c bezpieczn\u0105 i wydajn\u0105 prac\u0119.<\/p>\n<h3>2. Uszczelnienie<\/h3>\n<p>W si\u0142ownikach ramieniowych stosowane s\u0105 r\u00f3\u017cne elementy uszczelniaj\u0105ce, takie jak uszczelnienia t\u0142oka i t\u0142oczyska. Uszczelnienia te wykonane s\u0105 z materia\u0142\u00f3w odpornych na zu\u017cycie, takich jak poliuretan i kauczuk nitrylowy, co zapewnia skuteczne uszczelnienie, zapobiegaj\u0105c przeciekom i gwarantuj\u0105c optymaln\u0105 wydajno\u015b\u0107. Korpus si\u0142ownika i gwintowane ko\u0144c\u00f3wki poddawane s\u0105 precyzyjnej obr\u00f3bce powierzchni w celu zwi\u0119kszenia odporno\u015bci na zu\u017cycie.<\/p>\n<h3>3. Trwa\u0142o\u015b\u0107<\/h3>\n<p>Cylindry ramienia s\u0105 produkowane z materia\u0142\u00f3w najwy\u017cszej jako\u015bci i przechodz\u0105 rygorystyczne testy, aby zagwarantowa\u0107 trwa\u0142o\u015b\u0107 i niezawodno\u015b\u0107 w wymagaj\u0105cych warunkach.<\/p>\n<h3>4. Bezpiecze\u0144stwo<\/h3>\n<p>Cylindry ramienia zaprojektowano z uwzgl\u0119dnieniem funkcji bezpiecze\u0144stwa zapobiegaj\u0105cych wypadkom i zapewniaj\u0105cych ochron\u0119 operator\u00f3w oraz sprz\u0119tu znajduj\u0105cego si\u0119 w pobli\u017cu podczas pracy.<\/p>\n<h3>5. Konserwacja<\/h3>\n<p>Regularna konserwacja i terminowa wymiana zu\u017cytych podzespo\u0142\u00f3w s\u0105 niezb\u0119dne do utrzymania optymalnego dzia\u0142ania si\u0142ownika ramienia. Prawid\u0142owe smarowanie olejem hydraulicznym jest niezb\u0119dne do zapewnienia p\u0142ynnej pracy.<\/p>\n<p><img decoding=\"async\" src=\"https:\/\/www.hydraulic-cylinders.net\/wp-content\/uploads\/2025\/01\/songte-chushion-collar.webp\" alt=\"Projekt cylindra hydraulicznego\" \/><\/p>\n<h2>Regularne kontrole i konserwacja zapobiegawcza<\/h2>\n<p>Regularne kontrole i dzia\u0142ania konserwacyjne s\u0105 niezb\u0119dne dla zapewnienia d\u0142ugotrwa\u0142ej wydajno\u015bci cylindra ramienia:<\/p>\n<h3>1. Inspekcja<\/h3>\n<p>Regularnie sprawdzaj cylinder ramienia pod k\u0105tem \u015blad\u00f3w zu\u017cycia, wyciek\u00f3w lub uszkodze\u0144. Sprawd\u017a wszystkie uszczelki, po\u0142\u0105czenia i punkty mocowania pod k\u0105tem ewentualnych problem\u00f3w.<\/p>\n<h3>2. Smarowanie<\/h3>\n<p>Zapewnij prawid\u0142owe smarowanie, regularnie dodaj\u0105c odpowiedni\u0105 ilo\u015b\u0107 oleju hydraulicznego do cylindra. Post\u0119puj zgodnie z zaleceniami producenta dotycz\u0105cymi prawid\u0142owego rodzaju i ilo\u015bci oleju.<\/p>\n<h3>3. Wymiana<\/h3>\n<p>Nale\u017cy niezw\u0142ocznie wymieni\u0107 zu\u017cyte lub uszkodzone podzespo\u0142y, aby unikn\u0105\u0107 dalszych uszkodze\u0144 i zapewni\u0107 optymaln\u0105 wydajno\u015b\u0107. Zalecane odst\u0119py mi\u0119dzy wymianami mo\u017cna znale\u017a\u0107 w wytycznych producenta.<\/p>\n<h2>Instrukcja instalacji produktu<\/h2>\n<p>Prawid\u0142owy monta\u017c si\u0142ownika ramienia ma kluczowe znaczenie dla jego wydajnego dzia\u0142ania i trwa\u0142o\u015bci. Aby wykona\u0107 prawid\u0142owy monta\u017c, wykonaj nast\u0119puj\u0105ce kroki:<\/p>\n<h3>1. Przygotowanie<\/h3>\n<p>Upewnij si\u0119, \u017ce masz dost\u0119p do wszystkich niezb\u0119dnych narz\u0119dzi i sprz\u0119tu. Zapoznaj si\u0119 z instrukcjami i wytycznymi producenta dotycz\u0105cymi instalacji.<\/p>\n<h3>2. Inspekcja<\/h3>\n<p>Przed monta\u017cem nale\u017cy dok\u0142adnie sprawdzi\u0107 cylinder ramienia i wszystkie powi\u0105zane elementy, aby upewni\u0107 si\u0119, \u017ce s\u0105 w dobrym stanie i nie s\u0105 uszkodzone.<\/p>\n<h3>3. Monta\u017c<\/h3>\n<p>Post\u0119puj zgodnie z instrukcjami producenta, aby pewnie zamontowa\u0107 cylinder ramienia w prawid\u0142owej pozycji, zapewniaj\u0105c w\u0142a\u015bciwe wyr\u00f3wnanie z innymi komponentami.<\/p>\n<h3>4. Po\u0142\u0105czenie<\/h3>\n<p>Pod\u0142\u0105cz w\u0119\u017ce hydrauliczne i z\u0142\u0105czki do cylindra ramienia zgodnie z podanymi specyfikacjami, zapewniaj\u0105c szczelne po\u0142\u0105czenia w celu zapobie\u017cenia wyciekom.<\/p>\n<h3>5. Testowanie<\/h3>\n<p>Po monta\u017cu sprawd\u017a dzia\u0142anie si\u0142ownika ramienia, uruchamiaj\u0105c mechanizm. Sprawd\u017a, czy nie s\u0142ycha\u0107 nietypowych d\u017awi\u0119k\u00f3w, nieszczelno\u015bci lub nie porusza si\u0119 on nieprawid\u0142owo.<\/p>\n<p><img decoding=\"async\" src=\"https:\/\/www.hydraulic-cylinders.net\/wp-content\/uploads\/2025\/01\/songte-bushings-with-all-kinds-of-excavator-models.webp\" alt=\"Przewodnik instalacji\" \/><\/p>\n<h2>Zagadnienia bezpiecze\u0144stwa i czynniki \u015brodowiskowe<\/h2>\n<p>Podczas korzystania z si\u0142ownika ramienia, priorytetem jest zapewnienie bezpiecze\u0144stwa operatorom i prawid\u0142owej pracy. Nale\u017cy wzi\u0105\u0107 pod uwag\u0119 nast\u0119puj\u0105ce kwestie:<\/p>\n<p>1. \u015arodki bezpiecze\u0144stwa: Wdro\u017cenie protoko\u0142\u00f3w bezpiecze\u0144stwa, takich jak zapewnienie szkole\u0144 operatorom, stosowanie sprz\u0119tu ochronnego i przestrzeganie wytycznych bezpiecze\u0144stwa dotycz\u0105cych konkretnych maszyn.<\/p>\n<p>2. Czynniki \u015brodowiskowe: Nale\u017cy wzi\u0105\u0107 pod uwag\u0119 warunki \u015brodowiskowe, takie jak temperatura, wilgotno\u015b\u0107 i nara\u017cenie na dzia\u0142anie substancji \u017cr\u0105cych, i podj\u0105\u0107 odpowiednie \u015brodki w celu ochrony cylindra ramienia przed potencjalnymi uszkodzeniami.<\/p>\n<h2>Rozwi\u0105zywanie problem\u00f3w i typowe problemy<\/h2>\n<p>Zrozumienie potencjalnych usterek i problem\u00f3w, kt\u00f3re mog\u0105 wyst\u0105pi\u0107 w si\u0142owniku ramienia, mo\u017ce pom\u00f3c w diagnozowaniu i skutecznym rozwi\u0105zywaniu problem\u00f3w. Oto kilka typowych problem\u00f3w:<\/p>\n<h3>1. Wyciek<\/h3>\n<p>W przypadku wycieku z cylindra ramienia, sprawd\u017a uszczelki, po\u0142\u0105czenia i z\u0142\u0105czki pod k\u0105tem uszkodze\u0144 lub nieprawid\u0142owego monta\u017cu. Wymie\u0144 uszkodzone uszczelki lub dokr\u0119\u0107 lu\u017ane po\u0142\u0105czenia.<\/p>\n<h3>2. Powolny lub szarpany ruch<\/h3>\n<p>Je\u015bli ruch si\u0142ownika ramienia jest powolny lub szarpany, sprawd\u017a uk\u0142ad hydrauliczny pod k\u0105tem niskiego poziomu p\u0142ynu lub ewentualnych zator\u00f3w. Sprawd\u017a pomp\u0119 hydrauliczn\u0105 i zawory pod k\u0105tem prawid\u0142owego dzia\u0142ania.<\/p>\n<h3>3. Nietypowe d\u017awi\u0119ki<\/h3>\n<p>Je\u015bli z cylindra ramienia wydobywaj\u0105 si\u0119 nietypowe d\u017awi\u0119ki, mo\u017ce to wskazywa\u0107 na wewn\u0119trzne zu\u017cycie lub uszkodzenie. Sprawd\u017a cylinder pod k\u0105tem oznak zu\u017cycia lub lu\u017anych element\u00f3w i rozwi\u0105\u017c problem.<\/p>\n<h3>4. Nieregularna praca<\/h3>\n<p>Je\u015bli dzia\u0142anie si\u0142ownika ramienia jest nieregularne lub nieprzewidywalne, nale\u017cy sprawdzi\u0107 zawory steruj\u0105ce i uk\u0142ad hydrauliczny pod k\u0105tem ewentualnych usterek. Upewni\u0107 si\u0119, \u017ce uk\u0142ad jest prawid\u0142owo skalibrowany i wszystkie podzespo\u0142y dzia\u0142aj\u0105 prawid\u0142owo.<\/p>\n<p><img decoding=\"async\" src=\"https:\/\/www.hydraulic-cylinders.net\/wp-content\/uploads\/2025\/01\/songte-chushion-collar.webp\" alt=\"Wskaz\u00f3wki dotycz\u0105ce rozwi\u0105zywania problem\u00f3w\" \/><\/p>\n<p>Stosuj\u0105c si\u0119 do tych wskaz\u00f3wek dotycz\u0105cych rozwi\u0105zywania problem\u00f3w i podejmuj\u0105c dzia\u0142ania zapobiegawcze, mo\u017cna skutecznie diagnozowa\u0107 i rozwi\u0105zywa\u0107 problemy, minimalizuj\u0105c ryzyko wyst\u0105pienia potencjalnych problem\u00f3w i zapewniaj\u0105c optymaln\u0105 prac\u0119 cylindra ramienia.<\/p>\n<h2>O nas<\/h2>\n<p>Jeste\u015bmy<\/p>","protected":false},"excerpt":{"rendered":"<p>Arm Cylinder For Volvo Small Excavator EC55B Introduction The Arm Cylinder is a specially designed hydraulic cylinder that provides linear motion and power to the arm of various types of machinery, such as excavators, cranes, and robotic arms. It plays a crucial role in hydraulic systems, allowing for efficient movement and control of additional tools [&hellip;]<\/p>","protected":false},"featured_media":14759,"comment_status":"open","ping_status":"closed","template":"","meta":{"_et_pb_use_builder":"","_et_pb_old_content":"","_et_gb_content_width":""},"product_brand":[],"product_cat":[1497],"product_tag":[1498,1496],"class_list":{"0":"post-16314","1":"product","2":"type-product","3":"status-publish","4":"has-post-thumbnail","6":"product_cat-arm-cylinders","7":"product_tag-arm-cylinders","8":"product_tag-hydraulic-cylinders","10":"first","11":"instock","12":"shipping-taxable","13":"product-type-simple"},"amp_enabled":true,"_links":{"self":[{"href":"https:\/\/www.hydraulic-cylinders.net\/pl\/wp-json\/wp\/v2\/product\/16314","targetHints":{"allow":["GET"]}}],"collection":[{"href":"https:\/\/www.hydraulic-cylinders.net\/pl\/wp-json\/wp\/v2\/product"}],"about":[{"href":"https:\/\/www.hydraulic-cylinders.net\/pl\/wp-json\/wp\/v2\/types\/product"}],"replies":[{"embeddable":true,"href":"https:\/\/www.hydraulic-cylinders.net\/pl\/wp-json\/wp\/v2\/comments?post=16314"}],"wp:featuredmedia":[{"embeddable":true,"href":"https:\/\/www.hydraulic-cylinders.net\/pl\/wp-json\/wp\/v2\/media\/14759"}],"wp:attachment":[{"href":"https:\/\/www.hydraulic-cylinders.net\/pl\/wp-json\/wp\/v2\/media?parent=16314"}],"wp:term":[{"taxonomy":"product_brand","embeddable":true,"href":"https:\/\/www.hydraulic-cylinders.net\/pl\/wp-json\/wp\/v2\/product_brand?post=16314"},{"taxonomy":"product_cat","embeddable":true,"href":"https:\/\/www.hydraulic-cylinders.net\/pl\/wp-json\/wp\/v2\/product_cat?post=16314"},{"taxonomy":"product_tag","embeddable":true,"href":"https:\/\/www.hydraulic-cylinders.net\/pl\/wp-json\/wp\/v2\/product_tag?post=16314"}],"curies":[{"name":"wp","href":"https:\/\/api.w.org\/{rel}","templated":true}]}}