{"id":16319,"date":"2025-01-20T09:05:27","date_gmt":"2025-01-20T09:05:27","guid":{"rendered":"https:\/\/www.hydraulic-cylinders.net\/product\/arm-cylinderfor-volvo-middle-excavator-ec210b\/"},"modified":"2025-01-20T09:05:29","modified_gmt":"2025-01-20T09:05:29","slug":"arm-cylinderfor-volvo-middle-excavator-ec210b","status":"publish","type":"product","link":"https:\/\/www.hydraulic-cylinders.net\/pl\/produkt\/arm-cylinderfor-volvo-middle-excavator-ec210b\/","title":{"rendered":"Si\u0142ownik ramienia do koparki \u015brodkowej Volvo EC210B"},"content":{"rendered":"<h2>Si\u0142ownik ramienia do koparki \u015brodkowej Volvo EC210B<\/h2>\n<p>Si\u0142ownik ramienia do koparki Volvo EC210B to specjalistyczny si\u0142ownik hydrauliczny zaprojektowany do zapewnienia ruchu liniowego i zasilania ramienia r\u00f3\u017cnego rodzaju maszyn, takich jak koparki, d\u017awigi i ramiona robotyczne. Odgrywa on kluczow\u0105 rol\u0119 w uk\u0142adach hydraulicznych, umo\u017cliwiaj\u0105c efektywny ruch i sterowanie dodatkowymi narz\u0119dziami lub osprz\u0119tem. Si\u0142owniki te nie tylko zapewniaj\u0105 p\u0142ynny ruch, ale tak\u017ce wytrzymuj\u0105 du\u017ce obci\u0105\u017cenia, gwarantuj\u0105c wydajn\u0105 prac\u0119 i niezawodno\u015b\u0107 maszyn w r\u00f3\u017cnych warunkach pracy.<\/p>\n<p><img decoding=\"async\" src=\"https:\/\/www.hydraulic-cylinders.net\/wp-content\/uploads\/2025\/01\/songte-company-2.webp\" alt=\"Obraz cylindra ramienia\"><\/p>\n<h2>Cechy<\/h2>\n<ul>\n<li>Wysokowydajna przek\u0142adnia: Cylinder ramienia zapewnia mocny ruch liniowy i si\u0142\u0119, gwarantuj\u0105c wysok\u0105 wydajno\u015b\u0107 ramienia robota w r\u00f3\u017cnych operacjach.<\/li>\n<li>Precyzyjna kontrola: Dzi\u0119ki uk\u0142adowi hydraulicznemu si\u0142ownik ramienia umo\u017cliwia precyzyjn\u0105 kontrol\u0119 ruchu, co sprawia, \u017ce \u200b\u200bobs\u0142uga dodatkowych narz\u0119dzi jest bardziej elastyczna i dok\u0142adna.<\/li>\n<li>Wysoka trwa\u0142o\u015b\u0107: Cylindry ramienia s\u0105 zazwyczaj produkowane z materia\u0142\u00f3w o wysokiej wytrzyma\u0142o\u015bci, zapewniaj\u0105cych doskona\u0142\u0105 odporno\u015b\u0107 na zu\u017cycie i korozj\u0119, odpowiednich do d\u0142ugotrwa\u0142ego u\u017cytkowania w trudnych warunkach.<\/li>\n<li>Wielofunkcyjna adaptowalno\u015b\u0107: Te cylindry mo\u017cna szeroko stosowa\u0107 w r\u00f3\u017cnych maszynach, takich jak koparki, d\u017awigi i ramiona robotyczne, aby sprosta\u0107 r\u00f3\u017cnorodnym wymaganiom roboczym.<\/li>\n<li>\u0141atwa konserwacja: Projekt uwzgl\u0119dnia \u0142atwo\u015b\u0107 konserwacji i wymiany, co u\u0142atwia regularne kontrole i konserwacj\u0119, a tym samym ogranicza przestoje sprz\u0119tu.<\/li>\n<\/ul>\n<p><img decoding=\"async\" src=\"https:\/\/www.hydraulic-cylinders.net\/wp-content\/uploads\/2025\/01\/songte-oil-pipes-and-spare-parts.webp\" alt=\"Obraz produktu\"><\/p>\n<h2>Aplikacje<\/h2>\n<ul>\n<li>In\u017cynieria budowlana: Cylindry ramieniowe s\u0105 stosowane w koparkach i d\u017awigach w celu kontrolowania ruchu \u0142y\u017cek lub wysi\u0119gnik\u00f3w, u\u0142atwiaj\u0105c prace ziemne, przenoszenie materia\u0142\u00f3w i instalacje konstrukcyjne.<\/li>\n<li>Przemys\u0142 wytw\u00f3rczy: W zautomatyzowanych liniach produkcyjnych cylindry ramieniowe nap\u0119dzaj\u0105 ruch ramion robot\u00f3w, umo\u017cliwiaj\u0105c realizacj\u0119 proces\u00f3w takich jak monta\u017c, spawanie i obs\u0142uga materia\u0142\u00f3w, zwi\u0119kszaj\u0105c w ten spos\u00f3b wydajno\u015b\u0107 i dok\u0142adno\u015b\u0107 produkcji.<\/li>\n<li>Maszyny rolnicze: Si\u0142owniki ramion steruj\u0105 ruchem ramion roboczych w sprz\u0119cie rolniczym, takim jak kombajny i siewniki, wykonuj\u0105cym zadania takie jak siew, nawo\u017cenie i zbi\u00f3r.<\/li>\n<li>G\u00f3rnictwo: Cylindry ramienia s\u0105 stosowane w sprz\u0119cie g\u00f3rniczym do kontrolowania ruchu ramienia w celach g\u00f3rniczych i transportu rudy.<\/li>\n<li>Logistyka i transport: W w\u00f3zkach wid\u0142owych i robotach prze\u0142adunkowych si\u0142owniki ramieniowe steruj\u0105 podnoszeniem i ruchem wide\u0142, u\u0142atwiaj\u0105c przenoszenie i uk\u0142adanie materia\u0142\u00f3w.<\/li>\n<\/ul>\n<h2>Zagadnienia projektowe i kryteria wyboru<\/h2>\n<p>Przy projektowaniu cylindr\u00f3w ramienia nale\u017cy wzi\u0105\u0107 pod uwag\u0119 kilka kluczowych czynnik\u00f3w:<\/p>\n<ul>\n<li>No\u015bno\u015b\u0107<\/li>\n<li>Opiecz\u0119towanie<\/li>\n<li>Trwa\u0142o\u015b\u0107<\/li>\n<li>Bezpiecze\u0144stwo<\/li>\n<li>Utrzymywalno\u015b\u0107<\/li>\n<\/ul>\n<p><img decoding=\"async\" src=\"https:\/\/www.hydraulic-cylinders.net\/wp-content\/uploads\/2025\/01\/songte-cylinder-head-with-all-kinds-excavator-models.webp\" alt=\"Projekt obrazu\"><\/p>\n<h2>Uszczelnianie i smarowanie<\/h2>\n<p>Si\u0142ownik ramienia wykorzystuje r\u00f3\u017cnorodne elementy uszczelniaj\u0105ce, takie jak uszczelnienia t\u0142oka, uszczelnienia t\u0142oczyska itp., wykonane z materia\u0142\u00f3w odpornych na zu\u017cycie, takich jak poliuretan i kauczuk nitrylowy. Korpus cylindra i gwintowane powierzchnie ko\u0144cowe s\u0105 poddawane starannej obr\u00f3bce w celu zwi\u0119kszenia odporno\u015bci na zu\u017cycie. Regularne smarowanie olejem hydraulicznym jest niezb\u0119dne dla zapewnienia p\u0142ynnej pracy.<\/p>\n<h2>Regularne kontrole i konserwacja zapobiegawcza<\/h2>\n<ul>\n<li>Sprawd\u017a cylinder pod k\u0105tem ewentualnych wyciek\u00f3w lub uszkodze\u0144.<\/li>\n<li>Sprawdzaj i wymieniaj zu\u017cyte uszczelki, aby zachowa\u0107 optymaln\u0105 wydajno\u015b\u0107.<\/li>\n<li>Regularnie sprawdzaj poziom i jako\u015b\u0107 oleju hydraulicznego.<\/li>\n<li>Zapewnij w\u0142a\u015bciwe ustawienie i smarowanie wszystkich ruchomych cz\u0119\u015bci.<\/li>\n<li>Nale\u017cy przestrzega\u0107 zalece\u0144 producenta dotycz\u0105cych cz\u0119stotliwo\u015bci i procedur konserwacji.<\/li>\n<\/ul>\n<h2>Instrukcja instalacji produktu<\/h2>\n<p>Aby prawid\u0142owo zamontowa\u0107 cylinder ramienia, nale\u017cy wykona\u0107 nast\u0119puj\u0105ce czynno\u015bci:<\/p>\n<ol>\n<li>Przygotuj miejsce monta\u017cu i upewnij si\u0119, \u017ce jest czyste i wolne od zanieczyszcze\u0144.<\/li>\n<li>Zamocuj cylinder bezpiecznie w wyznaczonych punktach mocowania, u\u017cywaj\u0105c odpowiednich element\u00f3w z\u0142\u0105cznych.<\/li>\n<li>Pod\u0142\u0105cz przewody hydrauliczne i z\u0142\u0105czki, zwracaj\u0105c uwag\u0119 na w\u0142a\u015bciwe ustawienie i szczelne po\u0142\u0105czenia.<\/li>\n<li>Aby unikn\u0105\u0107 potencjalnych problem\u00f3w, nale\u017cy odpowietrzy\u0107 uk\u0142ad hydrauliczny.<\/li>\n<li>Przed oddaniem cylindra do eksploatacji nale\u017cy sprawdzi\u0107 jego prawid\u0142owe dzia\u0142anie.<\/li>\n<\/ol>\n<p><img decoding=\"async\" src=\"https:\/\/www.hydraulic-cylinders.net\/wp-content\/uploads\/2025\/01\/songte-bushings-with-all-kinds-of-excavator-models.webp\" alt=\"Obraz instalacyjny\"><\/p>\n<h2>Zagadnienia bezpiecze\u0144stwa i czynniki \u015brodowiskowe<\/h2>\n<p>Podczas korzystania z si\u0142ownik\u00f3w ramieniowych, priorytetem jest zapewnienie \u015brodk\u00f3w bezpiecze\u0144stwa, aby zapobiec wypadkom i zapewni\u0107 ochron\u0119 pracownik\u00f3w. Przestrzeganie protoko\u0142\u00f3w bezpiecze\u0144stwa i stosowanie odpowiedniego sprz\u0119tu ochronnego ma kluczowe znaczenie dla bezpiecznej pracy.<\/p>\n<h2>Rozwi\u0105zywanie problem\u00f3w i typowe problemy<\/h2>\n<p>Typowe problemy, kt\u00f3re mog\u0105 wyst\u0105pi\u0107 w przypadku si\u0142ownik\u00f3w ramienia, to nieszczelno\u015b\u0107, niewystarczaj\u0105ca si\u0142a i nieprawid\u0142owy ruch. W przypadku wyst\u0105pienia jakichkolwiek problem\u00f3w nale\u017cy wzi\u0105\u0107 pod uwag\u0119 nast\u0119puj\u0105ce kwestie:<\/p>\n<ul>\n<li>Sprawd\u017a i wymie\u0144 uszkodzone uszczelki lub elementy.<\/li>\n<li>Sprawd\u017a, czy nie ma wyciek\u00f3w p\u0142ynu hydraulicznego i napraw je, je\u015bli to konieczne.<\/li>\n<li>Zapewnij prawid\u0142owe ustawienie i regulacj\u0119 cylindra.<\/li>\n<li>Aby pozna\u0107 szczeg\u00f3\u0142y konkretnych problem\u00f3w, zapoznaj si\u0119 z instrukcj\u0105 rozwi\u0105zywania problem\u00f3w producenta.<\/li>\n<\/ul>\n<p><img decoding=\"async\" src=\"https:\/\/www.hydraulic-cylinders.net\/wp-content\/uploads\/2025\/01\/songte-chushion-collar.webp\" alt=\"Rozwi\u0105zywanie problem\u00f3w z obrazem\"><\/p>\n<p>Pami\u0119taj, aby artyku\u0142 by\u0142 logicznie uporz\u0105dkowany, u\u017cywaj podtytu\u0142\u00f3w u\u0142atwiaj\u0105cych nawigacj\u0119, dodawaj odpowiednie obrazy i wykresy, aby u\u0142atwi\u0107 zrozumienie, a tak\u017ce zadbaj o to, aby tre\u015b\u0107 by\u0142a przejrzysta, zwi\u0119z\u0142a i odpowiednia dla czytelnik\u00f3w o r\u00f3\u017cnym poziomie wiedzy technicznej.<\/p>\n<p><em>Autor: lyl<\/em><\/p>\n<h2>O naszej firmie<\/h2>\n<p>Jeste\u015bmy profesjonalnym producentem zamiennych si\u0142ownik\u00f3w hydraulicznych, oferuj\u0105cym szerok\u0105 gam\u0119 produkt\u00f3w. Stali\u015bmy si\u0119 jednym z wiod\u0105cych producent\u00f3w i dystrybutor\u00f3w hurtowych na rynku krajowym i mi\u0119dzynarodowym. Kieruj\u0105c si\u0119 zasad\u0105 doskona\u0142o\u015bci jako\u015bci, stale podnosimy nasze kompetencje techniczne i wydajno\u015b\u0107 produkcji, opieraj\u0105c si\u0119 na naszym udoskonalonym warsztacie produkcyjnym i zindustrializowanych strategiach zarz\u0105dzania produkcj\u0105. Dzi\u0119ki wprowadzeniu zaawansowanego cyfrowego sprz\u0119tu produkcyjnego i profesjonalnych system\u00f3w testowych optymalizujemy nasz\u0105 platform\u0119 produkcyjn\u0105, usprawniamy procesy kontroli jako\u015bci produkt\u00f3w i dysponujemy silnym potencja\u0142em innowacyjnym. Naszym celem jest zaspokajanie zr\u00f3\u017cnicowanych potrzeb klient\u00f3w poprzez wydajno\u015b\u0107, precyzj\u0119 i wysok\u0105 jako\u015b\u0107 produkt\u00f3w.<\/p>\n<p><img decoding=\"async\" src=\"https:\/\/www.hydraulic-cylinders.net\/wp-content\/uploads\/2025\/01\/songte-company-4.webp\" alt=\"Wizerunek firmy\"><br \/>\n<img decoding=\"async\" src=\"https:\/\/www.hydraulic-cylinders.net\/wp-content\/uploads\/2025\/01\/songte-company-3.webp\" alt=\"Wizerunek firmy\"><\/p>\n<p>Wyr\u00f3\u017cniamy si\u0119 poprzez:<\/p>\n<ul>\n<li>Profesjonalizm<\/li>\n<li>Certyfikaty mi\u0119dzynarodowe<\/li>\n<li>Us\u0142ugi personalizacji<\/li>\n<li>Zaawansowany sprz\u0119t produkcyjny<\/li>\n<li>Us\u0142ugi posprzeda\u017cowe<\/li>\n<\/ul>\n<p><em>Autor: lyl<\/em><\/p>","protected":false},"excerpt":{"rendered":"<p>Arm Cylinder for Volvo Middle Excavator EC210B The Arm Cylinder for Volvo Middle Excavator EC210B is a specialized hydraulic cylinder designed to provide linear motion and power to the arm of various types of machinery, such as excavators, cranes, and robotic arms. It plays a crucial role in hydraulic systems, enabling the efficient movement and [&hellip;]<\/p>","protected":false},"featured_media":14774,"comment_status":"open","ping_status":"closed","template":"","meta":{"_et_pb_use_builder":"","_et_pb_old_content":"","_et_gb_content_width":""},"product_brand":[],"product_cat":[1497],"product_tag":[1498,1496],"class_list":{"0":"post-16319","1":"product","2":"type-product","3":"status-publish","4":"has-post-thumbnail","6":"product_cat-arm-cylinders","7":"product_tag-arm-cylinders","8":"product_tag-hydraulic-cylinders","10":"first","11":"instock","12":"shipping-taxable","13":"product-type-simple"},"amp_enabled":true,"_links":{"self":[{"href":"https:\/\/www.hydraulic-cylinders.net\/pl\/wp-json\/wp\/v2\/product\/16319","targetHints":{"allow":["GET"]}}],"collection":[{"href":"https:\/\/www.hydraulic-cylinders.net\/pl\/wp-json\/wp\/v2\/product"}],"about":[{"href":"https:\/\/www.hydraulic-cylinders.net\/pl\/wp-json\/wp\/v2\/types\/product"}],"replies":[{"embeddable":true,"href":"https:\/\/www.hydraulic-cylinders.net\/pl\/wp-json\/wp\/v2\/comments?post=16319"}],"wp:featuredmedia":[{"embeddable":true,"href":"https:\/\/www.hydraulic-cylinders.net\/pl\/wp-json\/wp\/v2\/media\/14774"}],"wp:attachment":[{"href":"https:\/\/www.hydraulic-cylinders.net\/pl\/wp-json\/wp\/v2\/media?parent=16319"}],"wp:term":[{"taxonomy":"product_brand","embeddable":true,"href":"https:\/\/www.hydraulic-cylinders.net\/pl\/wp-json\/wp\/v2\/product_brand?post=16319"},{"taxonomy":"product_cat","embeddable":true,"href":"https:\/\/www.hydraulic-cylinders.net\/pl\/wp-json\/wp\/v2\/product_cat?post=16319"},{"taxonomy":"product_tag","embeddable":true,"href":"https:\/\/www.hydraulic-cylinders.net\/pl\/wp-json\/wp\/v2\/product_tag?post=16319"}],"curies":[{"name":"wp","href":"https:\/\/api.w.org\/{rel}","templated":true}]}}