{"id":16326,"date":"2025-01-20T09:06:03","date_gmt":"2025-01-20T09:06:03","guid":{"rendered":"https:\/\/www.hydraulic-cylinders.net\/product\/arm-cylinderfor-volvo-middle-excavator-ec240bl\/"},"modified":"2025-01-20T09:06:08","modified_gmt":"2025-01-20T09:06:08","slug":"arm-cylinderfor-volvo-middle-excavator-ec240bl","status":"publish","type":"product","link":"https:\/\/www.hydraulic-cylinders.net\/pl\/produkt\/arm-cylinderfor-volvo-middle-excavator-ec240bl\/","title":{"rendered":"Si\u0142ownik ramienia do koparki \u015brodkowej Volvo EC240BL"},"content":{"rendered":"<p>Si\u0142ownik ramienia do koparki \u015brodkowej Volvo EC240BL<\/p>\n<p>Wst\u0119p<br \/>\nSi\u0142ownik ramienia to specjalnie zaprojektowany si\u0142ownik hydrauliczny, kt\u00f3ry s\u0142u\u017cy g\u0142\u00f3wnie do zapewnienia ruchu liniowego i zasilania r\u00f3\u017cnego rodzaju ramion maszyn, takich jak koparki, d\u017awigi i ramiona mechaniczne. Si\u0142ownik ramienia odgrywa kluczow\u0105 rol\u0119 w uk\u0142adzie hydraulicznym, umo\u017cliwiaj\u0105c ruch dodatkowych narz\u0119dzi lub akcesori\u00f3w i ich efektywne sterowanie. Si\u0142owniki te nie tylko zapewniaj\u0105 p\u0142ynny ruch, ale tak\u017ce wytrzymuj\u0105 du\u017ce obci\u0105\u017cenia, zapewniaj\u0105c wydajn\u0105 prac\u0119 i niezawodno\u015b\u0107 maszyn w r\u00f3\u017cnych warunkach eksploatacyjnych.<\/p>\n<p>Definicja i wyja\u015bnienie<br \/>\nSi\u0142ownik ramieniowy to rodzaj si\u0142ownika hydraulicznego, kt\u00f3ry zapewnia bezpo\u015bredni ruch liniowy i si\u0142\u0119 ramienia r\u00f3\u017cnych maszyn. Jest wykonany z materia\u0142\u00f3w o wysokiej wytrzyma\u0142o\u015bci i zaprojektowany do pracy w trudnych warunkach. Si\u0142ownik odgrywa kluczow\u0105 rol\u0119 w uk\u0142adzie hydraulicznym, kontroluj\u0105c ruch pod\u0142\u0105czonych narz\u0119dzi lub akcesori\u00f3w, zapewniaj\u0105c p\u0142ynn\u0105 i wydajn\u0105 prac\u0119. Si\u0142owniki te s\u0105 szeroko stosowane w wielu bran\u017cach, takich jak budownictwo, produkcja, rolnictwo, g\u00f3rnictwo i logistyka.<\/p>\n<p><img decoding=\"async\" src=\"https:\/\/www.hydraulic-cylinders.net\/wp-content\/uploads\/2025\/01\/songte-company-2.webp\" alt=\"Cylinder ramienia\" \/><\/p>\n<p>Cechy<br \/>\n1. Wysokowydajna przek\u0142adnia: cylinder ramienia zapewnia mocny ruch liniowy i si\u0142\u0119, gwarantuj\u0105c wysok\u0105 wydajno\u015b\u0107 ramion maszyny podczas r\u00f3\u017cnych operacji.<br \/>\n2. Precyzyjna kontrola: Si\u0142ownik ramienia umo\u017cliwia precyzyjn\u0105 kontrol\u0119 ruchu za pomoc\u0105 uk\u0142adu hydraulicznego, co sprawia, \u017ce \u200b\u200bobs\u0142uga pod\u0142\u0105czonych narz\u0119dzi jest bardziej elastyczna i dok\u0142adna.<br \/>\n3. Wysoka trwa\u0142o\u015b\u0107: Cylinder ramienia wykonany jest z materia\u0142\u00f3w o wysokiej wytrzyma\u0142o\u015bci i charakteryzuje si\u0119 dobr\u0105 odporno\u015bci\u0105 na zu\u017cycie i korozj\u0119, dzi\u0119ki czemu nadaje si\u0119 do d\u0142ugotrwa\u0142ego u\u017cytkowania w trudnych warunkach.<br \/>\n4. Wielofunkcyjna adaptacyjno\u015b\u0107: Te cylindry charakteryzuj\u0105 si\u0119 wielofunkcyjno\u015bci\u0105 i mog\u0105 by\u0107 szeroko stosowane w r\u00f3\u017cnych typach maszyn, takich jak koparki, d\u017awigi i ramiona mechaniczne, aby sprosta\u0107 r\u00f3\u017cnym potrzebom roboczym.<br \/>\n5. \u0141atwa konserwacja: Konstrukcja cylindra ramienia umo\u017cliwia \u0142atw\u0105 konserwacj\u0119 i wymian\u0119, dzi\u0119ki czemu regularne kontrole i konserwacje s\u0105 wygodniejsze, a przestoje sprz\u0119tu kr\u00f3tsze.<\/p>\n<p><img decoding=\"async\" src=\"https:\/\/www.hydraulic-cylinders.net\/wp-content\/uploads\/2025\/01\/songte-oil-pipes-and-spare-parts.webp\" alt=\"Cz\u0119\u015bci zamienne do cylindra ramienia\" \/><\/p>\n<p>Aplikacje<br \/>\n1. In\u017cynieria budowlana: Si\u0142ownik ramienia stosowany jest w koparkach i d\u017awigach do sterowania ruchem \u0142y\u017cki lub wysi\u0119gnika podczas wykonywania zada\u0144 zwi\u0105zanych z przemieszczaniem ziemi, przenoszeniem materia\u0142\u00f3w i monta\u017cem konstrukcji.<br \/>\n2. Produkcja: Si\u0142ownik ramienia jest stosowany w zautomatyzowanych liniach produkcyjnych w celu kontrolowania ruchu ramion maszyn, wykonywania proces\u00f3w monta\u017cu, spawania i obs\u0142ugi w celu zwi\u0119kszenia wydajno\u015bci i dok\u0142adno\u015bci produkcji.<br \/>\n3. Maszyny rolnicze: Si\u0142ownik ramienia steruje ruchem ramienia roboczego w maszynach rolniczych, takich jak kombajny i siewniki, wykonuj\u0105cych zadania takie jak sadzenie, nawo\u017cenie i zbi\u00f3r.<br \/>\n4. G\u00f3rnictwo: Cylinder ramienia stosowany jest w sprz\u0119cie g\u00f3rniczym w celu kontrolowania ruchu ramienia podczas wydobywania i transportu minera\u0142\u00f3w.<br \/>\n5. Logistyka i transport: Si\u0142ownik ramienia steruje podnoszeniem i ruchem wide\u0142 \u0142adunkowych w w\u00f3zkach wid\u0142owych i robotach prze\u0142adunkowych w celu transportu i uk\u0142adania materia\u0142\u00f3w.<\/p>\n<p>Zagadnienia projektowe i standardy wyboru<br \/>\n1. No\u015bno\u015b\u0107: Si\u0142ownik ramienia powinien mie\u0107 odpowiedni\u0105 no\u015bno\u015b\u0107, aby m\u00f3c obs\u0142ugiwa\u0107 maszyn\u0119 i akcesoria.<br \/>\n2. Uszczelnienie: Cylinder ramienia powinien mie\u0107 dobre uszczelnienie, aby zapobiec wyciekom oleju i zanieczyszczeniu py\u0142em, gwarantuj\u0105c p\u0142ynn\u0105 prac\u0119 maszyny.<br \/>\n3. Trwa\u0142o\u015b\u0107: Cylinder ramienia powinien by\u0107 wykonany z materia\u0142\u00f3w o wysokiej wytrzyma\u0142o\u015bci, aby wytrzyma\u0142 trudne warunki otoczenia i charakteryzowa\u0142 si\u0119 dobr\u0105 odporno\u015bci\u0105 na zu\u017cycie i korozj\u0119.<br \/>\n4. Bezpiecze\u0144stwo: Cylinder ramienia powinien by\u0107 wyposa\u017cony w zabezpieczenia takie jak zawory bezpiecze\u0144stwa, aby zapobiec wypadkom.<br \/>\n5. Konserwacja: Cylinder ramienia powinien by\u0107 zaprojektowany w spos\u00f3b umo\u017cliwiaj\u0105cy \u0142atw\u0105 konserwacj\u0119 i wymian\u0119 cz\u0119\u015bci w celu skr\u00f3cenia przestoj\u00f3w.<\/p>\n<p><img decoding=\"async\" src=\"https:\/\/www.hydraulic-cylinders.net\/wp-content\/uploads\/2025\/01\/songte-cylinder-head-with-all-kinds-excavator-models.webp\" alt=\"G\u0142owica cylindra ramienia\" \/><\/p>\n<p>Uszczelnianie i smarowanie<br \/>\nW si\u0142owniku ramienia zastosowano r\u00f3\u017cne elementy uszczelniaj\u0105ce, takie jak uszczelki t\u0142oka, uszczelki t\u0142oczyska i zgarniacze, wykonane z materia\u0142\u00f3w odpornych na zu\u017cycie, takich jak poliuretan i kauczuk nitrylowy, aby zapewni\u0107 dobr\u0105 szczelno\u015b\u0107. Powierzchnia si\u0142ownika jest precyzyjnie obrobiona w celu zwi\u0119kszenia odporno\u015bci na zu\u017cycie, a si\u0142ownik wymaga regularnego smarowania odpowiedni\u0105 ilo\u015bci\u0105 oleju hydraulicznego.<\/p>\n<p>Regularne kontrole i konserwacja zapobiegawcza<br \/>\nRegularna kontrola i konserwacja si\u0142ownika ramienia s\u0105 kluczowe dla zapewnienia jego wydajnego dzia\u0142ania. Mo\u017cna podj\u0105\u0107 nast\u0119puj\u0105ce \u015brodki:<br \/>\n1. Regularna kontrola powierzchni cylindra pod k\u0105tem zu\u017cycia i uszkodze\u0144.<br \/>\n2. Regularna wymiana element\u00f3w uszczelniaj\u0105cych i smarowanie odpowiedni\u0105 ilo\u015bci\u0105 oleju hydraulicznego.<br \/>\n3. Regularna kontrola zawor\u00f3w bezpiecze\u0144stwa i innych element\u00f3w bezpiecze\u0144stwa.<br \/>\n4. Regularna kontrola ruroci\u0105g\u00f3w hydraulicznych pod k\u0105tem wyciek\u00f3w i uszkodze\u0144.<\/p>\n<p>Przewodnik instalacji<br \/>\n1. Przed monta\u017cem cylindra ramienia nale\u017cy upewni\u0107 si\u0119, \u017ce maszyna i uk\u0142ad hydrauliczny s\u0105 wy\u0142\u0105czone, a ci\u015bnienie zosta\u0142o uwolnione.<br \/>\n2. Wyr\u00f3wnaj cylinder z punktem mocowania i przymocuj go solidnie.<br \/>\n3. Pod\u0142\u0105cz przewody hydrauliczne i sprawd\u017a, czy nie ma wyciek\u00f3w.<br \/>\n4. Przed u\u017cyciem nale\u017cy sprawdzi\u0107 dzia\u0142anie cylindra.<\/p>\n<p><img decoding=\"async\" src=\"https:\/\/www.hydraulic-cylinders.net\/wp-content\/uploads\/2025\/01\/songte-bushings-with-all-kinds-of-excavator-models.webp\" alt=\"Tuleje cylindra ramienia\" \/><\/p>\n<p>Zagadnienia bezpiecze\u0144stwa i czynniki \u015brodowiskowe<br \/>\nSi\u0142ownik ramienia odgrywa kluczow\u0105 rol\u0119 w dzia\u0142aniu maszyny i nale\u017cy go u\u017cywa\u0107 ostro\u017cnie. Aby zapobiec wypadkom, nale\u017cy zainstalowa\u0107 \u015brodki bezpiecze\u0144stwa, takie jak zawory bezpiecze\u0144stwa. Nale\u017cy r\u00f3wnie\u017c uwzgl\u0119dni\u0107 czynniki \u015brodowiskowe, takie jak temperatura i wilgotno\u015b\u0107.<\/p>\n<p>Rozwi\u0105zywanie problem\u00f3w i typowe problemy<br \/>\nPoni\u017cej przedstawiono kilka typowych problem\u00f3w, kt\u00f3re mog\u0105 wyst\u0105pi\u0107 podczas korzystania z cylindra ramienia:<br \/>\n1. Wyciek oleju z cylindra<br \/>\n2. Nieregularny ruch lub szarpni\u0119cia<br \/>\n3. Brak mo\u017cliwo\u015bci wyd\u0142u\u017cenia lub schowania<br \/>\n4. Nietypowy ha\u0142as lub wibracje<\/p>\n<p>Aby zdiagnozowa\u0107 i rozwi\u0105za\u0107 problem, mo\u017cna podj\u0105\u0107 nast\u0119puj\u0105ce dzia\u0142ania:<br \/>\n1. Sprawd\u017a powierzchni\u0119 cylindra i elementy uszczelniaj\u0105ce pod k\u0105tem zu\u017cycia i uszkodze\u0144.<br \/>\n2. Sprawd\u017a, czy w uk\u0142adzie hydraulicznym znajduje si\u0119 odpowiednia ilo\u015b\u0107 oleju hydraulicznego oraz czy s\u0105 otwarte zawory bezpiecze\u0144stwa.<br \/>\n3. Sprawd\u017a, czy przewody hydrauliczne nie s\u0105 nieszczelne i uszkodzone.<br \/>\n4. Sprawd\u017a, czy punkt mocowania maszyny jest wyr\u00f3wnany i bezpieczny.<\/p>\n<p><img decoding=\"async\" src=\"https:\/\/www.hydraulic-cylinders.net\/wp-content\/uploads\/2025\/01\/songte-chushion-collar.webp\" alt=\"Poduszka ko\u0142nierza cylindra ramiennego\" \/><\/p>\n<p>Wniosek<br \/>\nJeste\u015bmy profesjonalnym producentem zamiennych si\u0142ownik\u00f3w hydraulicznych, oferuj\u0105cym szerok\u0105 gam\u0119 produkt\u00f3w i us\u0142ug. Zale\u017cy nam na dostarczaniu wysokiej jako\u015bci produkt\u00f3w i us\u0142ug, aby sprosta\u0107 zr\u00f3\u017cnicowanym potrzebom naszych klient\u00f3w. Nasze produkty posiadaj\u0105 mi\u0119dzynarodowe certyfikaty, s\u0105 dostosowywane do indywidualnych potrzeb i wytwarzane przy u\u017cyciu zaawansowanego sprz\u0119tu produkcyjnego. Oferujemy r\u00f3wnie\u017c kompleksowy serwis posprzeda\u017cowy, aby zagwarantowa\u0107 satysfakcj\u0119 klienta.<\/p>\n<p><img decoding=\"async\" src=\"https:\/\/www.hydraulic-cylinders.net\/wp-content\/uploads\/2025\/01\/songte-company-4.webp\" alt=\"Wprowadzenie do firmy\" \/><br \/>\n<img decoding=\"async\" src=\"https:\/\/www.hydraulic-cylinders.net\/wp-content\/uploads\/2025\/01\/songte-company-3.webp\" alt=\"Obiekty firmy\" \/><\/p>\n<p>Autor: lyl<\/p>","protected":false},"excerpt":{"rendered":"<p>Arm Cylinder for Volvo Middle Excavator EC240BL Introduction Arm Cylinder is a specially designed hydraulic cylinder that is mainly used to provide linear motion and power to various types of machinery arms, such as excavators, cranes and mechanical arms. The Arm Cylinder plays a crucial role in the hydraulic system, enabling additional tools or accessories [&hellip;]<\/p>","protected":false},"featured_media":14783,"comment_status":"open","ping_status":"closed","template":"","meta":{"_et_pb_use_builder":"","_et_pb_old_content":"","_et_gb_content_width":""},"product_brand":[],"product_cat":[1497],"product_tag":[1498,1496],"class_list":{"0":"post-16326","1":"product","2":"type-product","3":"status-publish","4":"has-post-thumbnail","6":"product_cat-arm-cylinders","7":"product_tag-arm-cylinders","8":"product_tag-hydraulic-cylinders","10":"first","11":"instock","12":"shipping-taxable","13":"product-type-simple"},"amp_enabled":true,"_links":{"self":[{"href":"https:\/\/www.hydraulic-cylinders.net\/pl\/wp-json\/wp\/v2\/product\/16326","targetHints":{"allow":["GET"]}}],"collection":[{"href":"https:\/\/www.hydraulic-cylinders.net\/pl\/wp-json\/wp\/v2\/product"}],"about":[{"href":"https:\/\/www.hydraulic-cylinders.net\/pl\/wp-json\/wp\/v2\/types\/product"}],"replies":[{"embeddable":true,"href":"https:\/\/www.hydraulic-cylinders.net\/pl\/wp-json\/wp\/v2\/comments?post=16326"}],"wp:featuredmedia":[{"embeddable":true,"href":"https:\/\/www.hydraulic-cylinders.net\/pl\/wp-json\/wp\/v2\/media\/14783"}],"wp:attachment":[{"href":"https:\/\/www.hydraulic-cylinders.net\/pl\/wp-json\/wp\/v2\/media?parent=16326"}],"wp:term":[{"taxonomy":"product_brand","embeddable":true,"href":"https:\/\/www.hydraulic-cylinders.net\/pl\/wp-json\/wp\/v2\/product_brand?post=16326"},{"taxonomy":"product_cat","embeddable":true,"href":"https:\/\/www.hydraulic-cylinders.net\/pl\/wp-json\/wp\/v2\/product_cat?post=16326"},{"taxonomy":"product_tag","embeddable":true,"href":"https:\/\/www.hydraulic-cylinders.net\/pl\/wp-json\/wp\/v2\/product_tag?post=16326"}],"curies":[{"name":"wp","href":"https:\/\/api.w.org\/{rel}","templated":true}]}}