{"id":16331,"date":"2025-01-20T09:06:31","date_gmt":"2025-01-20T09:06:31","guid":{"rendered":"https:\/\/www.hydraulic-cylinders.net\/product\/arm-cylinderfor-volvo-large-excavator-ec480b\/"},"modified":"2025-01-20T09:06:33","modified_gmt":"2025-01-20T09:06:33","slug":"arm-cylinderfor-volvo-large-excavator-ec480b","status":"publish","type":"product","link":"https:\/\/www.hydraulic-cylinders.net\/pl\/produkt\/arm-cylinderfor-volvo-large-excavator-ec480b\/","title":{"rendered":"Si\u0142ownik ramienia do du\u017cej koparki Volvo EC480B"},"content":{"rendered":"<h1>Si\u0142ownik ramienia do du\u017cej koparki Volvo EC480B<\/h1>\n<h2>Wst\u0119p<\/h2>\n<p>Si\u0142ownik ramienia do du\u017cej koparki Volvo EC480B to specjalnie zaprojektowany si\u0142ownik hydrauliczny, kt\u00f3ry zapewnia liniowy ruch i moc ramienia r\u00f3\u017cnych maszyn, takich jak koparki, d\u017awigi i ramiona mechaniczne. Si\u0142ownik ramienia odgrywa kluczow\u0105 rol\u0119 w uk\u0142adach hydraulicznych, umo\u017cliwiaj\u0105c wydajny ruch i sterowanie dodatkowymi narz\u0119dziami lub osprz\u0119tem. Si\u0142owniki te nie tylko zapewniaj\u0105 p\u0142ynny ruch, ale tak\u017ce wytrzymuj\u0105 du\u017ce obci\u0105\u017cenia, gwarantuj\u0105c wysok\u0105 wydajno\u015b\u0107 operacyjn\u0105 i niezawodno\u015b\u0107 w r\u00f3\u017cnych warunkach pracy.<\/p>\n<p><img decoding=\"async\" src=\"https:\/\/www.hydraulic-cylinders.net\/wp-content\/uploads\/2025\/01\/songte-company-2.webp\" alt=\"Obraz cylindra ramienia\"><\/p>\n<h2>Cechy<\/h2>\n<ol>\n<li>Wysokowydajna przek\u0142adnia: Cylinder ramienia zapewnia mocny ruch liniowy i si\u0142\u0119, gwarantuj\u0105c wysok\u0105 wydajno\u015b\u0107 ramienia mechanicznego podczas r\u00f3\u017cnych operacji.<\/li>\n<li>Precyzyjna kontrola: Dzi\u0119ki uk\u0142adowi hydraulicznemu si\u0142ownik ramienia zapewnia precyzyjn\u0105 kontrol\u0119 ruchu, co sprawia, \u017ce \u200b\u200bobs\u0142uga dodatkowych narz\u0119dzi jest bardziej elastyczna i dok\u0142adna.<\/li>\n<li>Trwa\u0142o\u015b\u0107: Cylindry ramienia s\u0105 zazwyczaj wykonane z materia\u0142\u00f3w o wysokiej wytrzyma\u0142o\u015bci, zapewniaj\u0105cych doskona\u0142\u0105 odporno\u015b\u0107 na zu\u017cycie i korozj\u0119, dzi\u0119ki czemu nadaj\u0105 si\u0119 do d\u0142ugotrwa\u0142ego u\u017cytkowania w trudnych warunkach.<\/li>\n<li>Wielofunkcyjna adaptacja: Te cylindry mo\u017cna szeroko stosowa\u0107 w r\u00f3\u017cnych maszynach, takich jak koparki, d\u017awigi i ramiona mechaniczne, dostosowuj\u0105c si\u0119 do r\u00f3\u017cnych wymaga\u0144 roboczych.<\/li>\n<li>\u0141atwa konserwacja: Zaprojektowane z my\u015bl\u0105 o \u0142atwej konserwacji i wymianie, regularne kontrole i konserwacje staj\u0105 si\u0119 wygodne, redukuj\u0105c przestoje sprz\u0119tu.<\/li>\n<\/ol>\n<p><img decoding=\"async\" src=\"https:\/\/www.hydraulic-cylinders.net\/wp-content\/uploads\/2025\/01\/songte-oil-pipes-and-spare-parts.webp\" alt=\"Obraz cz\u0119\u015bci cylindra\"><\/p>\n<h2>Aplikacje<\/h2>\n<p>Cylinder ramienia jest wykorzystywany w r\u00f3\u017cnych ga\u0142\u0119ziach przemys\u0142u i zastosowaniach:<\/p>\n<h3>1. In\u017cynieria budowlana<\/h3>\n<p>W koparkach i d\u017awigach si\u0142ownik ramienia steruje ruchem \u0142y\u017cek lub wysi\u0119gnik\u00f3w podczas rob\u00f3t ziemnych, przenoszenia materia\u0142\u00f3w i instalacji konstrukcyjnych.<\/p>\n<h3>2. Produkcja<\/h3>\n<p>W zautomatyzowanych liniach produkcyjnych si\u0142ownik ramienia umo\u017cliwia ruch ramion mechanicznych podczas monta\u017cu, spawania i obs\u0142ugi, zwi\u0119kszaj\u0105c wydajno\u015b\u0107 i dok\u0142adno\u015b\u0107 produkcji.<\/p>\n<h3>3. Maszyny rolnicze<\/h3>\n<p>W maszynach rolniczych, takich jak kombajny i siewniki, si\u0142ownik ramienia steruje ruchem ramion roboczych podczas wykonywania takich zada\u0144, jak siew, nawo\u017cenie i zbi\u00f3r.<\/p>\n<h3>4. G\u00f3rnictwo<\/h3>\n<p>W sprz\u0119cie g\u00f3rniczym cylinder ramienia steruje ruchem ramienia sprz\u0119tu g\u00f3rniczego s\u0142u\u017c\u0105cego do wydobywania i transportu rudy.<\/p>\n<h3>5. Logistyka i transport<\/h3>\n<p>W w\u00f3zkach wid\u0142owych i robotach prze\u0142adunkowych si\u0142ownik ramienia steruje podnoszeniem i ruchem wide\u0142, umo\u017cliwiaj\u0105c przenoszenie i uk\u0142adanie materia\u0142\u00f3w.<\/p>\n<p><img decoding=\"async\" src=\"https:\/\/www.hydraulic-cylinders.net\/wp-content\/uploads\/2025\/01\/songte-cylinder-head-with-all-kinds-excavator-models.webp\" alt=\"Obraz g\u0142owicy cylindra\"><\/p>\n<h2>Zagadnienia projektowe i kryteria wyboru<\/h2>\n<p>Przy projektowaniu i doborze cylindr\u00f3w ramienia nale\u017cy wzi\u0105\u0107 pod uwag\u0119 kilka kluczowych czynnik\u00f3w:<\/p>\n<h3>1. No\u015bno\u015b\u0107<\/h3>\n<p>Si\u0142ownik ramienia powinien by\u0107 w stanie wytrzyma\u0107 maksymalne obci\u0105\u017cenie wyst\u0119puj\u0105ce podczas pracy, co zapewni bezpieczn\u0105 i wydajn\u0105 prac\u0119.<\/p>\n<h3>2. Uszczelnienie<\/h3>\n<p>W celu zapewnienia prawid\u0142owego uszczelnienia stosuje si\u0119 r\u00f3\u017cne elementy uszczelniaj\u0105ce, takie jak uszczelnienia t\u0142oczysk i t\u0142oczysk. Uszczelnienia te wykonane s\u0105 z materia\u0142\u00f3w odpornych na zu\u017cycie, takich jak poliuretan i kauczuk nitrylowy. Korpus cylindra i ko\u0144c\u00f3wki gwintowane poddawane s\u0105 precyzyjnej obr\u00f3bce w celu zwi\u0119kszenia odporno\u015bci na zu\u017cycie. Regularne smarowanie olejem hydraulicznym jest niezb\u0119dne do prawid\u0142owego dzia\u0142ania.<\/p>\n<p><img decoding=\"async\" src=\"https:\/\/www.hydraulic-cylinders.net\/wp-content\/uploads\/2025\/01\/songte-chushion-collar.webp\" alt=\"Obraz uszczelek cylindrycznych\"><\/p>\n<h3>3. Trwa\u0142o\u015b\u0107<\/h3>\n<p>Cylinder ramienia jest produkowany z materia\u0142\u00f3w najwy\u017cszej jako\u015bci i poddawany rygorystycznym testom, aby zagwarantowa\u0107 trwa\u0142o\u015b\u0107 i d\u0142ugowieczno\u015b\u0107 w wymagaj\u0105cych warunkach pracy.<\/p>\n<h3>4. Bezpiecze\u0144stwo<\/h3>\n<p>W celu zapobiegania wypadkom i zapewnienia bezpiecze\u0144stwa operatora w konstrukcji uwzgl\u0119dniono takie elementy bezpiecze\u0144stwa, jak zawory bezpiecze\u0144stwa i mechanizmy zatrzymania awaryjnego.<\/p>\n<h3>5. Utrzymywalno\u015b\u0107<\/h3>\n<p>Cechy konstrukcyjne wprowadzono z my\u015bl\u0105 o u\u0142atwieniu konserwacji i wymiany, minimalizuj\u0105c przestoje i optymalizuj\u0105c \u017cywotno\u015b\u0107 cylindra ramienia.<\/p>\n<h2>Regularne kontrole i konserwacja zapobiegawcza<\/h2>\n<p>Aby zapewni\u0107 optymaln\u0105 wydajno\u015b\u0107 i trwa\u0142o\u015b\u0107 cylindra ramienia, nale\u017cy regularnie przeprowadza\u0107 kontrole i konserwacj\u0119 zapobiegawcz\u0105:<\/p>\n<ul>\n<li>Sprawd\u017a cylinder pod k\u0105tem ewentualnych wyciek\u00f3w, uszkodze\u0144 lub nienormalnego zu\u017cycia.<\/li>\n<li>Sprawd\u017a uszczelki i uk\u0142ad smarowania, aby mie\u0107 pewno\u015b\u0107, \u017ce dzia\u0142aj\u0105 prawid\u0142owo.<\/li>\n<li>Wyczy\u015b\u0107 i nasmaruj cylinder zgodnie z zaleceniami producenta.<\/li>\n<li>Niezw\u0142ocznie wymieniaj zu\u017cyte lub uszkodzone podzespo\u0142y.<\/li>\n<\/ul>\n<h2>Instrukcja instalacji produktu<\/h2>\n<p>Prawid\u0142owy monta\u017c si\u0142ownika ramienia jest niezb\u0119dny dla optymalnej wydajno\u015bci i bezpiecze\u0144stwa. Post\u0119puj zgodnie z poni\u017cszymi wskaz\u00f3wkami:<\/p>\n<ol>\n<li>Przed instalacj\u0105 nale\u017cy upewni\u0107 si\u0119, \u017ce urz\u0105dzenie jest wy\u0142\u0105czone, a uk\u0142ad hydrauliczny jest rozhermetyzowany.<\/li>\n<li>Securely mount the cylinder in the desired position, following the manufacturer&#8217;s instructions.<\/li>\n<li>Dokr\u0119\u0107 wszystkie po\u0142\u0105czenia zgodnie z zalecanymi parametrami momentu obrotowego.<\/li>\n<li>Sprawd\u017a prawid\u0142owe ustawienie i odst\u0119py mi\u0119dzy ruchomymi cz\u0119\u015bciami.<\/li>\n<li>Test the cylinder&#8217;s functionality and perform any necessary adjustments.<\/li>\n<\/ol>\n<p><img decoding=\"async\" src=\"https:\/\/www.hydraulic-cylinders.net\/wp-content\/uploads\/2025\/01\/songte-bushings-with-all-kinds-of-excavator-models.webp\" alt=\"Obraz tulei\"><\/p>\n<h2>Zagadnienia bezpiecze\u0144stwa i czynniki \u015brodowiskowe<\/h2>\n<p>Podczas korzystania z si\u0142ownika ramienia, wa\u017cne jest, aby priorytetowo traktowa\u0107 \u015brodki bezpiecze\u0144stwa, aby zapobiega\u0107 wypadkom i chroni\u0107 \u015brodowisko. Kluczowe znaczenie ma odpowiednie przeszkolenie, przestrzeganie protoko\u0142\u00f3w bezpiecze\u0144stwa oraz stosowanie \u015brodk\u00f3w ochrony indywidualnej.<\/p>\n<h2>Rozwi\u0105zywanie problem\u00f3w i typowe problemy<\/h2>\n<p>Podczas korzystania z cylindra ramienia mog\u0105 wyst\u0105pi\u0107 problemy. Oto kilka typowych problem\u00f3w i wskaz\u00f3wek dotycz\u0105cych rozwi\u0105zywania problem\u00f3w:<\/p>\n<ul>\n<li>Je\u015bli cylinder nie wysuwa si\u0119 lub nie chowa prawid\u0142owo, sprawd\u017a poziom i ci\u015bnienie p\u0142ynu hydraulicznego. Sprawd\u017a r\u00f3wnie\u017c uszczelki pod k\u0105tem wyciek\u00f3w i uszkodze\u0144.<\/li>\n<li>Je\u017celi podczas pracy wyst\u0119puje nadmierny ha\u0142as lub wibracje, nale\u017cy sprawdzi\u0107 zamocowanie i wyr\u00f3wnanie cylindra oraz upewni\u0107 si\u0119, \u017ce po\u0142\u0105czenia nie s\u0105 lu\u017ane.<\/li>\n<li>W przypadku nieregularnego lub nieregularnego ruchu cylindra nale\u017cy sprawdzi\u0107, czy w uk\u0142adzie hydraulicznym nie ma powietrza i w razie potrzeby odpowietrzy\u0107 uk\u0142ad.<\/li>\n<\/ul>\n<p>Regularna konserwacja zapobiegawcza i szybkie rozwi\u0105zywanie problem\u00f3w mog\u0105 pom\u00f3c rozwi\u0105za\u0107 te problemy i zminimalizowa\u0107 przestoje.<\/p>\n<p><img decoding=\"async\" src=\"https:\/\/www.hydraulic-cylinders.net\/wp-content\/uploads\/2025\/01\/songte-company-4.webp\" alt=\"Wizerunek firmy\"><br \/>\n<img decoding=\"async\" src=\"https:\/\/www.hydraulic-cylinders.net\/wp-content\/uploads\/2025\/01\/songte-company-3.webp\" alt=\"Wizerunek firmy\"><\/p>\n<h2>O nas<\/h2>\n<p>We are a professional manufacturer of replacement hydraulic cylinders, offering a wide range of products. We have become one of the leading manufacturers and wholesale distributors of hydraulic cylinders in domestic and international markets. We adhere to the principle of excellence in quality, continuously improving our technical capabilities and production efficiency. By introducing advanced digital manufacturing equipment and professional testing systems, we optimize our manufacturing platform and enhance product quality control processes, demonstrating strong innovation capabilities. Our goal is to meet customer&#8217;s diverse needs with the principles of efficiency, accuracy, and high quality.<\/p>\n<p>Zapewniamy:<\/p>\n<ul>\n<li>Profesjonalizm i fachowo\u015b\u0107 w dziedzinie si\u0142ownik\u00f3w hydraulicznych.<\/li>\n<li>Mi\u0119dzynarodowe certyfikaty gwarantuj\u0105ce jako\u015b\u0107 i niezawodno\u015b\u0107 produktu.<\/li>\n<li>Us\u0142ugi dostosowywania do konkretnych wymaga\u0144.<\/li>\n<li>Najnowocze\u015bniejszy sprz\u0119t produkcyjny gwarantuj\u0105cy sta\u0142\u0105 jako\u015b\u0107.<\/li>\n<li>Kompleksowa obs\u0142uga posprzeda\u017cowa w celu wsparcia klient\u00f3w.<\/li>\n<\/ul>\n<p>Remember to adhere to the guidelines of &#8220;Author: lyl&#8221; at the end of the article.<\/p>","protected":false},"excerpt":{"rendered":"<p>Arm Cylinder For Volvo Large Excavator EC480B Introduction The Arm Cylinder for Volvo Large Excavator EC480B is a specially designed hydraulic cylinder that provides linear motion and power to the arm of various machinery, such as excavators, cranes, and mechanical arms. The Arm Cylinder plays a crucial role in hydraulic systems, enabling the efficient movement [&hellip;]<\/p>","protected":false},"featured_media":14770,"comment_status":"open","ping_status":"closed","template":"","meta":{"_et_pb_use_builder":"","_et_pb_old_content":"","_et_gb_content_width":""},"product_brand":[],"product_cat":[1497],"product_tag":[1498,1496],"class_list":{"0":"post-16331","1":"product","2":"type-product","3":"status-publish","4":"has-post-thumbnail","6":"product_cat-arm-cylinders","7":"product_tag-arm-cylinders","8":"product_tag-hydraulic-cylinders","10":"first","11":"instock","12":"shipping-taxable","13":"product-type-simple"},"amp_enabled":true,"_links":{"self":[{"href":"https:\/\/www.hydraulic-cylinders.net\/pl\/wp-json\/wp\/v2\/product\/16331","targetHints":{"allow":["GET"]}}],"collection":[{"href":"https:\/\/www.hydraulic-cylinders.net\/pl\/wp-json\/wp\/v2\/product"}],"about":[{"href":"https:\/\/www.hydraulic-cylinders.net\/pl\/wp-json\/wp\/v2\/types\/product"}],"replies":[{"embeddable":true,"href":"https:\/\/www.hydraulic-cylinders.net\/pl\/wp-json\/wp\/v2\/comments?post=16331"}],"wp:featuredmedia":[{"embeddable":true,"href":"https:\/\/www.hydraulic-cylinders.net\/pl\/wp-json\/wp\/v2\/media\/14770"}],"wp:attachment":[{"href":"https:\/\/www.hydraulic-cylinders.net\/pl\/wp-json\/wp\/v2\/media?parent=16331"}],"wp:term":[{"taxonomy":"product_brand","embeddable":true,"href":"https:\/\/www.hydraulic-cylinders.net\/pl\/wp-json\/wp\/v2\/product_brand?post=16331"},{"taxonomy":"product_cat","embeddable":true,"href":"https:\/\/www.hydraulic-cylinders.net\/pl\/wp-json\/wp\/v2\/product_cat?post=16331"},{"taxonomy":"product_tag","embeddable":true,"href":"https:\/\/www.hydraulic-cylinders.net\/pl\/wp-json\/wp\/v2\/product_tag?post=16331"}],"curies":[{"name":"wp","href":"https:\/\/api.w.org\/{rel}","templated":true}]}}