{"id":16336,"date":"2025-01-20T09:06:57","date_gmt":"2025-01-20T09:06:57","guid":{"rendered":"https:\/\/www.hydraulic-cylinders.net\/product\/arm-cylinderfor-volvo-large-excavator-ec700b\/"},"modified":"2025-01-20T09:06:59","modified_gmt":"2025-01-20T09:06:59","slug":"arm-cylinderfor-volvo-large-excavator-ec700b","status":"publish","type":"product","link":"https:\/\/www.hydraulic-cylinders.net\/pl\/produkt\/arm-cylinderfor-volvo-large-excavator-ec700b\/","title":{"rendered":"Si\u0142ownik ramienia do du\u017cej koparki Volvo EC700B"},"content":{"rendered":"<h1>Si\u0142ownik ramienia do du\u017cej koparki Volvo EC700B <\/h1>\n<h2>Wst\u0119p<\/h2>\n<p>Si\u0142ownik ramienia to specjalistyczny si\u0142ownik hydrauliczny zaprojektowany do zapewnienia ruchu liniowego i zasilania ramion r\u00f3\u017cnych maszyn, takich jak koparki, d\u017awigi i ramiona robot\u00f3w. Si\u0142ownik ramienia odgrywa kluczow\u0105 rol\u0119 w uk\u0142adach hydraulicznych, umo\u017cliwiaj\u0105c efektywny ruch i sterowanie osprz\u0119tem lub akcesoriami. Si\u0142owniki te nie tylko zapewniaj\u0105 p\u0142ynny ruch, ale tak\u017ce wytrzymuj\u0105 du\u017ce obci\u0105\u017cenia, gwarantuj\u0105c wydajn\u0105 prac\u0119 i niezawodno\u015b\u0107 maszyn w r\u00f3\u017cnych warunkach pracy.<\/p>\n<p><img decoding=\"async\" src=\"https:\/\/www.hydraulic-cylinders.net\/wp-content\/uploads\/2025\/01\/songte-company-2.webp\"><\/p>\n<h2>Cechy<\/h2>\n<ul>\n<li>Wydajne przenoszenie mocy: Cylinder ramienia zapewnia mocny ruch liniowy i si\u0142\u0119, gwarantuj\u0105c wysok\u0105 wydajno\u015b\u0107 ramienia robota podczas r\u00f3\u017cnych operacji.<\/li>\n<li>Precyzyjna kontrola: Si\u0142ownik ramienia umo\u017cliwia precyzyjn\u0105 kontrol\u0119 ruchu dzi\u0119ki uk\u0142adowi hydraulicznemu, co sprawia, \u017ce \u200b\u200bobs\u0142uga osprz\u0119tu jest bardziej elastyczna i dok\u0142adna.<\/li>\n<li>Trwa\u0142o\u015b\u0107: Cylindry ramienia s\u0105 zwykle wykonane z materia\u0142\u00f3w o wysokiej wytrzyma\u0142o\u015bci, charakteryzuj\u0105cych si\u0119 dobr\u0105 odporno\u015bci\u0105 na zu\u017cycie i korozj\u0119, dzi\u0119ki czemu nadaj\u0105 si\u0119 do d\u0142ugotrwa\u0142ego u\u017cytkowania w trudnych warunkach.<\/li>\n<li>Wielofunkcyjna adaptacja: Te cylindry mo\u017cna szeroko stosowa\u0107 w r\u00f3\u017cnych urz\u0105dzeniach mechanicznych, takich jak koparki, d\u017awigi i ramiona robotyczne, dostosowuj\u0105c si\u0119 do r\u00f3\u017cnych wymaga\u0144 roboczych.<\/li>\n<li>\u0141atwa konserwacja: Projekt uwzgl\u0119dnia \u0142atwo\u015b\u0107 konserwacji i wymiany, dzi\u0119ki czemu regularne kontrole i konserwacje s\u0105 wygodniejsze, a przestoje sprz\u0119tu kr\u00f3tsze.<\/li>\n<\/ul>\n<p><img decoding=\"async\" src=\"https:\/\/www.hydraulic-cylinders.net\/wp-content\/uploads\/2025\/01\/songte-oil-pipes-and-spare-parts.webp\"><\/p>\n<h2>Aplikacje<\/h2>\n<p>Si\u0142ownik ramienia ma szerokie zastosowanie w r\u00f3\u017cnych ga\u0142\u0119ziach przemys\u0142u:<\/p>\n<ul>\n<li><strong>In\u017cynieria budowlana:<\/strong> W koparkach i d\u017awigach si\u0142ownik ramienia steruje ruchem koparki lub wysi\u0119gnika podczas rob\u00f3t ziemnych, przenoszenia materia\u0142\u00f3w i instalacji konstrukcyjnych.<\/li>\n<li><strong>Produkcja:<\/strong> W zautomatyzowanych liniach produkcyjnych si\u0142ownik ramienia steruje ruchem ramienia robota podczas proces\u00f3w monta\u017cu, spawania i obs\u0142ugi, co zwi\u0119ksza wydajno\u015b\u0107 i dok\u0142adno\u015b\u0107 produkcji.<\/li>\n<li><strong>Maszyny rolnicze:<\/strong> W maszynach rolniczych, takich jak kombajny i siewniki, si\u0142ownik ramienia steruje ruchem ramienia roboczego podczas wykonywania takich zada\u0144, jak siew, nawo\u017cenie i zbi\u00f3r plon\u00f3w.<\/li>\n<li><strong>G\u00f3rnictwo:<\/strong> W sprz\u0119cie g\u00f3rniczym si\u0142ownik ramienia steruje ruchem ramienia sprz\u0119tu g\u00f3rniczego s\u0142u\u017c\u0105cego do wydobywania i transportu rudy.<\/li>\n<li><strong>Logistyka i transport:<\/strong> W w\u00f3zkach wid\u0142owych i robotach prze\u0142adunkowych si\u0142ownik ramienia steruje podnoszeniem i ruchem wide\u0142, umo\u017cliwiaj\u0105c transport i uk\u0142adanie materia\u0142\u00f3w.<\/li>\n<\/ul>\n<h2>Zagadnienia projektowe i kryteria wyboru<\/h2>\n<p>Si\u0142ownik ramienia zosta\u0142 zaprojektowany tak, aby spe\u0142nia\u0142 okre\u015blone kryteria, takie jak no\u015bno\u015b\u0107, szczelno\u015b\u0107, trwa\u0142o\u015b\u0107, bezpiecze\u0144stwo i \u0142atwo\u015b\u0107 konserwacji. Kryteria te s\u0105 kluczowe dla zapewnienia optymalnej wydajno\u015bci i trwa\u0142o\u015bci si\u0142ownika. <\/p>\n<h3>No\u015bno\u015b\u0107<\/h3>\n<p>No\u015bno\u015b\u0107 cylindra ramienia jest kluczowym czynnikiem przy jego projektowaniu i doborze. Okre\u015bla ona maksymalne obci\u0105\u017cenie, jakie cylinder mo\u017ce wytrzyma\u0107, zapewniaj\u0105c p\u0142ynn\u0105 i wydajn\u0105 prac\u0119 ramienia robota.<\/p>\n<h3>Zdolno\u015b\u0107 uszczelniania<\/h3>\n<p>Uszczelnienie si\u0142ownika ramienia ma kluczowe znaczenie dla zapobiegania wyciekom p\u0142ynu hydraulicznego, zapewniaj\u0105c optymaln\u0105 prac\u0119 i trwa\u0142o\u015b\u0107 si\u0142ownika. Do skutecznego uszczelnienia si\u0142ownika stosuje si\u0119 r\u00f3\u017cne elementy uszczelniaj\u0105ce, takie jak uszczelki t\u0142oka, uszczelki t\u0142oczyska i zgarniacze.<\/p>\n<h3>Trwa\u0142o\u015b\u0107<\/h3>\n<p>Trwa\u0142o\u015b\u0107 si\u0142ownika ramienia jest kluczowym czynnikiem przy jego projektowaniu i doborze. Musi on wytrzyma\u0107 du\u017ce obci\u0105\u017cenia, zu\u017cycie i korozj\u0119. Aby zwi\u0119kszy\u0107 trwa\u0142o\u015b\u0107 si\u0142ownika, stosuje si\u0119 materia\u0142y o wysokiej wytrzyma\u0142o\u015bci, obr\u00f3bk\u0119 powierzchni i pow\u0142oki antykorozyjne.<\/p>\n<h3>Bezpiecze\u0144stwo<\/h3>\n<p>Bezpiecze\u0144stwo jest kluczowym czynnikiem przy projektowaniu i doborze cylindra ramienia. Musi on by\u0107 zgodny z normami i przepisami bezpiecze\u0144stwa, zapewniaj\u0105c bezpieczn\u0105 i niezawodn\u0105 prac\u0119 ramienia robota.<\/p>\n<h3>Utrzymywalno\u015b\u0107<\/h3>\n<p>\u0141atwo\u015b\u0107 konserwacji cylindra ramienia ma kluczowe znaczenie dla zapewnienia jego trwa\u0142o\u015bci i optymalnej wydajno\u015bci. Konstrukcja musi uwzgl\u0119dnia\u0107 \u0142atwo\u015b\u0107 konserwacji i wymiany, umo\u017cliwiaj\u0105c \u0142atw\u0105 kontrol\u0119 i napraw\u0119 cylindra.<\/p>\n<p><img decoding=\"async\" src=\"https:\/\/www.hydraulic-cylinders.net\/wp-content\/uploads\/2025\/01\/songte-cylinder-head-with-all-kinds-excavator-models.webp\"><\/p>\n<h2>Uszczelnianie i smarowanie<\/h2>\n<p>Si\u0142ownik ramienia wykorzystuje r\u00f3\u017cnorodne elementy uszczelniaj\u0105ce, aby zapewni\u0107 skuteczne uszczelnienie i zapobiec wyciekom p\u0142ynu hydraulicznego. Uszczelki t\u0142oka, t\u0142oczyska i zgarniacze dobierane s\u0105 na podstawie materia\u0142u, trwa\u0142o\u015bci i w\u0142a\u015bciwo\u015bci uszczelniaj\u0105cych. Powierzchnia si\u0142ownika jest poddawana obr\u00f3bce w celu zwi\u0119kszenia odporno\u015bci na zu\u017cycie, a pow\u0142oki antykorozyjne zapobiegaj\u0105 korozji.<\/p>\n<p>Si\u0142ownik ramienia wymaga regularnego smarowania, aby utrzyma\u0107 optymaln\u0105 wydajno\u015b\u0107 i \u017cywotno\u015b\u0107. Do smarowania si\u0142ownika wymagany jest odpowiedni olej hydrauliczny, a regularna wymiana oleju jest konieczna dla zapewnienia prawid\u0142owego dzia\u0142ania si\u0142ownika. <\/p>\n<h2>Konserwacja i \u015brodki zapobiegawcze<\/h2>\n<p>Regularne przegl\u0105dy i konserwacja zapobiegawcza s\u0105 niezb\u0119dne dla zapewnienia optymalnej wydajno\u015bci i trwa\u0142o\u015bci si\u0142ownika ramienia. Regularne czyszczenie, wymiana oleju oraz kontrola element\u00f3w uszczelniaj\u0105cych i cz\u0119\u015bci eksploatacyjnych s\u0105 niezb\u0119dne do identyfikacji i rozwi\u0105zania potencjalnych problem\u00f3w. <\/p>\n<h2>Przewodnik instalacji<\/h2>\n<p>Monta\u017c si\u0142ownika ramienia wymaga starannego rozwa\u017cenia konstrukcji uk\u0142adu hydraulicznego i specyfikacji maszyny. Si\u0142ownik musi by\u0107 zamontowany w prawid\u0142owej pozycji i wyr\u00f3wnany z uk\u0142adem hydraulicznym maszyny. Powierzchnie monta\u017cowe si\u0142ownika musz\u0105 by\u0107 czyste i wolne od zanieczyszcze\u0144, a \u015bruby musz\u0105 by\u0107 dokr\u0119cone z wymaganym momentem obrotowym. <\/p>\n<p><img decoding=\"async\" src=\"https:\/\/www.hydraulic-cylinders.net\/wp-content\/uploads\/2025\/01\/songte-bushings-with-all-kinds-of-excavator-models.webp\"><\/p>\n<h2>Zagadnienia bezpiecze\u0144stwa i czynniki \u015brodowiskowe<\/h2>\n<p>Bezpieczna obs\u0142uga si\u0142ownika ramienia ma kluczowe znaczenie dla zapobiegania wypadkom i urazom. Odpowiednie przeszkolenie oraz przestrzeganie norm i przepis\u00f3w bezpiecze\u0144stwa s\u0105 kluczowe dla operatora i personelu konserwacyjnego. Aby zapewni\u0107 optymaln\u0105 wydajno\u015b\u0107 i trwa\u0142o\u015b\u0107 si\u0142ownika, nale\u017cy r\u00f3wnie\u017c uwzgl\u0119dni\u0107 czynniki \u015brodowiskowe, takie jak temperatura, wilgotno\u015b\u0107 i czynniki korozyjne.<\/p>\n<h2>Rozwi\u0105zywanie problem\u00f3w i typowe problemy<\/h2>\n<p>Si\u0142ownik ramienia mo\u017ce napotyka\u0107 na r\u00f3\u017cne problemy, takie jak niewystarczaj\u0105ca si\u0142a, nieszczelno\u015b\u0107 i nieprawid\u0142owe dzia\u0142anie. Regularne kontrole i konserwacja zapobiegawcza mog\u0105 pom\u00f3c w rozwi\u0105zaniu potencjalnych problem\u00f3w. W przypadku wyst\u0105pienia problem\u00f3w, odpowiednie techniki rozwi\u0105zywania problem\u00f3w mog\u0105 pom\u00f3c w ich identyfikacji i skutecznym rozwi\u0105zaniu.<\/p>\n<h2>O nas<\/h2>\n<p>Jeste\u015bmy profesjonalnym producentem zamiennych cylindr\u00f3w hydraulicznych, oferuj\u0105cym szerok\u0105 gam\u0119 produkt\u00f3w. Stali\u015bmy si\u0119 jednym z wiod\u0105cych producent\u00f3w i dystrybutor\u00f3w cylindr\u00f3w hydraulicznych na rynku krajowym i mi\u0119dzynarodowym. Zawsze przestrzegamy zasady doskona\u0142ej jako\u015bci, opieraj\u0105c si\u0119 na strategii zarz\u0105dzania produkcj\u0105 przemys\u0142ow\u0105 w naszym warsztacie produkcyjnym, stale podnosz\u0105c poziom techniczny i wydajno\u015b\u0107 produkcji. Naszym celem jest zaspokojenie zr\u00f3\u017cnicowanych potrzeb klient\u00f3w poprzez wysok\u0105 wydajno\u015b\u0107, precyzj\u0119 i wysok\u0105 jako\u015b\u0107.<\/p>\n<h3>Profesjonalizm<\/h3>\n<p>Nasz zesp\u00f3\u0142 ekspert\u00f3w mo\u017ce pochwali\u0107 si\u0119 wieloletnim do\u015bwiadczeniem w projektowaniu, produkcji i naprawie cylindr\u00f3w hydraulicznych, co gwarantuje najwy\u017cszy poziom profesjonalizmu i wiedzy fachowej.<\/p>\n<h3>Mi\u0119dzynarodowa Certyfikacja<\/h3>\n<p>Nasze produkty posiadaj\u0105 certyfikaty zgodno\u015bci z wieloma normami i przepisami mi\u0119dzynarodowymi, co gwarantuje zgodno\u015b\u0107 z wymogami bezpiecze\u0144stwa i jako\u015bci.<\/p>\n<h3>Us\u0142ugi personalizacji<\/h3>\n<p>Oferujemy us\u0142ugi dostosowane do indywidualnych potrzeb naszych klient\u00f3w, obejmuj\u0105ce projektowanie, produkcj\u0119, naprawy i konserwacj\u0119.<\/p>\n<h3>Sprz\u0119t produkcyjny<\/h3>\n<p>Dysponujemy zaawansowanym cyfrowym sprz\u0119tem produkcyjnym i profesjonalnymi systemami testowymi, co gwarantuje wysok\u0105 jako\u015b\u0107 produkt\u00f3w i wydajn\u0105 produkcj\u0119.<\/p>\n<h3>Serwis posprzeda\u017cowy<\/h3>\n<p>Zapewniamy kompleksow\u0105 obs\u0142ug\u0119 posprzeda\u017cow\u0105, obejmuj\u0105c\u0105 wsparcie techniczne, naprawy i konserwacj\u0119, co gwarantuje optymaln\u0105 wydajno\u015b\u0107 i trwa\u0142o\u015b\u0107 naszych produkt\u00f3w.<\/p>\n<p><img decoding=\"async\" src=\"https:\/\/www.hydraulic-cylinders.net\/wp-content\/uploads\/2025\/01\/songte-company-4.webp\"><br \/>\n<img decoding=\"async\" src=\"https:\/\/www.hydraulic-cylinders.net\/wp-content\/uploads\/2025\/01\/songte-company-3.webp\"><\/p>\n<p>Autor: lyl.<\/p>","protected":false},"excerpt":{"rendered":"<p>Arm Cylinder For Volvo Large Excavator EC700B Introduction The arm cylinder is a specialized hydraulic cylinder designed to provide linear motion and power to the arms of various machinery such as excavators, cranes, and robotic arms. The arm cylinder plays a crucial role in hydraulic systems, allowing for effective movement and control of attachments or [&hellip;]<\/p>","protected":false},"featured_media":14783,"comment_status":"open","ping_status":"closed","template":"","meta":{"_et_pb_use_builder":"","_et_pb_old_content":"","_et_gb_content_width":""},"product_brand":[],"product_cat":[1497],"product_tag":[1498,1496],"class_list":{"0":"post-16336","1":"product","2":"type-product","3":"status-publish","4":"has-post-thumbnail","6":"product_cat-arm-cylinders","7":"product_tag-arm-cylinders","8":"product_tag-hydraulic-cylinders","10":"first","11":"instock","12":"shipping-taxable","13":"product-type-simple"},"amp_enabled":true,"_links":{"self":[{"href":"https:\/\/www.hydraulic-cylinders.net\/pl\/wp-json\/wp\/v2\/product\/16336","targetHints":{"allow":["GET"]}}],"collection":[{"href":"https:\/\/www.hydraulic-cylinders.net\/pl\/wp-json\/wp\/v2\/product"}],"about":[{"href":"https:\/\/www.hydraulic-cylinders.net\/pl\/wp-json\/wp\/v2\/types\/product"}],"replies":[{"embeddable":true,"href":"https:\/\/www.hydraulic-cylinders.net\/pl\/wp-json\/wp\/v2\/comments?post=16336"}],"wp:featuredmedia":[{"embeddable":true,"href":"https:\/\/www.hydraulic-cylinders.net\/pl\/wp-json\/wp\/v2\/media\/14783"}],"wp:attachment":[{"href":"https:\/\/www.hydraulic-cylinders.net\/pl\/wp-json\/wp\/v2\/media?parent=16336"}],"wp:term":[{"taxonomy":"product_brand","embeddable":true,"href":"https:\/\/www.hydraulic-cylinders.net\/pl\/wp-json\/wp\/v2\/product_brand?post=16336"},{"taxonomy":"product_cat","embeddable":true,"href":"https:\/\/www.hydraulic-cylinders.net\/pl\/wp-json\/wp\/v2\/product_cat?post=16336"},{"taxonomy":"product_tag","embeddable":true,"href":"https:\/\/www.hydraulic-cylinders.net\/pl\/wp-json\/wp\/v2\/product_tag?post=16336"}],"curies":[{"name":"wp","href":"https:\/\/api.w.org\/{rel}","templated":true}]}}