{"id":16338,"date":"2025-01-20T09:07:05","date_gmt":"2025-01-20T09:07:05","guid":{"rendered":"https:\/\/www.hydraulic-cylinders.net\/product\/arm-cylinderfor-volvo-large-excavator-ec380d\/"},"modified":"2025-01-20T09:07:10","modified_gmt":"2025-01-20T09:07:10","slug":"arm-cylinderfor-volvo-large-excavator-ec380d","status":"publish","type":"product","link":"https:\/\/www.hydraulic-cylinders.net\/pl\/produkt\/arm-cylinderfor-volvo-large-excavator-ec380d\/","title":{"rendered":"Si\u0142ownik ramienia do du\u017cej koparki Volvo EC380D"},"content":{"rendered":"<h2>Si\u0142ownik ramienia do du\u017cej koparki Volvo EC380D<\/h2>\n<h3>Wst\u0119p<\/h3>\n<p>Si\u0142ownik ramienia to specjalnie zaprojektowany si\u0142ownik hydrauliczny, kt\u00f3ry zapewnia ruch liniowy i zasilanie ramienia r\u00f3\u017cnego rodzaju maszyn, takich jak koparki, d\u017awigi i ramiona mechaniczne. Si\u0142ownik ramienia odgrywa kluczow\u0105 rol\u0119 w uk\u0142adzie hydraulicznym, umo\u017cliwiaj\u0105c ruch osprz\u0119tu i akcesori\u00f3w oraz ich efektywne sterowanie. Si\u0142owniki te nie tylko zapewniaj\u0105 p\u0142ynny ruch, ale tak\u017ce wytrzymuj\u0105 du\u017ce obci\u0105\u017cenia, gwarantuj\u0105c wydajn\u0105 prac\u0119 i niezawodno\u015b\u0107 maszyn w r\u00f3\u017cnych warunkach eksploatacyjnych.<\/p>\n<p><img decoding=\"async\" src=\"https:\/\/www.hydraulic-cylinders.net\/wp-content\/uploads\/2025\/01\/songte-company-2.webp\"><\/p>\n<h3>Cechy<\/h3>\n<ul>\n<li>Wydajne przenoszenie mocy: Cylinder ramienia zapewnia mocny ruch liniowy i si\u0142\u0119, gwarantuj\u0105c wysok\u0105 wydajno\u015b\u0107 ramienia mechanicznego podczas r\u00f3\u017cnych operacji.<\/li>\n<li>Precyzyjna kontrola: Dzi\u0119ki uk\u0142adowi hydraulicznemu si\u0142ownik ramienia mo\u017ce uzyska\u0107 precyzyjn\u0105 kontrol\u0119 ruchu, co sprawia, \u017ce \u200b\u200bobs\u0142uga osprz\u0119tu jest bardziej elastyczna i dok\u0142adna.<\/li>\n<li>Wysoka trwa\u0142o\u015b\u0107: Cylinder ramienia jest zwykle wykonany z materia\u0142\u00f3w o wysokiej wytrzyma\u0142o\u015bci, odpornych na zu\u017cycie i korozj\u0119, odpowiednich do d\u0142ugotrwa\u0142ego u\u017cytkowania w trudnych warunkach.<\/li>\n<li>Wielofunkcyjna mo\u017cliwo\u015b\u0107 adaptacji: Te cylindry mo\u017cna szeroko stosowa\u0107 w r\u00f3\u017cnych urz\u0105dzeniach mechanicznych, takich jak koparki, d\u017awigi i ramiona mechaniczne, dostosowuj\u0105c je do r\u00f3\u017cnych wymaga\u0144 roboczych.<\/li>\n<li>\u0141atwa konserwacja: Projekt uwzgl\u0119dnia \u0142atwo\u015b\u0107 konserwacji i wymiany, dzi\u0119ki czemu regularne kontrole i konserwacje s\u0105 wygodniejsze, a przestoje sprz\u0119tu kr\u00f3tsze.<\/li>\n<\/ul>\n<p>Mo\u017cemy wyprodukowa\u0107 ten produkt, kt\u00f3ry doskonale zast\u0105pi te cylindry hydrauliczne.<\/p>\n<p><img decoding=\"async\" src=\"https:\/\/www.hydraulic-cylinders.net\/wp-content\/uploads\/2025\/01\/songte-oil-pipes-and-spare-parts.webp\"><\/p>\n<h3>Aplikacje<\/h3>\n<p>Si\u0142ownik ramienia jest szeroko stosowany w r\u00f3\u017cnych ga\u0142\u0119ziach przemys\u0142u do r\u00f3\u017cnych cel\u00f3w:<\/p>\n<ul>\n<li>Budownictwo: W koparkach i d\u017awigach si\u0142ownik ramienia s\u0142u\u017cy do sterowania ruchem \u0142y\u017cki lub wysi\u0119gnika podczas rob\u00f3t ziemnych, przenoszenia materia\u0142\u00f3w i instalacji konstrukcyjnych.<\/li>\n<li>Produkcja: W zautomatyzowanych liniach produkcyjnych si\u0142ownik ramienia jest wykorzystywany do poruszania ramion mechanicznych podczas monta\u017cu, spawania i transportu materia\u0142\u00f3w, co zwi\u0119ksza wydajno\u015b\u0107 i dok\u0142adno\u015b\u0107 produkcji.<\/li>\n<li>Maszyny rolnicze: W maszynach rolniczych, takich jak kombajny i sadzarki, si\u0142ownik ramienia steruje ruchem ramienia roboczego, wykonuj\u0105cego takie zadania, jak sadzenie, nawo\u017cenie i zbi\u00f3r.<\/li>\n<li>G\u00f3rnictwo: W sprz\u0119cie g\u00f3rniczym si\u0142ownik ramienia s\u0142u\u017cy do sterowania ruchem ramienia sprz\u0119tu g\u00f3rniczego wykorzystywanego do wydobywania i transportu rudy.<\/li>\n<li>Logistyka i transport: W w\u00f3zkach wid\u0142owych i robotach prze\u0142adunkowych si\u0142ownik ramienia s\u0142u\u017cy do sterowania podnoszeniem i ruchem wide\u0142 w celu przenoszenia materia\u0142\u00f3w i ich uk\u0142adania.<\/li>\n<\/ul>\n<h3>Zagadnienia projektowe i standardy wyboru<\/h3>\n<p>Bior\u0105c pod uwag\u0119 za\u0142o\u017cenia projektowe, cylinder ramienia powinien charakteryzowa\u0107 si\u0119 du\u017c\u0105 no\u015bno\u015bci\u0105, dobrym uszczelnieniem, trwa\u0142o\u015bci\u0105, bezpiecze\u0144stwem i \u0142atwo\u015bci\u0105 konserwacji.<\/p>\n<ul>\n<li>No\u015bno\u015b\u0107: Si\u0142ownik ramienia powinien by\u0107 w stanie wytrzyma\u0107 obci\u0105\u017cenie maszyny i osprz\u0119tu.<\/li>\n<li>Uszczelnienie: W cylindrze ramienia nale\u017cy stosowa\u0107 r\u00f3\u017cne elementy uszczelniaj\u0105ce, takie jak uszczelnienia t\u0142oka i uszczelnienia t\u0142oczyska, wykonane z materia\u0142\u00f3w odpornych na zu\u017cycie, takich jak poliuretan i kauczuk nitrylowy.<\/li>\n<li>Trwa\u0142o\u015b\u0107: Korpus cylindra i powierzchnia ko\u0144cowa gwintu cylindra ramienia powinny by\u0107 precyzyjnie obrobione w celu zwi\u0119kszenia odporno\u015bci na zu\u017cycie.<\/li>\n<li>Bezpiecze\u0144stwo: Cylinder ramienia powinien by\u0107 wyposa\u017cony w zabezpieczenia, takie jak zawory bezpiecze\u0144stwa zapobiegaj\u0105ce przeci\u0105\u017ceniu.<\/li>\n<li>\u0141atwo\u015b\u0107 konserwacji: Konstrukcja cylindra ramienia powinna uwzgl\u0119dnia\u0107 \u0142atwo\u015b\u0107 konserwacji i wymiany podzespo\u0142\u00f3w.<\/li>\n<\/ul>\n<p><img decoding=\"async\" src=\"https:\/\/www.hydraulic-cylinders.net\/wp-content\/uploads\/2025\/01\/songte-cylinder-head-with-all-kinds-excavator-models.webp\"><\/p>\n<h3>Uszczelnianie i smarowanie<\/h3>\n<p>Si\u0142ownik ramienia wykorzystuje r\u00f3\u017cnorodne elementy uszczelniaj\u0105ce, takie jak uszczelnienia t\u0142oka i t\u0142oczyska, wykonane z materia\u0142\u00f3w odpornych na zu\u017cycie, takich jak poliuretan i kauczuk nitrylowy. Korpus si\u0142ownika i powierzchnia gwintu si\u0142ownika ramienia s\u0105 precyzyjnie obrobione w celu zwi\u0119kszenia odporno\u015bci na zu\u017cycie. Regularne uzupe\u0142nianie odpowiedniej ilo\u015bci oleju hydraulicznego jest niezb\u0119dne do smarowania.<\/p>\n<h3>Konserwacja i naprawa<\/h3>\n<p>Regularne kontrole i konserwacja zapobiegawcza mog\u0105 ograniczy\u0107 potencjalne problemy i wyd\u0142u\u017cy\u0107 \u017cywotno\u015b\u0107 cylindra ramienia.<\/p>\n<ul>\n<li>Regularnie sprawdzaj szczelno\u015b\u0107 cylindra.<\/li>\n<li>Uszkodzone lub zu\u017cyte uszczelki nale\u017cy wymienia\u0107 w odpowiednim czasie.<\/li>\n<li>Nale\u017cy regularnie sprawdza\u0107 poziom i jako\u015b\u0107 oleju hydraulicznego; w razie konieczno\u015bci wymieni\u0107 go.<\/li>\n<li>Regularnie czy\u015b\u0107 korpus cylindra i pr\u0119t, aby zapobiec zanieczyszczeniu i korozji.<\/li>\n<li>Do napraw i wymiany nale\u017cy u\u017cywa\u0107 specjalistycznych narz\u0119dzi i sprz\u0119tu.<\/li>\n<\/ul>\n<p><img decoding=\"async\" src=\"https:\/\/www.hydraulic-cylinders.net\/wp-content\/uploads\/2025\/01\/songte-chushion-collar.webp\"><\/p>\n<h3>Przewodnik instalacji<\/h3>\n<p>Post\u0119puj zgodnie z instrukcjami producenta dotycz\u0105cymi monta\u017cu si\u0142ownika ramienia. U\u017cywaj odpowiednich narz\u0119dzi i sprz\u0119tu oraz upewnij si\u0119, \u017ce si\u0142ownik jest czysty i wolny od zanieczyszcze\u0144. Upewnij si\u0119, \u017ce si\u0142ownik jest solidnie zamontowany, a przewody hydrauliczne s\u0105 prawid\u0142owo pod\u0142\u0105czone. Po monta\u017cu sprawd\u017a si\u0142ownik pod k\u0105tem prawid\u0142owego dzia\u0142ania i szczelno\u015bci.<\/p>\n<h3>Zagadnienia bezpiecze\u0144stwa i czynniki \u015brodowiskowe<\/h3>\n<p>Podczas obs\u0142ugi maszyn z si\u0142ownikiem ramienia nale\u017cy przestrzega\u0107 instrukcji bezpiecze\u0144stwa producenta i stosowa\u0107 \u015brodki ochrony indywidualnej. Prawid\u0142owa utylizacja oleju hydraulicznego i innych odpad\u00f3w jest r\u00f3wnie\u017c istotna dla zapobiegania zanieczyszczeniu \u015brodowiska.<\/p>\n<h3>Rozwi\u0105zywanie problem\u00f3w i typowe problemy<\/h3>\n<p>Do typowych problem\u00f3w z si\u0142ownikiem ramienia nale\u017c\u0105 wycieki, uszkodzone uszczelki i zanieczyszczony olej hydrauliczny. Rozwi\u0105zywanie problem\u00f3w powinno by\u0107 wykonywane przez przeszkolonych specjalist\u00f3w, przy u\u017cyciu specjalistycznych narz\u0119dzi i sprz\u0119tu. Potencjalne problemy mo\u017cna zminimalizowa\u0107, stosuj\u0105c odpowiednie procedury konserwacji i napraw.<\/p>\n<h3>O nas<\/h3>\n<p>Jeste\u015bmy profesjonalnym producentem zamiennych cylindr\u00f3w hydraulicznych, oferuj\u0105cym szerok\u0105 gam\u0119 produkt\u00f3w i stali\u015bmy si\u0119 jednym z wiod\u0105cych producent\u00f3w i dystrybutor\u00f3w cylindr\u00f3w hydraulicznych na rynku krajowym i zagranicznym. Zawsze przestrzegamy zasady najwy\u017cszej jako\u015bci, opieraj\u0105c si\u0119 na strategii zarz\u0105dzania produkcj\u0105 przemys\u0142ow\u0105 w wyspecjalizowanych warsztatach produkcyjnych, stale podnosz\u0105c poziom techniczny i wydajno\u015b\u0107 produkcji. Posiadamy silne mo\u017cliwo\u015bci innowacyjne dzi\u0119ki wprowadzaniu wysokiej klasy cyfrowego sprz\u0119tu produkcyjnego i profesjonalnych system\u00f3w testowych oraz ci\u0105g\u0142ej optymalizacji platformy produkcyjnej i procesu kontroli jako\u015bci produkt\u00f3w. Naszym celem jest zaspokajanie zr\u00f3\u017cnicowanych potrzeb klient\u00f3w, kieruj\u0105c si\u0119 zasadami wydajno\u015bci, precyzji i wysokiej jako\u015bci.<\/p>\n<p>Oferujemy naszym klientom profesjonalne us\u0142ugi, mi\u0119dzynarodowe certyfikaty, us\u0142ugi niestandardowe, sprz\u0119t produkcyjny i serwis posprzeda\u017cowy.<\/p>\n<p><img decoding=\"async\" src=\"https:\/\/www.hydraulic-cylinders.net\/wp-content\/uploads\/2025\/01\/songte-company-4.webp\"><br \/>\n<img decoding=\"async\" src=\"https:\/\/www.hydraulic-cylinders.net\/wp-content\/uploads\/2025\/01\/songte-company-3.webp\"><\/p>\n<p>Autor: lyl.<\/p>","protected":false},"excerpt":{"rendered":"<p>Arm Cylinder for Volvo Large Excavator EC380D Introduction The arm cylinder is a specially designed hydraulic cylinder that provides linear motion and power to the arm of various types of machinery such as excavators, cranes, and mechanical arms. The arm cylinder plays a key role in the hydraulic system, enabling attachments or accessories to move [&hellip;]<\/p>","protected":false},"featured_media":14777,"comment_status":"open","ping_status":"closed","template":"","meta":{"_et_pb_use_builder":"","_et_pb_old_content":"","_et_gb_content_width":""},"product_brand":[],"product_cat":[1497],"product_tag":[1498,1496],"class_list":{"0":"post-16338","1":"product","2":"type-product","3":"status-publish","4":"has-post-thumbnail","6":"product_cat-arm-cylinders","7":"product_tag-arm-cylinders","8":"product_tag-hydraulic-cylinders","10":"first","11":"instock","12":"shipping-taxable","13":"product-type-simple"},"amp_enabled":true,"_links":{"self":[{"href":"https:\/\/www.hydraulic-cylinders.net\/pl\/wp-json\/wp\/v2\/product\/16338","targetHints":{"allow":["GET"]}}],"collection":[{"href":"https:\/\/www.hydraulic-cylinders.net\/pl\/wp-json\/wp\/v2\/product"}],"about":[{"href":"https:\/\/www.hydraulic-cylinders.net\/pl\/wp-json\/wp\/v2\/types\/product"}],"replies":[{"embeddable":true,"href":"https:\/\/www.hydraulic-cylinders.net\/pl\/wp-json\/wp\/v2\/comments?post=16338"}],"wp:featuredmedia":[{"embeddable":true,"href":"https:\/\/www.hydraulic-cylinders.net\/pl\/wp-json\/wp\/v2\/media\/14777"}],"wp:attachment":[{"href":"https:\/\/www.hydraulic-cylinders.net\/pl\/wp-json\/wp\/v2\/media?parent=16338"}],"wp:term":[{"taxonomy":"product_brand","embeddable":true,"href":"https:\/\/www.hydraulic-cylinders.net\/pl\/wp-json\/wp\/v2\/product_brand?post=16338"},{"taxonomy":"product_cat","embeddable":true,"href":"https:\/\/www.hydraulic-cylinders.net\/pl\/wp-json\/wp\/v2\/product_cat?post=16338"},{"taxonomy":"product_tag","embeddable":true,"href":"https:\/\/www.hydraulic-cylinders.net\/pl\/wp-json\/wp\/v2\/product_tag?post=16338"}],"curies":[{"name":"wp","href":"https:\/\/api.w.org\/{rel}","templated":true}]}}