{"id":16339,"date":"2025-01-20T09:07:12","date_gmt":"2025-01-20T09:07:12","guid":{"rendered":"https:\/\/www.hydraulic-cylinders.net\/product\/arm-cylinderfor-volvo-large-excavator-ec460bp\/"},"modified":"2025-01-20T09:07:16","modified_gmt":"2025-01-20T09:07:16","slug":"arm-cylinderfor-volvo-large-excavator-ec460bp","status":"publish","type":"product","link":"https:\/\/www.hydraulic-cylinders.net\/pl\/produkt\/arm-cylinderfor-volvo-large-excavator-ec460bp\/","title":{"rendered":"Si\u0142ownik ramienia do du\u017cej koparki Volvo EC460BP"},"content":{"rendered":"<h1>Si\u0142ownik ramienia do du\u017cej koparki Volvo EC460BP<\/h1>\n<h2>Definicja i wyja\u015bnienie<\/h2>\n<p>Si\u0142ownik ramienia, znany r\u00f3wnie\u017c jako si\u0142ownik hydrauliczny, to specjalistyczny si\u0142ownik hydrauliczny zaprojektowany do zapewnienia ruchu liniowego i zasilania ramienia r\u00f3\u017cnych maszyn, takich jak koparki, d\u017awigi i ramiona robot\u00f3w. Si\u0142ownik ramienia odgrywa kluczow\u0105 rol\u0119 w uk\u0142adach hydraulicznych, umo\u017cliwiaj\u0105c wydajny ruch i sterowanie dodatkowymi narz\u0119dziami lub osprz\u0119tem. Si\u0142owniki te nie tylko zapewniaj\u0105 p\u0142ynny ruch, ale tak\u017ce wytrzymuj\u0105 du\u017ce obci\u0105\u017cenia, gwarantuj\u0105c wysok\u0105 wydajno\u015b\u0107 operacyjn\u0105 i niezawodno\u015b\u0107 maszyn w r\u00f3\u017cnych warunkach pracy.<\/p>\n<p><img decoding=\"async\" src=\"https:\/\/www.hydraulic-cylinders.net\/wp-content\/uploads\/2025\/01\/songte-company-2.webp\" alt=\"Obraz cylindra ramienia\"><\/p>\n<h2>Cechy si\u0142ownika ramienia do du\u017cej koparki Volvo EC460BP<\/h2>\n<ul>\n<li><strong>Wysoka wydajno\u015b\u0107 transmisji:<\/strong> Si\u0142ownik ramienia zapewnia mocny ruch liniowy i si\u0142\u0119, gwarantuj\u0105c wysok\u0105 wydajno\u015b\u0107 ramienia koparki podczas r\u00f3\u017cnych operacji.<\/li>\n<li><strong>Precyzyjna kontrola:<\/strong> Dzi\u0119ki uk\u0142adowi hydraulicznemu si\u0142ownik ramienia umo\u017cliwia precyzyjn\u0105 kontrol\u0119 ruchu, co sprawia, \u017ce \u200b\u200bobs\u0142uga dodatkowych narz\u0119dzi jest bardziej elastyczna i dok\u0142adna.<\/li>\n<li><strong>Trwa\u0142o\u015b\u0107:<\/strong> Cylindry ramienia s\u0105 zazwyczaj wykonane z materia\u0142\u00f3w o wysokiej wytrzyma\u0142o\u015bci, zapewniaj\u0105cych doskona\u0142\u0105 odporno\u015b\u0107 na zu\u017cycie i korozj\u0119, dzi\u0119ki czemu nadaj\u0105 si\u0119 do d\u0142ugotrwa\u0142ego u\u017cytkowania w trudnych warunkach.<\/li>\n<li><strong>Wielofunkcyjna adaptowalno\u015b\u0107:<\/strong> Cylindry te mog\u0105 by\u0107 szeroko stosowane w r\u00f3\u017cnych maszynach, takich jak koparki, d\u017awigi i ramiona robotyczne, dostosowuj\u0105c si\u0119 do r\u00f3\u017cnych wymaga\u0144 roboczych.<\/li>\n<li><strong>\u0141atwa konserwacja:<\/strong> Konstrukcja cylindra ramienia uwzgl\u0119dnia \u0142atwo\u015b\u0107 konserwacji i wymiany, dzi\u0119ki czemu regularne kontrole i konserwacje staj\u0105 si\u0119 wygodniejsze, a przestoje sprz\u0119tu zostaj\u0105 skr\u00f3cone.<\/li>\n<\/ul>\n<p><img decoding=\"async\" src=\"https:\/\/www.hydraulic-cylinders.net\/wp-content\/uploads\/2025\/01\/songte-oil-pipes-and-spare-parts.webp\" alt=\"Obraz cz\u0119\u015bci zamiennych cylindra ramienia\"><\/p>\n<h2>Zastosowania cylindra ramienia<\/h2>\n<p>Cylindry ramieniowe znajduj\u0105 zastosowanie w r\u00f3\u017cnych ga\u0142\u0119ziach przemys\u0142u i sektorach:<\/p>\n<ul>\n<li><strong>In\u017cynieria budowlana:<\/strong> W koparkach i d\u017awigach si\u0142owniki ramieniowe s\u0142u\u017c\u0105 do sterowania ruchem \u0142y\u017cek lub wysi\u0119gnik\u00f3w podczas rob\u00f3t ziemnych, przenoszenia materia\u0142\u00f3w i instalacji konstrukcyjnych.<\/li>\n<li><strong>Przemys\u0142 wytw\u00f3rczy:<\/strong> W zautomatyzowanych liniach produkcyjnych do poruszania ramionami robot\u00f3w stosuje si\u0119 si\u0142owniki ramieniowe, co umo\u017cliwia wykonywanie proces\u00f3w monta\u017cu, spawania i obs\u0142ugi materia\u0142\u00f3w, a tym samym zwi\u0119ksza wydajno\u015b\u0107 i precyzj\u0119 produkcji.<\/li>\n<li><strong>Maszyny rolnicze:<\/strong> W maszynach rolniczych, takich jak kombajny i siewniki, si\u0142owniki ramion steruj\u0105 ruchem ramion roboczych, wykonuj\u0105cych zadania takie jak siew, nawo\u017cenie i zbi\u00f3r.<\/li>\n<li><strong>Przemys\u0142 g\u00f3rniczy:<\/strong> W sprz\u0119cie g\u00f3rniczym cylindry ramieniowe s\u0142u\u017c\u0105 do sterowania ruchem ramion g\u00f3rniczych podczas wydobywania i transportu rudy.<\/li>\n<li><strong>Logistyka i transport:<\/strong> W w\u00f3zkach wid\u0142owych i robotach prze\u0142adunkowych si\u0142owniki ramion steruj\u0105 podnoszeniem i ruchem wide\u0142, umo\u017cliwiaj\u0105c przenoszenie i uk\u0142adanie materia\u0142\u00f3w.<\/li>\n<\/ul>\n<h2>Zagadnienia projektowe i kryteria wyboru<\/h2>\n<ul>\n<li><strong>No\u015bno\u015b\u0107:<\/strong> Si\u0142ownik ramienia powinien by\u0107 zaprojektowany tak, aby wytrzyma\u0142 wymagane obci\u0105\u017cenie, co zapewni bezpieczn\u0105 i wydajn\u0105 prac\u0119.<\/li>\n<li><strong>Opiecz\u0119towanie:<\/strong> Aby zapewni\u0107 odpowiednie uszczelnienie i zapobiec przeciekom, stosuje si\u0119 r\u00f3\u017cne elementy uszczelniaj\u0105ce, takie jak uszczelki t\u0142okowe i uszczelki t\u0142oczyskowe.<\/li>\n<li><strong>Trwa\u0142o\u015b\u0107:<\/strong> Cylinder ramienia powinien by\u0107 wykonany z trwa\u0142ych materia\u0142\u00f3w, aby by\u0142 odporny na zu\u017cycie i korozj\u0119, co zapewni d\u0142ugotrwa\u0142\u0105 wydajno\u015b\u0107.<\/li>\n<li><strong>Bezpiecze\u0144stwo:<\/strong> Aby zapobiec wypadkom podczas pracy, nale\u017cy zastosowa\u0107 takie zabezpieczenia, jak zawory bezpiecze\u0144stwa i mechanizmy zatrzymania awaryjnego.<\/li>\n<li><strong>Utrzymywalno\u015b\u0107:<\/strong> Projektanci powinni wzi\u0105\u0107 pod uwag\u0119 \u0142atwo\u015b\u0107 konserwacji i napraw, umo\u017cliwiaj\u0105c szybk\u0105 kontrol\u0119 i wymian\u0119 podzespo\u0142\u00f3w.<\/li>\n<\/ul>\n<p><img decoding=\"async\" src=\"https:\/\/www.hydraulic-cylinders.net\/wp-content\/uploads\/2025\/01\/songte-cylinder-head-with-all-kinds-excavator-models.webp\" alt=\"Obraz projektu cylindra ramienia\"><\/p>\n<h2>Uszczelnianie i smarowanie<\/h2>\n<p>Si\u0142ownik ramienia wykorzystuje r\u00f3\u017cne elementy uszczelniaj\u0105ce, takie jak uszczelnienia t\u0142oka i t\u0142oczyska. Uszczelnienia te wykonane s\u0105 z materia\u0142\u00f3w odpornych na zu\u017cycie, takich jak poliuretan i kauczuk nitrylowy. Korpus si\u0142ownika i gwintowane ko\u0144c\u00f3wki s\u0105 precyzyjnie obrobione w celu zwi\u0119kszenia odporno\u015bci na zu\u017cycie. Aby zapewni\u0107 p\u0142ynn\u0105 prac\u0119, wymagane jest regularne smarowanie odpowiednim olejem hydraulicznym.<\/p>\n<h2>Regularne kontrole i konserwacja zapobiegawcza<\/h2>\n<ul>\n<li>Regularnie sprawdzaj, czy nie ma \u015blad\u00f3w wyciek\u00f3w, p\u0119kni\u0119\u0107 lub nietypowych d\u017awi\u0119k\u00f3w.<\/li>\n<li>Sprawd\u017a uszczelki i w razie potrzeby wymie\u0144 je.<\/li>\n<li>Monitoruj poziom p\u0142ynu hydraulicznego i uzupe\u0142niaj go w razie potrzeby.<\/li>\n<li>Sprawd\u017a, czy mocowanie i po\u0142\u0105czenia cylindra nie s\u0105 lu\u017ane lub uszkodzone.<\/li>\n<li>Regularnie czy\u015b\u0107 cylinder, aby zapobiec gromadzeniu si\u0119 brudu i zanieczyszcze\u0144.<\/li>\n<\/ul>\n<h2>Instrukcja instalacji produktu<\/h2>\n<p>1. Zacznij od upewnienia si\u0119, \u017ce maszyny s\u0105 wy\u0142\u0105czone i bezpiecznie zabezpieczone.<\/p>\n<p>2. Okre\u015bl punkty mocowania si\u0142ownika ramienia na maszynie.<\/p>\n<p>3. Dok\u0142adnie wyr\u00f3wnaj cylinder ramienia z punktami mocowania i przymocuj go solidnie, u\u017cywaj\u0105c odpowiednich element\u00f3w mocuj\u0105cych.<\/p>\n<p>4. Sprawd\u017a wyr\u00f3wnanie cylindra, aby upewni\u0107 si\u0119, \u017ce ruch i luz s\u0105 prawid\u0142owe.<\/p>\n<p>5. Pod\u0142\u0105cz przewody hydrauliczne i z\u0142\u0105czki do odpowiednich port\u00f3w na cylindrze.<\/p>\n<p>6. Sprawd\u017a dok\u0142adnie wszystkie po\u0142\u0105czenia pod k\u0105tem prawid\u0142owego dokr\u0119cenia i zabezpiecz wszystkie lu\u017ane elementy.<\/p>\n<p>7. Sprawd\u017a ruch si\u0142ownika ramienia za pomoc\u0105 sterowania hydraulicznego, aby upewni\u0107 si\u0119, \u017ce dzia\u0142a p\u0142ynnie.<\/p>\n<p><img decoding=\"async\" src=\"https:\/\/www.hydraulic-cylinders.net\/wp-content\/uploads\/2025\/01\/songte-bushings-with-all-kinds-of-excavator-models.webp\" alt=\"Obraz instalacji cylindra ramienia\"><\/p>\n<h2>Zagadnienia bezpiecze\u0144stwa i czynniki \u015brodowiskowe<\/h2>\n<p>Podczas u\u017cytkowania si\u0142ownik\u00f3w ramienia, konieczne jest przestrzeganie odpowiednich \u015brodk\u00f3w bezpiecze\u0144stwa, aby zapobiec wypadkom i zapewni\u0107 bezpiecze\u0144stwo operatora. Obejmuje to noszenie odpowiedniego sprz\u0119tu ochrony osobistej, przestrzeganie wytycznych dotycz\u0105cych obs\u0142ugi oraz regularne kontrole bezpiecze\u0144stwa. Dodatkowo, aby zapewni\u0107 optymaln\u0105 wydajno\u015b\u0107 i trwa\u0142o\u015b\u0107 si\u0142ownika ramienia, nale\u017cy uwzgl\u0119dni\u0107 czynniki \u015brodowiskowe, takie jak temperatura, wilgotno\u015b\u0107 i nara\u017cenie na substancje \u017cr\u0105ce.<\/p>\n<h2>Rozwi\u0105zywanie problem\u00f3w i typowe problemy<\/h2>\n<p>Do typowych problem\u00f3w, kt\u00f3re mog\u0105 wyst\u0105pi\u0107 w przypadku cylindr\u00f3w ramienia, nale\u017c\u0105:<\/p>\n<ul>\n<li>Wyciek z uszczelek lub po\u0142\u0105cze\u0144<\/li>\n<li>Powolny lub szarpany ruch<\/li>\n<li>Ha\u0142as podczas pracy<\/li>\n<li>Utrata mocy lub si\u0142y<\/li>\n<\/ul>\n<p>Aby rozwi\u0105za\u0107 te problemy:<\/p>\n<ul>\n<li>Sprawd\u017a i wymie\u0144 wszelkie uszkodzone uszczelki i po\u0142\u0105czenia.<\/li>\n<li>Sprawd\u017a poziom i jako\u015b\u0107 p\u0142ynu hydraulicznego; w razie konieczno\u015bci uzupe\u0142nij go lub wymie\u0144.<\/li>\n<li>Wyczy\u015b\u0107 cylinder i nasmaruj ruchome cz\u0119\u015bci, aby zapewni\u0107 p\u0142ynn\u0105 prac\u0119.<\/li>\n<li>Sprawd\u017a uk\u0142ad hydrauliczny pod k\u0105tem potencjalnych usterek i w razie potrzeby skonsultuj si\u0119 ze specjalist\u0105.<\/li>\n<\/ul>\n<p><img decoding=\"async\" src=\"https:\/\/www.hydraulic-cylinders.net\/wp-content\/uploads\/2025\/01\/songte-chushion-collar.webp\" alt=\"Rozwi\u0105zywanie problem\u00f3w z cylindrem ramienia Obraz\"><\/p>\n<p>Pami\u0119taj, aby artyku\u0142 by\u0142 logicznie uporz\u0105dkowany, u\u017cywaj podtytu\u0142\u00f3w u\u0142atwiaj\u0105cych nawigacj\u0119, dodawaj odpowiednie obrazy lub diagramy, aby u\u0142atwi\u0107 zrozumienie, a tak\u017ce zadbaj o to, aby tre\u015b\u0107 by\u0142a przejrzysta, zwi\u0119z\u0142a i odpowiednia dla czytelnik\u00f3w o r\u00f3\u017cnym poziomie wiedzy technicznej.<\/p>\n<p>Autor: lyl<\/p>\n<p><img decoding=\"async\" src=\"https:\/\/www.hydraulic-cylinders.net\/wp-content\/uploads\/2025\/01\/songte-company-4.webp\" alt=\"Obraz przegl\u0105du firmy\"><br \/>\n<img decoding=\"async\" src=\"https:\/\/www.hydraulic-cylinders.net\/wp-content\/uploads\/2025\/01\/songte-company-3.webp\" alt=\"Obraz przegl\u0105du firmy\"><\/p>","protected":false},"excerpt":{"rendered":"<p>Arm Cylinder For Volvo Large Excavator EC460BP Definition and Explanation An arm cylinder, also known as an hydraulic cylinder, is a specialized hydraulic cylinder designed to provide linear motion and power to the arm of various machinery, such as excavators, cranes, and robotic arms. The arm cylinder plays a crucial role in hydraulic systems, enabling [&hellip;]<\/p>","protected":false},"featured_media":14774,"comment_status":"open","ping_status":"closed","template":"","meta":{"_et_pb_use_builder":"","_et_pb_old_content":"","_et_gb_content_width":""},"product_brand":[],"product_cat":[1497],"product_tag":[1498,1496],"class_list":{"0":"post-16339","1":"product","2":"type-product","3":"status-publish","4":"has-post-thumbnail","6":"product_cat-arm-cylinders","7":"product_tag-arm-cylinders","8":"product_tag-hydraulic-cylinders","10":"first","11":"instock","12":"shipping-taxable","13":"product-type-simple"},"amp_enabled":true,"_links":{"self":[{"href":"https:\/\/www.hydraulic-cylinders.net\/pl\/wp-json\/wp\/v2\/product\/16339","targetHints":{"allow":["GET"]}}],"collection":[{"href":"https:\/\/www.hydraulic-cylinders.net\/pl\/wp-json\/wp\/v2\/product"}],"about":[{"href":"https:\/\/www.hydraulic-cylinders.net\/pl\/wp-json\/wp\/v2\/types\/product"}],"replies":[{"embeddable":true,"href":"https:\/\/www.hydraulic-cylinders.net\/pl\/wp-json\/wp\/v2\/comments?post=16339"}],"wp:featuredmedia":[{"embeddable":true,"href":"https:\/\/www.hydraulic-cylinders.net\/pl\/wp-json\/wp\/v2\/media\/14774"}],"wp:attachment":[{"href":"https:\/\/www.hydraulic-cylinders.net\/pl\/wp-json\/wp\/v2\/media?parent=16339"}],"wp:term":[{"taxonomy":"product_brand","embeddable":true,"href":"https:\/\/www.hydraulic-cylinders.net\/pl\/wp-json\/wp\/v2\/product_brand?post=16339"},{"taxonomy":"product_cat","embeddable":true,"href":"https:\/\/www.hydraulic-cylinders.net\/pl\/wp-json\/wp\/v2\/product_cat?post=16339"},{"taxonomy":"product_tag","embeddable":true,"href":"https:\/\/www.hydraulic-cylinders.net\/pl\/wp-json\/wp\/v2\/product_tag?post=16339"}],"curies":[{"name":"wp","href":"https:\/\/api.w.org\/{rel}","templated":true}]}}