{"id":16343,"date":"2025-01-20T09:07:31","date_gmt":"2025-01-20T09:07:31","guid":{"rendered":"https:\/\/www.hydraulic-cylinders.net\/product\/arm-cylinderfor-volvo-wheel-excavator-ew145bp\/"},"modified":"2025-01-20T09:07:33","modified_gmt":"2025-01-20T09:07:33","slug":"arm-cylinderfor-volvo-wheel-excavator-ew145bp","status":"publish","type":"product","link":"https:\/\/www.hydraulic-cylinders.net\/pl\/produkt\/arm-cylinderfor-volvo-wheel-excavator-ew145bp\/","title":{"rendered":"Si\u0142ownik ramienia do koparki ko\u0142owej Volvo EW145BP"},"content":{"rendered":"<p>Si\u0142ownik ramienia do koparki ko\u0142owej Volvo EW145BP: co musisz wiedzie\u0107<\/p>\n<h2>Wst\u0119p<\/h2>\n<h3>Si\u0142ownik ramienia definiuj\u0105cego do koparki ko\u0142owej Volvo EW145BP<\/h3>\n<p>Si\u0142ownik ramienia to specjalnie zaprojektowany si\u0142ownik hydrauliczny, u\u017cywany g\u0142\u00f3wnie do zapewnienia ruchu liniowego i zasilania ramion r\u00f3\u017cnego rodzaju maszyn, takich jak koparki, d\u017awigi i ramiona robotyczne. Si\u0142owniki ramienia odgrywaj\u0105 kluczow\u0105 rol\u0119 w uk\u0142adach hydraulicznych, umo\u017cliwiaj\u0105c ruch osprz\u0119tu i akcesori\u00f3w oraz ich efektywne sterowanie. Si\u0142owniki te nie tylko zapewniaj\u0105 p\u0142ynny ruch, ale tak\u017ce mog\u0105 przenosi\u0107 du\u017ce obci\u0105\u017cenia, zapewniaj\u0105c wydajn\u0105 prac\u0119 i niezawodno\u015b\u0107 maszyn w r\u00f3\u017cnych warunkach pracy.<\/p>\n<p><img decoding=\"async\" src=\"https:\/\/www.hydraulic-cylinders.net\/wp-content\/uploads\/2025\/01\/songte-company-2.webp\" alt=\"Obraz cylindra ramienia\"><\/p>\n<h3>Cechy si\u0142ownika ramienia do koparki ko\u0142owej Volvo EW145BP<\/h3>\n<p>Cylindry ramieniowe oferuj\u0105 szereg funkcji, kt\u00f3re czyni\u0105 je idealnymi do stosowania w r\u00f3\u017cnych maszynach. Oto niekt\u00f3re z g\u0142\u00f3wnych cech:<\/p>\n<ul>\n<li><strong>Wysoka wydajno\u015b\u0107 transmisji:<\/strong> Cylindry ramienia zapewniaj\u0105 mocny ruch liniowy i si\u0142\u0119, gwarantuj\u0105c wysok\u0105 wydajno\u015b\u0107 i efektywno\u015b\u0107 w r\u00f3\u017cnych operacjach.<\/li>\n<li><strong>Precyzyjna kontrola:<\/strong> Dzi\u0119ki uk\u0142adom hydraulicznym si\u0142owniki ramion mog\u0105 zapewni\u0107 precyzyjn\u0105 kontrol\u0119 ruchu, co sprawia, \u017ce \u200b\u200bobs\u0142uga dodatkowych narz\u0119dzi jest bardziej elastyczna i dok\u0142adna.<\/li>\n<li><strong>Wysoka wytrzyma\u0142o\u015b\u0107:<\/strong> Cylindry ramienia s\u0105 zazwyczaj wykonane z materia\u0142\u00f3w o wysokiej wytrzyma\u0142o\u015bci, kt\u00f3re charakteryzuj\u0105 si\u0119 dobr\u0105 odporno\u015bci\u0105 na zu\u017cycie i korozj\u0119, dzi\u0119ki czemu nadaj\u0105 si\u0119 do d\u0142ugotrwa\u0142ego u\u017cytkowania w trudnych warunkach.<\/li>\n<li><strong>Wielofunkcyjna adaptowalno\u015b\u0107:<\/strong> Tego typu cylindry mo\u017cna powszechnie stosowa\u0107 w r\u00f3\u017cnych typach maszyn, takich jak koparki, d\u017awigi i ramiona robotyczne, aby sprosta\u0107 zr\u00f3\u017cnicowanym wymaganiom roboczym.<\/li>\n<li><strong>\u0141atwa konserwacja:<\/strong> Cylindry ramienia zaprojektowano z my\u015bl\u0105 o \u0142atwej konserwacji i wymianie, dzi\u0119ki czemu regularne kontrole i konserwacje staj\u0105 si\u0119 wygodniejsze, a przestoje sprz\u0119tu zostaj\u0105 skr\u00f3cone.<\/li>\n<\/ul>\n<p>Nasze produkty doskonale zast\u0119puj\u0105 te si\u0142owniki hydrauliczne. Oferujemy szerok\u0105 gam\u0119 cz\u0119\u015bci zamiennych, w tym przewody olejowe i tuleje, aby sprosta\u0107 zr\u00f3\u017cnicowanym potrzebom naszych klient\u00f3w.<\/p>\n<p><img decoding=\"async\" src=\"https:\/\/www.hydraulic-cylinders.net\/wp-content\/uploads\/2025\/01\/songte-oil-pipes-and-spare-parts.webp\" alt=\"Cz\u0119\u015bci zamienne do cylindr\u00f3w hydraulicznych\"><\/p>\n<h3>Zastosowania si\u0142ownika ramienia w koparce ko\u0142owej Volvo EW145BP<\/h3>\n<p>Cylindry ramieniowe mo\u017cna stosowa\u0107 w r\u00f3\u017cnych typach maszyn w r\u00f3\u017cnych ga\u0142\u0119ziach przemys\u0142u, w tym:<\/p>\n<ul>\n<li><strong>Budowa:<\/strong> W koparkach i d\u017awigach si\u0142owniki ramienia s\u0142u\u017c\u0105 do sterowania ruchem \u0142y\u017cki lub wysi\u0119gnika podczas rob\u00f3t ziemnych, przenoszenia materia\u0142\u00f3w i instalacji konstrukcyjnych.<\/li>\n<li><strong>Produkcja:<\/strong> W zautomatyzowanych liniach produkcyjnych cylindry ramieniowe s\u0142u\u017c\u0105 do poruszania ramionami robot\u00f3w podczas monta\u017cu, spawania i obs\u0142ugi materia\u0142\u00f3w, co zwi\u0119ksza wydajno\u015b\u0107 i dok\u0142adno\u015b\u0107 produkcji.<\/li>\n<li><strong>Maszyny rolnicze:<\/strong> W maszynach rolniczych, takich jak kombajny i sadzarki, si\u0142owniki ramion steruj\u0105 ruchem ramion roboczych podczas wykonywania takich zada\u0144, jak siew, nawo\u017cenie i zbi\u00f3r.<\/li>\n<li><strong>G\u00f3rnictwo:<\/strong> W sprz\u0119cie g\u00f3rniczym cylindry ramieniowe s\u0142u\u017c\u0105 do sterowania ruchem ramion sprz\u0119tu g\u00f3rniczego wykorzystywanego w g\u00f3rnictwie i transporcie materia\u0142\u00f3w.<\/li>\n<li><strong>Logistyka i transport:<\/strong> W w\u00f3zkach wid\u0142owych i robotach prze\u0142adunkowych si\u0142owniki ramieniowe s\u0142u\u017c\u0105 do sterowania podnoszeniem i przemieszczaniem towar\u00f3w, co umo\u017cliwia przenoszenie i uk\u0142adanie materia\u0142\u00f3w.<\/li>\n<\/ul>\n<h2>Zagadnienia projektowe i kryteria wyboru<\/h2>\n<h3>Rozwa\u017cania projektowe<\/h3>\n<p>Przy projektowaniu cylindr\u00f3w ramieniowych nale\u017cy wzi\u0105\u0107 pod uwag\u0119 szereg czynnik\u00f3w, w tym:<\/p>\n<ul>\n<li><strong>No\u015bno\u015b\u0107:<\/strong> Cylindry ramieniowe powinny by\u0107 zaprojektowane tak, aby wytrzyma\u0107 maksymalne obci\u0105\u017cenie i ci\u015bnienie wymagane do wykonania konkretnych operacji.<\/li>\n<li><strong>Opiecz\u0119towanie:<\/strong> R\u00f3\u017cne elementy uszczelniaj\u0105ce, takie jak uszczelki t\u0142oka i t\u0142oczyska, musz\u0105 zosta\u0107 odpowiednio dobrane i zamontowane, aby zapewni\u0107 szczelno\u015b\u0107 i szczelno\u015b\u0107 cylindra.<\/li>\n<li><strong>Trwa\u0142o\u015b\u0107:<\/strong> Cylindry ramienia powinny by\u0107 wykonane z materia\u0142\u00f3w o wysokiej wytrzyma\u0142o\u015bci i poddawane kompleksowej obr\u00f3bce cieplnej w celu zwi\u0119kszenia ich odporno\u015bci na zu\u017cycie i korozj\u0119.<\/li>\n<li><strong>Bezpiecze\u0144stwo:<\/strong> Podczas projektowania cylindra nale\u017cy priorytetowo traktowa\u0107 bezpiecze\u0144stwo, w tym ochron\u0119 przed nadci\u015bnieniem i unikanie potencjalnych zagro\u017ce\u0144 wynikaj\u0105cych z ruchu cylindra.<\/li>\n<li><strong>Utrzymywalno\u015b\u0107:<\/strong> Cylindry ramienia powinny by\u0107 zaprojektowane tak, aby mo\u017cna je by\u0142o \u0142atwo zdemontowa\u0107, sprawdzi\u0107 i konserwowa\u0107, co zmniejszy przestoje i koszty konserwacji.<\/li>\n<\/ul>\n<p><img decoding=\"async\" src=\"https:\/\/www.hydraulic-cylinders.net\/wp-content\/uploads\/2025\/01\/songte-cylinder-head-with-all-kinds-excavator-models.webp\" alt=\"Obraz g\u0142owicy cylindra\"><\/p>\n<h3>Uszczelnianie i smarowanie<\/h3>\n<p>Si\u0142owniki ramieniowe wymagaj\u0105 r\u00f3\u017cnych element\u00f3w uszczelniaj\u0105cych, takich jak uszczelnienia t\u0142oka i t\u0142oczyska, aby zapobiec wyciekom powietrza i zapewni\u0107 szczelno\u015b\u0107 si\u0142ownika. Elementy te powinny by\u0107 wykonane z materia\u0142\u00f3w odpornych na zu\u017cycie, takich jak poliuretan i kauczuk nitrylowy, co gwarantuje wytrzyma\u0142o\u015b\u0107 si\u0142ownika na du\u017ce obci\u0105\u017cenia i jego efektywn\u0105 prac\u0119 w trudnych warunkach. Korpus si\u0142ownika i gwintowana powierzchnia ko\u0144cowa powinny by\u0107 precyzyjnie obrobione, aby zwi\u0119kszy\u0107 ich odporno\u015b\u0107 na zu\u017cycie.<\/p>\n<p>Cylinder nale\u017cy r\u00f3wnie\u017c regularnie smarowa\u0107 i uzupe\u0142nia\u0107 odpowiedni\u0105 ilo\u015bci\u0105 oleju hydraulicznego. Przepe\u0142nienie lub niedope\u0142nienie cylindra mo\u017ce spowodowa\u0107 jego uszkodzenie i obni\u017cenie wydajno\u015bci.<\/p>\n<h3>Konserwacja i \u015brodki zapobiegawcze<\/h3>\n<p>Aby zapewni\u0107 d\u0142ugowieczno\u015b\u0107 i optymaln\u0105 wydajno\u015b\u0107 si\u0142ownika ramienia, nale\u017cy regularnie przeprowadza\u0107 przegl\u0105dy i konserwacj\u0119 zapobiegawcz\u0105. Oto kilka \u015brodk\u00f3w zapobiegawczych, kt\u00f3re warto rozwa\u017cy\u0107:<\/p>\n<ul>\n<li>Regularnie sprawdzaj i wymieniaj elementy uszczelniaj\u0105ce, aby zapobiec wyciekom i zapewni\u0107 d\u0142ug\u0105 \u017cywotno\u015b\u0107 cylindra.<\/li>\n<li>Regularnie czy\u015b\u0107 cylinder, aby zapobiec przedostawaniu si\u0119 do niego kurzu i innych cia\u0142 obcych.<\/li>\n<li>Sprawd\u017a t\u0142oczysko pod k\u0105tem ewentualnych uszkodze\u0144 lub wygi\u0119\u0107. W razie konieczno\u015bci natychmiast je wymie\u0144.<\/li>\n<li>Aby unikn\u0105\u0107 uszkodzenia cylindra i maszyny, nale\u017cy zapobiega\u0107 przeci\u0105\u017ceniu i przegrzaniu cylindra.<\/li>\n<li>Utrzymuj olej hydrauliczny w czysto\u015bci i regularnie go wymieniaj, aby zachowa\u0107 optymaln\u0105 wydajno\u015b\u0107 cylindra.<\/li>\n<\/ul>\n<p><img decoding=\"async\" src=\"https:\/\/www.hydraulic-cylinders.net\/wp-content\/uploads\/2025\/01\/songte-chushion-collar.webp\" alt=\"Obraz ko\u0142nierza poduszkowego\"><\/p>\n<h3>Przewodnik instalacji<\/h3>\n<p>Aby zamontowa\u0107 cylinder ramienia, nale\u017cy wykona\u0107 nast\u0119puj\u0105ce czynno\u015bci:<\/p>\n<ol>\n<li>Upewnij si\u0119, \u017ce model cylindra jest zgodny z modelem i specyfikacj\u0105 maszyny.<\/li>\n<li>Oczy\u015b\u0107 powierzchni\u0119 punkt\u00f3w monta\u017cowych w maszynie.<\/li>\n<li>Zamontuj cylinder na maszynie, upewniaj\u0105c si\u0119, \u017ce cylinder jest wypoziomowany i prawid\u0142owo ustawiony.<\/li>\n<li>Przymocuj cylinder do maszyny za pomoc\u0105 \u015brub lub wkr\u0119t\u00f3w z odpowiednim momentem dokr\u0119cania.<\/li>\n<li>Sprawd\u017a ruch cylindra, aby upewni\u0107 si\u0119, \u017ce dzia\u0142a p\u0142ynnie i wydajnie.<\/li>\n<\/ol>\n<p><img decoding=\"async\" src=\"https:\/\/www.hydraulic-cylinders.net\/wp-content\/uploads\/2025\/01\/songte-bushings-with-all-kinds-of-excavator-models.webp\" alt=\"Obraz tulei\"><\/p>\n<h3>Bezpiecze\u0144stwo i wzgl\u0119dy \u015brodowiskowe<\/h3>\n<p>Podczas u\u017cywania si\u0142ownik\u00f3w ramieniowych nale\u017cy podj\u0105\u0107 \u015brodki bezpiecze\u0144stwa, aby zapobiec potencjalnym zagro\u017ceniom. \u015arodki bezpiecze\u0144stwa obejmuj\u0105:<\/p>\n<ul>\n<li>Podczas obs\u0142ugi butli nale\u017cy nosi\u0107 odzie\u017c ochronn\u0105, tak\u0105 jak r\u0119kawice i okulary ochronne.<\/li>\n<li>Umieszczenie butli z dala od materia\u0142\u00f3w \u0142atwopalnych i obszar\u00f3w niebezpiecznych w celu unikni\u0119cia ryzyka po\u017caru, wybuchu lub uszkodzenia butli.<\/li>\n<li>Upewnij si\u0119, \u017ce cylinder jest zainstalowany prawid\u0142owo i bezpiecznie, aby zapobiec jego upadkowi lub nieoczekiwanemu przesuni\u0119ciu.<\/li>\n<li>Unikanie przeci\u0105\u017cenia i przegrzania cylindra, poniewa\u017c mo\u017ce to spowodowa\u0107 uszkodzenie cylindra i maszyny.<\/li>\n<\/ul>\n<h3>Rozwi\u0105zywanie problem\u00f3w i typowe problemy<\/h3>\n<p>Oto kilka typowych problem\u00f3w, kt\u00f3re mog\u0105 wyst\u0105pi\u0107 w przypadku cylindr\u00f3w ramienia:<\/p>\n<ul>\n<li><strong>Przeciek:<\/strong> W cylindrze mo\u017ce by\u0107 problem z elementami uszczelniaj\u0105cymi lub z korpusem cylindra.<\/li>\n<li><strong>Przegrzanie:<\/strong> By\u0107 mo\u017ce w cylindrze zastosowano niew\u0142a\u015bciwy rodzaj oleju hydraulicznego lub jest on u\u017cywany w zbyt wysokich temperaturach.<\/li>\n<li><strong>Powolna praca:<\/strong> W cylindrze mo\u017ce panowa\u0107 niskie ci\u015bnienie lub mog\u0105 wyst\u0119powa\u0107 problemy z uk\u0142adem hydraulicznym.<\/li>\n<li><strong>Zatarty cylinder:<\/strong> Cylinder mo\u017ce by\u0107 uszkodzony lub wewn\u0105trz niego mog\u0105 znajdowa\u0107 si\u0119 zanieczyszczenia lub cia\u0142a obce.<\/li>\n<li><strong>Ruch nieregularny:<\/strong> Cylinder mo\u017ce by\u0107 niewsp\u00f3\u0142osiowy lub t\u0142oczyska mog\u0105 by\u0107 uszkodzone.<\/li>\n<\/ul>\n<p>W przypadku wyst\u0105pienia jakichkolwiek problem\u00f3w, post\u0119puj zgodnie z instrukcjami rozwi\u0105zywania problem\u00f3w i w razie potrzeby skonsultuj si\u0119 ze specjalist\u0105. Aby zapobiec problemom, regularnie przeprowadzaj przegl\u0105dy i konserwacj\u0119.<\/p>\n<p><img decoding=\"async\" src=\"https:\/\/www.hydraulic-cylinders.net\/wp-content\/uploads\/2025\/01\/songte-company-4.webp\" alt=\"Wizerunek firmy\"><\/p>\n<h2>O naszej firmie<\/h2>\n<p>Jeste\u015bmy profesjonalnym producentem cylindr\u00f3w hydraulicznych, oferuj\u0105cym szerok\u0105 gam\u0119 produkt\u00f3w i stali\u015bmy si\u0119 jednym z wiod\u0105cych producent\u00f3w i hurtowych dystrybutor\u00f3w cylindr\u00f3w hydraulicznych na rynku krajowym i mi\u0119dzynarodowym. Zawsze przestrzegali\u015bmy zasady doskona\u0142ej jako\u015bci, opieraj\u0105c si\u0119 na strategii zarz\u0105dzania produkcj\u0105 przemys\u0142ow\u0105 w naszym zaawansowanym warsztacie produkcyjnym, aby stale podnosi\u0107 poziom techniczny i wydajno\u015b\u0107 produkcji. Wprowadzaj\u0105c wysokiej klasy cyfrowy sprz\u0119t produkcyjny i profesjonalne systemy testowe, optymalizujemy nasz\u0105 platform\u0119 produkcyjn\u0105 i udoskonalamy procesy kontroli jako\u015bci produkt\u00f3w, aby dostarcza\u0107 innowacyjne rozwi\u0105zania odpowiadaj\u0105ce zr\u00f3\u017cnicowanym potrzebom naszych klient\u00f3w.<\/p>\n<p>Oferujemy szeroki zakres profesjonalnych us\u0142ug, w tym mi\u0119dzynarodowe certyfikaty, rozwi\u0105zania dostosowane do indywidualnych potrzeb, wysokiej jako\u015bci sprz\u0119t produkcyjny oraz doskona\u0142\u0105 obs\u0142ug\u0119 posprzeda\u017cow\u0105. Nasza firma uzyska\u0142a certyfikat ISO 9001:2015 i otrzyma\u0142a wiele nagr\u00f3d za innowacyjne rozwi\u0105zania i zadowolenie klient\u00f3w. Zale\u017cy nam na zaspokajaniu potrzeb naszych klient\u00f3w poprzez dostarczanie wydajnych, precyzyjnych i wysokiej jako\u015bci produkt\u00f3w.<\/p>\n<p><img decoding=\"async\" src=\"https:\/\/www.hydraulic-cylinders.net\/wp-content\/uploads\/2025\/01\/songte-company-3.webp\" alt=\"Wizerunek firmy\"><\/p>\n<p>Autor: lyl<\/p>","protected":false},"excerpt":{"rendered":"<p>Arm Cylinder for Volvo Wheel Excavator EW145BP: What You Need to Know Introduction Defining Arm Cylinder for Volvo Wheel Excavator EW145BP An arm cylinder is a specially designed hydraulic cylinder used primarily to provide linear motion and power for the arms of various types of machinery, such as excavators, cranes, and robotic arms. Arm cylinders [&hellip;]<\/p>","protected":false},"featured_media":14763,"comment_status":"open","ping_status":"closed","template":"","meta":{"_et_pb_use_builder":"","_et_pb_old_content":"","_et_gb_content_width":""},"product_brand":[],"product_cat":[1497],"product_tag":[1498,1496],"class_list":{"0":"post-16343","1":"product","2":"type-product","3":"status-publish","4":"has-post-thumbnail","6":"product_cat-arm-cylinders","7":"product_tag-arm-cylinders","8":"product_tag-hydraulic-cylinders","10":"first","11":"instock","12":"shipping-taxable","13":"product-type-simple"},"amp_enabled":true,"_links":{"self":[{"href":"https:\/\/www.hydraulic-cylinders.net\/pl\/wp-json\/wp\/v2\/product\/16343","targetHints":{"allow":["GET"]}}],"collection":[{"href":"https:\/\/www.hydraulic-cylinders.net\/pl\/wp-json\/wp\/v2\/product"}],"about":[{"href":"https:\/\/www.hydraulic-cylinders.net\/pl\/wp-json\/wp\/v2\/types\/product"}],"replies":[{"embeddable":true,"href":"https:\/\/www.hydraulic-cylinders.net\/pl\/wp-json\/wp\/v2\/comments?post=16343"}],"wp:featuredmedia":[{"embeddable":true,"href":"https:\/\/www.hydraulic-cylinders.net\/pl\/wp-json\/wp\/v2\/media\/14763"}],"wp:attachment":[{"href":"https:\/\/www.hydraulic-cylinders.net\/pl\/wp-json\/wp\/v2\/media?parent=16343"}],"wp:term":[{"taxonomy":"product_brand","embeddable":true,"href":"https:\/\/www.hydraulic-cylinders.net\/pl\/wp-json\/wp\/v2\/product_brand?post=16343"},{"taxonomy":"product_cat","embeddable":true,"href":"https:\/\/www.hydraulic-cylinders.net\/pl\/wp-json\/wp\/v2\/product_cat?post=16343"},{"taxonomy":"product_tag","embeddable":true,"href":"https:\/\/www.hydraulic-cylinders.net\/pl\/wp-json\/wp\/v2\/product_tag?post=16343"}],"curies":[{"name":"wp","href":"https:\/\/api.w.org\/{rel}","templated":true}]}}