{"id":16350,"date":"2025-01-20T09:08:07","date_gmt":"2025-01-20T09:08:07","guid":{"rendered":"https:\/\/www.hydraulic-cylinders.net\/product\/arm-cylinderfor-sany-small-excavator-sy135c-9\/"},"modified":"2025-01-20T09:08:10","modified_gmt":"2025-01-20T09:08:10","slug":"arm-cylinderfor-sany-small-excavator-sy135c-9","status":"publish","type":"product","link":"https:\/\/www.hydraulic-cylinders.net\/pl\/produkt\/arm-cylinderfor-sany-small-excavator-sy135c-9\/","title":{"rendered":"Si\u0142ownik ramienia do ma\u0142ej koparki Sany SY135C-9"},"content":{"rendered":"<h2>Si\u0142ownik ramienia do ma\u0142ej koparki Sany SY135C-9<\/h2>\n<p>Si\u0142ownik ramienia to specjalnie zaprojektowany si\u0142ownik hydrauliczny, kt\u00f3ry zapewnia ruch liniowy i zasilanie ramienia r\u00f3\u017cnego rodzaju maszyn, takich jak koparki, d\u017awigi i ramiona robotyczne. Si\u0142ownik ramienia odgrywa kluczow\u0105 rol\u0119 w uk\u0142adach hydraulicznych, umo\u017cliwiaj\u0105c efektywny ruch i sterowanie dodatkowymi narz\u0119dziami lub osprz\u0119tem. Si\u0142owniki te nie tylko zapewniaj\u0105 p\u0142ynny ruch, ale tak\u017ce wytrzymuj\u0105 du\u017ce obci\u0105\u017cenia, gwarantuj\u0105c wydajn\u0105 prac\u0119 i niezawodno\u015b\u0107 maszyn w r\u00f3\u017cnych warunkach pracy.<\/p>\n<p><img decoding=\"async\" src=\"https:\/\/www.hydraulic-cylinders.net\/wp-content\/uploads\/2025\/01\/songte-company-2.webp\" alt=\"Obraz cylindra ramienia\"><\/p>\n<h3>Cechy cylindra ramienia:<\/h3>\n<ol>\n<li>Wysokowydajna przek\u0142adnia: Cylinder ramienia zapewnia mocny ruch liniowy i si\u0142\u0119, gwarantuj\u0105c wysok\u0105 wydajno\u015b\u0107 ramienia mechanicznego w r\u00f3\u017cnych operacjach.<\/li>\n<li>Precyzyjna kontrola: Dzi\u0119ki uk\u0142adowi hydraulicznemu si\u0142ownik ramienia umo\u017cliwia precyzyjn\u0105 kontrol\u0119 ruchu, co sprawia, \u017ce \u200b\u200bobs\u0142uga pod\u0142\u0105czonych narz\u0119dzi jest bardziej elastyczna i dok\u0142adna.<\/li>\n<li>Wysoka trwa\u0142o\u015b\u0107: Cylindry ramienia s\u0105 zwykle produkowane z materia\u0142\u00f3w o wysokiej wytrzyma\u0142o\u015bci, zapewniaj\u0105cych doskona\u0142\u0105 odporno\u015b\u0107 na zu\u017cycie i korozj\u0119, dzi\u0119ki czemu nadaj\u0105 si\u0119 do d\u0142ugotrwa\u0142ego u\u017cytkowania w trudnych warunkach.<\/li>\n<li>Wielofunkcyjna mo\u017cliwo\u015b\u0107 adaptacji: Te cylindry s\u0105 szeroko stosowane w r\u00f3\u017cnych maszynach, takich jak koparki, d\u017awigi i ramiona robotyczne, dostosowuj\u0105c si\u0119 do r\u00f3\u017cnych wymaga\u0144 roboczych.<\/li>\n<li>\u0141atwa konserwacja: Projekt uwzgl\u0119dnia \u0142atwo\u015b\u0107 konserwacji i wymiany, dzi\u0119ki czemu regularne kontrole i serwisowanie staj\u0105 si\u0119 wygodniejsze, a przestoje sprz\u0119tu skr\u00f3cone.<\/li>\n<\/ol>\n<p><img decoding=\"async\" src=\"https:\/\/www.hydraulic-cylinders.net\/wp-content\/uploads\/2025\/01\/songte-oil-pipes-and-spare-parts.webp\" alt=\"Obraz cz\u0119\u015bci zamiennych cylindra ramienia\"><\/p>\n<p>Dostarczany przez nas si\u0142ownik ramienia jest idealnym zamiennikiem tych si\u0142ownik\u00f3w hydraulicznych. <\/p>\n<h3>Zastosowania cylindra ramienia:<\/h3>\n<p>1. In\u017cynieria budowlana: W koparkach i d\u017awigach si\u0142ownik ramienia s\u0142u\u017cy do sterowania ruchem \u0142y\u017cek lub wysi\u0119gnik\u00f3w, wykonywania rob\u00f3t ziemnych, przenoszenia materia\u0142\u00f3w i instalacji konstrukcyjnych.<\/p>\n<p>2. Przemys\u0142 wytw\u00f3rczy: W zautomatyzowanych liniach produkcyjnych si\u0142ownik ramienia s\u0142u\u017cy do poruszania ramionami robota, wykonywania proces\u00f3w monta\u017cu, spawania i obs\u0142ugi, co zwi\u0119ksza wydajno\u015b\u0107 i dok\u0142adno\u015b\u0107 produkcji.<\/p>\n<p>3. Maszyny rolnicze: W maszynach rolniczych, takich jak kombajny i siewniki, si\u0142ownik ramienia steruje ruchem ramion roboczych, wykonuj\u0105c zadania takie jak siew, nawo\u017cenie i zbi\u00f3r.<\/p>\n<p>4. G\u00f3rnictwo: W sprz\u0119cie g\u00f3rniczym si\u0142ownik ramienia s\u0142u\u017cy do sterowania ruchem ramienia maszyn g\u00f3rniczych, u\u0142atwiaj\u0105c wydobywanie i transport rudy.<\/p>\n<p>5. Logistyka i transport: W w\u00f3zkach wid\u0142owych i robotach prze\u0142adunkowych si\u0142ownik ramienia s\u0142u\u017cy do sterowania podnoszeniem i ruchem wide\u0142, umo\u017cliwiaj\u0105c przenoszenie i uk\u0142adanie materia\u0142\u00f3w.<\/p>\n<h3>Zagadnienia projektowe i kryteria wyboru:<\/h3>\n<p>Je\u015bli chodzi o kwestie projektowe i kryteria doboru cylindr\u00f3w ramieniowych, kluczowe znaczenie ma kilka czynnik\u00f3w:<\/p>\n<ol>\n<li>No\u015bno\u015b\u0107: Cylinder ramienia powinien by\u0107 w stanie wytrzyma\u0107 spodziewane obci\u0105\u017cenia i si\u0142y wyst\u0119puj\u0105ce podczas pracy.<\/li>\n<li>Zdolno\u015b\u0107 do uszczelnienia: Aby zapewni\u0107 skuteczne uszczelnienie, nale\u017cy stosowa\u0107 r\u00f3\u017cne elementy uszczelniaj\u0105ce, takie jak uszczelki t\u0142okowe i t\u0142oczyskowe. Poliuretan i kauczuk nitrylowy to powszechnie wybierane materia\u0142y odporne na zu\u017cycie do tych uszczelnie\u0144.<\/li>\n<li>Trwa\u0142o\u015b\u0107: Korpus cylindra i gwintowane ko\u0144c\u00f3wki powinny zosta\u0107 poddane precyzyjnej obr\u00f3bce w celu zwi\u0119kszenia odporno\u015bci na zu\u017cycie. Regularne smarowanie odpowiednim olejem hydraulicznym jest niezb\u0119dne do prawid\u0142owego dzia\u0142ania.<\/li>\n<li>Bezpiecze\u0144stwo: W celu zapobiegania nadmiernemu ci\u015bnieniu i zapewnienia bezpiecznej pracy uk\u0142adu hydraulicznego nale\u017cy zastosowa\u0107 w nim \u015brodki bezpiecze\u0144stwa, takie jak zawory bezpiecze\u0144stwa.<\/li>\n<li>\u0141atwo\u015b\u0107 konserwacji: Konstrukcja powinna umo\u017cliwia\u0107 \u0142atw\u0105 konserwacj\u0119 i naprawy, umo\u017cliwiaj\u0105c szybk\u0105 kontrol\u0119 i wymian\u0119 podzespo\u0142\u00f3w, minimalizuj\u0105c przestoje.<\/li>\n<\/ol>\n<p><img decoding=\"async\" src=\"https:\/\/www.hydraulic-cylinders.net\/wp-content\/uploads\/2025\/01\/songte-cylinder-head-with-all-kinds-excavator-models.webp\" alt=\"Obraz projektu cylindra ramienia\"><\/p>\n<h3>Uszczelnienie i smarowanie cylindra ramienia:<\/h3>\n<p>Si\u0142owniki ramieniowe wykorzystuj\u0105 r\u00f3\u017cne elementy uszczelniaj\u0105ce, w tym uszczelnienia t\u0142oka, t\u0142oczyska itp., wykonane z materia\u0142\u00f3w odpornych na zu\u017cycie, takich jak poliuretan i kauczuk nitrylowy. Korpus cylindra i gwintowane ko\u0144c\u00f3wki s\u0105 poddawane precyzyjnej obr\u00f3bce w celu zwi\u0119kszenia odporno\u015bci na zu\u017cycie. Regularne smarowanie odpowiedni\u0105 ilo\u015bci\u0105 oleju hydraulicznego jest niezb\u0119dne dla zapewnienia p\u0142ynnej pracy.<\/p>\n<h3>Regularne kontrole i konserwacja zapobiegawcza:<\/h3>\n<p>Aby zapewni\u0107 optymaln\u0105 wydajno\u015b\u0107 i trwa\u0142o\u015b\u0107 cylindra ramienia, konieczne jest przeprowadzanie regularnych kontroli i konserwacji zapobiegawczej:<\/p>\n<ol>\n<li>Sprawd\u017a, czy na korpusie cylindra, uszczelkach i gwintowanych ko\u0144cach nie wida\u0107 \u015blad\u00f3w zu\u017cycia lub uszkodze\u0144.<\/li>\n<li>Nale\u017cy regularnie sprawdza\u0107 i czy\u015bci\u0107 uk\u0142ad hydrauliczny, aby zapobiega\u0107 gromadzeniu si\u0119 zanieczyszcze\u0144.<\/li>\n<li>Monitoruj i utrzymuj odpowiedni poziom i jako\u015b\u0107 oleju hydraulicznego.<\/li>\n<li>Dokr\u0119\u0107 wszelkie lu\u017ane po\u0142\u0105czenia i z\u0142\u0105czki.<\/li>\n<li>Nale\u017cy przestrzega\u0107 wytycznych producenta dotycz\u0105cych harmonogramu i procedur konserwacji.<\/li>\n<\/ol>\n<h3>Prawid\u0142owy przewodnik instalacji:<\/h3>\n<p>Podczas monta\u017cu cylindra ramienia nale\u017cy wykona\u0107 nast\u0119puj\u0105ce czynno\u015bci:<\/p>\n<ol>\n<li>Upewnij si\u0119, \u017ce koparka lub maszyna jest wy\u0142\u0105czona, a uk\u0142ad hydrauliczny jest rozhermetyzowany.<\/li>\n<li>Solidnie zamocuj si\u0142ownik ramienia w wyznaczonych punktach mocowania, post\u0119puj\u0105c zgodnie ze specyfikacj\u0105 sprz\u0119tu.<\/li>\n<li>Pod\u0142\u0105cz przewody hydrauliczne do odpowiednich port\u00f3w, zapewniaj\u0105c odpowiednie uszczelnienie.<\/li>\n<li>Sprawd\u017a, czy podczas pocz\u0105tkowej eksploatacji nie wyst\u0119puj\u0105 \u017cadne przecieki lub nietypowe ruchy.<\/li>\n<li>Przetestuj funkcjonalno\u015b\u0107 i ruch cylindra ramienia w r\u00f3\u017cnych warunkach pracy.<\/li>\n<\/ol>\n<p><img decoding=\"async\" src=\"https:\/\/www.hydraulic-cylinders.net\/wp-content\/uploads\/2025\/01\/songte-bushings-with-all-kinds-of-excavator-models.webp\" alt=\"Obraz instalacji cylindra ramienia\"><\/p>\n<h3>Zagadnienia bezpiecze\u0144stwa i czynniki \u015brodowiskowe:<\/h3>\n<p>Podczas korzystania z si\u0142ownik\u00f3w ramieniowych, ze wzgl\u0119du na charakter ich zastosowa\u0144, priorytetem jest zapewnienie \u015brodk\u00f3w bezpiecze\u0144stwa. Wdro\u017cenie odpowiednich \u015brodk\u00f3w bezpiecze\u0144stwa, takich jak szkolenie operator\u00f3w, regularne kontrole i przestrzeganie wytycznych bezpiecze\u0144stwa, ma kluczowe znaczenie dla zapobiegania wypadkom i zapewnienia bezpiecznego \u015brodowiska pracy.<\/p>\n<h3>Rozwi\u0105zywanie problem\u00f3w i typowe problemy:<\/h3>\n<p>1. Wyciek: Sprawd\u017a, czy uszczelki nie s\u0105 uszkodzone lub czy po\u0142\u0105czenia nie s\u0105 lu\u017ane. W razie potrzeby wymie\u0144 uszczelki i dok\u0142adnie dokr\u0119\u0107 po\u0142\u0105czenia.<\/p>\n<p>2. Nieregularne ruchy lub zacinanie si\u0119: Sprawd\u017a, czy w uk\u0142adzie hydraulicznym nie ma zanieczyszcze\u0144. W razie potrzeby wyczy\u015b\u0107 lub przep\u0142ucz uk\u0142ad.<\/p>\n<p>3. Niewystarczaj\u0105ca moc: Sprawd\u017a poziom i jako\u015b\u0107 oleju hydraulicznego. Upewnij si\u0119, \u017ce si\u0142ownik nie jest przeci\u0105\u017cony i nie ma \u017cadnych ogranicze\u0144 w przewodach hydraulicznych.<\/p>\n<p>4. Nietypowy ha\u0142as: Sprawd\u017a, czy elementy nie s\u0105 lu\u017ane lub zu\u017cyte. W razie potrzeby nasmaruj lub wymie\u0144 cz\u0119\u015bci.<\/p>\n<p>5. Przesuni\u0119cie cylindra: Sprawd\u017a, czy nie ma wyciek\u00f3w wewn\u0119trznych lub zu\u017cytych uszczelek. W razie potrzeby wymie\u0144 uszczelki.<\/p>\n<p>Dzi\u0119ki tym wskaz\u00f3wkom dotycz\u0105cym rozwi\u0105zywania problem\u00f3w i podawaniu rozwi\u0105za\u0144 czytelnicy mog\u0105 skutecznie diagnozowa\u0107 i rozwi\u0105zywa\u0107 problemy, a tak\u017ce wdra\u017ca\u0107 \u015brodki zapobiegawcze w celu minimalizacji potencjalnych problem\u00f3w.<\/p>\n<p><img decoding=\"async\" src=\"https:\/\/www.hydraulic-cylinders.net\/wp-content\/uploads\/2025\/01\/songte-chushion-collar.webp\" alt=\"Rozwi\u0105zywanie problem\u00f3w z cylindrem ramienia Obraz\"><\/p>\n<p>Pami\u0119taj, aby artyku\u0142 by\u0142 logicznie uporz\u0105dkowany, u\u017cywaj podtytu\u0142\u00f3w u\u0142atwiaj\u0105cych nawigacj\u0119, dodawaj odpowiednie obrazy i wykresy, aby u\u0142atwi\u0107 zrozumienie, a tak\u017ce zadbaj o to, aby tre\u015b\u0107 by\u0142a przejrzysta, zwi\u0119z\u0142a i odpowiednia dla czytelnik\u00f3w o r\u00f3\u017cnym poziomie wiedzy technicznej.<\/p>\n<p>Jeste\u015bmy profesjonalnym producentem zamiennych cylindr\u00f3w hydraulicznych. Dzi\u0119ki szerokiej gamie produkt\u00f3w stali\u015bmy si\u0119 jednym z wiod\u0105cych producent\u00f3w i dystrybutor\u00f3w hurtowych cylindr\u00f3w hydraulicznych na rynku krajowym i mi\u0119dzynarodowym. Kierujemy si\u0119 zasad\u0105 doskona\u0142o\u015bci i stale podnosimy nasze kompetencje techniczne oraz wydajno\u015b\u0107 produkcji. Wprowadzaj\u0105c zaawansowany, cyfrowy sprz\u0119t produkcyjny i profesjonalne systemy testowe, optymalizujemy nasz\u0105 platform\u0119 produkcyjn\u0105 i usprawniamy procesy kontroli jako\u015bci produkt\u00f3w, wykazuj\u0105c si\u0119 wysokim potencja\u0142em innowacyjnym. Naszym celem jest zaspokajanie zr\u00f3\u017cnicowanych potrzeb klient\u00f3w poprzez wydajno\u015b\u0107, precyzj\u0119 i wysok\u0105 jako\u015b\u0107 produkt\u00f3w.<\/p>\n<p><img decoding=\"async\" src=\"https:\/\/www.hydraulic-cylinders.net\/wp-content\/uploads\/2025\/01\/songte-company-4.webp\" alt=\"Obraz wprowadzaj\u0105cy firm\u0119\"><br \/>\n<img decoding=\"async\" src=\"https:\/\/www.hydraulic-cylinders.net\/wp-content\/uploads\/2025\/01\/songte-company-3.webp\" alt=\"Obraz wprowadzaj\u0105cy firm\u0119\"><\/p>\n<p><em>Autor: lyl<\/em><\/p>","protected":false},"excerpt":{"rendered":"<p>Arm Cylinder For Sany Small Excavator SY135C-9 Arm Cylinder is a specially designed hydraulic cylinder that is used to provide linear motion and power to the arm of various types of machinery, such as excavators, cranes, and robotic arms. The arm cylinder plays a crucial role in hydraulic systems, enabling the effective movement and control [&hellip;]<\/p>","protected":false},"featured_media":14772,"comment_status":"open","ping_status":"closed","template":"","meta":{"_et_pb_use_builder":"","_et_pb_old_content":"","_et_gb_content_width":""},"product_brand":[],"product_cat":[1497],"product_tag":[1498,1496],"class_list":{"0":"post-16350","1":"product","2":"type-product","3":"status-publish","4":"has-post-thumbnail","6":"product_cat-arm-cylinders","7":"product_tag-arm-cylinders","8":"product_tag-hydraulic-cylinders","10":"first","11":"instock","12":"shipping-taxable","13":"product-type-simple"},"amp_enabled":true,"_links":{"self":[{"href":"https:\/\/www.hydraulic-cylinders.net\/pl\/wp-json\/wp\/v2\/product\/16350","targetHints":{"allow":["GET"]}}],"collection":[{"href":"https:\/\/www.hydraulic-cylinders.net\/pl\/wp-json\/wp\/v2\/product"}],"about":[{"href":"https:\/\/www.hydraulic-cylinders.net\/pl\/wp-json\/wp\/v2\/types\/product"}],"replies":[{"embeddable":true,"href":"https:\/\/www.hydraulic-cylinders.net\/pl\/wp-json\/wp\/v2\/comments?post=16350"}],"wp:featuredmedia":[{"embeddable":true,"href":"https:\/\/www.hydraulic-cylinders.net\/pl\/wp-json\/wp\/v2\/media\/14772"}],"wp:attachment":[{"href":"https:\/\/www.hydraulic-cylinders.net\/pl\/wp-json\/wp\/v2\/media?parent=16350"}],"wp:term":[{"taxonomy":"product_brand","embeddable":true,"href":"https:\/\/www.hydraulic-cylinders.net\/pl\/wp-json\/wp\/v2\/product_brand?post=16350"},{"taxonomy":"product_cat","embeddable":true,"href":"https:\/\/www.hydraulic-cylinders.net\/pl\/wp-json\/wp\/v2\/product_cat?post=16350"},{"taxonomy":"product_tag","embeddable":true,"href":"https:\/\/www.hydraulic-cylinders.net\/pl\/wp-json\/wp\/v2\/product_tag?post=16350"}],"curies":[{"name":"wp","href":"https:\/\/api.w.org\/{rel}","templated":true}]}}