{"id":16353,"date":"2025-01-20T09:08:25","date_gmt":"2025-01-20T09:08:25","guid":{"rendered":"https:\/\/www.hydraulic-cylinders.net\/product\/arm-cylinderfor-sany-small-excavator-sy75c-9\/"},"modified":"2025-01-20T09:08:27","modified_gmt":"2025-01-20T09:08:27","slug":"arm-cylinderfor-sany-small-excavator-sy75c-9","status":"publish","type":"product","link":"https:\/\/www.hydraulic-cylinders.net\/pl\/produkt\/arm-cylinderfor-sany-small-excavator-sy75c-9\/","title":{"rendered":"Si\u0142ownik ramienia do ma\u0142ej koparki Sany SY75C-9"},"content":{"rendered":"<p><!DOCTYPE html><br \/>\n<html><br \/>\n<head><br \/>\n<title>Si\u0142ownik ramienia do ma\u0142ej koparki Sany SY75C-9<\/title><br \/>\n<\/head><br \/>\n<body><\/p>\n<h1>Si\u0142ownik ramienia do ma\u0142ej koparki Sany SY75C-9<\/h1>\n<h2>Wst\u0119p<\/h2>\n<p>Si\u0142ownik ramienia to specjalnie zaprojektowany si\u0142ownik hydrauliczny, kt\u00f3ry zapewnia ruch liniowy i zasilanie ramienia r\u00f3\u017cnych maszyn, takich jak koparki, d\u017awigi i ramiona robot\u00f3w. Odgrywa kluczow\u0105 rol\u0119 w uk\u0142adach hydraulicznych, umo\u017cliwiaj\u0105c sprawny ruch i sterowanie dodatkowymi narz\u0119dziami lub osprz\u0119tem. Si\u0142owniki te nie tylko zapewniaj\u0105 p\u0142ynny ruch, ale tak\u017ce wytrzymuj\u0105 du\u017ce obci\u0105\u017cenia, gwarantuj\u0105c wydajn\u0105 prac\u0119 i niezawodno\u015b\u0107 maszyn w r\u00f3\u017cnych warunkach pracy.<\/p>\n<h3>Definicja<\/h3>\n<p>Si\u0142ownik ramienia, znany r\u00f3wnie\u017c jako si\u0142ownik wysi\u0119gnika, to si\u0142ownik hydrauliczny zaprojektowany specjalnie do zapewnienia ruchu liniowego i zasilania ramienia maszyny. Odpowiada za wysuwanie i wsuwanie ramienia, umo\u017cliwiaj\u0105c precyzyjn\u0105 kontrol\u0119 i wydajn\u0105 prac\u0119 urz\u0105dzenia.<\/p>\n<p><img decoding=\"async\" src=\"https:\/\/www.hydraulic-cylinders.net\/wp-content\/uploads\/2025\/01\/songte-company-2.webp\" alt=\"Obraz cylindra ramienia\"><\/p>\n<h2>Cechy<\/h2>\n<ul>\n<li><strong>Wysoka wydajno\u015b\u0107 transmisji:<\/strong> Si\u0142ownik ramienia zapewnia mocny ruch liniowy i si\u0142\u0119, gwarantuj\u0105c wydajn\u0105 prac\u0119 maszyny.<\/li>\n<li><strong>Precyzyjna kontrola:<\/strong> Dzi\u0119ki uk\u0142adowi hydraulicznemu si\u0142ownik ramienia umo\u017cliwia precyzyjn\u0105 kontrol\u0119 ruchu, co sprawia, \u017ce \u200b\u200bobs\u0142uga dodatkowych narz\u0119dzi jest bardziej elastyczna i dok\u0142adna.<\/li>\n<li><strong>Trwa\u0142o\u015b\u0107:<\/strong> Cylindry ramienia s\u0105 zazwyczaj wykonane z materia\u0142\u00f3w o wysokiej wytrzyma\u0142o\u015bci i charakteryzuj\u0105 si\u0119 doskona\u0142\u0105 odporno\u015bci\u0105 na zu\u017cycie i korozj\u0119, dzi\u0119ki czemu nadaj\u0105 si\u0119 do d\u0142ugotrwa\u0142ego u\u017cytkowania w trudnych warunkach.<\/li>\n<li><strong>Wielofunkcyjna adaptowalno\u015b\u0107:<\/strong> Tego typu cylindry mo\u017cna powszechnie stosowa\u0107 w r\u00f3\u017cnych maszynach, takich jak koparki, d\u017awigi i ramiona robotyczne, dostosowuj\u0105c je do r\u00f3\u017cnych wymaga\u0144 roboczych.<\/li>\n<li><strong>\u0141atwa konserwacja:<\/strong> Konstrukcja cylindra ramienia uwzgl\u0119dnia \u0142atwo\u015b\u0107 konserwacji i wymiany, dzi\u0119ki czemu regularne kontrole i serwisowanie staj\u0105 si\u0119 wygodniejsze, a przestoje sprz\u0119tu kr\u00f3tsze.<\/li>\n<\/ul>\n<p><img decoding=\"async\" src=\"https:\/\/www.hydraulic-cylinders.net\/wp-content\/uploads\/2025\/01\/songte-oil-pipes-and-spare-parts.webp\" alt=\"Cz\u0119\u015bci zamienne do cylindra ramienia\"><\/p>\n<h2>Aplikacje<\/h2>\n<p>Si\u0142ownik ramieniowy znajduje zastosowanie w r\u00f3\u017cnych ga\u0142\u0119ziach przemys\u0142u:<\/p>\n<h3>1. In\u017cynieria budowlana<\/h3>\n<p>W koparkach i d\u017awigach si\u0142ownik ramienia s\u0142u\u017cy do sterowania ruchem \u0142y\u017cki lub wysi\u0119gnika, co umo\u017cliwia wykonywanie rob\u00f3t ziemnych, przenoszenie materia\u0142\u00f3w i monta\u017c konstrukcji.<\/p>\n<h3>2. Produkcja<\/h3>\n<p>W zautomatyzowanych liniach produkcyjnych si\u0142ownik ramienia jest wykorzystywany do poruszania ramionami robota, umo\u017cliwiaj\u0105c monta\u017c, spawanie i obs\u0142ug\u0119 materia\u0142\u00f3w, zwi\u0119kszaj\u0105c wydajno\u015b\u0107 i precyzj\u0119 produkcji.<\/p>\n<h3>3. Maszyny rolnicze<\/h3>\n<p>W maszynach rolniczych, takich jak kombajny i sadzarki, si\u0142ownik ramienia steruje ruchem ramienia roboczego, wykonuj\u0105cego zadania takie jak siew, nawo\u017cenie i zbi\u00f3r.<\/p>\n<h3>4. G\u00f3rnictwo<\/h3>\n<p>W sprz\u0119cie g\u00f3rniczym si\u0142ownik ramienia s\u0142u\u017cy do sterowania ruchem ramienia maszyn g\u00f3rniczych, umo\u017cliwiaj\u0105c wydobycie i transport rudy.<\/p>\n<h3>5. Logistyka i transport<\/h3>\n<p>W w\u00f3zkach wid\u0142owych i robotach prze\u0142adunkowych si\u0142ownik ramienia s\u0142u\u017cy do sterowania podnoszeniem i ruchem wide\u0142, u\u0142atwiaj\u0105c przenoszenie materia\u0142\u00f3w i ich uk\u0142adanie.<\/p>\n<p><img decoding=\"async\" src=\"https:\/\/www.hydraulic-cylinders.net\/wp-content\/uploads\/2025\/01\/songte-chushion-collar.webp\" alt=\"Zastosowania cylindra ramienia\"><\/p>\n<h2>Zagadnienia projektowe i kryteria wyboru<\/h2>\n<p>Przy projektowaniu cylindr\u00f3w ramieniowych nale\u017cy wzi\u0105\u0107 pod uwag\u0119 kilka kluczowych czynnik\u00f3w:<\/p>\n<h3>1. No\u015bno\u015b\u0107<\/h3>\n<p>Si\u0142ownik ramienia powinien by\u0107 zaprojektowany w taki spos\u00f3b, aby wytrzyma\u0142 maksymalne obci\u0105\u017cenie, kt\u00f3remu b\u0119dzie poddawany podczas pracy, co zapewni bezpieczn\u0105 i niezawodn\u0105 prac\u0119.<\/p>\n<h3>2. Uszczelnienie<\/h3>\n<p>R\u00f3\u017cne elementy uszczelniaj\u0105ce, takie jak uszczelki t\u0142okowe i t\u0142oczyskowe, s\u0142u\u017c\u0105 do zapobiegania wyciekom i zapewnienia wydajnej pracy uk\u0142adu hydraulicznego. Do uszczelnie\u0144 powszechnie stosuje si\u0119 trwa\u0142e i odporne na zu\u017cycie materia\u0142y, takie jak poliuretan i kauczuk nitrylowy.<\/p>\n<h3>3. Trwa\u0142o\u015b\u0107<\/h3>\n<p>Cylindry ramienia s\u0105 produkowane z materia\u0142\u00f3w o wysokiej wytrzyma\u0142o\u015bci i poddawane obr\u00f3bce powierzchniowej w celu zwi\u0119kszenia odporno\u015bci na zu\u017cycie. Zapewnia to d\u0142ug\u0105 \u017cywotno\u015b\u0107 cylindra, nawet w wymagaj\u0105cych warunkach pracy.<\/p>\n<h3>4. Bezpiecze\u0144stwo<\/h3>\n<p>Konstrukcja maszyny powinna stawia\u0107 na pierwszym miejscu bezpiecze\u0144stwo operatora, dlatego nale\u017cy stosowa\u0107 takie \u015brodki, jak zawory bezpiecze\u0144stwa zapobiegaj\u0105ce przeci\u0105\u017ceniu i os\u0142ony ochronne minimalizuj\u0105ce ryzyko wypadk\u00f3w.<\/p>\n<h3>5. Utrzymywalno\u015b\u0107<\/h3>\n<p>Projekt powinien umo\u017cliwia\u0107 \u0142atw\u0105 konserwacj\u0119 i naprawy, co pozwoli na wygodne przeprowadzanie regularnych kontroli i niezb\u0119dnych wymian, co skr\u00f3ci przestoje i zwi\u0119kszy wydajno\u015b\u0107.<\/p>\n<p><img decoding=\"async\" src=\"https:\/\/www.hydraulic-cylinders.net\/wp-content\/uploads\/2025\/01\/songte-cylinder-head-with-all-kinds-excavator-models.webp\" alt=\"Konstrukcja cylindra ramienia\"><\/p>\n<h2>Uszczelnianie i smarowanie<\/h2>\n<p>Si\u0142ownik ramienia wykorzystuje r\u00f3\u017cnorodne elementy uszczelniaj\u0105ce, takie jak uszczelnienia t\u0142oka i t\u0142oczyska, wykonane z trwa\u0142ych i odpornych na zu\u017cycie materia\u0142\u00f3w, takich jak poliuretan i kauczuk nitrylowy. Korpus cylindra i gwintowane powierzchnie ko\u0144cowe s\u0105 precyzyjnie obrobione w celu zwi\u0119kszenia odporno\u015bci na zu\u017cycie. Regularne smarowanie odpowiednim olejem hydraulicznym jest wymagane, aby zapewni\u0107 p\u0142ynn\u0105 prac\u0119 i zminimalizowa\u0107 tarcie.<\/p>\n<h2>Regularne kontrole i konserwacja zapobiegawcza<\/h2>\n<p>Aby zachowa\u0107 optymaln\u0105 wydajno\u015b\u0107 i przed\u0142u\u017cy\u0107 \u017cywotno\u015b\u0107 cylindra ramienia, zaleca si\u0119 stosowanie nast\u0119puj\u0105cych \u015brodk\u00f3w:<\/p>\n<h3>1. Regularnie sprawdzaj, czy nie ma wyciek\u00f3w, zu\u017cycia lub uszkodze\u0144 element\u00f3w uszczelniaj\u0105cych.<\/h3>\n<h3>2. Sprawd\u017a korpus cylindra i powierzchnie gwintowane pod k\u0105tem oznak zu\u017cycia lub korozji.<\/h3>\n<h3>3. Nale\u017cy zapewni\u0107 odpowiednie smarowanie poprzez okresowe dodawanie zalecanej ilo\u015bci oleju hydraulicznego.<\/h3>\n<h3>4. Sprawd\u017a uk\u0142ad hydrauliczny pod k\u0105tem nietypowych waha\u0144 ci\u015bnienia lub temperatury.<\/h3>\n<p><img decoding=\"async\" src=\"https:\/\/www.hydraulic-cylinders.net\/wp-content\/uploads\/2025\/01\/songte-bushings-with-all-kinds-of-excavator-models.webp\" alt=\"Konserwacja cylindra ramienia\"><\/p>\n<h2>Instrukcja instalacji produktu<\/h2>\n<p>Prawid\u0142owy monta\u017c si\u0142ownika ramienia ma kluczowe znaczenie dla jego dzia\u0142ania i bezpiecze\u0144stwa. Wykonaj nast\u0119puj\u0105ce kroki:<\/p>\n<h3>1. Umie\u015b\u0107 cylinder w wyznaczonym miejscu monta\u017cu na maszynie.<\/h3>\n<h3>2. Pod\u0142\u0105cz przewody hydrauliczne do odpowiednich port\u00f3w, zapewniaj\u0105c odpowiednie uszczelnienie.<\/h3>\n<h3>3. Upewnij si\u0119, \u017ce wszystkie elementy mocuj\u0105ce s\u0105 dobrze dokr\u0119cone, ale nie dokr\u0119caj ich zbyt mocno.<\/h3>\n<h3>4. Przed uruchomieniem maszyny nale\u017cy sprawdzi\u0107 dzia\u0142anie cylindra i sprawdzi\u0107, czy nie ma wyciek\u00f3w.<\/h3>\n<p><img decoding=\"async\" src=\"https:\/\/www.hydraulic-cylinders.net\/wp-content\/uploads\/2025\/01\/songte-company-4.webp\" alt=\"Przegl\u0105d firmy\"><\/p>\n<h2>Zagadnienia bezpiecze\u0144stwa i czynniki \u015brodowiskowe<\/h2>\n<p>Podczas korzystania z si\u0142ownika ramienia, wa\u017cne jest, aby priorytetowo traktowa\u0107 \u015brodki bezpiecze\u0144stwa. Oto kilka kluczowych kwestii:<\/p>\n<h3>1. Nale\u017cy przestrzega\u0107 wszystkich wytycznych i instrukcji bezpiecze\u0144stwa podanych przez producenta sprz\u0119tu.<\/h3>\n<h3>2. Odpowiednio przeszkoli\u0107 operator\u00f3w w zakresie bezpiecznej obs\u0142ugi i konserwacji maszyn.<\/h3>\n<h3>3. Regularnie sprawdzaj cylinder ramienia pod k\u0105tem oznak zu\u017cycia, uszkodze\u0144 lub nieszczelno\u015bci, kt\u00f3re mog\u0142yby zagrozi\u0107 bezpiecze\u0144stwu.<\/h3>\n<h3>4. P\u0142yny hydrauliczne i podzespo\u0142y nale\u017cy utylizowa\u0107 zgodnie z przepisami ochrony \u015brodowiska.<\/h3>\n<h2>Rozwi\u0105zywanie problem\u00f3w i typowe problemy<\/h2>\n<p>Cylindry ramienia mog\u0105 napotyka\u0107 pewne problemy. Oto kilka typowych problem\u00f3w i ich mo\u017cliwe rozwi\u0105zania:<\/p>\n<h3>1. Wyciek<\/h3>\n<p>W przypadku zauwa\u017calnego wycieku p\u0142ynu hydraulicznego nale\u017cy sprawdzi\u0107 elementy uszczelnie\u0144 i wymieni\u0107 uszkodzone uszczelki. Zapewni\u0107 prawid\u0142owy monta\u017c i szczelno\u015b\u0107 wszystkich po\u0142\u0105cze\u0144.<\/p>\n<h3>2. Powolny lub niesp\u00f3jny ruch<\/h3>\n<p>Sprawd\u017a poziom i ci\u015bnienie p\u0142ynu hydraulicznego. W razie potrzeby wymie\u0144 zu\u017cyte lub uszkodzone podzespo\u0142y, kt\u00f3re mog\u0105 powodowa\u0107 ograniczenie przep\u0142ywu p\u0142ynu lub spadek ci\u015bnienia.<\/p>\n<h3>3. G\u0142o\u015bna praca<\/h3>\n<p>Ha\u0142as podczas pracy mo\u017ce wskazywa\u0107 na zu\u017cycie lub uszkodzenie podzespo\u0142\u00f3w. Sprawd\u017a i wymie\u0144 wszelkie uszkodzone cz\u0119\u015bci.<\/p>\n<h3>4. Nadmierne wibracje<\/h3>\n<p>Nadmierne wibracje mog\u0105 by\u0107 spowodowane niewsp\u00f3\u0142osiowo\u015bci\u0105 lub zu\u017cyciem podzespo\u0142\u00f3w. Sprawd\u017a i zmie\u0144 po\u0142o\u017cenie lub wymie\u0144.<\/p>","protected":false},"excerpt":{"rendered":"<p>Arm Cylinder For Sany Small Excavator SY75C-9 Arm Cylinder For Sany Small Excavator SY75C-9 Introduction The arm cylinder is a specially designed hydraulic cylinder that provides linear motion and power to the arm of various machinery, such as excavators, cranes, and robotic arms. It plays a crucial role in hydraulic systems, allowing for the efficient [&hellip;]<\/p>","protected":false},"featured_media":14763,"comment_status":"open","ping_status":"closed","template":"","meta":{"_et_pb_use_builder":"","_et_pb_old_content":"","_et_gb_content_width":""},"product_brand":[],"product_cat":[1497],"product_tag":[1498,1496],"class_list":{"0":"post-16353","1":"product","2":"type-product","3":"status-publish","4":"has-post-thumbnail","6":"product_cat-arm-cylinders","7":"product_tag-arm-cylinders","8":"product_tag-hydraulic-cylinders","10":"first","11":"instock","12":"shipping-taxable","13":"product-type-simple"},"amp_enabled":true,"_links":{"self":[{"href":"https:\/\/www.hydraulic-cylinders.net\/pl\/wp-json\/wp\/v2\/product\/16353","targetHints":{"allow":["GET"]}}],"collection":[{"href":"https:\/\/www.hydraulic-cylinders.net\/pl\/wp-json\/wp\/v2\/product"}],"about":[{"href":"https:\/\/www.hydraulic-cylinders.net\/pl\/wp-json\/wp\/v2\/types\/product"}],"replies":[{"embeddable":true,"href":"https:\/\/www.hydraulic-cylinders.net\/pl\/wp-json\/wp\/v2\/comments?post=16353"}],"wp:featuredmedia":[{"embeddable":true,"href":"https:\/\/www.hydraulic-cylinders.net\/pl\/wp-json\/wp\/v2\/media\/14763"}],"wp:attachment":[{"href":"https:\/\/www.hydraulic-cylinders.net\/pl\/wp-json\/wp\/v2\/media?parent=16353"}],"wp:term":[{"taxonomy":"product_brand","embeddable":true,"href":"https:\/\/www.hydraulic-cylinders.net\/pl\/wp-json\/wp\/v2\/product_brand?post=16353"},{"taxonomy":"product_cat","embeddable":true,"href":"https:\/\/www.hydraulic-cylinders.net\/pl\/wp-json\/wp\/v2\/product_cat?post=16353"},{"taxonomy":"product_tag","embeddable":true,"href":"https:\/\/www.hydraulic-cylinders.net\/pl\/wp-json\/wp\/v2\/product_tag?post=16353"}],"curies":[{"name":"wp","href":"https:\/\/api.w.org\/{rel}","templated":true}]}}