{"id":16364,"date":"2025-01-20T09:09:23","date_gmt":"2025-01-20T09:09:23","guid":{"rendered":"https:\/\/www.hydraulic-cylinders.net\/product\/arm-cylinderfor-sany-middle-excavator-sy215c-8-9\/"},"modified":"2025-01-20T09:09:25","modified_gmt":"2025-01-20T09:09:25","slug":"arm-cylinderfor-sany-middle-excavator-sy215c-8-9","status":"publish","type":"product","link":"https:\/\/www.hydraulic-cylinders.net\/pl\/produkt\/arm-cylinderfor-sany-middle-excavator-sy215c-8-9\/","title":{"rendered":"Si\u0142ownik ramienia do koparki Sany Middle SY215C-8-9"},"content":{"rendered":"<h2>Si\u0142ownik ramienia do koparki Sany Middle SY215C-8-9<\/h2>\n<h3>Definicja i wyja\u015bnienie<\/h3>\n<p>Si\u0142ownik ramienia to specjalnie zaprojektowany si\u0142ownik hydrauliczny, kt\u00f3ry s\u0142u\u017cy g\u0142\u00f3wnie do zapewnienia ruchu liniowego i zasilania ramion r\u00f3\u017cnych maszyn, takich jak koparki, d\u017awigi i ramiona robotyczne. Si\u0142ownik ramienia odgrywa kluczow\u0105 rol\u0119 w uk\u0142adzie hydraulicznym, umo\u017cliwiaj\u0105c ruch dodatkowych narz\u0119dzi lub osprz\u0119tu i efektywne sterowanie nimi. Si\u0142owniki te nie tylko zapewniaj\u0105 p\u0142ynny ruch, ale tak\u017ce wytrzymuj\u0105 du\u017ce obci\u0105\u017cenia, gwarantuj\u0105c wydajn\u0105 prac\u0119 i niezawodno\u015b\u0107 maszyn w r\u00f3\u017cnych warunkach pracy.<\/p>\n<p><img decoding=\"async\" src=\"https:\/\/www.hydraulic-cylinders.net\/wp-content\/uploads\/2025\/01\/songte-company-2.webp\" alt=\"Obraz cylindra ramienia\" \/><\/p>\n<h3>Cechy<\/h3>\n<ul>\n<li><strong>Efektywne przenoszenie mocy:<\/strong> Cylinder ramienia zapewnia mocny ruch liniowy i si\u0142\u0119, gwarantuj\u0105c wysok\u0105 wydajno\u015b\u0107 ramienia robota w r\u00f3\u017cnych operacjach.<\/li>\n<li><strong>Precyzyjna kontrola:<\/strong> Si\u0142ownik ramienia umo\u017cliwia precyzyjn\u0105 kontrol\u0119 ruchu za pomoc\u0105 uk\u0142adu hydraulicznego, co sprawia, \u017ce \u200b\u200bobs\u0142uga dodatkowych narz\u0119dzi jest bardziej elastyczna i dok\u0142adna.<\/li>\n<li><strong>Wytrzyma\u0142y:<\/strong> Cylindry ramienia s\u0105 zazwyczaj wykonane z materia\u0142\u00f3w o wysokiej wytrzyma\u0142o\u015bci, charakteryzuj\u0105cych si\u0119 dobr\u0105 odporno\u015bci\u0105 na zu\u017cycie i korozj\u0119, dzi\u0119ki czemu nadaj\u0105 si\u0119 do d\u0142ugotrwa\u0142ego u\u017cytkowania w trudnych warunkach.<\/li>\n<li><strong>Wielofunkcyjno\u015b\u0107:<\/strong> Tego typu si\u0142owniki mo\u017cna powszechnie stosowa\u0107 w r\u00f3\u017cnych urz\u0105dzeniach mechanicznych, takich jak koparki, d\u017awigi i ramiona robotyczne, dostosowuj\u0105c je do r\u00f3\u017cnych wymaga\u0144 roboczych.<\/li>\n<li><strong>\u0141atwa konserwacja:<\/strong> Projekt uwzgl\u0119dnia \u0142atwo\u015b\u0107 konserwacji i wymiany, dzi\u0119ki czemu regularne kontrole i konserwacje staj\u0105 si\u0119 wygodniejsze, a przestoje sprz\u0119tu skr\u00f3cone.<\/li>\n<\/ul>\n<p>Mo\u017cemy wyprodukowa\u0107 ten produkt i nasz produkt mo\u017ce doskonale zast\u0105pi\u0107 te cylindry hydrauliczne.<\/p>\n<p><img decoding=\"async\" src=\"https:\/\/www.hydraulic-cylinders.net\/wp-content\/uploads\/2025\/01\/songte-oil-pipes-and-spare-parts.webp\" alt=\"Obraz cz\u0119\u015bci zamiennych\" \/><\/p>\n<h3>Aplikacje<\/h3>\n<p>Cylindry ramieniowe s\u0105 szeroko stosowane w r\u00f3\u017cnych dziedzinach, takich jak:<\/p>\n<ul>\n<li><strong>In\u017cynieria budowlana:<\/strong> W koparkach i d\u017awigach si\u0142owniki ramienia s\u0142u\u017c\u0105 do sterowania ruchem \u0142y\u017cki lub wysi\u0119gnika podczas rob\u00f3t ziemnych, przenoszenia materia\u0142\u00f3w i monta\u017cu konstrukcji.<\/li>\n<li><strong>Przemys\u0142 wytw\u00f3rczy:<\/strong> W zautomatyzowanych liniach produkcyjnych si\u0142owniki ramieniowe s\u0142u\u017c\u0105 do poruszania ramionami robot\u00f3w, monta\u017cu, spawania i przenoszenia materia\u0142\u00f3w w celu zwi\u0119kszenia wydajno\u015bci i dok\u0142adno\u015bci produkcji.<\/li>\n<li><strong>Maszyny rolnicze:<\/strong> W maszynach rolniczych, takich jak kombajny i siewniki, si\u0142owniki ramienia steruj\u0105 ruchem ramienia roboczego, wykonuj\u0105cego takie zadania, jak siew, nawo\u017cenie i zbi\u00f3r.<\/li>\n<li><strong>G\u00f3rnictwo:<\/strong> W sprz\u0119cie g\u00f3rniczym cylindry ramieniowe s\u0142u\u017c\u0105 do sterowania ruchem ramion sprz\u0119tu g\u00f3rniczego s\u0142u\u017c\u0105cego do wydobywania i transportu minera\u0142\u00f3w.<\/li>\n<li><strong>Logistyka i transport:<\/strong> W w\u00f3zkach wid\u0142owych i robotach prze\u0142adunkowych si\u0142owniki ramion s\u0142u\u017c\u0105 do sterowania podnoszeniem i ruchem wide\u0142, co umo\u017cliwia przenoszenie i uk\u0142adanie materia\u0142\u00f3w.<\/li>\n<\/ul>\n<h3>Zagadnienia projektowe i standardy wyboru<\/h3>\n<p>Z punktu widzenia projektowania cylindry ramieniowe musz\u0105 spe\u0142nia\u0107 nast\u0119puj\u0105ce wymagania:<\/p>\n<ul>\n<li><strong>No\u015bno\u015b\u0107:<\/strong> Cylindry ramienia musz\u0105 by\u0107 w stanie wytrzyma\u0107 ci\u0119\u017car sprz\u0119tu i \u0142adunku.<\/li>\n<li><strong>Opiecz\u0119towanie:<\/strong> Aby zapobiec wyciekom p\u0142ynu i zapewni\u0107 niezawodn\u0105 i wydajn\u0105 prac\u0119, stosuje si\u0119 r\u00f3\u017cne elementy uszczelniaj\u0105ce, takie jak uszczelki t\u0142okowe i uszczelki t\u0142oczyskowe.<\/li>\n<li><strong>Trwa\u0142o\u015b\u0107:<\/strong> Cylindry ramienia s\u0105 cz\u0119sto nara\u017cone na trudne warunki otoczenia i wymagaj\u0105 materia\u0142\u00f3w o wysokiej wytrzyma\u0142o\u015bci oraz odpowiedniej obr\u00f3bki powierzchni, aby zapewni\u0107 dobr\u0105 odporno\u015b\u0107 na zu\u017cycie i korozj\u0119.<\/li>\n<li><strong>Bezpiecze\u0144stwo:<\/strong> Aby zapobiec wypadkom spowodowanym awari\u0105 lub nieprawid\u0142owym dzia\u0142aniem cylindra, nale\u017cy wzi\u0105\u0107 pod uwag\u0119 wzgl\u0119dy bezpiecze\u0144stwa.<\/li>\n<li><strong>Konserwacja:<\/strong> Cylindry ramienia musz\u0105 by\u0107 zaprojektowane w spos\u00f3b umo\u017cliwiaj\u0105cy \u0142atw\u0105 konserwacj\u0119 i wymian\u0119, aby ograniczy\u0107 przestoje sprz\u0119tu i koszty konserwacji.<\/li>\n<\/ul>\n<p><img decoding=\"async\" src=\"https:\/\/www.hydraulic-cylinders.net\/wp-content\/uploads\/2025\/01\/songte-cylinder-head-with-all-kinds-excavator-models.webp\" alt=\"Obraz g\u0142owicy cylindra\" \/><\/p>\n<h3>Uszczelnianie i smarowanie<\/h3>\n<p>R\u00f3\u017cne elementy uszczelniaj\u0105ce, takie jak uszczelnienia t\u0142oka i t\u0142oczyska, zapobiegaj\u0105 wyciekom cieczy i zapewniaj\u0105 niezawodn\u0105 i wydajn\u0105 prac\u0119. Uszczelnienia wykonane s\u0105 z materia\u0142\u00f3w odpornych na zu\u017cycie, takich jak poliuretan i kauczuk nitrylowy. Korpus cylindra i gwintowana powierzchnia ko\u0144cowa s\u0105 precyzyjnie obrobione, aby zwi\u0119kszy\u0107 odporno\u015b\u0107 na zu\u017cycie. Regularne uzupe\u0142nianie odpowiedniego oleju hydraulicznego w celu zapewnienia p\u0142ynnej pracy cylindra hydraulicznego jest konieczne.<\/p>\n<p><img decoding=\"async\" src=\"https:\/\/www.hydraulic-cylinders.net\/wp-content\/uploads\/2025\/01\/songte-chushion-collar.webp\" alt=\"Obraz uszczelniaj\u0105cy\" \/><\/p>\n<h3>Regularne kontrole i \u015brodki konserwacji zapobiegawczej<\/h3>\n<ul>\n<li>Regularnie sprawdzaj poziom oleju, czysto\u015b\u0107 i jako\u015b\u0107 oleju hydraulicznego, a w razie konieczno\u015bci wymie\u0144 lub uzupe\u0142nij olej.<\/li>\n<li>Sprawd\u017a elementy uszczelniaj\u0105ce, korpus cylindra i powierzchni\u0119 gwintowan\u0105 pod k\u0105tem zu\u017cycia i korozji. W razie konieczno\u015bci wymie\u0144 je na czas.<\/li>\n<li>Regularnie sprawdzaj elementy mocuj\u0105ce i w razie potrzeby je dokr\u0119caj, aby zapobiec ich poluzowaniu si\u0119 i uszkodzeniu.<\/li>\n<li>Przeprowadzaj regularn\u0105 konserwacj\u0119 i naprawy, aby zapobiega\u0107 potencjalnym problemom i zapewni\u0107 niezawodn\u0105 i wydajn\u0105 prac\u0119 sprz\u0119tu.<\/li>\n<\/ul>\n<h3>Instrukcja instalacji produktu<\/h3>\n<p>Przed instalacj\u0105 prosimy o dok\u0142adne zapoznanie si\u0119 z instrukcj\u0105 obs\u0142ugi produktu i wykonanie poni\u017cszych krok\u00f3w:<\/p>\n<ol>\n<li>Sprawd\u017a model i specyfikacje produktu, aby mie\u0107 pewno\u015b\u0107, \u017ce pasuj\u0105 do sprz\u0119tu.<\/li>\n<li>Sprawd\u017a miejsce instalacji i upewnij si\u0119, \u017ce jest czyste, r\u00f3wne i wolne od zanieczyszcze\u0144.<\/li>\n<li>Umie\u015b\u0107 cylinder w odpowiednim po\u0142o\u017ceniu i wyr\u00f3wnaj otwory monta\u017cowe.<\/li>\n<li>Dokr\u0119\u0107 \u015bruby mocuj\u0105ce i nakr\u0119tki zgodnie z podanym momentem obrotowym.<\/li>\n<li>Wykonaj pr\u00f3b\u0119 ci\u015bnieniow\u0105, aby upewni\u0107 si\u0119, \u017ce cylinder dzia\u0142a prawid\u0142owo.<\/li>\n<\/ol>\n<p><img decoding=\"async\" src=\"https:\/\/www.hydraulic-cylinders.net\/wp-content\/uploads\/2025\/01\/songte-bushings-with-all-kinds-of-excavator-models.webp\" alt=\"Obraz tulei\" \/><\/p>\n<h3>Zagadnienia bezpiecze\u0144stwa i czynniki \u015brodowiskowe<\/h3>\n<p>Bezpiecze\u0144stwo jest priorytetem podczas u\u017cytkowania cylindr\u00f3w hydraulicznych. Nale\u017cy zadba\u0107 o prawid\u0142ow\u0105 instalacj\u0119, konserwacj\u0119 i naprawy sprz\u0119tu, aby zapobiec wypadkom spowodowanym awari\u0105 lub nieprawid\u0142owym dzia\u0142aniem cylindra. Ponadto, aby chroni\u0107 \u015brodowisko i zapewni\u0107 zr\u00f3wnowa\u017cony rozw\u00f3j, wa\u017cne jest, aby prawid\u0142owo utylizowa\u0107 zu\u017cyty olej hydrauliczny i inne odpady.<\/p>\n<h3>Rozwi\u0105zywanie problem\u00f3w i typowe problemy<\/h3>\n<p>Oto niekt\u00f3re typowe problemy i rozwi\u0105zania dotycz\u0105ce cylindr\u00f3w ramienia:<\/p>\n<ul>\n<li><strong>Wyciek p\u0142ynu:<\/strong> Sprawd\u017a elementy uszczelniaj\u0105ce pod k\u0105tem zu\u017cycia lub uszkodze\u0144 i w razie potrzeby wymie\u0144 je.<\/li>\n<li><strong>Nietypowy ha\u0142as:<\/strong> Sprawd\u017a, czy elementy mocuj\u0105ce nie s\u0105 lu\u017ane lub uszkodzone; w razie potrzeby napraw je lub wymie\u0144.<\/li>\n<li><strong>Ruch powolny:<\/strong> Sprawd\u017a poziom i jako\u015b\u0107 oleju hydraulicznego, w razie konieczno\u015bci wymie\u0144 lub uzupe\u0142nij olej.<\/li>\n<\/ul>\n<p>Regularna konserwacja i przegl\u0105dy mog\u0105 pom\u00f3c zapobiec potencjalnym problemom i zapewni\u0107 niezawodn\u0105 i wydajn\u0105 prac\u0119 sprz\u0119tu.<\/p>\n<p><img decoding=\"async\" src=\"https:\/\/www.hydraulic-cylinders.net\/wp-content\/uploads\/2025\/01\/songte-company-4.webp\" alt=\"Wizerunek firmy\" \/><br \/>\n<img decoding=\"async\" src=\"https:\/\/www.hydraulic-cylinders.net\/wp-content\/uploads\/2025\/01\/songte-company-3.webp\" alt=\"Wizerunek firmy\" \/><\/p>\n<h3>O nas<\/h3>\n<p>Jeste\u015bmy profesjonalnym producentem zamiennych cylindr\u00f3w hydraulicznych, oferuj\u0105cym szerok\u0105 gam\u0119 produkt\u00f3w. Stali\u015bmy si\u0119 jednym z wiod\u0105cych producent\u00f3w i dystrybutor\u00f3w hurtowych cylindr\u00f3w hydraulicznych na rynku krajowym i mi\u0119dzynarodowym. Zawsze przestrzegamy zasady doskona\u0142ej jako\u015bci, opieramy si\u0119 na strategii przemys\u0142owego zarz\u0105dzania produkcj\u0105 w zaawansowanych warsztatach produkcyjnych oraz stale podnosimy poziom techniczny i wydajno\u015b\u0107 produkcji. Posiadamy silne mo\u017cliwo\u015bci innowacyjne dzi\u0119ki wprowadzaniu wysokiej klasy cyfrowego sprz\u0119tu produkcyjnego i profesjonalnych system\u00f3w testowych, ci\u0105g\u0142ej optymalizacji platformy produkcyjnej oraz doskonaleniu proces\u00f3w kontroli jako\u015bci produkt\u00f3w. Naszym celem jest zaspokajanie zr\u00f3\u017cnicowanych potrzeb klient\u00f3w, kieruj\u0105c si\u0119 zasadami wysokiej wydajno\u015bci, precyzji i jako\u015bci.<\/p>\n<p>Oferujemy profesjonalne us\u0142ugi, mi\u0119dzynarodowe certyfikaty, us\u0142ugi dostosowane do potrzeb klienta, sprz\u0119t produkcyjny i us\u0142ugi posprzeda\u017cowe.<\/p>\n<p>Autor: lyl.<\/p>","protected":false},"excerpt":{"rendered":"<p>Arm Cylinder For Sany Middle Excavator SY215C-8-9 Definition and Explanation Arm cylinder is a specially designed hydraulic cylinder that is mainly used to provide linear motion and power for arms of various machinery such as excavators, cranes and robotic arms. The arm cylinder plays a key role in the hydraulic system, enabling additional tools or [&hellip;]<\/p>","protected":false},"featured_media":14759,"comment_status":"open","ping_status":"closed","template":"","meta":{"_et_pb_use_builder":"","_et_pb_old_content":"","_et_gb_content_width":""},"product_brand":[],"product_cat":[1497],"product_tag":[1498,1496],"class_list":{"0":"post-16364","1":"product","2":"type-product","3":"status-publish","4":"has-post-thumbnail","6":"product_cat-arm-cylinders","7":"product_tag-arm-cylinders","8":"product_tag-hydraulic-cylinders","10":"first","11":"instock","12":"shipping-taxable","13":"product-type-simple"},"amp_enabled":true,"_links":{"self":[{"href":"https:\/\/www.hydraulic-cylinders.net\/pl\/wp-json\/wp\/v2\/product\/16364","targetHints":{"allow":["GET"]}}],"collection":[{"href":"https:\/\/www.hydraulic-cylinders.net\/pl\/wp-json\/wp\/v2\/product"}],"about":[{"href":"https:\/\/www.hydraulic-cylinders.net\/pl\/wp-json\/wp\/v2\/types\/product"}],"replies":[{"embeddable":true,"href":"https:\/\/www.hydraulic-cylinders.net\/pl\/wp-json\/wp\/v2\/comments?post=16364"}],"wp:featuredmedia":[{"embeddable":true,"href":"https:\/\/www.hydraulic-cylinders.net\/pl\/wp-json\/wp\/v2\/media\/14759"}],"wp:attachment":[{"href":"https:\/\/www.hydraulic-cylinders.net\/pl\/wp-json\/wp\/v2\/media?parent=16364"}],"wp:term":[{"taxonomy":"product_brand","embeddable":true,"href":"https:\/\/www.hydraulic-cylinders.net\/pl\/wp-json\/wp\/v2\/product_brand?post=16364"},{"taxonomy":"product_cat","embeddable":true,"href":"https:\/\/www.hydraulic-cylinders.net\/pl\/wp-json\/wp\/v2\/product_cat?post=16364"},{"taxonomy":"product_tag","embeddable":true,"href":"https:\/\/www.hydraulic-cylinders.net\/pl\/wp-json\/wp\/v2\/product_tag?post=16364"}],"curies":[{"name":"wp","href":"https:\/\/api.w.org\/{rel}","templated":true}]}}