{"id":16365,"date":"2025-01-20T09:09:27","date_gmt":"2025-01-20T09:09:27","guid":{"rendered":"https:\/\/www.hydraulic-cylinders.net\/product\/arm-cylinderfor-sany-middle-excavator-sy225c-9\/"},"modified":"2025-01-20T09:09:29","modified_gmt":"2025-01-20T09:09:29","slug":"arm-cylinderfor-sany-middle-excavator-sy225c-9","status":"publish","type":"product","link":"https:\/\/www.hydraulic-cylinders.net\/pl\/produkt\/arm-cylinderfor-sany-middle-excavator-sy225c-9\/","title":{"rendered":"Si\u0142ownik ramienia do koparki Sany Middle SY225C-9"},"content":{"rendered":"<h2>Si\u0142ownik ramienia do koparki Sany Middle SY225C-9<\/h2>\n<p>Si\u0142ownik ramienia, jak sama nazwa wskazuje, to specjalistyczny si\u0142ownik hydrauliczny zaprojektowany do zapewnienia ruchu liniowego i zasilania ramienia r\u00f3\u017cnych maszyn, takich jak koparki, d\u017awigi i ramiona robot\u00f3w. Odgrywa kluczow\u0105 rol\u0119 w uk\u0142adach hydraulicznych, umo\u017cliwiaj\u0105c wydajny ruch i sterowanie dodatkowymi narz\u0119dziami lub osprz\u0119tem. Si\u0142owniki te nie tylko zapewniaj\u0105 p\u0142ynny ruch, ale tak\u017ce wytrzymuj\u0105 du\u017ce obci\u0105\u017cenia, gwarantuj\u0105c wydajn\u0105 prac\u0119 i niezawodno\u015b\u0107 maszyn w r\u00f3\u017cnych warunkach pracy.<\/p>\n<p><img decoding=\"async\" src=\"https:\/\/www.hydraulic-cylinders.net\/wp-content\/uploads\/2025\/01\/songte-company-2.webp\" alt=\"Cylinder ramienia\" \/><\/p>\n<h3>Cechy<\/h3>\n<ul>\n<li><strong>Efektywne przenoszenie mocy:<\/strong> Si\u0142ownik ramienia zapewnia mocny ruch liniowy i si\u0142\u0119, gwarantuj\u0105c wysok\u0105 wydajno\u015b\u0107 ramienia mechanicznego w r\u00f3\u017cnych operacjach.<\/li>\n<li><strong>Precyzyjna kontrola:<\/strong> Dzi\u0119ki uk\u0142adowi hydraulicznemu si\u0142ownik ramienia umo\u017cliwia precyzyjn\u0105 kontrol\u0119 ruchu, co sprawia, \u017ce \u200b\u200boperacje wykonywane przy u\u017cyciu dodatkowych narz\u0119dzi s\u0105 bardziej elastyczne i dok\u0142adne.<\/li>\n<li><strong>Trwa\u0142o\u015b\u0107:<\/strong> Cylindry ramienia s\u0105 zazwyczaj produkowane z materia\u0142\u00f3w o wysokiej wytrzyma\u0142o\u015bci, zapewniaj\u0105cych doskona\u0142\u0105 odporno\u015b\u0107 na zu\u017cycie i korozj\u0119, dzi\u0119ki czemu nadaj\u0105 si\u0119 do d\u0142ugotrwa\u0142ego u\u017cytkowania w trudnych warunkach.<\/li>\n<li><strong>Wielofunkcyjna adaptowalno\u015b\u0107:<\/strong> Si\u0142owniki te znajduj\u0105 szerokie zastosowanie w r\u00f3\u017cnych maszynach, m.in. koparkach, d\u017awigach i ramionach robot\u00f3w, dostosowuj\u0105c si\u0119 do r\u00f3\u017cnych wymaga\u0144 roboczych.<\/li>\n<li><strong>\u0141atwo\u015b\u0107 konserwacji:<\/strong> Zaprojektowane z my\u015bl\u0105 o \u0142atwej konserwacji i wymianie, si\u0142owniki ramieniowe u\u0142atwiaj\u0105 regularne kontrole i konserwacj\u0119, redukuj\u0105c przestoje sprz\u0119tu.<\/li>\n<\/ul>\n<p><img decoding=\"async\" src=\"https:\/\/www.hydraulic-cylinders.net\/wp-content\/uploads\/2025\/01\/songte-oil-pipes-and-spare-parts.webp\" alt=\"Cz\u0119\u015bci zapasowe\" \/><\/p>\n<h3>Aplikacje<\/h3>\n<p>Cylindry ramieniowe s\u0105 szeroko stosowane w nast\u0119puj\u0105cych ga\u0142\u0119ziach przemys\u0142u:<\/p>\n<ol>\n<li><strong>In\u017cynieria budowlana:<\/strong> W koparkach i d\u017awigach si\u0142owniki ramieniowe steruj\u0105 ruchem \u0142y\u017cek lub wysi\u0119gnik\u00f3w podczas rob\u00f3t ziemnych, przenoszenia materia\u0142\u00f3w i instalacji konstrukcyjnych.<\/li>\n<li><strong>Produkcja:<\/strong> W zautomatyzowanych liniach produkcyjnych si\u0142owniki ramieniowe nap\u0119dzaj\u0105 ruch ramion robot\u00f3w podczas monta\u017cu, spawania i obs\u0142ugi materia\u0142\u00f3w, zwi\u0119kszaj\u0105c wydajno\u015b\u0107 i precyzj\u0119.<\/li>\n<li><strong>Maszyny rolnicze:<\/strong> Cylindry ramion steruj\u0105 ruchem ramion roboczych w maszynach rolniczych, takich jak kombajny i siewniki, wykonuj\u0105cych zadania takie jak siew, nawo\u017cenie i zbi\u00f3r.<\/li>\n<li><strong>G\u00f3rnictwo:<\/strong> W sprz\u0119cie g\u00f3rniczym cylindry ramieniowe kontroluj\u0105 ruch ramion podczas wydobywania i transportu rudy.<\/li>\n<li><strong>Logistyka i transport:<\/strong> Cylindry ramieniowe stosowane s\u0105 w w\u00f3zkach wid\u0142owych i robotach prze\u0142adunkowych w celu kontrolowania podnoszenia i ruchu wide\u0142, co umo\u017cliwia przenoszenie materia\u0142\u00f3w i ich uk\u0142adanie.<\/li>\n<\/ol>\n<h3>Zagadnienia projektowe i kryteria wyboru<\/h3>\n<p>Przy projektowaniu i doborze cylindr\u00f3w ramienia nale\u017cy wzi\u0105\u0107 pod uwag\u0119 kilka czynnik\u00f3w:<\/p>\n<ol>\n<li><strong>No\u015bno\u015b\u0107:<\/strong> Cylindry ramieniowe powinny by\u0107 zaprojektowane tak, aby wytrzymywa\u0142y spodziewane obci\u0105\u017cenia i si\u0142y w konkretnych zastosowaniach.<\/li>\n<li><strong>Opiecz\u0119towanie:<\/strong> Aby zagwarantowa\u0107 skuteczne uszczelnienie, nale\u017cy stosowa\u0107 r\u00f3\u017cne elementy uszczelniaj\u0105ce, takie jak uszczelnienia t\u0142ok\u00f3w i t\u0142oczysk wykonane z materia\u0142\u00f3w odpornych na zu\u017cycie, np. poliuretanu i kauczuku nitrylowego.<\/li>\n<li><strong>Trwa\u0142o\u015b\u0107:<\/strong> Korpus cylindra i gwintowane ko\u0144c\u00f3wki nale\u017cy podda\u0107 precyzyjnej obr\u00f3bce w celu zwi\u0119kszenia odporno\u015bci na zu\u017cycie i og\u00f3lnej trwa\u0142o\u015bci.<\/li>\n<li><strong>Bezpiecze\u0144stwo:<\/strong> Aby zapobiec wypadkom i zapewni\u0107 ochron\u0119 operatora podczas pracy, konstrukcja maszyny powinna uwzgl\u0119dnia\u0107 elementy bezpiecze\u0144stwa.<\/li>\n<li><strong>Utrzymywalno\u015b\u0107:<\/strong> Nale\u017cy wzi\u0105\u0107 pod uwag\u0119 \u0142atwo\u015b\u0107 konserwacji i napraw, co umo\u017cliwi szybkie i wygodne przeprowadzanie przegl\u0105d\u00f3w i wymian.<\/li>\n<\/ol>\n<p><img decoding=\"async\" src=\"https:\/\/www.hydraulic-cylinders.net\/wp-content\/uploads\/2025\/01\/songte-cylinder-head-with-all-kinds-excavator-models.webp\" alt=\"G\u0142owica cylindra\" \/><\/p>\n<h3>Uszczelnianie i smarowanie<\/h3>\n<p>Aby zapewni\u0107 skuteczne uszczelnienie i smarowanie, si\u0142owniki ramieniowe wykorzystuj\u0105 r\u00f3\u017cnorodne elementy uszczelniaj\u0105ce, takie jak uszczelnienia t\u0142oka i t\u0142oczyska, wykonane z materia\u0142\u00f3w odpornych na zu\u017cycie, takich jak poliuretan i kauczuk nitrylowy. Korpus si\u0142ownika i gwintowane ko\u0144c\u00f3wki poddawane s\u0105 precyzyjnej obr\u00f3bce w celu zwi\u0119kszenia odporno\u015bci na zu\u017cycie. Regularne smarowanie odpowiednim olejem hydraulicznym jest niezb\u0119dne do utrzymania optymalnej wydajno\u015bci.<\/p>\n<h3>Przegl\u0105d okresowy i konserwacja zapobiegawcza<\/h3>\n<p>Aby zapewni\u0107 d\u0142ugowieczno\u015b\u0107 i niezawodn\u0105 prac\u0119 cylindr\u00f3w ramienia, nale\u017cy podj\u0105\u0107 nast\u0119puj\u0105ce \u015brodki:<\/p>\n<ol>\n<li>Regularnie sprawdzaj wszystkie podzespo\u0142y pod k\u0105tem oznak zu\u017cycia, uszkodze\u0144 lub wyciek\u00f3w.<\/li>\n<li>Sprawd\u017a i wyreguluj ustawienie i mocowanie cylindra, aby zapewni\u0107 jego prawid\u0142owe dzia\u0142anie.<\/li>\n<li>Monitoruj i utrzymuj odpowiedni poziom i jako\u015b\u0107 p\u0142ynu hydraulicznego.<\/li>\n<li>Niezw\u0142ocznie wymieniaj zu\u017cyte uszczelki i inne elementy.<\/li>\n<li>Okresowo czy\u015b\u0107 i smaruj cylinder, aby zapobiec zanieczyszczeniom i zapewni\u0107 p\u0142ynn\u0105 prac\u0119.<\/li>\n<\/ol>\n<h3>Prawid\u0142owa instalacja produktu<\/h3>\n<p>Prawid\u0142owy monta\u017c ma kluczowe znaczenie dla optymalnego dzia\u0142ania i bezpiecze\u0144stwa si\u0142ownik\u00f3w ramienia. Wykonaj nast\u0119puj\u0105ce kroki:<\/p>\n<ol>\n<li>Upewnij si\u0119, \u017ce powierzchnie monta\u017cowe s\u0105 czyste, p\u0142askie i wolne od zanieczyszcze\u0144.<\/li>\n<li>Dok\u0142adnie wyr\u00f3wnaj cylinder i wsporniki monta\u017cowe, u\u017cywaj\u0105c odpowiednich narz\u0119dzi.<\/li>\n<li>Dokr\u0119\u0107 wszystkie \u015bruby mocuj\u0105ce do podanych warto\u015bci momentu obrotowego.<\/li>\n<li>Po monta\u017cu sprawd\u017a, czy nie ma \u017cadnych rozbie\u017cno\u015bci lub zaci\u0119\u0107 i dokonaj niezb\u0119dnych regulacji.<\/li>\n<\/ol>\n<p><img decoding=\"async\" src=\"https:\/\/www.hydraulic-cylinders.net\/wp-content\/uploads\/2025\/01\/songte-bushings-with-all-kinds-of-excavator-models.webp\" alt=\"Tuleje\" \/><\/p>\n<h3>Zagadnienia bezpiecze\u0144stwa i czynniki \u015brodowiskowe<\/h3>\n<p>Podczas pracy z si\u0142ownikami ramieniowymi \u015brodki bezpiecze\u0144stwa maj\u0105 kluczowe znaczenie. Operatorzy powinni przej\u015b\u0107 odpowiednie szkolenie, aby zapewni\u0107 im bezpiecze\u0144stwo i zapobiec wypadkom. Nale\u017cy r\u00f3wnie\u017c uwzgl\u0119dni\u0107 czynniki \u015brodowiskowe, takie jak temperatura i nara\u017cenie na substancje \u017cr\u0105ce, aby dobra\u0107 odpowiednie materia\u0142y i zapewni\u0107 d\u0142ugotrwa\u0142\u0105 wydajno\u015b\u0107.<\/p>\n<h3>Diagnostyka usterek i typowe problemy<\/h3>\n<p>Typowe problemy, kt\u00f3re mog\u0105 wyst\u0105pi\u0107 w przypadku si\u0142ownik\u00f3w ramienia, to nieszczelno\u015b\u0107, obni\u017cona wydajno\u015b\u0107 i nietypowy ha\u0142as. Aby zdiagnozowa\u0107 i rozwi\u0105za\u0107 te problemy:<\/p>\n<ol>\n<li>Sprawd\u017a wszystkie uszczelki i po\u0142\u0105czenia pod k\u0105tem przeciek\u00f3w.<\/li>\n<li>Sprawd\u017a poziom i jako\u015b\u0107 p\u0142ynu hydraulicznego.<\/li>\n<li>Sprawd\u017a wyr\u00f3wnanie i mocowanie cylindra.<\/li>\n<li>Zwr\u00f3\u0107 uwag\u0119 na wszelkie nietypowe d\u017awi\u0119ki wyst\u0119puj\u0105ce podczas pracy urz\u0105dzenia.<\/li>\n<\/ol>\n<p>Aby uzyska\u0107 szczeg\u00f3\u0142owe informacje na temat rozwi\u0105zywania problem\u00f3w i rozwi\u0105za\u0144, zapoznaj si\u0119 z wytycznymi producenta lub zwr\u00f3\u0107 si\u0119 o pomoc do specjalisty, aby zdiagnozowa\u0107 i skutecznie rozwi\u0105za\u0107 problemy. Podkre\u015bl \u015brodki zapobiegawcze, aby zminimalizowa\u0107 potencjalne problemy.<\/p>\n<p><img decoding=\"async\" src=\"https:\/\/www.hydraulic-cylinders.net\/wp-content\/uploads\/2025\/01\/songte-chushion-collar.webp\" alt=\"Ko\u0142nierz Chushion\" \/><\/p>\n<p>Pami\u0119taj, aby artyku\u0142 by\u0142 logicznie uporz\u0105dkowany, u\u017cywaj podtytu\u0142\u00f3w u\u0142atwiaj\u0105cych nawigacj\u0119, dodawaj odpowiednie obrazy i wykresy, aby u\u0142atwi\u0107 zrozumienie, a tak\u017ce zadbaj o to, aby tre\u015b\u0107 by\u0142a przejrzysta, zwi\u0119z\u0142a i odpowiednia dla czytelnik\u00f3w o r\u00f3\u017cnym poziomie wiedzy technicznej.<\/p>\n<p>Autor: lyl<\/p>\n<p><img decoding=\"async\" src=\"https:\/\/www.hydraulic-cylinders.net\/wp-content\/uploads\/2025\/01\/songte-company-4.webp\" alt=\"Firma\" \/><br \/>\n<img decoding=\"async\" src=\"https:\/\/www.hydraulic-cylinders.net\/wp-content\/uploads\/2025\/01\/songte-company-3.webp\" alt=\"Firma\" \/><\/p>","protected":false},"excerpt":{"rendered":"<p>Arm CylinderFor Sany Middle Excavator SY225C-9 Arm Cylinder, as the name suggests, is a specialized hydraulic cylinder designed to provide linear motion and power to the arm of various machinery, such as excavators, cranes, and robotic arms. It plays a crucial role in hydraulic systems, allowing for efficient movement and control of additional tools or [&hellip;]<\/p>","protected":false},"featured_media":14786,"comment_status":"open","ping_status":"closed","template":"","meta":{"_et_pb_use_builder":"","_et_pb_old_content":"","_et_gb_content_width":""},"product_brand":[],"product_cat":[1497],"product_tag":[1498,1496],"class_list":{"0":"post-16365","1":"product","2":"type-product","3":"status-publish","4":"has-post-thumbnail","6":"product_cat-arm-cylinders","7":"product_tag-arm-cylinders","8":"product_tag-hydraulic-cylinders","10":"first","11":"instock","12":"shipping-taxable","13":"product-type-simple"},"amp_enabled":true,"_links":{"self":[{"href":"https:\/\/www.hydraulic-cylinders.net\/pl\/wp-json\/wp\/v2\/product\/16365","targetHints":{"allow":["GET"]}}],"collection":[{"href":"https:\/\/www.hydraulic-cylinders.net\/pl\/wp-json\/wp\/v2\/product"}],"about":[{"href":"https:\/\/www.hydraulic-cylinders.net\/pl\/wp-json\/wp\/v2\/types\/product"}],"replies":[{"embeddable":true,"href":"https:\/\/www.hydraulic-cylinders.net\/pl\/wp-json\/wp\/v2\/comments?post=16365"}],"wp:featuredmedia":[{"embeddable":true,"href":"https:\/\/www.hydraulic-cylinders.net\/pl\/wp-json\/wp\/v2\/media\/14786"}],"wp:attachment":[{"href":"https:\/\/www.hydraulic-cylinders.net\/pl\/wp-json\/wp\/v2\/media?parent=16365"}],"wp:term":[{"taxonomy":"product_brand","embeddable":true,"href":"https:\/\/www.hydraulic-cylinders.net\/pl\/wp-json\/wp\/v2\/product_brand?post=16365"},{"taxonomy":"product_cat","embeddable":true,"href":"https:\/\/www.hydraulic-cylinders.net\/pl\/wp-json\/wp\/v2\/product_cat?post=16365"},{"taxonomy":"product_tag","embeddable":true,"href":"https:\/\/www.hydraulic-cylinders.net\/pl\/wp-json\/wp\/v2\/product_tag?post=16365"}],"curies":[{"name":"wp","href":"https:\/\/api.w.org\/{rel}","templated":true}]}}