{"id":16367,"date":"2025-01-20T09:09:36","date_gmt":"2025-01-20T09:09:36","guid":{"rendered":"https:\/\/www.hydraulic-cylinders.net\/product\/arm-cylinderfor-sany-middle-excavator-sy265cq\/"},"modified":"2025-01-20T09:09:38","modified_gmt":"2025-01-20T09:09:38","slug":"arm-cylinderfor-sany-middle-excavator-sy265cq","status":"publish","type":"product","link":"https:\/\/www.hydraulic-cylinders.net\/pl\/produkt\/arm-cylinderfor-sany-middle-excavator-sy265cq\/","title":{"rendered":"Si\u0142ownik ramienia do koparki Sany Middle SY265CQ"},"content":{"rendered":"<h2>Si\u0142ownik ramienia do koparki Sany Middle SY265CQ<\/h2>\n<h3>Wst\u0119p<\/h3>\n<p>Si\u0142ownik ramienia to specjalistyczny si\u0142ownik hydrauliczny zaprojektowany do zapewnienia ruchu liniowego i zasilania ramion r\u00f3\u017cnych maszyn, takich jak koparki, d\u017awigi i ramiona mechaniczne. Odgrywa kluczow\u0105 rol\u0119 w uk\u0142adzie hydraulicznym, umo\u017cliwiaj\u0105c efektywny ruch i sterowanie osprz\u0119tem lub akcesoriami. Si\u0142owniki te nie tylko zapewniaj\u0105 p\u0142ynny ruch, ale tak\u017ce wytrzymuj\u0105 du\u017ce obci\u0105\u017cenia, gwarantuj\u0105c wydajn\u0105 prac\u0119 i niezawodno\u015b\u0107 maszyn w r\u00f3\u017cnych warunkach eksploatacyjnych.<\/p>\n<p><img decoding=\"async\" src=\"https:\/\/www.hydraulic-cylinders.net\/wp-content\/uploads\/2025\/01\/songte-company-2.webp\" alt=\"Obraz cylindra ramienia\"><\/p>\n<h3>Cechy<\/h3>\n<ul>\n<li>Wydajne przenoszenie mocy: Cylinder ramienia zapewnia mocny ruch liniowy i si\u0142\u0119, co gwarantuje wysok\u0105 wydajno\u015b\u0107 i efektywno\u015b\u0107 ramion mechanicznych w r\u00f3\u017cnych operacjach.<\/li>\n<li>Precyzyjna kontrola: Si\u0142ownik ramienia umo\u017cliwia precyzyjn\u0105 kontrol\u0119 ruchu za pomoc\u0105 uk\u0142adu hydraulicznego, dzi\u0119ki czemu obs\u0142uga osprz\u0119tu jest bardziej elastyczna i dok\u0142adna.<\/li>\n<li>Wysoka trwa\u0142o\u015b\u0107: Cylindry te s\u0105 zazwyczaj wykonane z materia\u0142\u00f3w o wysokiej wytrzyma\u0142o\u015bci, charakteryzuj\u0105cych si\u0119 dobr\u0105 odporno\u015bci\u0105 na zu\u017cycie i korozj\u0119, dzi\u0119ki czemu nadaj\u0105 si\u0119 do d\u0142ugotrwa\u0142ego u\u017cytkowania w trudnych warunkach.<\/li>\n<li>Wielofunkcyjna adaptowalno\u015b\u0107: Te cylindry s\u0105 szeroko stosowane w r\u00f3\u017cnych urz\u0105dzeniach mechanicznych, takich jak koparki, d\u017awigi i ramiona mechaniczne, i dostosowuj\u0105 si\u0119 do r\u00f3\u017cnych wymaga\u0144 roboczych.<\/li>\n<li>\u0141atwa konserwacja: Projekt uwzgl\u0119dnia \u0142atwo\u015b\u0107 konserwacji i wymiany, dzi\u0119ki czemu regularne kontrole i konserwacje s\u0105 wygodniejsze, a przestoje sprz\u0119tu skr\u00f3cone.<\/li>\n<\/ul>\n<p>Jeste\u015bmy w stanie wyprodukowa\u0107 ten produkt i nasze produkty mog\u0105 doskonale zast\u0105pi\u0107 te cylindry hydrauliczne.<\/p>\n<p><img decoding=\"async\" src=\"https:\/\/www.hydraulic-cylinders.net\/wp-content\/uploads\/2025\/01\/songte-oil-pipes-and-spare-parts.webp\" alt=\"Obraz wymiany cylindra ramienia\"><\/p>\n<h3>Aplikacje<\/h3>\n<p>Cylinder ramienia jest powszechnie stosowany w r\u00f3\u017cnych ga\u0142\u0119ziach przemys\u0142u, w tym:<\/p>\n<ul>\n<li>In\u017cynieria budowlana: W koparkach i d\u017awigach si\u0142ownik ramienia steruje ruchem \u0142y\u017cek lub wysi\u0119gnik\u00f3w podczas rob\u00f3t ziemnych, przenoszenia materia\u0142\u00f3w i monta\u017cu konstrukcji.<\/li>\n<li>Produkcja: W zautomatyzowanych liniach produkcyjnych si\u0142ownik ramienia steruje ruchem ramion mechanicznych podczas monta\u017cu, spawania i obs\u0142ugi, co pozwala zwi\u0119kszy\u0107 wydajno\u015b\u0107 i dok\u0142adno\u015b\u0107 produkcji.<\/li>\n<li>Maszyny rolnicze: W maszynach rolniczych, takich jak kombajny i sadzarki, si\u0142ownik ramienia steruje ruchem ramion roboczych, wykonuj\u0105cych takie zadania, jak siew, nawo\u017cenie i zbi\u00f3r.<\/li>\n<li>G\u00f3rnictwo: W sprz\u0119cie g\u00f3rniczym si\u0142ownik ramienia steruje ruchem ramion sprz\u0119tu g\u00f3rniczego s\u0142u\u017c\u0105cego do wydobywania i transportu rudy.<\/li>\n<li>Logistyka i transport: W w\u00f3zkach wid\u0142owych i robotach prze\u0142adunkowych si\u0142ownik ramienia steruje podnoszeniem i ruchem ramion wide\u0142, umo\u017cliwiaj\u0105c przenoszenie i uk\u0142adanie materia\u0142\u00f3w.<\/li>\n<\/ul>\n<h3>Zagadnienia projektowe i kryteria wyboru<\/h3>\n<p>Z perspektywy projektowej, przy projektowaniu cylindra ramienia nale\u017cy wzi\u0105\u0107 pod uwag\u0119 jego no\u015bno\u015b\u0107, uszczelnienie, trwa\u0142o\u015b\u0107, bezpiecze\u0144stwo i \u0142atwo\u015b\u0107 konserwacji.<\/p>\n<ul>\n<li>No\u015bno\u015b\u0107: Cylinder ramienia musi mie\u0107 wystarczaj\u0105c\u0105 no\u015bno\u015b\u0107, aby zagwarantowa\u0107 bezpiecze\u0144stwo pracy mechanicznej.<\/li>\n<li>Uszczelnienie: Cylinder ramienia powinien by\u0107 wyposa\u017cony w r\u00f3\u017cnego rodzaju uszczelki, takie jak uszczelki t\u0142okowe, uszczelki t\u0142oczyskowe itp., a do ich wykonania nale\u017cy u\u017cy\u0107 materia\u0142\u00f3w odpornych na zu\u017cycie, takich jak poliuretan i kauczuk nitrylowy, aby zapewni\u0107 dobr\u0105 szczelno\u015b\u0107.<\/li>\n<li>Trwa\u0142o\u015b\u0107: Korpus cylindra i gwintowana powierzchnia ko\u0144cowa powinny zosta\u0107 poddane dok\u0142adnej obr\u00f3bce w celu zwi\u0119kszenia odporno\u015bci na zu\u017cycie.<\/li>\n<li>Bezpiecze\u0144stwo: Cylinder ramienia powinien spe\u0142nia\u0107 r\u00f3\u017cne wymagania bezpiecze\u0144stwa, takie jak konstrukcja odporna na p\u0119kanie, ochrona antykorozyjna i \u015bcis\u0142a kontrola jako\u015bci.<\/li>\n<li>\u0141atwo\u015b\u0107 konserwacji: Cylinder ramienia powinien by\u0107 zaprojektowany w spos\u00f3b umo\u017cliwiaj\u0105cy \u0142atw\u0105 konserwacj\u0119 i wymian\u0119, a sam proces konserwacji powinien by\u0107 prosty i wygodny.<\/li>\n<\/ul>\n<p><img decoding=\"async\" src=\"https:\/\/www.hydraulic-cylinders.net\/wp-content\/uploads\/2025\/01\/songte-cylinder-head-with-all-kinds-excavator-models.webp\" alt=\"Obraz projektu cylindra ramienia\"><\/p>\n<h3>Uszczelnianie i smarowanie<\/h3>\n<p>W si\u0142owniku ramienia zastosowano r\u00f3\u017cne uszczelnienia, takie jak uszczelnienia t\u0142oka i t\u0142oczyska, oraz materia\u0142y odporne na zu\u017cycie, takie jak poliuretan i kauczuk nitrylowy, aby zapewni\u0107 dobr\u0105 szczelno\u015b\u0107. Korpus si\u0142ownika i gwintowana powierzchnia ko\u0144cowa s\u0105 poddawane precyzyjnej obr\u00f3bce w celu zwi\u0119kszenia odporno\u015bci na zu\u017cycie. Nale\u017cy regularnie uzupe\u0142nia\u0107 odpowiedni\u0105 ilo\u015b\u0107 oleju hydraulicznego w celu smarowania.<\/p>\n<h3>Kontrola i \u015brodki konserwacji zapobiegawczej<\/h3>\n<p>Aby zapewni\u0107 sprawne i bezpieczne dzia\u0142anie si\u0142ownika ramienia, konieczna jest jego regularna kontrola i konserwacja. Mo\u017cna podj\u0105\u0107 nast\u0119puj\u0105ce dzia\u0142ania:<\/p>\n<ul>\n<li>Sprawd\u017a i wymie\u0144 uszkodzone uszczelki i podk\u0142adki.<\/li>\n<li>Sprawd\u017a korpus cylindra pod k\u0105tem odkszta\u0142ce\u0144 i zu\u017cycia.<\/li>\n<li>Sprawd\u017a, czy gwintowany koniec nie jest uszkodzony lub skorodowany.<\/li>\n<li>Regularnie dolewaj odpowiedni\u0105 ilo\u015b\u0107 oleju hydraulicznego w celu smarowania.<\/li>\n<li>Sprawd\u017a, czy zaw\u00f3r bezpiecze\u0144stwa dzia\u0142a prawid\u0142owo.<\/li>\n<\/ul>\n<p><img decoding=\"async\" src=\"https:\/\/www.hydraulic-cylinders.net\/wp-content\/uploads\/2025\/01\/songte-chushion-collar.webp\" alt=\"Obraz inspekcyjny cylindra ramienia\"><\/p>\n<h3>Przewodnik instalacji<\/h3>\n<ol>\n<li>Upewnij si\u0119, \u017ce cylinder ramienia jest czysty i wolny od cia\u0142 obcych.<\/li>\n<li>Wyr\u00f3wnaj gwintowany koniec cylindra z otworem w ramieniu maszyny.<\/li>\n<li>Dokr\u0119\u0107 gwintowany koniec za pomoc\u0105 klucza.<\/li>\n<li>Pod\u0142\u0105cz przewody hydrauliczne i z\u0142\u0105czki.<\/li>\n<li>Dodaj odpowiedni\u0105 ilo\u015b\u0107 oleju hydraulicznego w celu smarowania.<\/li>\n<\/ol>\n<p><img decoding=\"async\" src=\"https:\/\/www.hydraulic-cylinders.net\/wp-content\/uploads\/2025\/01\/songte-bushings-with-all-kinds-of-excavator-models.webp\" alt=\"Obraz instalacji cylindra ramienia\"><\/p>\n<h3>Bezpiecze\u0144stwo i wzgl\u0119dy \u015brodowiskowe<\/h3>\n<p>Podczas obs\u0142ugi cylindra ramienia nale\u017cy zachowa\u0107 \u015brodki bezpiecze\u0144stwa. Nale\u017cy przestrzega\u0107 instrukcji, \u015bci\u015ble przestrzega\u0107 przepis\u00f3w i nosi\u0107 odpowiedni sprz\u0119t ochronny. Podczas utylizacji cylindra ramienia nale\u017cy r\u00f3wnie\u017c wzi\u0105\u0107 pod uwag\u0119 ochron\u0119 \u015brodowiska.<\/p>\n<h3>Rozwi\u0105zywanie problem\u00f3w i typowe problemy<\/h3>\n<ul>\n<li>Awaria cylindra: Sprawd\u017a, czy korpus cylindra nie uleg\u0142 odkszta\u0142ceniu lub czy nie wycieka z niego olej hydrauliczny.<\/li>\n<li>Awaria uszczelnienia: Sprawd\u017a uszczelki t\u0142oka i t\u0142oczyska pod k\u0105tem zu\u017cycia lub uszkodzenia.<\/li>\n<li>Zablokowany t\u0142ok: Sprawd\u017a uk\u0142ad hydrauliczny pod k\u0105tem zator\u00f3w lub nieprawid\u0142owej lepko\u015bci oleju.<\/li>\n<li>Nietypowy ha\u0142as: Sprawd\u017a, czy korpus cylindra lub gwintowany koniec nie uleg\u0142y odkszta\u0142ceniu lub uszkodzeniu.<\/li>\n<\/ul>\n<p>W celu rozwi\u0105zania problem\u00f3w zaleca si\u0119 kontakt z profesjonalnym technikiem. Aby zapobiec potencjalnym problemom, niezb\u0119dna jest regularna konserwacja.<\/p>\n<p><img decoding=\"async\" src=\"https:\/\/www.hydraulic-cylinders.net\/wp-content\/uploads\/2025\/01\/songte-chushion-collar.webp\" alt=\"Rozwi\u0105zywanie problem\u00f3w z cylindrem ramienia Obraz\"><\/p>\n<h3>O naszej firmie<\/h3>\n<p>Jeste\u015bmy profesjonalnym producentem zamiennych cylindr\u00f3w hydraulicznych, oferuj\u0105cym szerok\u0105 gam\u0119 produkt\u00f3w i stali\u015bmy si\u0119 jednym z wiod\u0105cych producent\u00f3w i dystrybutor\u00f3w cylindr\u00f3w hydraulicznych na rynku krajowym i mi\u0119dzynarodowym. Zawsze przestrzegamy zasady doskona\u0142ej jako\u015bci, opieramy si\u0119 na zindustrializowanych strategiach zarz\u0105dzania produkcj\u0105 w naszych specjalistycznych warsztatach produkcyjnych, stale podnosz\u0105c poziom techniczny i wydajno\u015b\u0107 produkcji. Dzi\u0119ki wprowadzeniu zaawansowanego cyfrowego sprz\u0119tu produkcyjnego i profesjonalnych system\u00f3w testowych, optymalizujemy platform\u0119 produkcyjn\u0105 i usprawniamy proces kontroli jako\u015bci produkt\u00f3w, a tak\u017ce dysponujemy du\u017cym potencja\u0142em innowacyjnym. Naszym celem jest zaspokajanie zr\u00f3\u017cnicowanych potrzeb klient\u00f3w poprzez wysok\u0105 wydajno\u015b\u0107, precyzj\u0119 i jako\u015b\u0107.<\/p>\n<p><img decoding=\"async\" src=\"https:\/\/www.hydraulic-cylinders.net\/wp-content\/uploads\/2025\/01\/songte-company-4.webp\" alt=\"Obraz wprowadzaj\u0105cy firm\u0119\"><\/p>\n<h3>Profesjonalizm, mi\u0119dzynarodowe certyfikaty, personalizacja, sprz\u0119t produkcyjny i serwis posprzeda\u017cowy<\/h3>\n<p>Jeste\u015bmy dumni z naszego profesjonalizmu i wysokiej jako\u015bci produkt\u00f3w. Nasze produkty posiadaj\u0105 mi\u0119dzynarodowe certyfikaty, takie jak ISO9001 i CE. Oferujemy r\u00f3wnie\u017c us\u0142ugi dostosowane do indywidualnych potrzeb klienta. Dysponujemy zaawansowanym sprz\u0119tem produkcyjnym, w tym centrami obr\u00f3bczymi CNC, automatami spawalniczymi i urz\u0105dzeniami testowymi. Zapewniamy kompleksowy serwis posprzeda\u017cowy, obejmuj\u0105cy wsparcie techniczne, konserwacj\u0119 i naprawy.<\/p>\n<p><img decoding=\"async\" src=\"https:\/\/www.hydraulic-cylinders.net\/wp-content\/uploads\/2025\/01\/songte-company-3.webp\" alt=\"Informacje o firmie Obraz\"><\/p>\n<p>Autor: lyl.<\/p>","protected":false},"excerpt":{"rendered":"<p>Arm Cylinder For Sany Middle Excavator SY265CQ Introduction The Arm Cylinder is a specialized hydraulic cylinder designed to provide linear motion and power to various machinery arms such as excavators, cranes, and mechanical arms. It plays a crucial role in the hydraulic system, enabling the effective movement and control of attachments or accessories. These cylinders [&hellip;]<\/p>","protected":false},"featured_media":14779,"comment_status":"open","ping_status":"closed","template":"","meta":{"_et_pb_use_builder":"","_et_pb_old_content":"","_et_gb_content_width":""},"product_brand":[],"product_cat":[1497],"product_tag":[1498,1496],"class_list":{"0":"post-16367","1":"product","2":"type-product","3":"status-publish","4":"has-post-thumbnail","6":"product_cat-arm-cylinders","7":"product_tag-arm-cylinders","8":"product_tag-hydraulic-cylinders","10":"first","11":"instock","12":"shipping-taxable","13":"product-type-simple"},"amp_enabled":true,"_links":{"self":[{"href":"https:\/\/www.hydraulic-cylinders.net\/pl\/wp-json\/wp\/v2\/product\/16367","targetHints":{"allow":["GET"]}}],"collection":[{"href":"https:\/\/www.hydraulic-cylinders.net\/pl\/wp-json\/wp\/v2\/product"}],"about":[{"href":"https:\/\/www.hydraulic-cylinders.net\/pl\/wp-json\/wp\/v2\/types\/product"}],"replies":[{"embeddable":true,"href":"https:\/\/www.hydraulic-cylinders.net\/pl\/wp-json\/wp\/v2\/comments?post=16367"}],"wp:featuredmedia":[{"embeddable":true,"href":"https:\/\/www.hydraulic-cylinders.net\/pl\/wp-json\/wp\/v2\/media\/14779"}],"wp:attachment":[{"href":"https:\/\/www.hydraulic-cylinders.net\/pl\/wp-json\/wp\/v2\/media?parent=16367"}],"wp:term":[{"taxonomy":"product_brand","embeddable":true,"href":"https:\/\/www.hydraulic-cylinders.net\/pl\/wp-json\/wp\/v2\/product_brand?post=16367"},{"taxonomy":"product_cat","embeddable":true,"href":"https:\/\/www.hydraulic-cylinders.net\/pl\/wp-json\/wp\/v2\/product_cat?post=16367"},{"taxonomy":"product_tag","embeddable":true,"href":"https:\/\/www.hydraulic-cylinders.net\/pl\/wp-json\/wp\/v2\/product_tag?post=16367"}],"curies":[{"name":"wp","href":"https:\/\/api.w.org\/{rel}","templated":true}]}}