{"id":16370,"date":"2025-01-20T09:09:49","date_gmt":"2025-01-20T09:09:49","guid":{"rendered":"https:\/\/www.hydraulic-cylinders.net\/product\/arm-cylinderfor-sany-middle-excavator-sy230c\/"},"modified":"2025-01-20T09:09:57","modified_gmt":"2025-01-20T09:09:57","slug":"arm-cylinderfor-sany-middle-excavator-sy230c","status":"publish","type":"product","link":"https:\/\/www.hydraulic-cylinders.net\/pl\/produkt\/arm-cylinderfor-sany-middle-excavator-sy230c\/","title":{"rendered":"Si\u0142ownik ramienia do koparki Sany Middle SY230C"},"content":{"rendered":"<p>Si\u0142ownik ramienia do koparki Sany Middle SY230C<\/p>\n<p>Si\u0142ownik ramienia do koparki Sany Middle Excavator SY230C to rodzaj si\u0142ownika hydraulicznego zaprojektowanego specjalnie do zapewnienia ruchu liniowego i zasilania ramion r\u00f3\u017cnego rodzaju maszyn, takich jak koparki, d\u017awigi i ramiona mechaniczne. Odgrywa on kluczow\u0105 rol\u0119 w uk\u0142adzie hydraulicznym, umo\u017cliwiaj\u0105c ruch i efektywne sterowanie dodatkowymi narz\u0119dziami lub osprz\u0119tem. Si\u0142owniki te nie tylko zapewniaj\u0105 p\u0142ynny ruch, ale tak\u017ce wytrzymuj\u0105 du\u017ce obci\u0105\u017cenia, gwarantuj\u0105c wydajn\u0105 prac\u0119 i niezawodno\u015b\u0107 maszyn w r\u00f3\u017cnych warunkach eksploatacyjnych.<\/p>\n<p><img decoding=\"async\" src=\"https:\/\/www.hydraulic-cylinders.net\/wp-content\/uploads\/2025\/01\/songte-company-2.webp\"><\/p>\n<p>Cechy:<\/p>\n<p>\u2013 Wysokowydajna przek\u0142adnia: Cylinder ramienia zapewnia mocny ruch liniowy i si\u0142\u0119, gwarantuj\u0105c wysok\u0105 wydajno\u015b\u0107 ramienia mechanicznego podczas r\u00f3\u017cnych operacji.<br \/>\n\u2013 Precyzyjna kontrola: Dzi\u0119ki uk\u0142adowi hydraulicznemu si\u0142ownik ramienia mo\u017ce osi\u0105gn\u0105\u0107 precyzyjn\u0105 kontrol\u0119 ruchu, co sprawia, \u017ce \u200b\u200bobs\u0142uga dodatkowych narz\u0119dzi jest bardziej elastyczna i dok\u0142adna.<br \/>\n\u2013 Trwa\u0142o\u015b\u0107: Cylinder ramienia jest zazwyczaj wykonany z materia\u0142\u00f3w o wysokiej wytrzyma\u0142o\u015bci, kt\u00f3re charakteryzuj\u0105 si\u0119 doskona\u0142\u0105 odporno\u015bci\u0105 na zu\u017cycie i korozj\u0119, dzi\u0119ki czemu nadaje si\u0119 do d\u0142ugotrwa\u0142ego u\u017cytkowania w trudnych warunkach.<br \/>\n\u2013 Wielofunkcyjno\u015b\u0107: Cylindry te mo\u017cna szeroko stosowa\u0107 w r\u00f3\u017cnych urz\u0105dzeniach mechanicznych, takich jak koparki, d\u017awigi i ramiona mechaniczne, aby sprosta\u0107 zr\u00f3\u017cnicowanym wymaganiom roboczym.<br \/>\n\u2013 \u0141atwa konserwacja: Projekt uwzgl\u0119dnia \u0142atwo\u015b\u0107 konserwacji i wymiany, dzi\u0119ki czemu regularne kontrole i konserwacje staj\u0105 si\u0119 wygodniejsze, a przestoje sprz\u0119tu zostaj\u0105 skr\u00f3cone.<\/p>\n<p>Jeste\u015bmy w stanie wyprodukowa\u0107 ten produkt i nasze produkty mog\u0105 doskonale zast\u0105pi\u0107 te cylindry hydrauliczne.<\/p>\n<p><img decoding=\"async\" src=\"https:\/\/www.hydraulic-cylinders.net\/wp-content\/uploads\/2025\/01\/songte-oil-pipes-and-spare-parts.webp\"><\/p>\n<p>Zastosowania:<\/p>\n<p>\u2013 In\u017cynieria budowlana: W koparkach i d\u017awigach si\u0142ownik ramienia s\u0142u\u017cy do sterowania ruchem \u0142y\u017cki lub wysi\u0119gnika podczas rob\u00f3t ziemnych, przenoszenia materia\u0142\u00f3w i instalacji konstrukcyjnych.<br \/>\n\u2013 Przemys\u0142 wytw\u00f3rczy: W zautomatyzowanych liniach produkcyjnych si\u0142ownik ramienia jest stosowany do poruszania ramion mechanicznych w procesach monta\u017cu, spawania i obs\u0142ugi, co zwi\u0119ksza wydajno\u015b\u0107 i dok\u0142adno\u015b\u0107 produkcji.<br \/>\n\u2013 Maszyny rolnicze: W maszynach rolniczych, takich jak kombajny i siewniki, si\u0142ownik ramienia steruje ruchem ramienia roboczego, wykonuj\u0105cego zadania takie jak sadzenie, nawo\u017cenie i zbi\u00f3r.<br \/>\n\u2013 G\u00f3rnictwo: W sprz\u0119cie g\u00f3rniczym cylinder ramienia s\u0142u\u017cy do sterowania ruchem ramienia sprz\u0119tu g\u00f3rniczego, podczas wydobywania i transportu minera\u0142\u00f3w.<br \/>\n\u2013 Logistyka i transport: W w\u00f3zkach wid\u0142owych i robotach prze\u0142adunkowych si\u0142ownik ramienia s\u0142u\u017cy do sterowania podnoszeniem i ruchem wide\u0142 w celu obs\u0142ugi i uk\u0142adania materia\u0142\u00f3w.<\/p>\n<p>Zagadnienia projektowe i kryteria wyboru:<\/p>\n<p>\u2013 No\u015bno\u015b\u0107: Cylinder ramienia powinien wytrzyma\u0107 maksymalne obci\u0105\u017cenie maszyny, zapewniaj\u0105c bezpieczn\u0105 i niezawodn\u0105 prac\u0119.<br \/>\n\u2013 Uszczelnienie: Cylinder powinien by\u0107 wyposa\u017cony w r\u00f3\u017cnego rodzaju uszczelnienia, takie jak pier\u015bcienie uszczelniaj\u0105ce t\u0142oka i pier\u015bcienie uszczelniaj\u0105ce t\u0142oczyska, kt\u00f3re s\u0105 wykonane z materia\u0142\u00f3w odpornych na zu\u017cycie, takich jak poliuretan i kauczuk nitrylowy, aby uzyska\u0107 doskona\u0142e uszczelnienie.<br \/>\n\u2013 Trwa\u0142o\u015b\u0107: Korpus cylindra i gwintowana powierzchnia ko\u0144cowa powinny by\u0107 precyzyjnie obrobione, aby zwi\u0119kszy\u0107 odporno\u015b\u0107 na zu\u017cycie i wyd\u0142u\u017cy\u0107 \u017cywotno\u015b\u0107.<br \/>\n\u2013 Bezpiecze\u0144stwo: Cylinder powinien by\u0107 wyposa\u017cony w niezawodne urz\u0105dzenia zabezpieczaj\u0105ce, takie jak zawory bezpiecze\u0144stwa i wy\u0142\u0105czniki kra\u0144cowe, aby zapobiec wypadkom spowodowanym przeci\u0105\u017ceniem lub innymi usterkami.<br \/>\n\u2013 \u0141atwa konserwacja: Cylinder powinien by\u0107 zaprojektowany z my\u015bl\u0105 o \u0142atwej konserwacji i wymianie, aby u\u0142atwi\u0107 regularne kontrole i konserwacj\u0119 oraz ograniczy\u0107 przestoje sprz\u0119tu.<\/p>\n<p><img decoding=\"async\" src=\"https:\/\/www.hydraulic-cylinders.net\/wp-content\/uploads\/2025\/01\/songte-cylinder-head-with-all-kinds-excavator-models.webp\"><\/p>\n<p>Uszczelnianie i smarowanie:<\/p>\n<p>Si\u0142ownik ramienia powinien by\u0107 wyposa\u017cony w r\u00f3\u017cnorodne elementy uszczelniaj\u0105ce, takie jak uszczelki t\u0142oka i t\u0142oczyska, wykonane z materia\u0142\u00f3w odpornych na zu\u017cycie, takich jak poliuretan i kauczuk nitrylowy, aby zapewni\u0107 doskona\u0142\u0105 szczelno\u015b\u0107. Korpus si\u0142ownika i gwintowana powierzchnia ko\u0144cowa powinny by\u0107 precyzyjnie obrobione, aby zwi\u0119kszy\u0107 odporno\u015b\u0107 na zu\u017cycie. Regularne uzupe\u0142nianie odpowiednimi ilo\u015bciami oleju hydraulicznego mo\u017ce zapewni\u0107 smarowanie si\u0142ownika i wyd\u0142u\u017cy\u0107 \u017cywotno\u015b\u0107 element\u00f3w uszczelniaj\u0105cych.<\/p>\n<p>Regularne kontrole i \u015brodki konserwacji zapobiegawczej:<\/p>\n<p>\u2013 Regularnie sprawdzaj dzia\u0142anie cylindra, aby mie\u0107 pewno\u015b\u0107, \u017ce dzia\u0142a prawid\u0142owo i wcze\u015bnie wykry\u0107 potencjalne problemy.<br \/>\n\u2013 Regularnie sprawdzaj uszczelki i uk\u0142ad smarowania cylindra, aby mie\u0107 pewno\u015b\u0107, \u017ce dzia\u0142aj\u0105 prawid\u0142owo. Wymieniaj zu\u017cyte cz\u0119\u015bci bezzw\u0142ocznie.<br \/>\n\u2013 Regularnie czy\u015b\u0107 i konserwuj powierzchni\u0119 cylindra, aby zapobiec uszkodzeniom spowodowanym przez rdz\u0119, kurz i inne zanieczyszczenia.<br \/>\n\u2013 Opracuj plan konserwacji zapobiegawczej, aby zapewni\u0107 regularne i terminowe wykonywanie prac konserwacyjnych oraz zapobiega\u0107 potencjalnym problemom zanim wyst\u0105pi\u0105.<\/p>\n<p>Prawid\u0142owa instrukcja instalacji:<\/p>\n<p>\u2013 Przed monta\u017cem nale\u017cy upewni\u0107 si\u0119, \u017ce miejsce monta\u017cu jest r\u00f3wne, a cylinder dok\u0142adnie wyczyszczony i nasmarowany.<br \/>\n\u2013 Upewnij si\u0119, \u017ce cylinder jest prawid\u0142owo wyr\u00f3wnany ze sprz\u0119tem i wszystkie cz\u0119\u015bci s\u0105 dokr\u0119cone z wymaganym momentem obrotowym.<br \/>\n\u2013 Po zamontowaniu nale\u017cy sprawdzi\u0107 dzia\u0142anie cylindra i upewni\u0107 si\u0119, \u017ce funkcjonuje prawid\u0142owo.<\/p>\n<p><img decoding=\"async\" src=\"https:\/\/www.hydraulic-cylinders.net\/wp-content\/uploads\/2025\/01\/songte-bushings-with-all-kinds-of-excavator-models.webp\"><\/p>\n<p>Zagadnienia bezpiecze\u0144stwa i czynniki \u015brodowiskowe:<\/p>\n<p>Podczas u\u017cytkowania si\u0142ownika ramienia nale\u017cy zachowa\u0107 ostro\u017cno\u015b\u0107, dbaj\u0105c o jego prawid\u0142owy monta\u017c i konserwacj\u0119 oraz stosuj\u0105c niezawodne urz\u0105dzenia zabezpieczaj\u0105ce, takie jak zawory bezpiecze\u0144stwa i wy\u0142\u0105czniki kra\u0144cowe. Nale\u017cy r\u00f3wnie\u017c wzi\u0105\u0107 pod uwag\u0119 czynniki \u015brodowiskowe, takie jak dbanie o to, aby u\u017cywany olej hydrauliczny by\u0142 przyjazny dla \u015brodowiska, oraz prawid\u0142ow\u0105 utylizacj\u0119 zu\u017cytego oleju i innych zanieczyszcze\u0144.<\/p>\n<p>Typowe diagnozowanie usterek i rozwi\u0105zywanie problem\u00f3w:<\/p>\n<p>\u2013 Niewystarczaj\u0105cy ci\u0105g lub pr\u0119dko\u015b\u0107: Niedostateczna ilo\u015b\u0107 oleju hydraulicznego lub wysoki op\u00f3r w ruroci\u0105gu mo\u017ce spowodowa\u0107 niewystarczaj\u0105cy ci\u0105g lub pr\u0119dko\u015b\u0107. Sprawd\u017a poziom oleju hydraulicznego i ruroci\u0105g pod k\u0105tem ewentualnych zator\u00f3w.<br \/>\n\u2013 Wyciek: Wyciek mo\u017ce by\u0107 spowodowany zu\u017cyciem uszczelek lub uszkodzeniem cz\u0119\u015bci. Sprawd\u017a uszczelki i wymie\u0144 zu\u017cyte cz\u0119\u015bci.<br \/>\n\u2013 Ha\u0142as: Nadmierny ha\u0142as mo\u017ce by\u0107 spowodowany zu\u017cyciem lub uszkodzeniem cz\u0119\u015bci. Sprawd\u017a cylinder i wymie\u0144 zu\u017cyte cz\u0119\u015bci.<\/p>\n<p>Wskaz\u00f3wki i rozwi\u0105zania dotycz\u0105ce obs\u0142ugi b\u0142\u0119d\u00f3w:<\/p>\n<p>\u2013 Regularnie konserwuj uk\u0142ad hydrauliczny i wymieniaj zu\u017cyte lub uszkodzone cz\u0119\u015bci w odpowiednim czasie, aby zapobiec wyst\u0119powaniu usterek.<br \/>\n\u2013 W przypadku wyst\u0105pienia usterki nale\u017cy natychmiast zaprzesta\u0107 u\u017cytkowania cylindra i zwr\u00f3ci\u0107 si\u0119 o pomoc do specjalisty w celu postawienia diagnozy i dokonania naprawy.<br \/>\n\u2013 Opracuj plan konserwacji zapobiegawczej, aby zapewni\u0107 regularne i terminowe wykonywanie prac konserwacyjnych oraz zapobiega\u0107 potencjalnym problemom zanim wyst\u0105pi\u0105.<\/p>\n<p><img decoding=\"async\" src=\"https:\/\/www.hydraulic-cylinders.net\/wp-content\/uploads\/2025\/01\/songte-chushion-collar.webp\"><\/p>\n<p>Nasza firma jest profesjonalnym producentem zamiennych cylindr\u00f3w hydraulicznych. Oferujemy szerok\u0105 gam\u0119 produkt\u00f3w, dzi\u0119ki czemu stali\u015bmy si\u0119 jednym z wiod\u0105cych producent\u00f3w i dystrybutor\u00f3w cylindr\u00f3w hydraulicznych na rynku krajowym i mi\u0119dzynarodowym. Zawsze przestrzegamy zasady doskona\u0142ej jako\u015bci i opieramy si\u0119 na strategii zarz\u0105dzania produkcj\u0105 industrialn\u0105 w naszym zaawansowanym warsztacie produkcyjnym, aby stale podnosi\u0107 poziom techniczny i wydajno\u015b\u0107 produkcji. Wprowadzaj\u0105c zaawansowany cyfrowy sprz\u0119t produkcyjny i profesjonalne systemy testowe, stale optymalizujemy nasz\u0105 platform\u0119 produkcyjn\u0105, usprawniamy proces kontroli jako\u015bci produkt\u00f3w i dysponujemy silnymi mo\u017cliwo\u015bciami innowacyjnymi. Naszym celem jest zaspokajanie zr\u00f3\u017cnicowanych potrzeb klient\u00f3w poprzez wysok\u0105 wydajno\u015b\u0107, precyzj\u0119 i wysok\u0105 jako\u015b\u0107 produkt\u00f3w.<\/p>\n<p>Oferujemy profesjonalne us\u0142ugi personalizacji, a nasze produkty posiadaj\u0105 mi\u0119dzynarodowe certyfikaty, co gwarantuje ich jako\u015b\u0107 i bezpiecze\u0144stwo. Nasz sprz\u0119t produkcyjny jest r\u00f3wnie\u017c najwy\u017cszej jako\u015bci, a nasz serwis posprzeda\u017cowy jest niezawodny i terminowy.<\/p>\n<p><img decoding=\"async\" src=\"https:\/\/www.hydraulic-cylinders.net\/wp-content\/uploads\/2025\/01\/songte-company-4.webp\"> <img decoding=\"async\" src=\"https:\/\/www.hydraulic-cylinders.net\/wp-content\/uploads\/2025\/01\/songte-company-3.webp\"><\/p>\n<p>Autor: lyl.<\/p>","protected":false},"excerpt":{"rendered":"<p>Arm Cylinder For Sany Middle Excavator SY230C The Arm Cylinder for Sany Middle Excavator SY230C is a type of hydraulic cylinder specifically designed to provide linear motion and power to the arms of various types of machinery, such as excavators, cranes, and mechanical arms. It plays a crucial role in the hydraulic system, making it [&hellip;]<\/p>","protected":false},"featured_media":14772,"comment_status":"open","ping_status":"closed","template":"","meta":{"_et_pb_use_builder":"","_et_pb_old_content":"","_et_gb_content_width":""},"product_brand":[],"product_cat":[1497],"product_tag":[1498,1496],"class_list":{"0":"post-16370","1":"product","2":"type-product","3":"status-publish","4":"has-post-thumbnail","6":"product_cat-arm-cylinders","7":"product_tag-arm-cylinders","8":"product_tag-hydraulic-cylinders","10":"first","11":"instock","12":"shipping-taxable","13":"product-type-simple"},"amp_enabled":true,"_links":{"self":[{"href":"https:\/\/www.hydraulic-cylinders.net\/pl\/wp-json\/wp\/v2\/product\/16370","targetHints":{"allow":["GET"]}}],"collection":[{"href":"https:\/\/www.hydraulic-cylinders.net\/pl\/wp-json\/wp\/v2\/product"}],"about":[{"href":"https:\/\/www.hydraulic-cylinders.net\/pl\/wp-json\/wp\/v2\/types\/product"}],"replies":[{"embeddable":true,"href":"https:\/\/www.hydraulic-cylinders.net\/pl\/wp-json\/wp\/v2\/comments?post=16370"}],"wp:featuredmedia":[{"embeddable":true,"href":"https:\/\/www.hydraulic-cylinders.net\/pl\/wp-json\/wp\/v2\/media\/14772"}],"wp:attachment":[{"href":"https:\/\/www.hydraulic-cylinders.net\/pl\/wp-json\/wp\/v2\/media?parent=16370"}],"wp:term":[{"taxonomy":"product_brand","embeddable":true,"href":"https:\/\/www.hydraulic-cylinders.net\/pl\/wp-json\/wp\/v2\/product_brand?post=16370"},{"taxonomy":"product_cat","embeddable":true,"href":"https:\/\/www.hydraulic-cylinders.net\/pl\/wp-json\/wp\/v2\/product_cat?post=16370"},{"taxonomy":"product_tag","embeddable":true,"href":"https:\/\/www.hydraulic-cylinders.net\/pl\/wp-json\/wp\/v2\/product_tag?post=16370"}],"curies":[{"name":"wp","href":"https:\/\/api.w.org\/{rel}","templated":true}]}}