{"id":16380,"date":"2025-01-20T09:10:43","date_gmt":"2025-01-20T09:10:43","guid":{"rendered":"https:\/\/www.hydraulic-cylinders.net\/product\/arm-cylinderfor-sany-large-excavator-sy365\/"},"modified":"2025-01-20T09:10:45","modified_gmt":"2025-01-20T09:10:45","slug":"arm-cylinderfor-sany-large-excavator-sy365","status":"publish","type":"product","link":"https:\/\/www.hydraulic-cylinders.net\/pl\/produkt\/arm-cylinderfor-sany-large-excavator-sy365\/","title":{"rendered":"Si\u0142ownik ramienia do du\u017cej koparki Sany SY365"},"content":{"rendered":"<p>Si\u0142ownik ramienia do du\u017cej koparki Sany SY365 \u2013 wszystko, co musisz wiedzie\u0107<\/p>\n<h2>Wst\u0119p<\/h2>\n<h3>Definicja produktu<\/h3>\n<p>Si\u0142ownik ramienia to specjalnie zaprojektowany si\u0142ownik hydrauliczny, u\u017cywany g\u0142\u00f3wnie do zapewnienia ruchu liniowego i zasilania ramion r\u00f3\u017cnego typu maszyn, takich jak koparki, d\u017awigi i ramiona robot\u00f3w. Si\u0142owniki ramienia odgrywaj\u0105 kluczow\u0105 rol\u0119 w uk\u0142adach hydraulicznych, umo\u017cliwiaj\u0105c ruch i efektywne sterowanie dodatkowymi narz\u0119dziami lub osprz\u0119tem. Si\u0142owniki te nie tylko zapewniaj\u0105 p\u0142ynny ruch, ale tak\u017ce wytrzymuj\u0105 du\u017ce obci\u0105\u017cenia, gwarantuj\u0105c wydajn\u0105 prac\u0119 i niezawodno\u015b\u0107 maszyn w r\u00f3\u017cnych warunkach pracy. <\/p>\n<p><img decoding=\"async\" src=\"https:\/\/www.hydraulic-cylinders.net\/wp-content\/uploads\/2025\/01\/songte-company-2.webp\"><\/p>\n<h3>Cechy produktu<\/h3>\n<p>Si\u0142ownik ramienia do du\u017cej koparki Sany SY365 ma nast\u0119puj\u0105ce cechy:<\/p>\n<ul>\n<li><strong>Nap\u0119d o wysokiej sprawno\u015bci:<\/strong> Cylindry ramienia zapewniaj\u0105 mocny ruch liniowy i si\u0142\u0119, gwarantuj\u0105c wysok\u0105 wydajno\u015b\u0107 pracy ramienia mechanicznego podczas r\u00f3\u017cnych operacji.<\/li>\n<li><strong>Precyzyjna kontrola:<\/strong> Cylindry ramienia umo\u017cliwiaj\u0105 precyzyjn\u0105 kontrol\u0119 ruchu za pomoc\u0105 uk\u0142ad\u00f3w hydraulicznych, co sprawia, \u017ce \u200b\u200bobs\u0142uga dodatkowych narz\u0119dzi jest bardziej elastyczna i dok\u0142adna.<\/li>\n<li><strong>Wytrzyma\u0142y:<\/strong> Cylindry ramienia s\u0105 zazwyczaj wykonane z materia\u0142\u00f3w o wysokiej wytrzyma\u0142o\u015bci, charakteryzuj\u0105cych si\u0119 dobr\u0105 odporno\u015bci\u0105 na zu\u017cycie i korozj\u0119, dzi\u0119ki czemu nadaj\u0105 si\u0119 do d\u0142ugotrwa\u0142ego u\u017cytkowania w trudnych warunkach.<\/li>\n<li><strong>Wielofunkcyjna adaptowalno\u015b\u0107:<\/strong> Cylindry te mog\u0105 by\u0107 szeroko stosowane w r\u00f3\u017cnych urz\u0105dzeniach mechanicznych, takich jak koparki, d\u017awigi i ramiona robotyczne, dostosowuj\u0105c si\u0119 do r\u00f3\u017cnych wymaga\u0144 roboczych.<\/li>\n<li><strong>\u0141atwa konserwacja:<\/strong> Projekt uwzgl\u0119dnia \u0142atwo\u015b\u0107 konserwacji i wymiany, dzi\u0119ki czemu regularne kontrole i konserwacje staj\u0105 si\u0119 wygodniejsze, a przestoje sprz\u0119tu zostaj\u0105 skr\u00f3cone.<\/li>\n<\/ul>\n<p>Mo\u017cemy wyprodukowa\u0107 ten produkt, kt\u00f3ry doskonale zast\u0105pi te cylindry hydrauliczne.<\/p>\n<p><img decoding=\"async\" src=\"https:\/\/www.hydraulic-cylinders.net\/wp-content\/uploads\/2025\/01\/songte-oil-pipes-and-spare-parts.webp\"><\/p>\n<h3>Zastosowania produktu<\/h3>\n<p>Si\u0142ownik ramienia do du\u017cej koparki Sany SY365 mo\u017ce by\u0107 stosowany w r\u00f3\u017cnych bran\u017cach i scenariuszach:<\/p>\n<h4>Budowa<\/h4>\n<p>W koparkach i d\u017awigach si\u0142owniki ramienia steruj\u0105 ruchem \u0142y\u017cki lub wysi\u0119gnika, umo\u017cliwiaj\u0105c prace ziemne, przenoszenie materia\u0142\u00f3w i monta\u017c konstrukcji.<\/p>\n<h4>Produkcja<\/h4>\n<p>W zautomatyzowanych liniach produkcyjnych cylindry ramion kontroluj\u0105 ruch ramion robota, wykonuj\u0105cego zadania monta\u017cu, spawania i obs\u0142ugi, zwi\u0119kszaj\u0105c wydajno\u015b\u0107 i dok\u0142adno\u015b\u0107.<\/p>\n<h4>Maszyny rolnicze<\/h4>\n<p>W maszynach rolniczych, takich jak kombajny i sadzarki, si\u0142owniki ramion steruj\u0105 ruchem ramion roboczych, wykonuj\u0105cych takie zadania, jak siew, nawo\u017cenie i zbi\u00f3r.<\/p>\n<h4>G\u00f3rnictwo<\/h4>\n<p>W sprz\u0119cie g\u00f3rniczym cylindry ramieniowe steruj\u0105 ruchem ramion sprz\u0119tu g\u00f3rniczego, wykonuj\u0105cego wydobycie i transport minera\u0142\u00f3w.<\/p>\n<h4>Logistyka i transport<\/h4>\n<p>W w\u00f3zkach wid\u0142owych i robotach prze\u0142adunkowych si\u0142owniki ramion steruj\u0105 podnoszeniem i przemieszczaniem \u0142adunku, realizuj\u0105c obs\u0142ug\u0119 materia\u0142\u00f3w i ich uk\u0142adanie.<\/p>\n<h3>Rozwa\u017cania dotycz\u0105ce projektowania produkt\u00f3w i standardy wyboru<\/h3>\n<p>Bior\u0105c pod uwag\u0119 rozwa\u017cania projektowe, si\u0142ownik ramienia du\u017cej koparki Sany SY365 musi mie\u0107 nast\u0119puj\u0105ce cechy:<\/p>\n<ul>\n<li><strong>No\u015bno\u015b\u0107:<\/strong> Si\u0142ownik ramienia musi by\u0107 na tyle wytrzyma\u0142y, aby utrzyma\u0107 ci\u0119\u017car sprz\u0119tu i przenoszonego przez niego \u0142adunku.<\/li>\n<li><strong>Opiecz\u0119towanie:<\/strong> R\u00f3\u017cne elementy uszczelniaj\u0105ce, takie jak uszczelki t\u0142okowe, uszczelki t\u0142oczyskowe itp., s\u0105 stosowane w celu zapewnienia szczelno\u015bci cylindra, zapobiegania wyciekom oleju hydraulicznego i zapewnienia \u017cywotno\u015bci cylindra.<\/li>\n<li><strong>Trwa\u0142o\u015b\u0107:<\/strong> Cylinder musi by\u0107 wykonany z materia\u0142\u00f3w najwy\u017cszej jako\u015bci, aby zapewni\u0107 jego trwa\u0142o\u015b\u0107, odporno\u015b\u0107 na wysokie ci\u015bnienie i wysok\u0105 temperatur\u0119 oraz odporno\u015b\u0107 na \u015bcieranie i korozj\u0119.<\/li>\n<li><strong>Bezpiecze\u0144stwo:<\/strong> Cylinder musi dzia\u0142a\u0107 bezpiecznie, zapobiegaj\u0105c wyst\u0119powaniu usterek i wypadk\u00f3w oraz zapewniaj\u0105c bezpiecze\u0144stwo sprz\u0119tu i personelu.<\/li>\n<li><strong>Utrzymywalno\u015b\u0107:<\/strong> Cylinder musi by\u0107 \u0142atwy w konserwacji i naprawie, co pozwoli ograniczy\u0107 przestoje sprz\u0119tu, koszty konserwacji i zapewni d\u0142ugotrwa\u0142\u0105 eksploatacj\u0119 sprz\u0119tu.<\/li>\n<\/ul>\n<p><img decoding=\"async\" src=\"https:\/\/www.hydraulic-cylinders.net\/wp-content\/uploads\/2025\/01\/songte-cylinder-head-with-all-kinds-excavator-models.webp\"><\/p>\n<h3>Uszczelnianie i smarowanie produkt\u00f3w<\/h3>\n<p>R\u00f3\u017cne elementy uszczelniaj\u0105ce, takie jak uszczelki t\u0142okowe, uszczelki t\u0142oczysk itp., zapewniaj\u0105 szczelno\u015b\u0107 cylindra, zapobiegaj\u0105c wyciekom oleju hydraulicznego i zapewniaj\u0105c d\u0142ug\u0105 \u017cywotno\u015b\u0107 cylindra. Elementy uszczelniaj\u0105ce wykonane s\u0105 z materia\u0142\u00f3w odpornych na zu\u017cycie, takich jak poliuretan i kauczuk nitrylowy. <\/p>\n<p>Korpus cylindra i gwintowana powierzchnia czo\u0142owa s\u0105 poddawane precyzyjnej obr\u00f3bce, co zwi\u0119ksza ich odporno\u015b\u0107 na zu\u017cycie. Regularne smarowanie odpowiedni\u0105 ilo\u015bci\u0105 oleju hydraulicznego jest niezb\u0119dne dla zapewnienia p\u0142ynnej pracy i wyd\u0142u\u017cenia \u017cywotno\u015bci cylindra.<\/p>\n<h3>Regularne kontrole i \u015brodki konserwacji zapobiegawczej<\/h3>\n<p>Si\u0142ownik ramienia du\u017cej koparki Sany SY365 musi by\u0107 poddawany regularnej kontroli i \u015brodkom zapobiegawczym, w tym:<\/p>\n<ul>\n<li>Regularna kontrola i wymiana element\u00f3w uszczelniaj\u0105cych.<\/li>\n<li>Regularna kontrola i wymiana t\u0142oczysk i cylindr\u00f3w.<\/li>\n<li>Regularna kontrola i wymiana oleju hydraulicznego.<\/li>\n<li>Regularna wymiana uszkodzonych podzespo\u0142\u00f3w, takich jak nakr\u0119tki, \u015bruby itp.<\/li>\n<li>Regularne dokr\u0119canie wszystkich po\u0142\u0105cze\u0144 i element\u00f3w mocuj\u0105cych.<\/li>\n<\/ul>\n<h3>Instrukcja instalacji produktu<\/h3>\n<p>Monta\u017c si\u0142ownika ramienia do du\u017cej koparki Sany SY365 wymaga profesjonalnych umiej\u0119tno\u015bci i technik. Prosz\u0119 wykona\u0107 poni\u017csze kroki:<\/p>\n<ol>\n<li>Ostro\u017cnie i bezpiecznie wyjmij stary cylinder z maszyny.<\/li>\n<li>Wyczy\u015b\u0107 powierzchni\u0119 monta\u017cow\u0105 i upewnij si\u0119, \u017ce jest g\u0142adka, wolna od rdzy i zanieczyszcze\u0144.<\/li>\n<li>Zamontuj nowy cylinder ramienia i dokr\u0119\u0107 \u015bruby zgodnie z instrukcj\u0105 producenta.<\/li>\n<li>Pod\u0142\u0105cz przewody hydrauliczne i sprawd\u017a, czy nie ma wyciek\u00f3w.<\/li>\n<li>Przed u\u017cyciem cylindra ramienia w maszynie nale\u017cy sprawdzi\u0107 jego dzia\u0142anie.<\/li>\n<\/ol>\n<p><img decoding=\"async\" src=\"https:\/\/www.hydraulic-cylinders.net\/wp-content\/uploads\/2025\/01\/songte-bushings-with-all-kinds-of-excavator-models.webp\"><\/p>\n<h3>Zagadnienia bezpiecze\u0144stwa produktu i czynniki \u015brodowiskowe<\/h3>\n<p>Podczas obs\u0142ugi cylindra ramienia nale\u017cy \u015bci\u015ble przestrzega\u0107 przepis\u00f3w i wytycznych bezpiecze\u0144stwa. W razie potrzeby nale\u017cy nosi\u0107 sprz\u0119t ochronny, taki jak r\u0119kawice, okulary ochronne i kask. Nie nale\u017cy przekracza\u0107 maksymalnego ud\u017awigu cylindra i unika\u0107 przeci\u0105\u017ce\u0144 lub nag\u0142ych uderze\u0144.<\/p>\n<p>Si\u0142ownik ramienia do du\u017cej koparki Sany SY365 to produkt przyjazny dla \u015brodowiska, wykonany z materia\u0142\u00f3w nadaj\u0105cych si\u0119 do recyklingu, zaprojektowany z my\u015bl\u0105 o wydajnej i energooszcz\u0119dnej pracy. Jest zgodny z mi\u0119dzynarodowymi przepisami i normami ochrony \u015brodowiska.<\/p>\n<h3>Diagnostyka usterek produktu i typowe problemy<\/h3>\n<p>Do typowych usterek i problem\u00f3w si\u0142ownika ramienia du\u017cej koparki Sany SY365 nale\u017c\u0105:<\/p>\n<ul>\n<li>Wyciek oleju<\/li>\n<li>Ha\u0142as podczas pracy<\/li>\n<li>Powolny ruch lub brak ruchu<\/li>\n<li>Nadmierne wibracje<\/li>\n<li>Niewystarczaj\u0105ca moc lub si\u0142a<\/li>\n<\/ul>\n<h3>Wskaz\u00f3wki i rozwi\u0105zania dotycz\u0105ce obs\u0142ugi b\u0142\u0119d\u00f3w<\/h3>\n<p>W przypadku wyst\u0105pienia problem\u00f3w z cylindrem ramienia nale\u017cy zastosowa\u0107 si\u0119 do poni\u017cszych wskaz\u00f3wek:<\/p>\n<ul>\n<li>Sprawd\u017a uk\u0142ad hydrauliczny pod k\u0105tem wyciek\u00f3w oleju lub blokad i w razie potrzeby wymie\u0144 olej hydrauliczny.<\/li>\n<li>Sprawd\u017a elementy uszczelniaj\u0105ce pod k\u0105tem uszkodze\u0144 lub zu\u017cycia i w razie potrzeby wymie\u0144 je.<\/li>\n<li>Sprawd\u017a, czy t\u0142oczysko i cylinder nie s\u0105 uszkodzone; w razie konieczno\u015bci wymie\u0144 je.<\/li>\n<li>Sprawd\u017a szczelno\u015b\u0107 przewod\u00f3w hydraulicznych i po\u0142\u0105cze\u0144; w razie konieczno\u015bci napraw je lub wymie\u0144.<\/li>\n<li>Sprawd\u017a elementy mocuj\u0105ce i w razie potrzeby je dokr\u0119\u0107.<\/li>\n<\/ul>\n<h3>O firmie<\/h3>\n<p>Jeste\u015bmy profesjonalnym producentem zamiennych cylindr\u00f3w hydraulicznych, specjalizuj\u0105cym si\u0119 w szerokiej gamie produkt\u00f3w i staj\u0105cym si\u0119 jednym z wiod\u0105cych producent\u00f3w i dystrybutor\u00f3w cylindr\u00f3w hydraulicznych na rynku krajowym i mi\u0119dzynarodowym. Zawsze przestrzegamy zasady doskona\u0142o\u015bci jako\u015bci, opieramy si\u0119 na strategii zarz\u0105dzania produkcj\u0105 przemys\u0142ow\u0105 w wyspecjalizowanych warsztatach produkcyjnych, stale podnosz\u0105c poziom technologiczny i wydajno\u015b\u0107 produkcji. Wprowadzaj\u0105c wysokiej klasy cyfrowy sprz\u0119t produkcyjny i profesjonalne systemy testowe, stale optymalizujemy platform\u0119 produkcyjn\u0105, usprawniamy proces kontroli jako\u015bci produkt\u00f3w i dysponujemy du\u017cym potencja\u0142em innowacyjnym. Naszym celem jest zaspokajanie zr\u00f3\u017cnicowanych potrzeb klient\u00f3w w oparciu o zasady wydajno\u015bci, dok\u0142adno\u015bci i wysokiej jako\u015bci.<\/p>\n<p><img decoding=\"async\" src=\"https:\/\/www.hydraulic-cylinders.net\/wp-content\/uploads\/2025\/01\/songte-company-4.webp\"><br \/>\n<img decoding=\"async\" src=\"https:\/\/www.hydraulic-cylinders.net\/wp-content\/uploads\/2025\/01\/songte-company-3.webp\"><\/p>\n<h3>Nasze us\u0142ugi<\/h3>\n<ul>\n<li><strong>Profesjonalizm:<\/strong> Mamy zesp\u00f3\u0142 do\u015bwiadczonych in\u017cynier\u00f3w i technik\u00f3w, kt\u00f3rzy mog\u0105 zapewni\u0107 profesjonalne i kompleksowe wsparcie.<\/li>\n<li><strong>Certyfikacja mi\u0119dzynarodowa:<\/strong> Nasze produkty spe\u0142niaj\u0105 mi\u0119dzynarodowe normy i certyfikaty, takie jak ISO9001, CE i ROHS.<\/li>\n<li><strong>Personalizacja:<\/strong> Oferujemy us\u0142ugi dostosowane do wymaga\u0144 klienta, uwzgl\u0119dniaj\u0105ce rozmiar, materia\u0142y i inne specyfikacje.<\/li>\n<li><strong>Sprz\u0119t produkcyjny:<\/strong> Dysponujemy zaawansowanym sprz\u0119tem, takim jak tokarki CNC, frezarki i szlifierki, co pozwala nam zagwarantowa\u0107 precyzyjn\u0105 i wydajn\u0105 produkcj\u0119.<\/li>\n<li><strong>Serwis posprzeda\u017cowy:<\/strong> Zapewniamy wysokiej jako\u015bci obs\u0142ug\u0119 posprzeda\u017cow\u0105, obejmuj\u0105c\u0105 wsparcie techniczne, gwarancj\u0119 na produkt i us\u0142ugi naprawcze.<\/li>\n<\/ul>\n<h3>Wniosek<\/h3>\n<p>Podsumowuj\u0105c, si\u0142ownik ramienia do du\u017cej koparki Sany SY365 jest kluczowym elementem uk\u0142ad\u00f3w hydraulicznych, zapewniaj\u0105cym liniowy ruch i moc ramienia mechanicznego, umo\u017cliwiaj\u0105c r\u00f3\u017cnorodne operacje w r\u00f3\u017cnych bran\u017cach i scenariuszach. Dzi\u0119ki wysokiej wydajno\u015bci, precyzyjnemu sterowaniu, trwa\u0142o\u015bci, wielofunkcyjno\u015bci i \u0142atwo\u015bci konserwacji, sta\u0142 si\u0119 on niezb\u0119dnym produktem w przemy\u015ble maszynowym. Jako profesjonalny producent zamiennych si\u0142ownik\u00f3w hydraulicznych, stale d\u0105\u017cymy do doskona\u0142o\u015bci i oferujemy wysokiej jako\u015bci produkty i us\u0142ugi, aby sprosta\u0107 zr\u00f3\u017cnicowanym potrzebom naszych klient\u00f3w. <\/p>\n<p><em>Autor: lyl<\/em><\/p>","protected":false},"excerpt":{"rendered":"<p>Arm Cylinder for Sany Large Excavator SY365 &#8211; All You Need to Know Introduction Product Definition An arm cylinder is a specially designed hydraulic cylinder used primarily to provide linear motion and power to various types of machinery&#8217;s arm, such as excavators, cranes, and robotic arms. Arm cylinders play a critical role in hydraulic systems, [&hellip;]<\/p>","protected":false},"featured_media":14772,"comment_status":"open","ping_status":"closed","template":"","meta":{"_et_pb_use_builder":"","_et_pb_old_content":"","_et_gb_content_width":""},"product_brand":[],"product_cat":[1497],"product_tag":[1498,1496],"class_list":{"0":"post-16380","1":"product","2":"type-product","3":"status-publish","4":"has-post-thumbnail","6":"product_cat-arm-cylinders","7":"product_tag-arm-cylinders","8":"product_tag-hydraulic-cylinders","10":"first","11":"instock","12":"shipping-taxable","13":"product-type-simple"},"amp_enabled":true,"_links":{"self":[{"href":"https:\/\/www.hydraulic-cylinders.net\/pl\/wp-json\/wp\/v2\/product\/16380","targetHints":{"allow":["GET"]}}],"collection":[{"href":"https:\/\/www.hydraulic-cylinders.net\/pl\/wp-json\/wp\/v2\/product"}],"about":[{"href":"https:\/\/www.hydraulic-cylinders.net\/pl\/wp-json\/wp\/v2\/types\/product"}],"replies":[{"embeddable":true,"href":"https:\/\/www.hydraulic-cylinders.net\/pl\/wp-json\/wp\/v2\/comments?post=16380"}],"wp:featuredmedia":[{"embeddable":true,"href":"https:\/\/www.hydraulic-cylinders.net\/pl\/wp-json\/wp\/v2\/media\/14772"}],"wp:attachment":[{"href":"https:\/\/www.hydraulic-cylinders.net\/pl\/wp-json\/wp\/v2\/media?parent=16380"}],"wp:term":[{"taxonomy":"product_brand","embeddable":true,"href":"https:\/\/www.hydraulic-cylinders.net\/pl\/wp-json\/wp\/v2\/product_brand?post=16380"},{"taxonomy":"product_cat","embeddable":true,"href":"https:\/\/www.hydraulic-cylinders.net\/pl\/wp-json\/wp\/v2\/product_cat?post=16380"},{"taxonomy":"product_tag","embeddable":true,"href":"https:\/\/www.hydraulic-cylinders.net\/pl\/wp-json\/wp\/v2\/product_tag?post=16380"}],"curies":[{"name":"wp","href":"https:\/\/api.w.org\/{rel}","templated":true}]}}