{"id":16383,"date":"2025-01-20T09:11:05","date_gmt":"2025-01-20T09:11:05","guid":{"rendered":"https:\/\/www.hydraulic-cylinders.net\/product\/arm-cylinderfor-sany-large-excavator-sy305c-9h\/"},"modified":"2025-01-20T09:11:07","modified_gmt":"2025-01-20T09:11:07","slug":"arm-cylinderfor-sany-large-excavator-sy305c-9h","status":"publish","type":"product","link":"https:\/\/www.hydraulic-cylinders.net\/pl\/produkt\/arm-cylinderfor-sany-large-excavator-sy305c-9h\/","title":{"rendered":"Si\u0142ownik ramienia do du\u017cej koparki Sany SY305C-9H"},"content":{"rendered":"<h1>Si\u0142ownik ramienia do du\u017cej koparki Sany SY305C-9H<\/h1>\n<h2>Wst\u0119p<\/h2>\n<p>Si\u0142ownik ramienia to specjalnie zaprojektowany si\u0142ownik hydrauliczny, kt\u00f3ry s\u0142u\u017cy g\u0142\u00f3wnie do zapewnienia ruchu liniowego i zasilania ramion r\u00f3\u017cnego rodzaju maszyn, takich jak koparki, d\u017awigi i ramiona mechaniczne. Si\u0142ownik ramienia odgrywa kluczow\u0105 rol\u0119 w uk\u0142adzie hydraulicznym, umo\u017cliwiaj\u0105c efektywny ruch i sterowanie dodatkowymi narz\u0119dziami lub osprz\u0119tem. Si\u0142owniki te nie tylko zapewniaj\u0105 p\u0142ynny ruch, ale tak\u017ce wytrzymuj\u0105 du\u017ce obci\u0105\u017cenia, gwarantuj\u0105c tym samym wydajn\u0105 prac\u0119 i niezawodno\u015b\u0107 maszyn w r\u00f3\u017cnych warunkach eksploatacyjnych.<\/p>\n<p><img decoding=\"async\" src=\"https:\/\/www.hydraulic-cylinders.net\/wp-content\/uploads\/2025\/01\/songte-company-2.webp\"\/><\/p>\n<h2>Cechy<\/h2>\n<h3>Nap\u0119d o wysokiej wydajno\u015bci<\/h3>\n<p>Si\u0142ownik ramienia mo\u017ce zapewni\u0107 mocny ruch liniowy i si\u0142\u0119, gwarantuj\u0105c wysok\u0105 wydajno\u015b\u0107 ramienia mechanicznego w r\u00f3\u017cnych operacjach.<\/p>\n<h3>Precyzyjna kontrola<\/h3>\n<p>Dzi\u0119ki uk\u0142adowi hydraulicznemu si\u0142ownik ramienia mo\u017ce uzyska\u0107 precyzyjn\u0105 kontrol\u0119 ruchu, co sprawia, \u017ce \u200b\u200bobs\u0142uga dodatkowych narz\u0119dzi jest bardziej elastyczna i precyzyjna.<\/p>\n<h3>Wysoka wytrzyma\u0142o\u015b\u0107<\/h3>\n<p>Cylinder ramienia jest zwykle wykonany z materia\u0142\u00f3w o wysokiej wytrzyma\u0142o\u015bci, odpornych na zu\u017cycie i korozj\u0119, dzi\u0119ki czemu nadaje si\u0119 do d\u0142ugotrwa\u0142ego u\u017cytkowania w trudnych warunkach.<\/p>\n<h3>Wielofunkcyjna adaptowalno\u015b\u0107<\/h3>\n<p>Tego typu si\u0142owniki mo\u017cna powszechnie stosowa\u0107 w r\u00f3\u017cnych typach urz\u0105dze\u0144 mechanicznych, takich jak koparki, d\u017awigi i ramiona mechaniczne, aby sprosta\u0107 zr\u00f3\u017cnicowanym wymaganiom operacyjnym.<\/p>\n<h3>\u0141atwa konserwacja<\/h3>\n<p>Zaprojektowany z my\u015bl\u0105 o \u0142atwej konserwacji i wymianie si\u0142ownik ramienia sprawia, \u017ce \u200b\u200bregularne kontrole i konserwacje s\u0105 wygodniejsze, co skraca przestoje sprz\u0119tu.<\/p>\n<p><img decoding=\"async\" src=\"https:\/\/www.hydraulic-cylinders.net\/wp-content\/uploads\/2025\/01\/songte-oil-pipes-and-spare-parts.webp\"\/><\/p>\n<h2>Aplikacje<\/h2>\n<h3>In\u017cynieria budowlana<\/h3>\n<p>W koparkach i d\u017awigach si\u0142ownik ramienia s\u0142u\u017cy do sterowania ruchem \u0142y\u017cki lub wysi\u0119gnika podczas prac ziemnych, przenoszenia materia\u0142\u00f3w i instalacji konstrukcyjnych.<\/p>\n<h3>Produkcja<\/h3>\n<p>W zautomatyzowanych liniach produkcyjnych si\u0142ownik ramienia s\u0142u\u017cy do poruszania ramion mechanicznych w celu przeprowadzania proces\u00f3w monta\u017cu, spawania i obs\u0142ugi, co zwi\u0119ksza wydajno\u015b\u0107 i dok\u0142adno\u015b\u0107 produkcji.<\/p>\n<h3>Maszyny rolnicze<\/h3>\n<p>W maszynach rolniczych, takich jak kombajny i sadzarki, si\u0142ownik ramienia steruje ruchem ramienia roboczego, wykonuj\u0105cego takie zadania, jak siew, nawo\u017cenie i zbi\u00f3r.<\/p>\n<h3>G\u00f3rnictwo<\/h3>\n<p>W sprz\u0119cie g\u00f3rniczym si\u0142ownik ramienia s\u0142u\u017cy do sterowania ruchem ramienia sprz\u0119tu g\u00f3rniczego podczas wydobywania i transportu rudy.<\/p>\n<h3>Logistyka i transport<\/h3>\n<p>W w\u00f3zkach wid\u0142owych i robotach prze\u0142adunkowych si\u0142ownik ramienia s\u0142u\u017cy do sterowania podnoszeniem i ruchem wide\u0142 w celu obs\u0142ugi materia\u0142\u00f3w i ich uk\u0142adania.<\/p>\n<p><img decoding=\"async\" src=\"https:\/\/www.hydraulic-cylinders.net\/wp-content\/uploads\/2025\/01\/songte-chushion-collar.webp\"\/><\/p>\n<h2>Zagadnienia projektowe i kryteria wyboru<\/h2>\n<h3>No\u015bno\u015b\u0107<\/h3>\n<p>Si\u0142ownik ramienia musi by\u0107 w stanie utrzyma\u0107 ci\u0119\u017car \u0142adunku i poradzi\u0107 sobie z si\u0142ami zewn\u0119trznymi powstaj\u0105cymi podczas pracy.<\/p>\n<h3>Opiecz\u0119towanie<\/h3>\n<p>W cylindrze ramienia zastosowano r\u00f3\u017cne elementy uszczelniaj\u0105ce, takie jak uszczelki t\u0142oka i uszczelki t\u0142oczyska, kt\u00f3re s\u0105 wykonane z materia\u0142\u00f3w odpornych na zu\u017cycie, takich jak poliuretan i kauczuk nitrylowy, aby zapobiec wyciekom p\u0142ynu i zanieczyszczeniom.<\/p>\n<h3>Trwa\u0142o\u015b\u0107<\/h3>\n<p>Cylinder ramienia powinien by\u0107 wykonany z materia\u0142\u00f3w o wysokiej wytrzyma\u0142o\u015bci, odpornych na zu\u017cycie i korozj\u0119, aby zapewni\u0107 d\u0142ugotrwa\u0142e u\u017cytkowanie w trudnych warunkach.<\/p>\n<h3>Bezpiecze\u0144stwo<\/h3>\n<p>Si\u0142ownik ramienia powinien by\u0107 zaprojektowany z uwzgl\u0119dnieniem funkcji bezpiecze\u0144stwa, takich jak zabezpieczenie przed przeci\u0105\u017ceniem i funkcja zatrzymania awaryjnego, aby zapobiega\u0107 wypadkom i zapewni\u0107 bezpiecze\u0144stwo operatora.<\/p>\n<h3>Konserwacja<\/h3>\n<p>Cylinder ramienia powinien by\u0107 zaprojektowany z my\u015bl\u0105 o \u0142atwej konserwacji, np. \u0142atwym demonta\u017cu w celu przeprowadzenia kontroli oraz wymiany uszczelek i innych podzespo\u0142\u00f3w.<\/p>\n<p><img decoding=\"async\" src=\"https:\/\/www.hydraulic-cylinders.net\/wp-content\/uploads\/2025\/01\/songte-cylinder-head-with-all-kinds-excavator-models.webp\"\/><\/p>\n<h2>Uszczelnianie i smarowanie<\/h2>\n<p>Si\u0142ownik ramienia wykorzystuje r\u00f3\u017cnorodne elementy uszczelniaj\u0105ce, takie jak uszczelnienia t\u0142oka i t\u0142oczyska, wykonane z materia\u0142\u00f3w odpornych na zu\u017cycie, takich jak poliuretan i kauczuk nitrylowy, aby zapobiec wyciekom i zanieczyszczeniom. Korpus si\u0142ownika i powierzchnia gwintu s\u0105 precyzyjnie obrobione w celu zwi\u0119kszenia odporno\u015bci na zu\u017cycie. Si\u0142ownik ramienia wymaga regularnego smarowania olejem hydraulicznym, aby zapewni\u0107 prawid\u0142owe dzia\u0142anie.<\/p>\n<h2>Regularne kontrole i konserwacja zapobiegawcza<\/h2>\n<h3>Regularna kontrola<\/h3>\n<p>Nale\u017cy regularnie sprawdza\u0107 cylinder ramienia, aby zapewni\u0107 jego prawid\u0142owe dzia\u0142anie, zwracaj\u0105c szczeg\u00f3ln\u0105 uwag\u0119 na nieszczelno\u015bci, odkszta\u0142cenia oraz lu\u017ane \u015bruby i nakr\u0119tki.<\/p>\n<h3>Konserwacja zapobiegawcza<\/h3>\n<p>Konserwacja zapobiegawcza powinna by\u0107 przeprowadzana regularnie, aby zapobiec awariom sprz\u0119tu i zminimalizowa\u0107 przestoje. Obejmuje to wymian\u0119 zu\u017cytych uszczelek i innych podzespo\u0142\u00f3w oraz sprawdzanie prawid\u0142owego smarowania i poziomu p\u0142yn\u00f3w.<\/p>\n<p><img decoding=\"async\" src=\"https:\/\/www.hydraulic-cylinders.net\/wp-content\/uploads\/2025\/01\/songte-bushings-with-all-kinds-of-excavator-models.webp\"\/><\/p>\n<h2>Przewodnik instalacji<\/h2>\n<p>Przed monta\u017cem si\u0142ownika ramienia nale\u017cy upewni\u0107 si\u0119, \u017ce sprz\u0119t jest odpowiednio podparty i zabezpieczony. Zamontuj si\u0142ownik w prawid\u0142owej pozycji, dbaj\u0105c o prawid\u0142owe wyr\u00f3wnanie z otworami. Dokr\u0119\u0107 \u015bruby i nakr\u0119tki zgodnie z podanymi warto\u015bciami momentu obrotowego. Pod\u0142\u0105cz przewody hydrauliczne i z\u0142\u0105czki, upewniaj\u0105c si\u0119, \u017ce gwinty s\u0105 prawid\u0142owo zaz\u0119bione i dokr\u0119cone. Na koniec sprawd\u017a dzia\u0142anie si\u0142ownika i szczelno\u015b\u0107.<\/p>\n<h2>Zagadnienia bezpiecze\u0144stwa i czynniki \u015brodowiskowe<\/h2>\n<p>Podczas obs\u0142ugi urz\u0105dzenia z si\u0142ownikiem ramienia nale\u017cy podj\u0105\u0107 \u015brodki bezpiecze\u0144stwa, aby zapobiec wypadkom, takie jak noszenie odzie\u017cy ochronnej i unikanie przeci\u0105\u017cania urz\u0105dzenia. Nale\u017cy r\u00f3wnie\u017c uwzgl\u0119dni\u0107 czynniki \u015brodowiskowe, takie jak temperatura i wilgotno\u015b\u0107, a urz\u0105dzenie powinno by\u0107 obs\u0142ugiwane w okre\u015blonych warunkach \u015brodowiskowych.<\/p>\n<h2>Diagnostyka usterek i typowe problemy<\/h2>\n<h3>Diagnostyka usterek<\/h3>\n<p>Do typowych usterek cylindra ramienia nale\u017c\u0105 nieszczelno\u015bci, niewystarczaj\u0105ca si\u0142a i nieregularny ruch. Usterki te mo\u017cna zdiagnozowa\u0107 poprzez ogl\u0119dziny i testy podzespo\u0142\u00f3w cylindra.<\/p>\n<h3>Typowe problemy<\/h3>\n<p>Do typowych problem\u00f3w z si\u0142ownikiem ramienia nale\u017c\u0105 zu\u017cyte uszczelki, uszkodzone t\u0142oczyska i zablokowane przewody hydrauliczne. Problemy te mo\u017cna rozwi\u0105za\u0107 poprzez wymian\u0119 podzespo\u0142\u00f3w i czyszczenie uk\u0142adu hydraulicznego.<\/p>\n<p><img decoding=\"async\" src=\"https:\/\/www.hydraulic-cylinders.net\/wp-content\/uploads\/2025\/01\/songte-company-4.webp\"\/><br \/>\n<img decoding=\"async\" src=\"https:\/\/www.hydraulic-cylinders.net\/wp-content\/uploads\/2025\/01\/songte-company-3.webp\"\/><\/p>\n<h2>O nas<\/h2>\n<p>Jeste\u015bmy profesjonalnym producentem zamiennych cylindr\u00f3w hydraulicznych, oferuj\u0105cym szerok\u0105 gam\u0119 produkt\u00f3w. Stali\u015bmy si\u0119 jednym z wiod\u0105cych producent\u00f3w i hurtowych dystrybutor\u00f3w cylindr\u00f3w hydraulicznych na rynku krajowym i mi\u0119dzynarodowym. Zawsze przestrzegamy zasady doskona\u0142ej jako\u015bci, opieraj\u0105c si\u0119 na strategii industrializacji produkcji, w tym na precyzyjnym warsztacie produkcyjnym, stale podnosz\u0105c poziom techniczny i wydajno\u015b\u0107 produkcji. Wprowadzaj\u0105c wysokiej klasy cyfrowy sprz\u0119t produkcyjny i profesjonalne systemy testowe, stale optymalizujemy platform\u0119 produkcyjn\u0105, usprawniamy proces kontroli jako\u015bci produkt\u00f3w i dysponujemy du\u017cym potencja\u0142em innowacyjnym. Naszym celem jest zaspokojenie zr\u00f3\u017cnicowanych potrzeb naszych klient\u00f3w poprzez wysok\u0105 wydajno\u015b\u0107, precyzj\u0119 i jako\u015b\u0107.<\/p>\n<h3>Profesjonalizm<\/h3>\n<p>Mamy zesp\u00f3\u0142 profesjonalnych in\u017cynier\u00f3w i technik\u00f3w, kt\u00f3rzy maj\u0105 bogate do\u015bwiadczenie w projektowaniu i produkcji cylindr\u00f3w hydraulicznych.<\/p>\n<h3>Mi\u0119dzynarodowa Certyfikacja<\/h3>\n<p>Nasze produkty uzyska\u0142y certyfikaty mi\u0119dzynarodowych organizacji, takich jak ISO9001, CE i RoHS, co gwarantuje ich jako\u015b\u0107 i bezpiecze\u0144stwo.<\/p>\n<h3>Us\u0142ugi personalizacji<\/h3>\n<p>Oferujemy us\u0142ugi dostosowywania do konkretnych potrzeb naszych klient\u00f3w, obejmuj\u0105ce rozmiar, kszta\u0142t i materia\u0142.<\/p>\n<h3>Sprz\u0119t produkcyjny<\/h3>\n<p>Dysponujemy zaawansowanym sprz\u0119tem produkcyjnym, takim jak tokarki CNC, frezarki i spawarki, co pozwala nam zagwarantowa\u0107 wydajn\u0105 i precyzyjn\u0105 produkcj\u0119.<\/p>\n<h3>Serwis posprzeda\u017cowy<\/h3>\n<p>Zapewniamy kompleksow\u0105 obs\u0142ug\u0119 posprzeda\u017cow\u0105, obejmuj\u0105c\u0105 wsparcie techniczne, gwarancj\u0119 i konserwacj\u0119.<\/p>\n<p>Autor: lyl.<\/p>","protected":false},"excerpt":{"rendered":"<p>Arm Cylinder For Sany Large Excavator SY305C-9H Introduction The arm cylinder is a specifically designed hydraulic cylinder that is mainly used to provide linear motion and power to the arms of various types of machinery, such as excavators, cranes, and mechanical arms. The arm cylinder plays a crucial role in the hydraulic system, allowing for [&hellip;]<\/p>","protected":false},"featured_media":14763,"comment_status":"open","ping_status":"closed","template":"","meta":{"_et_pb_use_builder":"","_et_pb_old_content":"","_et_gb_content_width":""},"product_brand":[],"product_cat":[1497],"product_tag":[1498,1496],"class_list":{"0":"post-16383","1":"product","2":"type-product","3":"status-publish","4":"has-post-thumbnail","6":"product_cat-arm-cylinders","7":"product_tag-arm-cylinders","8":"product_tag-hydraulic-cylinders","10":"first","11":"instock","12":"shipping-taxable","13":"product-type-simple"},"amp_enabled":true,"_links":{"self":[{"href":"https:\/\/www.hydraulic-cylinders.net\/pl\/wp-json\/wp\/v2\/product\/16383","targetHints":{"allow":["GET"]}}],"collection":[{"href":"https:\/\/www.hydraulic-cylinders.net\/pl\/wp-json\/wp\/v2\/product"}],"about":[{"href":"https:\/\/www.hydraulic-cylinders.net\/pl\/wp-json\/wp\/v2\/types\/product"}],"replies":[{"embeddable":true,"href":"https:\/\/www.hydraulic-cylinders.net\/pl\/wp-json\/wp\/v2\/comments?post=16383"}],"wp:featuredmedia":[{"embeddable":true,"href":"https:\/\/www.hydraulic-cylinders.net\/pl\/wp-json\/wp\/v2\/media\/14763"}],"wp:attachment":[{"href":"https:\/\/www.hydraulic-cylinders.net\/pl\/wp-json\/wp\/v2\/media?parent=16383"}],"wp:term":[{"taxonomy":"product_brand","embeddable":true,"href":"https:\/\/www.hydraulic-cylinders.net\/pl\/wp-json\/wp\/v2\/product_brand?post=16383"},{"taxonomy":"product_cat","embeddable":true,"href":"https:\/\/www.hydraulic-cylinders.net\/pl\/wp-json\/wp\/v2\/product_cat?post=16383"},{"taxonomy":"product_tag","embeddable":true,"href":"https:\/\/www.hydraulic-cylinders.net\/pl\/wp-json\/wp\/v2\/product_tag?post=16383"}],"curies":[{"name":"wp","href":"https:\/\/api.w.org\/{rel}","templated":true}]}}