{"id":16388,"date":"2025-01-20T09:11:25","date_gmt":"2025-01-20T09:11:25","guid":{"rendered":"https:\/\/www.hydraulic-cylinders.net\/product\/arm-cylinderfor-xcmg-small-excavator-xe6oca\/"},"modified":"2025-01-20T09:11:32","modified_gmt":"2025-01-20T09:11:32","slug":"arm-cylinderfor-xcmg-small-excavator-xe6oca","status":"publish","type":"product","link":"https:\/\/www.hydraulic-cylinders.net\/pl\/produkt\/arm-cylinderfor-xcmg-small-excavator-xe6oca\/","title":{"rendered":"Si\u0142ownik ramienia do ma\u0142ej koparki XCMG XE6OCA"},"content":{"rendered":"<h2>Si\u0142ownik ramienia do ma\u0142ej koparki XCMG XE6OCA<\/h2>\n<h3>Definicja i wyja\u015bnienie<\/h3>\n<p>Si\u0142ownik ramienia to specjalnie zaprojektowany si\u0142ownik hydrauliczny, kt\u00f3ry zapewnia ruch liniowy i zasilanie ramienia r\u00f3\u017cnych maszyn, takich jak koparki, d\u017awigi i ramiona mechaniczne. Si\u0142ownik ramienia odgrywa kluczow\u0105 rol\u0119 w uk\u0142adach hydraulicznych, umo\u017cliwiaj\u0105c ruch osprz\u0119tu i akcesori\u00f3w oraz ich efektywne sterowanie. Si\u0142owniki te nie tylko zapewniaj\u0105 p\u0142ynny ruch, ale tak\u017ce wytrzymuj\u0105 du\u017ce obci\u0105\u017cenia, gwarantuj\u0105c wydajn\u0105 prac\u0119 i niezawodno\u015b\u0107 maszyn w r\u00f3\u017cnych warunkach eksploatacyjnych.<\/p>\n<p><img decoding=\"async\" src=\"https:\/\/www.hydraulic-cylinders.net\/wp-content\/uploads\/2025\/01\/songte-company-2.webp\" alt=\"Obraz cylindra ramienia\"><\/p>\n<h3>Cechy produktu<\/h3>\n<ul>\n<li>Wysoka wydajno\u015b\u0107 przenoszenia mocy: Cylinder ramienia zapewnia mocny ruch liniowy i si\u0142\u0119, gwarantuj\u0105c wysok\u0105 wydajno\u015b\u0107 i efektywno\u015b\u0107 ramienia mechanicznego podczas r\u00f3\u017cnych operacji.<\/li>\n<li>Precyzyjna kontrola: Dzi\u0119ki uk\u0142adowi hydraulicznemu si\u0142ownik ramienia mo\u017ce uzyska\u0107 precyzyjn\u0105 kontrol\u0119 ruchu, co sprawia, \u017ce \u200b\u200bobs\u0142uga pod\u0142\u0105czonych narz\u0119dzi jest bardziej elastyczna i dok\u0142adna.<\/li>\n<li>Wysoka trwa\u0142o\u015b\u0107: Cylinder ramienia jest cz\u0119sto wykonany z materia\u0142\u00f3w o wysokiej wytrzyma\u0142o\u015bci, kt\u00f3re charakteryzuj\u0105 si\u0119 doskona\u0142\u0105 odporno\u015bci\u0105 na zu\u017cycie i korozj\u0119, dzi\u0119ki czemu nadaje si\u0119 do d\u0142ugotrwa\u0142ego u\u017cytkowania w trudnych warunkach.<\/li>\n<li>Wielofunkcyjna mo\u017cliwo\u015b\u0107 adaptacji: Te cylindry mo\u017cna szeroko stosowa\u0107 w r\u00f3\u017cnych urz\u0105dzeniach mechanicznych, takich jak koparki, d\u017awigi i ramiona mechaniczne, dostosowuj\u0105c je do r\u00f3\u017cnych wymaga\u0144 roboczych.<\/li>\n<li>\u0141atwa konserwacja: Projekt uwzgl\u0119dnia \u0142atwo\u015b\u0107 konserwacji i wymiany, dzi\u0119ki czemu regularne kontrole i konserwacje staj\u0105 si\u0119 wygodniejsze, a przestoje sprz\u0119tu zostaj\u0105 skr\u00f3cone.<\/li>\n<\/ul>\n<p>Mo\u017cemy wyprodukowa\u0107 ten produkt i dostarczy\u0107 idealny zamiennik dla tych cylindr\u00f3w hydraulicznych.<\/p>\n<p><img decoding=\"async\" src=\"https:\/\/www.hydraulic-cylinders.net\/wp-content\/uploads\/2025\/01\/songte-oil-pipes-and-spare-parts.webp\" alt=\"Inne cz\u0119\u015bci Obraz\"><\/p>\n<h3>Aplikacje<\/h3>\n<p>Cylinder ramienia mo\u017ce by\u0107 stosowany w r\u00f3\u017cnych dziedzinach, takich jak:<\/p>\n<ul>\n<li>In\u017cynieria budowlana: Si\u0142ownik ramienia s\u0142u\u017cy do sterowania ruchem \u0142y\u017cki lub wysi\u0119gnika w koparkach i d\u017awigach podczas wykonywania prac ziemnych, przenoszenia materia\u0142\u00f3w i instalacji konstrukcyjnych.<\/li>\n<li>Przemys\u0142 wytw\u00f3rczy: Si\u0142ownik ramienia jest stosowany w ruchu ramion mechanicznych w zautomatyzowanych liniach produkcyjnych do wykonywania proces\u00f3w monta\u017cu, spawania i obs\u0142ugi, co zwi\u0119ksza wydajno\u015b\u0107 i precyzj\u0119 produkcji.<\/li>\n<li>Maszyny rolnicze: Si\u0142ownik ramienia steruje ruchem ramienia roboczego w maszynach rolniczych, takich jak kombajny i siewniki, podczas wykonywania zada\u0144 takich jak sadzenie, nawo\u017cenie i zbi\u00f3r.<\/li>\n<li>G\u00f3rnictwo: Cylinder ramienia s\u0142u\u017cy do sterowania ruchem ramienia sprz\u0119tu g\u00f3rniczego s\u0142u\u017c\u0105cego do wydobywania i transportu minera\u0142\u00f3w.<\/li>\n<li>Logistyka i transport: Si\u0142ownik ramienia s\u0142u\u017cy do sterowania podnoszeniem i ruchem wide\u0142 w w\u00f3zkach wid\u0142owych i robotach prze\u0142adunkowych, realizuj\u0105cych prze\u0142adunek materia\u0142\u00f3w i ich uk\u0142adanie.<\/li>\n<\/ul>\n<h3>Zagadnienia projektowe i kryteria wyboru<\/h3>\n<p>Cylinder ramienia musi mie\u0107 nast\u0119puj\u0105ce cechy:<\/p>\n<h4>No\u015bno\u015b\u0107<\/h4>\n<p>Si\u0142ownik ramienia musi mie\u0107 odpowiedni\u0105 no\u015bno\u015b\u0107, aby zapewni\u0107 normaln\u0105 prac\u0119 maszyny.<\/p>\n<h4>Opiecz\u0119towanie<\/h4>\n<p>W cylindrze ramienia zastosowano r\u00f3\u017cne elementy uszczelniaj\u0105ce, takie jak uszczelnienia t\u0142oka i uszczelnienia t\u0142oczyska, kt\u00f3re powinny by\u0107 wykonane z materia\u0142\u00f3w odpornych na zu\u017cycie, takich jak poliuretan i kauczuk nitrylowy, aby zapewni\u0107 d\u0142ug\u0105 \u017cywotno\u015b\u0107.<\/p>\n<h4>Trwa\u0142o\u015b\u0107<\/h4>\n<p>Korpus cylindra i powierzchnia czo\u0142owa gwintu cylindra ramienia powinny zosta\u0107 poddane dok\u0142adnej obr\u00f3bce w celu zwi\u0119kszenia odporno\u015bci na zu\u017cycie i korozj\u0119.<\/p>\n<h4>Bezpiecze\u0144stwo<\/h4>\n<p>Cylinder ramienia musi by\u0107 zaprojektowany z uwzgl\u0119dnieniem zabezpiecze\u0144, takich jak zawory bezpiecze\u0144stwa, aby zapobiec wypadkom spowodowanym nadmiernym ci\u015bnieniem.<\/p>\n<h4>Konserwacja<\/h4>\n<p>Cylinder ramienia powinien by\u0107 zaprojektowany w spos\u00f3b umo\u017cliwiaj\u0105cy \u0142atw\u0105 konserwacj\u0119 i wymian\u0119 cz\u0119\u015bci, co pozwoli zminimalizowa\u0107 przestoje sprz\u0119tu.<\/p>\n<p><img decoding=\"async\" src=\"https:\/\/www.hydraulic-cylinders.net\/wp-content\/uploads\/2025\/01\/songte-cylinder-head-with-all-kinds-excavator-models.webp\" alt=\"Obraz g\u0142owicy cylindra\"><\/p>\n<h3>Uszczelnianie i smarowanie<\/h3>\n<p>Si\u0142ownik ramienia wykorzystuje r\u00f3\u017cne elementy uszczelniaj\u0105ce, takie jak uszczelnienia t\u0142oka i t\u0142oczyska, kt\u00f3re powinny by\u0107 wykonane z materia\u0142\u00f3w odpornych na zu\u017cycie, takich jak poliuretan i kauczuk nitrylowy, aby zapewni\u0107 d\u0142ug\u0105 \u017cywotno\u015b\u0107. Korpus si\u0142ownika i powierzchnia gwintu si\u0142ownika ramienia powinny zosta\u0107 poddane precyzyjnej obr\u00f3bce w celu zwi\u0119kszenia odporno\u015bci na zu\u017cycie i korozj\u0119. Nale\u017cy regularnie uzupe\u0142nia\u0107 odpowiedni\u0105 ilo\u015b\u0107 oleju hydraulicznego, aby zapewni\u0107 prawid\u0142owe smarowanie element\u00f3w si\u0142ownika.<\/p>\n<h3>Regularne kontrole i \u015brodki konserwacji zapobiegawczej<\/h3>\n<ul>\n<li>Przeprowadzaj regularne kontrole, aby wcze\u015bnie wykry\u0107 i rozwi\u0105za\u0107 problemy.<\/li>\n<li>Wymieniaj zu\u017cyte lub uszkodzone cz\u0119\u015bci w odpowiednim czasie.<\/li>\n<li>Aby przed\u0142u\u017cy\u0107 \u017cywotno\u015b\u0107 cylindra ramienia, nale\u017cy wykonywa\u0107 czynno\u015bci konserwacyjne, takie jak czyszczenie i smarowanie.<\/li>\n<\/ul>\n<h3>Przewodnik instalacji<\/h3>\n<ul>\n<li>Upewnij si\u0119, \u017ce si\u0142ownik ramienia jest zgodny ze specyfikacj\u0105 maszyny.<\/li>\n<li>Przed monta\u017cem nale\u017cy wyczy\u015bci\u0107 i sprawdzi\u0107 wszystkie elementy.<\/li>\n<li>Zamontuj cylinder ramienia zgodnie z instrukcj\u0105 producenta.<\/li>\n<li>Po monta\u017cu nale\u017cy sprawdzi\u0107 dzia\u0142anie cylindra ramienia, aby mie\u0107 pewno\u015b\u0107, \u017ce funkcjonuje prawid\u0142owo.<\/li>\n<\/ul>\n<p><img decoding=\"async\" src=\"https:\/\/www.hydraulic-cylinders.net\/wp-content\/uploads\/2025\/01\/songte-bushings-with-all-kinds-of-excavator-models.webp\" alt=\"Obraz tulei\"><\/p>\n<h3>Zagadnienia bezpiecze\u0144stwa i czynniki \u015brodowiskowe<\/h3>\n<p>Podczas u\u017cytkowania si\u0142ownika ramienia nale\u017cy zachowa\u0107 \u015brodki bezpiecze\u0144stwa, aby zapobiec wypadkom spowodowanym nadmiernym ci\u015bnieniem lub nieprawid\u0142ow\u0105 obs\u0142ug\u0105. Czynniki \u015brodowiskowe, takie jak temperatura i wilgotno\u015b\u0107, mog\u0105 wp\u0142ywa\u0107 na wydajno\u015b\u0107 i \u017cywotno\u015b\u0107 si\u0142ownika ramienia, dlatego nale\u017cy go obs\u0142ugiwa\u0107 i przechowywa\u0107 w odpowiednich warunkach \u015brodowiskowych.<\/p>\n<h3>Rozwi\u0105zywanie problem\u00f3w i typowe problemy<\/h3>\n<ul>\n<li>Niskie ci\u015bnienie: Sprawd\u017a, czy nie ma przeciek\u00f3w lub uszkodzonych uszczelek i wymie\u0144 je.<\/li>\n<li>Zablokowany cylinder: Sprawd\u017a, czy w cylindrze nie ma zanieczyszcze\u0144 lub rdzy i wyczy\u015b\u0107 go.<\/li>\n<li>Powolne poruszanie si\u0119: Sprawd\u017a, czy w uk\u0142adzie hydraulicznym nie brakuje oleju i uzupe\u0142nij go.<\/li>\n<\/ul>\n<p>Je\u017celi problemu nie uda si\u0119 rozwi\u0105za\u0107, nale\u017cy zwr\u00f3ci\u0107 si\u0119 o pomoc do producenta lub uzyska\u0107 pomoc od wykwalifikowanego technika.<\/p>\n<h3>O nas<\/h3>\n<p>Jeste\u015bmy profesjonalnym producentem zamiennych cylindr\u00f3w hydraulicznych, oferuj\u0105cym szerok\u0105 gam\u0119 produkt\u00f3w. Stali\u015bmy si\u0119 jednym z wiod\u0105cych producent\u00f3w i dystrybutor\u00f3w hurtowych cylindr\u00f3w hydraulicznych na rynku krajowym i mi\u0119dzynarodowym. Zawsze przestrzegamy zasady doskona\u0142ej jako\u015bci, opieramy si\u0119 na strategii zarz\u0105dzania produkcj\u0105 industrialn\u0105 w dopracowanym warsztacie produkcyjnym i stale podnosimy poziom techniczny oraz wydajno\u015b\u0107 produkcji. Dzi\u0119ki wprowadzaniu wysokiej klasy cyfrowego sprz\u0119tu produkcyjnego i profesjonalnych system\u00f3w testowych, stale optymalizujemy platform\u0119 produkcyjn\u0105, usprawniamy proces kontroli jako\u015bci produkt\u00f3w i dysponujemy du\u017cym potencja\u0142em innowacyjnym. Naszym celem jest zaspokojenie zr\u00f3\u017cnicowanych potrzeb klient\u00f3w poprzez wysok\u0105 wydajno\u015b\u0107, precyzj\u0119 i jako\u015b\u0107.<\/p>\n<p><img decoding=\"async\" src=\"https:\/\/www.hydraulic-cylinders.net\/wp-content\/uploads\/2025\/01\/songte-company-4.webp\" alt=\"Wizerunek firmy\"><br \/>\n<img decoding=\"async\" src=\"https:\/\/www.hydraulic-cylinders.net\/wp-content\/uploads\/2025\/01\/songte-company-3.webp\" alt=\"Wizerunek firmy\"><\/p>\n<p>Nasza firma charakteryzuje si\u0119 wysokim profesjonalizmem i posiada mi\u0119dzynarodowe certyfikaty. Oferujemy r\u00f3wnie\u017c us\u0142ugi dostosowane do indywidualnych potrzeb, zaawansowany sprz\u0119t produkcyjny i doskona\u0142\u0105 obs\u0142ug\u0119 posprzeda\u017cow\u0105, aby zagwarantowa\u0107 satysfakcj\u0119 klienta.<\/p>\n<p>Autor: lyl.<\/p>","protected":false},"excerpt":{"rendered":"<p>Arm CylinderFor XCMG Small Excavator XE6OCA Definition and Explanation The arm cylinder is a specially designed hydraulic cylinder that provides linear motion and power to the arm of various machinery, such as excavators, cranes, and mechanical arms. The arm cylinder plays a crucial role in hydraulic systems, allowing attachments or accessories to move and be [&hellip;]<\/p>","protected":false},"featured_media":14777,"comment_status":"open","ping_status":"closed","template":"","meta":{"_et_pb_use_builder":"","_et_pb_old_content":"","_et_gb_content_width":""},"product_brand":[],"product_cat":[1497],"product_tag":[1498,1496],"class_list":{"0":"post-16388","1":"product","2":"type-product","3":"status-publish","4":"has-post-thumbnail","6":"product_cat-arm-cylinders","7":"product_tag-arm-cylinders","8":"product_tag-hydraulic-cylinders","10":"first","11":"instock","12":"shipping-taxable","13":"product-type-simple"},"amp_enabled":true,"_links":{"self":[{"href":"https:\/\/www.hydraulic-cylinders.net\/pl\/wp-json\/wp\/v2\/product\/16388","targetHints":{"allow":["GET"]}}],"collection":[{"href":"https:\/\/www.hydraulic-cylinders.net\/pl\/wp-json\/wp\/v2\/product"}],"about":[{"href":"https:\/\/www.hydraulic-cylinders.net\/pl\/wp-json\/wp\/v2\/types\/product"}],"replies":[{"embeddable":true,"href":"https:\/\/www.hydraulic-cylinders.net\/pl\/wp-json\/wp\/v2\/comments?post=16388"}],"wp:featuredmedia":[{"embeddable":true,"href":"https:\/\/www.hydraulic-cylinders.net\/pl\/wp-json\/wp\/v2\/media\/14777"}],"wp:attachment":[{"href":"https:\/\/www.hydraulic-cylinders.net\/pl\/wp-json\/wp\/v2\/media?parent=16388"}],"wp:term":[{"taxonomy":"product_brand","embeddable":true,"href":"https:\/\/www.hydraulic-cylinders.net\/pl\/wp-json\/wp\/v2\/product_brand?post=16388"},{"taxonomy":"product_cat","embeddable":true,"href":"https:\/\/www.hydraulic-cylinders.net\/pl\/wp-json\/wp\/v2\/product_cat?post=16388"},{"taxonomy":"product_tag","embeddable":true,"href":"https:\/\/www.hydraulic-cylinders.net\/pl\/wp-json\/wp\/v2\/product_tag?post=16388"}],"curies":[{"name":"wp","href":"https:\/\/api.w.org\/{rel}","templated":true}]}}