{"id":16406,"date":"2025-01-20T09:12:56","date_gmt":"2025-01-20T09:12:56","guid":{"rendered":"https:\/\/www.hydraulic-cylinders.net\/product\/arm-cylinderfor-xcmg-large-excavator-xe470ck\/"},"modified":"2025-01-20T09:12:58","modified_gmt":"2025-01-20T09:12:58","slug":"arm-cylinderfor-xcmg-large-excavator-xe470ck","status":"publish","type":"product","link":"https:\/\/www.hydraulic-cylinders.net\/pl\/produkt\/arm-cylinderfor-xcmg-large-excavator-xe470ck\/","title":{"rendered":"Si\u0142ownik ramienia do du\u017cej koparki XCMG XE470CK"},"content":{"rendered":"<p>Si\u0142ownik ramienia do du\u017cej koparki XCMG XE470CK<\/p>\n<p>Si\u0142ownik ramienia to specjalnie zaprojektowany si\u0142ownik hydrauliczny, kt\u00f3ry s\u0142u\u017cy g\u0142\u00f3wnie do zapewnienia ruchu liniowego i zasilania ramienia r\u00f3\u017cnego rodzaju maszyn, takich jak koparki, d\u017awigi i ramiona robotyczne. Si\u0142ownik ramienia odgrywa kluczow\u0105 rol\u0119 w uk\u0142adach hydraulicznych, umo\u017cliwiaj\u0105c ruch i efektywne sterowanie do\u0142\u0105czonymi narz\u0119dziami lub akcesoriami. Si\u0142owniki te nie tylko zapewniaj\u0105 p\u0142ynny ruch, ale tak\u017ce wytrzymuj\u0105 du\u017ce obci\u0105\u017cenia, gwarantuj\u0105c wydajn\u0105 prac\u0119 i niezawodno\u015b\u0107 maszyn w r\u00f3\u017cnych warunkach pracy.<\/p>\n<div>\n    <img decoding=\"async\" src=\"https:\/\/www.hydraulic-cylinders.net\/wp-content\/uploads\/2025\/01\/songte-company-2.webp\" alt=\"Si\u0142ownik ramienia do du\u017cej koparki XCMG XE470CK\">\n<\/div>\n<p>Cechy:<\/p>\n<h2>Wydajne przenoszenie mocy<\/h2>\n<p>Cylinder ramienia mo\u017ce zapewni\u0107 mocny ruch liniowy i si\u0142\u0119, gwarantuj\u0105c wysok\u0105 wydajno\u015b\u0107 ramienia robota w r\u00f3\u017cnych operacjach.<\/p>\n<h2>Precyzyjna kontrola<\/h2>\n<p>Dzi\u0119ki uk\u0142adowi hydraulicznemu si\u0142ownik ramienia mo\u017ce uzyska\u0107 precyzyjn\u0105 kontrol\u0119 ruchu, co sprawia, \u017ce \u200b\u200bpraca pod\u0142\u0105czonych narz\u0119dzi jest bardziej elastyczna i dok\u0142adna.<\/p>\n<h2>Wytrzyma\u0142y<\/h2>\n<p>Cylindry ramienia s\u0105 zazwyczaj wykonane z materia\u0142\u00f3w o wysokiej wytrzyma\u0142o\u015bci, z dobr\u0105 odporno\u015bci\u0105 na zu\u017cycie i korozj\u0119, odpowiednich do d\u0142ugotrwa\u0142ego u\u017cytkowania w trudnych warunkach.<\/p>\n<h2>Wielofunkcyjna adaptowalno\u015b\u0107<\/h2>\n<p>Tego typu si\u0142owniki mo\u017cna powszechnie stosowa\u0107 w r\u00f3\u017cnych typach maszyn, takich jak koparki, d\u017awigi i ramiona robotyczne, dostosowuj\u0105c je do r\u00f3\u017cnych wymaga\u0144 roboczych.<\/p>\n<h2>\u0141atwa konserwacja<\/h2>\n<p>Cylindry zaprojektowano z my\u015bl\u0105 o \u0142atwej konserwacji i wymianie, dzi\u0119ki czemu regularne kontrole i konserwacje staj\u0105 si\u0119 wygodniejsze, a przestoje sprz\u0119tu s\u0105 kr\u00f3tsze.<\/p>\n<div>\n    <img decoding=\"async\" src=\"https:\/\/www.hydraulic-cylinders.net\/wp-content\/uploads\/2025\/01\/songte-oil-pipes-and-spare-parts.webp\" alt=\"Rury olejowe i cz\u0119\u015bci zamienne\">\n<\/div>\n<p>Zastosowania:<\/p>\n<h2>In\u017cynieria budowlana<\/h2>\n<p>W koparkach i d\u017awigach si\u0142ownik ramienia s\u0142u\u017cy do sterowania ruchem \u0142y\u017cki lub wysi\u0119gnika podczas rob\u00f3t ziemnych, przenoszenia materia\u0142\u00f3w i instalacji konstrukcyjnych.<\/p>\n<h2>Produkcja<\/h2>\n<p>W zautomatyzowanych liniach produkcyjnych si\u0142ownik ramienia jest stosowany do poruszania ramionami robota, w procesach monta\u017cu, spawania i obs\u0142ugi materia\u0142\u00f3w, w celu zwi\u0119kszenia wydajno\u015bci i dok\u0142adno\u015bci produkcji.<\/p>\n<h2>Maszyny rolnicze<\/h2>\n<p>W maszynach rolniczych, takich jak kombajny i sadzarki, si\u0142ownik ramienia steruje ruchem ramienia roboczego, co umo\u017cliwia wykonywanie takich zada\u0144, jak siew, nawo\u017cenie i zbi\u00f3r.<\/p>\n<h2>G\u00f3rnictwo<\/h2>\n<p>W sprz\u0119cie g\u00f3rniczym si\u0142ownik ramienia s\u0142u\u017cy do sterowania ruchem ramienia maszyn g\u00f3rniczych, stosowanych przy wydobyciu i transporcie materia\u0142\u00f3w.<\/p>\n<h2>Logistyka i transport<\/h2>\n<p>W w\u00f3zkach wid\u0142owych i robotach prze\u0142adunkowych si\u0142ownik ramienia steruje podnoszeniem i ruchem wide\u0142 \u0142adunkowych w celu realizacji operacji przenoszenia i uk\u0142adania materia\u0142\u00f3w.<\/p>\n<div>\n    <img decoding=\"async\" src=\"https:\/\/www.hydraulic-cylinders.net\/wp-content\/uploads\/2025\/01\/songte-cylinder-head-with-all-kinds-excavator-models.webp\" alt=\"G\u0142owica cylindra do wszystkich modeli koparek\">\n<\/div>\n<p>Zagadnienia projektowe i kryteria wyboru:<\/p>\n<h2>No\u015bno\u015b\u0107<\/h2>\n<p>Si\u0142ownik ramienia powinien by\u0107 zaprojektowany tak, aby wytrzymywa\u0142 maksymalne obci\u0105\u017cenie, jakie maszyna mo\u017ce obs\u0142u\u017cy\u0107, co zapewni bezpieczn\u0105 i wydajn\u0105 prac\u0119.<\/p>\n<h2>Wydajno\u015b\u0107 uszczelnienia<\/h2>\n<p>Aby zapobiec wyciekom oleju hydraulicznego i zapewni\u0107 normaln\u0105 prac\u0119 maszyny, nale\u017cy stosowa\u0107 r\u00f3\u017cne elementy uszczelniaj\u0105ce, takie jak uszczelki t\u0142okowe i uszczelki t\u0142oczyskowe.<\/p>\n<h2>Trwa\u0142o\u015b\u0107<\/h2>\n<p>Cylinder powinien by\u0107 wykonany z materia\u0142\u00f3w o wysokiej wytrzyma\u0142o\u015bci, z dobr\u0105 odporno\u015bci\u0105 na zu\u017cycie i korozj\u0119, aby zapewni\u0107 d\u0142ugotrwa\u0142e u\u017cytkowanie w trudnych warunkach.<\/p>\n<h2>Bezpiecze\u0144stwo<\/h2>\n<p>Aby zapobiec wypadkom i zapewni\u0107 bezpieczn\u0105 eksploatacj\u0119, cylinder powinien by\u0107 wyposa\u017cony w urz\u0105dzenia zabezpieczaj\u0105ce, takie jak zawory zabezpieczaj\u0105ce przed przeci\u0105\u017ceniem i zawory awaryjne.<\/p>\n<h2>Utrzymywalno\u015b\u0107<\/h2>\n<p>Konstrukcja cylindra powinna umo\u017cliwia\u0107 \u0142atw\u0105 konserwacj\u0119 i wymian\u0119 cz\u0119\u015bci, aby zminimalizowa\u0107 przestoje i koszty konserwacji.<\/p>\n<div>\n    <img decoding=\"async\" src=\"https:\/\/www.hydraulic-cylinders.net\/wp-content\/uploads\/2025\/01\/songte-chushion-collar.webp\" alt=\"Ko\u0142nierz Chushion\">\n<\/div>\n<p>Uszczelnianie i smarowanie:<\/p>\n<p>Aby zapobiec wyciekom oleju hydraulicznego, kt\u00f3re mog\u0105 prowadzi\u0107 do obni\u017cenia wydajno\u015bci maszyny, nale\u017cy stosowa\u0107 r\u00f3\u017cnego rodzaju elementy uszczelniaj\u0105ce, takie jak uszczelnienia t\u0142ok\u00f3w i t\u0142oczysk. Elementy uszczelniaj\u0105ce powinny by\u0107 wykonane z materia\u0142\u00f3w odpornych na zu\u017cycie, takich jak poliuretan i kauczuk nitrylowy, aby zapewni\u0107 ich d\u0142ugotrwa\u0142\u0105 eksploatacj\u0119. Korpus cylindra i gwintowane powierzchnie ko\u0144cowe powinny by\u0107 precyzyjnie obrobione, aby zwi\u0119kszy\u0107 odporno\u015b\u0107 na zu\u017cycie. Cylinder powinien by\u0107 nape\u0142niony odpowiednim olejem hydraulicznym w celu smarowania i ch\u0142odzenia, a poziom oleju nale\u017cy regularnie sprawdza\u0107 i wymienia\u0107 w razie potrzeby.<\/p>\n<p>Konserwacja i \u015brodki ostro\u017cno\u015bci:<\/p>\n<h2>Regularna kontrola<\/h2>\n<p>Nale\u017cy regularnie sprawdza\u0107 cylinder ramienia pod k\u0105tem oznak zu\u017cycia lub uszkodze\u0144, a wszelkie niezb\u0119dne naprawy lub wymiany nale\u017cy wykonywa\u0107 bezzw\u0142ocznie, aby zapewni\u0107 normaln\u0105 prac\u0119 maszyny.<\/p>\n<h2>Konserwacja zapobiegawcza<\/h2>\n<p>Aby zapobiec potencjalnym problemom i wyd\u0142u\u017cy\u0107 \u017cywotno\u015b\u0107 cylindra ramienia, nale\u017cy regularnie wykonywa\u0107 czynno\u015bci konserwacyjne, takie jak czyszczenie, smarowanie i dokr\u0119canie \u015brub.<\/p>\n<h2>Prawid\u0142owa instalacja<\/h2>\n<p>Aby zapewni\u0107 bezpieczn\u0105 i niezawodn\u0105 prac\u0119, si\u0142ownik ramienia powinien zosta\u0107 zainstalowany prawid\u0142owo, zgodnie z instrukcjami producenta i stosownymi przepisami bezpiecze\u0144stwa.<\/p>\n<div>\n    <img decoding=\"async\" src=\"https:\/\/www.hydraulic-cylinders.net\/wp-content\/uploads\/2025\/01\/songte-bushings-with-all-kinds-of-excavator-models.webp\" alt=\"Tuleje do wszystkich modeli koparek\">\n<\/div>\n<p>Zagadnienia bezpiecze\u0144stwa i czynniki \u015brodowiskowe:<\/p>\n<p>Podczas u\u017cytkowania si\u0142ownik\u00f3w ramienia nale\u017cy przestrzega\u0107 odpowiednich przepis\u00f3w i procedur bezpiecze\u0144stwa, takich jak zapewnienie prawid\u0142owej konserwacji i obs\u0142ugi maszyny oraz prawid\u0142owego monta\u017cu i dzia\u0142ania urz\u0105dze\u0144 zabezpieczaj\u0105cych. Nale\u017cy r\u00f3wnie\u017c uwzgl\u0119dni\u0107 czynniki \u015brodowiskowe, takie jak temperatura i wilgotno\u015b\u0107, poniewa\u017c mog\u0105 one wp\u0142ywa\u0107 na wydajno\u015b\u0107 uk\u0142adu hydraulicznego i si\u0142ownika ramienia.<\/p>\n<p>Diagnostyka usterek i typowe problemy:<\/p>\n<p>Do typowych problem\u00f3w z si\u0142ownikami ramienia nale\u017c\u0105 wycieki oleju hydraulicznego, niedostateczna moc i nietypowy ha\u0142as. Problemy te mo\u017cna zdiagnozowa\u0107, sprawdzaj\u0105c uk\u0142ad hydrauliczny i sam si\u0142ownik, a tak\u017ce przeprowadzaj\u0105c testy i inspekcje. Rozwi\u0105zaniem tych problem\u00f3w mo\u017ce by\u0107 naprawa lub wymiana cz\u0119\u015bci, regulacja uk\u0142adu hydraulicznego lub zmiana warunk\u00f3w pracy.<\/p>\n<div>\n    <img decoding=\"async\" src=\"https:\/\/www.hydraulic-cylinders.net\/wp-content\/uploads\/2025\/01\/songte-company-4.webp\" alt=\"Firma Songte\">\n<\/div>\n<p>Jeste\u015bmy profesjonalnym producentem i dostawc\u0105 cylindr\u00f3w hydraulicznych, oferuj\u0105cym szerok\u0105 gam\u0119 produkt\u00f3w. Stali\u015bmy si\u0119 jednym z wiod\u0105cych producent\u00f3w i dystrybutor\u00f3w hurtowych cylindr\u00f3w hydraulicznych na rynku krajowym i mi\u0119dzynarodowym. Zawsze przestrzegamy zasady doskona\u0142ej jako\u015bci, opieramy si\u0119 na zindustrializowanych strategiach zarz\u0105dzania produkcj\u0105 w zaawansowanych warsztatach produkcyjnych oraz stale podnosimy poziom techniczny i wydajno\u015b\u0107 produkcji. Wprowadzaj\u0105c wysokiej klasy cyfrowy sprz\u0119t produkcyjny i profesjonalne systemy testowe, stale optymalizujemy platform\u0119 produkcyjn\u0105, usprawniamy procesy kontroli jako\u015bci produkt\u00f3w i dysponujemy silnymi mo\u017cliwo\u015bciami innowacyjnymi. Naszym celem jest zaspokajanie zr\u00f3\u017cnicowanych potrzeb klient\u00f3w poprzez wysok\u0105 wydajno\u015b\u0107, precyzj\u0119 i jako\u015b\u0107.<\/p>\n<p>Nasza firma oferuje profesjonalne us\u0142ugi, w tym mi\u0119dzynarodowe certyfikaty, us\u0142ugi dostosowane do indywidualnych potrzeb, sprz\u0119t produkcyjny oraz serwis posprzeda\u017cowy. Posiadamy zesp\u00f3\u0142 do\u015bwiadczonych specjalist\u00f3w, kt\u00f3rzy potrafi\u0105 dostosowa\u0107 si\u0142owniki hydrauliczne do zr\u00f3\u017cnicowanych potrzeb klient\u00f3w i zapewni\u0107 kompleksowy serwis posprzeda\u017cowy. Dysponujemy zaawansowanym sprz\u0119tem produkcyjnym i kompletnym systemem kontroli jako\u015bci, aby zagwarantowa\u0107 jako\u015b\u0107 i stabilno\u015b\u0107 produktu.<\/p>\n<div>\n    <img decoding=\"async\" src=\"https:\/\/www.hydraulic-cylinders.net\/wp-content\/uploads\/2025\/01\/songte-company-3.webp\" alt=\"Kompania Songte 3\">\n<\/div>\n<p>Autor: lyl<\/p>","protected":false},"excerpt":{"rendered":"<p>Arm Cylinder for XCMG Large Excavator XE470CK Arm cylinder is a specially designed hydraulic cylinder that is primarily used to provide linear motion and power to the arm of various types of machinery, such as excavators, cranes, and robotic arms. The arm cylinder plays a crucial role in hydraulic systems, allowing the attached tools or [&hellip;]<\/p>","protected":false},"featured_media":14783,"comment_status":"open","ping_status":"closed","template":"","meta":{"_et_pb_use_builder":"","_et_pb_old_content":"","_et_gb_content_width":""},"product_brand":[],"product_cat":[1497],"product_tag":[1498,1496],"class_list":{"0":"post-16406","1":"product","2":"type-product","3":"status-publish","4":"has-post-thumbnail","6":"product_cat-arm-cylinders","7":"product_tag-arm-cylinders","8":"product_tag-hydraulic-cylinders","10":"first","11":"instock","12":"shipping-taxable","13":"product-type-simple"},"amp_enabled":true,"_links":{"self":[{"href":"https:\/\/www.hydraulic-cylinders.net\/pl\/wp-json\/wp\/v2\/product\/16406","targetHints":{"allow":["GET"]}}],"collection":[{"href":"https:\/\/www.hydraulic-cylinders.net\/pl\/wp-json\/wp\/v2\/product"}],"about":[{"href":"https:\/\/www.hydraulic-cylinders.net\/pl\/wp-json\/wp\/v2\/types\/product"}],"replies":[{"embeddable":true,"href":"https:\/\/www.hydraulic-cylinders.net\/pl\/wp-json\/wp\/v2\/comments?post=16406"}],"wp:featuredmedia":[{"embeddable":true,"href":"https:\/\/www.hydraulic-cylinders.net\/pl\/wp-json\/wp\/v2\/media\/14783"}],"wp:attachment":[{"href":"https:\/\/www.hydraulic-cylinders.net\/pl\/wp-json\/wp\/v2\/media?parent=16406"}],"wp:term":[{"taxonomy":"product_brand","embeddable":true,"href":"https:\/\/www.hydraulic-cylinders.net\/pl\/wp-json\/wp\/v2\/product_brand?post=16406"},{"taxonomy":"product_cat","embeddable":true,"href":"https:\/\/www.hydraulic-cylinders.net\/pl\/wp-json\/wp\/v2\/product_cat?post=16406"},{"taxonomy":"product_tag","embeddable":true,"href":"https:\/\/www.hydraulic-cylinders.net\/pl\/wp-json\/wp\/v2\/product_tag?post=16406"}],"curies":[{"name":"wp","href":"https:\/\/api.w.org\/{rel}","templated":true}]}}