{"id":16416,"date":"2025-01-20T09:13:50","date_gmt":"2025-01-20T09:13:50","guid":{"rendered":"https:\/\/www.hydraulic-cylinders.net\/product\/arm-cylinderfor-xcmg-large-excavator-xe3000\/"},"modified":"2025-01-20T09:13:51","modified_gmt":"2025-01-20T09:13:51","slug":"arm-cylinderfor-xcmg-large-excavator-xe3000","status":"publish","type":"product","link":"https:\/\/www.hydraulic-cylinders.net\/pl\/produkt\/arm-cylinderfor-xcmg-large-excavator-xe3000\/","title":{"rendered":"Si\u0142ownik ramienia do du\u017cej koparki XCMG XE3000"},"content":{"rendered":"<p><!DOCTYPE html><br \/>\n<html><br \/>\n<head><br \/>\n<\/head><br \/>\n<body><\/p>\n<h1>Si\u0142ownik ramienia do du\u017cej koparki XCMG XE3000<\/h1>\n<h2>Definicja i wyja\u015bnienie<\/h2>\n<p>Si\u0142ownik ramienia to specjalnie zaprojektowany si\u0142ownik hydrauliczny, kt\u00f3ry zapewnia ruch liniowy i zasilanie ramienia r\u00f3\u017cnego rodzaju maszyn, takich jak koparki, d\u017awigi i ramiona robotyczne. Si\u0142ownik ramienia odgrywa kluczow\u0105 rol\u0119 w uk\u0142adach hydraulicznych, umo\u017cliwiaj\u0105c sprawny ruch i sterowanie osprz\u0119tem lub akcesoriami. Si\u0142owniki te nie tylko zapewniaj\u0105 p\u0142ynny ruch, ale tak\u017ce wytrzymuj\u0105 du\u017ce obci\u0105\u017cenia, gwarantuj\u0105c wydajn\u0105 prac\u0119 i niezawodno\u015b\u0107 maszyn w r\u00f3\u017cnych warunkach pracy.<\/p>\n<p><img decoding=\"async\" src=\"https:\/\/www.hydraulic-cylinders.net\/wp-content\/uploads\/2025\/01\/songte-company-2.webp\"><\/p>\n<h2>Cechy<\/h2>\n<ul>\n<li><strong>Wysoce wydajna skrzynia bieg\u00f3w:<\/strong> Si\u0142ownik ramienia zapewnia mocny ruch liniowy i si\u0142\u0119, gwarantuj\u0105c wysok\u0105 wydajno\u015b\u0107 ramienia mechanicznego w r\u00f3\u017cnych operacjach.<\/li>\n<li><strong>Precyzyjna kontrola:<\/strong> Dzi\u0119ki uk\u0142adowi hydraulicznemu si\u0142ownik ramienia umo\u017cliwia precyzyjn\u0105 kontrol\u0119 ruchu, co sprawia, \u017ce \u200b\u200bobs\u0142uga pod\u0142\u0105czonych narz\u0119dzi jest bardziej elastyczna i dok\u0142adna.<\/li>\n<li><strong>Trwa\u0142o\u015b\u0107:<\/strong> Cylindry ramienia s\u0105 produkowane z materia\u0142\u00f3w o wysokiej wytrzyma\u0142o\u015bci, oferuj\u0105cych doskona\u0142\u0105 odporno\u015b\u0107 na zu\u017cycie i korozj\u0119, dzi\u0119ki czemu nadaj\u0105 si\u0119 do d\u0142ugotrwa\u0142ego u\u017cytkowania w trudnych warunkach.<\/li>\n<li><strong>Wielofunkcyjno\u015b\u0107:<\/strong> Cylindry te znajduj\u0105 szerokie zastosowanie w r\u00f3\u017cnych maszynach, takich jak koparki, d\u017awigi i ramiona robotyczne, dostosowuj\u0105c si\u0119 do r\u00f3\u017cnych wymaga\u0144 roboczych.<\/li>\n<li><strong>\u0141atwa konserwacja:<\/strong> Zaprojektowane z my\u015bl\u0105 o \u0142atwo\u015bci konserwacji i wymiany, cylindry ramion u\u0142atwiaj\u0105 okresowe kontrole i konserwacj\u0119, redukuj\u0105c przestoje sprz\u0119tu.<\/li>\n<\/ul>\n<p><img decoding=\"async\" src=\"https:\/\/www.hydraulic-cylinders.net\/wp-content\/uploads\/2025\/01\/songte-oil-pipes-and-spare-parts.webp\"><\/p>\n<h2>Aplikacje<\/h2>\n<ul>\n<li><strong>In\u017cynieria budowlana:<\/strong> W koparkach i d\u017awigach si\u0142owniki ramieniowe s\u0142u\u017c\u0105 do sterowania ruchem \u0142y\u017cek lub wysi\u0119gnik\u00f3w podczas rob\u00f3t ziemnych, przenoszenia materia\u0142\u00f3w i instalacji konstrukcyjnych.<\/li>\n<li><strong>Produkcja:<\/strong> W zautomatyzowanych liniach produkcyjnych si\u0142owniki ramion umo\u017cliwiaj\u0105 ruch ramion robot\u00f3w podczas monta\u017cu, spawania i obs\u0142ugi materia\u0142\u00f3w, zwi\u0119kszaj\u0105c wydajno\u015b\u0107 i dok\u0142adno\u015b\u0107 produkcji.<\/li>\n<li><strong>Maszyny rolnicze:<\/strong> W sprz\u0119cie rolniczym, takim jak kombajny i siewniki, si\u0142owniki ramion steruj\u0105 ruchem ramion roboczych podczas wykonywania takich zada\u0144, jak siew, nawo\u017cenie i zbi\u00f3r.<\/li>\n<li><strong>G\u00f3rnictwo:<\/strong> W sprz\u0119cie g\u00f3rniczym cylindry ramieniowe s\u0142u\u017c\u0105 do sterowania ruchem ramion maszyn g\u00f3rniczych s\u0142u\u017c\u0105cych do wydobywania i transportu rudy.<\/li>\n<li><strong>Logistyka i transport:<\/strong> W w\u00f3zkach wid\u0142owych i robotach prze\u0142adunkowych si\u0142owniki ramion steruj\u0105 podnoszeniem i ruchem wide\u0142, u\u0142atwiaj\u0105c przenoszenie materia\u0142\u00f3w i ich uk\u0142adanie.<\/li>\n<\/ul>\n<h2>Zagadnienia projektowe i kryteria wyboru<\/h2>\n<ul>\n<li><strong>No\u015bno\u015b\u0107:<\/strong> Discuss the arm cylinder&#8217;s capacity to withstand loads and forces.<\/li>\n<li><strong>Opiecz\u0119towanie:<\/strong> Om\u00f3w zastosowanie r\u00f3\u017cnych element\u00f3w uszczelniaj\u0105cych, takich jak uszczelnienia t\u0142ok\u00f3w i uszczelnienia t\u0142oczysk wykonane z materia\u0142\u00f3w odpornych na zu\u017cycie, np. poliuretanu i kauczuku nitrylowego.<\/li>\n<li><strong>Trwa\u0142o\u015b\u0107:<\/strong> Podkre\u015blono precyzyjn\u0105 obr\u00f3bk\u0119 powierzchni korpusu cylindra i gwintowanego ko\u0144ca w celu zwi\u0119kszenia odporno\u015bci na zu\u017cycie.<\/li>\n<li><strong>Bezpiecze\u0144stwo:<\/strong> Om\u00f3w zagadnienia bezpiecze\u0144stwa na etapie projektowania, zwracaj\u0105c szczeg\u00f3ln\u0105 uwag\u0119 na zapobieganie wypadkom i zapewnienie bezpiecze\u0144stwa operatora.<\/li>\n<li><strong>Utrzymywalno\u015b\u0107:<\/strong> Om\u00f3w \u0142atwo\u015b\u0107 konserwacji i znaczenie regularnego smarowania odpowiedni\u0105 ilo\u015bci\u0105 oleju hydraulicznego.<\/li>\n<\/ul>\n<p><img decoding=\"async\" src=\"https:\/\/www.hydraulic-cylinders.net\/wp-content\/uploads\/2025\/01\/songte-cylinder-head-with-all-kinds-excavator-models.webp\"><\/p>\n<h2>Regularne kontrole i \u015brodki konserwacji zapobiegawczej<\/h2>\n<ul>\n<li>Regularnie sprawdzaj cylinder ramienia pod k\u0105tem ewentualnych wyciek\u00f3w, uszkodze\u0144 lub nietypowego zu\u017cycia.<\/li>\n<li>Zapewnij odpowiednie smarowanie wszystkich ruchomych cz\u0119\u015bci i w razie potrzeby uzupe\u0142nij olej hydrauliczny.<\/li>\n<li>Sprawd\u017a i dokr\u0119\u0107 wszystkie po\u0142\u0105czenia, aby zapobiec wyciekom.<\/li>\n<li>Niezw\u0142ocznie sprawd\u017a i wymie\u0144 wszelkie zu\u017cyte lub uszkodzone uszczelki lub elementy.<\/li>\n<li>Nale\u017cy przestrzega\u0107 zalece\u0144 producenta dotycz\u0105cych cz\u0119stotliwo\u015bci i procedur konserwacji.<\/li>\n<\/ul>\n<h2>Instrukcja instalacji produktu<\/h2>\n<p>Prawid\u0142owy monta\u017c si\u0142ownika ramienia ma kluczowe znaczenie dla optymalnej wydajno\u015bci i bezpiecze\u0144stwa. Wykonaj poni\u017csze kroki:<\/p>\n<ol>\n<li>Przygotuj miejsce instalacji, upewniaj\u0105c si\u0119, \u017ce powierzchnia jest stabilna i r\u00f3wna.<\/li>\n<li>Umie\u015b\u0107 cylinder ramienia w wyznaczonym miejscu, wyr\u00f3wnuj\u0105c go z punktami mocowania.<\/li>\n<li>Solidnie zamocuj cylinder za pomoc\u0105 odpowiednich \u015brub i element\u00f3w mocuj\u0105cych.<\/li>\n<li>Pod\u0142\u0105cz przewody hydrauliczne zgodnie z instrukcj\u0105 producenta.<\/li>\n<li>Przeprowad\u017a dok\u0142adn\u0105 kontrol\u0119, aby mie\u0107 pewno\u015b\u0107, \u017ce instalacja zosta\u0142a wykonana prawid\u0142owo i dzia\u0142a prawid\u0142owo.<\/li>\n<\/ol>\n<p><img decoding=\"async\" src=\"https:\/\/www.hydraulic-cylinders.net\/wp-content\/uploads\/2025\/01\/songte-bushings-with-all-kinds-of-excavator-models.webp\"><\/p>\n<h2>Zagadnienia bezpiecze\u0144stwa i czynniki \u015brodowiskowe<\/h2>\n<p>Podczas korzystania z si\u0142ownik\u00f3w ramieniowych, priorytetem jest zachowanie \u015brodk\u00f3w bezpiecze\u0144stwa, aby zapobiec wypadkom i zapewni\u0107 bezpiecze\u0144stwo operatorom. Nale\u017cy wdro\u017cy\u0107 odpowiednie \u015brodki bezpiecze\u0144stwa, uwzgl\u0119dniaj\u0105c takie czynniki, jak:<\/p>\n<ul>\n<li>W\u0142a\u015bciwe szkolenie operator\u00f3w w zakresie obs\u0142ugi maszyn i zrozumienia zwi\u0105zanych z nimi zagro\u017ce\u0144.<\/li>\n<li>Regularne kontrole maj\u0105ce na celu szybk\u0105 identyfikacj\u0119 zagro\u017ce\u0144 bezpiecze\u0144stwa lub potencjalnych problem\u00f3w i podj\u0119cie odpowiednich dzia\u0142a\u0144.<\/li>\n<li>Przestrzeganie przepis\u00f3w bezpiecze\u0144stwa i wytycznych wydanych przez odpowiednie w\u0142adze.<\/li>\n<li>Wzgl\u0119dy \u015brodowiskowe, takie jak prawid\u0142owa utylizacja p\u0142yn\u00f3w hydraulicznych i przestrzeganie przepis\u00f3w ochrony \u015brodowiska.<\/li>\n<\/ul>\n<h2>Diagnostyka usterek i typowe problemy<\/h2>\n<p>Si\u0142owniki ramienia mog\u0105 napotyka\u0107 r\u00f3\u017cne usterki lub problemy podczas eksploatacji. Typowe problemy to:<\/p>\n<ul>\n<li>Wycieki w uk\u0142adzie hydraulicznym<\/li>\n<li>Nietypowy ha\u0142as lub wibracje<\/li>\n<li>Powolny lub nieregularny ruch<\/li>\n<li>Niewystarczaj\u0105ca si\u0142a podnoszenia lub pchania<\/li>\n<li>Niesp\u00f3jna lub nier\u00f3wna wydajno\u015b\u0107<\/li>\n<\/ul>\n<p>Aby zdiagnozowa\u0107 i rozwi\u0105za\u0107 te problemy:<\/p>\n<ul>\n<li>Sprawd\u017a, czy nie ma widocznych przeciek\u00f3w i sprawd\u017a wszystkie po\u0142\u0105czenia.<\/li>\n<li>Sprawd\u017a poziom i jako\u015b\u0107 p\u0142ynu hydraulicznego.<\/li>\n<li>Sprawd\u017a cylinder pod k\u0105tem uszkodze\u0144 lub zu\u017cycia uszczelek i podzespo\u0142\u00f3w.<\/li>\n<li>Refer to the manufacturer&#8217;s guidelines for troubleshooting and maintenance.<\/li>\n<li>Wdra\u017caj \u015brodki zapobiegawcze, takie jak regularna konserwacja i smarowanie.<\/li>\n<\/ul>\n<p><img decoding=\"async\" src=\"https:\/\/www.hydraulic-cylinders.net\/wp-content\/uploads\/2025\/01\/songte-chushion-collar.webp\"><\/p>\n<p>Pami\u0119taj, aby artyku\u0142 by\u0142 logicznie uporz\u0105dkowany, u\u017cywaj podtytu\u0142\u00f3w u\u0142atwiaj\u0105cych nawigacj\u0119, dodawaj odpowiednie obrazy i wykresy, aby u\u0142atwi\u0107 zrozumienie, a tak\u017ce zadbaj o to, aby tre\u015b\u0107 by\u0142a przejrzysta, zwi\u0119z\u0142a i odpowiednia dla czytelnik\u00f3w o r\u00f3\u017cnym poziomie wiedzy technicznej.<\/p>\n<h2>O nas<\/h2>\n<p>We are a professional manufacturer of replacement hydraulic cylinders, offering a wide range of products. We have become one of the leading manufacturers and wholesale distributors of hydraulic cylinders in domestic and international markets. We always adhere to the principle of excellent quality and continuously improve our technical expertise and production efficiency through industrialized production management strategies in our sophisticated manufacturing workshop. By introducing advanced digital manufacturing equipment and professional testing systems, we optimize our manufacturing platform, refine our product quality control processes, and possess strong innovation capabilities. Our goal is to meet customers&#8217; diverse needs with principles of efficiency, precision, and high quality.<\/p>\n<p><img decoding=\"async\" src=\"https:\/\/www.hydraulic-cylinders.net\/wp-content\/uploads\/2025\/01\/songte-company-4.webp\"><br \/>\n<img decoding=\"async\" src=\"https:\/\/www.hydraulic-cylinders.net\/wp-content\/uploads\/2025\/01\/songte-company-3.webp\"><\/p>\n<p>Nasza firma znana jest z:<\/p>\n<ul>\n<li>Profesjonalizm<\/li>\n<li>Certyfikaty mi\u0119dzynarodowe<\/li>\n<li>Us\u0142ugi dostosowane do indywidualnych potrzeb<\/li>\n<li>Zaawansowany sprz\u0119t produkcyjny<\/li>\n<li>Doskona\u0142a obs\u0142uga posprzeda\u017cowa<\/li>\n<\/ul>\n<p>Autor: lyl<\/p>\n<p><\/body><br \/>\n<\/html><\/p>","protected":false},"excerpt":{"rendered":"<p>Arm Cylinder For XCMG Large Excavator XE3000 Definition and Explanation An arm cylinder is a specially designed hydraulic cylinder that provides linear motion and power to the arm of various types of machinery, such as excavators, cranes, and robotic arms. The arm cylinder plays a crucial role in hydraulic systems, allowing for efficient movement and [&hellip;]<\/p>","protected":false},"featured_media":14783,"comment_status":"open","ping_status":"closed","template":"","meta":{"_et_pb_use_builder":"","_et_pb_old_content":"","_et_gb_content_width":""},"product_brand":[],"product_cat":[1497],"product_tag":[1498,1496],"class_list":{"0":"post-16416","1":"product","2":"type-product","3":"status-publish","4":"has-post-thumbnail","6":"product_cat-arm-cylinders","7":"product_tag-arm-cylinders","8":"product_tag-hydraulic-cylinders","10":"first","11":"instock","12":"shipping-taxable","13":"product-type-simple"},"amp_enabled":true,"_links":{"self":[{"href":"https:\/\/www.hydraulic-cylinders.net\/pl\/wp-json\/wp\/v2\/product\/16416","targetHints":{"allow":["GET"]}}],"collection":[{"href":"https:\/\/www.hydraulic-cylinders.net\/pl\/wp-json\/wp\/v2\/product"}],"about":[{"href":"https:\/\/www.hydraulic-cylinders.net\/pl\/wp-json\/wp\/v2\/types\/product"}],"replies":[{"embeddable":true,"href":"https:\/\/www.hydraulic-cylinders.net\/pl\/wp-json\/wp\/v2\/comments?post=16416"}],"wp:featuredmedia":[{"embeddable":true,"href":"https:\/\/www.hydraulic-cylinders.net\/pl\/wp-json\/wp\/v2\/media\/14783"}],"wp:attachment":[{"href":"https:\/\/www.hydraulic-cylinders.net\/pl\/wp-json\/wp\/v2\/media?parent=16416"}],"wp:term":[{"taxonomy":"product_brand","embeddable":true,"href":"https:\/\/www.hydraulic-cylinders.net\/pl\/wp-json\/wp\/v2\/product_brand?post=16416"},{"taxonomy":"product_cat","embeddable":true,"href":"https:\/\/www.hydraulic-cylinders.net\/pl\/wp-json\/wp\/v2\/product_cat?post=16416"},{"taxonomy":"product_tag","embeddable":true,"href":"https:\/\/www.hydraulic-cylinders.net\/pl\/wp-json\/wp\/v2\/product_tag?post=16416"}],"curies":[{"name":"wp","href":"https:\/\/api.w.org\/{rel}","templated":true}]}}