{"id":16421,"date":"2025-01-20T09:14:09","date_gmt":"2025-01-20T09:14:09","guid":{"rendered":"https:\/\/www.hydraulic-cylinders.net\/product\/arm-cylinderfor-zoomlion-small-excavator-ze85e\/"},"modified":"2025-01-20T09:14:11","modified_gmt":"2025-01-20T09:14:11","slug":"arm-cylinderfor-zoomlion-small-excavator-ze85e","status":"publish","type":"product","link":"https:\/\/www.hydraulic-cylinders.net\/pl\/produkt\/arm-cylinderfor-zoomlion-small-excavator-ze85e\/","title":{"rendered":"Si\u0142ownik ramienia do ma\u0142ej koparki Zoomlion ZE85E"},"content":{"rendered":"<p>Si\u0142ownik ramienia do ma\u0142ej koparki Zoomlion ZE85E<\/p>\n<p>Wst\u0119p<\/p>\n<p>Si\u0142ownik ramienia to specjalistyczny si\u0142ownik hydrauliczny s\u0142u\u017c\u0105cy do zapewnienia ruchu liniowego i si\u0142y ramienia r\u00f3\u017cnych maszyn, takich jak koparki, d\u017awigi i ramiona mechaniczne. Si\u0142ownik ramienia odgrywa kluczow\u0105 rol\u0119 w uk\u0142adzie hydraulicznym, umo\u017cliwiaj\u0105c ruch osprz\u0119tu i akcesori\u00f3w oraz ich efektywne sterowanie. Si\u0142owniki te nie tylko zapewniaj\u0105 p\u0142ynny ruch, ale tak\u017ce wytrzymuj\u0105 du\u017ce obci\u0105\u017cenia, gwarantuj\u0105c wydajn\u0105 prac\u0119 i niezawodno\u015b\u0107 maszyn w r\u00f3\u017cnych warunkach pracy.<\/p>\n<p><img decoding=\"async\" src=\"https:\/\/www.hydraulic-cylinders.net\/wp-content\/uploads\/2025\/01\/songte-company-2.webp\"><\/p>\n<p>Definicja i wyja\u015bnienie<\/p>\n<p>Si\u0142ownik ramienia to si\u0142ownik hydrauliczny s\u0142u\u017c\u0105cy do zapewnienia ruchu liniowego i si\u0142y ramienia r\u00f3\u017cnych maszyn. Jest kluczowym elementem uk\u0142adu hydraulicznego i odgrywa kluczow\u0105 rol\u0119 w zapewnieniu efektywnego ruchu i sterowania osprz\u0119tem lub akcesoriami. Si\u0142ownik ramienia zosta\u0142 zaprojektowany, aby zapewni\u0107 p\u0142ynny ruch, przenoszenie du\u017cych obci\u0105\u017ce\u0144 oraz niezawodno\u015b\u0107 i wydajno\u015b\u0107 maszyn w r\u00f3\u017cnych warunkach pracy.<\/p>\n<p>Cechy<\/p>\n<p>Cylinder ramienia ma nast\u0119puj\u0105ce cechy:<\/p>\n<h2>1. Wysokowydajna skrzynia bieg\u00f3w:<\/h2>\n<p> Si\u0142ownik ramienia zapewnia mocny ruch liniowy i si\u0142\u0119, gwarantuj\u0105c wysok\u0105 wydajno\u015b\u0107 ramienia maszyny podczas r\u00f3\u017cnych operacji.<\/p>\n<h2>2. Precyzyjna kontrola:<\/h2>\n<p> Dzi\u0119ki uk\u0142adowi hydraulicznemu si\u0142ownik ramienia mo\u017ce uzyska\u0107 precyzyjn\u0105 kontrol\u0119 ruchu, co sprawia, \u017ce \u200b\u200bobs\u0142uga osprz\u0119tu jest bardziej elastyczna i dok\u0142adna.<\/p>\n<h2>3. Wysoka wytrzyma\u0142o\u015b\u0107:<\/h2>\n<p> Cylinder ramienia jest zwykle wykonany z materia\u0142\u00f3w o wysokiej wytrzyma\u0142o\u015bci, z dobr\u0105 odporno\u015bci\u0105 na zu\u017cycie i korozj\u0119, odpowiednich do d\u0142ugotrwa\u0142ego u\u017cytkowania w trudnych warunkach.<\/p>\n<h2>4. Wielofunkcyjna adaptowalno\u015b\u0107:<\/h2>\n<p> Tego typu si\u0142owniki mo\u017cna powszechnie stosowa\u0107 w r\u00f3\u017cnych urz\u0105dzeniach mechanicznych, takich jak koparki, d\u017awigi i ramiona mechaniczne, dostosowuj\u0105c je do r\u00f3\u017cnych potrzeb roboczych.<\/p>\n<h2>5. \u0141atwa konserwacja:<\/h2>\n<p> Projekt zak\u0142ada \u0142atw\u0105 konserwacj\u0119 i wymian\u0119, dzi\u0119ki czemu regularne kontrole i konserwacje staj\u0105 si\u0119 wygodniejsze, a przestoje sprz\u0119tu zostaj\u0105 skr\u00f3cone.<\/p>\n<p>Mo\u017cemy wyprodukowa\u0107 ten produkt i nasz produkt mo\u017ce doskonale zast\u0105pi\u0107 te cylindry hydrauliczne.<\/p>\n<p><img decoding=\"async\" src=\"https:\/\/www.hydraulic-cylinders.net\/wp-content\/uploads\/2025\/01\/songte-oil-pipes-and-spare-parts.webp\"><\/p>\n<p>Zastosowanie<\/p>\n<p>Si\u0142ownik ramienia jest stosowany w r\u00f3\u017cnych zastosowaniach, takich jak:<\/p>\n<h2>1. In\u017cynieria budowlana:<\/h2>\n<p> W koparkach i d\u017awigach si\u0142ownik ramienia steruje ruchem \u0142y\u017cki lub wysi\u0119gnika, umo\u017cliwiaj\u0105c wykonywanie prac ziemnych, przenoszenie materia\u0142\u00f3w i monta\u017c konstrukcji.<\/p>\n<h2>2. Produkcja:<\/h2>\n<p> W zautomatyzowanych liniach produkcyjnych si\u0142ownik ramienia jest stosowany do poruszania ramion mechanicznych, monta\u017cu, spawania i obs\u0142ugi, co zwi\u0119ksza wydajno\u015b\u0107 i dok\u0142adno\u015b\u0107 produkcji.<\/p>\n<h2>3. Maszyny rolnicze:<\/h2>\n<p> W maszynach rolniczych, takich jak kombajny i sadzarki, si\u0142ownik ramienia steruje ruchem ramienia roboczego, wykonuj\u0105cego takie zadania, jak sadzenie, nawo\u017cenie i zbi\u00f3r.<\/p>\n<h2>4. G\u00f3rnictwo:<\/h2>\n<p> W sprz\u0119cie g\u00f3rniczym si\u0142ownik ramienia s\u0142u\u017cy do sterowania ruchem ramienia sprz\u0119tu g\u00f3rniczego podczas wydobycia i transportu rudy.<\/p>\n<h2>5. Logistyka i transport:<\/h2>\n<p> W w\u00f3zkach wid\u0142owych i robotach prze\u0142adunkowych si\u0142ownik ramienia s\u0142u\u017cy do sterowania podnoszeniem i ruchem wide\u0142, co umo\u017cliwia obs\u0142ug\u0119 i uk\u0142adanie materia\u0142\u00f3w.<\/p>\n<p>Zagadnienia projektowe i kryteria wyboru<\/p>\n<p>Bior\u0105c pod uwag\u0119 rozwa\u017cania projektowe, cylinder ramienia powinien mie\u0107 nast\u0119puj\u0105ce cechy:<\/p>\n<h2>1. No\u015bno\u015b\u0107:<\/h2>\n<p> Si\u0142ownik ramienia powinien mie\u0107 odpowiedni\u0105 no\u015bno\u015b\u0107, aby wytrzyma\u0107 obci\u0105\u017cenie i zapewni\u0107 stabilno\u015b\u0107 oraz bezpiecze\u0144stwo maszyny podczas pracy.<\/p>\n<h2>2. Uszczelnianie:<\/h2>\n<p> Si\u0142ownik ramienia powinien mie\u0107 niezawodne uszczelnienie, aby zapobiec wyciekom oleju i zagwarantowa\u0107 wydajn\u0105 prac\u0119 uk\u0142adu hydraulicznego.<\/p>\n<h2>3. Trwa\u0142o\u015b\u0107:<\/h2>\n<p> Cylinder ramienia powinien by\u0107 wykonany z materia\u0142\u00f3w o wysokiej wytrzyma\u0142o\u015bci i charakteryzowa\u0107 si\u0119 dobr\u0105 odporno\u015bci\u0105 na zu\u017cycie i korozj\u0119, aby zapewni\u0107 d\u0142ugotrwa\u0142e u\u017cytkowanie w trudnych warunkach.<\/p>\n<h2>4. Bezpiecze\u0144stwo:<\/h2>\n<p> Cylinder ramienia powinien by\u0107 wyposa\u017cony w zabezpieczenia zapobiegaj\u0105ce wypadkom lub uszkodzeniom podczas pracy.<\/p>\n<h2>5. Utrzymywalno\u015b\u0107:<\/h2>\n<p> Cylinder ramienia powinien by\u0107 zaprojektowany w spos\u00f3b umo\u017cliwiaj\u0105cy \u0142atw\u0105 konserwacj\u0119 i wymian\u0119, co skr\u00f3ci czas przestoju sprz\u0119tu.<\/p>\n<p><img decoding=\"async\" src=\"https:\/\/www.hydraulic-cylinders.net\/wp-content\/uploads\/2025\/01\/songte-cylinder-head-with-all-kinds-excavator-models.webp\"><\/p>\n<p>Uszczelnianie i smarowanie<\/p>\n<p>Aby zapewni\u0107 sprawne dzia\u0142anie uk\u0142adu hydraulicznego, si\u0142ownik ramienia powinien by\u0107 wyposa\u017cony w r\u00f3\u017cnorodne elementy uszczelniaj\u0105ce, takie jak uszczelnienia t\u0142oka, uszczelnienia t\u0142oczyska itp. Elementy uszczelniaj\u0105ce powinny by\u0107 wykonane z materia\u0142\u00f3w odpornych na zu\u017cycie, takich jak poliuretan i kauczuk nitrylowy. Korpus si\u0142ownika i powierzchnia gwintu powinny by\u0107 uszlachetnione, aby zwi\u0119kszy\u0107 odporno\u015b\u0107 na zu\u017cycie. Smarowanie si\u0142ownika ramienia jest r\u00f3wnie\u017c wa\u017cne, dlatego nale\u017cy regularnie uzupe\u0142nia\u0107 odpowiedni\u0105 ilo\u015b\u0107 oleju hydraulicznego, aby zapewni\u0107 smarowanie i zmniejszy\u0107 zu\u017cycie.<\/p>\n<p>Konserwacja i \u015brodki zapobiegawcze<\/p>\n<p>Regularne kontrole i konserwacja s\u0105 niezb\u0119dne dla zapewnienia wydajnej pracy si\u0142ownika ramienia. \u015arodki zapobiegawcze, takie jak regularne czyszczenie, sprawdzanie szczelno\u015bci i wymiana zu\u017cytych cz\u0119\u015bci, mog\u0105 zminimalizowa\u0107 nieoczekiwane przestoje i obni\u017cy\u0107 koszty konserwacji.<\/p>\n<p>Prawid\u0142owe instrukcje instalacji<\/p>\n<p>Si\u0142ownik ramienia nale\u017cy zamontowa\u0107 zgodnie z instrukcj\u0105 producenta. Proces instalacji powinien zosta\u0107 przeprowadzony przez specjalist\u00f3w posiadaj\u0105cych odpowiedni\u0105 wiedz\u0119 i do\u015bwiadczenie. Etapy instalacji obejmuj\u0105 sprawdzenie wymiar\u00f3w monta\u017cowych, pod\u0142\u0105czenie przewod\u00f3w hydraulicznych oraz debugowanie uk\u0142adu sterowania ruchem.<\/p>\n<p><img decoding=\"async\" src=\"https:\/\/www.hydraulic-cylinders.net\/wp-content\/uploads\/2025\/01\/songte-bushings-with-all-kinds-of-excavator-models.webp\"><\/p>\n<p>Zagadnienia bezpiecze\u0144stwa i czynniki \u015brodowiskowe<\/p>\n<p>Bezpiecze\u0144stwo jest istotne podczas obs\u0142ugi si\u0142ownika ramienia. Nale\u017cy podj\u0105\u0107 odpowiednie \u015brodki bezpiecze\u0144stwa, aby zapobiec wypadkom, a si\u0142ownik ramienia powinien by\u0107 regularnie sprawdzany pod k\u0105tem potencjalnych zagro\u017ce\u0144. Aby zapewni\u0107 sprawne dzia\u0142anie si\u0142ownika ramienia, nale\u017cy r\u00f3wnie\u017c uwzgl\u0119dni\u0107 czynniki \u015brodowiskowe, takie jak temperatura, wilgotno\u015b\u0107 i warunki pracy.<\/p>\n<p>Rozwi\u0105zywanie problem\u00f3w i typowe problemy<\/p>\n<p>Do typowych problem\u00f3w z si\u0142ownikiem ramienia nale\u017c\u0105 wyciek oleju, nietypowy ha\u0142as i niestabilna praca. Rozwi\u0105zywanie problem\u00f3w mo\u017cna przeprowadzi\u0107 poprzez sprawdzenie uk\u0142adu hydraulicznego, element\u00f3w uszczelniaj\u0105cych i innych cz\u0119\u015bci si\u0142ownika ramienia. Rozwi\u0105zania mog\u0105 obejmowa\u0107 wymian\u0119 uszkodzonych cz\u0119\u015bci, uzupe\u0142nienie oleju hydraulicznego lub regulacj\u0119 uk\u0142adu sterowania ruchem.<\/p>\n<p><img decoding=\"async\" src=\"https:\/\/www.hydraulic-cylinders.net\/wp-content\/uploads\/2025\/01\/songte-chushion-collar.webp\"><\/p>\n<p>Wniosek<\/p>\n<p>Jeste\u015bmy profesjonalnym producentem zamiennych cylindr\u00f3w hydraulicznych, oferuj\u0105cym szerok\u0105 gam\u0119 produkt\u00f3w. Stali\u015bmy si\u0119 jednym z wiod\u0105cych producent\u00f3w i hurtowych dystrybutor\u00f3w cylindr\u00f3w hydraulicznych na rynku krajowym i mi\u0119dzynarodowym. Zawsze przestrzegamy zasady doskona\u0142ej jako\u015bci, opieraj\u0105c si\u0119 na strategii zarz\u0105dzania produkcj\u0105 przemys\u0142owej w naszym warsztacie produkcyjnym, aby stale podnosi\u0107 poziom technologiczny i wydajno\u015b\u0107 produkcji. Dzi\u0119ki wprowadzaniu wysokiej klasy cyfrowego sprz\u0119tu produkcyjnego i profesjonalnych system\u00f3w testowych, stale optymalizujemy nasz\u0105 platform\u0119 produkcyjn\u0105, usprawniamy proces kontroli jako\u015bci produkt\u00f3w i dysponujemy silnymi mo\u017cliwo\u015bciami innowacyjnymi. Naszym celem jest zaspokajanie zr\u00f3\u017cnicowanych potrzeb klient\u00f3w poprzez wysok\u0105 wydajno\u015b\u0107, precyzj\u0119 i wysok\u0105 jako\u015b\u0107.<\/p>\n<p>D\u0105\u017cymy do tego, aby zapewni\u0107 klientom najlepszej jako\u015bci cylindry hydrauliczne i us\u0142ugi, kieruj\u0105c si\u0119 profesjonalizmem, mi\u0119dzynarodowymi certyfikatami, dostosowanymi us\u0142ugami, sprz\u0119tem produkcyjnym i obs\u0142ug\u0105 posprzeda\u017cow\u0105. <\/p>\n<p><img decoding=\"async\" src=\"https:\/\/www.hydraulic-cylinders.net\/wp-content\/uploads\/2025\/01\/songte-company-4.webp\"><\/p>\n<p><img decoding=\"async\" src=\"https:\/\/www.hydraulic-cylinders.net\/wp-content\/uploads\/2025\/01\/songte-company-3.webp\"><\/p>\n<p>Autor: lyl<\/p>","protected":false},"excerpt":{"rendered":"<p>Arm Cylinder For Zoomlion Small Excavator ZE85E Introduction Arm cylinder is a specialized hydraulic cylinder used to provide linear motion and force to the arm of various machinery, such as excavators, cranes, and mechanical arms. The arm cylinder plays a critical role in the hydraulic system, allowing attachments or accessories to move and be controlled [&hellip;]<\/p>","protected":false},"featured_media":14770,"comment_status":"open","ping_status":"closed","template":"","meta":{"_et_pb_use_builder":"","_et_pb_old_content":"","_et_gb_content_width":""},"product_brand":[],"product_cat":[1497],"product_tag":[1498,1496],"class_list":{"0":"post-16421","1":"product","2":"type-product","3":"status-publish","4":"has-post-thumbnail","6":"product_cat-arm-cylinders","7":"product_tag-arm-cylinders","8":"product_tag-hydraulic-cylinders","10":"first","11":"instock","12":"shipping-taxable","13":"product-type-simple"},"amp_enabled":true,"_links":{"self":[{"href":"https:\/\/www.hydraulic-cylinders.net\/pl\/wp-json\/wp\/v2\/product\/16421","targetHints":{"allow":["GET"]}}],"collection":[{"href":"https:\/\/www.hydraulic-cylinders.net\/pl\/wp-json\/wp\/v2\/product"}],"about":[{"href":"https:\/\/www.hydraulic-cylinders.net\/pl\/wp-json\/wp\/v2\/types\/product"}],"replies":[{"embeddable":true,"href":"https:\/\/www.hydraulic-cylinders.net\/pl\/wp-json\/wp\/v2\/comments?post=16421"}],"wp:featuredmedia":[{"embeddable":true,"href":"https:\/\/www.hydraulic-cylinders.net\/pl\/wp-json\/wp\/v2\/media\/14770"}],"wp:attachment":[{"href":"https:\/\/www.hydraulic-cylinders.net\/pl\/wp-json\/wp\/v2\/media?parent=16421"}],"wp:term":[{"taxonomy":"product_brand","embeddable":true,"href":"https:\/\/www.hydraulic-cylinders.net\/pl\/wp-json\/wp\/v2\/product_brand?post=16421"},{"taxonomy":"product_cat","embeddable":true,"href":"https:\/\/www.hydraulic-cylinders.net\/pl\/wp-json\/wp\/v2\/product_cat?post=16421"},{"taxonomy":"product_tag","embeddable":true,"href":"https:\/\/www.hydraulic-cylinders.net\/pl\/wp-json\/wp\/v2\/product_tag?post=16421"}],"curies":[{"name":"wp","href":"https:\/\/api.w.org\/{rel}","templated":true}]}}