{"id":16422,"date":"2025-01-20T09:14:12","date_gmt":"2025-01-20T09:14:12","guid":{"rendered":"https:\/\/www.hydraulic-cylinders.net\/product\/arm-cylinderfor-zoomlion-small-excavator-ze150\/"},"modified":"2025-01-20T09:14:14","modified_gmt":"2025-01-20T09:14:14","slug":"arm-cylinderfor-zoomlion-small-excavator-ze150","status":"publish","type":"product","link":"https:\/\/www.hydraulic-cylinders.net\/pl\/produkt\/arm-cylinderfor-zoomlion-small-excavator-ze150\/","title":{"rendered":"Si\u0142ownik ramienia do ma\u0142ej koparki Zoomlion ZE150"},"content":{"rendered":"<h1>Si\u0142ownik ramienia do ma\u0142ej koparki Zoomlion ZE150<\/h1>\n<h2>Wst\u0119p<\/h2>\n<h3>Si\u0142ownik ramienia definiuj\u0105cego dla ma\u0142ej koparki Zoomlion ZE150<\/h3>\n<p>Si\u0142ownik ramienia to specjalnie zaprojektowany si\u0142ownik hydrauliczny, kt\u00f3ry s\u0142u\u017cy g\u0142\u00f3wnie do zapewnienia ruchu liniowego i zasilania ramion r\u00f3\u017cnego rodzaju maszyn, takich jak koparki, d\u017awigi i ramiona mechaniczne. Si\u0142ownik ramienia odgrywa kluczow\u0105 rol\u0119 w uk\u0142adzie hydraulicznym, umo\u017cliwiaj\u0105c ruch i efektywne sterowanie dodatkowymi narz\u0119dziami lub osprz\u0119tem. Si\u0142owniki te nie tylko zapewniaj\u0105 p\u0142ynny ruch, ale tak\u017ce wytrzymuj\u0105 du\u017ce obci\u0105\u017cenia, gwarantuj\u0105c wydajn\u0105 prac\u0119 i niezawodno\u015b\u0107 maszyn w r\u00f3\u017cnych warunkach eksploatacyjnych.<\/p>\n<p><img decoding=\"async\" src=\"https:\/\/www.hydraulic-cylinders.net\/wp-content\/uploads\/2025\/01\/songte-company-2.webp\" alt=\"Obraz cylindra ramienia\"><\/p>\n<h3>Cechy si\u0142ownika ramienia do ma\u0142ej koparki Zoomlion ZE150<\/h3>\n<ul>\n<li>Wysokowydajna przek\u0142adnia: Cylinder ramienia zapewnia mocny ruch liniowy i si\u0142\u0119, gwarantuj\u0105c wysok\u0105 wydajno\u015b\u0107 ramienia mechanicznego podczas r\u00f3\u017cnych operacji.<\/li>\n<li>Precyzyjna kontrola: Dzi\u0119ki uk\u0142adowi hydraulicznemu si\u0142ownik ramienia mo\u017ce uzyska\u0107 precyzyjn\u0105 kontrol\u0119 ruchu, co sprawia, \u017ce \u200b\u200bobs\u0142uga dodatkowych narz\u0119dzi jest bardziej elastyczna i dok\u0142adna.<\/li>\n<li>Wysoka trwa\u0142o\u015b\u0107: Cylindry ramienia s\u0105 zazwyczaj wykonane z materia\u0142\u00f3w o wysokiej wytrzyma\u0142o\u015bci i charakteryzuj\u0105 si\u0119 dobr\u0105 odporno\u015bci\u0105 na zu\u017cycie i korozj\u0119, dzi\u0119ki czemu nadaj\u0105 si\u0119 do d\u0142ugotrwa\u0142ego u\u017cytkowania w trudnych warunkach.<\/li>\n<li>Wielofunkcyjna adaptacja: Cylindry te mo\u017cna szeroko stosowa\u0107 w r\u00f3\u017cnych typach maszyn, takich jak koparki, d\u017awigi i ramiona mechaniczne, dostosowuj\u0105c si\u0119 do r\u00f3\u017cnych wymaga\u0144 roboczych.<\/li>\n<li>\u0141atwa konserwacja: Projekt uwzgl\u0119dnia \u0142atwo\u015b\u0107 konserwacji i wymiany, dzi\u0119ki czemu planowe kontrole i konserwacje staj\u0105 si\u0119 wygodniejsze, a przestoje sprz\u0119tu skr\u00f3cone.<\/li>\n<\/ul>\n<p>Ponadto jeste\u015bmy w stanie wyprodukowa\u0107 ten produkt i nasze produkty mog\u0105 doskonale zast\u0105pi\u0107 te cylindry hydrauliczne.<\/p>\n<p><img decoding=\"async\" src=\"https:\/\/www.hydraulic-cylinders.net\/wp-content\/uploads\/2025\/01\/songte-oil-pipes-and-spare-parts.webp\" alt=\"Obraz zast\u0119pczy produktu\"><\/p>\n<h3>Zastosowania si\u0142ownika ramienia w ma\u0142ej koparce Zoomlion ZE150<\/h3>\n<p>Cylinder ramienia ma r\u00f3\u017cnorodne zastosowania, takie jak:<\/p>\n<ul>\n<li>In\u017cynieria budowlana: W koparkach i d\u017awigach si\u0142ownik ramienia s\u0142u\u017cy do sterowania ruchem \u0142y\u017cki lub wysi\u0119gnika podczas rob\u00f3t ziemnych, przenoszenia materia\u0142\u00f3w i instalacji konstrukcyjnych.<\/li>\n<li>Przemys\u0142 wytw\u00f3rczy: W zautomatyzowanych liniach produkcyjnych si\u0142ownik ramienia s\u0142u\u017cy do poruszania ramionami mechanicznymi, wykonywania proces\u00f3w monta\u017cu, spawania i obs\u0142ugi, co zwi\u0119ksza wydajno\u015b\u0107 i dok\u0142adno\u015b\u0107 produkcji.<\/li>\n<li>Maszyny rolnicze: W maszynach rolniczych, takich jak kombajny i siewniki, si\u0142ownik ramienia steruje ruchem ramienia roboczego, wykonuj\u0105cego zadania takie jak siew, nawo\u017cenie i zbi\u00f3r.<\/li>\n<li>G\u00f3rnictwo: W sprz\u0119cie g\u00f3rniczym si\u0142ownik ramienia s\u0142u\u017cy do sterowania ruchem ramienia sprz\u0119tu g\u00f3rniczego podczas wydobycia i transportu rudy.<\/li>\n<li>Logistyka i transport: W w\u00f3zkach wid\u0142owych i robotach prze\u0142adunkowych si\u0142ownik ramienia s\u0142u\u017cy do sterowania podnoszeniem i ruchem wide\u0142, co umo\u017cliwia przenoszenie i uk\u0142adanie materia\u0142\u00f3w.<\/li>\n<\/ul>\n<h2>Zagadnienia projektowe i kryteria wyboru<\/h2>\n<h3>No\u015bno\u015b\u0107<\/h3>\n<p>No\u015bno\u015b\u0107 si\u0142ownika ramienia jest kluczowym czynnikiem, poniewa\u017c okre\u015bla maksymalny ci\u0119\u017car, jaki si\u0142ownik mo\u017ce ud\u017awign\u0105\u0107 bez uszkodzenia. No\u015bno\u015b\u0107 zale\u017cy od rodzaju maszyny i charakteru operacji.<\/p>\n<h3>Opiecz\u0119towanie<\/h3>\n<p>Uszczelnienie jest kluczowym czynnikiem zapewniaj\u0105cym wydajno\u015b\u0107 i trwa\u0142o\u015b\u0107 si\u0142ownika ramienia. Uszczelnienie t\u0142oka i uszczelnienie t\u0142oczyska to dwa g\u0142\u00f3wne elementy uszczelniaj\u0105ce, kt\u00f3re zapobiegaj\u0105 wyciekom p\u0142ynu i zanieczyszczeniom.<\/p>\n<h3>Trwa\u0142o\u015b\u0107<\/h3>\n<p>Trwa\u0142o\u015b\u0107 si\u0142ownika ramienia zale\u017cy od jako\u015bci materia\u0142\u00f3w u\u017cytych do jego konstrukcji. Preferowane s\u0105 materia\u0142y o wysokiej wytrzyma\u0142o\u015bci, dobrej odporno\u015bci na zu\u017cycie i korozj\u0119.<\/p>\n<h3>Bezpiecze\u0144stwo<\/h3>\n<p>Bezpiecze\u0144stwo si\u0142ownika ramienia jest kwesti\u0105 priorytetow\u0105, poniewa\u017c zapobiega wypadkom i potencjalnym uszkodzeniom maszyn. Konstrukcja musi uwzgl\u0119dnia\u0107 takie elementy bezpiecze\u0144stwa, jak zawory bezpiecze\u0144stwa i systemy amortyzacji.<\/p>\n<h3>Konserwacja<\/h3>\n<p>\u0141atwo\u015b\u0107 konserwacji i napraw to kolejny kluczowy czynnik, poniewa\u017c skraca przestoje i zwi\u0119ksza wydajno\u015b\u0107. Konstrukcja musi zapewnia\u0107 \u0142atwy dost\u0119p do element\u00f3w cylindra oraz mo\u017cliwo\u015b\u0107 stosowania standardowych cz\u0119\u015bci i z\u0142\u0105czek.<\/p>\n<p><img decoding=\"async\" src=\"https:\/\/www.hydraulic-cylinders.net\/wp-content\/uploads\/2025\/01\/songte-cylinder-head-with-all-kinds-excavator-models.webp\" alt=\"Obraz g\u0142owicy cylindra\"><\/p>\n<h2>Uszczelnianie i smarowanie<\/h2>\n<p>W si\u0142owniku ramienia zastosowano r\u00f3\u017cne uszczelnienia, takie jak uszczelnienia t\u0142oka, t\u0142oczyska i zgarniacza, aby zapobiec wyciekom p\u0142ynu i zanieczyszczeniom. Uszczelnienia wykonane s\u0105 z materia\u0142\u00f3w odpornych na zu\u017cycie, takich jak poliuretan i kauczuk nitrylowy, co zapewnia im odporno\u015b\u0107 na zu\u017cycie. Powierzchnie g\u0142owicy cylindra i gwint\u00f3w s\u0105 precyzyjnie obrobione, aby zwi\u0119kszy\u0107 odporno\u015b\u0107 na zu\u017cycie. Regularne uzupe\u0142nianie oleju hydraulicznego jest niezb\u0119dne do smarowania si\u0142ownika i zapewnienia p\u0142ynnej pracy.<\/p>\n<h2>Konserwacja i \u015brodki zapobiegawcze<\/h2>\n<p>Regularne kontrole i konserwacja s\u0105 niezb\u0119dne dla zapewnienia wydajnej pracy i d\u0142ugiej \u017cywotno\u015bci si\u0142ownika ramienia. Nale\u017cy podj\u0105\u0107 nast\u0119puj\u0105ce \u015brodki:<\/p>\n<ul>\n<li>Regularnie sprawdzaj, czy nie ma wyciek\u00f3w lub uszkodze\u0144 korpusu cylindra i uszczelek.<\/li>\n<li>Regularnie smaruj cylinder olejem hydraulicznym.<\/li>\n<li>Zu\u017cyte lub uszkodzone uszczelki nale\u017cy wymienia\u0107 w odpowiednim czasie.<\/li>\n<li>Nale\u017cy zapewni\u0107 prawid\u0142owy monta\u017c cylindra i powi\u0105zanych podzespo\u0142\u00f3w.<\/li>\n<li>Sprawd\u017a prawid\u0142owe ustawienie cylindra i t\u0142oczyska.<\/li>\n<\/ul>\n<p><img decoding=\"async\" src=\"https:\/\/www.hydraulic-cylinders.net\/wp-content\/uploads\/2025\/01\/songte-chushion-collar.webp\" alt=\"Obraz ko\u0142nierza poduszkowego\"><\/p>\n<h2>Przewodnik instalacji<\/h2>\n<p>Podczas monta\u017cu cylindra ramienia nale\u017cy wykona\u0107 nast\u0119puj\u0105ce czynno\u015bci:<\/p>\n<ol>\n<li>Sprawd\u017a cylinder i wsp\u00f3\u0142pracuj\u0105ce z nim elementy pod k\u0105tem uszkodze\u0144 i zu\u017cycia.<\/li>\n<li>Wyczy\u015b\u0107 powierzchnie monta\u017cowe cylindra i maszyny.<\/li>\n<li>Zamontuj cylinder za pomoc\u0105 odpowiednich wspornik\u00f3w monta\u017cowych i osprz\u0119tu.<\/li>\n<li>Sprawd\u017a prawid\u0142owe ustawienie cylindra i t\u0142oczyska.<\/li>\n<li>Pod\u0142\u0105cz przewody hydrauliczne i z\u0142\u0105czki, zwracaj\u0105c uwag\u0119 na w\u0142a\u015bciwy moment dokr\u0119cania.<\/li>\n<li>Sprawd\u017a, czy cylinder dzia\u0142a prawid\u0142owo.<\/li>\n<\/ol>\n<p><img decoding=\"async\" src=\"https:\/\/www.hydraulic-cylinders.net\/wp-content\/uploads\/2025\/01\/songte-bushings-with-all-kinds-of-excavator-models.webp\" alt=\"Obraz tulei\"><\/p>\n<h2>Zagadnienia bezpiecze\u0144stwa i czynniki \u015brodowiskowe<\/h2>\n<p>Bezpiecze\u0144stwo jest kwesti\u0105 kluczow\u0105 podczas u\u017cytkowania si\u0142ownika ramieniowego, poniewa\u017c wi\u0105\u017ce si\u0119 to z u\u017cyciem ci\u0119\u017ckiego sprz\u0119tu i potencjalnymi zagro\u017ceniami. Nale\u017cy zapewni\u0107 odpowiednie szkolenie i instrukta\u017c w zakresie bezpiecznej obs\u0142ugi maszyn i si\u0142ownika. Czynniki \u015brodowiskowe, takie jak temperatura i wilgotno\u015b\u0107, r\u00f3wnie\u017c mog\u0105 wp\u0142ywa\u0107 na wydajno\u015b\u0107 i trwa\u0142o\u015b\u0107 si\u0142ownika.<\/p>\n<h2>Rozwi\u0105zywanie problem\u00f3w i typowe problemy<\/h2>\n<p>Poni\u017cej przedstawiono kilka typowych problem\u00f3w i wskaz\u00f3wek dotycz\u0105cych rozwi\u0105zywania problem\u00f3w:<\/p>\n<ul>\n<li>Wyciek p\u0142ynu: Sprawd\u017a, czy uszczelki nie s\u0105 uszkodzone lub czy z\u0142\u0105cza nie s\u0105 lu\u017ane; w razie potrzeby wymie\u0144 je lub dokr\u0119\u0107.<\/li>\n<li>S\u0142aba wydajno\u015b\u0107: Sprawd\u017a, czy elementy cylindra nie s\u0105 uszkodzone lub zu\u017cyte i wymie\u0144 je w razie potrzeby.<\/li>\n<li>Ha\u0142as: Sprawd\u017a, czy nie ma lu\u017anych po\u0142\u0105cze\u0144 lub zu\u017cytych element\u00f3w. W razie potrzeby dokr\u0119\u0107 je lub wymie\u0144.<\/li>\n<\/ul>\n<p><img decoding=\"async\" src=\"https:\/\/www.hydraulic-cylinders.net\/wp-content\/uploads\/2025\/01\/songte-company-4.webp\" alt=\"Wizerunek firmy\"><\/p>\n<h2>O nas<\/h2>\n<p>Jeste\u015bmy profesjonalnym producentem zamiennych cylindr\u00f3w hydraulicznych, oferuj\u0105cym szerok\u0105 gam\u0119 produkt\u00f3w. Stali\u015bmy si\u0119 jednym z wiod\u0105cych producent\u00f3w i hurtowych dystrybutor\u00f3w cylindr\u00f3w hydraulicznych na rynku krajowym i mi\u0119dzynarodowym. Zawsze kierujemy si\u0119 zasad\u0105 doskona\u0142o\u015bci, opieraj\u0105c si\u0119 na zindustrializowanych strategiach zarz\u0105dzania produkcj\u0105 w precyzyjnych warsztatach produkcyjnych, aby stale doskonali\u0107 nasz\u0105 technologi\u0119 i wydajno\u015b\u0107 produkcji. Wprowadzaj\u0105c wysokiej klasy cyfrowy sprz\u0119t produkcyjny i profesjonalne systemy detekcji, stale optymalizujemy nasz\u0105 platform\u0119 produkcyjn\u0105 i usprawniamy proces kontroli jako\u015bci produkt\u00f3w, dysponuj\u0105c silnymi mo\u017cliwo\u015bciami innowacyjnymi. Naszym celem jest zaspokajanie zr\u00f3\u017cnicowanych potrzeb klient\u00f3w poprzez wysok\u0105 wydajno\u015b\u0107, precyzj\u0119 i wysok\u0105 jako\u015b\u0107 produkt\u00f3w.<\/p>\n<h3>Profesjonalizm<\/h3>\n<p>Nasz zesp\u00f3\u0142 sk\u0142ada si\u0119 z profesjonalist\u00f3w z du\u017cym do\u015bwiadczeniem bran\u017cowym i wiedz\u0105 specjalistyczn\u0105 w zakresie projektowania, produkcji i konserwacji cylindr\u00f3w hydraulicznych, co pozwala nam zapewni\u0107 naszym klientom kompleksowe i wysokiej jako\u015bci us\u0142ugi.<\/p>\n<h3>Mi\u0119dzynarodowa Certyfikacja<\/h3>\n<p>Nasze produkty posiadaj\u0105 mi\u0119dzynarodowe certyfikaty, takie jak ISO9001 i CE, co gwarantuje, \u017ce spe\u0142niaj\u0105 one mi\u0119dzynarodowe standardy jako\u015bci.<\/p>\n<h3>Us\u0142ugi personalizacji<\/h3>\n<p>Oferujemy us\u0142ugi dostosowane do indywidualnych potrzeb naszych klient\u00f3w, obejmuj\u0105ce niestandardowe typy, rozmiary i specyfikacje cylindr\u00f3w, aby mie\u0107 pewno\u015b\u0107, \u017ce nasze produkty spe\u0142niaj\u0105 ich szczeg\u00f3lne wymagania.<\/p>\n<p><img decoding=\"async\" src=\"https:\/\/www.hydraulic-cylinders.net\/wp-content\/uploads\/2025\/01\/songte-company-3.webp\" alt=\"Obraz produkcyjny firmy\"><\/p>\n<h3>Sprz\u0119t produkcyjny<\/h3>\n<p>U\u017cywamy najwy\u017cszej klasy cyfrowego sprz\u0119tu produkcyjnego, takiego jak centra obr\u00f3bcze CNC, aby zagwarantowa\u0107 precyzj\u0119 i jako\u015b\u0107 naszych produkt\u00f3w.<\/p>\n<h3>Serwis posprzeda\u017cowy<\/h3>\n<p>Zapewniamy kompleksow\u0105 obs\u0142ug\u0119 posprzeda\u017cow\u0105, aby zapewni\u0107 naszym klientom satysfakcj\u0119 z naszych produkt\u00f3w i us\u0142ug. Zapewniamy wsparcie techniczne i doradztwo w zakresie konserwacji i napraw produkt\u00f3w, a tak\u017ce udzielamy gwarancji na nasze produkty.<\/p>\n<p>Autor: lyl<\/p>","protected":false},"excerpt":{"rendered":"<p>Arm Cylinder for Zoomlion Small Excavator ZE150 Introduction Defining Arm Cylinder for Zoomlion Small Excavator ZE150 The arm cylinder is a specially designed hydraulic cylinder that is primarily used to provide linear motion and power to the arms of various types of machinery, such as excavators, cranes, and mechanical arms. The arm cylinder plays a [&hellip;]<\/p>","protected":false},"featured_media":14766,"comment_status":"open","ping_status":"closed","template":"","meta":{"_et_pb_use_builder":"","_et_pb_old_content":"","_et_gb_content_width":""},"product_brand":[],"product_cat":[1497],"product_tag":[1498,1496],"class_list":{"0":"post-16422","1":"product","2":"type-product","3":"status-publish","4":"has-post-thumbnail","6":"product_cat-arm-cylinders","7":"product_tag-arm-cylinders","8":"product_tag-hydraulic-cylinders","10":"first","11":"instock","12":"shipping-taxable","13":"product-type-simple"},"amp_enabled":true,"_links":{"self":[{"href":"https:\/\/www.hydraulic-cylinders.net\/pl\/wp-json\/wp\/v2\/product\/16422","targetHints":{"allow":["GET"]}}],"collection":[{"href":"https:\/\/www.hydraulic-cylinders.net\/pl\/wp-json\/wp\/v2\/product"}],"about":[{"href":"https:\/\/www.hydraulic-cylinders.net\/pl\/wp-json\/wp\/v2\/types\/product"}],"replies":[{"embeddable":true,"href":"https:\/\/www.hydraulic-cylinders.net\/pl\/wp-json\/wp\/v2\/comments?post=16422"}],"wp:featuredmedia":[{"embeddable":true,"href":"https:\/\/www.hydraulic-cylinders.net\/pl\/wp-json\/wp\/v2\/media\/14766"}],"wp:attachment":[{"href":"https:\/\/www.hydraulic-cylinders.net\/pl\/wp-json\/wp\/v2\/media?parent=16422"}],"wp:term":[{"taxonomy":"product_brand","embeddable":true,"href":"https:\/\/www.hydraulic-cylinders.net\/pl\/wp-json\/wp\/v2\/product_brand?post=16422"},{"taxonomy":"product_cat","embeddable":true,"href":"https:\/\/www.hydraulic-cylinders.net\/pl\/wp-json\/wp\/v2\/product_cat?post=16422"},{"taxonomy":"product_tag","embeddable":true,"href":"https:\/\/www.hydraulic-cylinders.net\/pl\/wp-json\/wp\/v2\/product_tag?post=16422"}],"curies":[{"name":"wp","href":"https:\/\/api.w.org\/{rel}","templated":true}]}}