{"id":16435,"date":"2025-01-20T09:15:23","date_gmt":"2025-01-20T09:15:23","guid":{"rendered":"https:\/\/www.hydraulic-cylinders.net\/product\/arm-cylinderfor-zoomlion-large-excavator-ze480esp\/"},"modified":"2025-01-20T09:15:32","modified_gmt":"2025-01-20T09:15:32","slug":"arm-cylinderfor-zoomlion-large-excavator-ze480esp","status":"publish","type":"product","link":"https:\/\/www.hydraulic-cylinders.net\/pl\/produkt\/arm-cylinderfor-zoomlion-large-excavator-ze480esp\/","title":{"rendered":"Si\u0142ownik ramienia do du\u017cej koparki Zoomlion ZE480ESP"},"content":{"rendered":"<p>Si\u0142ownik ramienia do du\u017cej koparki Zoomlion ZE480ESP<\/p>\n<p>Si\u0142ownik ramienia to specjalistyczny si\u0142ownik hydrauliczny zaprojektowany do zapewnienia ruchu liniowego i zasilania ramion r\u00f3\u017cnych maszyn, takich jak koparki, d\u017awigi i ramiona robot\u00f3w. Odgrywa kluczow\u0105 rol\u0119 w uk\u0142adach hydraulicznych, umo\u017cliwiaj\u0105c ruch dodatkowych narz\u0119dzi lub osprz\u0119tu i ich efektywne sterowanie. Si\u0142owniki te nie tylko zapewniaj\u0105 p\u0142ynny ruch, ale tak\u017ce podtrzymuj\u0105 du\u017ce obci\u0105\u017cenia, gwarantuj\u0105c wydajn\u0105 prac\u0119 i niezawodno\u015b\u0107 maszyn w r\u00f3\u017cnych warunkach pracy.<\/p>\n<p>Definicja i wyja\u015bnienie<\/p>\n<p>Si\u0142ownik ramienia to rodzaj si\u0142ownika hydraulicznego, kt\u00f3ry zapewnia ruch liniowy i moc ramionom r\u00f3\u017cnych maszyn. Jest to niezb\u0119dny element uk\u0142adu hydraulicznego, umo\u017cliwiaj\u0105cy ruch ramion i ich efektywne sterowanie. Si\u0142owniki ramienia s\u0105 zaprojektowane tak, aby wytrzymywa\u0142y du\u017ce obci\u0105\u017cenia i zapewnia\u0142y p\u0142ynny ruch, gwarantuj\u0105c wydajn\u0105 prac\u0119 i niezawodno\u015b\u0107 maszyn w r\u00f3\u017cnych warunkach pracy.<\/p>\n<p>Cechy<\/p>\n<p>Cylindry ramieniowe maj\u0105 kilka wyj\u0105tkowych cech, kt\u00f3re wyr\u00f3\u017cniaj\u0105 je na tle innych cylindr\u00f3w hydraulicznych. Oto niekt\u00f3re z najwa\u017cniejszych:<\/p>\n<p>1. Wysokowydajna przek\u0142adnia: Cylindry ramion zapewniaj\u0105 mocny ruch liniowy i si\u0142\u0119, gwarantuj\u0105c wysok\u0105 wydajno\u015b\u0107 ramion robota podczas r\u00f3\u017cnych operacji.<\/p>\n<p>2. Precyzyjna kontrola: Dzi\u0119ki uk\u0142adowi hydraulicznemu si\u0142owniki ramion zapewniaj\u0105 precyzyjn\u0105 kontrol\u0119 ruchu, co sprawia, \u017ce \u200b\u200bobs\u0142uga pod\u0142\u0105czonych narz\u0119dzi jest bardziej elastyczna i dok\u0142adna.<\/p>\n<p>3. Wysoka trwa\u0142o\u015b\u0107: Cylindry ramienia s\u0105 zazwyczaj wykonane z materia\u0142\u00f3w o wysokiej wytrzyma\u0142o\u015bci, kt\u00f3re zapewniaj\u0105 doskona\u0142\u0105 odporno\u015b\u0107 na zu\u017cycie i korozj\u0119, dzi\u0119ki czemu nadaj\u0105 si\u0119 do d\u0142ugotrwa\u0142ego u\u017cytkowania w trudnych warunkach.<\/p>\n<p>4. Wielofunkcyjna adaptacja: Cylindry te mo\u017cna szeroko stosowa\u0107 w r\u00f3\u017cnych urz\u0105dzeniach mechanicznych, takich jak koparki, d\u017awigi i ramiona robotyczne, dostosowuj\u0105c si\u0119 do r\u00f3\u017cnych wymaga\u0144 roboczych.<\/p>\n<p>5. \u0141atwa konserwacja: Konstrukcja cylindr\u00f3w ramienia uwzgl\u0119dnia \u0142atwo\u015b\u0107 konserwacji i wymiany, dzi\u0119ki czemu okresowe kontrole i konserwacje s\u0105 wygodniejsze, a przestoje sprz\u0119tu skr\u00f3cone.<\/p>\n<p>Produkcja<\/p>\n<p>Jeste\u015bmy w stanie wyprodukowa\u0107 ten produkt, kt\u00f3ry idealnie zast\u0119puje te cylindry hydrauliczne. Oferujemy szeroki asortyment cylindr\u00f3w hydraulicznych w r\u00f3\u017cnych rozmiarach i specyfikacjach, aby sprosta\u0107 zr\u00f3\u017cnicowanym potrzebom klient\u00f3w. Oferujemy r\u00f3wnie\u017c us\u0142ugi dostosowane do indywidualnych potrzeb klienta.<\/p>\n<p>Zastosowanie<\/p>\n<p>Cylindry ramieniowe s\u0105 szeroko stosowane w r\u00f3\u017cnych ga\u0142\u0119ziach przemys\u0142u ze wzgl\u0119du na swoje doskona\u0142e w\u0142a\u015bciwo\u015bci. S\u0105 one powszechnie stosowane w nast\u0119puj\u0105cych obszarach:<\/p>\n<p>1. In\u017cynieria budowlana: W koparkach i d\u017awigach si\u0142owniki ramienia s\u0142u\u017c\u0105 do sterowania ruchem \u0142y\u017cek lub wysi\u0119gnik\u00f3w, wykonywania rob\u00f3t ziemnych, przenoszenia materia\u0142\u00f3w i instalacji konstrukcyjnych.<\/p>\n<p>2. Przemys\u0142 wytw\u00f3rczy: W zautomatyzowanych liniach produkcyjnych cylindry ramion s\u0142u\u017c\u0105 do sterowania ruchem ramion robot\u00f3w, wykonywania proces\u00f3w monta\u017cu, spawania i obs\u0142ugi, co zwi\u0119ksza wydajno\u015b\u0107 i dok\u0142adno\u015b\u0107 produkcji.<\/p>\n<p>3. Maszyny rolnicze: W maszynach rolniczych, takich jak kombajny i siewniki, si\u0142owniki ramion steruj\u0105 ruchem ramion roboczych, wykonuj\u0105cych zadania takie jak siew, nawo\u017cenie i zbi\u00f3r.<\/p>\n<p>4. G\u00f3rnictwo: Cylindry ramieniowe s\u0142u\u017c\u0105 do sterowania ruchem ramion sprz\u0119tu g\u00f3rniczego wykorzystywanego do wydobycia i transportu rudy.<\/p>\n<p>5. Logistyka i transport: W w\u00f3zkach wid\u0142owych i robotach prze\u0142adunkowych si\u0142owniki ramion s\u0142u\u017c\u0105 do sterowania podnoszeniem i ruchem wide\u0142, co umo\u017cliwia przenoszenie i uk\u0142adanie materia\u0142\u00f3w.<\/p>\n<p>Zagadnienia projektowe i kryteria wyboru<\/p>\n<p>Kryteria projektowania i doboru si\u0142ownik\u00f3w ramieniowych obejmuj\u0105 wiele czynnik\u00f3w, takich jak no\u015bno\u015b\u0107, uszczelnienie, trwa\u0142o\u015b\u0107, bezpiecze\u0144stwo i konserwacja.<\/p>\n<p>1. No\u015bno\u015b\u0107: No\u015bno\u015b\u0107 si\u0142ownika ramienia jest kluczowym czynnikiem, kt\u00f3ry nale\u017cy wzi\u0105\u0107 pod uwag\u0119 przy wyborze odpowiedniego si\u0142ownika do konkretnego zastosowania. No\u015bno\u015b\u0107 nale\u017cy dobra\u0107 w oparciu o rodzaj u\u017cywanej maszyny i osprz\u0119tu.<\/p>\n<p>2. Uszczelnienie: Si\u0142owniki ramienia wykorzystuj\u0105 uszczelki, aby zapobiega\u0107 wyciekom p\u0142ynu i utrzymywa\u0107 ci\u015bnienie w uk\u0142adzie hydraulicznym. Dob\u00f3r odpowiednich materia\u0142\u00f3w i konstrukcji uszczelnie\u0144 jest niezb\u0119dny, aby zapewni\u0107 wydajn\u0105 prac\u0119 i zapobiec potencjalnym wyciekom.<\/p>\n<p>3. Trwa\u0142o\u015b\u0107: Si\u0142owniki ramienia s\u0105 cz\u0119sto nara\u017cone na trudne warunki i du\u017ce obci\u0105\u017cenia. Wyb\u00f3r materia\u0142\u00f3w o wysokiej wytrzyma\u0142o\u015bci, odpowiednia obr\u00f3bka cieplna i powierzchniowa mog\u0105 poprawi\u0107 odporno\u015b\u0107 si\u0142ownika na zu\u017cycie i korozj\u0119, zwi\u0119kszaj\u0105c jego trwa\u0142o\u015b\u0107.<\/p>\n<p>4. Bezpiecze\u0144stwo: Cylindry ramieniowe s\u0105 cz\u0119sto stosowane w maszynach wymagaj\u0105cych wysokich standard\u00f3w bezpiecze\u0144stwa. Dlatego dob\u00f3r odpowiednich zabezpiecze\u0144, takich jak zawory bezpiecze\u0144stwa, mechanizmy blokuj\u0105ce porty i poduszki cylindr\u00f3w, mo\u017ce pom\u00f3c zapobiec wypadkom i zminimalizowa\u0107 uszkodzenia.<\/p>\n<p>5. Konserwacja: Projektowanie si\u0142ownik\u00f3w ramienia z my\u015bl\u0105 o \u0142atwej konserwacji i naprawie skraca czas przestoju maszyn i obni\u017ca koszty napraw. Dlatego konieczny jest dob\u00f3r odpowiednich konstrukcji uszczelnie\u0144, element\u00f3w z\u0142\u0105cznych i podzespo\u0142\u00f3w wymagaj\u0105cych cz\u0119stej konserwacji.<\/p>\n<p>Uszczelnianie i smarowanie<\/p>\n<p>Si\u0142owniki ramieniowe wymagaj\u0105 odpowiedniego uszczelnienia i smarowania, aby zapewni\u0107 wydajn\u0105 prac\u0119 i zapobiec potencjalnym wyciekom. Aby zapobiec wyciekom p\u0142ynu, mo\u017cna zastosowa\u0107 r\u00f3\u017cne materia\u0142y uszczelniaj\u0105ce, takie jak uszczelnienia t\u0142oka, uszczelnienia t\u0142oczyska i uszczelnienia zgarniaj\u0105ce. Kluczowy jest dob\u00f3r odpowiednich materia\u0142\u00f3w uszczelniaj\u0105cych w zale\u017cno\u015bci od \u015brodowiska pracy i obci\u0105\u017cenia si\u0142ownika.<\/p>\n<p>Ponadto si\u0142owniki ramienia wymagaj\u0105 okresowego smarowania odpowiednim olejem hydraulicznym, aby unikn\u0105\u0107 tarcia i zu\u017cycia mi\u0119dzy ruchomymi cz\u0119\u015bciami. Regularne uzupe\u0142nianie odpowiedniej ilo\u015bci oleju hydraulicznego w si\u0142owniku jest niezwykle istotne.<\/p>\n<p>Okresowa kontrola i konserwacja zapobiegawcza<\/p>\n<p>Regularne przegl\u0105dy i konserwacja zapobiegawcza s\u0105 niezb\u0119dne dla zapewnienia wydajnej pracy i trwa\u0142o\u015bci si\u0142ownik\u00f3w ramienia. Nale\u017cy wzi\u0105\u0107 pod uwag\u0119 nast\u0119puj\u0105ce kwestie:<\/p>\n<p>1. Regularna kontrola wszystkich po\u0142\u0105cze\u0144 i element\u00f3w mocuj\u0105cych w celu upewnienia si\u0119, \u017ce s\u0105 bezpieczne.<\/p>\n<p>2. Aby unikn\u0105\u0107 potencjalnych wyciek\u00f3w, nale\u017cy okresowo sprawdza\u0107 stan uszczelek.<\/p>\n<p>3. Regularnie smaruj cylinder ramienia odpowiednim olejem hydraulicznym.<\/p>\n<p>4. Sprawd\u017a stopie\u0144 zu\u017cycia cylindra i w razie potrzeby wymie\u0144 go.<\/p>\n<p>5. Sprawd\u017a elementy bezpiecze\u0144stwa, takie jak zawory bezpiecze\u0144stwa, mechanizmy blokuj\u0105ce porty i poduszki cylindr\u00f3w.<\/p>\n<p>Przewodnik instalacji<\/p>\n<p>Aby prawid\u0142owo zamontowa\u0107 cylinder ramienia, nale\u017cy wykona\u0107 nast\u0119puj\u0105ce czynno\u015bci:<\/p>\n<p>1. Przed monta\u017cem sprawd\u017a, czy cylinder ramienia nie jest uszkodzony lub czy nie brakuje w nim cz\u0119\u015bci.<\/p>\n<p>2. Przed monta\u017cem nale\u017cy oczy\u015bci\u0107 wszystkie po\u0142\u0105czenia i elementy mocuj\u0105ce.<\/p>\n<p>3. Zamontuj cylinder ramienia zgodnie z instrukcj\u0105 producenta.<\/p>\n<p>4. Sprawd\u017a, czy wszystkie po\u0142\u0105czenia i elementy mocuj\u0105ce s\u0105 bezpieczne.<\/p>\n<p>5. Przed u\u017cyciem sprawd\u017a dzia\u0142anie cylindra ramienia.<\/p>\n<p>Zagadnienia bezpiecze\u0144stwa i czynniki \u015brodowiskowe<\/p>\n<p>Si\u0142owniki ramieniowe wymagaj\u0105 \u015bcis\u0142ego przestrzegania zasad bezpiecze\u0144stwa podczas pracy, aby zapobiec potencjalnym wypadkom. Operatorzy powinni zosta\u0107 przeszkoleni w zakresie prawid\u0142owego u\u017cytkowania i obs\u0142ugi maszyn, aby unikn\u0105\u0107 wszelkich zagro\u017ce\u0144 zwi\u0105zanych z si\u0142ownikami ramieniowymi. Ponadto czynniki \u015brodowiskowe, takie jak temperatura i wilgotno\u015b\u0107, mog\u0105 wp\u0142ywa\u0107 na dzia\u0142anie si\u0142ownika ramieniowego, dlatego nale\u017cy odpowiednio uwzgl\u0119dni\u0107 warunki pracy, aby zapewni\u0107 jego sprawne dzia\u0142anie.<\/p>\n<p>Rozwi\u0105zywanie problem\u00f3w i typowe problemy<\/p>\n<p>Si\u0142owniki ramienia mog\u0105 napotyka\u0107 na kilka typowych problem\u00f3w, takich jak wyciek p\u0142ynu, niedostateczne ci\u015bnienie lub powolna praca. Prawid\u0142owa inspekcja i rozwi\u0105zywanie problem\u00f3w mog\u0105 pom\u00f3c w zdiagnozowaniu i rozwi\u0105zaniu tych problem\u00f3w. Nale\u017cy podj\u0105\u0107 nast\u0119puj\u0105ce kroki:<\/p>\n<p>1. Dok\u0142adnie sprawd\u017a cylinder pod k\u0105tem widocznych uszkodze\u0144 i nieszczelno\u015bci.<\/p>\n<p>2. Sprawd\u017a ci\u015bnienie i przep\u0142yw uk\u0142adu hydraulicznego.<\/p>\n<p>3. Sprawd\u017a, czy uszczelka nie nosi \u015blad\u00f3w zu\u017cycia lub uszkodzenia.<\/p>\n<p>4. Sprawd\u017a ustawienie cylindra, aby mie\u0107 pewno\u015b\u0107, \u017ce zosta\u0142 prawid\u0142owo zainstalowany.<\/p>\n<p>5. Sprawd\u017a poziom oleju hydraulicznego i upewnij si\u0119, \u017ce jego rodzaj i ilo\u015b\u0107 s\u0105 prawid\u0142owe.<\/p>\n<p>Diagnoza usterek i ich rozwi\u0105zanie<\/p>\n<p>Prawid\u0142owa konserwacja i przegl\u0105dy mog\u0105 zmniejszy\u0107 ryzyko wyst\u0105pienia usterek si\u0142ownik\u00f3w ramienia. Je\u015bli jednak usterki wyst\u0105pi\u0105, poni\u017csze kroki mog\u0105 pom\u00f3c w ich zdiagnozowaniu i rozwi\u0105zaniu:<\/p>\n<p>1. Zidentyfikuj przyczyn\u0119 usterki, np. nieszczelno\u015bci, niewystarczaj\u0105ce ci\u015bnienie lub wolne dzia\u0142anie.<\/p>\n<p>2. Dok\u0142adnie sprawd\u017a cylinder ramienia pod k\u0105tem widocznych uszkodze\u0144 i nieszczelno\u015bci.<\/p>\n<p>3. Sprawd\u017a ci\u015bnienie i przep\u0142yw uk\u0142adu hydraulicznego.<\/p>\n<p>4. Sprawd\u017a, czy uszczelka nie nosi \u015blad\u00f3w zu\u017cycia lub uszkodzenia.<\/p>\n<p>5. Sprawd\u017a poziom oleju hydraulicznego i upewnij si\u0119, \u017ce jego rodzaj i ilo\u015b\u0107 s\u0105 prawid\u0142owe.<\/p>\n<p>6. W razie konieczno\u015bci wymie\u0144 lub napraw uszkodzone podzespo\u0142y.<\/p>\n<p>Wprowadzenie do firmy<\/p>\n<p>Jeste\u015bmy profesjonalnym producentem si\u0142ownik\u00f3w hydraulicznych, oferuj\u0105cym szerok\u0105 gam\u0119 wysokiej jako\u015bci si\u0142ownik\u00f3w hydraulicznych o r\u00f3\u017cnych parametrach i rozmiarach. Stali\u015bmy si\u0119 jednym z wiod\u0105cych producent\u00f3w i dystrybutor\u00f3w si\u0142ownik\u00f3w hydraulicznych na rynku krajowym i mi\u0119dzynarodowym.<\/p>\n<p>Przestrzegamy zasady doskona\u0142ej jako\u015bci i opieramy si\u0119 na strategii zarz\u0105dzania produkcj\u0105 przemys\u0142ow\u0105 w naszym zaawansowanym warsztacie produkcyjnym, aby stale doskonali\u0107 nasze mo\u017cliwo\u015bci techniczne i wydajno\u015b\u0107 produkcji. Wprowadzili\u015bmy wysokiej klasy cyfrowy sprz\u0119t produkcyjny i profesjonalne systemy testowe, aby zoptymalizowa\u0107 nasz\u0105 platform\u0119 produkcyjn\u0105 i usprawni\u0107 proces kontroli jako\u015bci produkt\u00f3w, dysponuj\u0105c przy tym silnymi mo\u017cliwo\u015bciami innowacyjnymi. <\/p>\n<p>Naszym celem jest zaspokojenie zr\u00f3\u017cnicowanych potrzeb klient\u00f3w, kieruj\u0105c si\u0119 zasadami wydajno\u015bci, dok\u0142adno\u015bci i wysokiej jako\u015bci. Oferujemy naszym klientom profesjonalne us\u0142ugi, mi\u0119dzynarodowe certyfikaty, us\u0142ugi dostosowane do indywidualnych potrzeb, sprz\u0119t produkcyjny oraz serwis posprzeda\u017cowy.<\/p>\n<p>Autor: lyl.<\/p>","protected":false},"excerpt":{"rendered":"<p>Arm Cylinder for Zoomlion Large Excavator ZE480ESP Arm cylinder is a specialized hydraulic cylinder designed to provide linear motion and power to the arms of various machines such as excavators, cranes, and robotic arms. It plays a crucial role in hydraulic systems, allowing additional tools or attachments to move and be controlled effectively. These cylinders [&hellip;]<\/p>","protected":false},"featured_media":14786,"comment_status":"open","ping_status":"closed","template":"","meta":{"_et_pb_use_builder":"","_et_pb_old_content":"","_et_gb_content_width":""},"product_brand":[],"product_cat":[1497],"product_tag":[1498,1496],"class_list":{"0":"post-16435","1":"product","2":"type-product","3":"status-publish","4":"has-post-thumbnail","6":"product_cat-arm-cylinders","7":"product_tag-arm-cylinders","8":"product_tag-hydraulic-cylinders","10":"first","11":"instock","12":"shipping-taxable","13":"product-type-simple"},"amp_enabled":true,"_links":{"self":[{"href":"https:\/\/www.hydraulic-cylinders.net\/pl\/wp-json\/wp\/v2\/product\/16435","targetHints":{"allow":["GET"]}}],"collection":[{"href":"https:\/\/www.hydraulic-cylinders.net\/pl\/wp-json\/wp\/v2\/product"}],"about":[{"href":"https:\/\/www.hydraulic-cylinders.net\/pl\/wp-json\/wp\/v2\/types\/product"}],"replies":[{"embeddable":true,"href":"https:\/\/www.hydraulic-cylinders.net\/pl\/wp-json\/wp\/v2\/comments?post=16435"}],"wp:featuredmedia":[{"embeddable":true,"href":"https:\/\/www.hydraulic-cylinders.net\/pl\/wp-json\/wp\/v2\/media\/14786"}],"wp:attachment":[{"href":"https:\/\/www.hydraulic-cylinders.net\/pl\/wp-json\/wp\/v2\/media?parent=16435"}],"wp:term":[{"taxonomy":"product_brand","embeddable":true,"href":"https:\/\/www.hydraulic-cylinders.net\/pl\/wp-json\/wp\/v2\/product_brand?post=16435"},{"taxonomy":"product_cat","embeddable":true,"href":"https:\/\/www.hydraulic-cylinders.net\/pl\/wp-json\/wp\/v2\/product_cat?post=16435"},{"taxonomy":"product_tag","embeddable":true,"href":"https:\/\/www.hydraulic-cylinders.net\/pl\/wp-json\/wp\/v2\/product_tag?post=16435"}],"curies":[{"name":"wp","href":"https:\/\/api.w.org\/{rel}","templated":true}]}}