{"id":16436,"date":"2025-01-20T09:15:34","date_gmt":"2025-01-20T09:15:34","guid":{"rendered":"https:\/\/www.hydraulic-cylinders.net\/product\/arm-cylinderfor-zoomlion-large-excavator-ze360e\/"},"modified":"2025-01-20T09:15:36","modified_gmt":"2025-01-20T09:15:36","slug":"arm-cylinderfor-zoomlion-large-excavator-ze360e","status":"publish","type":"product","link":"https:\/\/www.hydraulic-cylinders.net\/pl\/produkt\/arm-cylinderfor-zoomlion-large-excavator-ze360e\/","title":{"rendered":"Si\u0142ownik ramienia do du\u017cej koparki Zoomlion ZE360E"},"content":{"rendered":"<h1>Si\u0142ownik ramienia do du\u017cej koparki Zoomlion ZE360E<\/h1>\n<h2>Wst\u0119p<\/h2>\n<p>Si\u0142ownik ramienia to specjalistyczny si\u0142ownik hydrauliczny zaprojektowany do zapewnienia liniowego ruchu i zasilania ramion r\u00f3\u017cnego rodzaju maszyn, takich jak koparki, d\u017awigi i ramiona mechaniczne. Si\u0142ownik ramienia odgrywa kluczow\u0105 rol\u0119 w uk\u0142adach hydraulicznych, umo\u017cliwiaj\u0105c efektywny ruch i sterowanie dodatkowymi narz\u0119dziami lub osprz\u0119tem. Si\u0142owniki te nie tylko zapewniaj\u0105 p\u0142ynny ruch, ale tak\u017ce wytrzymuj\u0105 du\u017ce obci\u0105\u017cenia, zapewniaj\u0105c wydajn\u0105 prac\u0119 i niezawodno\u015b\u0107 maszyn w r\u00f3\u017cnych warunkach eksploatacyjnych.<\/p>\n<p><img decoding=\"async\" src=\"https:\/\/www.hydraulic-cylinders.net\/wp-content\/uploads\/2025\/01\/songte-company-2.webp\" \/><\/p>\n<h2>Cechy<\/h2>\n<ul>\n<li>Wydajne przenoszenie mocy: Cylinder ramienia zapewnia mocny ruch liniowy i si\u0142\u0119, gwarantuj\u0105c wysok\u0105 wydajno\u015b\u0107 i efektywno\u015b\u0107 ramienia mechanicznego podczas r\u00f3\u017cnych operacji. <\/li>\n<li>Precyzyjna kontrola: Dzi\u0119ki uk\u0142adowi hydraulicznemu si\u0142ownik ramienia mo\u017ce uzyska\u0107 dok\u0142adn\u0105 kontrol\u0119 ruchu, co sprawia, \u017ce \u200b\u200bobs\u0142uga dodatkowych narz\u0119dzi jest bardziej elastyczna i dok\u0142adna.<\/li>\n<li>Wysoka trwa\u0142o\u015b\u0107: Cylindry ramienia s\u0105 zwykle wykonane z materia\u0142\u00f3w o wysokiej wytrzyma\u0142o\u015bci, charakteryzuj\u0105cych si\u0119 dobr\u0105 odporno\u015bci\u0105 na zu\u017cycie i korozj\u0119, dzi\u0119ki czemu nadaj\u0105 si\u0119 do d\u0142ugotrwa\u0142ego u\u017cytkowania w trudnych warunkach.<\/li>\n<li>Wielofunkcyjna adaptowalno\u015b\u0107: Te cylindry mo\u017cna szeroko stosowa\u0107 w r\u00f3\u017cnych urz\u0105dzeniach mechanicznych, takich jak koparki, d\u017awigi i ramiona mechaniczne, dostosowuj\u0105c je do r\u00f3\u017cnych wymaga\u0144 roboczych.<\/li>\n<li>\u0141atwa konserwacja: Konstrukcja cylindr\u00f3w ramienia uwzgl\u0119dnia \u0142atwo\u015b\u0107 konserwacji i wymiany, dzi\u0119ki czemu regularne kontrole i konserwacje s\u0105 wygodniejsze, a przestoje sprz\u0119tu kr\u00f3tsze.<\/li>\n<\/ul>\n<p><img decoding=\"async\" src=\"https:\/\/www.hydraulic-cylinders.net\/wp-content\/uploads\/2025\/01\/songte-oil-pipes-and-spare-parts.webp\" \/><\/p>\n<h2>Aplikacje<\/h2>\n<p>Si\u0142ownik ramienia ma szerokie zastosowanie w r\u00f3\u017cnych ga\u0142\u0119ziach przemys\u0142u:<\/p>\n<ul>\n<li>In\u017cynieria budowlana: W koparkach i d\u017awigach si\u0142ownik ramienia s\u0142u\u017cy do sterowania ruchem \u0142y\u017cki lub wysi\u0119gnika, wykonywania rob\u00f3t ziemnych, przenoszenia materia\u0142\u00f3w i instalacji konstrukcyjnych.<\/li>\n<li>Produkcja: W zautomatyzowanych liniach produkcyjnych si\u0142ownik ramienia s\u0142u\u017cy do poruszania ramion mechanicznych, wykonywania proces\u00f3w monta\u017cu, spawania i obs\u0142ugi w celu zwi\u0119kszenia wydajno\u015bci i dok\u0142adno\u015bci produkcji.<\/li>\n<li>Maszyny rolnicze: W maszynach rolniczych, takich jak kombajny i sadzarki, si\u0142ownik ramienia steruje ruchem ramienia roboczego, wykonuj\u0105cego zadania takie jak siew, nawo\u017cenie i zbi\u00f3r.<\/li>\n<li>G\u00f3rnictwo: W sprz\u0119cie g\u00f3rniczym si\u0142ownik ramienia s\u0142u\u017cy do sterowania ruchem ramienia sprz\u0119tu g\u00f3rniczego, s\u0142u\u017c\u0105cego do wydobywania i transportu rudy.<\/li>\n<li>Logistyka i transport: W w\u00f3zkach wid\u0142owych i robotach prze\u0142adunkowych si\u0142ownik ramienia s\u0142u\u017cy do sterowania podnoszeniem i ruchem wide\u0142, umo\u017cliwiaj\u0105c obs\u0142ug\u0119 i uk\u0142adanie materia\u0142\u00f3w.<\/li>\n<\/ul>\n<h2>Zagadnienia projektowe i standardy wyboru<\/h2>\n<p>Z punktu widzenia projektowania si\u0142ownika ramienia nale\u017cy wzi\u0105\u0107 pod uwag\u0119 kilka kluczowych czynnik\u00f3w:<\/p>\n<ul>\n<li>No\u015bno\u015b\u0107: Si\u0142ownik ramienia musi by\u0107 zaprojektowany tak, aby wytrzyma\u0107 wymagane obci\u0105\u017cenie, zapewniaj\u0105c bezpieczn\u0105 i stabiln\u0105 prac\u0119 maszyny.<\/li>\n<li>Uszczelnienie: W cylindrze ramienia zastosowano r\u00f3\u017cne elementy uszczelniaj\u0105ce, takie jak uszczelki t\u0142okowe i uszczelki t\u0142oczyskowe, aby zapobiec wyciekom oleju hydraulicznego i zapewni\u0107 p\u0142ynn\u0105 prac\u0119.<\/li>\n<li>Trwa\u0142o\u015b\u0107: Cylinder ramienia musi by\u0107 wykonany z materia\u0142\u00f3w o wysokiej wytrzyma\u0142o\u015bci, charakteryzuj\u0105cych si\u0119 dobr\u0105 odporno\u015bci\u0105 na zu\u017cycie i korozj\u0119, odpowiednich do stosowania w trudnych warunkach.<\/li>\n<li>Bezpiecze\u0144stwo: W celu zagwarantowania bezpiecznej obs\u0142ugi maszyn, w uk\u0142adzie hydraulicznym zastosowano takie funkcje bezpiecze\u0144stwa, jak zawory bezpiecze\u0144stwa i wy\u0142\u0105czniki awaryjne.<\/li>\n<li>\u0141atwo\u015b\u0107 konserwacji: Cylinder ramienia musi by\u0107 zaprojektowany w spos\u00f3b umo\u017cliwiaj\u0105cy \u0142atw\u0105 konserwacj\u0119, np. \u0142atwy demonta\u017c i monta\u017c oraz prost\u0105 wymian\u0119 zu\u017cytych cz\u0119\u015bci, co zmniejsza czas i koszty konserwacji.<\/li>\n<\/ul>\n<p><img decoding=\"async\" src=\"https:\/\/www.hydraulic-cylinders.net\/wp-content\/uploads\/2025\/01\/songte-cylinder-head-with-all-kinds-excavator-models.webp\" \/><\/p>\n<h2>Uszczelnianie i smarowanie<\/h2>\n<p>Si\u0142ownik ramienia wykorzystuje r\u00f3\u017cne elementy uszczelniaj\u0105ce, takie jak uszczelki t\u0142oka i t\u0142oczyska, aby zapobiec wyciekom oleju hydraulicznego i zapewni\u0107 p\u0142ynn\u0105 prac\u0119. Uszczelnienia te wykonane s\u0105 z materia\u0142\u00f3w odpornych na zu\u017cycie, takich jak poliuretan i kauczuk nitrylowy. Korpus si\u0142ownika i gwintowana powierzchnia ko\u0144cowa s\u0105 precyzyjnie obrobione, aby zwi\u0119kszy\u0107 odporno\u015b\u0107 na zu\u017cycie. Regularne smarowanie olejem hydraulicznym jest wymagane do utrzymania wydajno\u015bci si\u0142ownika.<\/p>\n<h2>Regularne kontrole i konserwacja zapobiegawcza<\/h2>\n<p>Regularne przegl\u0105dy i konserwacja zapobiegawcza s\u0105 niezb\u0119dne dla zapewnienia d\u0142ugotrwa\u0142ej i niezawodnej pracy si\u0142ownika ramienia. Nale\u017cy podj\u0105\u0107 nast\u0119puj\u0105ce \u015brodki:<\/p>\n<ul>\n<li>Nale\u017cy przeprowadza\u0107 regularne kontrole, obejmuj\u0105ce sprawdzanie, czy nie wyst\u0119puj\u0105 wycieki oleju, nietypowe d\u017awi\u0119ki i nietypowe wibracje.<\/li>\n<li>Nale\u017cy regularnie sprawdza\u0107 i konserwowa\u0107 uk\u0142ad hydrauliczny, aby zapewni\u0107 jego stabilno\u015b\u0107 i niezawodno\u015b\u0107.<\/li>\n<li>Wymieniaj zu\u017cyte uszczelki i inne podzespo\u0142y w odpowiednim czasie.<\/li>\n<\/ul>\n<p><img decoding=\"async\" src=\"https:\/\/www.hydraulic-cylinders.net\/wp-content\/uploads\/2025\/01\/songte-chushion-collar.webp\" \/><\/p>\n<h2>Instrukcja instalacji produktu<\/h2>\n<p>Przed monta\u017cem nale\u017cy oczy\u015bci\u0107 miejsce monta\u017cu i korpus cylindra oraz sprawdzi\u0107 dopasowanie odpowiednich cz\u0119\u015bci. Podczas monta\u017cu nale\u017cy zwr\u00f3ci\u0107 uwag\u0119 na nast\u0119puj\u0105ce kwestie:<\/p>\n<ul>\n<li>Prawid\u0142owo zamontuj cylinder i upewnij si\u0119, \u017ce jest on solidnie zamocowany.<\/li>\n<li>Pod\u0142\u0105cz przewody hydrauliczne i dokr\u0119\u0107 je wymaganym momentem obrotowym.<\/li>\n<li>Wymie\u0144 olej hydrauliczny i przeprowad\u017a pr\u00f3b\u0119 ci\u015bnieniow\u0105, aby upewni\u0107 si\u0119, \u017ce cylinder dzia\u0142a prawid\u0142owo.<\/li>\n<\/ul>\n<h2>Bezpiecze\u0144stwo i wzgl\u0119dy \u015brodowiskowe<\/h2>\n<p>Podczas u\u017cytkowania si\u0142ownika ramienia nale\u017cy zachowa\u0107 \u015brodki bezpiecze\u0144stwa. Zawsze nale\u017cy przestrzega\u0107 podanych wytycznych bezpiecze\u0144stwa i w razie potrzeby stosowa\u0107 odpowiedni sprz\u0119t ochronny. Ponadto, w przypadku oleju hydraulicznego istotne s\u0105 wzgl\u0119dy \u015brodowiskowe. Prawid\u0142owa utylizacja zu\u017cytego oleju hydraulicznego i innych odpad\u00f3w powinna by\u0107 zgodna z lokalnymi przepisami.<\/p>\n<h2>Rozwi\u0105zywanie problem\u00f3w i typowe problemy<\/h2>\n<p>Do typowych problem\u00f3w z si\u0142ownikiem ramienia nale\u017c\u0105 wyciek oleju, niewystarczaj\u0105ce przeniesienie mocy i nietypowe d\u017awi\u0119ki. W przypadku wyst\u0105pienia problem\u00f3w nale\u017cy podj\u0105\u0107 nast\u0119puj\u0105ce kroki:<\/p>\n<ul>\n<li>Sprawd\u017a elementy uszczelniaj\u0105ce pod k\u0105tem zu\u017cycia lub uszkodze\u0144 i w razie potrzeby wymie\u0144 je.<\/li>\n<li>Sprawd\u017a poziom i lepko\u015b\u0107 oleju hydraulicznego, w razie potrzeby wymie\u0144 go.<\/li>\n<li>Sprawd\u017a uk\u0142ad hydrauliczny pod k\u0105tem blokad i usterek.<\/li>\n<\/ul>\n<p>Do \u015brodk\u00f3w zapobiegawczych zalicza si\u0119 regularne kontrole i konserwacj\u0119, a tak\u017ce stosowanie wysokiej jako\u015bci oleju hydraulicznego i element\u00f3w uszczelniaj\u0105cych.<\/p>\n<p><img decoding=\"async\" src=\"https:\/\/www.hydraulic-cylinders.net\/wp-content\/uploads\/2025\/01\/songte-bushings-with-all-kinds-of-excavator-models.webp\" \/><\/p>\n<h2>O nas<\/h2>\n<p>We are a professional manufacturer of replacement hydraulic cylinders, offering a wide range of products and becoming one of the leading hydraulic cylinder manufacturers and wholesale distributors in the domestic and international markets. We always uphold the principle of excellence and rely on the industrialized production management strategy of fine manufacturing workshops to continuously improve our technological level and production efficiency. Through the introduction of high-end digital manufacturing equipment and professional testing systems, we continuously optimize our manufacturing platform, improve our product quality control process, and have strong innovation capabilities. Our goal is to meet customers&#8217; diverse needs with high efficiency, accuracy, and high quality.<\/p>\n<ul>\n<li>Profesjonalizm: Nasz zesp\u00f3\u0142 sk\u0142ada si\u0119 z do\u015bwiadczonych fachowc\u00f3w, kt\u00f3rzy zajmuj\u0105 si\u0119 produkcj\u0105 wysokiej jako\u015bci cylindr\u00f3w hydraulicznych.<\/li>\n<li>Certyfikaty mi\u0119dzynarodowe: Nasze produkty uzyska\u0142y szereg certyfikat\u00f3w mi\u0119dzynarodowych, takich jak ISO9001, CE i SGS.<\/li>\n<li>Us\u0142ugi dostosowywania: Zapewniamy us\u0142ugi dostosowane do indywidualnych potrzeb naszych klient\u00f3w.<\/li>\n<li>Sprz\u0119t produkcyjny: U\u017cywamy najnowocze\u015bniejszego cyfrowego sprz\u0119tu produkcyjnego i profesjonalnych system\u00f3w testowych, aby zapewni\u0107 wysok\u0105 jako\u015b\u0107 naszych produkt\u00f3w.<\/li>\n<li>Obs\u0142uga posprzeda\u017cowa: Zapewniamy kompleksow\u0105 obs\u0142ug\u0119 posprzeda\u017cow\u0105, aby zagwarantowa\u0107 satysfakcj\u0119 klienta.<\/li>\n<\/ul>\n<p><img decoding=\"async\" src=\"https:\/\/www.hydraulic-cylinders.net\/wp-content\/uploads\/2025\/01\/songte-company-4.webp\" \/><\/p>\n<p><img decoding=\"async\" src=\"https:\/\/www.hydraulic-cylinders.net\/wp-content\/uploads\/2025\/01\/songte-company-3.webp\" \/><\/p>\n<p>Autor: lyl<\/p>","protected":false},"excerpt":{"rendered":"<p>Arm Cylinder For Zoomlion Large Excavator ZE360E Introduction The arm cylinder is a specialized hydraulic cylinder designed to provide linear movement and power to the arms of various types of machinery, such as excavators, cranes, and mechanical arms. The arm cylinder plays a crucial role in hydraulic systems, enabling the effective movement and control of [&hellip;]<\/p>","protected":false},"featured_media":14783,"comment_status":"open","ping_status":"closed","template":"","meta":{"_et_pb_use_builder":"","_et_pb_old_content":"","_et_gb_content_width":""},"product_brand":[],"product_cat":[1497],"product_tag":[1498,1496],"class_list":{"0":"post-16436","1":"product","2":"type-product","3":"status-publish","4":"has-post-thumbnail","6":"product_cat-arm-cylinders","7":"product_tag-arm-cylinders","8":"product_tag-hydraulic-cylinders","10":"first","11":"instock","12":"shipping-taxable","13":"product-type-simple"},"amp_enabled":true,"_links":{"self":[{"href":"https:\/\/www.hydraulic-cylinders.net\/pl\/wp-json\/wp\/v2\/product\/16436","targetHints":{"allow":["GET"]}}],"collection":[{"href":"https:\/\/www.hydraulic-cylinders.net\/pl\/wp-json\/wp\/v2\/product"}],"about":[{"href":"https:\/\/www.hydraulic-cylinders.net\/pl\/wp-json\/wp\/v2\/types\/product"}],"replies":[{"embeddable":true,"href":"https:\/\/www.hydraulic-cylinders.net\/pl\/wp-json\/wp\/v2\/comments?post=16436"}],"wp:featuredmedia":[{"embeddable":true,"href":"https:\/\/www.hydraulic-cylinders.net\/pl\/wp-json\/wp\/v2\/media\/14783"}],"wp:attachment":[{"href":"https:\/\/www.hydraulic-cylinders.net\/pl\/wp-json\/wp\/v2\/media?parent=16436"}],"wp:term":[{"taxonomy":"product_brand","embeddable":true,"href":"https:\/\/www.hydraulic-cylinders.net\/pl\/wp-json\/wp\/v2\/product_brand?post=16436"},{"taxonomy":"product_cat","embeddable":true,"href":"https:\/\/www.hydraulic-cylinders.net\/pl\/wp-json\/wp\/v2\/product_cat?post=16436"},{"taxonomy":"product_tag","embeddable":true,"href":"https:\/\/www.hydraulic-cylinders.net\/pl\/wp-json\/wp\/v2\/product_tag?post=16436"}],"curies":[{"name":"wp","href":"https:\/\/api.w.org\/{rel}","templated":true}]}}