{"id":16437,"date":"2025-01-20T09:15:38","date_gmt":"2025-01-20T09:15:38","guid":{"rendered":"https:\/\/www.hydraulic-cylinders.net\/product\/arm-cylinderfor-zoomlion-large-excavator-ze520esp\/"},"modified":"2025-01-20T09:15:40","modified_gmt":"2025-01-20T09:15:40","slug":"arm-cylinderfor-zoomlion-large-excavator-ze520esp","status":"publish","type":"product","link":"https:\/\/www.hydraulic-cylinders.net\/pl\/produkt\/arm-cylinderfor-zoomlion-large-excavator-ze520esp\/","title":{"rendered":"Si\u0142ownik ramienia do du\u017cej koparki Zoomlion ZE520ESP"},"content":{"rendered":"<p>Si\u0142ownik ramienia do du\u017cej koparki Zoomlion ZE520ESP: definicja i wyja\u015bnienie<\/p>\n<p>Si\u0142ownik ramienia to rodzaj si\u0142ownika hydraulicznego zaprojektowanego do zapewnienia ruchu liniowego i zasilania ramion r\u00f3\u017cnego typu maszyn, takich jak koparki, d\u017awigi i ramiona mechaniczne. Odgrywa kluczow\u0105 rol\u0119 w uk\u0142adach hydraulicznych, umo\u017cliwiaj\u0105c ruch osprz\u0119tu i akcesori\u00f3w oraz ich efektywne sterowanie. Si\u0142owniki te nie tylko zapewniaj\u0105 p\u0142ynny ruch, ale tak\u017ce wytrzymuj\u0105 du\u017ce obci\u0105\u017cenia, gwarantuj\u0105c wydajn\u0105 prac\u0119 i niezawodno\u015b\u0107 maszyn w r\u00f3\u017cnych warunkach pracy.<\/p>\n<p><img decoding=\"async\" src=\"https:\/\/www.hydraulic-cylinders.net\/wp-content\/uploads\/2025\/01\/songte-company-2.webp\"><\/p>\n<p>Cechy si\u0142ownika ramienia do du\u017cej koparki Zoomlion ZE520ESP<\/p>\n<p>1. Przek\u0142adnia o wysokiej wydajno\u015bci: si\u0142ownik ramienia zapewnia mocny ruch liniowy i si\u0142\u0119, gwarantuj\u0105c wysok\u0105 wydajno\u015b\u0107 ramion mechanicznych w r\u00f3\u017cnych operacjach.<br \/>\n2. Precyzyjna kontrola: Dzi\u0119ki uk\u0142adowi hydraulicznemu si\u0142ownik ramienia mo\u017ce uzyska\u0107 precyzyjn\u0105 kontrol\u0119 ruchu, co sprawia, \u017ce \u200b\u200bobs\u0142uga osprz\u0119tu jest bardziej elastyczna i dok\u0142adna.<br \/>\n3. Wysoka trwa\u0142o\u015b\u0107: Cylindry ramienia s\u0105 zazwyczaj wykonane z materia\u0142\u00f3w o wysokiej wytrzyma\u0142o\u015bci, charakteryzuj\u0105cych si\u0119 dobr\u0105 odporno\u015bci\u0105 na zu\u017cycie i korozj\u0119, dzi\u0119ki czemu nadaj\u0105 si\u0119 do d\u0142ugotrwa\u0142ego u\u017cytkowania w trudnych warunkach.<br \/>\n4. Wielofunkcyjna adaptacja: Cylindry te mo\u017cna szeroko stosowa\u0107 w r\u00f3\u017cnych urz\u0105dzeniach mechanicznych, takich jak koparki, d\u017awigi i ramiona mechaniczne, aby sprosta\u0107 r\u00f3\u017cnym potrzebom roboczym.<br \/>\n5. \u0141atwa konserwacja: Konstrukcja urz\u0105dzenia uwzgl\u0119dnia \u0142atwo\u015b\u0107 konserwacji i wymiany, co u\u0142atwia regularne kontrole i konserwacj\u0119 oraz ogranicza przestoje sprz\u0119tu.<\/p>\n<p><img decoding=\"async\" src=\"https:\/\/www.hydraulic-cylinders.net\/wp-content\/uploads\/2025\/01\/songte-oil-pipes-and-spare-parts.webp\"><\/p>\n<p>Zastosowanie si\u0142ownika ramienia do du\u017cej koparki Zoomlion ZE520ESP<\/p>\n<p>1. In\u017cynieria budowlana: Cylindry ramieniowe s\u0105 stosowane w koparkach i d\u017awigach do sterowania ruchem \u0142y\u017cek lub wysi\u0119gnik\u00f3w podczas rob\u00f3t ziemnych, przenoszenia materia\u0142\u00f3w i monta\u017cu konstrukcji.<br \/>\n2. Przemys\u0142 wytw\u00f3rczy: Cylindry ramieniowe s\u0105 stosowane w zautomatyzowanych liniach produkcyjnych w celu kontrolowania ruchu ramion mechanicznych podczas proces\u00f3w monta\u017cu, spawania i obs\u0142ugi, co zwi\u0119ksza wydajno\u015b\u0107 i dok\u0142adno\u015b\u0107 produkcji.<br \/>\n3. Maszyny rolnicze: Cylindry ramion steruj\u0105 ruchem ramion roboczych w maszynach rolniczych, takich jak kombajny i sadzarki, wykonuj\u0105cych zadania takie jak siew, nawo\u017cenie i zbi\u00f3r.<br \/>\n4. G\u00f3rnictwo: Cylindry ramieniowe s\u0142u\u017c\u0105 do sterowania ruchem ramion sprz\u0119tu g\u00f3rniczego wykorzystywanego do wydobywania i transportu rudy.<br \/>\n5. Logistyka i transport: Cylindry ramieniowe stosowane s\u0105 w w\u00f3zkach wid\u0142owych i robotach prze\u0142adunkowych w celu kontrolowania podnoszenia i ruchu wide\u0142, realizacji transportu materia\u0142\u00f3w i ich uk\u0142adania.<\/p>\n<p>Zagadnienia projektowe i kryteria wyboru<\/p>\n<p>1. No\u015bno\u015b\u0107: Cylindry ramienia powinny by\u0107 zaprojektowane i dobrane zgodnie z ich no\u015bno\u015bci\u0105, aby zapewni\u0107 bezpieczn\u0105 i wydajn\u0105 prac\u0119 maszyn.<br \/>\n2. Uszczelnienie: Aby zagwarantowa\u0107 skuteczno\u015b\u0107 uszczelnienia i zapobiec wyciekom oleju, nale\u017cy stosowa\u0107 r\u00f3\u017cne elementy uszczelniaj\u0105ce, takie jak uszczelki t\u0142okowe i uszczelki t\u0142oczyskowe.<br \/>\n3. Trwa\u0142o\u015b\u0107: Korpus cylindra i gwintowana powierzchnia ko\u0144cowa powinny by\u0107 precyzyjnie obrobione w celu zwi\u0119kszenia odporno\u015bci na zu\u017cycie i korozj\u0119.<br \/>\n4. Bezpiecze\u0144stwo: Cylindry ramieniowe powinny by\u0107 projektowane i dobierane z uwzgl\u0119dnieniem kwestii bezpiecze\u0144stwa, aby unikn\u0105\u0107 wypadk\u00f3w spowodowanych nieszczelno\u015bci\u0105 lub uszkodzeniem cylindra.<br \/>\n5. Konserwacja: Cylindry ramienia powinny by\u0107 \u0142atwe w konserwacji i wymianie, aby ograniczy\u0107 przestoje sprz\u0119tu.<\/p>\n<p><img decoding=\"async\" src=\"https:\/\/www.hydraulic-cylinders.net\/wp-content\/uploads\/2025\/01\/songte-cylinder-head-with-all-kinds-excavator-models.webp\"><\/p>\n<p>Uszczelnianie i smarowanie si\u0142ownika ramienia w du\u017cej koparce Zoomlion ZE520ESP<\/p>\n<p>1. Aby zagwarantowa\u0107 szczelno\u015b\u0107 i zapobiec wyciekom oleju, nale\u017cy stosowa\u0107 r\u00f3\u017cne elementy uszczelniaj\u0105ce, takie jak uszczelki t\u0142okowe i uszczelki t\u0142oczyskowe.<br \/>\n2. Elementy uszczelniaj\u0105ce powinny by\u0107 wykonane z materia\u0142\u00f3w odpornych na zu\u017cycie, takich jak poliuretan i kauczuk nitrylowy, aby wyd\u0142u\u017cy\u0107 \u017cywotno\u015b\u0107 cylindra.<br \/>\n3. Korpus cylindra i gwintowana powierzchnia ko\u0144cowa powinny zosta\u0107 poddane dok\u0142adnej obr\u00f3bce w celu zwi\u0119kszenia odporno\u015bci na zu\u017cycie i korozj\u0119.<br \/>\n4. Nale\u017cy regularnie uzupe\u0142nia\u0107 poziom odpowiedniego oleju hydraulicznego w celu smarowania i konserwacji cylindra, co zapewni p\u0142ynn\u0105 i wydajn\u0105 prac\u0119.<\/p>\n<p>Regularne kontrole i \u015brodki konserwacji zapobiegawczej<\/p>\n<p>1. Regularnie sprawdzaj cylinder pod k\u0105tem oznak zu\u017cycia, nieszczelno\u015bci i uszkodze\u0144.<br \/>\n2. W odpowiednim czasie wymieniaj uszkodzone lub zu\u017cyte elementy uszczelniaj\u0105ce.<br \/>\n3. Regularnie czy\u015b\u0107 korpus cylindra i powierzchni\u0119 gwintowan\u0105, aby zapobiega\u0107 korozji i zu\u017cyciu.<br \/>\n4. Utrzymuj odpowiedni poziom i jako\u015b\u0107 oleju hydraulicznego oraz regularnie wymieniaj olej.<br \/>\n5. Regularnie sprawdzaj i konserwuj uk\u0142ad hydrauliczny, aby zapewni\u0107 wydajn\u0105 i bezpieczn\u0105 prac\u0119 si\u0142ownika ramienia.<\/p>\n<p><img decoding=\"async\" src=\"https:\/\/www.hydraulic-cylinders.net\/wp-content\/uploads\/2025\/01\/songte-chushion-collar.webp\"><\/p>\n<p>Instrukcja instalacji produktu<\/p>\n<p>1. Przed monta\u017cem nale\u017cy sprawdzi\u0107, czy si\u0142ownik ramienia pasuje do modelu koparki i czy elementy uszczelniaj\u0105ce s\u0105 nienaruszone.<br \/>\n2. Oczy\u015b\u0107 powierzchni\u0119 mocowania cylindra i upewnij si\u0119, \u017ce jest r\u00f3wna i wolna od zanieczyszcze\u0144.<br \/>\n3. Zamontuj cylinder ramienia pionowo i dokr\u0119\u0107 \u015bruby z wymaganym momentem obrotowym.<br \/>\n4. Pod\u0142\u0105cz przew\u00f3d oleju hydraulicznego zgodnie ze schematem monta\u017cowym i nape\u0142nij go olejem hydraulicznym.<br \/>\n5. Sprawd\u017a dzia\u0142anie cylindra ramienia i sprawd\u017a, czy nie ma wyciek\u00f3w.<\/p>\n<p>Zagadnienia bezpiecze\u0144stwa i czynniki \u015brodowiskowe<\/p>\n<p>1. Cylindry ramieniowe powinny by\u0107 projektowane i dobierane z uwzgl\u0119dnieniem kwestii bezpiecze\u0144stwa, aby unikn\u0105\u0107 wypadk\u00f3w spowodowanych nieszczelno\u015bci\u0105 lub uszkodzeniem cylindra.<br \/>\n2. Operatorzy powinni zosta\u0107 przeszkoleni i poinstruowani w zakresie prawid\u0142owego u\u017cytkowania i konserwacji cylindr\u00f3w ramienia, aby zapewni\u0107 bezpieczn\u0105 prac\u0119.<br \/>\n3. Utylizacja zu\u017cytego oleju hydraulicznego i zu\u017cytych cylindr\u00f3w powinna odbywa\u0107 si\u0119 zgodnie z przepisami ochrony \u015brodowiska.<\/p>\n<p>Rozwi\u0105zywanie problem\u00f3w i typowe problemy<\/p>\n<p>1. Wyciek: Sprawd\u017a i wymie\u0144 uszkodzone elementy uszczelniaj\u0105ce lub napraw korpus cylindra.<br \/>\n2. Powolna praca: Sprawd\u017a poziom i jako\u015b\u0107 oleju hydraulicznego oraz czy uk\u0142ad hydrauliczny nie jest zablokowany lub uszkodzony.<br \/>\n3. Nietypowy ha\u0142as: Sprawd\u017a, czy korpus cylindra nie jest uszkodzony lub czy t\u0142oczysko nie jest wygi\u0119te.<br \/>\n4. Dryft cylindra: Sprawd\u017a i wyreguluj ci\u015bnienie i nat\u0119\u017cenie przep\u0142ywu w uk\u0142adzie hydraulicznym lub napraw korpus cylindra.<\/p>\n<p><img decoding=\"async\" src=\"https:\/\/www.hydraulic-cylinders.net\/wp-content\/uploads\/2025\/01\/songte-bushings-with-all-kinds-of-excavator-models.webp\"><\/p>\n<p>O naszej firmie<\/p>\n<p>Jeste\u015bmy profesjonalnym producentem zamiennych cylindr\u00f3w hydraulicznych, oferuj\u0105cym szerok\u0105 gam\u0119 produkt\u00f3w i stali\u015bmy si\u0119 jednym z wiod\u0105cych producent\u00f3w i dystrybutor\u00f3w hurtowych cylindr\u00f3w hydraulicznych na rynku krajowym i mi\u0119dzynarodowym. Zawsze przestrzegamy zasady doskona\u0142ej jako\u015bci, opieraj\u0105c si\u0119 na strategii zarz\u0105dzania produkcj\u0105 przemys\u0142ow\u0105 w nowoczesnych warsztatach produkcyjnych, aby stale ulepsza\u0107 nasz\u0105 technologi\u0119 i wydajno\u015b\u0107 produkcji. Dzi\u0119ki wprowadzeniu zaawansowanego cyfrowego sprz\u0119tu produkcyjnego i profesjonalnych system\u00f3w testowych, optymalizujemy platform\u0119 produkcyjn\u0105, usprawniamy proces kontroli jako\u015bci produkt\u00f3w i dysponujemy du\u017cym potencja\u0142em innowacyjnym. Naszym celem jest zaspokajanie zr\u00f3\u017cnicowanych potrzeb klient\u00f3w poprzez wysok\u0105 wydajno\u015b\u0107, precyzj\u0119 i wysok\u0105 jako\u015b\u0107 produkt\u00f3w.<\/p>\n<p>Oferujemy us\u0142ugi dostosowane do indywidualnych potrzeb, a nasze produkty posiadaj\u0105 mi\u0119dzynarodowe certyfikaty, takie jak ISO9001, CE i RoHS. Dysponujemy zaawansowanym sprz\u0119tem produkcyjnym, w tym tokarkami CNC, szlifierkami i liniami monta\u017cowymi. Posiadamy r\u00f3wnie\u017c profesjonalny zesp\u00f3\u0142 obs\u0142ugi posprzeda\u017cowej, kt\u00f3ry zapewnia terminowe i skuteczne rozwi\u0105zania problem\u00f3w klient\u00f3w.<\/p>\n<p><img decoding=\"async\" src=\"https:\/\/www.hydraulic-cylinders.net\/wp-content\/uploads\/2025\/01\/songte-company-4.webp\"><\/p>\n<p><img decoding=\"async\" src=\"https:\/\/www.hydraulic-cylinders.net\/wp-content\/uploads\/2025\/01\/songte-company-3.webp\"><\/p>\n<p>Autor: lyl.<\/p>","protected":false},"excerpt":{"rendered":"<p>Arm Cylinder for Zoomlion Large Excavator ZE520ESP: Definition and Explanation Arm cylinder is a type of hydraulic cylinder designed to provide linear motion and power to the arms of various types of machinery such as excavators, cranes, and mechanical arms. It plays a critical role in hydraulic systems, enabling attachments or accessories to move and [&hellip;]<\/p>","protected":false},"featured_media":14779,"comment_status":"open","ping_status":"closed","template":"","meta":{"_et_pb_use_builder":"","_et_pb_old_content":"","_et_gb_content_width":""},"product_brand":[],"product_cat":[1497],"product_tag":[1498,1496],"class_list":{"0":"post-16437","1":"product","2":"type-product","3":"status-publish","4":"has-post-thumbnail","6":"product_cat-arm-cylinders","7":"product_tag-arm-cylinders","8":"product_tag-hydraulic-cylinders","10":"first","11":"instock","12":"shipping-taxable","13":"product-type-simple"},"amp_enabled":true,"_links":{"self":[{"href":"https:\/\/www.hydraulic-cylinders.net\/pl\/wp-json\/wp\/v2\/product\/16437","targetHints":{"allow":["GET"]}}],"collection":[{"href":"https:\/\/www.hydraulic-cylinders.net\/pl\/wp-json\/wp\/v2\/product"}],"about":[{"href":"https:\/\/www.hydraulic-cylinders.net\/pl\/wp-json\/wp\/v2\/types\/product"}],"replies":[{"embeddable":true,"href":"https:\/\/www.hydraulic-cylinders.net\/pl\/wp-json\/wp\/v2\/comments?post=16437"}],"wp:featuredmedia":[{"embeddable":true,"href":"https:\/\/www.hydraulic-cylinders.net\/pl\/wp-json\/wp\/v2\/media\/14779"}],"wp:attachment":[{"href":"https:\/\/www.hydraulic-cylinders.net\/pl\/wp-json\/wp\/v2\/media?parent=16437"}],"wp:term":[{"taxonomy":"product_brand","embeddable":true,"href":"https:\/\/www.hydraulic-cylinders.net\/pl\/wp-json\/wp\/v2\/product_brand?post=16437"},{"taxonomy":"product_cat","embeddable":true,"href":"https:\/\/www.hydraulic-cylinders.net\/pl\/wp-json\/wp\/v2\/product_cat?post=16437"},{"taxonomy":"product_tag","embeddable":true,"href":"https:\/\/www.hydraulic-cylinders.net\/pl\/wp-json\/wp\/v2\/product_tag?post=16437"}],"curies":[{"name":"wp","href":"https:\/\/api.w.org\/{rel}","templated":true}]}}