{"id":16439,"date":"2025-01-20T09:15:51","date_gmt":"2025-01-20T09:15:51","guid":{"rendered":"https:\/\/www.hydraulic-cylinders.net\/product\/arm-cylinderfor-zoomlion-large-excavator-ze1250e\/"},"modified":"2025-01-20T09:15:53","modified_gmt":"2025-01-20T09:15:53","slug":"arm-cylinderfor-zoomlion-large-excavator-ze1250e","status":"publish","type":"product","link":"https:\/\/www.hydraulic-cylinders.net\/pl\/produkt\/arm-cylinderfor-zoomlion-large-excavator-ze1250e\/","title":{"rendered":"Si\u0142ownik ramienia do du\u017cej koparki Zoomlion ZE1250E"},"content":{"rendered":"<h1>Si\u0142ownik ramienia do du\u017cej koparki Zoomlion ZE1250E<\/h1>\n<h2>Wst\u0119p<\/h2>\n<p>Si\u0142ownik ramienia to specjalistyczny si\u0142ownik hydrauliczny zaprojektowany do zapewnienia ruchu liniowego i zasilania ramion r\u00f3\u017cnego rodzaju maszyn, takich jak koparki, d\u017awigi i manipulatory. Odgrywa on kluczow\u0105 rol\u0119 w uk\u0142adzie hydraulicznym, umo\u017cliwiaj\u0105c efektywne poruszanie si\u0119 osprz\u0119tu i akcesori\u00f3w oraz sterowanie nimi. Si\u0142owniki te nie tylko zapewniaj\u0105 p\u0142ynny ruch, ale tak\u017ce wytrzymuj\u0105 du\u017ce obci\u0105\u017cenia, zapewniaj\u0105c tym samym wydajn\u0105 prac\u0119 i niezawodno\u015b\u0107 maszyn w r\u00f3\u017cnych warunkach eksploatacyjnych.<\/p>\n<p><img decoding=\"async\" src=\"https:\/\/www.hydraulic-cylinders.net\/wp-content\/uploads\/2025\/01\/songte-company-2.webp\"\/><\/p>\n<h2>Cechy<\/h2>\n<ul>\n<li>Wysokowydajna przek\u0142adnia: Cylinder ramienia zapewnia mocny ruch liniowy i si\u0142\u0119, gwarantuj\u0105c wysok\u0105 wydajno\u015b\u0107 operacyjn\u0105 manipulatora podczas r\u00f3\u017cnych operacji.<\/li>\n<li>Precyzyjna kontrola: Dzi\u0119ki uk\u0142adowi hydraulicznemu si\u0142ownik ramienia mo\u017ce uzyska\u0107 precyzyjn\u0105 kontrol\u0119 ruchu, co sprawia, \u017ce \u200b\u200bobs\u0142uga osprz\u0119tu jest bardziej elastyczna i dok\u0142adna.<\/li>\n<li>Wysoka trwa\u0142o\u015b\u0107: Cylinder ramienia jest zwykle wykonany z materia\u0142\u00f3w o wysokiej wytrzyma\u0142o\u015bci, charakteryzuj\u0105cych si\u0119 dobr\u0105 odporno\u015bci\u0105 na zu\u017cycie i korozj\u0119, dzi\u0119ki czemu nadaje si\u0119 do d\u0142ugotrwa\u0142ego u\u017cytkowania w trudnych warunkach.<\/li>\n<li>Wielofunkcyjna adaptowalno\u015b\u0107: Cylindry te mo\u017cna szeroko stosowa\u0107 w r\u00f3\u017cnych urz\u0105dzeniach mechanicznych, takich jak koparki, d\u017awigi i manipulatory, aby sprosta\u0107 zr\u00f3\u017cnicowanym wymaganiom roboczym.<\/li>\n<li>\u0141atwa konserwacja: Projekt uwzgl\u0119dnia \u0142atwo\u015b\u0107 konserwacji i wymiany, dzi\u0119ki czemu regularne kontrole i konserwacje staj\u0105 si\u0119 wygodniejsze, a przestoje sprz\u0119tu zostaj\u0105 skr\u00f3cone.<\/li>\n<\/ul>\n<p>Mo\u017cemy wyprodukowa\u0107 produkt, kt\u00f3ry doskonale zast\u0105pi te cylindry hydrauliczne.<\/p>\n<p><img decoding=\"async\" src=\"https:\/\/www.hydraulic-cylinders.net\/wp-content\/uploads\/2025\/01\/songte-oil-pipes-and-spare-parts.webp\"\/><\/p>\n<h2>Aplikacje<\/h2>\n<ul>\n<li>In\u017cynieria budowlana: W koparkach i d\u017awigach si\u0142ownik ramienia s\u0142u\u017cy do sterowania ruchem \u0142y\u017cki lub wysi\u0119gnika podczas rob\u00f3t ziemnych, przenoszenia materia\u0142\u00f3w i instalacji konstrukcyjnych.<\/li>\n<li>Przemys\u0142 wytw\u00f3rczy: W zautomatyzowanych liniach produkcyjnych si\u0142ownik ramienia jest wykorzystywany do poruszania manipulatorami w procesach monta\u017cu, spawania i obs\u0142ugi, co zwi\u0119ksza wydajno\u015b\u0107 i precyzj\u0119 produkcji.<\/li>\n<li>Maszyny rolnicze: W maszynach rolniczych, takich jak kombajny i siewniki, si\u0142ownik ramienia steruje prac\u0105 ramienia podczas wykonywania takich zada\u0144, jak siew, nawo\u017cenie i zbi\u00f3r.<\/li>\n<li>G\u00f3rnictwo: W sprz\u0119cie g\u00f3rniczym si\u0142ownik ramienia s\u0142u\u017cy do sterowania ruchem ramienia sprz\u0119tu g\u00f3rniczego podczas wydobywania i transportu rud.<\/li>\n<li>Logistyka i transport: W w\u00f3zkach wid\u0142owych i robotach prze\u0142adunkowych si\u0142ownik ramienia s\u0142u\u017cy do sterowania podnoszeniem i ruchem wide\u0142, co umo\u017cliwia przenoszenie i uk\u0142adanie materia\u0142\u00f3w.<\/li>\n<\/ul>\n<h2>Zagadnienia projektowe i kryteria wyboru<\/h2>\n<ul>\n<li>No\u015bno\u015b\u0107: Cylinder ramienia powinien by\u0107 zaprojektowany tak, aby wytrzyma\u0107 maksymalne obci\u0105\u017cenie maszyny, w kt\u00f3rej jest stosowany.<\/li>\n<li>Uszczelnienie: Aby zapobiec wyciekom oleju hydraulicznego, nale\u017cy dobra\u0107 r\u00f3\u017cne elementy uszczelniaj\u0105ce, takie jak uszczelki t\u0142okowe, uszczelki t\u0142oczyskowe itp.<\/li>\n<li>Trwa\u0142o\u015b\u0107: Do produkcji cylindra ramienia nale\u017cy stosowa\u0107 materia\u0142y o wysokiej wytrzyma\u0142o\u015bci, aby zapewni\u0107 odporno\u015b\u0107 na zu\u017cycie i korozj\u0119 oraz wyd\u0142u\u017cy\u0107 \u017cywotno\u015b\u0107 cylindra.<\/li>\n<li>Bezpiecze\u0144stwo: Cylinder ramienia powinien by\u0107 zaprojektowany w spos\u00f3b zapobiegaj\u0105cy wypadkom i zapewniaj\u0105cy bezpiecze\u0144stwo operator\u00f3w i sprz\u0119tu.<\/li>\n<li>\u0141atwo\u015b\u0107 konserwacji: Cylinder ramienia powinien by\u0107 zaprojektowany tak, aby by\u0142 \u0142atwy w konserwacji i naprawie, co skr\u00f3ci przestoje sprz\u0119tu.<\/li>\n<\/ul>\n<p><img decoding=\"async\" src=\"https:\/\/www.hydraulic-cylinders.net\/wp-content\/uploads\/2025\/01\/songte-cylinder-head-with-all-kinds-excavator-models.webp\"\/><\/p>\n<h2>Uszczelnianie i smarowanie<\/h2>\n<p>Si\u0142ownik ramienia wykorzystuje r\u00f3\u017cne elementy uszczelniaj\u0105ce, takie jak uszczelnienia t\u0142oka i t\u0142oczyska, wykonane z materia\u0142\u00f3w odpornych na zu\u017cycie, takich jak poliuretan i kauczuk nitrylowy, aby zapobiec wyciekom oleju hydraulicznego. Korpus si\u0142ownika i gwintowana powierzchnia ko\u0144cowa s\u0105 precyzyjnie obrobione, aby zwi\u0119kszy\u0107 odporno\u015b\u0107 na zu\u017cycie. Do smarowania wymagane jest regularne uzupe\u0142nianie odpowiedniej ilo\u015bci oleju hydraulicznego.<\/p>\n<h2>Regularne kontrole i \u015brodki konserwacji zapobiegawczej<\/h2>\n<ul>\n<li>Nale\u017cy regularnie sprawdza\u0107 elementy uszczelniaj\u0105ce i w razie konieczno\u015bci wymieni\u0107 je.<\/li>\n<li>Sprawd\u017a korpus cylindra i jego powierzchni\u0119 ko\u0144cow\u0105 pod k\u0105tem zu\u017cycia i w razie potrzeby wymie\u0144 je.<\/li>\n<li>Nale\u017cy regularnie wymienia\u0107 olej hydrauliczny i dba\u0107 o jego czysto\u015b\u0107.<\/li>\n<li>Regularnie sprawdzaj elementy bezpiecze\u0144stwa i w razie konieczno\u015bci wymie\u0144 je.<\/li>\n<li>Aby zapobiec potencjalnym problemom, nale\u017cy regularnie konserwowa\u0107 i naprawia\u0107 uk\u0142ad hydrauliczny.<\/li>\n<\/ul>\n<p><img decoding=\"async\" src=\"https:\/\/www.hydraulic-cylinders.net\/wp-content\/uploads\/2025\/01\/songte-chushion-collar.webp\"\/><\/p>\n<h2>Instrukcja instalacji produktu<\/h2>\n<ol>\n<li>Sprawd\u017a, czy cylinder pasuje do maszyny i zamontuj cylinder zgodnie z instrukcj\u0105.<\/li>\n<li>Pod\u0142\u0105cz przew\u00f3d hydrauliczny do cylindra i dok\u0142adnie wyczy\u015b\u0107 te cz\u0119\u015bci, aby zapobiec zanieczyszczeniu.<\/li>\n<li>Nape\u0142nij cylinder olejem hydraulicznym i sprawd\u017a, czy nie ma wyciek\u00f3w.<\/li>\n<li>Przetestuj cylinder, aby upewni\u0107 si\u0119, \u017ce dzia\u0142a p\u0142ynnie i prawid\u0142owo.<\/li>\n<\/ol>\n<h2>Zagadnienia bezpiecze\u0144stwa i czynniki \u015brodowiskowe<\/h2>\n<p>Podczas u\u017cytkowania si\u0142ownika ramienia nale\u017cy przestrzega\u0107 wytycznych bezpiecze\u0144stwa, aby zapobiec wypadkom i zapewni\u0107 bezpiecze\u0144stwo operator\u00f3w oraz sprz\u0119tu. Aby zapewni\u0107 prawid\u0142owe dzia\u0142anie si\u0142ownika, nale\u017cy r\u00f3wnie\u017c uwzgl\u0119dni\u0107 czynniki \u015brodowiskowe, takie jak temperatura, wilgotno\u015b\u0107 i kurz.<\/p>\n<h2>Rozwi\u0105zywanie problem\u00f3w i typowe problemy<\/h2>\n<ul>\n<li>Problem: Cylinder nie porusza si\u0119 lub porusza si\u0119 powoli.<\/li>\n<li>Rozwi\u0105zanie: Sprawd\u017a, czy ilo\u015b\u0107 oleju hydraulicznego jest wystarczaj\u0105ca i czy ruroci\u0105g nie jest zablokowany lub nieszczelny.<\/li>\n<li>Problem: W cylindrze jest nieszczelno\u015b\u0107.<\/li>\n<li>Rozwi\u0105zanie: Sprawd\u017a, czy elementy uszczelniaj\u0105ce nie s\u0105 uszkodzone lub czy korpus cylindra lub powierzchnia gwintowana nie s\u0105 zu\u017cyte.<\/li>\n<li>Problem: Podczas pracy cylinder wydaje nietypowe d\u017awi\u0119ki.<\/li>\n<li>Rozwi\u0105zanie: Sprawd\u017a, czy korpus cylindra nie jest odkszta\u0142cony i czy t\u0142ok lub pr\u0119t nie jest uszkodzony.<\/li>\n<\/ul>\n<p>\u015arodki zapobiegawcze obejmuj\u0105 regularne kontrole i konserwacj\u0119 maj\u0105ce na celu zapobieganie potencjalnym problemom, a tak\u017ce przestrzeganie wytycznych bezpiecze\u0144stwa w celu zapobiegania wypadkom.<\/p>\n<p><img decoding=\"async\" src=\"https:\/\/www.hydraulic-cylinders.net\/wp-content\/uploads\/2025\/01\/songte-bushings-with-all-kinds-of-excavator-models.webp\"\/><\/p>\n<h2>O nas<\/h2>\n<p>Jeste\u015bmy profesjonalnym producentem zamiennych cylindr\u00f3w hydraulicznych, oferuj\u0105cym szerok\u0105 gam\u0119 produkt\u00f3w i stali\u015bmy si\u0119 jednym z wiod\u0105cych producent\u00f3w i dystrybutor\u00f3w cylindr\u00f3w hydraulicznych na rynku krajowym i mi\u0119dzynarodowym. Przestrzegamy zasady doskona\u0142ej jako\u015bci i opieramy si\u0119 na strategii zarz\u0105dzania produkcj\u0105 zindustrializowan\u0105, opartej na precyzyjnych warsztatach produkcyjnych, aby stale podnosi\u0107 poziom techniczny i wydajno\u015b\u0107 produkcji. Dzi\u0119ki wprowadzaniu wysokiej klasy cyfrowego sprz\u0119tu produkcyjnego i profesjonalnych system\u00f3w testowych, stale optymalizujemy platform\u0119 produkcyjn\u0105, usprawniamy proces kontroli jako\u015bci produkt\u00f3w i dysponujemy du\u017cym potencja\u0142em innowacyjnym. Naszym celem jest zaspokojenie zr\u00f3\u017cnicowanych potrzeb klient\u00f3w poprzez wysok\u0105 wydajno\u015b\u0107, precyzj\u0119 i jako\u015b\u0107.<\/p>\n<h3>Profesjonalizm<\/h3>\n<p>Dysponujemy profesjonalnym zespo\u0142em technicznym z bogatym do\u015bwiadczeniem i wiedz\u0105 specjalistyczn\u0105 w zakresie produkcji i konserwacji cylindr\u00f3w hydraulicznych. Kierujemy si\u0119 zasad\u0105, \u017ce klient jest najwa\u017cniejszy, i zapewniamy klientom profesjonaln\u0105 i sprawn\u0105 obs\u0142ug\u0119.<\/p>\n<h3>Mi\u0119dzynarodowa Certyfikacja<\/h3>\n<p>Posiadamy szereg mi\u0119dzynarodowych certyfikat\u00f3w, takich jak ISO9001, CE i RoHS, kt\u00f3re odzwierciedlaj\u0105 nasze wysokie standardy jako\u015bci i procesy produkcyjne.<\/p>\n<h3>Us\u0142ugi personalizacji<\/h3>\n<p>Oferujemy us\u0142ugi dostosowane do indywidualnych potrzeb i mo\u017cemy produkowa\u0107 cylindry hydrauliczne wed\u0142ug konkretnych wymaga\u0144 klienta, zapewniaj\u0105c mu rozwi\u0105zania dostosowane do jego potrzeb.<\/p>\n<h3>Sprz\u0119t produkcyjny<\/h3>\n<p>Wprowadzili\u015bmy seri\u0119 najwy\u017cszej klasy cyfrowego sprz\u0119tu produkcyjnego, takiego jak obrabiarki CNC, aby zapewni\u0107 precyzj\u0119 i wydajno\u015b\u0107 procesu produkcyjnego.<\/p>\n<h3>Serwis posprzeda\u017cowy<\/h3>\n<p>Zapewniamy kompleksowy serwis posprzeda\u017cowy, obejmuj\u0105cy doradztwo w zakresie instalacji, konserwacj\u0119 i napraw\u0119 oraz wsparcie techniczne, aby zagwarantowa\u0107 wydajn\u0105 i stabiln\u0105 prac\u0119 si\u0142ownika hydraulicznego.<\/p>\n<p><img decoding=\"async\" src=\"https:\/\/www.hydraulic-cylinders.net\/wp-content\/uploads\/2025\/01\/songte-company-4.webp\"\/><br \/>\n<img decoding=\"async\" src=\"https:\/\/www.hydraulic-cylinders.net\/wp-content\/uploads\/2025\/01\/songte-company-3.webp\"\/><\/p>\n<p>Autor: lyl.<\/p>","protected":false},"excerpt":{"rendered":"<p>Arm Cylinder For Zoomlion Large Excavator ZE1250E Introduction The arm cylinder is a specialized hydraulic cylinder designed to provide linear motion and power to the arms of various types of machinery, such as excavators, cranes, and manipulators. It plays a critical role in the hydraulic system, allowing attachments or accessories to move and be controlled [&hellip;]<\/p>","protected":false},"featured_media":14774,"comment_status":"open","ping_status":"closed","template":"","meta":{"_et_pb_use_builder":"","_et_pb_old_content":"","_et_gb_content_width":""},"product_brand":[],"product_cat":[1497],"product_tag":[1498,1496],"class_list":{"0":"post-16439","1":"product","2":"type-product","3":"status-publish","4":"has-post-thumbnail","6":"product_cat-arm-cylinders","7":"product_tag-arm-cylinders","8":"product_tag-hydraulic-cylinders","10":"first","11":"instock","12":"shipping-taxable","13":"product-type-simple"},"amp_enabled":true,"_links":{"self":[{"href":"https:\/\/www.hydraulic-cylinders.net\/pl\/wp-json\/wp\/v2\/product\/16439","targetHints":{"allow":["GET"]}}],"collection":[{"href":"https:\/\/www.hydraulic-cylinders.net\/pl\/wp-json\/wp\/v2\/product"}],"about":[{"href":"https:\/\/www.hydraulic-cylinders.net\/pl\/wp-json\/wp\/v2\/types\/product"}],"replies":[{"embeddable":true,"href":"https:\/\/www.hydraulic-cylinders.net\/pl\/wp-json\/wp\/v2\/comments?post=16439"}],"wp:featuredmedia":[{"embeddable":true,"href":"https:\/\/www.hydraulic-cylinders.net\/pl\/wp-json\/wp\/v2\/media\/14774"}],"wp:attachment":[{"href":"https:\/\/www.hydraulic-cylinders.net\/pl\/wp-json\/wp\/v2\/media?parent=16439"}],"wp:term":[{"taxonomy":"product_brand","embeddable":true,"href":"https:\/\/www.hydraulic-cylinders.net\/pl\/wp-json\/wp\/v2\/product_brand?post=16439"},{"taxonomy":"product_cat","embeddable":true,"href":"https:\/\/www.hydraulic-cylinders.net\/pl\/wp-json\/wp\/v2\/product_cat?post=16439"},{"taxonomy":"product_tag","embeddable":true,"href":"https:\/\/www.hydraulic-cylinders.net\/pl\/wp-json\/wp\/v2\/product_tag?post=16439"}],"curies":[{"name":"wp","href":"https:\/\/api.w.org\/{rel}","templated":true}]}}