{"id":16451,"date":"2025-01-21T05:26:16","date_gmt":"2025-01-21T05:26:16","guid":{"rendered":"https:\/\/www.hydraulic-cylinders.net\/product\/arm-cylinder-for-sunward-middle-excavator-swe230e\/"},"modified":"2025-01-21T05:26:18","modified_gmt":"2025-01-21T05:26:18","slug":"arm-cylinder-for-sunward-middle-excavator-swe230e","status":"publish","type":"product","link":"https:\/\/www.hydraulic-cylinders.net\/pl\/produkt\/arm-cylinder-for-sunward-middle-excavator-swe230e\/","title":{"rendered":"Si\u0142ownik ramienia do koparki \u015brodkowej Sunward SWE230E"},"content":{"rendered":"<h1>Si\u0142ownik ramienia do koparki \u015brodkowej Sunward SWE230E<\/h1>\n<h2>Wst\u0119p<\/h2>\n<p>Si\u0142ownik ramienia to specjalnie zaprojektowany si\u0142ownik hydrauliczny, kt\u00f3ry zapewnia ruch liniowy i zasilanie ramion r\u00f3\u017cnych maszyn, takich jak koparki, d\u017awigi i ramiona robot\u00f3w. Si\u0142ownik ramienia odgrywa kluczow\u0105 rol\u0119 w uk\u0142adzie hydraulicznym, umo\u017cliwiaj\u0105c ruch i sterowanie dodatkowymi narz\u0119dziami lub osprz\u0119tem. Si\u0142owniki te nie tylko zapewniaj\u0105 p\u0142ynny ruch, ale tak\u017ce wytrzymuj\u0105 du\u017ce obci\u0105\u017cenia, gwarantuj\u0105c wydajn\u0105 prac\u0119 i niezawodno\u015b\u0107 maszyn w r\u00f3\u017cnych warunkach pracy.<\/p>\n<p><img decoding=\"async\" src=\"https:\/\/www.hydraulic-cylinders.net\/wp-content\/uploads\/2025\/01\/songte-company-2.webp\" alt=\"Obraz cylindra ramienia\"><\/p>\n<h3>Definicja i wyja\u015bnienie<\/h3>\n<p>Si\u0142ownik ramienia to si\u0142ownik hydrauliczny, kt\u00f3ry zapewnia ruch liniowy i zasilanie ramion r\u00f3\u017cnych maszyn, takich jak koparki, d\u017awigi i ramiona robot\u00f3w. Tego typu si\u0142owniki hydrauliczne odgrywaj\u0105 kluczow\u0105 rol\u0119 w uk\u0142adzie hydraulicznym, umo\u017cliwiaj\u0105c ruch i sterowanie dodatkowymi narz\u0119dziami lub osprz\u0119tem. Si\u0142owniki te nie tylko zapewniaj\u0105 p\u0142ynny ruch, ale tak\u017ce wytrzymuj\u0105 du\u017ce obci\u0105\u017cenia, gwarantuj\u0105c wydajn\u0105 prac\u0119 i niezawodno\u015b\u0107 maszyn w r\u00f3\u017cnych warunkach pracy.<\/p>\n<h2>Cechy<\/h2>\n<ul>\n<li>\n<h3>Wysokowydajna skrzynia bieg\u00f3w<\/h3>\n<p> Cylindry ramienia zapewniaj\u0105 mocny ruch liniowy i si\u0142\u0119, gwarantuj\u0105c wysok\u0105 wydajno\u015b\u0107 ramienia maszyny w r\u00f3\u017cnych operacjach.<\/li>\n<li>\n<h3>Precyzyjna kontrola<\/h3>\n<p> Dzi\u0119ki uk\u0142adowi hydraulicznemu si\u0142owniki ramion mog\u0105 uzyska\u0107 precyzyjn\u0105 kontrol\u0119 ruchu, co sprawia, \u017ce \u200b\u200bobs\u0142uga dodatkowych narz\u0119dzi jest bardziej elastyczna i dok\u0142adna.<\/li>\n<li>\n<h3>Wytrzyma\u0142y<\/h3>\n<p> Do produkcji cylindr\u00f3w ramieniowych stosuje si\u0119 zazwyczaj materia\u0142y o wysokiej wytrzyma\u0142o\u015bci, odporne na zu\u017cycie i korozj\u0119, przystosowane do d\u0142ugotrwa\u0142ego u\u017cytkowania w trudnych warunkach.<\/li>\n<li>\n<h3>Wielofunkcyjna adaptowalno\u015b\u0107<\/h3>\n<p> Tego typu si\u0142owniki mo\u017cna powszechnie stosowa\u0107 w r\u00f3\u017cnych urz\u0105dzeniach mechanicznych, takich jak koparki, d\u017awigi i ramiona robotyczne, dostosowuj\u0105c je do r\u00f3\u017cnych wymaga\u0144 roboczych.<\/li>\n<li>\n<h3>\u0141atwa konserwacja<\/h3>\n<p> Projekt uwzgl\u0119dnia \u0142atwo\u015b\u0107 konserwacji i wymiany, dzi\u0119ki czemu regularne kontrole i konserwacje staj\u0105 si\u0119 wygodniejsze, a przestoje sprz\u0119tu skr\u00f3cone.<\/li>\n<\/ul>\n<p>Mo\u017cemy wyprodukowa\u0107 produkt, kt\u00f3ry doskonale zast\u0105pi te cylindry hydrauliczne.<\/p>\n<p><img decoding=\"async\" src=\"https:\/\/www.hydraulic-cylinders.net\/wp-content\/uploads\/2025\/01\/songte-oil-pipes-and-spare-parts.webp\" alt=\"Obraz produktu\"><\/p>\n<h2>Aplikacje<\/h2>\n<p>Si\u0142ownik ramienia ma szerokie zastosowanie w r\u00f3\u017cnych ga\u0142\u0119ziach przemys\u0142u:<\/p>\n<ul>\n<li>\n<h3>In\u017cynieria budowlana<\/h3>\n<p> Si\u0142owniki ramieniowe s\u0142u\u017c\u0105 do sterowania ruchem \u0142y\u017cek lub wysi\u0119gnik\u00f3w w koparkach i d\u017awigach podczas wykonywania rob\u00f3t ziemnych, przenoszenia materia\u0142\u00f3w i instalacji konstrukcyjnych.<\/li>\n<li>\n<h3>Produkcja<\/h3>\n<p> Cylindry ramieniowe s\u0142u\u017c\u0105 do poruszania ramionami robot\u00f3w w zautomatyzowanych liniach produkcyjnych, np. przy monta\u017cu, spawaniu i obs\u0142udze, zwi\u0119kszaj\u0105c wydajno\u015b\u0107 i dok\u0142adno\u015b\u0107 produkcji.<\/li>\n<li>\n<h3>Maszyny rolnicze<\/h3>\n<p> Cylindry ramion steruj\u0105 ruchem ramion roboczych w maszynach rolniczych, takich jak kombajny i siewniki, wykonuj\u0105cych zadania takie jak siew, nawo\u017cenie i zbi\u00f3r.<\/li>\n<li>\n<h3>G\u00f3rnictwo<\/h3>\n<p> Cylindry ramieniowe s\u0142u\u017c\u0105 do sterowania ruchem ramion urz\u0105dze\u0144 g\u00f3rniczych, wykonuj\u0105cych zadania takie jak wydobycie i transport minera\u0142\u00f3w.<\/li>\n<li>\n<h3>Logistyka i transport<\/h3>\n<p> Cylindry ramieniowe s\u0142u\u017c\u0105 do sterowania podnoszeniem i ruchem wide\u0142 w w\u00f3zkach wid\u0142owych i robotach prze\u0142adunkowych, realizuj\u0105cych prze\u0142adunek materia\u0142\u00f3w i ich uk\u0142adanie.<\/li>\n<\/ul>\n<h2>Zagadnienia projektowe i kryteria wyboru<\/h2>\n<p>Je\u015bli chodzi o wzgl\u0119dy projektowe i kryteria wyboru, si\u0142ownik ramienia musi spe\u0142nia\u0107 okre\u015blone wymagania:<\/p>\n<ul>\n<li>\n<h3>No\u015bno\u015b\u0107<\/h3>\n<p> Si\u0142ownik ramienia powinien mie\u0107 odpowiedni\u0105 no\u015bno\u015b\u0107, aby sprosta\u0107 wymaganiom r\u00f3\u017cnych maszyn w r\u00f3\u017cnych warunkach pracy.<\/li>\n<li>\n<h3>Opiecz\u0119towanie<\/h3>\n<p> Cylinder ramienia musi mie\u0107 skuteczne uszczelnienie, aby zapobiec przedostawaniu si\u0119 do cylindra zewn\u0119trznego py\u0142u i zanieczyszcze\u0144 oraz zapewni\u0107 niezawodno\u015b\u0107 uk\u0142adu hydraulicznego.<\/li>\n<li>\n<h3>Trwa\u0142o\u015b\u0107<\/h3>\n<p> Cylinder ramienia powinien by\u0107 wykonany z materia\u0142\u00f3w o wysokiej wytrzyma\u0142o\u015bci, charakteryzuj\u0105cych si\u0119 dobr\u0105 odporno\u015bci\u0105 na zu\u017cycie i korozj\u0119, aby zapewni\u0107 d\u0142ugotrwa\u0142e u\u017cytkowanie w trudnych warunkach.<\/li>\n<li>\n<h3>Bezpiecze\u0144stwo<\/h3>\n<p> Bezpiecze\u0144stwo jest kwesti\u0105 kluczow\u0105, dlatego si\u0142ownik ramienia musi by\u0107 wyposa\u017cony w niezawodne urz\u0105dzenie zabezpieczaj\u0105ce, zapobiegaj\u0105ce wypadkom spowodowanym przeci\u0105\u017ceniem lub innymi awariami.<\/li>\n<li>\n<h3>Utrzymywalno\u015b\u0107<\/h3>\n<p> Konstrukcja cylindra ramienia powinna uwzgl\u0119dnia\u0107 \u0142atwo\u015b\u0107 konserwacji i wymiany cz\u0119\u015bci, co zmniejszy przestoje i koszty konserwacji.<\/li>\n<\/ul>\n<p><img decoding=\"async\" src=\"https:\/\/www.hydraulic-cylinders.net\/wp-content\/uploads\/2025\/01\/songte-cylinder-head-with-all-kinds-excavator-models.webp\" alt=\"Obraz produktu\"><\/p>\n<h2>Uszczelnianie i smarowanie<\/h2>\n<p>Si\u0142ownik ramienia wykorzystuje r\u00f3\u017cne elementy uszczelniaj\u0105ce, takie jak uszczelnienia t\u0142oka, uszczelnienia t\u0142oczyska itp. Uszczelnienia te wykonane s\u0105 z materia\u0142\u00f3w odpornych na zu\u017cycie, takich jak poliuretan i kauczuk nitrylowy. Korpus si\u0142ownika i gwintowana powierzchnia ko\u0144cowa s\u0105 precyzyjnie obrobione, aby zwi\u0119kszy\u0107 odporno\u015b\u0107 na zu\u017cycie. Si\u0142ownik ramienia wymaga regularnego uzupe\u0142niania odpowiedniej ilo\u015bci oleju hydraulicznego, aby zapewni\u0107 prawid\u0142owe smarowanie.<\/p>\n<h2>Inspekcja i konserwacja<\/h2>\n<p>Regularne kontrole i konserwacja zapobiegawcza mog\u0105 wyd\u0142u\u017cy\u0107 \u017cywotno\u015b\u0107 si\u0142ownik\u00f3w ramienia. Kluczowe \u015brodki to:<\/p>\n<ul>\n<li>\n<h3>Regularna kontrola cylindra ramienia<\/h3>\n<p> Sprawd\u017a korpus cylindra i ruchome cz\u0119\u015bci pod k\u0105tem uszkodze\u0144 lub odkszta\u0142ce\u0144, sprawd\u017a elementy uszczelniaj\u0105ce i upewnij si\u0119, \u017ce uk\u0142ad hydrauliczny jest czysty i dro\u017cny.<\/li>\n<li>\n<h3>Czyszczenie i wymiana<\/h3>\n<p> Regularnie czy\u015b\u0107 i wymieniaj wszelkie uszkodzone lub zu\u017cyte cz\u0119\u015bci, takie jak uszczelki.<\/li>\n<li>\n<h3>Prawid\u0142owe smarowanie<\/h3>\n<p> Aby zapewni\u0107 w\u0142a\u015bciwe smarowanie, nale\u017cy regularnie uzupe\u0142nia\u0107 odpowiedni\u0105 ilo\u015b\u0107 oleju hydraulicznego.<\/li>\n<\/ul>\n<h2>Przewodnik instalacji<\/h2>\n<p>Aby przeprowadzi\u0107 prawid\u0142ow\u0105 instalacj\u0119, wykonaj nast\u0119puj\u0105ce czynno\u015bci:<\/p>\n<ol>\n<li>Upewnij si\u0119, \u017ce urz\u0105dzenie jest wy\u0142\u0105czone i znajduje si\u0119 w stabilnej pozycji.<\/li>\n<li>Zdejmij stary cylinder ramienia i wyczy\u015b\u0107 powierzchni\u0119 monta\u017cow\u0105.<\/li>\n<li>Nanie\u015b\u0107 niewielk\u0105 ilo\u015b\u0107 smaru na powierzchni\u0119 monta\u017cow\u0105 nowego cylindra ramienia.<\/li>\n<li>Zamontuj nowy cylinder ramienia i dokr\u0119\u0107 \u015bruby mocuj\u0105ce z okre\u015blonym momentem obrotowym.<\/li>\n<li>Pod\u0142\u0105cz w\u0119\u017ce hydrauliczne i z\u0142\u0105czki.<\/li>\n<li>Przetestuj nowy cylinder ramienia pod k\u0105tem dzia\u0142ania i szczelno\u015bci.<\/li>\n<\/ol>\n<p><img decoding=\"async\" src=\"https:\/\/www.hydraulic-cylinders.net\/wp-content\/uploads\/2025\/01\/songte-bushings-with-all-kinds-of-excavator-models.webp\" alt=\"Obraz produktu\"><\/p>\n<h2>Zagadnienia bezpiecze\u0144stwa i czynniki \u015brodowiskowe<\/h2>\n<p>Podczas korzystania z si\u0142ownik\u00f3w ramieniowych nale\u017cy bezwzgl\u0119dnie przestrzega\u0107 odpowiednich przepis\u00f3w i wytycznych bezpiecze\u0144stwa, aby zapobiec wypadkom. \u015arodki bezpiecze\u0144stwa obejmuj\u0105 regularn\u0105 kontrol\u0119 sprz\u0119tu, zapewnienie jego prawid\u0142owego u\u017cytkowania oraz unikanie przeci\u0105\u017cenia lub niew\u0142a\u015bciwego u\u017cytkowania.<\/p>\n<h2>Rozwi\u0105zywanie problem\u00f3w i typowe problemy<\/h2>\n<p>Typowe problemy z si\u0142ownikiem ramienia to nieszczelno\u015b\u0107, s\u0142aba wydajno\u015b\u0107 i zu\u017cycie. Oto kilka wskaz\u00f3wek, kt\u00f3re pomog\u0105 zdiagnozowa\u0107 i rozwi\u0105za\u0107 te problemy:<\/p>\n<ul>\n<li>\n<h3>Przeciek<\/h3>\n<p> Sprawd\u017a elementy uszczelniaj\u0105ce pod k\u0105tem zu\u017cycia lub uszkodze\u0144, wymie\u0144 uszkodzone cz\u0119\u015bci i upewnij si\u0119, \u017ce uk\u0142ad hydrauliczny jest czysty i dro\u017cny.<\/li>\n<li>\n<h3>S\u0142aba wydajno\u015b\u0107<\/h3>\n<p> Sprawd\u017a uk\u0142ad hydrauliczny pod k\u0105tem takich usterek jak niski poziom p\u0142ynu, blokady lub uszkodzenia pompy lub silnika.<\/li>\n<li>\n<h3>Nosi\u0107<\/h3>\n<p> Sprawd\u017a, czy korpus cylindra i ruchome cz\u0119\u015bci, takie jak t\u0142ok lub pr\u0119t, nie s\u0105 zu\u017cyte i wymie\u0144 zu\u017cyte cz\u0119\u015bci.<\/li>\n<\/ul>\n<p>Regularne kontrole i konserwacja zapobiegawcza mog\u0105 pom\u00f3c zapobiec wyst\u0105pieniu tych problem\u00f3w.<\/p>\n<h2>O nas<\/h2>\n<p>Jeste\u015bmy profesjonalnym producentem zamiennych cylindr\u00f3w hydraulicznych, oferuj\u0105cym szerok\u0105 gam\u0119 produkt\u00f3w i staj\u0105c si\u0119 jednym z wiod\u0105cych producent\u00f3w i dystrybutor\u00f3w hurtowych cylindr\u00f3w hydraulicznych na rynku krajowym i mi\u0119dzynarodowym. Zawsze przestrzegamy zasady doskona\u0142ej jako\u015bci i stale podnosimy wydajno\u015b\u0107 produkcji oraz poziom technologiczny. Wdra\u017caj\u0105c zaawansowany cyfrowy sprz\u0119t produkcyjny i profesjonalne systemy testowe, stale optymalizujemy nasz\u0105 platform\u0119 produkcyjn\u0105 i udoskonalamy procesy kontroli jako\u015bci produkt\u00f3w. Naszym celem jest zaspokojenie zr\u00f3\u017cnicowanych potrzeb klient\u00f3w poprzez wysok\u0105 wydajno\u015b\u0107, dok\u0142adno\u015b\u0107 i przestrzeganie zasad jako\u015bci.<\/p>\n<p><img decoding=\"async\" src=\"https:\/\/www.hydraulic-cylinders.net\/wp-content\/uploads\/2025\/01\/songte-company-4.webp\" alt=\"Obraz produktu\"><br \/>\n<img decoding=\"async\" src=\"https:\/\/www.hydraulic-cylinders.net\/wp-content\/uploads\/2025\/01\/songte-company-3.webp\" alt=\"Obraz produktu\"><\/p>\n<h3>Profesjonalizm<\/h3>\n<p>Nasz zesp\u00f3\u0142 sk\u0142ada si\u0119 z do\u015bwiadczonych in\u017cynier\u00f3w, projektant\u00f3w i pracownik\u00f3w sprzeda\u017cy, kt\u00f3rzy s\u0105 oddani dostarczaniu profesjonalnych us\u0142ug i rozwi\u0105za\u0144 spe\u0142niaj\u0105cych wszystkie potrzeby klient\u00f3w.<\/p>\n<h3>Mi\u0119dzynarodowa Certyfikacja<\/h3>\n<p>Przeszli\u015bmy mi\u0119dzynarodowy proces certyfikacji i mo\u017cemy zapewni\u0107 naszym klientom wysokiej jako\u015bci, niezawodne produkty, spe\u0142niaj\u0105ce mi\u0119dzynarodowe standardy.<\/p>\n<h3>Us\u0142ugi personalizacji<\/h3>\n<p>Oferujemy us\u0142ugi dostosowywania do indywidualnych potrzeb klienta, np. poprzez zmian\u0119 rozmiaru, ci\u015bnienia i zastosowania cylindra.<\/p>\n<h3>Sprz\u0119t produkcyjny<\/h3>\n<p>Wykorzystujemy najnowocze\u015bniejszy sprz\u0119t produkcyjny i technologie wytw\u00f3rcze, aby zapewni\u0107 jako\u015b\u0107 produktu i zwi\u0119kszy\u0107 wydajno\u015b\u0107 produkcji.<\/p>\n<h3>Serwis posprzeda\u017cowy<\/h3>\n<p>Oferujemy kompleksow\u0105 obs\u0142ug\u0119 posprzeda\u017cow\u0105, obejmuj\u0105c\u0105 wsparcie techniczne, konserwacj\u0119 i naprawy, aby zagwarantowa\u0107 maksymaln\u0105 satysfakcj\u0119 klienta i wydajno\u015b\u0107 produktu.<\/p>\n<p><img decoding=\"async\" src=\"https:\/\/www.hydraulic-cylinders.net\/wp-content\/uploads\/2025\/01\/songte-chushion-collar.webp\" alt=\"Obraz produktu\"><\/p>\n<p>Autor: lyl<\/p>","protected":false},"excerpt":{"rendered":"<p>Arm Cylinder For Sunward Middle Excavator SWE230E Introduction Arm cylinder is a specially designed hydraulic cylinder used to provide linear motion and power to the arms of various machines such as excavators, cranes, and robotic arms. The arm cylinder plays a critical role in the hydraulic system, enabling the movement and control of additional tools [&hellip;]<\/p>","protected":false},"featured_media":14772,"comment_status":"open","ping_status":"closed","template":"","meta":{"_et_pb_use_builder":"","_et_pb_old_content":"","_et_gb_content_width":""},"product_brand":[],"product_cat":[1497],"product_tag":[1498,1496],"class_list":{"0":"post-16451","1":"product","2":"type-product","3":"status-publish","4":"has-post-thumbnail","6":"product_cat-arm-cylinders","7":"product_tag-arm-cylinders","8":"product_tag-hydraulic-cylinders","10":"first","11":"instock","12":"shipping-taxable","13":"product-type-simple"},"amp_enabled":true,"_links":{"self":[{"href":"https:\/\/www.hydraulic-cylinders.net\/pl\/wp-json\/wp\/v2\/product\/16451","targetHints":{"allow":["GET"]}}],"collection":[{"href":"https:\/\/www.hydraulic-cylinders.net\/pl\/wp-json\/wp\/v2\/product"}],"about":[{"href":"https:\/\/www.hydraulic-cylinders.net\/pl\/wp-json\/wp\/v2\/types\/product"}],"replies":[{"embeddable":true,"href":"https:\/\/www.hydraulic-cylinders.net\/pl\/wp-json\/wp\/v2\/comments?post=16451"}],"wp:featuredmedia":[{"embeddable":true,"href":"https:\/\/www.hydraulic-cylinders.net\/pl\/wp-json\/wp\/v2\/media\/14772"}],"wp:attachment":[{"href":"https:\/\/www.hydraulic-cylinders.net\/pl\/wp-json\/wp\/v2\/media?parent=16451"}],"wp:term":[{"taxonomy":"product_brand","embeddable":true,"href":"https:\/\/www.hydraulic-cylinders.net\/pl\/wp-json\/wp\/v2\/product_brand?post=16451"},{"taxonomy":"product_cat","embeddable":true,"href":"https:\/\/www.hydraulic-cylinders.net\/pl\/wp-json\/wp\/v2\/product_cat?post=16451"},{"taxonomy":"product_tag","embeddable":true,"href":"https:\/\/www.hydraulic-cylinders.net\/pl\/wp-json\/wp\/v2\/product_tag?post=16451"}],"curies":[{"name":"wp","href":"https:\/\/api.w.org\/{rel}","templated":true}]}}