{"id":16454,"date":"2025-01-21T05:26:27","date_gmt":"2025-01-21T05:26:27","guid":{"rendered":"https:\/\/www.hydraulic-cylinders.net\/product\/arm-cylinder-for-sunward-large-excavator-swe365e\/"},"modified":"2025-01-21T05:26:29","modified_gmt":"2025-01-21T05:26:29","slug":"arm-cylinder-for-sunward-large-excavator-swe365e","status":"publish","type":"product","link":"https:\/\/www.hydraulic-cylinders.net\/pl\/produkt\/arm-cylinder-for-sunward-large-excavator-swe365e\/","title":{"rendered":"Si\u0142ownik ramienia do du\u017cej koparki Sunward SWE365E"},"content":{"rendered":"<h1>Si\u0142ownik ramienia do du\u017cej koparki Sunward SWE365E<\/h1>\n<h2>Wst\u0119p<\/h2>\n<p>Si\u0142ownik ramienia to specjalnie zaprojektowany si\u0142ownik hydrauliczny, kt\u00f3ry zapewnia ruch liniowy i zasilanie ramienia r\u00f3\u017cnych maszyn, takich jak koparki, d\u017awigi i ramiona mechaniczne. Odgrywa kluczow\u0105 rol\u0119 w uk\u0142adach hydraulicznych, umo\u017cliwiaj\u0105c ruch dodatkowych narz\u0119dzi lub osprz\u0119tu i ich efektywne sterowanie. Si\u0142owniki te nie tylko zapewniaj\u0105 p\u0142ynne ruchy, ale tak\u017ce wytrzymuj\u0105 du\u017ce obci\u0105\u017cenia, gwarantuj\u0105c wydajn\u0105 prac\u0119 i niezawodno\u015b\u0107 maszyn w r\u00f3\u017cnych warunkach pracy.<\/p>\n<p><img decoding=\"async\" src=\"https:\/\/www.hydraulic-cylinders.net\/wp-content\/uploads\/2025\/01\/songte-company-2.webp\" alt=\"Obraz cylindra ramienia\"><\/p>\n<h2>Cechy<\/h2>\n<ul>\n<li>Wydajne przenoszenie mocy: Cylinder ramienia zapewnia mocny ruch liniowy i si\u0142\u0119, gwarantuj\u0105c wysok\u0105 wydajno\u015b\u0107 w r\u00f3\u017cnych operacjach.<\/li>\n<li>Precyzyjna kontrola: Dzi\u0119ki uk\u0142adowi hydraulicznemu si\u0142ownik ramienia umo\u017cliwia precyzyjn\u0105 kontrol\u0119 ruchu, co sprawia, \u017ce \u200b\u200boperacje wykonywane z u\u017cyciem dodatkowych narz\u0119dzi s\u0105 bardziej elastyczne i dok\u0142adne.<\/li>\n<li>Trwa\u0142o\u015b\u0107: Cylindry ramienia s\u0105 zazwyczaj wykonane z materia\u0142\u00f3w o wysokiej wytrzyma\u0142o\u015bci, zapewniaj\u0105cych doskona\u0142\u0105 odporno\u015b\u0107 na zu\u017cycie i korozj\u0119, dzi\u0119ki czemu nadaj\u0105 si\u0119 do d\u0142ugotrwa\u0142ego u\u017cytkowania w trudnych warunkach.<\/li>\n<li>Wielofunkcyjna adaptacja: Te cylindry s\u0105 szeroko stosowane w r\u00f3\u017cnych maszynach, takich jak koparki, d\u017awigi i ramiona mechaniczne, dostosowuj\u0105c si\u0119 do r\u00f3\u017cnych wymaga\u0144 roboczych.<\/li>\n<li>\u0141atwa konserwacja: Zaprojektowane z my\u015bl\u0105 o \u0142atwej konserwacji i wymianie, umo\u017cliwiaj\u0105 regularne kontrole i prace konserwacyjne, redukuj\u0105c przestoje sprz\u0119tu.<\/li>\n<\/ul>\n<p><img decoding=\"async\" src=\"https:\/\/www.hydraulic-cylinders.net\/wp-content\/uploads\/2025\/01\/songte-oil-pipes-and-spare-parts.webp\" alt=\"Obraz produktu\"><\/p>\n<h2>Aplikacje<\/h2>\n<p>Si\u0142ownik ramieniowy znajduje zastosowanie w r\u00f3\u017cnych ga\u0142\u0119ziach przemys\u0142u:<\/p>\n<ul>\n<li>In\u017cynieria budowlana: Stosowana w koparkach i d\u017awigach do sterowania ruchem \u0142y\u017cek lub wysi\u0119gnik\u00f3w podczas rob\u00f3t ziemnych, przenoszenia materia\u0142\u00f3w i instalacji konstrukcyjnych.<\/li>\n<li>Produkcja: Stosowane w zautomatyzowanych liniach produkcyjnych do poruszania ramionami mechanicznymi, u\u0142atwiaj\u0105ce procesy monta\u017cu, spawania i obs\u0142ugi, zwi\u0119kszaj\u0105ce wydajno\u015b\u0107 i precyzj\u0119 produkcji.<\/li>\n<li>Maszyny rolnicze: Stosowane w sprz\u0119cie rolniczym, takim jak kombajny i siewniki, w celu sterowania ruchem ramion roboczych podczas wykonywania zada\u0144 takich jak sadzenie, nawo\u017cenie i zbi\u00f3r.<\/li>\n<li>G\u00f3rnictwo: Stosowany w sprz\u0119cie g\u00f3rniczym do sterowania ruchem ramion podczas wydobywania i transportu rudy.<\/li>\n<li>Logistyka i transport: Stosowane w w\u00f3zkach wid\u0142owych i robotach prze\u0142adunkowych w celu kontrolowania podnoszenia i ruchu wide\u0142, co umo\u017cliwia przenoszenie i uk\u0142adanie materia\u0142\u00f3w.<\/li>\n<\/ul>\n<h2>Zagadnienia projektowe i kryteria wyboru<\/h2>\n<p>Przy projektowaniu i doborze cylindr\u00f3w ramieniowych istotne znaczenie ma kilka czynnik\u00f3w:<\/p>\n<ul>\n<li>No\u015bno\u015b\u0107: Cylindry ramieniowe powinny by\u0107 w stanie ud\u017awign\u0105\u0107 wymagane obci\u0105\u017cenia bez uszczerbku dla wydajno\u015bci i bezpiecze\u0144stwa.<\/li>\n<li>Uszczelnienie: W celu uzyskania optymalnej wydajno\u015bci stosuje si\u0119 r\u00f3\u017cne elementy uszczelniaj\u0105ce, takie jak uszczelnienia t\u0142ok\u00f3w i uszczelnienia t\u0142oczysk wykonane z materia\u0142\u00f3w odpornych na zu\u017cycie, w tym poliuretanu i kauczuku nitrylowego.<\/li>\n<li>Trwa\u0142o\u015b\u0107: Korpus cylindra i gwintowane ko\u0144ce poddawane s\u0105 starannej obr\u00f3bce powierzchni w celu zwi\u0119kszenia odporno\u015bci na zu\u017cycie.<\/li>\n<li>Bezpiecze\u0144stwo: Projekty powinny uwzgl\u0119dnia\u0107 \u015brodki bezpiecze\u0144stwa zapobiegaj\u0105ce wypadkom i gwarantuj\u0105ce bezpieczn\u0105 obs\u0142ug\u0119.<\/li>\n<li>\u0141atwo\u015b\u0107 konserwacji: \u0141atwy dost\u0119p do podzespo\u0142\u00f3w i standardowe procedury konserwacyjne minimalizuj\u0105 przestoje.<\/li>\n<\/ul>\n<p><img decoding=\"async\" src=\"https:\/\/www.hydraulic-cylinders.net\/wp-content\/uploads\/2025\/01\/songte-cylinder-head-with-all-kinds-excavator-models.webp\" alt=\"Obraz produktu\"><\/p>\n<h2>Uszczelnianie i smarowanie<\/h2>\n<p>W cylindrach ramieniowych stosuje si\u0119 kombinacj\u0119 r\u00f3\u017cnych element\u00f3w uszczelniaj\u0105cych, w tym uszczelnienia t\u0142oka, uszczelnienia t\u0142oczyska itp. Uszczelnienia te wykonane s\u0105 z materia\u0142\u00f3w odpornych na zu\u017cycie, takich jak poliuretan i kauczuk nitrylowy. Korpus cylindra i gwintowane ko\u0144c\u00f3wki poddawane s\u0105 precyzyjnej obr\u00f3bce, co zwi\u0119ksza odporno\u015b\u0107 na zu\u017cycie. Regularne smarowanie jest niezb\u0119dne do prawid\u0142owego dzia\u0142ania i wymaga dodania odpowiedniej ilo\u015bci oleju hydraulicznego.<\/p>\n<h2>Regularne kontrole i konserwacja zapobiegawcza<\/h2>\n<ul>\n<li>Regularnie przeprowadzaj kontrole, aby wykry\u0107 wszelkie \u015blady uszkodze\u0144, przeciek\u00f3w lub zu\u017cycia.<\/li>\n<li>Przeprowad\u017a konserwacj\u0119 zapobiegawcz\u0105, aby zapewni\u0107 optymaln\u0105 wydajno\u015b\u0107 i przed\u0142u\u017cy\u0107 \u017cywotno\u015b\u0107 cylindra ramienia.<\/li>\n<li>Aby zachowa\u0107 w\u0142a\u015bciw\u0105 szczelno\u015b\u0107 i zapobiec wyciekom p\u0142yn\u00f3w, nale\u017cy okresowo sprawdza\u0107 i wymienia\u0107 uszczelki.<\/li>\n<li>Utrzymuj cylinder w czysto\u015bci, wolny od zanieczyszcze\u0144, kt\u00f3re mog\u0105 mie\u0107 wp\u0142yw na jego dzia\u0142anie.<\/li>\n<li>Nale\u017cy przestrzega\u0107 wytycznych producenta dotycz\u0105cych cz\u0119stotliwo\u015bci konserwacji, smarowania i wymiany podzespo\u0142\u00f3w.<\/li>\n<\/ul>\n<h2>Wytyczne dotycz\u0105ce instalacji produktu<\/h2>\n<p>Prawid\u0142owy monta\u017c cylindra ramienia jest niezb\u0119dny dla uzyskania optymalnej wydajno\u015bci:<\/p>\n<ul>\n<li>Sprawd\u017a, czy cylinder jest prawid\u0142owo wyr\u00f3wnany i solidnie zamocowany.<\/li>\n<li>Nale\u017cy przestrzega\u0107 instrukcji producenta dotycz\u0105cych warto\u015bci momentu obrotowego i procedury dokr\u0119cania.<\/li>\n<li>Podczas procesu instalacji nale\u017cy u\u017cywa\u0107 odpowiednich narz\u0119dzi i sprz\u0119tu.<\/li>\n<li>Po monta\u017cu nale\u017cy sprawdzi\u0107, czy nie wyst\u0119puj\u0105 \u017cadne nieszczelno\u015bci lub nietypowe d\u017awi\u0119ki i dokona\u0107 niezb\u0119dnych regulacji.<\/li>\n<\/ul>\n<p><img decoding=\"async\" src=\"https:\/\/www.hydraulic-cylinders.net\/wp-content\/uploads\/2025\/01\/songte-bushings-with-all-kinds-of-excavator-models.webp\" alt=\"Obraz produktu\"><\/p>\n<h2>Zagadnienia bezpiecze\u0144stwa i czynniki \u015brodowiskowe<\/h2>\n<p>Podczas korzystania z si\u0142ownik\u00f3w ramieniowych \u015brodki bezpiecze\u0144stwa s\u0105 kluczowe, aby zapobiec wypadkom i zapewni\u0107 bezpiecze\u0144stwo operatora. Odpowiednie przeszkolenie i przestrzeganie protoko\u0142\u00f3w bezpiecze\u0144stwa s\u0105 kluczowe. Aby zapewni\u0107 optymaln\u0105 wydajno\u015b\u0107 i trwa\u0142o\u015b\u0107, nale\u017cy r\u00f3wnie\u017c uwzgl\u0119dni\u0107 czynniki \u015brodowiskowe, takie jak temperatura i wilgotno\u015b\u0107.<\/p>\n<h2>Diagnostyka usterek i typowe problemy<\/h2>\n<p>Do typowych problem\u00f3w z si\u0142ownikami ramienia nale\u017c\u0105 wycieki p\u0142ynu, niedostateczna moc, nietypowe d\u017awi\u0119ki i nieregularne ruchy. Aby zdiagnozowa\u0107 i rozwi\u0105za\u0107 te problemy:<\/p>\n<ul>\n<li>Sprawd\u017a, czy nie ma wyciek\u00f3w p\u0142ynu lub czy uszczelki nie s\u0105 uszkodzone. W razie konieczno\u015bci wymie\u0144 je.<\/li>\n<li>Sprawd\u017a uk\u0142ad hydrauliczny pod k\u0105tem prawid\u0142owego poziomu i ci\u015bnienia p\u0142yn\u00f3w.<\/li>\n<li>Sprawd\u017a cylinder pod k\u0105tem \u015blad\u00f3w zu\u017cycia lub uszkodze\u0144 i wymie\u0144 zu\u017cyte elementy.<\/li>\n<li>Sprawd\u017a, czy wszystkie po\u0142\u0105czenia i okucia s\u0105 dobrze dokr\u0119cone i bezpieczne.<\/li>\n<\/ul>\n<p>\u015arodki zapobiegawcze mog\u0105 pom\u00f3c zminimalizowa\u0107 potencjalne problemy:<\/p>\n<ul>\n<li>Regularnie sprawdzaj i konserwuj cylinder ramienia.<\/li>\n<li>Post\u0119puj zgodnie z wytycznymi dotycz\u0105cymi prawid\u0142owej instalacji i konserwacji.<\/li>\n<li>Stosuj si\u0119 do zalecanych parametr\u00f3w pracy i unikaj przeci\u0105\u017cenia.<\/li>\n<li>Nale\u017cy zapewni\u0107 odpowiednie smarowanie i stosowa\u0107 odpowiednie p\u0142yny hydrauliczne.<\/li>\n<\/ul>\n<p><img decoding=\"async\" src=\"https:\/\/www.hydraulic-cylinders.net\/wp-content\/uploads\/2025\/01\/songte-chushion-collar.webp\" alt=\"Obraz produktu\"><\/p>\n<h2>O nas<\/h2>\n<p>Jeste\u015bmy profesjonalnym producentem zamiennych cylindr\u00f3w hydraulicznych, oferuj\u0105cym szerok\u0105 gam\u0119 produkt\u00f3w. Stali\u015bmy si\u0119 jednym z wiod\u0105cych producent\u00f3w i hurtowych dystrybutor\u00f3w cylindr\u00f3w hydraulicznych na rynku krajowym i mi\u0119dzynarodowym. Nasze zaanga\u017cowanie w d\u0105\u017cenie do doskona\u0142o\u015bci jako\u015bci jest widoczne w naszych precyzyjnie zarz\u0105dzanych procesach produkcyjnych w nowoczesnych halach produkcyjnych, a tak\u017ce w ci\u0105g\u0142ym doskonaleniu naszych mo\u017cliwo\u015bci technologicznych i wydajno\u015bci produkcji.<\/p>\n<p>Wprowadzaj\u0105c zaawansowany, cyfrowy sprz\u0119t produkcyjny i profesjonalne systemy testowe, optymalizujemy nasz\u0105 platform\u0119 produkcyjn\u0105 i usprawniamy procesy kontroli jako\u015bci produkt\u00f3w, wykazuj\u0105c si\u0119 przy tym wysokim potencja\u0142em innowacyjnym. Naszym celem jest zaspokajanie zr\u00f3\u017cnicowanych potrzeb klient\u00f3w, kieruj\u0105c si\u0119 zasadami wydajno\u015bci, precyzji i wysokiej jako\u015bci.<\/p>\n<p><img decoding=\"async\" src=\"https:\/\/www.hydraulic-cylinders.net\/wp-content\/uploads\/2025\/01\/songte-company-4.webp\" alt=\"Wizerunek firmy\"><br \/>\n<img decoding=\"async\" src=\"https:\/\/www.hydraulic-cylinders.net\/wp-content\/uploads\/2025\/01\/songte-company-3.webp\" alt=\"Wizerunek firmy\"><\/p>\n<p>Autor: lyl<\/p>","protected":false},"excerpt":{"rendered":"<p>Arm Cylinder For Sunward Large Excavator SWE365E Introduction The arm cylinder is a specially designed hydraulic cylinder that provides linear motion and power to the arm of various machinery such as excavators, cranes, and mechanical arms. It plays a crucial role in hydraulic systems, allowing additional tools or attachments to move and be controlled effectively. [&hellip;]<\/p>","protected":false},"featured_media":14763,"comment_status":"open","ping_status":"closed","template":"","meta":{"_et_pb_use_builder":"","_et_pb_old_content":"","_et_gb_content_width":""},"product_brand":[],"product_cat":[1497],"product_tag":[1498,1496],"class_list":{"0":"post-16454","1":"product","2":"type-product","3":"status-publish","4":"has-post-thumbnail","6":"product_cat-arm-cylinders","7":"product_tag-arm-cylinders","8":"product_tag-hydraulic-cylinders","10":"first","11":"instock","12":"shipping-taxable","13":"product-type-simple"},"amp_enabled":true,"_links":{"self":[{"href":"https:\/\/www.hydraulic-cylinders.net\/pl\/wp-json\/wp\/v2\/product\/16454","targetHints":{"allow":["GET"]}}],"collection":[{"href":"https:\/\/www.hydraulic-cylinders.net\/pl\/wp-json\/wp\/v2\/product"}],"about":[{"href":"https:\/\/www.hydraulic-cylinders.net\/pl\/wp-json\/wp\/v2\/types\/product"}],"replies":[{"embeddable":true,"href":"https:\/\/www.hydraulic-cylinders.net\/pl\/wp-json\/wp\/v2\/comments?post=16454"}],"wp:featuredmedia":[{"embeddable":true,"href":"https:\/\/www.hydraulic-cylinders.net\/pl\/wp-json\/wp\/v2\/media\/14763"}],"wp:attachment":[{"href":"https:\/\/www.hydraulic-cylinders.net\/pl\/wp-json\/wp\/v2\/media?parent=16454"}],"wp:term":[{"taxonomy":"product_brand","embeddable":true,"href":"https:\/\/www.hydraulic-cylinders.net\/pl\/wp-json\/wp\/v2\/product_brand?post=16454"},{"taxonomy":"product_cat","embeddable":true,"href":"https:\/\/www.hydraulic-cylinders.net\/pl\/wp-json\/wp\/v2\/product_cat?post=16454"},{"taxonomy":"product_tag","embeddable":true,"href":"https:\/\/www.hydraulic-cylinders.net\/pl\/wp-json\/wp\/v2\/product_tag?post=16454"}],"curies":[{"name":"wp","href":"https:\/\/api.w.org\/{rel}","templated":true}]}}