{"id":16462,"date":"2025-01-21T05:27:04","date_gmt":"2025-01-21T05:27:04","guid":{"rendered":"https:\/\/www.hydraulic-cylinders.net\/product\/arm-cylinder-for-lishide-small-excavator-sc60-6\/"},"modified":"2025-01-21T05:27:05","modified_gmt":"2025-01-21T05:27:05","slug":"arm-cylinder-for-lishide-small-excavator-sc60-6","status":"publish","type":"product","link":"https:\/\/www.hydraulic-cylinders.net\/pl\/produkt\/arm-cylinder-for-lishide-small-excavator-sc60-6\/","title":{"rendered":"Si\u0142ownik ramienia do ma\u0142ej koparki Lishide SC60.6"},"content":{"rendered":"<h2>Si\u0142ownik ramienia do ma\u0142ej koparki Lishide SC60.6<\/h2>\n<h3>Wst\u0119p:<\/h3>\n<p>Si\u0142ownik ramienia to specjalistyczny si\u0142ownik hydrauliczny zaprojektowany do zapewnienia ruchu liniowego i zasilania ramion r\u00f3\u017cnego typu maszyn, takich jak koparki, d\u017awigi i ramiona robot\u00f3w. Si\u0142ownik ramienia odgrywa kluczow\u0105 rol\u0119 w uk\u0142adzie hydraulicznym, umo\u017cliwiaj\u0105c efektywny ruch i sterowanie do\u0142\u0105czonymi narz\u0119dziami lub akcesoriami. Si\u0142owniki te nie tylko zapewniaj\u0105 p\u0142ynny ruch, ale tak\u017ce wytrzymuj\u0105 du\u017ce obci\u0105\u017cenia, gwarantuj\u0105c wydajn\u0105 prac\u0119 i niezawodno\u015b\u0107 maszyn w r\u00f3\u017cnych warunkach pracy.<\/p>\n<p><img decoding=\"async\" src=\"https:\/\/www.hydraulic-cylinders.net\/wp-content\/uploads\/2025\/01\/songte-company-2.webp\" alt=\"cylinder ramienia\"><\/p>\n<h3>Cechy:<\/h3>\n<ul>\n<li>Wydajne przenoszenie mocy: Si\u0142ownik ramienia zapewnia mocny ruch liniowy i si\u0142\u0119, gwarantuj\u0105c wysok\u0105 wydajno\u015b\u0107 ramienia maszyny podczas r\u00f3\u017cnych operacji.<\/li>\n<li>Precyzyjna kontrola: Dzi\u0119ki uk\u0142adowi hydraulicznemu si\u0142ownik ramienia mo\u017ce uzyska\u0107 precyzyjn\u0105 kontrol\u0119 ruchu, co sprawia, \u017ce \u200b\u200bobs\u0142uga pod\u0142\u0105czonych narz\u0119dzi jest bardziej elastyczna i dok\u0142adna.<\/li>\n<li>Wysoka trwa\u0142o\u015b\u0107: Cylindry ramienia s\u0105 zwykle wykonane z materia\u0142\u00f3w o wysokiej wytrzyma\u0142o\u015bci, kt\u00f3re charakteryzuj\u0105 si\u0119 dobr\u0105 odporno\u015bci\u0105 na zu\u017cycie i korozj\u0119, dzi\u0119ki czemu nadaj\u0105 si\u0119 do d\u0142ugotrwa\u0142ego u\u017cytkowania w trudnych warunkach.<\/li>\n<li>Wielofunkcyjna adaptowalno\u015b\u0107: Te cylindry mo\u017cna szeroko stosowa\u0107 w r\u00f3\u017cnych urz\u0105dzeniach mechanicznych, takich jak koparki, d\u017awigi i ramiona robotyczne, aby dostosowa\u0107 je do r\u00f3\u017cnych wymaga\u0144 roboczych.<\/li>\n<li>\u0141atwa konserwacja: Projekt uwzgl\u0119dnia \u0142atwo\u015b\u0107 konserwacji i wymiany, dzi\u0119ki czemu regularne kontrole i konserwacje s\u0105 wygodniejsze, a przestoje sprz\u0119tu skr\u00f3cone.<\/li>\n<\/ul>\n<p>Mo\u017cemy wyprodukowa\u0107 ten produkt i nasz produkt mo\u017ce doskonale zast\u0105pi\u0107 te cylindry hydrauliczne.<\/p>\n<p><img decoding=\"async\" src=\"https:\/\/www.hydraulic-cylinders.net\/wp-content\/uploads\/2025\/01\/songte-oil-pipes-and-spare-parts.webp\" alt=\"cz\u0119\u015bci zapasowe\"><\/p>\n<h3>Zastosowania:<\/h3>\n<p>Si\u0142ownik ramienia jest szeroko stosowany w r\u00f3\u017cnych ga\u0142\u0119ziach przemys\u0142u, takich jak:<\/p>\n<ul>\n<li>In\u017cynieria budowlana: W koparkach i d\u017awigach si\u0142owniki ramienia s\u0142u\u017c\u0105 do sterowania ruchem \u0142y\u017cek lub wysi\u0119gnik\u00f3w, wykonywania rob\u00f3t ziemnych, przenoszenia materia\u0142\u00f3w i monta\u017cu konstrukcji.<\/li>\n<li>Przemys\u0142 wytw\u00f3rczy: W zautomatyzowanych liniach produkcyjnych cylindry ramieniowe s\u0142u\u017c\u0105 do poruszania ramionami robot\u00f3w, wykonywania proces\u00f3w monta\u017cu, spawania i obs\u0142ugi, co zwi\u0119ksza wydajno\u015b\u0107 i dok\u0142adno\u015b\u0107 produkcji.<\/li>\n<li>Maszyny rolnicze: W maszynach rolniczych, takich jak kombajny i siewniki, si\u0142owniki ramion steruj\u0105 ruchem ramion roboczych, wykonuj\u0105c zadania takie jak siew, nawo\u017cenie i zbi\u00f3r.<\/li>\n<li>G\u00f3rnictwo: W sprz\u0119cie g\u00f3rniczym cylindry ramieniowe s\u0142u\u017c\u0105 do sterowania ruchem ramion sprz\u0119tu g\u00f3rniczego podczas wydobycia i transportu rudy.<\/li>\n<li>Logistyka i transport: W w\u00f3zkach wid\u0142owych i robotach prze\u0142adunkowych si\u0142owniki ramion s\u0142u\u017c\u0105 do sterowania podnoszeniem i ruchem wide\u0142, umo\u017cliwiaj\u0105c obs\u0142ug\u0119 i uk\u0142adanie materia\u0142\u00f3w.<\/li>\n<\/ul>\n<h3>Zagadnienia projektowe i kryteria wyboru:<\/h3>\n<p>Pod wzgl\u0119dem konstrukcyjnym si\u0142ownik ramienia musi uwzgl\u0119dnia\u0107 no\u015bno\u015b\u0107, uszczelnienie, trwa\u0142o\u015b\u0107, bezpiecze\u0144stwo i konserwacj\u0119. <\/p>\n<ul>\n<li>No\u015bno\u015b\u0107: Cylindry ramienia musz\u0105 by\u0107 zaprojektowane tak, aby wytrzyma\u0107 maksymalne obci\u0105\u017cenie maszyny. <\/li>\n<li>Uszczelnienie: Stosowanie r\u00f3\u017cnych uszczelek, takich jak uszczelki t\u0142okowe i uszczelki t\u0142oczyskowe, wykonanych z materia\u0142\u00f3w odpornych na zu\u017cycie, takich jak poliuretan i kauczuk nitrylowy, mo\u017ce skutecznie poprawi\u0107 w\u0142a\u015bciwo\u015bci uszczelniaj\u0105ce cylindra. <\/li>\n<li>Trwa\u0142o\u015b\u0107: Korpus cylindra i gwintowane powierzchnie ko\u0144cowe musz\u0105 zosta\u0107 poddane dok\u0142adnej obr\u00f3bce w celu zwi\u0119kszenia ich odporno\u015bci na zu\u017cycie. <\/li>\n<li>Bezpiecze\u0144stwo: Konstrukcja cylindra musi uwzgl\u0119dnia\u0107 bezpiecze\u0144stwo maszyny i operator\u00f3w, np. zabezpieczenie przed przeci\u0105\u017ceniem i zabezpieczenie przed upadkiem. <\/li>\n<li>Konserwacja: Projekt powinien uwzgl\u0119dnia\u0107 \u0142atwo\u015b\u0107 konserwacji i wymiany, np. stosowanie \u0142atwo wymienialnych uszczelek i cz\u0119\u015bci zamiennych, aby skr\u00f3ci\u0107 czas konserwacji i zwi\u0119kszy\u0107 wydajno\u015b\u0107. <\/li>\n<\/ul>\n<p><img decoding=\"async\" src=\"https:\/\/www.hydraulic-cylinders.net\/wp-content\/uploads\/2025\/01\/songte-cylinder-head-with-all-kinds-excavator-models.webp\" alt=\"g\u0142owica cylindra\"><\/p>\n<h3>Uszczelnianie i smarowanie:<\/h3>\n<p>W si\u0142owniku ramienia zastosowano r\u00f3\u017cnorodne uszczelnienia, takie jak uszczelnienia t\u0142oka i t\u0142oczyska, wykonane z materia\u0142\u00f3w odpornych na zu\u017cycie, takich jak poliuretan i kauczuk nitrylowy, aby zapobiec wyciekom i poprawi\u0107 szczelno\u015b\u0107. Korpus si\u0142ownika i gwintowane powierzchnie ko\u0144cowe s\u0105 precyzyjnie obrobione, aby zwi\u0119kszy\u0107 odporno\u015b\u0107 na zu\u017cycie. Regularne dodawanie odpowiedniej ilo\u015bci oleju hydraulicznego mo\u017ce skutecznie smarowa\u0107 si\u0142ownik, zmniejszaj\u0105c zu\u017cycie i wyd\u0142u\u017caj\u0105c jego \u017cywotno\u015b\u0107.<\/p>\n<h3>Kontrola i konserwacja:<\/h3>\n<p>Regularne przegl\u0105dy i konserwacja zapobiegawcza mog\u0105 skutecznie ograniczy\u0107 wyst\u0119powanie usterek i wyd\u0142u\u017cy\u0107 \u017cywotno\u015b\u0107 cylindra. Oto kilka typowych czynno\u015bci kontrolnych i konserwacyjnych:<\/p>\n<ul>\n<li>Regularnie sprawdzaj szczelno\u015b\u0107 cylindra, np. szczelno\u015b\u0107 uszczelek t\u0142oka i t\u0142oczyska. <\/li>\n<li>Wyczy\u015b\u0107 korpus cylindra i gwintowane powierzchnie ko\u0144cowe, aby zapobiec zanieczyszczeniu. <\/li>\n<li>Regularnie uzupe\u0142niaj poziom oleju hydraulicznego, aby zapewni\u0107 smarowanie cylindra. <\/li>\n<li>W razie potrzeby wymie\u0144 uszczelki i cz\u0119\u015bci zamienne, a tak\u017ce dok\u0142adnie sprawd\u017a zgodno\u015b\u0107 i jako\u015b\u0107 cz\u0119\u015bci zamiennych.<\/li>\n<\/ul>\n<p><img decoding=\"async\" src=\"https:\/\/www.hydraulic-cylinders.net\/wp-content\/uploads\/2025\/01\/songte-chushion-collar.webp\" alt=\"ko\u0142nierz poduszkowy\"><\/p>\n<h3>Instrukcja instalacji:<\/h3>\n<p>Monta\u017c cylindra ramienia powinien odbywa\u0107 si\u0119 wed\u0142ug nast\u0119puj\u0105cych krok\u00f3w:<\/p>\n<ol>\n<li>Wyjmij stary cylinder i wyczy\u015b\u0107 miejsce instalacji. <\/li>\n<li>Sprawd\u017a zgodno\u015b\u0107 nowego cylindra z maszyn\u0105 i upewnij si\u0119, \u017ce wszystkie wymiary monta\u017cowe s\u0105 sp\u00f3jne. <\/li>\n<li>Ostro\u017cnie zamontuj nowy cylinder, zwracaj\u0105c uwag\u0119 na wyr\u00f3wnanie ko\u0144c\u00f3wek gwintowanych i po\u0142\u0105cze\u0144 hydraulicznych. <\/li>\n<li>Nape\u0142nij cylinder olejem hydraulicznym i sprawd\u017a szczelno\u015b\u0107 cylindra. <\/li>\n<li>Sprawd\u017a dzia\u0142anie cylindra i w razie potrzeby wyreguluj uk\u0142ad hydrauliczny. <\/li>\n<\/ol>\n<p><img decoding=\"async\" src=\"https:\/\/www.hydraulic-cylinders.net\/wp-content\/uploads\/2025\/01\/songte-bushings-with-all-kinds-of-excavator-models.webp\" alt=\"tuleje\"><\/p>\n<h3>Zagadnienia bezpiecze\u0144stwa i czynniki \u015brodowiskowe:<\/h3>\n<p>Bezpiecze\u0144stwo operator\u00f3w maszyn i personelu jest najwa\u017cniejsze podczas u\u017cytkowania i konserwacji si\u0142ownika ramienia. Aby zapobiec wypadkom, nale\u017cy stosowa\u0107 odpowiednie \u015brodki bezpiecze\u0144stwa, takie jak zabezpieczenie przed przeci\u0105\u017ceniem i zabezpieczenie przed upadkiem. Dodatkowo, czynniki \u015brodowiskowe, takie jak temperatura, wilgotno\u015b\u0107 i kurz, mog\u0105 wp\u0142ywa\u0107 na wydajno\u015b\u0107 si\u0142ownika. Regularne czyszczenie i konserwacja zapobiegaj\u0105 zanieczyszczeniom i zapewniaj\u0105 bezpieczn\u0105 i wydajn\u0105 prac\u0119.<\/p>\n<h3>Rozwi\u0105zywanie problem\u00f3w i typowe problemy:<\/h3>\n<p>Do typowych problem\u00f3w z cylindrami ramienia nale\u017c\u0105:<\/p>\n<ul>\n<li>Wyciek uszczelki<\/li>\n<li>Ha\u0142as podczas pracy<\/li>\n<li>Niewystarczaj\u0105ce przenoszenie mocy<\/li>\n<li>Powolny ruch ramienia<\/li>\n<\/ul>\n<p>Aby rozwi\u0105za\u0107 te problemy, nale\u017cy zastosowa\u0107 si\u0119 do poni\u017cszych wskaz\u00f3wek:<\/p>\n<ul>\n<li>Sprawd\u017a uszczelki i w razie potrzeby wymie\u0144 je<\/li>\n<li>Wyczy\u015b\u0107 cylinder i po\u0142\u0105czenia hydrauliczne<\/li>\n<li>Sprawd\u017a uk\u0142ad hydrauliczny i w razie potrzeby wyreguluj go<\/li>\n<li>Sprawd\u017a zgodno\u015b\u0107 cylindra i maszyny<\/li>\n<\/ul>\n<p>Aby zapobiec tym problemom, nale\u017cy regularnie przeprowadza\u0107 kontrole i konserwacj\u0119.<\/p>\n<p><img decoding=\"async\" src=\"https:\/\/www.hydraulic-cylinders.net\/wp-content\/uploads\/2025\/01\/songte-company-4.webp\" alt=\"firma\"><\/p>\n<h3>O nas:<\/h3>\n<p>Jeste\u015bmy profesjonalnym producentem zamiennych cylindr\u00f3w hydraulicznych, oferuj\u0105cym szerok\u0105 gam\u0119 produkt\u00f3w i stali\u015bmy si\u0119 jednym z wiod\u0105cych producent\u00f3w i dystrybutor\u00f3w hurtowych cylindr\u00f3w hydraulicznych na rynku krajowym i mi\u0119dzynarodowym. Zawsze przestrzegamy zasady doskona\u0142ej jako\u015bci i opieramy si\u0119 na strategii zarz\u0105dzania produkcj\u0105 przemys\u0142ow\u0105 w nowoczesnym zak\u0142adzie produkcyjnym, aby stale doskonali\u0107 nasz\u0105 technologi\u0119 i wydajno\u015b\u0107. Dzi\u0119ki wprowadzaniu zaawansowanego cyfrowego sprz\u0119tu produkcyjnego i profesjonalnych system\u00f3w testowych, stale optymalizujemy nasz\u0105 platform\u0119 produkcyjn\u0105, usprawniamy proces kontroli jako\u015bci produkt\u00f3w i dysponujemy silnymi mo\u017cliwo\u015bciami innowacyjnymi. Naszym celem jest zaspokajanie zr\u00f3\u017cnicowanych potrzeb klient\u00f3w, kieruj\u0105c si\u0119 zasadami wysokiej wydajno\u015bci, dok\u0142adno\u015bci i jako\u015bci.<\/p>\n<p>Oferujemy szerok\u0105 gam\u0119 us\u0142ug, w tym profesjonaln\u0105 personalizacj\u0119, mi\u0119dzynarodowe certyfikaty, sprz\u0119t produkcyjny i serwis posprzeda\u017cowy. <\/p>\n<p><img decoding=\"async\" src=\"https:\/\/www.hydraulic-cylinders.net\/wp-content\/uploads\/2025\/01\/songte-company-3.webp\" alt=\"firma\"><\/p>\n<p>Autor: lyl<\/p>","protected":false},"excerpt":{"rendered":"<p>Arm Cylinder For Lishide Small Excavator SC60.6 Introduction: Arm cylinder is a specialized hydraulic cylinder designed to provide linear motion and power to the arms of various types of machinery such as excavators, cranes, and robotic arms. The arm cylinder plays a vital role in the hydraulic system, enabling the effective movement and control of [&hellip;]<\/p>","protected":false},"featured_media":14770,"comment_status":"open","ping_status":"closed","template":"","meta":{"_et_pb_use_builder":"","_et_pb_old_content":"","_et_gb_content_width":""},"product_brand":[],"product_cat":[1497],"product_tag":[1498,1496],"class_list":{"0":"post-16462","1":"product","2":"type-product","3":"status-publish","4":"has-post-thumbnail","6":"product_cat-arm-cylinders","7":"product_tag-arm-cylinders","8":"product_tag-hydraulic-cylinders","10":"first","11":"instock","12":"shipping-taxable","13":"product-type-simple"},"amp_enabled":true,"_links":{"self":[{"href":"https:\/\/www.hydraulic-cylinders.net\/pl\/wp-json\/wp\/v2\/product\/16462","targetHints":{"allow":["GET"]}}],"collection":[{"href":"https:\/\/www.hydraulic-cylinders.net\/pl\/wp-json\/wp\/v2\/product"}],"about":[{"href":"https:\/\/www.hydraulic-cylinders.net\/pl\/wp-json\/wp\/v2\/types\/product"}],"replies":[{"embeddable":true,"href":"https:\/\/www.hydraulic-cylinders.net\/pl\/wp-json\/wp\/v2\/comments?post=16462"}],"wp:featuredmedia":[{"embeddable":true,"href":"https:\/\/www.hydraulic-cylinders.net\/pl\/wp-json\/wp\/v2\/media\/14770"}],"wp:attachment":[{"href":"https:\/\/www.hydraulic-cylinders.net\/pl\/wp-json\/wp\/v2\/media?parent=16462"}],"wp:term":[{"taxonomy":"product_brand","embeddable":true,"href":"https:\/\/www.hydraulic-cylinders.net\/pl\/wp-json\/wp\/v2\/product_brand?post=16462"},{"taxonomy":"product_cat","embeddable":true,"href":"https:\/\/www.hydraulic-cylinders.net\/pl\/wp-json\/wp\/v2\/product_cat?post=16462"},{"taxonomy":"product_tag","embeddable":true,"href":"https:\/\/www.hydraulic-cylinders.net\/pl\/wp-json\/wp\/v2\/product_tag?post=16462"}],"curies":[{"name":"wp","href":"https:\/\/api.w.org\/{rel}","templated":true}]}}