{"id":16478,"date":"2025-01-21T05:28:09","date_gmt":"2025-01-21T05:28:09","guid":{"rendered":"https:\/\/www.hydraulic-cylinders.net\/product\/arm-cylinder-for-lishide-large-excavator-sc400-8\/"},"modified":"2025-01-21T05:28:11","modified_gmt":"2025-01-21T05:28:11","slug":"arm-cylinder-for-lishide-large-excavator-sc400-8","status":"publish","type":"product","link":"https:\/\/www.hydraulic-cylinders.net\/pl\/produkt\/arm-cylinder-for-lishide-large-excavator-sc400-8\/","title":{"rendered":"Si\u0142ownik ramienia do du\u017cej koparki Lishide SC400.8"},"content":{"rendered":"<h2>Si\u0142ownik ramienia do du\u017cej koparki Lishide SC400.8<\/h2>\n<h3>Wst\u0119p<\/h3>\n<p>Si\u0142ownik ramienia to specjalnie zaprojektowany si\u0142ownik hydrauliczny, kt\u00f3ry s\u0142u\u017cy g\u0142\u00f3wnie do zapewnienia ruchu liniowego i zasilania ramion r\u00f3\u017cnego rodzaju maszyn, takich jak koparki, d\u017awigi i ramiona robot\u00f3w. Si\u0142ownik ramienia odgrywa kluczow\u0105 rol\u0119 w uk\u0142adzie hydraulicznym, umo\u017cliwiaj\u0105c efektywny ruch i sterowanie do\u0142\u0105czonymi narz\u0119dziami lub akcesoriami. Si\u0142owniki te nie tylko zapewniaj\u0105 p\u0142ynny ruch, ale tak\u017ce wytrzymuj\u0105 du\u017ce obci\u0105\u017cenia, gwarantuj\u0105c wydajn\u0105 prac\u0119 i niezawodno\u015b\u0107 maszyn w r\u00f3\u017cnych warunkach eksploatacyjnych.<\/p>\n<p><img decoding=\"async\" src=\"https:\/\/www.hydraulic-cylinders.net\/wp-content\/uploads\/2025\/01\/songte-company-2.webp\"><\/p>\n<h3>Cechy<\/h3>\n<ul>\n<li>Wydajne przenoszenie mocy: Cylinder ramienia mo\u017ce zapewni\u0107 mocny ruch liniowy i si\u0142\u0119, gwarantuj\u0105c wysok\u0105 wydajno\u015b\u0107 ramienia mechanicznego podczas r\u00f3\u017cnych operacji.<\/li>\n<li>Precyzyjna kontrola: Dzi\u0119ki uk\u0142adowi hydraulicznemu si\u0142ownik ramienia mo\u017ce uzyska\u0107 precyzyjn\u0105 kontrol\u0119 ruchu, co sprawia, \u017ce \u200b\u200bobs\u0142uga pod\u0142\u0105czonych narz\u0119dzi jest bardziej elastyczna i dok\u0142adna.<\/li>\n<li>Wysoka trwa\u0142o\u015b\u0107: Cylindry ramienia s\u0105 zazwyczaj wykonane z materia\u0142\u00f3w o wysokiej wytrzyma\u0142o\u015bci, charakteryzuj\u0105cych si\u0119 dobr\u0105 odporno\u015bci\u0105 na zu\u017cycie i korozj\u0119, dzi\u0119ki czemu nadaj\u0105 si\u0119 do d\u0142ugotrwa\u0142ego u\u017cytkowania w trudnych warunkach.<\/li>\n<li>Wielofunkcyjna mo\u017cliwo\u015b\u0107 adaptacji: Te cylindry mo\u017cna szeroko stosowa\u0107 w r\u00f3\u017cnych typach maszyn, takich jak koparki, d\u017awigi i ramiona robotyczne, aby sprosta\u0107 zr\u00f3\u017cnicowanym wymaganiom roboczym.<\/li>\n<li>\u0141atwa konserwacja: Projekt zak\u0142ada \u0142atw\u0105 konserwacj\u0119 i wymian\u0119, dzi\u0119ki czemu regularne kontrole i konserwacje staj\u0105 si\u0119 wygodniejsze, a przestoje sprz\u0119tu zostaj\u0105 skr\u00f3cone.<\/li>\n<\/ul>\n<p>Mo\u017cemy wyprodukowa\u0107 produkt, kt\u00f3ry doskonale zast\u0105pi te cylindry hydrauliczne.<\/p>\n<p><img decoding=\"async\" src=\"https:\/\/www.hydraulic-cylinders.net\/wp-content\/uploads\/2025\/01\/songte-oil-pipes-and-spare-parts.webp\"><\/p>\n<h3>Aplikacje<\/h3>\n<p>Cylindry ramieniowe maj\u0105 szerokie zastosowanie w r\u00f3\u017cnych ga\u0142\u0119ziach przemys\u0142u:<\/p>\n<ul>\n<li>Budownictwo: Cylindry ramieniowe s\u0142u\u017c\u0105 do sterowania ruchem \u0142y\u017cek lub wysi\u0119gnik\u00f3w w koparkach i d\u017awigach podczas rob\u00f3t ziemnych, przenoszenia materia\u0142\u00f3w i instalacji konstrukcyjnych.<\/li>\n<li>Produkcja: Cylindry ramieniowe s\u0142u\u017c\u0105 do poruszania ramionami robot\u00f3w w zautomatyzowanych liniach produkcyjnych w procesach monta\u017cu, spawania i obs\u0142ugi, zwi\u0119kszaj\u0105c wydajno\u015b\u0107 i dok\u0142adno\u015b\u0107 produkcji.<\/li>\n<li>Maszyny rolnicze: Cylindry ramion steruj\u0105 ruchem ramion roboczych w maszynach rolniczych, takich jak kombajny i sadzarki, wykonuj\u0105cych zadania takie jak sadzenie, nawo\u017cenie i zbi\u00f3r.<\/li>\n<li>G\u00f3rnictwo: Cylindry ramieniowe s\u0142u\u017c\u0105 do sterowania ruchem ramion sprz\u0119tu g\u00f3rniczego wykorzystywanego do wydobywania i transportu rud.<\/li>\n<li>Logistyka i transport: Cylindry ramieniowe s\u0142u\u017c\u0105 do sterowania podnoszeniem i ruchem wide\u0142 w w\u00f3zkach wid\u0142owych i robotach prze\u0142adunkowych, umo\u017cliwiaj\u0105c przenoszenie materia\u0142\u00f3w i ich uk\u0142adanie.<\/li>\n<\/ul>\n<h3>Zagadnienia projektowe i standardy wyboru<\/h3>\n<p>Z punktu widzenia projektowania cylindr\u00f3w ramieniowych nale\u017cy wzi\u0105\u0107 pod uwag\u0119 nast\u0119puj\u0105ce aspekty:<\/p>\n<ul>\n<li>No\u015bno\u015b\u0107: Cylindry ramion powinny by\u0107 w stanie wytrzyma\u0107 obci\u0105\u017cenie i si\u0142\u0119 maszyny i osprz\u0119tu.<\/li>\n<li>Uszczelnienie: Aby zapobiec wyciekom oleju hydraulicznego i zapewni\u0107 normaln\u0105 prac\u0119 cylindra, nale\u017cy stosowa\u0107 r\u00f3\u017cne elementy uszczelniaj\u0105ce, takie jak uszczelki t\u0142okowe i uszczelki t\u0142oczyskowe.<\/li>\n<li>Trwa\u0142o\u015b\u0107: Cylinder ramienia powinien by\u0107 wykonany z materia\u0142\u00f3w o wysokiej wytrzyma\u0142o\u015bci, charakteryzuj\u0105cych si\u0119 dobr\u0105 odporno\u015bci\u0105 na zu\u017cycie i korozj\u0119, aby m\u00f3g\u0142 wytrzyma\u0107 trudne warunki otoczenia.<\/li>\n<li>Bezpiecze\u0144stwo: Aby unikn\u0105\u0107 wypadk\u00f3w, nale\u017cy stosowa\u0107 \u015brodki bezpiecze\u0144stwa, takie jak zabezpieczenie przed przeci\u0105\u017ceniem i zatrzymanie awaryjne.<\/li>\n<li>\u0141atwo\u015b\u0107 konserwacji: Projekt powinien uwzgl\u0119dnia\u0107 \u0142atwo\u015b\u0107 konserwacji i wymiany cz\u0119\u015bci w celu ograniczenia przestoj\u00f3w sprz\u0119tu.<\/li>\n<\/ul>\n<p><img decoding=\"async\" src=\"https:\/\/www.hydraulic-cylinders.net\/wp-content\/uploads\/2025\/01\/songte-cylinder-head-with-all-kinds-excavator-models.webp\"><\/p>\n<h3>Uszczelnianie i smarowanie<\/h3>\n<p>Si\u0142owniki ramienia powinny by\u0107 wyposa\u017cone w r\u00f3\u017cnorodne elementy uszczelniaj\u0105ce, takie jak uszczelnienia t\u0142oka i t\u0142oczyska, wykonane z materia\u0142\u00f3w odpornych na zu\u017cycie, takich jak poliuretan lub kauczuk nitrylowy. Korpus cylindra i powierzchnie gwintowane powinny by\u0107 precyzyjnie obrobione, aby zwi\u0119kszy\u0107 odporno\u015b\u0107 na zu\u017cycie. Si\u0142owniki ramienia nale\u017cy regularnie smarowa\u0107 olejem hydraulicznym, aby zapewni\u0107 p\u0142ynn\u0105 prac\u0119.<\/p>\n<h3>Konserwacja i \u015brodki zapobiegawcze<\/h3>\n<p>Regularne przegl\u0105dy i konserwacja zapobiegawcza si\u0142ownik\u00f3w ramienia mog\u0105 wyd\u0142u\u017cy\u0107 ich \u017cywotno\u015b\u0107. Nale\u017cy podj\u0105\u0107 nast\u0119puj\u0105ce dzia\u0142ania:<\/p>\n<ul>\n<li>Sprawd\u017a stan element\u00f3w uszczelniaj\u0105cych pod k\u0105tem zu\u017cycia i wymie\u0144 je w odpowiednim czasie.<\/li>\n<li>Sprawd\u017a, czy w korpusie cylindra nie ma nieszczelno\u015bci i p\u0119kni\u0119\u0107; w razie konieczno\u015bci napraw je lub wymie\u0144.<\/li>\n<li>Sprawd\u017a, czy \u015bruby i nakr\u0119tki mocuj\u0105ce nie s\u0105 lu\u017ane; w razie potrzeby dokr\u0119\u0107 je.<\/li>\n<li>Regularnie sprawdzaj poziom i jako\u015b\u0107 oleju hydraulicznego; w razie konieczno\u015bci wymie\u0144 go.<\/li>\n<li>Przechowuj cylinder prawid\u0142owo, chroni\u0105c go przed kurzem i wilgoci\u0105.<\/li>\n<\/ul>\n<p><img decoding=\"async\" src=\"https:\/\/www.hydraulic-cylinders.net\/wp-content\/uploads\/2025\/01\/songte-chushion-collar.webp\"><\/p>\n<h3>Przewodnik instalacji<\/h3>\n<p>Aby zamontowa\u0107 si\u0142ownik ramienia, nale\u017cy wykona\u0107 nast\u0119puj\u0105ce czynno\u015bci:<\/p>\n<ol>\n<li>Oczy\u015b\u0107 powierzchni\u0119 monta\u017cow\u0105 cylindra i element mocuj\u0105cy.<\/li>\n<li>Zamontuj cylinder zgodnie z instrukcj\u0105, zwracaj\u0105c uwag\u0119 na kierunek monta\u017cu i moment dokr\u0119cania \u015brub.<\/li>\n<li>Pod\u0142\u0105cz przewody hydrauliczne do cylindra i sprawd\u017a, czy nie ma wyciek\u00f3w.<\/li>\n<li>Wykonaj pr\u00f3b\u0119, aby sprawdzi\u0107 dzia\u0142anie cylindra i przymocowanych narz\u0119dzi.<\/li>\n<\/ol>\n<h3>Bezpiecze\u0144stwo i wzgl\u0119dy \u015brodowiskowe<\/h3>\n<p>Podczas u\u017cytkowania si\u0142ownik\u00f3w ramieniowych nale\u017cy przestrzega\u0107 \u015brodk\u00f3w bezpiecze\u0144stwa, aby unikn\u0105\u0107 wypadk\u00f3w. Przy wyborze i u\u017cytkowaniu si\u0142ownik\u00f3w ramieniowych nale\u017cy r\u00f3wnie\u017c uwzgl\u0119dni\u0107 czynniki \u015brodowiskowe, aby zminimalizowa\u0107 ich wp\u0142yw na \u015brodowisko.<\/p>\n<h3>Rozwi\u0105zywanie problem\u00f3w i typowe problemy<\/h3>\n<p>Typowe problemy z si\u0142ownikami ramienia to nieszczelno\u015bci, nietypowy ha\u0142as i niewystarczaj\u0105ca si\u0142a. W przypadku wyst\u0105pienia kt\u00f3regokolwiek z tych problem\u00f3w nale\u017cy podj\u0105\u0107 nast\u0119puj\u0105ce kroki:<\/p>\n<ul>\n<li>Sprawd\u017a elementy uszczelniaj\u0105ce i w razie potrzeby wymie\u0144 je.<\/li>\n<li>Sprawd\u017a poziom i jako\u015b\u0107 oleju hydraulicznego, w razie potrzeby wymie\u0144 go.<\/li>\n<li>Sprawd\u017a, czy \u015bruby i nakr\u0119tki mocuj\u0105ce nie s\u0105 lu\u017ane; w razie potrzeby dokr\u0119\u0107 je.<\/li>\n<li>Sprawd\u017a, czy na korpusie cylindra nie ma p\u0119kni\u0119\u0107 lub uszkodze\u0144; w razie konieczno\u015bci napraw go lub wymie\u0144.<\/li>\n<\/ul>\n<p>Aby zapobiec potencjalnym problemom, zaleca si\u0119 regularne kontrole i konserwacj\u0119.<\/p>\n<p><img decoding=\"async\" src=\"https:\/\/www.hydraulic-cylinders.net\/wp-content\/uploads\/2025\/01\/songte-bushings-with-all-kinds-of-excavator-models.webp\"><\/p>\n<h3>O nas<\/h3>\n<p>Jeste\u015bmy profesjonalnym producentem zamiennych cylindr\u00f3w hydraulicznych, oferuj\u0105cym szerok\u0105 gam\u0119 produkt\u00f3w i staj\u0105c si\u0119 jednym z wiod\u0105cych producent\u00f3w i hurtownik\u00f3w cylindr\u00f3w hydraulicznych na rynku krajowym i mi\u0119dzynarodowym. Zawsze przestrzegamy zasady doskona\u0142ej jako\u015bci, opieraj\u0105c si\u0119 na zindustrializowanych strategiach zarz\u0105dzania produkcj\u0105 w wyspecjalizowanych warsztatach produkcyjnych, stale podnosz\u0105c poziom techniczny i wydajno\u015b\u0107 produkcji. Wprowadzaj\u0105c zaawansowany cyfrowy sprz\u0119t produkcyjny i profesjonalne systemy testowe, stale optymalizujemy platform\u0119 produkcyjn\u0105, usprawniamy proces kontroli jako\u015bci naszych produkt\u00f3w i rozwijamy innowacyjne rozwi\u0105zania. Naszym celem jest zaspokajanie zr\u00f3\u017cnicowanych potrzeb klient\u00f3w, kieruj\u0105c si\u0119 zasadami wydajno\u015bci, dok\u0142adno\u015bci i wysokiej jako\u015bci.<\/p>\n<p><img decoding=\"async\" src=\"https:\/\/www.hydraulic-cylinders.net\/wp-content\/uploads\/2025\/01\/songte-company-4.webp\"><\/p>\n<h3>Nasze us\u0142ugi<\/h3>\n<ul>\n<li>Profesjonalizm: Posiadamy zesp\u00f3\u0142 do\u015bwiadczonych in\u017cynier\u00f3w i technik\u00f3w, kt\u00f3rzy zapewniaj\u0105 naszym klientom profesjonaln\u0105 obs\u0142ug\u0119.<\/li>\n<li>Certyfikacja mi\u0119dzynarodowa: Nasze produkty uzyska\u0142y certyfikat systemu zarz\u0105dzania jako\u015bci\u0105 ISO9001 oraz inne certyfikaty mi\u0119dzynarodowe.<\/li>\n<li>Us\u0142ugi dostosowywania: Mo\u017cemy zapewni\u0107 us\u0142ugi dostosowane do potrzeb klienta.<\/li>\n<li>Sprz\u0119t produkcyjny: Nasza firma dysponuje zaawansowanym cyfrowym sprz\u0119tem produkcyjnym i profesjonalnymi systemami testowymi.<\/li>\n<li>Obs\u0142uga posprzeda\u017cowa: Zapewniamy terminow\u0105 i przemy\u015blan\u0105 obs\u0142ug\u0119 posprzeda\u017cow\u0105, aby zagwarantowa\u0107 satysfakcj\u0119 klienta.<\/li>\n<\/ul>\n<p><img decoding=\"async\" src=\"https:\/\/www.hydraulic-cylinders.net\/wp-content\/uploads\/2025\/01\/songte-company-3.webp\"><\/p>\n<p>Autor: lyl.<\/p>","protected":false},"excerpt":{"rendered":"<p>Arm Cylinder For Lishide Large Excavator SC400.8 Introduction Arm cylinder is a specially designed hydraulic cylinder that is mainly used to provide linear motion and power to the arms of various types of machinery, such as excavators, cranes, and robotic arms. The arm cylinder plays a critical role in the hydraulic system, allowing for effective [&hellip;]<\/p>","protected":false},"featured_media":14779,"comment_status":"open","ping_status":"closed","template":"","meta":{"_et_pb_use_builder":"","_et_pb_old_content":"","_et_gb_content_width":""},"product_brand":[],"product_cat":[1497],"product_tag":[1498,1496],"class_list":{"0":"post-16478","1":"product","2":"type-product","3":"status-publish","4":"has-post-thumbnail","6":"product_cat-arm-cylinders","7":"product_tag-arm-cylinders","8":"product_tag-hydraulic-cylinders","10":"first","11":"instock","12":"shipping-taxable","13":"product-type-simple"},"amp_enabled":true,"_links":{"self":[{"href":"https:\/\/www.hydraulic-cylinders.net\/pl\/wp-json\/wp\/v2\/product\/16478","targetHints":{"allow":["GET"]}}],"collection":[{"href":"https:\/\/www.hydraulic-cylinders.net\/pl\/wp-json\/wp\/v2\/product"}],"about":[{"href":"https:\/\/www.hydraulic-cylinders.net\/pl\/wp-json\/wp\/v2\/types\/product"}],"replies":[{"embeddable":true,"href":"https:\/\/www.hydraulic-cylinders.net\/pl\/wp-json\/wp\/v2\/comments?post=16478"}],"wp:featuredmedia":[{"embeddable":true,"href":"https:\/\/www.hydraulic-cylinders.net\/pl\/wp-json\/wp\/v2\/media\/14779"}],"wp:attachment":[{"href":"https:\/\/www.hydraulic-cylinders.net\/pl\/wp-json\/wp\/v2\/media?parent=16478"}],"wp:term":[{"taxonomy":"product_brand","embeddable":true,"href":"https:\/\/www.hydraulic-cylinders.net\/pl\/wp-json\/wp\/v2\/product_brand?post=16478"},{"taxonomy":"product_cat","embeddable":true,"href":"https:\/\/www.hydraulic-cylinders.net\/pl\/wp-json\/wp\/v2\/product_cat?post=16478"},{"taxonomy":"product_tag","embeddable":true,"href":"https:\/\/www.hydraulic-cylinders.net\/pl\/wp-json\/wp\/v2\/product_tag?post=16478"}],"curies":[{"name":"wp","href":"https:\/\/api.w.org\/{rel}","templated":true}]}}