{"id":16484,"date":"2025-01-21T05:28:32","date_gmt":"2025-01-21T05:28:32","guid":{"rendered":"https:\/\/www.hydraulic-cylinders.net\/product\/arm-cylinder-for-lovol-small-excavator-fr150d\/"},"modified":"2025-01-21T05:28:33","modified_gmt":"2025-01-21T05:28:33","slug":"arm-cylinder-for-lovol-small-excavator-fr150d","status":"publish","type":"product","link":"https:\/\/www.hydraulic-cylinders.net\/pl\/produkt\/arm-cylinder-for-lovol-small-excavator-fr150d\/","title":{"rendered":"Si\u0142ownik ramienia do ma\u0142ej koparki Lovol FR150D"},"content":{"rendered":"<h1>Si\u0142ownik ramienia do ma\u0142ej koparki Lovol FR150D<\/h1>\n<h2>Wst\u0119p<\/h2>\n<h3>Definicja i wyja\u015bnienie<\/h3>\n<p>Si\u0142ownik ramienia to specjalnie zaprojektowany si\u0142ownik hydrauliczny, kt\u00f3ry s\u0142u\u017cy g\u0142\u00f3wnie do zapewnienia ruchu liniowego i zasilania ramion r\u00f3\u017cnego rodzaju maszyn, takich jak koparki, d\u017awigi i ramiona mechaniczne. Si\u0142ownik ramienia odgrywa kluczow\u0105 rol\u0119 w uk\u0142adzie hydraulicznym, umo\u017cliwiaj\u0105c ruch osprz\u0119tu i akcesori\u00f3w oraz ich efektywne sterowanie. Si\u0142owniki te nie tylko zapewniaj\u0105 p\u0142ynny ruch, ale tak\u017ce wytrzymuj\u0105 du\u017ce obci\u0105\u017cenia, zapewniaj\u0105c wydajn\u0105 prac\u0119 i niezawodno\u015b\u0107 maszyn w r\u00f3\u017cnych warunkach eksploatacyjnych.<\/p>\n<p><img decoding=\"async\" src=\"https:\/\/www.hydraulic-cylinders.net\/wp-content\/uploads\/2025\/01\/songte-company-2.webp\" alt=\"Obraz cylindra ramienia\" \/><\/p>\n<h2>Cechy<\/h2>\n<ul>\n<li><strong>Efektywne przenoszenie mocy:<\/strong> Cylindry ramienia zapewniaj\u0105 mocny ruch liniowy i si\u0142\u0119, gwarantuj\u0105c wysok\u0105 wydajno\u015b\u0107 ramienia mechanicznego podczas r\u00f3\u017cnych operacji.<\/li>\n<li><strong>Precyzyjna kontrola:<\/strong> Dzi\u0119ki uk\u0142adowi hydraulicznemu si\u0142owniki ramion mog\u0105 uzyska\u0107 precyzyjn\u0105 kontrol\u0119 ruchu, co sprawia, \u017ce \u200b\u200bpraca pod\u0142\u0105czonych narz\u0119dzi jest bardziej elastyczna i dok\u0142adna.<\/li>\n<li><strong>Wytrzyma\u0142y:<\/strong> Cylindry ramienia s\u0105 zazwyczaj wykonane z materia\u0142\u00f3w o wysokiej wytrzyma\u0142o\u015bci, charakteryzuj\u0105 si\u0119 dobr\u0105 odporno\u015bci\u0105 na zu\u017cycie i korozj\u0119 oraz nadaj\u0105 si\u0119 do d\u0142ugotrwa\u0142ego u\u017cytkowania w trudnych warunkach.<\/li>\n<li><strong>Wielofunkcyjna adaptowalno\u015b\u0107:<\/strong> Si\u0142owniki te mo\u017cna powszechnie stosowa\u0107 w r\u00f3\u017cnych typach maszyn, takich jak koparki, d\u017awigi i ramiona mechaniczne, dostosowuj\u0105c je do r\u00f3\u017cnych wymaga\u0144 roboczych.<\/li>\n<li><strong>\u0141atwa konserwacja:<\/strong> Zaprojektowane z my\u015bl\u0105 o \u0142atwej konserwacji i wymianie, regularne kontrole i konserwacje staj\u0105 si\u0119 wygodniejsze, redukuj\u0105c przestoje sprz\u0119tu.<\/li>\n<\/ul>\n<p><img decoding=\"async\" src=\"https:\/\/www.hydraulic-cylinders.net\/wp-content\/uploads\/2025\/01\/songte-oil-pipes-and-spare-parts.webp\" alt=\"Obraz cz\u0119\u015bci zamiennych cylindra ramienia\" \/><\/p>\n<h2>Aplikacje<\/h2>\n<p>Cylindry ramieniowe maj\u0105 r\u00f3\u017cnorodne zastosowania w r\u00f3\u017cnych ga\u0142\u0119ziach przemys\u0142u, takich jak:<\/p>\n<ul>\n<li><strong>In\u017cynieria budowlana:<\/strong> W koparkach i d\u017awigach si\u0142owniki ramienia steruj\u0105 ruchem koparki lub wysi\u0119gnika, wykonuj\u0105c prace ziemne, przenoszenie materia\u0142\u00f3w i monta\u017c konstrukcji.<\/li>\n<li><strong>Produkcja:<\/strong> W zautomatyzowanych liniach produkcyjnych si\u0142owniki ramion kontroluj\u0105 ruch ramion mechanicznych, realizuj\u0105c procesy takie jak monta\u017c, spawanie i obs\u0142uga, zwi\u0119kszaj\u0105c wydajno\u015b\u0107 i dok\u0142adno\u015b\u0107 produkcji.<\/li>\n<li><strong>Maszyny rolnicze:<\/strong> W maszynach rolniczych, takich jak kombajny i sadzarki, si\u0142owniki ramion steruj\u0105 ruchem ramion roboczych, wykonuj\u0105cych takie zadania, jak siew, nawo\u017cenie i zbi\u00f3r.<\/li>\n<li><strong>G\u00f3rnictwo:<\/strong> W sprz\u0119cie g\u00f3rniczym cylindry ramieniowe steruj\u0105 ruchem ramienia sprz\u0119tu g\u00f3rniczego, umo\u017cliwiaj\u0105cego wydobycie i transport rudy.<\/li>\n<li><strong>Logistyka i transport:<\/strong> W w\u00f3zkach wid\u0142owych i robotach prze\u0142adunkowych si\u0142owniki ramion steruj\u0105 podnoszeniem i ruchem wide\u0142, realizuj\u0105c prze\u0142adunek i uk\u0142adanie materia\u0142\u00f3w.<\/li>\n<\/ul>\n<h2>Zagadnienia projektowe i standardy wyboru<\/h2>\n<p>Przy projektowaniu cylindr\u00f3w ramieniowych nale\u017cy wzi\u0105\u0107 pod uwag\u0119 nast\u0119puj\u0105ce aspekty:<\/p>\n<ul>\n<li><strong>No\u015bno\u015b\u0107:<\/strong> Si\u0142ownik ramienia powinien mie\u0107 wystarczaj\u0105c\u0105 no\u015bno\u015b\u0107, aby wytrzyma\u0107 si\u0142\u0119 i obci\u0105\u017cenie powstaj\u0105ce podczas pracy.<\/li>\n<li><strong>Opiecz\u0119towanie:<\/strong> Nale\u017cy stosowa\u0107 r\u00f3\u017cnorodne elementy uszczelniaj\u0105ce, takie jak uszczelnienia t\u0142ok\u00f3w, uszczelnienia t\u0142oczysk itp. Elementy uszczelniaj\u0105ce powinny by\u0107 wykonane z materia\u0142\u00f3w odpornych na zu\u017cycie, takich jak poliuretan i kauczuk nitrylowy.<\/li>\n<li><strong>Trwa\u0142o\u015b\u0107:<\/strong> Korpus cylindra i powierzchnia czo\u0142owa gwintu powinny by\u0107 precyzyjnie obrobione, aby zwi\u0119kszy\u0107 odporno\u015b\u0107 na zu\u017cycie. Zastosowane materia\u0142y powinny charakteryzowa\u0107 si\u0119 dobr\u0105 odporno\u015bci\u0105 na zu\u017cycie i korozj\u0119.<\/li>\n<li><strong>Bezpiecze\u0144stwo:<\/strong> Cylindry ramieniowe powinny by\u0107 zaprojektowane tak, aby zapobiega\u0107 wypadkom podczas u\u017cytkowania, np. poprzez zastosowanie zabezpiecze\u0144 nadci\u015bnieniowych i zawor\u00f3w bezpiecze\u0144stwa.<\/li>\n<li><strong>Utrzymywalno\u015b\u0107:<\/strong> Cylindry ramienia powinny by\u0107 zaprojektowane w spos\u00f3b umo\u017cliwiaj\u0105cy \u0142atw\u0105 konserwacj\u0119 i wymian\u0119, co skr\u00f3ci przestoje sprz\u0119tu.<\/li>\n<\/ul>\n<p><img decoding=\"async\" src=\"https:\/\/www.hydraulic-cylinders.net\/wp-content\/uploads\/2025\/01\/songte-cylinder-head-with-all-kinds-excavator-models.webp\" alt=\"Obraz g\u0142owicy cylindra ramienia\" \/><\/p>\n<h2>Uszczelnianie i smarowanie<\/h2>\n<p>W si\u0142ownikach ramienia nale\u017cy stosowa\u0107 r\u00f3\u017cne elementy uszczelniaj\u0105ce, takie jak uszczelnienia t\u0142oka, uszczelnienia t\u0142oczyska itp., wykonane z materia\u0142\u00f3w odpornych na zu\u017cycie, takich jak poliuretan i kauczuk nitrylowy. Korpus si\u0142ownika i powierzchnia gwintu powinny by\u0107 precyzyjnie obrobione, aby zwi\u0119kszy\u0107 odporno\u015b\u0107 na zu\u017cycie. Nale\u017cy regularnie uzupe\u0142nia\u0107 odpowiedni\u0105 ilo\u015b\u0107 oleju hydraulicznego, aby zapewni\u0107 prawid\u0142owe smarowanie.<\/p>\n<h2>Konserwacja i \u015brodki zapobiegawcze<\/h2>\n<p>Regularne przegl\u0105dy i konserwacja zapobiegawcza s\u0105 niezb\u0119dne w przypadku si\u0142ownik\u00f3w ramienia. Nale\u017cy podj\u0105\u0107 nast\u0119puj\u0105ce \u015brodki:<\/p>\n<ul>\n<li>Regularnie sprawdzaj poziom i jako\u015b\u0107 oleju hydraulicznego.<\/li>\n<li>Sprawd\u017a, czy nie ma przeciek\u00f3w i napraw je na czas.<\/li>\n<li>Regularnie wymieniaj elementy uszczelniaj\u0105ce.<\/li>\n<li>Sprawd\u017a, czy korpus cylindra i powierzchnia gwintu nie s\u0105 uszkodzone.<\/li>\n<li>Sprawd\u017a, czy uk\u0142ad hydrauliczny nie jest uszkodzony i w odpowiednim czasie napraw go lub wymie\u0144.<\/li>\n<\/ul>\n<p><img decoding=\"async\" src=\"https:\/\/www.hydraulic-cylinders.net\/wp-content\/uploads\/2025\/01\/songte-chushion-collar.webp\" alt=\"Obraz ko\u0142nierza poduszki cylindra ramienia\" \/><\/p>\n<h2>Przewodnik instalacji<\/h2>\n<p>Podczas monta\u017cu cylindr\u00f3w ramienia nale\u017cy wykona\u0107 nast\u0119puj\u0105ce czynno\u015bci:<\/p>\n<ol>\n<li>Oczy\u015b\u0107 miejsce instalacji i usu\u0144 wszelkie zanieczyszczenia.<\/li>\n<li>Zamontuj cylinder ramienia zgodnie z instrukcj\u0105 producenta.<\/li>\n<li>Pod\u0142\u0105cz przewody hydrauliczne zgodnie z instrukcj\u0105 producenta.<\/li>\n<li>Nape\u0142nij uk\u0142ad olejem hydraulicznym i sprawd\u017a, czy nie ma wyciek\u00f3w.<\/li>\n<li>Przetestuj system, aby upewni\u0107 si\u0119, \u017ce dzia\u0142a prawid\u0142owo.<\/li>\n<\/ol>\n<p><img decoding=\"async\" src=\"https:\/\/www.hydraulic-cylinders.net\/wp-content\/uploads\/2025\/01\/songte-bushings-with-all-kinds-of-excavator-models.webp\" alt=\"Obraz tulei cylindra ramienia\" \/><\/p>\n<h2>Zagadnienia bezpiecze\u0144stwa i czynniki \u015brodowiskowe<\/h2>\n<p>Bezpiecze\u0144stwo jest najwa\u017cniejsze podczas korzystania z si\u0142ownik\u00f3w ramiennych. Nale\u017cy podj\u0105\u0107 odpowiednie \u015brodki bezpiecze\u0144stwa podczas instalacji, u\u017cytkowania i konserwacji si\u0142ownik\u00f3w ramiennych. Podczas korzystania z si\u0142ownik\u00f3w ramiennych nale\u017cy r\u00f3wnie\u017c uwzgl\u0119dni\u0107 czynniki \u015brodowiskowe, takie jak temperatura, wilgotno\u015b\u0107 i poziom zanieczyszczenia.<\/p>\n<h2>Rozwi\u0105zywanie problem\u00f3w i typowe problemy<\/h2>\n<p>Poni\u017cej przedstawiono kilka typowych problem\u00f3w, kt\u00f3re mog\u0105 wyst\u0105pi\u0107 w przypadku cylindr\u00f3w ramienia:<\/p>\n<ul>\n<li>Przeciek<\/li>\n<li>Uszkodzenie element\u00f3w uszczelniaj\u0105cych<\/li>\n<li>Brak ruchu<\/li>\n<li>Nienormalny ha\u0142as<\/li>\n<li>Niewystarczaj\u0105ce przenoszenie mocy<\/li>\n<\/ul>\n<p>Aby rozwi\u0105za\u0107 te problemy, zapoznaj si\u0119 z instrukcj\u0105 producenta lub skorzystaj z pomocy fachowca. Regularna konserwacja i terminowa wymiana zu\u017cytych lub uszkodzonych cz\u0119\u015bci mog\u0105 pom\u00f3c zapobiec tym problemom.<\/p>\n<p><img decoding=\"async\" src=\"https:\/\/www.hydraulic-cylinders.net\/wp-content\/uploads\/2025\/01\/songte-company-4.webp\" alt=\"Wizerunek firmy Songte\" \/><br \/>\n<img decoding=\"async\" src=\"https:\/\/www.hydraulic-cylinders.net\/wp-content\/uploads\/2025\/01\/songte-company-3.webp\" alt=\"Wizerunek firmy Songte\" \/><\/p>\n<h2>O naszej firmie<\/h2>\n<p>Jeste\u015bmy profesjonalnym producentem zamiennych cylindr\u00f3w hydraulicznych, oferuj\u0105cym szerok\u0105 gam\u0119 produkt\u00f3w. Stali\u015bmy si\u0119 jednym z wiod\u0105cych producent\u00f3w i hurtowych dystrybutor\u00f3w cylindr\u00f3w hydraulicznych na rynku krajowym i mi\u0119dzynarodowym. Zawsze przestrzegamy zasady doskona\u0142ej jako\u015bci, opieraj\u0105c si\u0119 na dopracowanej strategii zarz\u0105dzania produkcj\u0105 przemys\u0142ow\u0105 w zak\u0142adach produkcyjnych, stale podnosz\u0105c poziom techniczny i wydajno\u015b\u0107 produkcji. Wprowadzaj\u0105c wysokiej klasy cyfrowy sprz\u0119t produkcyjny i profesjonalne systemy testowe, stale optymalizujemy platform\u0119 produkcyjn\u0105, usprawniamy proces kontroli jako\u015bci produkt\u00f3w i dysponujemy du\u017cym potencja\u0142em innowacyjnym. Naszym celem jest zaspokajanie zr\u00f3\u017cnicowanych potrzeb klient\u00f3w poprzez wysok\u0105 wydajno\u015b\u0107, precyzj\u0119 i jako\u015b\u0107.<\/p>\n<p>Zapewniamy profesjonaln\u0105 wiedz\u0119 specjalistyczn\u0105, mi\u0119dzynarodowe certyfikaty, us\u0142ugi dostosowane do potrzeb klienta, sprz\u0119t produkcyjny i serwis posprzeda\u017cowy.<\/p>\n<p>Autor: lyl<\/p>","protected":false},"excerpt":{"rendered":"<p>Arm Cylinder For Lovol Small Excavator FR150D Introduction Definition and Explanation An arm cylinder is a specially designed hydraulic cylinder that is mainly used to provide linear motion and power to the arms of various kinds of machinery, such as excavators, cranes, and mechanical arms. The arm cylinder plays a crucial role in the hydraulic [&hellip;]<\/p>","protected":false},"featured_media":14763,"comment_status":"open","ping_status":"closed","template":"","meta":{"_et_pb_use_builder":"","_et_pb_old_content":"","_et_gb_content_width":""},"product_brand":[],"product_cat":[1497],"product_tag":[1498,1496],"class_list":{"0":"post-16484","1":"product","2":"type-product","3":"status-publish","4":"has-post-thumbnail","6":"product_cat-arm-cylinders","7":"product_tag-arm-cylinders","8":"product_tag-hydraulic-cylinders","10":"first","11":"instock","12":"shipping-taxable","13":"product-type-simple"},"amp_enabled":true,"_links":{"self":[{"href":"https:\/\/www.hydraulic-cylinders.net\/pl\/wp-json\/wp\/v2\/product\/16484","targetHints":{"allow":["GET"]}}],"collection":[{"href":"https:\/\/www.hydraulic-cylinders.net\/pl\/wp-json\/wp\/v2\/product"}],"about":[{"href":"https:\/\/www.hydraulic-cylinders.net\/pl\/wp-json\/wp\/v2\/types\/product"}],"replies":[{"embeddable":true,"href":"https:\/\/www.hydraulic-cylinders.net\/pl\/wp-json\/wp\/v2\/comments?post=16484"}],"wp:featuredmedia":[{"embeddable":true,"href":"https:\/\/www.hydraulic-cylinders.net\/pl\/wp-json\/wp\/v2\/media\/14763"}],"wp:attachment":[{"href":"https:\/\/www.hydraulic-cylinders.net\/pl\/wp-json\/wp\/v2\/media?parent=16484"}],"wp:term":[{"taxonomy":"product_brand","embeddable":true,"href":"https:\/\/www.hydraulic-cylinders.net\/pl\/wp-json\/wp\/v2\/product_brand?post=16484"},{"taxonomy":"product_cat","embeddable":true,"href":"https:\/\/www.hydraulic-cylinders.net\/pl\/wp-json\/wp\/v2\/product_cat?post=16484"},{"taxonomy":"product_tag","embeddable":true,"href":"https:\/\/www.hydraulic-cylinders.net\/pl\/wp-json\/wp\/v2\/product_tag?post=16484"}],"curies":[{"name":"wp","href":"https:\/\/api.w.org\/{rel}","templated":true}]}}