{"id":16486,"date":"2025-01-21T05:28:39","date_gmt":"2025-01-21T05:28:39","guid":{"rendered":"https:\/\/www.hydraulic-cylinders.net\/product\/arm-cylinder-for-lovol-middle-excavator-fr200\/"},"modified":"2025-01-21T05:28:41","modified_gmt":"2025-01-21T05:28:41","slug":"arm-cylinder-for-lovol-middle-excavator-fr200","status":"publish","type":"product","link":"https:\/\/www.hydraulic-cylinders.net\/pl\/produkt\/arm-cylinder-for-lovol-middle-excavator-fr200\/","title":{"rendered":"Si\u0142ownik ramienia do koparki \u015brodkowej Lovol FR200"},"content":{"rendered":"<h1>Si\u0142ownik ramienia do koparki \u015brodkowej Lovol FR200<\/h1>\n<h2>Wst\u0119p<\/h2>\n<p>Si\u0142ownik ramienia to specjalnie zaprojektowany si\u0142ownik hydrauliczny, kt\u00f3ry s\u0142u\u017cy do zapewnienia ruchu liniowego i zasilania ramienia r\u00f3\u017cnych maszyn, takich jak koparki, d\u017awigi i ramiona robot\u00f3w. Si\u0142ownik ramienia odgrywa kluczow\u0105 rol\u0119 w uk\u0142adach hydraulicznych, umo\u017cliwiaj\u0105c sprawny ruch i sterowanie dodatkowymi narz\u0119dziami lub osprz\u0119tem. Si\u0142owniki te nie tylko zapewniaj\u0105 p\u0142ynny ruch, ale tak\u017ce wytrzymuj\u0105 du\u017ce obci\u0105\u017cenia, gwarantuj\u0105c wydajn\u0105 prac\u0119 i niezawodno\u015b\u0107 maszyn w r\u00f3\u017cnych warunkach pracy.<\/p>\n<p><img decoding=\"async\" src=\"https:\/\/www.hydraulic-cylinders.net\/wp-content\/uploads\/2025\/01\/songte-company-2.webp\"><\/p>\n<h2>Cechy<\/h2>\n<ul>\n<li>Wysokowydajna przek\u0142adnia: Cylinder ramienia zapewnia mocny ruch liniowy i si\u0142\u0119, gwarantuj\u0105c wydajn\u0105 prac\u0119 ramienia mechanicznego podczas r\u00f3\u017cnych operacji.<\/li>\n<li>Precyzyjna kontrola: Dzi\u0119ki uk\u0142adowi hydraulicznemu si\u0142ownik ramienia umo\u017cliwia precyzyjn\u0105 kontrol\u0119 ruchu, co sprawia, \u017ce \u200b\u200bobs\u0142uga pod\u0142\u0105czonych narz\u0119dzi jest bardziej elastyczna i dok\u0142adna.<\/li>\n<li>Trwa\u0142o\u015b\u0107: Cylindry ramienia s\u0105 zazwyczaj produkowane z materia\u0142\u00f3w o wysokiej wytrzyma\u0142o\u015bci, oferuj\u0105cych doskona\u0142\u0105 odporno\u015b\u0107 na zu\u017cycie i korozj\u0119, dzi\u0119ki czemu nadaj\u0105 si\u0119 do d\u0142ugotrwa\u0142ego u\u017cytkowania w trudnych warunkach.<\/li>\n<li>Wszechstronno\u015b\u0107: Cylindry te mo\u017cna szeroko stosowa\u0107 w r\u00f3\u017cnych urz\u0105dzeniach mechanicznych, takich jak koparki, d\u017awigi i ramiona robotyczne, aby sprosta\u0107 zr\u00f3\u017cnicowanym wymaganiom roboczym.<\/li>\n<li>\u0141atwa konserwacja: Zaprojektowane z my\u015bl\u0105 o \u0142atwej konserwacji i wymianie, si\u0142owniki ramion u\u0142atwiaj\u0105 okresowe kontrole i konserwacj\u0119, redukuj\u0105c przestoje sprz\u0119tu.<\/li>\n<\/ul>\n<p><img decoding=\"async\" src=\"https:\/\/www.hydraulic-cylinders.net\/wp-content\/uploads\/2025\/01\/songte-oil-pipes-and-spare-parts.webp\"><\/p>\n<h2>Aplikacje<\/h2>\n<p>Si\u0142ownik ramieniowy znajduje zastosowanie w r\u00f3\u017cnych ga\u0142\u0119ziach przemys\u0142u:<\/p>\n<h3>1. In\u017cynieria budowlana<\/h3>\n<p>W koparkach i d\u017awigach si\u0142ownik ramienia steruje ruchem \u0142y\u017cki lub wysi\u0119gnika, co umo\u017cliwia prace ziemne, przenoszenie materia\u0142\u00f3w i instalacje konstrukcyjne.<\/p>\n<h3>2. Produkcja<\/h3>\n<p>W zautomatyzowanych liniach produkcyjnych si\u0142ownik ramienia jest wykorzystywany do poruszania ramionami robota, umo\u017cliwiaj\u0105c realizacj\u0119 proces\u00f3w takich jak monta\u017c, spawanie i obs\u0142uga materia\u0142\u00f3w, zwi\u0119kszaj\u0105c w ten spos\u00f3b wydajno\u015b\u0107 i precyzj\u0119 produkcji.<\/p>\n<h3>3. Maszyny rolnicze<\/h3>\n<p>W maszynach rolniczych, takich jak kombajny i siewniki, si\u0142ownik ramienia steruje ruchem ramion roboczych, wykonuj\u0105cych zadania takie jak sadzenie, nawo\u017cenie i zbi\u00f3r.<\/p>\n<h3>4. G\u00f3rnictwo<\/h3>\n<p>W sprz\u0119cie g\u00f3rniczym si\u0142ownik ramienia steruje ruchem ramienia podczas wydobycia i transportu materia\u0142\u00f3w.<\/p>\n<h3>5. Logistyka i transport<\/h3>\n<p>W w\u00f3zkach wid\u0142owych i robotach prze\u0142adunkowych si\u0142ownik ramienia steruje podnoszeniem i ruchem wide\u0142, u\u0142atwiaj\u0105c przenoszenie materia\u0142\u00f3w i ich uk\u0142adanie.<\/p>\n<p><img decoding=\"async\" src=\"https:\/\/www.hydraulic-cylinders.net\/wp-content\/uploads\/2025\/01\/songte-cylinder-head-with-all-kinds-excavator-models.webp\"><\/p>\n<h2>Zagadnienia projektowe i kryteria wyboru<\/h2>\n<ul>\n<li>No\u015bno\u015b\u0107: Cylindry ramieniowe s\u0105 zaprojektowane tak, aby wytrzyma\u0107 wymagan\u0105 no\u015bno\u015b\u0107.<\/li>\n<li>Uszczelnienie: R\u00f3\u017cne elementy uszczelniaj\u0105ce, takie jak uszczelnienia t\u0142ok\u00f3w i t\u0142oczysk wykonane z materia\u0142\u00f3w odpornych na zu\u017cycie, np. poliuretanu i kauczuku nitrylowego, zapewniaj\u0105 skuteczne uszczelnienie.<\/li>\n<li>Trwa\u0142o\u015b\u0107: Korpus cylindra i gwintowane ko\u0144ce s\u0105 poddawane precyzyjnej obr\u00f3bce w celu zwi\u0119kszenia odporno\u015bci na zu\u017cycie.<\/li>\n<li>Bezpiecze\u0144stwo: Konstrukcja maszyny zosta\u0142a wyposa\u017cona w funkcje bezpiecze\u0144stwa, kt\u00f3re zapobiegaj\u0105 wypadkom i zapewniaj\u0105 bezpiecze\u0144stwo operatora.<\/li>\n<li>\u0141atwo\u015b\u0107 konserwacji: Ju\u017c na etapie projektowania uwzgl\u0119dniono \u0142atwy dost\u0119p w celu przeprowadzenia konserwacji i wymiany, co pozwala ograniczy\u0107 przestoje.<\/li>\n<\/ul>\n<p><img decoding=\"async\" src=\"https:\/\/www.hydraulic-cylinders.net\/wp-content\/uploads\/2025\/01\/songte-chushion-collar.webp\"><\/p>\n<h2>Uszczelnianie i smarowanie<\/h2>\n<p>Si\u0142ownik ramienia wykorzystuje r\u00f3\u017cnorodne elementy uszczelniaj\u0105ce, takie jak uszczelnienia t\u0142oka i t\u0142oczyska, wykonane z materia\u0142\u00f3w odpornych na zu\u017cycie. Korpus si\u0142ownika i gwintowane ko\u0144c\u00f3wki s\u0105 precyzyjnie obrobione, aby zwi\u0119kszy\u0107 odporno\u015b\u0107 na zu\u017cycie. Regularne smarowanie odpowiednim olejem hydraulicznym jest niezb\u0119dne dla zapewnienia p\u0142ynnej pracy.<\/p>\n<h2>Regularne kontrole i konserwacja zapobiegawcza<\/h2>\n<p>Aby zapewni\u0107 optymaln\u0105 wydajno\u015b\u0107 i trwa\u0142o\u015b\u0107, zaleca si\u0119 regularne przegl\u0105dy i konserwacj\u0119 zapobiegawcz\u0105. Nale\u017cy podj\u0105\u0107 nast\u0119puj\u0105ce dzia\u0142ania:<\/p>\n<ul>\n<li>Sprawd\u017a, czy nie ma \u015blad\u00f3w wycieku lub uszkodzenia cylindra.<\/li>\n<li>Sprawd\u017a i wymie\u0144 zu\u017cyte uszczelki lub uszkodzone elementy.<\/li>\n<li>Sprawd\u017a, czy smarowanie jest prawid\u0142owe i w razie potrzeby wyreguluj je.<\/li>\n<li>Dokr\u0119\u0107 wszystkie po\u0142\u0105czenia, aby zapobiec wyciekom.<\/li>\n<li>Nale\u017cy przestrzega\u0107 zalecanego przez producenta harmonogramu konserwacji.<\/li>\n<\/ul>\n<h2>Instrukcja instalacji produktu<\/h2>\n<p>Prawid\u0142owy monta\u017c si\u0142ownika ramienia jest niezb\u0119dny dla jego optymalnej pracy. Post\u0119puj zgodnie z poni\u017cszymi wskaz\u00f3wkami:<\/p>\n<ul>\n<li>Przygotuj miejsce instalacji i upewnij si\u0119, \u017ce jest czyste i wolne od zanieczyszcze\u0144.<\/li>\n<li>Zamocuj cylinder solidnie, u\u017cywaj\u0105c odpowiednich element\u00f3w monta\u017cowych.<\/li>\n<li>Pod\u0142\u0105cz przewody hydrauliczne zgodnie z za\u0142\u0105czonym schematem.<\/li>\n<li>Sprawd\u017a, czy wszystkie po\u0142\u0105czenia s\u0105 szczelne i nie ma wyciek\u00f3w.<\/li>\n<li>Przed uruchomieniem cylindra nale\u017cy sprawdzi\u0107 jego dzia\u0142anie.<\/li>\n<\/ul>\n<p><img decoding=\"async\" src=\"https:\/\/www.hydraulic-cylinders.net\/wp-content\/uploads\/2025\/01\/songte-bushings-with-all-kinds-of-excavator-models.webp\"><\/p>\n<h2>Zagadnienia bezpiecze\u0144stwa i czynniki \u015brodowiskowe<\/h2>\n<p>Podczas korzystania z si\u0142ownika ramienia nale\u017cy bezwzgl\u0119dnie przestrzega\u0107 \u015brodk\u00f3w ostro\u017cno\u015bci, aby zapobiec wypadkom i zapewni\u0107 bezpiecze\u0144stwo operatora. Odpowiednie przeszkolenie i przestrzeganie wytycznych bezpiecze\u0144stwa s\u0105 kluczowe.<\/p>\n<h2>Rozwi\u0105zywanie problem\u00f3w i typowe problemy<\/h2>\n<p>Oto kilka typowych problem\u00f3w, kt\u00f3re mog\u0105 wyst\u0105pi\u0107 w przypadku cylindra ramienia:<\/p>\n<ul>\n<li>Wyciek z uszczelek lub po\u0142\u0105cze\u0144<\/li>\n<li>Niewystarczaj\u0105cy lub nier\u00f3wnomierny ruch<\/li>\n<li>Nadmierny ha\u0142as podczas pracy<\/li>\n<li>Niesp\u00f3jny lub szarpany ruch<\/li>\n<\/ul>\n<p>Aby rozwi\u0105za\u0107 te problemy:<\/p>\n<ul>\n<li>Sprawd\u017a i wymie\u0144 zu\u017cyte uszczelki lub uszkodzone elementy.<\/li>\n<li>Sprawd\u017a i dokr\u0119\u0107 wszystkie po\u0142\u0105czenia, aby zapobiec wyciekom.<\/li>\n<li>Zapewnij odpowiednie smarowanie cylindra.<\/li>\n<li>W przypadku konkretnych problem\u00f3w nale\u017cy zapozna\u0107 si\u0119 z instrukcj\u0105 rozwi\u0105zywania problem\u00f3w producenta.<\/li>\n<\/ul>\n<p><img decoding=\"async\" src=\"https:\/\/www.hydraulic-cylinders.net\/wp-content\/uploads\/2025\/01\/songte-chushion-collar.webp\"><\/p>\n<p>Pami\u0119taj, aby artyku\u0142 by\u0142 logicznie uporz\u0105dkowany, u\u017cywaj podtytu\u0142\u00f3w u\u0142atwiaj\u0105cych nawigacj\u0119, dodawaj odpowiednie obrazy i wykresy, aby u\u0142atwi\u0107 zrozumienie, a tak\u017ce zadbaj o przejrzysto\u015b\u0107, zwi\u0119z\u0142o\u015b\u0107 i dostosowanie tre\u015bci do potrzeb czytelnik\u00f3w o r\u00f3\u017cnym poziomie wiedzy technicznej.<\/p>\n<h2>O nas<\/h2>\n<p>We are a professional manufacturer of replacement hydraulic cylinders, offering a wide range of products. We have become one of the leading hydraulic cylinder manufacturers and wholesale distributors in the domestic and international markets. Our commitment to excellence is reflected in our fine-tuned manufacturing workshops, industrial production management strategies, and continuous improvement in technology and production efficiency. By introducing advanced digital manufacturing equipment and professional testing systems, we optimize our manufacturing platform and improve product quality control processes, demonstrating strong innovative capabilities. Our goal is to meet customers&#8217; diverse needs with principles of efficiency, precision, and high quality.<\/p>\n<p>Oto kilka kluczowych aspekt\u00f3w naszej firmy:<\/p>\n<ul>\n<li>Profesjonalizm: Posiadamy zesp\u00f3\u0142 do\u015bwiadczonych fachowc\u00f3w, kt\u00f3rzy zajmuj\u0105 si\u0119 dostarczaniem wysokiej jako\u015bci cylindr\u00f3w hydraulicznych.<\/li>\n<li>Certyfikaty mi\u0119dzynarodowe: Nasze produkty spe\u0142niaj\u0105 mi\u0119dzynarodowe standardy jako\u015bci i certyfikaty.<\/li>\n<li>Us\u0142ugi dostosowywania: Oferujemy rozwi\u0105zania dostosowane do indywidualnych potrzeb klient\u00f3w.<\/li>\n<li>Sprz\u0119t produkcyjny: Wykorzystujemy najnowocze\u015bniejszy sprz\u0119t produkcyjny, aby zapewni\u0107 doskona\u0142\u0105 jako\u015b\u0107 naszych produkt\u00f3w.<\/li>\n<li>Serwis posprzeda\u017cowy: Zapewniamy naszym klientom kompleksowy serwis posprzeda\u017cowy i wsparcie.<\/li>\n<\/ul>\n<p><img decoding=\"async\" src=\"https:\/\/www.hydraulic-cylinders.net\/wp-content\/uploads\/2025\/01\/songte-company-4.webp\"><br \/>\n<img decoding=\"async\" src=\"https:\/\/www.hydraulic-cylinders.net\/wp-content\/uploads\/2025\/01\/songte-company-3.webp\"><\/p>\n<p>Autor: lyl<\/p>","protected":false},"excerpt":{"rendered":"<p>Arm Cylinder For Lovol Middle Excavator FR200 Introduction An arm cylinder is a specially designed hydraulic cylinder that is used to provide linear motion and power to the arm of various machinery, such as excavators, cranes, and robotic arms. The arm cylinder plays a crucial role in hydraulic systems, allowing for the efficient movement and [&hellip;]<\/p>","protected":false},"featured_media":14786,"comment_status":"open","ping_status":"closed","template":"","meta":{"_et_pb_use_builder":"","_et_pb_old_content":"","_et_gb_content_width":""},"product_brand":[],"product_cat":[1497],"product_tag":[1498,1496],"class_list":{"0":"post-16486","1":"product","2":"type-product","3":"status-publish","4":"has-post-thumbnail","6":"product_cat-arm-cylinders","7":"product_tag-arm-cylinders","8":"product_tag-hydraulic-cylinders","10":"first","11":"instock","12":"shipping-taxable","13":"product-type-simple"},"amp_enabled":true,"_links":{"self":[{"href":"https:\/\/www.hydraulic-cylinders.net\/pl\/wp-json\/wp\/v2\/product\/16486","targetHints":{"allow":["GET"]}}],"collection":[{"href":"https:\/\/www.hydraulic-cylinders.net\/pl\/wp-json\/wp\/v2\/product"}],"about":[{"href":"https:\/\/www.hydraulic-cylinders.net\/pl\/wp-json\/wp\/v2\/types\/product"}],"replies":[{"embeddable":true,"href":"https:\/\/www.hydraulic-cylinders.net\/pl\/wp-json\/wp\/v2\/comments?post=16486"}],"wp:featuredmedia":[{"embeddable":true,"href":"https:\/\/www.hydraulic-cylinders.net\/pl\/wp-json\/wp\/v2\/media\/14786"}],"wp:attachment":[{"href":"https:\/\/www.hydraulic-cylinders.net\/pl\/wp-json\/wp\/v2\/media?parent=16486"}],"wp:term":[{"taxonomy":"product_brand","embeddable":true,"href":"https:\/\/www.hydraulic-cylinders.net\/pl\/wp-json\/wp\/v2\/product_brand?post=16486"},{"taxonomy":"product_cat","embeddable":true,"href":"https:\/\/www.hydraulic-cylinders.net\/pl\/wp-json\/wp\/v2\/product_cat?post=16486"},{"taxonomy":"product_tag","embeddable":true,"href":"https:\/\/www.hydraulic-cylinders.net\/pl\/wp-json\/wp\/v2\/product_tag?post=16486"}],"curies":[{"name":"wp","href":"https:\/\/api.w.org\/{rel}","templated":true}]}}