{"id":1650,"date":"2023-10-10T06:53:30","date_gmt":"2023-10-10T06:53:30","guid":{"rendered":"https:\/\/hydraulic-cylinders.net\/?post_type=product&#038;p=1650"},"modified":"2025-04-11T03:46:23","modified_gmt":"2025-04-11T03:46:23","slug":"press-tilt-cylinder","status":"publish","type":"product","link":"https:\/\/www.hydraulic-cylinders.net\/pl\/produkt\/press-tilt-cylinder\/","title":{"rendered":"Si\u0142ownik przechy\u0142u prasy"},"content":{"rendered":"<h1 style=\"text-align: center;\"><strong>Si\u0142ownik przechy\u0142u prasy<\/strong><\/h1>\n<p><img loading=\"lazy\" decoding=\"async\" class=\"aligncenter wp-image-1651\" src=\"https:\/\/hydraulic-cylinders.net\/wp-content\/uploads\/2023\/10\/tilt-cylinder-1-300x300.webp\" alt=\"\" width=\"400\" height=\"400\" \/><\/p>\n<p>Si\u0142ownik przechy\u0142u prasy to najnowocze\u015bniejszy produkt, kt\u00f3ry zapewnia wszechstronn\u0105 i precyzyjn\u0105 kontrol\u0119 przechy\u0142u w r\u00f3\u017cnych zastosowaniach przemys\u0142owych. Dzi\u0119ki zaawansowanym funkcjom i solidnej konstrukcji, si\u0142ownik ten oferuje niezawodne mo\u017cliwo\u015bci przechy\u0142u, umo\u017cliwiaj\u0105c wydajne i dok\u0142adne pozycjonowanie obrabianych przedmiot\u00f3w lub sprz\u0119tu.<\/p>\n<p>Si\u0142ownik przechy\u0142u prasy to cenne narz\u0119dzie do wszechstronnego i precyzyjnego sterowania przechy\u0142em w zastosowaniach przemys\u0142owych. Dzi\u0119ki regulowanemu zakresowi przechy\u0142u, solidnej konstrukcji i p\u0142ynnemu ruchowi, si\u0142ownik ten umo\u017cliwia optymalizacj\u0119 pozycjonowania i wyr\u00f3wnywania obrabianych przedmiot\u00f3w lub sprz\u0119tu. Przestrzegaj\u0105c zalecanych metod u\u017cytkowania i konserwacji, mo\u017cna zmaksymalizowa\u0107 wydajno\u015b\u0107, trwa\u0142o\u015b\u0107 i bezpiecze\u0144stwo si\u0142ownika przechy\u0142u prasy w \u015brodowisku przemys\u0142owym. Wybierz ten si\u0142ownik, aby zwi\u0119kszy\u0107 wydajno\u015b\u0107, elastyczno\u015b\u0107 i precyzj\u0119 operacji przemys\u0142owych.<\/p>\n<p>Charakterystyka klucza cylindra uchylnego prasy:<\/p>\n<ol>\n<li>Regulowany zakres nachylenia:<\/li>\n<\/ol>\n<ul>\n<li>Si\u0142ownik pochylenia prasy umo\u017cliwia szeroki zakres k\u0105t\u00f3w pochylenia, zapewniaj\u0105c elastyczno\u015b\u0107 i mo\u017cliwo\u015b\u0107 dostosowania do r\u00f3\u017cnych wymaga\u0144 dotycz\u0105cych pozycjonowania przedmiotu obrabianego lub sprz\u0119tu.<\/li>\n<li>Regulowany zakres nachylenia cylindra umo\u017cliwia precyzyjn\u0105 kontrol\u0119 k\u0105ta nachylenia, co gwarantuje optymalne ustawienie i po\u017c\u0105dane rezultaty.<\/li>\n<\/ul>\n<ol start=\"2\">\n<li>Solidna konstrukcja:<\/li>\n<\/ol>\n<ul>\n<li>Cylinder ten wykonany jest z trwa\u0142ych materia\u0142\u00f3w, co gwarantuje jego odporno\u015b\u0107 na du\u017ce obci\u0105\u017cenia i trudne warunki pracy.<\/li>\n<li>Solidna konstrukcja cylindra przechy\u0142u prasy gwarantuje trwa\u0142o\u015b\u0107 i niezawodno\u015b\u0107, dzi\u0119ki czemu nadaje si\u0119 ona do wymagaj\u0105cych \u015brodowisk przemys\u0142owych.<\/li>\n<\/ul>\n<ol start=\"3\">\n<li>P\u0142ynny i precyzyjny ruch:<\/li>\n<\/ol>\n<ul>\n<li>Cylinder wyposa\u017cony jest w precyzyjnie zaprojektowany uk\u0142ad hydrauliczny, kt\u00f3ry gwarantuje p\u0142ynny i kontrolowany ruch przechy\u0142u.<\/li>\n<li>Precyzyjne mo\u017cliwo\u015bci ruchu si\u0142ownika przechy\u0142u prasy umo\u017cliwiaj\u0105 dok\u0142adne pozycjonowanie i eliminuj\u0105 szarpane lub nag\u0142e ruchy, kt\u00f3re mog\u0142yby zagrozi\u0107 integralno\u015bci obrabianego przedmiotu.<\/li>\n<\/ul>\n<ol start=\"4\">\n<li>Kompaktowa konstrukcja:<\/li>\n<\/ol>\n<ul>\n<li>Si\u0142ownik przechy\u0142u prasy zaprojektowano tak, aby by\u0142 kompaktowy i zajmowa\u0142 ma\u0142o miejsca, a jednocze\u015bnie zapewnia\u0142 wysok\u0105 wydajno\u015b\u0107.<\/li>\n<li>Kompaktowa konstrukcja pozwala na \u0142atw\u0105 integracj\u0119 z istniej\u0105cymi systemami przemys\u0142owymi, oszcz\u0119dzaj\u0105c cenn\u0105 przestrze\u0144 i usprawniaj\u0105c operacje.<\/li>\n<\/ul>\n<h2><strong>Parametry si\u0142ownika pochylenia prasy:<\/strong><\/h2>\n<table border=\"1\" cellspacing=\"0\" cellpadding=\"0\">\n<tbody>\n<tr>\n<td>Nazwa produktu<\/td>\n<td>Si\u0142ownik przechy\u0142u prasy hydraulicznej<\/td>\n<\/tr>\n<tr>\n<td>Cechy:<\/td>\n<td>Zrealizuj podnoszenie g\u0142owicy zaciskowej manipulatora<\/td>\n<\/tr>\n<tr>\n<td>\u015arednica otworu:<\/td>\n<td>\u00a0100mm\uff5e400mm<\/td>\n<\/tr>\n<tr>\n<td>\u015arednica pr\u0119ta:<\/td>\n<td>50mm\uff5e300mm<br \/>\nSkok \u22641500 mm<\/td>\n<\/tr>\n<tr>\n<td>Si\u0142a ci\u0105gu:<\/td>\n<td>Maksymalnie 3141 kN<br \/>\n(\u015arednica cylindra 400 mm\/ci\u015bnienie 25 MPa)<\/td>\n<\/tr>\n<tr>\n<td>Zastosowania cylindr\u00f3w przechy\u0142u prasy hydraulicznej:<\/td>\n<td>Prasa hydrauliczna<\/td>\n<\/tr>\n<\/tbody>\n<\/table>\n<div><\/div>\n<div>\n<div class=\"txtboxL\">\n<div class=\"txtboxL\">Cechy:<\/div>\n<div class=\"txtboxR\">Zrealizuj podnoszenie g\u0142owicy zaciskowej manipulatora<\/div>\n<div class=\"txtboxL\">Specyfikacja:<\/div>\n<div class=\"txtboxR\">\u015arednica otworu: 100 mm - 400 mm<br \/>\n\u015arednica pr\u0119ta: 50 mm - 300 mm<br \/>\nSkok \u22641500 mm<\/div>\n<div class=\"txtboxL\">Si\u0142a ci\u0105gu:<\/div>\n<div class=\"txtboxR\">Maksymalnie 3141 kN<br \/>\n(\u015arednica cylindra 400 mm\/ci\u015bnienie 25 MPa)<\/div>\n<\/div>\n<\/div>\n<h2><strong>Fabryka cylindr\u00f3w prasowych:<\/strong><\/h2>\n<p><img loading=\"lazy\" decoding=\"async\" class=\"alignnone wp-image-1619 size-full\" src=\"https:\/\/hydraulic-cylinders.net\/wp-content\/uploads\/2023\/10\/press-cylinder.webp\" alt=\"\" width=\"1418\" height=\"946\" srcset=\"https:\/\/hydraulic-cylinders.net\/wp-content\/uploads\/2023\/10\/press-cylinder.webp 1418w, https:\/\/hydraulic-cylinders.net\/wp-content\/uploads\/2023\/10\/press-cylinder-1280x854.webp 1280w, https:\/\/hydraulic-cylinders.net\/wp-content\/uploads\/2023\/10\/press-cylinder-980x654.webp 980w, https:\/\/hydraulic-cylinders.net\/wp-content\/uploads\/2023\/10\/press-cylinder-480x320.webp 480w\" sizes=\"(min-width: 0px) and (max-width: 480px) 480px, (min-width: 481px) and (max-width: 980px) 980px, (min-width: 981px) and (max-width: 1280px) 1280px, (min-width: 1281px) 1418px, 100vw\" \/><\/p>\n<h2><strong>Metoda u\u017cycia cylindra przechy\u0142u prasy<\/strong><strong>:<\/strong><\/h2>\n<ol>\n<li><strong>Monta\u017c i pod\u0142\u0105czenie:<\/strong><\/li>\n<\/ol>\n<ul>\n<li>Okre\u015bl odpowiednie punkty monta\u017cowe na urz\u0105dzeniu lub powierzchni roboczej, w kt\u00f3rych zostanie zamontowany si\u0142ownik przechy\u0142u prasy.<\/li>\n<li>Za pomoc\u0105 do\u0142\u0105czonych wspornik\u00f3w monta\u017cowych lub osprz\u0119tu zamocuj cylinder w spos\u00f3b bezpieczny, dbaj\u0105c o w\u0142a\u015bciwe wyr\u00f3wnanie i stabilno\u015b\u0107.<\/li>\n<li>Pod\u0142\u0105cz przewody hydrauliczne zgodnie z wytycznymi producenta, zapewniaj\u0105c prawid\u0142owy przep\u0142yw p\u0142ynu i zapobiegaj\u0105c wyciekom.<\/li>\n<\/ul>\n<ol start=\"2\">\n<li><strong>Regulacja k\u0105ta nachylenia:<\/strong><\/li>\n<\/ol>\n<ul>\n<li>Uruchom uk\u0142ad hydrauliczny i mechanizm steruj\u0105cy, aby wyregulowa\u0107 k\u0105t nachylenia cylindra przechy\u0142u prasy.<\/li>\n<li>Aby uzyska\u0107 po\u017c\u0105dany k\u0105t nachylenia, nale\u017cy post\u0119powa\u0107 zgodnie z instrukcjami producenta, bior\u0105c pod uwag\u0119 konkretne wymagania konkretnego zastosowania.<\/li>\n<li>Wykorzystaj zintegrowane lub zewn\u0119trzne systemy sterowania do precyzyjnego dostrojenia k\u0105ta nachylenia, aby uzyska\u0107 precyzyjne pozycjonowanie.<\/li>\n<\/ul>\n<ol start=\"3\">\n<li><strong>Blokowanie i zabezpieczanie:<\/strong><\/li>\n<\/ol>\n<ul>\n<li>Po osi\u0105gni\u0119ciu \u017c\u0105danego k\u0105ta nachylenia nale\u017cy w\u0142\u0105czy\u0107 mechanizm blokuj\u0105cy w celu zabezpieczenia cylindra przechy\u0142u prasy.<\/li>\n<li>Mechanizm blokuj\u0105cy zapewnia stabilno\u015b\u0107 i zapobiega niezamierzonym ruchom lub zmianom k\u0105ta nachylenia podczas pracy.<\/li>\n<\/ul>\n<h2><strong>Jak zmierzy\u0107 cylinder hydrauliczny?<\/strong><\/h2>\n<p>Dok\u0142adny pomiar cylindra hydraulicznego jest niezb\u0119dny z r\u00f3\u017cnych powod\u00f3w, takich jak wymiana, naprawa lub zam\u00f3wienie nowego cylindra. Oto przewodnik krok po kroku, jak zmierzy\u0107 cylinder hydrauliczny:<\/p>\n<ol>\n<li><strong>Okre\u015bl typ cylindra:<\/strong><br \/>\nOkre\u015bl typ cylindra hydraulicznego, kt\u00f3ry mierzysz. Typowe typy to cylindry jednostronnego dzia\u0142ania, dwustronnego dzia\u0142ania, teleskopowe i spawane. Ka\u017cdy typ mo\u017ce mie\u0107 specyficzne wymagania pomiarowe.<\/li>\n<li><strong>Zmierz \u015brednic\u0119 otworu:<\/strong><br \/>\n\u015arednica otworu odnosi si\u0119 do wewn\u0119trznej \u015brednicy lufy cylindra. Aby j\u0105 zmierzy\u0107, wykonaj nast\u0119puj\u0105ce kroki:<\/p>\n<ul>\n<li>Sprawd\u017a, czy cylinder jest ca\u0142kowicie schowany.<\/li>\n<li>Zmierz \u015brednic\u0119 wewn\u0119trzn\u0105 cylindra za pomoc\u0105 suwmiarki lub mikrometru. Umie\u015b\u0107 narz\u0119dzie pomiarowe po przeciwnych stronach cylindra i zanotuj wynik.<\/li>\n<\/ul>\n<\/li>\n<li><strong>Zmierz \u015brednic\u0119 pr\u0119ta:<\/strong><br \/>\n\u015arednica t\u0142oczyska odnosi si\u0119 do \u015brednicy t\u0142oczyska. Aby j\u0105 zmierzy\u0107:<\/p>\n<ul>\n<li>Ca\u0142kowicie rozsu\u0144 cylinder.<\/li>\n<li>Zmierz \u015brednic\u0119 pr\u0119ta za pomoc\u0105 suwmiarki lub mikrometru. Pomiaru dokonaj na ods\u0142oni\u0119tym ko\u0144cu pr\u0119ta.<\/li>\n<\/ul>\n<\/li>\n<li><strong>Okre\u015bl d\u0142ugo\u015b\u0107 skoku:<\/strong><br \/>\nD\u0142ugo\u015b\u0107 skoku to odleg\u0142o\u015b\u0107, jak\u0105 t\u0142oczysko mo\u017ce przeby\u0107 w cylindrze. Aby okre\u015bli\u0107 d\u0142ugo\u015b\u0107 skoku:<\/p>\n<ul>\n<li>Ca\u0142kowicie rozci\u0105gnij cylinder.<\/li>\n<li>Zmierz odleg\u0142o\u015b\u0107 od pozycji ca\u0142kowicie cofni\u0119tej do ca\u0142kowicie wysuni\u0119tej cz\u0119\u015bci t\u0142oczyska. Ten pomiar reprezentuje d\u0142ugo\u015b\u0107 skoku.<\/li>\n<\/ul>\n<\/li>\n<li><strong>Zwr\u00f3\u0107 uwag\u0119 na d\u0142ugo\u015b\u0107 po zamkni\u0119ciu:<\/strong><br \/>\nD\u0142ugo\u015b\u0107 w stanie zamkni\u0119tym to ca\u0142kowita d\u0142ugo\u015b\u0107 cylindra po jego ca\u0142kowitym zsuni\u0119ciu. Aby j\u0105 zmierzy\u0107:<\/p>\n<ul>\n<li>Upewnij si\u0119, \u017ce cylinder jest w pozycji ca\u0142kowicie schowanej.<\/li>\n<li>Zmierz odleg\u0142o\u015b\u0107 pomi\u0119dzy punktami mocowania lub po\u0142\u0105czeniami ko\u0144cowymi cylindra.<\/li>\n<\/ul>\n<\/li>\n<li><strong>Okre\u015bl style i wymiary monta\u017cu:<\/strong><br \/>\nZwr\u00f3\u0107 uwag\u0119 na style i wymiary mocowania si\u0142ownika. Obejmuje to rodzaj mocowania (np. ko\u0142nierz, wide\u0142ki, czop), odleg\u0142o\u015b\u0107 mi\u0119dzy otworami monta\u017cowymi oraz \u015brednic\u0119 otworu. Dok\u0142adnie zmierz odpowiednie wymiary za pomoc\u0105 ta\u015bmy mierniczej lub suwmiarki.<\/li>\n<li><strong>Rozwa\u017c dodatkowe specyfikacje:<\/strong><br \/>\nW zale\u017cno\u015bci od wymaga\u0144 mo\u017ce zaistnie\u0107 konieczno\u015b\u0107 zmierzenia dodatkowych parametr\u00f3w, takich jak ca\u0142kowita d\u0142ugo\u015b\u0107 po pe\u0142nym rozci\u0105gni\u0119ciu, ci\u015bnienie robocze i rodzaj zastosowanych uszczelek.<\/li>\n<\/ol>\n<h2><strong>Mo\u017cliwo\u015bci i pojemno\u015b\u0107 fabryki:<\/strong><\/h2>\n<h3>(1) Monta\u017c<\/h3>\n<p>Dysponujemy najwy\u017cszej klasy niezale\u017cn\u0105 platform\u0105 badawczo-rozwojow\u0105. Warsztat produkcji si\u0142ownik\u00f3w hydraulicznych posiada cztery p\u00f3\u0142automatyczne linie monta\u017cowe si\u0142ownik\u00f3w podnosz\u0105cych i jedn\u0105 automatyczn\u0105 lini\u0119 monta\u017cow\u0105 si\u0142ownik\u00f3w przechy\u0142u, o projektowanej rocznej zdolno\u015bci produkcyjnej 1 miliona sztuk. Specjalny warsztat cylindr\u00f3w jest wyposa\u017cony w r\u00f3\u017cne specyfikacje p\u00f3\u0142automatycznego systemu monta\u017cu czyszcz\u0105cego o projektowanej rocznej zdolno\u015bci produkcyjnej 200 000 i wyposa\u017cony w s\u0142ynny sprz\u0119t do obr\u00f3bki CNC, centrum obr\u00f3bcze, specjalny sprz\u0119t do precyzyjnej obr\u00f3bki cylindr\u00f3w, robot spawalniczy, automatyczna maszyna czyszcz\u0105ca, automatyczna maszyna do monta\u017cu cylindr\u00f3w i automatyczna linia produkcyjna do malowania. Istniej\u0105cy krytyczny sprz\u0119t sk\u0142ada si\u0119 z ponad 300 zestaw\u00f3w. Optymalna alokacja i efektywne wykorzystanie zasob\u00f3w sprz\u0119towych zapewniaj\u0105 wymagania dotycz\u0105ce dok\u0142adno\u015bci produkt\u00f3w i spe\u0142niaj\u0105 potrzeby wysokiej jako\u015bci produkt\u00f3w.<\/p>\n<p><img loading=\"lazy\" decoding=\"async\" class=\"alignnone wp-image-626\" src=\"https:\/\/hydraulic-cylinders.net\/wp-content\/uploads\/2023\/08\/hydraulic-cylinder-product-1-300x158.webp\" alt=\"\" width=\"495\" height=\"260\" srcset=\"https:\/\/hydraulic-cylinders.net\/wp-content\/uploads\/2023\/08\/hydraulic-cylinder-product-1-300x158.webp 495w, https:\/\/hydraulic-cylinders.net\/wp-content\/uploads\/2023\/08\/hydraulic-cylinder-product-1-480x252.webp 480w\" sizes=\"(min-width: 0px) and (max-width: 480px) 480px, (min-width: 481px) 495px, 100vw\" \/> <img loading=\"lazy\" decoding=\"async\" class=\"alignnone wp-image-627\" src=\"https:\/\/hydraulic-cylinders.net\/wp-content\/uploads\/2023\/08\/hydraulic-cylinder-product-2-300x189.webp\" alt=\"\" width=\"413\" height=\"260\" \/><\/p>\n<h3>(2) Obr\u00f3bka<\/h3>\n<p>Warsztat obr\u00f3bki skrawaniem jest wyposa\u017cony w niestandardowe centrum tokarskie z pochylon\u0105 szyn\u0105, centrum obr\u00f3bcze, szybkobie\u017cn\u0105 honownic\u0119, robota spawalniczego i inny powi\u0105zany sprz\u0119t, kt\u00f3ry mo\u017ce obs\u0142ugiwa\u0107 przetwarzanie rur cylindrycznych o maksymalnej \u015brednicy wewn\u0119trznej 400 mm i maksymalnej d\u0142ugo\u015bci 6 metr\u00f3w.<\/p>\n<p><img loading=\"lazy\" decoding=\"async\" class=\"alignnone wp-image-628 size-large\" src=\"https:\/\/hydraulic-cylinders.net\/wp-content\/uploads\/2023\/08\/hydraulic-cylinder-product-3-1024x391.webp\" alt=\"\" width=\"1024\" height=\"391\" srcset=\"https:\/\/hydraulic-cylinders.net\/wp-content\/uploads\/2023\/08\/hydraulic-cylinder-product-3-980x374.webp 980w, https:\/\/hydraulic-cylinders.net\/wp-content\/uploads\/2023\/08\/hydraulic-cylinder-product-3-480x183.webp 480w\" sizes=\"(min-width: 0px) and (max-width: 480px) 480px, (min-width: 481px) and (max-width: 980px) 980px, (min-width: 981px) 1024px, 100vw\" \/><\/p>\n<h3>(3) Spawanie<\/h3>\n<p><img loading=\"lazy\" decoding=\"async\" class=\"alignnone wp-image-629 size-large\" src=\"https:\/\/hydraulic-cylinders.net\/wp-content\/uploads\/2023\/08\/hydraulic-cylinder-product-4-1024x510.webp\" alt=\"\" width=\"1024\" height=\"510\" srcset=\"https:\/\/hydraulic-cylinders.net\/wp-content\/uploads\/2023\/08\/hydraulic-cylinder-product-4-980x488.webp 980w, https:\/\/hydraulic-cylinders.net\/wp-content\/uploads\/2023\/08\/hydraulic-cylinder-product-4-480x239.webp 480w\" sizes=\"(min-width: 0px) and (max-width: 480px) 480px, (min-width: 481px) and (max-width: 980px) 980px, (min-width: 981px) 1024px, 100vw\" \/><\/p>\n<h3>(4) Malowanie i powlekanie<\/h3>\n<p>Z ma\u0142ymi i \u015brednimi automatycznymi liniami do powlekania farbami na bazie wody, w celu osi\u0105gni\u0119cia automatycznego za\u0142adunku i roz\u0142adunku robota oraz automatycznego natryskiwania, wydajno\u015b\u0107 projektowa 4000 sztuk na zmian\u0119;<br \/>\nPosiadamy r\u00f3wnie\u017c p\u00f3\u0142automatyczn\u0105 lini\u0119 do produkcji farb do du\u017cych cylindr\u00f3w nap\u0119dzan\u0105 \u0142a\u0144cuchem nap\u0119dowym, o wydajno\u015bci 60 skrzy\u0144 na zmian\u0119.<\/p>\n<p><img loading=\"lazy\" decoding=\"async\" class=\"alignnone wp-image-630\" src=\"https:\/\/hydraulic-cylinders.net\/wp-content\/uploads\/2023\/08\/hydraulic-cylinder-product-5-300x213.webp\" alt=\"\" width=\"366\" height=\"260\" \/> <img loading=\"lazy\" decoding=\"async\" class=\"alignnone wp-image-631\" src=\"https:\/\/hydraulic-cylinders.net\/wp-content\/uploads\/2023\/08\/hydraulic-cylinder-product-6-300x225.webp\" alt=\"\" width=\"347\" height=\"260\" \/><\/p>\n<h3>(5) Testowanie<\/h3>\n<p>Dysponujemy najwy\u017cszej klasy urz\u0105dzeniami kontrolnymi i stanowiskami testowymi, aby zapewni\u0107, \u017ce wydajno\u015b\u0107 cylindra spe\u0142nia wymagania.<\/p>\n<p><img loading=\"lazy\" decoding=\"async\" class=\"alignnone wp-image-632\" src=\"https:\/\/hydraulic-cylinders.net\/wp-content\/uploads\/2023\/08\/hydraulic-cylinder-product-8-300x200.webp\" alt=\"\" width=\"389\" height=\"260\" \/><\/p>\n<p>&nbsp;<\/p>\n<p>&nbsp;<\/p>\n<p>Jeste\u015bmy jednym z najlepszych producent\u00f3w cylindr\u00f3w hydraulicznych. Oferujemy kompleksow\u0105 ofert\u0119 cylindr\u00f3w hydraulicznych. Dostarczamy r\u00f3wnie\u017c\u2026 <a href=\"https:\/\/hzpt.com\/agricultural-pto-gearbox\/\" target=\"_blank\" rel=\"noopener\">przek\u0142adnie rolnicze<\/a>. Eksportowali\u015bmy nasze produkty do klient\u00f3w na ca\u0142ym \u015bwiecie i zdobyli\u015bmy dobr\u0105 reputacj\u0119 dzi\u0119ki najwy\u017cszej jako\u015bci produkt\u00f3w i us\u0142ug posprzeda\u017cnych. Zapraszamy klient\u00f3w w kraju i za granic\u0105 do kontaktu z nami w celu negocjacji biznesowych, wymiany informacji i <a href=\"https:\/\/www.hydraulic-cylinders.net\/pl\/contact-us\/\">wsp\u00f3\u0142pracowa\u0107 z nami<\/a>!<\/p>","protected":false},"excerpt":{"rendered":"<p>Press Tilt Cylinder The press tilt cylinder is a cutting-edge product that provides versatile and precise tilt control in various industrial applications. With its advanced features and robust construction, this cylinder offers reliable tilting capabilities, enabling efficient and accurate positioning of workpieces or equipment. The press tilt cylinder is a valuable tool for achieving versatile [&hellip;]<\/p>","protected":false},"featured_media":1652,"comment_status":"open","ping_status":"closed","template":"","meta":{"_et_pb_use_builder":"","_et_pb_old_content":"","_et_gb_content_width":""},"product_brand":[],"product_cat":[1550,1522,1376],"product_tag":[1380],"class_list":{"0":"post-1650","1":"product","2":"type-product","3":"status-publish","4":"has-post-thumbnail","6":"product_cat-double-acting-hydraulic-cylinder","7":"product_cat-press-hydraulic-cylinders","8":"product_cat-hydraulic-cylinder","9":"product_tag-hydraulic-cylinder","11":"first","12":"instock","13":"shipping-taxable","14":"product-type-simple"},"amp_enabled":true,"_links":{"self":[{"href":"https:\/\/www.hydraulic-cylinders.net\/pl\/wp-json\/wp\/v2\/product\/1650","targetHints":{"allow":["GET"]}}],"collection":[{"href":"https:\/\/www.hydraulic-cylinders.net\/pl\/wp-json\/wp\/v2\/product"}],"about":[{"href":"https:\/\/www.hydraulic-cylinders.net\/pl\/wp-json\/wp\/v2\/types\/product"}],"replies":[{"embeddable":true,"href":"https:\/\/www.hydraulic-cylinders.net\/pl\/wp-json\/wp\/v2\/comments?post=1650"}],"wp:featuredmedia":[{"embeddable":true,"href":"https:\/\/www.hydraulic-cylinders.net\/pl\/wp-json\/wp\/v2\/media\/1652"}],"wp:attachment":[{"href":"https:\/\/www.hydraulic-cylinders.net\/pl\/wp-json\/wp\/v2\/media?parent=1650"}],"wp:term":[{"taxonomy":"product_brand","embeddable":true,"href":"https:\/\/www.hydraulic-cylinders.net\/pl\/wp-json\/wp\/v2\/product_brand?post=1650"},{"taxonomy":"product_cat","embeddable":true,"href":"https:\/\/www.hydraulic-cylinders.net\/pl\/wp-json\/wp\/v2\/product_cat?post=1650"},{"taxonomy":"product_tag","embeddable":true,"href":"https:\/\/www.hydraulic-cylinders.net\/pl\/wp-json\/wp\/v2\/product_tag?post=1650"}],"curies":[{"name":"wp","href":"https:\/\/api.w.org\/{rel}","templated":true}]}}