{"id":16531,"date":"2025-01-21T05:31:56","date_gmt":"2025-01-21T05:31:56","guid":{"rendered":"https:\/\/www.hydraulic-cylinders.net\/product\/arm-cylinder-for-xgma-large-excavator-xg836mh\/"},"modified":"2025-01-21T05:31:58","modified_gmt":"2025-01-21T05:31:58","slug":"arm-cylinder-for-xgma-large-excavator-xg836mh","status":"publish","type":"product","link":"https:\/\/www.hydraulic-cylinders.net\/pl\/produkt\/arm-cylinder-for-xgma-large-excavator-xg836mh\/","title":{"rendered":"Si\u0142ownik ramienia do du\u017cej koparki XGMA XG836MH"},"content":{"rendered":"<h1>Si\u0142ownik ramienia do du\u017cej koparki XGMA XG836MH<\/h1>\n<h2>Wst\u0119p<\/h2>\n<h3>Definicja<\/h3>\n<p>Si\u0142ownik ramienia to specjalnie zaprojektowany si\u0142ownik hydrauliczny, kt\u00f3ry s\u0142u\u017cy g\u0142\u00f3wnie do zapewnienia ruchu liniowego i zasilania ramienia r\u00f3\u017cnego rodzaju maszyn, takich jak koparki, d\u017awigi i ramiona mechaniczne. Si\u0142ownik ramienia odgrywa kluczow\u0105 rol\u0119 w uk\u0142adzie hydraulicznym, umo\u017cliwiaj\u0105c ruch dodatkowych narz\u0119dzi lub osprz\u0119tu i efektywne sterowanie nimi. Si\u0142owniki te nie tylko zapewniaj\u0105 p\u0142ynny ruch, ale tak\u017ce wytrzymuj\u0105 du\u017ce obci\u0105\u017cenia, gwarantuj\u0105c wydajn\u0105 prac\u0119 i niezawodno\u015b\u0107 maszyn w r\u00f3\u017cnych warunkach eksploatacyjnych.<\/p>\n<p><img decoding=\"async\" src=\"https:\/\/www.hydraulic-cylinders.net\/wp-content\/uploads\/2025\/01\/songte-company-2.webp\"><\/p>\n<h3>Cechy<\/h3>\n<ul>\n<li>Wydajne przenoszenie mocy: Cylinder ramienia mo\u017ce zapewni\u0107 mocny ruch liniowy i si\u0142\u0119, gwarantuj\u0105c wysok\u0105 wydajno\u015b\u0107 ramienia mechanicznego podczas r\u00f3\u017cnych operacji.<\/li>\n<li>Precyzyjna kontrola: Dzi\u0119ki uk\u0142adowi hydraulicznemu si\u0142ownik ramienia mo\u017ce uzyska\u0107 precyzyjn\u0105 kontrol\u0119 ruchu, co sprawia, \u017ce \u200b\u200bobs\u0142uga dodatkowych narz\u0119dzi jest bardziej elastyczna i dok\u0142adna.<\/li>\n<li>Wysoka trwa\u0142o\u015b\u0107: Cylinder ramienia jest zwykle wykonany z materia\u0142\u00f3w o wysokiej wytrzyma\u0142o\u015bci, charakteryzuj\u0105cych si\u0119 dobr\u0105 odporno\u015bci\u0105 na zu\u017cycie i korozj\u0119, dzi\u0119ki czemu nadaje si\u0119 do d\u0142ugotrwa\u0142ego u\u017cytkowania w trudnych warunkach.<\/li>\n<li>Wielofunkcyjna mo\u017cliwo\u015b\u0107 adaptacji: Te cylindry mo\u017cna szeroko stosowa\u0107 w r\u00f3\u017cnych urz\u0105dzeniach mechanicznych, takich jak koparki, d\u017awigi i ramiona mechaniczne, dostosowuj\u0105c si\u0119 do r\u00f3\u017cnych wymaga\u0144 roboczych.<\/li>\n<li>\u0141atwa konserwacja: Projekt zak\u0142ada \u0142atw\u0105 konserwacj\u0119 i wymian\u0119, dzi\u0119ki czemu regularne kontrole i konserwacje staj\u0105 si\u0119 wygodniejsze, a przestoje sprz\u0119tu zostaj\u0105 skr\u00f3cone.<\/li>\n<\/ul>\n<p><img decoding=\"async\" src=\"https:\/\/www.hydraulic-cylinders.net\/wp-content\/uploads\/2025\/01\/songte-oil-pipes-and-spare-parts.webp\"><\/p>\n<h2>Zastosowanie<\/h2>\n<p>Si\u0142ownik ramienia ma szeroki zakres zastosowa\u0144, w tym:<\/p>\n<h3>In\u017cynieria budowlana<\/h3>\n<p>W koparkach i d\u017awigach si\u0142ownik ramienia s\u0142u\u017cy do sterowania ruchem \u0142y\u017cki lub wysi\u0119gnika podczas prac ziemnych, przenoszenia materia\u0142\u00f3w i monta\u017cu konstrukcji.<\/p>\n<h3>Przemys\u0142 wytw\u00f3rczy<\/h3>\n<p>W zautomatyzowanych liniach produkcyjnych si\u0142ownik ramienia jest stosowany do poruszania ramion mechanicznych, np. podczas monta\u017cu, spawania i przenoszenia, co zwi\u0119ksza wydajno\u015b\u0107 i dok\u0142adno\u015b\u0107 produkcji.<\/p>\n<h3>Maszyny rolnicze<\/h3>\n<p>W maszynach rolniczych, takich jak kombajny i siewniki, si\u0142ownik ramienia steruje ruchem ramienia roboczego, wykonuj\u0105cego takie zadania, jak sadzenie, nawo\u017cenie i zbi\u00f3r.<\/p>\n<h3>Przemys\u0142 g\u00f3rniczy<\/h3>\n<p>W sprz\u0119cie g\u00f3rniczym si\u0142ownik ramienia s\u0142u\u017cy do sterowania ruchem ramienia sprz\u0119tu g\u00f3rniczego podczas wydobycia i transportu minera\u0142\u00f3w.<\/p>\n<h3>Logistyka i transport<\/h3>\n<p>W w\u00f3zkach wid\u0142owych i robotach prze\u0142adunkowych si\u0142ownik ramienia s\u0142u\u017cy do sterowania podnoszeniem i ruchem wide\u0142, co umo\u017cliwia przenoszenie i uk\u0142adanie materia\u0142\u00f3w.<\/p>\n<h2>Zagadnienia projektowe i kryteria wyboru<\/h2>\n<h3>No\u015bno\u015b\u0107<\/h3>\n<p>Si\u0142ownik ramienia musi by\u0107 tak zaprojektowany, aby utrzyma\u0107 ci\u0119\u017car dodatkowego narz\u0119dzia lub osprz\u0119tu i wytrzymywa\u0107 si\u0142y powstaj\u0105ce podczas pracy.<\/p>\n<h3>Opiecz\u0119towanie<\/h3>\n<p>Si\u0142ownik ramienia musi by\u0107 szczelnie zamkni\u0119ty, aby zapobiec wyciekom oleju i utrzyma\u0107 stabilne ci\u015bnienie, zapewniaj\u0105c tym samym prawid\u0142ow\u0105 prac\u0119 uk\u0142adu hydraulicznego. Stosowane s\u0105 r\u00f3\u017cne elementy uszczelniaj\u0105ce, takie jak uszczelnienia t\u0142oka i t\u0142oczyska, oraz materia\u0142y odporne na zu\u017cycie, takie jak poliuretan i kauczuk nitrylowy.<\/p>\n<h3>Trwa\u0142o\u015b\u0107<\/h3>\n<p>Cylinder ramienia musi by\u0107 wykonany z materia\u0142\u00f3w o wysokiej wytrzyma\u0142o\u015bci, charakteryzuj\u0105cych si\u0119 dobr\u0105 odporno\u015bci\u0105 na zu\u017cycie i korozj\u0119, aby zapewni\u0107 d\u0142ugotrwa\u0142e u\u017cytkowanie w trudnych warunkach.<\/p>\n<h3>Bezpiecze\u0144stwo<\/h3>\n<p>Si\u0142ownik ramienia musi spe\u0142nia\u0107 normy bezpiecze\u0144stwa, aby zapewni\u0107 bezpieczn\u0105 prac\u0119. Aby zapobiec wypadkom, zamontowano zabezpieczenia, takie jak zawory bezpiecze\u0144stwa i zawory steruj\u0105ce przep\u0142ywem.<\/p>\n<h3>Utrzymywalno\u015b\u0107<\/h3>\n<p>Si\u0142ownik ramienia musi by\u0107 zaprojektowany tak, aby mo\u017cna go by\u0142o \u0142atwo konserwowa\u0107 i wymienia\u0107, co skraca czas przestoju sprz\u0119tu i zmniejsza koszty konserwacji. G\u0142owica cylindra, tuleje i inne cz\u0119\u015bci s\u0105 precyzyjnie obrobione, aby zwi\u0119kszy\u0107 odporno\u015b\u0107 na zu\u017cycie, a regularne smarowanie olejem jest niezb\u0119dne do p\u0142ynnej pracy.<\/p>\n<p><img decoding=\"async\" src=\"https:\/\/www.hydraulic-cylinders.net\/wp-content\/uploads\/2025\/01\/songte-cylinder-head-with-all-kinds-excavator-models.webp\"><\/p>\n<h2>Konserwacja i rozwi\u0105zywanie problem\u00f3w<\/h2>\n<p>Regularne przegl\u0105dy i konserwacja zapobiegawcza maj\u0105 kluczowe znaczenie dla wydajno\u015bci i trwa\u0142o\u015bci si\u0142ownika ramienia. Oto kilka typowych wskaz\u00f3wek dotycz\u0105cych konserwacji i rozwi\u0105zywania problem\u00f3w:<\/p>\n<h3>Kontrola<\/h3>\n<ul>\n<li>Sprawd\u017a, czy na korpusie cylindra i t\u0142oczysku nie ma wyciek\u00f3w oleju, wgniece\u0144 lub innych uszkodze\u0144<\/li>\n<li>Sprawd\u017a dokr\u0119cenie \u015brub i po\u0142\u0105cze\u0144<\/li>\n<li>Sprawd\u017a stan uszczelki t\u0142oka i uszczelki t\u0142oczyska<\/li>\n<li>Sprawd\u017a poziom i jako\u015b\u0107 oleju<\/li>\n<\/ul>\n<h3>Rozwi\u0105zywanie problem\u00f3w<\/h3>\n<ul>\n<li>Zmniejszona pr\u0119dko\u015b\u0107 lub si\u0142a: Sprawd\u017a, czy nie wyst\u0119puje niskie ci\u015bnienie oleju, zatkany filtr oleju lub zu\u017cyte uszczelki<\/li>\n<li>Wycieki oleju: Sprawd\u017a, czy nie ma uszkodzonych uszczelek, lu\u017anych po\u0142\u0105cze\u0144 lub uszkodzonego korpusu cylindra<\/li>\n<li>Ha\u0142as lub wibracje: Sprawd\u017a, czy t\u0142oczysko nie jest uszkodzone lub czy \u0142o\u017cyska nie s\u0105 zu\u017cyte<\/li>\n<\/ul>\n<h3>\u015arodki zapobiegawcze<\/h3>\n<ul>\n<li>Unikaj przeci\u0105\u017cania cylindra<\/li>\n<li>Stosuj w\u0142a\u015bciwy rodzaj i ilo\u015b\u0107 oleju hydraulicznego<\/li>\n<li>Niezw\u0142ocznie wymieniaj zu\u017cyte uszczelki i cz\u0119\u015bci<\/li>\n<\/ul>\n<p><img decoding=\"async\" src=\"https:\/\/www.hydraulic-cylinders.net\/wp-content\/uploads\/2025\/01\/songte-chushion-collar.webp\"><\/p>\n<h2>Przewodnik instalacji<\/h2>\n<p>Monta\u017c si\u0142ownika ramienia powinien zosta\u0107 przeprowadzony przez profesjonalnego technika. Oto kilka og\u00f3lnych krok\u00f3w instalacji:<\/p>\n<ul>\n<li>Przygotuj miejsce instalacji i upewnij si\u0119, \u017ce jest czyste i r\u00f3wne<\/li>\n<li>Zamontuj cylinder zgodnie z instrukcj\u0105 producenta, zwracaj\u0105c uwag\u0119 na kierunek i po\u0142o\u017cenie cylindra.<\/li>\n<li>Pod\u0142\u0105cz przewody hydrauliczne i z\u0142\u0105czki, upewniaj\u0105c si\u0119, \u017ce s\u0105 dobrze dokr\u0119cone i zabezpieczone<\/li>\n<li>Sprawd\u017a cylinder, aby upewni\u0107 si\u0119, \u017ce dzia\u0142a prawid\u0142owo<\/li>\n<\/ul>\n<p><img decoding=\"async\" src=\"https:\/\/www.hydraulic-cylinders.net\/wp-content\/uploads\/2025\/01\/songte-bushings-with-all-kinds-of-excavator-models.webp\"><\/p>\n<h2>O nas<\/h2>\n<p>Jeste\u015bmy profesjonalnym producentem zamiennych cylindr\u00f3w hydraulicznych, oferuj\u0105cym szerok\u0105 gam\u0119 produkt\u00f3w. Stali\u015bmy si\u0119 jednym z wiod\u0105cych producent\u00f3w i hurtowych dystrybutor\u00f3w cylindr\u00f3w hydraulicznych na rynku krajowym i mi\u0119dzynarodowym. Zawsze przestrzegamy zasady doskona\u0142ej jako\u015bci, opieraj\u0105c si\u0119 na strategii zarz\u0105dzania produkcj\u0105 przemys\u0142ow\u0105 w precyzyjnym warsztacie produkcyjnym, stale podnosz\u0105c poziom techniczny i wydajno\u015b\u0107 produkcji. Dzi\u0119ki wprowadzaniu wysokiej klasy cyfrowego sprz\u0119tu produkcyjnego i profesjonalnych system\u00f3w testowych, stale optymalizujemy platform\u0119 produkcyjn\u0105, doskonalimy proces kontroli jako\u015bci produkt\u00f3w i dysponujemy du\u017cym potencja\u0142em innowacyjnym. Naszym celem jest zaspokajanie zr\u00f3\u017cnicowanych potrzeb klient\u00f3w, kieruj\u0105c si\u0119 zasadami wysokiej wydajno\u015bci, precyzji i jako\u015bci.<\/p>\n<h3>Profesjonalizm<\/h3>\n<p>Nasz zesp\u00f3\u0142 techniczny posiada wieloletnie do\u015bwiadczenie w bran\u017cy hydraulicznej i dostarczamy rozwi\u0105zania hydrauliczne dostosowane do r\u00f3\u017cnych zastosowa\u0144.<\/p>\n<h3>Mi\u0119dzynarodowa Certyfikacja<\/h3>\n<p>Nasze produkty posiadaj\u0105 mi\u0119dzynarodowe certyfikaty, takie jak ISO9001 i CE, co gwarantuje jako\u015b\u0107 i bezpiecze\u0144stwo produktu.<\/p>\n<h3>Us\u0142uga personalizacji<\/h3>\n<p>Oferujemy us\u0142ugi dostosowywania do szczeg\u00f3lnych potrzeb klient\u00f3w, obejmuj\u0105ce projektowanie i produkcj\u0119 specjalnych cylindr\u00f3w hydraulicznych.<\/p>\n<h3>Sprz\u0119t produkcyjny<\/h3>\n<p>Dysponujemy zaawansowanym cyfrowym sprz\u0119tem produkcyjnym, takim jak centra obr\u00f3bcze CNC i automatyczne maszyny spawalnicze, co gwarantuje dok\u0142adno\u015b\u0107 i jako\u015b\u0107 produkt\u00f3w.<\/p>\n<h3>Serwis posprzeda\u017cowy<\/h3>\n<p>Zapewniamy kompleksowy serwis posprzeda\u017cowy, obejmuj\u0105cy wsparcie techniczne, wskaz\u00f3wki dotycz\u0105ce instalacji i szkolenia w zakresie konserwacji, aby zapewni\u0107 prawid\u0142owe dzia\u0142anie uk\u0142adu hydraulicznego.<\/p>\n<p><img decoding=\"async\" src=\"https:\/\/www.hydraulic-cylinders.net\/wp-content\/uploads\/2025\/01\/songte-company-4.webp\"><br \/>\n<img decoding=\"async\" src=\"https:\/\/www.hydraulic-cylinders.net\/wp-content\/uploads\/2025\/01\/songte-company-3.webp\"><\/p>\n<p>Autor: lyl<\/p>","protected":false},"excerpt":{"rendered":"<p>Arm Cylinder For XGMA Large Excavator XG836MH Introduction Definition The arm cylinder is a specially designed hydraulic cylinder that is mainly used to provide linear motion and power to the arm of various types of machinery, such as excavators, cranes, and mechanical arms. The arm cylinder plays a key role in the hydraulic system, allowing [&hellip;]<\/p>","protected":false},"featured_media":14772,"comment_status":"open","ping_status":"closed","template":"","meta":{"_et_pb_use_builder":"","_et_pb_old_content":"","_et_gb_content_width":""},"product_brand":[],"product_cat":[1497],"product_tag":[1498,1496],"class_list":{"0":"post-16531","1":"product","2":"type-product","3":"status-publish","4":"has-post-thumbnail","6":"product_cat-arm-cylinders","7":"product_tag-arm-cylinders","8":"product_tag-hydraulic-cylinders","10":"first","11":"instock","12":"shipping-taxable","13":"product-type-simple"},"amp_enabled":true,"_links":{"self":[{"href":"https:\/\/www.hydraulic-cylinders.net\/pl\/wp-json\/wp\/v2\/product\/16531","targetHints":{"allow":["GET"]}}],"collection":[{"href":"https:\/\/www.hydraulic-cylinders.net\/pl\/wp-json\/wp\/v2\/product"}],"about":[{"href":"https:\/\/www.hydraulic-cylinders.net\/pl\/wp-json\/wp\/v2\/types\/product"}],"replies":[{"embeddable":true,"href":"https:\/\/www.hydraulic-cylinders.net\/pl\/wp-json\/wp\/v2\/comments?post=16531"}],"wp:featuredmedia":[{"embeddable":true,"href":"https:\/\/www.hydraulic-cylinders.net\/pl\/wp-json\/wp\/v2\/media\/14772"}],"wp:attachment":[{"href":"https:\/\/www.hydraulic-cylinders.net\/pl\/wp-json\/wp\/v2\/media?parent=16531"}],"wp:term":[{"taxonomy":"product_brand","embeddable":true,"href":"https:\/\/www.hydraulic-cylinders.net\/pl\/wp-json\/wp\/v2\/product_brand?post=16531"},{"taxonomy":"product_cat","embeddable":true,"href":"https:\/\/www.hydraulic-cylinders.net\/pl\/wp-json\/wp\/v2\/product_cat?post=16531"},{"taxonomy":"product_tag","embeddable":true,"href":"https:\/\/www.hydraulic-cylinders.net\/pl\/wp-json\/wp\/v2\/product_tag?post=16531"}],"curies":[{"name":"wp","href":"https:\/\/api.w.org\/{rel}","templated":true}]}}