{"id":16533,"date":"2025-01-21T05:32:08","date_gmt":"2025-01-21T05:32:08","guid":{"rendered":"https:\/\/www.hydraulic-cylinders.net\/product\/arm-cylinder-for-xgma-wheel-excavator-xg807w\/"},"modified":"2025-01-21T05:32:10","modified_gmt":"2025-01-21T05:32:10","slug":"arm-cylinder-for-xgma-wheel-excavator-xg807w","status":"publish","type":"product","link":"https:\/\/www.hydraulic-cylinders.net\/pl\/produkt\/arm-cylinder-for-xgma-wheel-excavator-xg807w\/","title":{"rendered":"Si\u0142ownik ramienia do koparki ko\u0142owej XGMA XG807W"},"content":{"rendered":"<h2>Si\u0142ownik ramienia do koparki ko\u0142owej XGMA XG807W<\/h2>\n<h3>Wst\u0119p<\/h3>\n<p>Si\u0142ownik ramienia to specjalnie zaprojektowany si\u0142ownik hydrauliczny, kt\u00f3ry zapewnia ruch liniowy i zasilanie ramion r\u00f3\u017cnego rodzaju maszyn, takich jak koparki, d\u017awigi i ramiona mechaniczne. Si\u0142ownik ramienia odgrywa kluczow\u0105 rol\u0119 w uk\u0142adzie hydraulicznym, umo\u017cliwiaj\u0105c efektywny ruch i sterowanie dodatkowymi narz\u0119dziami lub osprz\u0119tem. Si\u0142owniki te nie tylko zapewniaj\u0105 p\u0142ynny ruch, ale tak\u017ce wytrzymuj\u0105 du\u017ce obci\u0105\u017cenia, gwarantuj\u0105c wydajn\u0105 prac\u0119 i niezawodno\u015b\u0107 maszyn w r\u00f3\u017cnych warunkach pracy.<\/p>\n<p><img decoding=\"async\" src=\"https:\/\/www.hydraulic-cylinders.net\/wp-content\/uploads\/2025\/01\/songte-company-2.webp\"><\/p>\n<h3>Cechy<\/h3>\n<ul>\n<li>Wydajne przenoszenie mocy: Cylinder ramienia zapewnia mocny ruch liniowy i si\u0142\u0119, gwarantuj\u0105c wysok\u0105 wydajno\u015b\u0107 ramienia mechanicznego podczas r\u00f3\u017cnych operacji.<\/li>\n<li>Precyzyjna kontrola: Dzi\u0119ki uk\u0142adowi hydraulicznemu si\u0142ownik ramienia mo\u017ce uzyska\u0107 dok\u0142adn\u0105 kontrol\u0119 ruchu, co sprawia, \u017ce \u200b\u200bobs\u0142uga dodatkowych narz\u0119dzi jest bardziej elastyczna i precyzyjna.<\/li>\n<li>Wysoka trwa\u0142o\u015b\u0107: Cylindry ramienia s\u0105 zwykle wykonane z materia\u0142\u00f3w o wysokiej wytrzyma\u0142o\u015bci, charakteryzuj\u0105cych si\u0119 dobr\u0105 odporno\u015bci\u0105 na zu\u017cycie i korozj\u0119, dzi\u0119ki czemu nadaj\u0105 si\u0119 do d\u0142ugotrwa\u0142ego u\u017cytkowania w trudnych warunkach.<\/li>\n<li>Wielofunkcyjna adaptowalno\u015b\u0107: Te cylindry mo\u017cna szeroko stosowa\u0107 w r\u00f3\u017cnych urz\u0105dzeniach mechanicznych, takich jak koparki, d\u017awigi i ramiona mechaniczne, dostosowuj\u0105c si\u0119 do r\u00f3\u017cnych potrzeb roboczych.<\/li>\n<li>\u0141atwa konserwacja: Zaprojektowano je z my\u015bl\u0105 o \u0142atwej konserwacji i wymianie, dzi\u0119ki czemu regularne kontrole i konserwacje staj\u0105 si\u0119 wygodniejsze, co skraca przestoje sprz\u0119tu.<\/li>\n<\/ul>\n<p><img decoding=\"async\" src=\"https:\/\/www.hydraulic-cylinders.net\/wp-content\/uploads\/2025\/01\/songte-oil-pipes-and-spare-parts.webp\"><\/p>\n<h3>Aplikacje<\/h3>\n<p>Si\u0142ownik ramienia ma szeroki zakres zastosowa\u0144, w tym:<\/p>\n<ul>\n<li>In\u017cynieria budowlana: W koparkach i d\u017awigach si\u0142ownik ramienia s\u0142u\u017cy do sterowania ruchem koparki lub wysi\u0119gnika podczas rob\u00f3t ziemnych, przenoszenia materia\u0142\u00f3w i instalacji konstrukcyjnych.<\/li>\n<li>Produkcja: W zautomatyzowanych liniach produkcyjnych si\u0142ownik ramienia jest wykorzystywany do poruszania ramion mechanicznych, np. podczas monta\u017cu, spawania i obs\u0142ugi, w celu zwi\u0119kszenia wydajno\u015bci i dok\u0142adno\u015bci produkcji.<\/li>\n<li>Maszyny rolnicze: W maszynach rolniczych, takich jak kombajny i sadzarki, si\u0142ownik ramienia steruje ruchem ramienia roboczego, wykonuj\u0105cego takie zadania, jak sadzenie, nawo\u017cenie i zbi\u00f3r.<\/li>\n<li>G\u00f3rnictwo: W sprz\u0119cie g\u00f3rniczym si\u0142ownik ramienia s\u0142u\u017cy do sterowania ruchem ramienia sprz\u0119tu g\u00f3rniczego wykorzystywanego do wydobywania i transportu rudy.<\/li>\n<li>Logistyka i transport: W w\u00f3zkach wid\u0142owych i robotach prze\u0142adunkowych si\u0142ownik ramienia s\u0142u\u017cy do sterowania podnoszeniem i ruchem wide\u0142, co umo\u017cliwia przenoszenie i uk\u0142adanie materia\u0142\u00f3w.<\/li>\n<\/ul>\n<h3>Zagadnienia projektowe i kryteria wyboru<\/h3>\n<p>Si\u0142owniki ramieniowe podlegaj\u0105 rygorystycznym kryteriom projektowym i doborowi, aby zapewni\u0107 ich wydajno\u015b\u0107 i trwa\u0142o\u015b\u0107. Nale\u017c\u0105 do nich:<\/p>\n<ul>\n<li>No\u015bno\u015b\u0107: Cylindry ramienia musz\u0105 by\u0107 w stanie wytrzyma\u0107 du\u017ce obci\u0105\u017cenia oraz zapewnia\u0107 mocny ruch liniowy i si\u0142\u0119.<\/li>\n<li>Uszczelnienie: W celu zapobiegania wyciekom p\u0142ynu hydraulicznego w cylindrach ramieniowych stosuje si\u0119 r\u00f3\u017cne elementy uszczelniaj\u0105ce, takie jak uszczelnienia t\u0142oka i uszczelnienia t\u0142oczyska, kt\u00f3re s\u0105 wykonane z materia\u0142\u00f3w odpornych na zu\u017cycie, w tym poliuretanu i kauczuku nitrylowego.<\/li>\n<li>Trwa\u0142o\u015b\u0107: Cylindry ramienia wykonane s\u0105 z materia\u0142\u00f3w o wysokiej wytrzyma\u0142o\u015bci, odpornych na zu\u017cycie i korozj\u0119, a ich powierzchnia jest hartowana w celu zwi\u0119kszenia odporno\u015bci na zu\u017cycie.<\/li>\n<li>Bezpiecze\u0144stwo: Cylindry ramieniowe musz\u0105 by\u0107 zaprojektowane i przetestowane w spos\u00f3b zapewniaj\u0105cy spe\u0142nienie norm bezpiecze\u0144stwa dla maszyn, w kt\u00f3rych s\u0105 stosowane.<\/li>\n<li>\u0141atwo\u015b\u0107 konserwacji: Cylindry ramienia musz\u0105 by\u0107 zaprojektowane w spos\u00f3b umo\u017cliwiaj\u0105cy \u0142atw\u0105 konserwacj\u0119 i wymian\u0119 w celu skr\u00f3cenia przestoj\u00f3w.<\/li>\n<\/ul>\n<p><img decoding=\"async\" src=\"https:\/\/www.hydraulic-cylinders.net\/wp-content\/uploads\/2025\/01\/songte-cylinder-head-with-all-kinds-excavator-models.webp\"><\/p>\n<h3>Uszczelnianie i smarowanie<\/h3>\n<p>Si\u0142owniki ramienia wymagaj\u0105 r\u00f3\u017cnych element\u00f3w uszczelniaj\u0105cych, aby zapobiec wyciekom p\u0142ynu hydraulicznego, takich jak uszczelnienia t\u0142oka i t\u0142oczyska, kt\u00f3re s\u0105 wykonane z materia\u0142\u00f3w odpornych na zu\u017cycie, takich jak poliuretan i kauczuk nitrylowy. Ponadto korpus cylindra i gwintowana powierzchnia ko\u0144cowa s\u0105 precyzyjnie obrobione, aby zwi\u0119kszy\u0107 odporno\u015b\u0107 na zu\u017cycie. Si\u0142owniki ramienia wymagaj\u0105 r\u00f3wnie\u017c regularnego smarowania, aby zapewni\u0107 prawid\u0142owe dzia\u0142anie i d\u0142ug\u0105 \u017cywotno\u015b\u0107.<\/p>\n<h3>Konserwacja i naprawa<\/h3>\n<p>Regularna konserwacja i \u015brodki zapobiegawcze s\u0105 niezb\u0119dne dla zapewnienia d\u0142ugowieczno\u015bci si\u0142ownik\u00f3w ramienia. \u015arodki te obejmuj\u0105:<\/p>\n<ul>\n<li>Regularna kontrola korpusu cylindra, t\u0142oka i element\u00f3w uszczelniaj\u0105cych.<\/li>\n<li>Wymiana zu\u017cytych lub uszkodzonych podzespo\u0142\u00f3w.<\/li>\n<li>Uzupe\u0142nianie p\u0142ynu hydraulicznego do prawid\u0142owego poziomu.<\/li>\n<li>Kontrola i naprawa przewod\u00f3w i przy\u0142\u0105czy hydraulicznych.<\/li>\n<li>Stosowanie czystego p\u0142ynu hydraulicznego i w\u0142a\u015bciwej filtracji.<\/li>\n<\/ul>\n<p><img decoding=\"async\" src=\"https:\/\/www.hydraulic-cylinders.net\/wp-content\/uploads\/2025\/01\/songte-chushion-collar.webp\"><\/p>\n<h3>Przewodnik instalacji<\/h3>\n<p>Monta\u017c si\u0142ownik\u00f3w ramienia wymaga starannego rozwa\u017cenia maszyn, w kt\u00f3rych b\u0119d\u0105 u\u017cywane. Aby zapewni\u0107 prawid\u0142owy monta\u017c, nale\u017cy wykona\u0107 poni\u017csze czynno\u015bci:<\/p>\n<ol>\n<li>Okre\u015bl prawid\u0142owy rozmiar cylindra i specyfikacj\u0119 maszyny.<\/li>\n<li>Upewnij si\u0119, \u017ce wszystkie przewody i z\u0142\u0105czki hydrauliczne s\u0105 czyste i nieuszkodzone.<\/li>\n<li>Umie\u015b\u0107 cylinder w odpowiednim po\u0142o\u017ceniu i wyr\u00f3wnaj otwory monta\u017cowe.<\/li>\n<li>Solidnie przymocuj cylinder do maszyny, u\u017cywaj\u0105c odpowiednich \u015brub i nakr\u0119tek.<\/li>\n<li>Pod\u0142\u0105cz przewody i przy\u0142\u0105cza hydrauliczne zgodnie z instrukcjami producenta.<\/li>\n<li>Uzupe\u0142nij p\u0142yn hydrauliczny do prawid\u0142owego poziomu i sprawd\u017a, czy nie ma wyciek\u00f3w.<\/li>\n<\/ol>\n<h3>Bezpiecze\u0144stwo i wzgl\u0119dy \u015brodowiskowe<\/h3>\n<p>Podczas korzystania z si\u0142ownik\u00f3w ramieniowych nale\u017cy podj\u0105\u0107 odpowiednie \u015brodki bezpiecze\u0144stwa, aby zapewni\u0107 bezpiecze\u0144stwo personelu i sprz\u0119tu. \u015arodki te obejmuj\u0105:<\/p>\n<ul>\n<li>W\u0142a\u015bciwe przeszkolenie personelu w zakresie u\u017cytkowania maszyn i cylindr\u00f3w ramieniowych.<\/li>\n<li>Stosowanie odpowiednich zabezpiecze\u0144 i \u015brodk\u00f3w ostro\u017cno\u015bci.<\/li>\n<li>Regularna kontrola i konserwacja maszyn i cylindr\u00f3w ramienia.<\/li>\n<li>Prawid\u0142owa utylizacja p\u0142ynu hydraulicznego i podzespo\u0142\u00f3w w celu zapobiegania ska\u017ceniu \u015brodowiska.<\/li>\n<\/ul>\n<h3>Rozwi\u0105zywanie problem\u00f3w i typowe problemy<\/h3>\n<p>Cylindry ramienia mog\u0105 z czasem ulega\u0107 awariom z powodu u\u017cytkowania lub zu\u017cycia. Niekt\u00f3re typowe problemy to:<\/p>\n<ul>\n<li>Wycieki p\u0142ynu hydraulicznego<\/li>\n<li>Awaria uszczelnienia<\/li>\n<li>P\u0119kni\u0119ty korpus cylindra<\/li>\n<li>Nadmierne zu\u017cycie<\/li>\n<li>Nieprawid\u0142owa instalacja<\/li>\n<\/ul>\n<p>Prawid\u0142owa diagnoza i naprawa tych problem\u00f3w wymaga dok\u0142adnej inspekcji i analizy. Post\u0119puj zgodnie z poni\u017cszymi wskaz\u00f3wkami, aby prawid\u0142owo rozwi\u0105zywa\u0107 problemy i naprawia\u0107 usterki:<\/p>\n<ul>\n<li>Sprawd\u017a korpus cylindra i jego elementy pod k\u0105tem uszkodze\u0144 i zu\u017cycia.<\/li>\n<li>Wymie\u0144 zu\u017cyte lub uszkodzone podzespo\u0142y.<\/li>\n<li>Uzupe\u0142nij p\u0142yn hydrauliczny do prawid\u0142owego poziomu.<\/li>\n<li>Sprawd\u017a przewody i z\u0142\u0105czki hydrauliczne pod k\u0105tem uszkodze\u0144 i nieszczelno\u015bci.<\/li>\n<\/ul>\n<p><img decoding=\"async\" src=\"https:\/\/www.hydraulic-cylinders.net\/wp-content\/uploads\/2025\/01\/songte-bushings-with-all-kinds-of-excavator-models.webp\"><\/p>\n<h3>O nas<\/h3>\n<p>Jeste\u015bmy profesjonalnym producentem zamiennych cylindr\u00f3w hydraulicznych, oferuj\u0105cym szerok\u0105 gam\u0119 produkt\u00f3w. Stali\u015bmy si\u0119 jednym z wiod\u0105cych producent\u00f3w i hurtowych dystrybutor\u00f3w cylindr\u00f3w hydraulicznych na rynku krajowym i zagranicznym. Zawsze przestrzegamy zasady doskona\u0142ej jako\u015bci, opieraj\u0105c si\u0119 na bran\u017cowej strategii zarz\u0105dzania produkcj\u0105 w precyzyjnych warsztatach produkcyjnych, stale ulepszaj\u0105c nasz\u0105 technologi\u0119 i wydajno\u015b\u0107 produkcji. Wprowadzaj\u0105c zaawansowany cyfrowy sprz\u0119t produkcyjny i profesjonalne systemy testowe, stale optymalizujemy nasz\u0105 platform\u0119 produkcyjn\u0105 i usprawniamy proces kontroli jako\u015bci produkt\u00f3w, wykorzystuj\u0105c przy tym silne mo\u017cliwo\u015bci innowacyjne. Naszym celem jest zaspokajanie potrzeb klient\u00f3w poprzez wysok\u0105 wydajno\u015b\u0107, precyzj\u0119 i jako\u015b\u0107.<\/p>\n<h3>Nasze us\u0142ugi<\/h3>\n<ul>\n<li>Profesjonalizm: Posiadamy profesjonalny zesp\u00f3\u0142 badawczo-rozwojowy i zesp\u00f3\u0142 produkcyjny, aby zapewni\u0107 klientom wysokiej jako\u015bci i wydajne us\u0142ugi.<\/li>\n<li>Certyfikaty mi\u0119dzynarodowe: Nasze produkty uzyska\u0142y mi\u0119dzynarodowe certyfikaty, takie jak CE, ISO9001 i SGS.<\/li>\n<li>Us\u0142ugi dostosowywania: Oferujemy us\u0142ugi dostosowane do potrzeb r\u00f3\u017cnych klient\u00f3w.<\/li>\n<li>Sprz\u0119t produkcyjny: Wykorzystujemy zaawansowany cyfrowy sprz\u0119t produkcyjny i profesjonalne systemy testowe, aby zwi\u0119kszy\u0107 wydajno\u015b\u0107 produkcji i kontrol\u0119 jako\u015bci.<\/li>\n<li>Obs\u0142uga posprzeda\u017cowa: Zapewniamy terminow\u0105 i skuteczn\u0105 obs\u0142ug\u0119 posprzeda\u017cow\u0105, aby zagwarantowa\u0107 satysfakcj\u0119 klienta.<\/li>\n<\/ul>\n<p><img decoding=\"async\" src=\"https:\/\/www.hydraulic-cylinders.net\/wp-content\/uploads\/2025\/01\/songte-company-3.webp\"><\/p>\n<p>Autor: lyl.<\/p>","protected":false},"excerpt":{"rendered":"<p>Arm Cylinder For XGMA Wheel Excavator XG807W Introduction The arm cylinder is a specially designed hydraulic cylinder that provides linear motion and power to the arms of various types of machinery, such as excavators, cranes and mechanical arms. The arm cylinder plays a critical role in the hydraulic system, enabling the effective movement and control [&hellip;]<\/p>","protected":false},"featured_media":14766,"comment_status":"open","ping_status":"closed","template":"","meta":{"_et_pb_use_builder":"","_et_pb_old_content":"","_et_gb_content_width":""},"product_brand":[],"product_cat":[1497],"product_tag":[1498,1496],"class_list":{"0":"post-16533","1":"product","2":"type-product","3":"status-publish","4":"has-post-thumbnail","6":"product_cat-arm-cylinders","7":"product_tag-arm-cylinders","8":"product_tag-hydraulic-cylinders","10":"first","11":"instock","12":"shipping-taxable","13":"product-type-simple"},"amp_enabled":true,"_links":{"self":[{"href":"https:\/\/www.hydraulic-cylinders.net\/pl\/wp-json\/wp\/v2\/product\/16533","targetHints":{"allow":["GET"]}}],"collection":[{"href":"https:\/\/www.hydraulic-cylinders.net\/pl\/wp-json\/wp\/v2\/product"}],"about":[{"href":"https:\/\/www.hydraulic-cylinders.net\/pl\/wp-json\/wp\/v2\/types\/product"}],"replies":[{"embeddable":true,"href":"https:\/\/www.hydraulic-cylinders.net\/pl\/wp-json\/wp\/v2\/comments?post=16533"}],"wp:featuredmedia":[{"embeddable":true,"href":"https:\/\/www.hydraulic-cylinders.net\/pl\/wp-json\/wp\/v2\/media\/14766"}],"wp:attachment":[{"href":"https:\/\/www.hydraulic-cylinders.net\/pl\/wp-json\/wp\/v2\/media?parent=16533"}],"wp:term":[{"taxonomy":"product_brand","embeddable":true,"href":"https:\/\/www.hydraulic-cylinders.net\/pl\/wp-json\/wp\/v2\/product_brand?post=16533"},{"taxonomy":"product_cat","embeddable":true,"href":"https:\/\/www.hydraulic-cylinders.net\/pl\/wp-json\/wp\/v2\/product_cat?post=16533"},{"taxonomy":"product_tag","embeddable":true,"href":"https:\/\/www.hydraulic-cylinders.net\/pl\/wp-json\/wp\/v2\/product_tag?post=16533"}],"curies":[{"name":"wp","href":"https:\/\/api.w.org\/{rel}","templated":true}]}}