{"id":16541,"date":"2025-01-21T05:32:39","date_gmt":"2025-01-21T05:32:39","guid":{"rendered":"https:\/\/www.hydraulic-cylinders.net\/product\/arm-cylinder-for-lonking-middle-excavator-lg6215\/"},"modified":"2025-01-21T05:32:41","modified_gmt":"2025-01-21T05:32:41","slug":"arm-cylinder-for-lonking-middle-excavator-lg6215","status":"publish","type":"product","link":"https:\/\/www.hydraulic-cylinders.net\/pl\/produkt\/arm-cylinder-for-lonking-middle-excavator-lg6215\/","title":{"rendered":"Si\u0142ownik ramienia do koparki Lonking Middle LG6215"},"content":{"rendered":"<h2>Si\u0142ownik ramienia do koparki Lonking Middle LG6215<\/h2>\n<p>Si\u0142ownik ramienia to specjalnie zaprojektowany si\u0142ownik hydrauliczny, kt\u00f3ry zapewnia ruch liniowy i zasilanie ramion r\u00f3\u017cnych maszyn, takich jak koparki, d\u017awigi i ramiona robot\u00f3w. Si\u0142owniki ramienia odgrywaj\u0105 kluczow\u0105 rol\u0119 w uk\u0142adach hydraulicznych, umo\u017cliwiaj\u0105c wydajny ruch i sterowanie dodatkowymi narz\u0119dziami lub osprz\u0119tem. Si\u0142owniki te nie tylko zapewniaj\u0105 p\u0142ynny ruch, ale tak\u017ce wytrzymuj\u0105 du\u017ce obci\u0105\u017cenia, gwarantuj\u0105c wysok\u0105 wydajno\u015b\u0107 i niezawodno\u015b\u0107 maszyn w r\u00f3\u017cnych warunkach pracy.<\/p>\n<p><img decoding=\"async\" src=\"https:\/\/www.hydraulic-cylinders.net\/wp-content\/uploads\/2025\/01\/songte-company-2.webp\"><\/p>\n<h3>Cechy cylindra ramienia:<\/h3>\n<ul>\n<li>Wysoce wydajna przek\u0142adnia: Cylinder ramienia zapewnia mocny ruch liniowy i si\u0142\u0119, gwarantuj\u0105c wysok\u0105 wydajno\u015b\u0107 ramion robota w r\u00f3\u017cnych operacjach.<\/li>\n<li>Precyzyjna kontrola: Dzi\u0119ki uk\u0142adowi hydraulicznemu si\u0142ownik ramienia umo\u017cliwia precyzyjn\u0105 kontrol\u0119 ruchu, co sprawia, \u017ce \u200b\u200bobs\u0142uga dodatkowych narz\u0119dzi jest bardziej elastyczna i dok\u0142adna.<\/li>\n<li>Wysoka trwa\u0142o\u015b\u0107: Cylindry ramienia s\u0105 zazwyczaj wykonane z materia\u0142\u00f3w o wysokiej wytrzyma\u0142o\u015bci, zapewniaj\u0105cych dobr\u0105 odporno\u015b\u0107 na zu\u017cycie i korozj\u0119, dzi\u0119ki czemu nadaj\u0105 si\u0119 do d\u0142ugotrwa\u0142ego u\u017cytkowania w trudnych warunkach.<\/li>\n<li>Wielofunkcyjna adaptacja: Te cylindry mo\u017cna szeroko stosowa\u0107 w r\u00f3\u017cnych maszynach, takich jak koparki, d\u017awigi i ramiona robotyczne, dostosowuj\u0105c si\u0119 do r\u00f3\u017cnych wymaga\u0144 roboczych.<\/li>\n<li>\u0141atwa konserwacja: Zaprojektowane z my\u015bl\u0105 o \u0142atwej konserwacji i wymianie, si\u0142owniki ramion u\u0142atwiaj\u0105 okresowe kontrole i konserwacj\u0119, redukuj\u0105c przestoje sprz\u0119tu.<\/li>\n<\/ul>\n<p><img decoding=\"async\" src=\"https:\/\/www.hydraulic-cylinders.net\/wp-content\/uploads\/2025\/01\/songte-oil-pipes-and-spare-parts.webp\"><\/p>\n<h3>Zastosowania cylindra ramienia:<\/h3>\n<p>Cylindry ramieniowe znajduj\u0105 zastosowanie w r\u00f3\u017cnych ga\u0142\u0119ziach przemys\u0142u:<\/p>\n<ul>\n<li>In\u017cynieria budowlana: Cylindry ramieniowe s\u0105 stosowane w koparkach i d\u017awigach w celu kontrolowania ruchu \u0142y\u017cek lub wysi\u0119gnik\u00f3w podczas rob\u00f3t ziemnych, przenoszenia materia\u0142\u00f3w i instalacji konstrukcyjnych.<\/li>\n<li>Przemys\u0142 wytw\u00f3rczy: W zautomatyzowanych liniach produkcyjnych cylindry ramion kontroluj\u0105 ruch ramion robota podczas takich proces\u00f3w, jak monta\u017c, spawanie i obs\u0142uga materia\u0142\u00f3w, co zwi\u0119ksza wydajno\u015b\u0107 i precyzj\u0119 produkcji.<\/li>\n<li>Maszyny rolnicze: W maszynach rolniczych, takich jak kombajny i siewniki, si\u0142owniki ramion steruj\u0105 ruchem ramion roboczych, wykonuj\u0105c zadania takie jak siew, nawo\u017cenie i zbi\u00f3r.<\/li>\n<li>G\u00f3rnictwo: W sprz\u0119cie g\u00f3rniczym cylindry ramieniowe s\u0142u\u017c\u0105 do kontrolowania ruchu ramion maszyn g\u00f3rniczych, u\u0142atwiaj\u0105c wydobycie i transport rudy.<\/li>\n<li>Logistyka i transport: W w\u00f3zkach wid\u0142owych i robotach prze\u0142adunkowych si\u0142owniki ramion steruj\u0105 podnoszeniem i ruchem wide\u0142, umo\u017cliwiaj\u0105c przenoszenie i uk\u0142adanie materia\u0142\u00f3w.<\/li>\n<\/ul>\n<p><img decoding=\"async\" src=\"https:\/\/www.hydraulic-cylinders.net\/wp-content\/uploads\/2025\/01\/songte-cylinder-head-with-all-kinds-excavator-models.webp\"><\/p>\n<h3>Zagadnienia projektowe i kryteria wyboru:<\/h3>\n<p>Przy projektowaniu cylindr\u00f3w ramieniowych bierze si\u0119 pod uwag\u0119 kilka czynnik\u00f3w:<\/p>\n<ul>\n<li>No\u015bno\u015b\u0107: Cylindry ramion s\u0105 zaprojektowane tak, aby wytrzyma\u0107 maksymalne wymagania obci\u0105\u017ceniowe danej maszyny.<\/li>\n<li>Zdolno\u015b\u0107 do uszczelnienia: Aby zapewni\u0107 skuteczne uszczelnienie, stosuje si\u0119 r\u00f3\u017cne elementy uszczelniaj\u0105ce, takie jak uszczelnienia t\u0142ok\u00f3w i t\u0142oczysk. Uszczelnienia te wykonane s\u0105 z materia\u0142\u00f3w odpornych na zu\u017cycie, takich jak poliuretan i kauczuk nitrylowy.<\/li>\n<li>Trwa\u0142o\u015b\u0107: Korpus cylindra i gwintowane ko\u0144c\u00f3wki s\u0105 precyzyjnie obrobione w celu zwi\u0119kszenia odporno\u015bci na zu\u017cycie, co pozwala na d\u0142ugotrwa\u0142e u\u017cytkowanie w wymagaj\u0105cych warunkach.<\/li>\n<li>Bezpiecze\u0144stwo: Cylindry ramienia zaprojektowano z uwzgl\u0119dnieniem funkcji bezpiecze\u0144stwa, kt\u00f3re zapobiegaj\u0105 wypadkom i zapewniaj\u0105 ochron\u0119 operatora podczas pracy.<\/li>\n<li>\u0141atwo\u015b\u0107 konserwacji: Regularne smarowanie odpowiednim olejem hydraulicznym i \u0142atwy dost\u0119p w celu przeprowadzenia konserwacji i napraw to wa\u017cne kwestie uwzgl\u0119dnione w projekcie.<\/li>\n<\/ul>\n<p><img decoding=\"async\" src=\"https:\/\/www.hydraulic-cylinders.net\/wp-content\/uploads\/2025\/01\/songte-chushion-collar.webp\"><\/p>\n<h3>Uszczelnianie i smarowanie:<\/h3>\n<p>Si\u0142owniki ramieniowe wykorzystuj\u0105 r\u00f3\u017cnorodne elementy uszczelniaj\u0105ce, takie jak uszczelnienia t\u0142oka i t\u0142oczyska, wykonane z materia\u0142\u00f3w odpornych na zu\u017cycie, takich jak poliuretan i kauczuk nitrylowy. Korpus cylindra i gwintowane ko\u0144c\u00f3wki s\u0105 precyzyjnie obrabiane w celu zwi\u0119kszenia odporno\u015bci na zu\u017cycie. Regularne smarowanie odpowiedni\u0105 ilo\u015bci\u0105 oleju hydraulicznego zapewnia p\u0142ynn\u0105 prac\u0119 i d\u0142ug\u0105 \u017cywotno\u015b\u0107 cylindra.<\/p>\n<h3>Regularne kontrole i konserwacja zapobiegawcza:<\/h3>\n<p>Aby zapewni\u0107 optymaln\u0105 wydajno\u015b\u0107 i wyd\u0142u\u017cy\u0107 \u017cywotno\u015b\u0107 si\u0142ownika ramienia, konieczne s\u0105 regularne kontrole i konserwacja zapobiegawcza. Nale\u017cy podj\u0105\u0107 nast\u0119puj\u0105ce dzia\u0142ania:<\/p>\n<ul>\n<li>Sprawd\u017a i wymie\u0144 zu\u017cyte lub uszkodzone uszczelki.<\/li>\n<li>Wyczy\u015b\u0107 cylinder i usu\u0144 wszelkie zanieczyszczenia.<\/li>\n<li>Sprawd\u017a, czy nie ma przeciek\u00f3w i niezw\u0142ocznie je napraw.<\/li>\n<li>Monitoruj poziom i jako\u015b\u0107 p\u0142ynu hydraulicznego, uzupe\u0142niaj go lub wymieniaj w razie potrzeby.<\/li>\n<li>Sprawd\u017a szczelno\u015b\u0107 wszystkich po\u0142\u0105cze\u0144 i osprz\u0119tu.<\/li>\n<\/ul>\n<h3>Prawid\u0142owy przewodnik instalacji:<\/h3>\n<p>Aby prawid\u0142owo zamontowa\u0107 cylinder ramienia, nale\u017cy wykona\u0107 nast\u0119puj\u0105ce czynno\u015bci:<\/p>\n<ol>\n<li>Przygotuj niezb\u0119dne narz\u0119dzia i sprz\u0119t bezpiecze\u0144stwa.<\/li>\n<li>Ustaw cylinder we w\u0142a\u015bciwym po\u0142o\u017ceniu.<\/li>\n<li>Solidnie zamocuj cylinder do maszyny, u\u017cywaj\u0105c odpowiednich wspornik\u00f3w monta\u017cowych lub element\u00f3w mocuj\u0105cych.<\/li>\n<li>Pod\u0142\u0105cz przewody lub rury hydrauliczne do cylindra, zapewniaj\u0105c odpowiednie uszczelnienie.<\/li>\n<li>Przed uruchomieniem maszyny nale\u017cy sprawdzi\u0107 szczelno\u015b\u0107 wszystkich po\u0142\u0105cze\u0144.<\/li>\n<\/ol>\n<p><img decoding=\"async\" src=\"https:\/\/www.hydraulic-cylinders.net\/wp-content\/uploads\/2025\/01\/songte-bushings-with-all-kinds-of-excavator-models.webp\"><\/p>\n<h3>Zagadnienia bezpiecze\u0144stwa i czynniki \u015brodowiskowe:<\/h3>\n<p>Podczas u\u017cytkowania si\u0142ownik\u00f3w ramieniowych, kluczowe jest priorytetowe traktowanie \u015brodk\u00f3w bezpiecze\u0144stwa, aby zapobiec wypadkom i zapewni\u0107 ochron\u0119 operatora. Konieczne jest przestrzeganie wytycznych bezpiecze\u0144stwa, takich jak stosowanie odpowiedniego sprz\u0119tu ochrony osobistej i wdra\u017canie w\u0142a\u015bciwych program\u00f3w szkoleniowych. Dodatkowo, uwzgl\u0119dnienie czynnik\u00f3w \u015brodowiskowych, takich jak temperatura, wilgotno\u015b\u0107 i nara\u017cenie na dzia\u0142anie substancji chemicznych, mo\u017ce pom\u00f3c zoptymalizowa\u0107 wydajno\u015b\u0107 i \u017cywotno\u015b\u0107 si\u0142ownik\u00f3w ramieniowych.<\/p>\n<h3>Rozwi\u0105zywanie problem\u00f3w i typowe problemy:<\/h3>\n<p>Typowe problemy z si\u0142ownikami ramienia mog\u0105 obejmowa\u0107 nieszczelno\u015bci, niedostateczne ci\u015bnienie i nietypowe d\u017awi\u0119ki. Aby zdiagnozowa\u0107 i rozwi\u0105za\u0107 te problemy:<\/p>\n<ul>\n<li>Sprawd\u017a szczelno\u015b\u0107 wszystkich po\u0142\u0105cze\u0144 i w razie potrzeby je dokr\u0119\u0107.<\/li>\n<li>Sprawd\u017a poziom p\u0142ynu hydraulicznego i uzupe\u0142nij go, je\u015bli jest niski.<\/li>\n<li>Sprawd\u017a uszczelki pod k\u0105tem zu\u017cycia lub uszkodze\u0144 i wymie\u0144 je, je\u015bli to konieczne.<\/li>\n<li>Zwr\u00f3\u0107 uwag\u0119 na wszelkie nietypowe d\u017awi\u0119ki dochodz\u0105ce z urz\u0105dzenia podczas pracy i zbadaj ich \u017ar\u00f3d\u0142o.<\/li>\n<\/ul>\n<p><img decoding=\"async\" src=\"https:\/\/www.hydraulic-cylinders.net\/wp-content\/uploads\/2025\/01\/songte-chushion-collar.webp\"><\/p>\n<p>Stosuj\u0105c si\u0119 do tych wskaz\u00f3wek dotycz\u0105cych rozwi\u0105zywania problem\u00f3w i wdra\u017caj\u0105c \u015brodki zapobiegawcze, czytelnicy mog\u0105 skutecznie diagnozowa\u0107 i rozwi\u0105zywa\u0107 problemy z cylindrami ramienia, minimalizuj\u0105c potencjalne problemy.<\/p>\n<p><strong>Autor: lyl<\/strong><\/p>\n<p><img decoding=\"async\" src=\"https:\/\/www.hydraulic-cylinders.net\/wp-content\/uploads\/2025\/01\/songte-company-4.webp\"><\/p>\n<p>Nasza firma jest profesjonalnym producentem zamiennych si\u0142ownik\u00f3w hydraulicznych, oferuj\u0105cym szerok\u0105 gam\u0119 produkt\u00f3w. Stali\u015bmy si\u0119 jednym z wiod\u0105cych producent\u00f3w i dystrybutor\u00f3w hurtowych na rynku krajowym i mi\u0119dzynarodowym. Kierujemy si\u0119 zasad\u0105 doskona\u0142o\u015bci jako\u015bci i stale podnosimy nasze kompetencje techniczne oraz efektywno\u015b\u0107 produkcji. Dzi\u0119ki wprowadzeniu zaawansowanego cyfrowego sprz\u0119tu produkcyjnego i profesjonalnych system\u00f3w testowych, optymalizujemy nasz\u0105 platform\u0119 produkcyjn\u0105 i usprawniamy procesy kontroli jako\u015bci produkt\u00f3w, wykazuj\u0105c si\u0119 wysokim potencja\u0142em innowacyjnym. Naszym celem jest zaspokajanie zr\u00f3\u017cnicowanych potrzeb klient\u00f3w, kieruj\u0105c si\u0119 zasadami wydajno\u015bci, precyzji i wysokiej jako\u015bci.<\/p>\n<p><img decoding=\"async\" src=\"https:\/\/www.hydraulic-cylinders.net\/wp-content\/uploads\/2025\/01\/songte-company-3.webp\"><\/p>\n<p>Ponadto, szczycimy si\u0119 naszym profesjonalizmem, mi\u0119dzynarodowymi certyfikatami, spersonalizowanymi us\u0142ugami, sprz\u0119tem produkcyjnym i obs\u0142ug\u0105 posprzeda\u017cow\u0105. Zale\u017cy nam na dostarczaniu naszym klientom najlepszych rozwi\u0105za\u0144.<\/p>","protected":false},"excerpt":{"rendered":"<p>Arm Cylinder For Lonking Middle Excavator LG6215 Arm Cylinder is a specially designed hydraulic cylinder that is used to provide linear motion and power to the arms of various machinery, such as excavators, cranes, and robotic arms. The arm cylinders play a crucial role in hydraulic systems, enabling the efficient movement and control of additional [&hellip;]<\/p>","protected":false},"featured_media":14772,"comment_status":"open","ping_status":"closed","template":"","meta":{"_et_pb_use_builder":"","_et_pb_old_content":"","_et_gb_content_width":""},"product_brand":[],"product_cat":[1497],"product_tag":[1498,1496],"class_list":{"0":"post-16541","1":"product","2":"type-product","3":"status-publish","4":"has-post-thumbnail","6":"product_cat-arm-cylinders","7":"product_tag-arm-cylinders","8":"product_tag-hydraulic-cylinders","10":"first","11":"instock","12":"shipping-taxable","13":"product-type-simple"},"amp_enabled":true,"_links":{"self":[{"href":"https:\/\/www.hydraulic-cylinders.net\/pl\/wp-json\/wp\/v2\/product\/16541","targetHints":{"allow":["GET"]}}],"collection":[{"href":"https:\/\/www.hydraulic-cylinders.net\/pl\/wp-json\/wp\/v2\/product"}],"about":[{"href":"https:\/\/www.hydraulic-cylinders.net\/pl\/wp-json\/wp\/v2\/types\/product"}],"replies":[{"embeddable":true,"href":"https:\/\/www.hydraulic-cylinders.net\/pl\/wp-json\/wp\/v2\/comments?post=16541"}],"wp:featuredmedia":[{"embeddable":true,"href":"https:\/\/www.hydraulic-cylinders.net\/pl\/wp-json\/wp\/v2\/media\/14772"}],"wp:attachment":[{"href":"https:\/\/www.hydraulic-cylinders.net\/pl\/wp-json\/wp\/v2\/media?parent=16541"}],"wp:term":[{"taxonomy":"product_brand","embeddable":true,"href":"https:\/\/www.hydraulic-cylinders.net\/pl\/wp-json\/wp\/v2\/product_brand?post=16541"},{"taxonomy":"product_cat","embeddable":true,"href":"https:\/\/www.hydraulic-cylinders.net\/pl\/wp-json\/wp\/v2\/product_cat?post=16541"},{"taxonomy":"product_tag","embeddable":true,"href":"https:\/\/www.hydraulic-cylinders.net\/pl\/wp-json\/wp\/v2\/product_tag?post=16541"}],"curies":[{"name":"wp","href":"https:\/\/api.w.org\/{rel}","templated":true}]}}