{"id":16543,"date":"2025-01-21T05:32:46","date_gmt":"2025-01-21T05:32:46","guid":{"rendered":"https:\/\/www.hydraulic-cylinders.net\/product\/arm-cylinder-for-lonking-middle-excavator-lg6225d\/"},"modified":"2025-01-21T05:32:48","modified_gmt":"2025-01-21T05:32:48","slug":"arm-cylinder-for-lonking-middle-excavator-lg6225d","status":"publish","type":"product","link":"https:\/\/www.hydraulic-cylinders.net\/pl\/produkt\/arm-cylinder-for-lonking-middle-excavator-lg6225d\/","title":{"rendered":"Si\u0142ownik ramienia do koparki Lonking Middle LG6225D"},"content":{"rendered":"<h2>Si\u0142ownik ramienia do koparki Lonking Middle LG6225D<\/h2>\n<p>Si\u0142ownik ramienia to specjalistyczny si\u0142ownik hydrauliczny zaprojektowany do zapewnienia ruchu liniowego i zasilania ramion r\u00f3\u017cnych maszyn, takich jak koparki, d\u017awigi i ramiona robot\u00f3w. Odgrywa kluczow\u0105 rol\u0119 w uk\u0142adach hydraulicznych, umo\u017cliwiaj\u0105c efektywny ruch i sterowanie dodatkowymi narz\u0119dziami lub osprz\u0119tem. Si\u0142owniki te nie tylko zapewniaj\u0105 p\u0142ynny ruch, ale tak\u017ce wytrzymuj\u0105 du\u017ce obci\u0105\u017cenia, zapewniaj\u0105c wydajn\u0105 prac\u0119 i niezawodno\u015b\u0107 maszyn w r\u00f3\u017cnych warunkach pracy.<\/p>\n<p><img decoding=\"async\" src=\"https:\/\/www.hydraulic-cylinders.net\/wp-content\/uploads\/2025\/01\/songte-company-2.webp\" alt=\"Cylinder ramienia\" \/><\/p>\n<h2>Cechy<\/h2>\n<ul>\n<li>Wysokowydajne przenoszenie mocy: Cylinder ramienia zapewnia mocny ruch liniowy i si\u0142\u0119, gwarantuj\u0105c wysok\u0105 wydajno\u015b\u0107 ramienia robota w r\u00f3\u017cnych operacjach.<\/li>\n<li>Precyzyjna kontrola: Dzi\u0119ki uk\u0142adowi hydraulicznemu si\u0142ownik ramienia umo\u017cliwia precyzyjn\u0105 kontrol\u0119 ruchu, co sprawia, \u017ce \u200b\u200bobs\u0142uga pod\u0142\u0105czonych narz\u0119dzi jest bardziej elastyczna i dok\u0142adna.<\/li>\n<li>Wysoka trwa\u0142o\u015b\u0107: Cylindry ramienia s\u0105 zazwyczaj produkowane z materia\u0142\u00f3w o wysokiej wytrzyma\u0142o\u015bci, charakteryzuj\u0105cych si\u0119 doskona\u0142\u0105 odporno\u015bci\u0105 na zu\u017cycie i korozj\u0119, dzi\u0119ki czemu nadaj\u0105 si\u0119 do d\u0142ugotrwa\u0142ego u\u017cytkowania w trudnych warunkach.<\/li>\n<li>Wielofunkcyjna adaptowalno\u015b\u0107: Te cylindry mo\u017cna szeroko stosowa\u0107 w r\u00f3\u017cnych typach maszyn, takich jak koparki, d\u017awigi i ramiona robotyczne, aby sprosta\u0107 zr\u00f3\u017cnicowanym wymaganiom roboczym.<\/li>\n<li>\u0141atwa konserwacja: Zaprojektowano je z my\u015bl\u0105 o \u0142atwej konserwacji i wymianie, regularne kontrole i prace konserwacyjne s\u0105 wygodne, co ogranicza przestoje sprz\u0119tu.<\/li>\n<\/ul>\n<p><img decoding=\"async\" src=\"https:\/\/www.hydraulic-cylinders.net\/wp-content\/uploads\/2025\/01\/songte-oil-pipes-and-spare-parts.webp\" alt=\"Si\u0142owniki hydrauliczne\" \/><\/p>\n<h2>Aplikacje<\/h2>\n<p>Cylindry ramieniowe znajduj\u0105 zastosowanie w r\u00f3\u017cnych ga\u0142\u0119ziach przemys\u0142u:<\/p>\n<ul>\n<li>In\u017cynieria budowlana: W koparkach i d\u017awigach si\u0142owniki ramion steruj\u0105 ruchem \u0142y\u017cek lub wysi\u0119gnik\u00f3w podczas rob\u00f3t ziemnych, przenoszenia materia\u0142\u00f3w i instalacji konstrukcyjnych.<\/li>\n<li>Przemys\u0142 wytw\u00f3rczy: W zautomatyzowanych liniach produkcyjnych cylindry ramieniowe s\u0142u\u017c\u0105 do poruszania ramionami robot\u00f3w, u\u0142atwiaj\u0105c procesy takie jak monta\u017c, spawanie i obs\u0142uga materia\u0142\u00f3w, zwi\u0119kszaj\u0105c wydajno\u015b\u0107 i dok\u0142adno\u015b\u0107 produkcji.<\/li>\n<li>Maszyny rolnicze: W sprz\u0119cie rolniczym, takim jak kombajny i siewniki, si\u0142owniki ramion steruj\u0105 ruchem ramion roboczych, wykonuj\u0105c zadania takie jak siew, nawo\u017cenie i zbi\u00f3r.<\/li>\n<li>G\u00f3rnictwo: W sprz\u0119cie g\u00f3rniczym cylindry ramionowe steruj\u0105 ruchem ramion g\u00f3rniczych w celu wydobywania i transportu rudy.<\/li>\n<li>Logistyka i transport: W w\u00f3zkach wid\u0142owych i robotach prze\u0142adunkowych si\u0142owniki ramion steruj\u0105 podnoszeniem i ruchem wide\u0142, umo\u017cliwiaj\u0105c przenoszenie i uk\u0142adanie materia\u0142\u00f3w.<\/li>\n<\/ul>\n<h2>Zagadnienia projektowe i kryteria wyboru<\/h2>\n<p>Przy projektowaniu cylindr\u00f3w ramieniowych istotne jest uwzgl\u0119dnienie kilku czynnik\u00f3w:<\/p>\n<ul>\n<li>No\u015bno\u015b\u0107: Cylinder ramienia musi by\u0107 w stanie wytrzyma\u0107 zamierzone obci\u0105\u017cenia i si\u0142y.<\/li>\n<li>Uszczelnienie: Aby zapewni\u0107 w\u0142a\u015bciwe uszczelnienie, stosuje si\u0119 r\u00f3\u017cne elementy uszczelniaj\u0105ce, takie jak uszczelki t\u0142okowe i t\u0142oczyskowe. Materia\u0142y takie jak poliuretan i kauczuk nitrylowy s\u0105 dobierane ze wzgl\u0119du na ich odporno\u015b\u0107 na zu\u017cycie.<\/li>\n<li>Trwa\u0142o\u015b\u0107: Korpus cylindra i gwintowane ko\u0144c\u00f3wki poddawane s\u0105 precyzyjnej obr\u00f3bce w celu zwi\u0119kszenia odporno\u015bci na zu\u017cycie.<\/li>\n<li>Bezpiecze\u0144stwo: Zastosowano funkcje bezpiecze\u0144stwa, aby zapobiega\u0107 wypadkom i dba\u0107 o dobre samopoczucie operatora.<\/li>\n<li>\u0141atwo\u015b\u0107 konserwacji: Regularne smarowanie odpowiednim olejem hydraulicznym i rutynowa konserwacja s\u0105 niezb\u0119dne do wyd\u0142u\u017cenia \u017cywotno\u015bci si\u0142ownika ramienia.<\/li>\n<\/ul>\n<p><img decoding=\"async\" src=\"https:\/\/www.hydraulic-cylinders.net\/wp-content\/uploads\/2025\/01\/songte-cylinder-head-with-all-kinds-excavator-models.webp\" alt=\"G\u0142owica cylindra\" \/><\/p>\n<h2>Uszczelnianie i smarowanie<\/h2>\n<p>Si\u0142owniki ramieniowe wykorzystuj\u0105 r\u00f3\u017cnorodne elementy uszczelniaj\u0105ce, takie jak uszczelnienia t\u0142oczysk i t\u0142oczysk, wykonane z materia\u0142\u00f3w odpornych na zu\u017cycie, takich jak poliuretan i kauczuk nitrylowy. Korpus cylindra i gwintowane ko\u0144c\u00f3wki poddawane s\u0105 starannej obr\u00f3bce powierzchni w celu zwi\u0119kszenia odporno\u015bci na zu\u017cycie. Regularne smarowanie odpowiedni\u0105 ilo\u015bci\u0105 oleju hydraulicznego jest niezb\u0119dne dla zapewnienia p\u0142ynnej pracy i d\u0142ugiej \u017cywotno\u015bci.<\/p>\n<h2>Regularne kontrole i konserwacja zapobiegawcza<\/h2>\n<p>Regularne przegl\u0105dy i konserwacja zapobiegawcza si\u0142ownik\u00f3w ramienia s\u0105 kluczowe dla zapewnienia ich optymalnej wydajno\u015bci i trwa\u0142o\u015bci. Oto kilka kluczowych krok\u00f3w, kt\u00f3re nale\u017cy rozwa\u017cy\u0107:<\/p>\n<ul>\n<li>Sprawdzanie wyciek\u00f3w oleju i uszkodzonych uszczelek<\/li>\n<li>Kontrola korpusu cylindra pod k\u0105tem oznak zu\u017cycia lub uszkodze\u0144<\/li>\n<li>Weryfikacja prawid\u0142owego dzia\u0142ania funkcji bezpiecze\u0144stwa<\/li>\n<li>Czyszczenie i smarowanie element\u00f3w cylindra<\/li>\n<li>Dokr\u0119canie wszelkich lu\u017anych po\u0142\u0105cze\u0144<\/li>\n<\/ul>\n<h2>Instrukcja instalacji produktu<\/h2>\n<p>Prawid\u0142owy monta\u017c si\u0142ownik\u00f3w ramienia jest niezb\u0119dny dla optymalnej wydajno\u015bci i bezpiecze\u0144stwa. Wykonaj nast\u0119puj\u0105ce kroki:<\/p>\n<ol>\n<li>Przygotuj miejsce monta\u017cu i upewnij si\u0119, \u017ce jest czyste i wolne od wszelkich zanieczyszcze\u0144.<\/li>\n<li>Wyr\u00f3wnaj cylinder ramienia ze wspornikami monta\u017cowymi lub punktami mocowania.<\/li>\n<li>Solidnie zamocuj cylinder za pomoc\u0105 odpowiednich \u015brub lub element\u00f3w monta\u017cowych.<\/li>\n<li>Sprawd\u017a, czy wszystkie po\u0142\u0105czenia s\u0105 szczelne i odpowiednio uszczelnione.<\/li>\n<li>Sprawd\u017a, czy instalacja nie jest \u017ale wyr\u00f3wnana lub czy nie koliduje z innymi podzespo\u0142ami.<\/li>\n<\/ol>\n<p><img decoding=\"async\" src=\"https:\/\/www.hydraulic-cylinders.net\/wp-content\/uploads\/2025\/01\/songte-bushings-with-all-kinds-of-excavator-models.webp\" alt=\"Tuleje\" \/><\/p>\n<h2>Zagadnienia bezpiecze\u0144stwa i czynniki \u015brodowiskowe<\/h2>\n<p>Podczas pracy z si\u0142ownikami ramieniowymi, priorytetem jest zapewnienie bezpiecze\u0144stwa. Odpowiednie przeszkolenie, przestrzeganie wytycznych bezpiecze\u0144stwa i stosowanie \u015brodk\u00f3w ochrony indywidualnej s\u0105 niezb\u0119dne, aby zapobiega\u0107 wypadkom. Ponadto, aby zminimalizowa\u0107 negatywny wp\u0142yw na \u015brodowisko, konieczne jest uwzgl\u0119dnienie czynnik\u00f3w \u015brodowiskowych, takich jak w\u0142a\u015bciwa utylizacja p\u0142yn\u00f3w hydraulicznych i przestrzeganie przepis\u00f3w ochrony \u015brodowiska.<\/p>\n<h2>Diagnostyka usterek i typowe problemy<\/h2>\n<p>Cylindry ramienia mog\u0105 mie\u0107 pewne usterki lub problemy. Oto kilka typowych:<\/p>\n<ul>\n<li>Wyciek p\u0142ynu hydraulicznego<\/li>\n<li>Zu\u017cycie lub uszkodzenie uszczelki<\/li>\n<li>Nietypowe d\u017awi\u0119ki podczas pracy<\/li>\n<li>Nieregularny ruch lub przyklejanie<\/li>\n<li>Niewystarczaj\u0105ca lub nier\u00f3wna si\u0142a<\/li>\n<\/ul>\n<p>Aby rozwi\u0105za\u0107 te problemy, nale\u017cy wzi\u0105\u0107 pod uwag\u0119 nast\u0119puj\u0105ce wskaz\u00f3wki i rozwi\u0105zania:<\/p>\n<ul>\n<li>Sprawd\u017a i wymie\u0144 uszkodzone uszczelki<\/li>\n<li>Sprawd\u017a, czy nie ma lu\u017anych po\u0142\u0105cze\u0144 i dokr\u0119\u0107 je<\/li>\n<li>Wyczy\u015b\u0107 i nasmaruj elementy cylindra<\/li>\n<li>Sprawd\u017a prawid\u0142owy poziom p\u0142ynu hydraulicznego i w razie potrzeby uzupe\u0142nij go<\/li>\n<li>W celu uzyskania pomocy w rozwi\u0105zywaniu zaawansowanych problem\u00f3w skonsultuj si\u0119 z profesjonalnym technikiem<\/li>\n<\/ul>\n<p><img decoding=\"async\" src=\"https:\/\/www.hydraulic-cylinders.net\/wp-content\/uploads\/2025\/01\/songte-chushion-collar.webp\" alt=\"Ko\u0142nierz Chushion\" \/><\/p>\n<p>Pami\u0119taj, aby artyku\u0142 by\u0142 logicznie uporz\u0105dkowany, u\u017cywaj podtytu\u0142\u00f3w u\u0142atwiaj\u0105cych nawigacj\u0119, dodawaj odpowiednie obrazy i wykresy, aby u\u0142atwi\u0107 zrozumienie, a tak\u017ce zadbaj o to, aby tre\u015b\u0107 by\u0142a przejrzysta, zwi\u0119z\u0142a i odpowiednia dla czytelnik\u00f3w o r\u00f3\u017cnym poziomie wiedzy technicznej.<\/p>\n<p>Autor: lyl<\/p>\n<p><img decoding=\"async\" src=\"https:\/\/www.hydraulic-cylinders.net\/wp-content\/uploads\/2025\/01\/songte-company-4.webp\" alt=\"Wizerunek firmy\" \/><br \/>\n<img decoding=\"async\" src=\"https:\/\/www.hydraulic-cylinders.net\/wp-content\/uploads\/2025\/01\/songte-company-3.webp\" alt=\"Wizerunek firmy\" \/><\/p>","protected":false},"excerpt":{"rendered":"<p>Arm Cylinder For Lonking Middle Excavator LG6225D The arm cylinder is a specialized hydraulic cylinder designed to provide linear motion and power for the arms of various machinery, such as excavators, cranes, and robotic arms. It plays a crucial role in hydraulic systems, enabling the efficient movement and control of additional tools or attachments. These [&hellip;]<\/p>","protected":false},"featured_media":14766,"comment_status":"open","ping_status":"closed","template":"","meta":{"_et_pb_use_builder":"","_et_pb_old_content":"","_et_gb_content_width":""},"product_brand":[],"product_cat":[1497],"product_tag":[1498,1496],"class_list":{"0":"post-16543","1":"product","2":"type-product","3":"status-publish","4":"has-post-thumbnail","6":"product_cat-arm-cylinders","7":"product_tag-arm-cylinders","8":"product_tag-hydraulic-cylinders","10":"first","11":"instock","12":"shipping-taxable","13":"product-type-simple"},"amp_enabled":true,"_links":{"self":[{"href":"https:\/\/www.hydraulic-cylinders.net\/pl\/wp-json\/wp\/v2\/product\/16543","targetHints":{"allow":["GET"]}}],"collection":[{"href":"https:\/\/www.hydraulic-cylinders.net\/pl\/wp-json\/wp\/v2\/product"}],"about":[{"href":"https:\/\/www.hydraulic-cylinders.net\/pl\/wp-json\/wp\/v2\/types\/product"}],"replies":[{"embeddable":true,"href":"https:\/\/www.hydraulic-cylinders.net\/pl\/wp-json\/wp\/v2\/comments?post=16543"}],"wp:featuredmedia":[{"embeddable":true,"href":"https:\/\/www.hydraulic-cylinders.net\/pl\/wp-json\/wp\/v2\/media\/14766"}],"wp:attachment":[{"href":"https:\/\/www.hydraulic-cylinders.net\/pl\/wp-json\/wp\/v2\/media?parent=16543"}],"wp:term":[{"taxonomy":"product_brand","embeddable":true,"href":"https:\/\/www.hydraulic-cylinders.net\/pl\/wp-json\/wp\/v2\/product_brand?post=16543"},{"taxonomy":"product_cat","embeddable":true,"href":"https:\/\/www.hydraulic-cylinders.net\/pl\/wp-json\/wp\/v2\/product_cat?post=16543"},{"taxonomy":"product_tag","embeddable":true,"href":"https:\/\/www.hydraulic-cylinders.net\/pl\/wp-json\/wp\/v2\/product_tag?post=16543"}],"curies":[{"name":"wp","href":"https:\/\/api.w.org\/{rel}","templated":true}]}}