{"id":16545,"date":"2025-01-21T05:32:53","date_gmt":"2025-01-21T05:32:53","guid":{"rendered":"https:\/\/www.hydraulic-cylinders.net\/product\/arm-cylinder-for-lonking-middle-excavator-lg6235\/"},"modified":"2025-01-21T05:32:55","modified_gmt":"2025-01-21T05:32:55","slug":"arm-cylinder-for-lonking-middle-excavator-lg6235","status":"publish","type":"product","link":"https:\/\/www.hydraulic-cylinders.net\/pl\/produkt\/arm-cylinder-for-lonking-middle-excavator-lg6235\/","title":{"rendered":"Si\u0142ownik ramienia do koparki Lonking Middle LG6235"},"content":{"rendered":"<h1>Si\u0142ownik ramienia do koparki Lonking Middle LG6235<\/h1>\n<h2>Wst\u0119p<\/h2>\n<p>Si\u0142ownik ramienia to specjalnie zaprojektowany si\u0142ownik hydrauliczny, kt\u00f3ry zapewnia ruch liniowy i zasilanie ramienia r\u00f3\u017cnego rodzaju maszyn, takich jak koparki, d\u017awigi i ramiona robotyczne. Odgrywa kluczow\u0105 rol\u0119 w uk\u0142adach hydraulicznych, umo\u017cliwiaj\u0105c sprawny ruch i sterowanie dodatkowymi narz\u0119dziami lub osprz\u0119tem. Si\u0142owniki te nie tylko zapewniaj\u0105 p\u0142ynny ruch, ale tak\u017ce wytrzymuj\u0105 du\u017ce obci\u0105\u017cenia, gwarantuj\u0105c wysok\u0105 wydajno\u015b\u0107 operacyjn\u0105 i niezawodno\u015b\u0107 maszyn w r\u00f3\u017cnych warunkach pracy.<\/p>\n<p><img decoding=\"async\" src=\"https:\/\/www.hydraulic-cylinders.net\/wp-content\/uploads\/2025\/01\/songte-company-2.webp\" alt=\"Cylinder ramienia\" \/><\/p>\n<h2>Cechy<\/h2>\n<ul>\n<li>\n<h3>Wysoka wydajno\u015b\u0107 transmisji<\/h3>\n<p>Si\u0142ownik ramienia zapewnia mocny ruch liniowy i si\u0142\u0119, gwarantuj\u0105c wysok\u0105 wydajno\u015b\u0107 ramienia mechanicznego w r\u00f3\u017cnych operacjach.<\/p>\n<\/li>\n<li>\n<h3>Precyzyjna kontrola<\/h3>\n<p>Dzi\u0119ki uk\u0142adowi hydraulicznemu si\u0142ownik ramienia umo\u017cliwia precyzyjn\u0105 kontrol\u0119 ruchu, co sprawia, \u017ce \u200b\u200bpraca z pod\u0142\u0105czonymi narz\u0119dziami jest bardziej elastyczna i dok\u0142adna.<\/p>\n<\/li>\n<li>\n<h3>Trwa\u0142o\u015b\u0107<\/h3>\n<p>Cylindry ramienia s\u0105 zazwyczaj wykonane z materia\u0142\u00f3w o wysokiej wytrzyma\u0142o\u015bci, zapewniaj\u0105cych doskona\u0142\u0105 odporno\u015b\u0107 na zu\u017cycie i korozj\u0119, dzi\u0119ki czemu nadaj\u0105 si\u0119 do d\u0142ugotrwa\u0142ego u\u017cytkowania w trudnych warunkach.<\/p>\n<\/li>\n<li>\n<h3>Wielofunkcyjno\u015b\u0107 i adaptacyjno\u015b\u0107<\/h3>\n<p>Cylindry te mo\u017cna powszechnie stosowa\u0107 w r\u00f3\u017cnych typach maszyn, takich jak koparki, d\u017awigi i ramiona robotyczne, dostosowuj\u0105c je do r\u00f3\u017cnych wymaga\u0144 operacyjnych.<\/p>\n<\/li>\n<li>\n<h3>\u0141atwa konserwacja<\/h3>\n<p>Projekt uwzgl\u0119dnia \u0142atwo\u015b\u0107 konserwacji i wymiany, dzi\u0119ki czemu regularne kontrole i serwisowanie staj\u0105 si\u0119 wygodniejsze, a przestoje sprz\u0119tu skr\u00f3cone.<\/p>\n<\/li>\n<\/ul>\n<p><img decoding=\"async\" src=\"https:\/\/www.hydraulic-cylinders.net\/wp-content\/uploads\/2025\/01\/songte-oil-pipes-and-spare-parts.webp\" alt=\"Cz\u0119\u015bci cylindra\" \/><\/p>\n<h2>Aplikacje<\/h2>\n<p>Si\u0142ownik ramieniowy znajduje zastosowanie w r\u00f3\u017cnych ga\u0142\u0119ziach przemys\u0142u:<\/p>\n<ul>\n<li>\n<h3>In\u017cynieria budowlana<\/h3>\n<p>W koparkach i d\u017awigach si\u0142ownik ramienia steruje ruchem \u0142y\u017cek lub wysi\u0119gnik\u00f3w podczas rob\u00f3t ziemnych, przenoszenia materia\u0142\u00f3w i monta\u017cu konstrukcji.<\/p>\n<\/li>\n<li>\n<h3>Produkcja<\/h3>\n<p>W zautomatyzowanych liniach produkcyjnych si\u0142ownik ramienia u\u0142atwia ruch ramion robota podczas monta\u017cu, spawania i obs\u0142ugi materia\u0142\u00f3w, zwi\u0119kszaj\u0105c wydajno\u015b\u0107 i precyzj\u0119.<\/p>\n<\/li>\n<li>\n<h3>Maszyny rolnicze<\/h3>\n<p>W sprz\u0119cie rolniczym, takim jak kombajny i siewniki, si\u0142ownik ramienia steruje ruchem ramion roboczych podczas wykonywania takich zada\u0144, jak sadzenie, nawo\u017cenie i zbi\u00f3r.<\/p>\n<\/li>\n<li>\n<h3>G\u00f3rnictwo<\/h3>\n<p>W sprz\u0119cie g\u00f3rniczym si\u0142ownik ramienia steruje ruchem ramienia podczas operacji g\u00f3rniczych i transportu materia\u0142\u00f3w w kopalniach.<\/p>\n<\/li>\n<li>\n<h3>Logistyka i transport<\/h3>\n<p>W w\u00f3zkach wid\u0142owych i robotach prze\u0142adunkowych si\u0142ownik ramienia steruje podnoszeniem i ruchem wide\u0142, umo\u017cliwiaj\u0105c przenoszenie i uk\u0142adanie materia\u0142\u00f3w.<\/p>\n<\/li>\n<\/ul>\n<h2>Zagadnienia projektowe i kryteria wyboru<\/h2>\n<p>Je\u015bli chodzi o cylindry ramieniowe, istotne s\u0105 nast\u0119puj\u0105ce kwestie projektowe i kryteria wyboru:<\/p>\n<ul>\n<li>\n<h3>No\u015bno\u015b\u0107<\/h3>\n<p>Si\u0142ownik ramienia powinien by\u0107 w stanie ud\u017awign\u0105\u0107 okre\u015blone obci\u0105\u017cenia, aby zapewni\u0107 bezpieczn\u0105 i wydajn\u0105 prac\u0119.<\/p>\n<\/li>\n<li>\n<h3>Opiecz\u0119towanie<\/h3>\n<p>Aby zapewni\u0107 skuteczne uszczelnienie i zminimalizowa\u0107 wycieki, nale\u017cy stosowa\u0107 r\u00f3\u017cne elementy uszczelniaj\u0105ce, takie jak uszczelki t\u0142okowe i uszczelki t\u0142oczyskowe wykonane z trwa\u0142ych materia\u0142\u00f3w, np. poliuretanu i kauczuku nitrylowego.<\/p>\n<\/li>\n<li>\n<h3>Trwa\u0142o\u015b\u0107<\/h3>\n<p>Korpus cylindra i gwintowane ko\u0144c\u00f3wki nale\u017cy podda\u0107 precyzyjnej obr\u00f3bce w celu zwi\u0119kszenia odporno\u015bci na zu\u017cycie i zagwarantowania d\u0142ugotrwa\u0142ej wydajno\u015bci.<\/p>\n<\/li>\n<li>\n<h3>Bezpiecze\u0144stwo<\/h3>\n<p>Cylindry ramieniowe musz\u0105 spe\u0142nia\u0107 normy bezpiecze\u0144stwa i posiada\u0107 funkcje zapobiegaj\u0105ce wypadkom podczas pracy.<\/p>\n<\/li>\n<li>\n<h3>Utrzymywalno\u015b\u0107<\/h3>\n<p>Aby zapewni\u0107 optymaln\u0105 wydajno\u015b\u0107 i wyd\u0142u\u017cy\u0107 \u017cywotno\u015b\u0107 cylindra, nale\u017cy regularnie smarowa\u0107 go odpowiednim olejem hydraulicznym i przeprowadza\u0107 okresow\u0105 konserwacj\u0119.<\/p>\n<\/li>\n<\/ul>\n<p><img decoding=\"async\" src=\"https:\/\/www.hydraulic-cylinders.net\/wp-content\/uploads\/2025\/01\/songte-cylinder-head-with-all-kinds-excavator-models.webp\" alt=\"G\u0142owica cylindra\" \/><\/p>\n<h2>Regularne kontrole i konserwacja zapobiegawcza<\/h2>\n<p>Aby zapewni\u0107 trwa\u0142o\u015b\u0107 i niezawodno\u015b\u0107 cylindra ramienia, nale\u017cy podj\u0105\u0107 nast\u0119puj\u0105ce \u015brodki:<\/p>\n<ul>\n<li>Regularnie sprawdzaj cylinder pod k\u0105tem oznak zu\u017cycia, uszkodzenia lub nieszczelno\u015bci.<\/li>\n<li>Sprawd\u017a i dokr\u0119\u0107 wszystkie po\u0142\u0105czenia, aby zapobiec ich poluzowaniu.<\/li>\n<li>Monitoruj poziom i jako\u015b\u0107 oleju hydraulicznego i wymieniaj go zgodnie z zaleceniami.<\/li>\n<li>W razie konieczno\u015bci wymie\u0144 uszczelki i inne zu\u017cyte elementy.<\/li>\n<li>Upewnij si\u0119, \u017ce wszystkie funkcje bezpiecze\u0144stwa s\u0105 na swoim miejscu i dzia\u0142aj\u0105 prawid\u0142owo.<\/li>\n<\/ul>\n<p><img decoding=\"async\" src=\"https:\/\/www.hydraulic-cylinders.net\/wp-content\/uploads\/2025\/01\/songte-chushion-collar.webp\" alt=\"Ko\u0142nierz cylindryczny\" \/><\/p>\n<h2>Instrukcja instalacji produktu<\/h2>\n<p>Prawid\u0142owy monta\u017c si\u0142ownika ramienia jest niezb\u0119dny dla optymalnej wydajno\u015bci i bezpiecze\u0144stwa. Wykonaj nast\u0119puj\u0105ce kroki:<\/p>\n<ol>\n<li>Przygotuj miejsce pracy, upewniaj\u0105c si\u0119, \u017ce jest czyste i wolne od zanieczyszcze\u0144.<\/li>\n<li>Sprawd\u017a cylinder i wszystkie elementy pod k\u0105tem uszkodze\u0144.<\/li>\n<li>Przymocuj cylinder do wyznaczonych punkt\u00f3w mocowania, u\u017cywaj\u0105c odpowiednich narz\u0119dzi i element\u00f3w mocuj\u0105cych.<\/li>\n<li>Sprawd\u017a, czy wszystkie po\u0142\u0105czenia s\u0105 dobrze dokr\u0119cone i bezpieczne.<\/li>\n<li>Przed rozpocz\u0119ciem pe\u0142nego u\u017cytkowania nale\u017cy sprawdzi\u0107, czy cylinder dzia\u0142a prawid\u0142owo.<\/li>\n<\/ol>\n<p><img decoding=\"async\" src=\"https:\/\/www.hydraulic-cylinders.net\/wp-content\/uploads\/2025\/01\/songte-bushings-with-all-kinds-of-excavator-models.webp\" alt=\"Tuleje cylindrowe\" \/><\/p>\n<h2>Zagadnienia bezpiecze\u0144stwa i czynniki \u015brodowiskowe<\/h2>\n<p>Podczas pracy z si\u0142ownikami ramieniowymi \u015brodki bezpiecze\u0144stwa maj\u0105 kluczowe znaczenie. S\u0142owa kluczowe nale\u017cy stosowa\u0107 zgodnie z wytycznymi bezpiecze\u0144stwa, aby zapobiega\u0107 wypadkom i zapewni\u0107 bezpieczne \u015brodowisko pracy.<\/p>\n<h2>Rozwi\u0105zywanie problem\u00f3w i typowe problemy<\/h2>\n<p>Oto kilka typowych problem\u00f3w, kt\u00f3re mog\u0105 wyst\u0105pi\u0107 w przypadku cylindr\u00f3w ramienia:<\/p>\n<ul>\n<li>Wyciek z uszczelek lub po\u0142\u0105cze\u0144<\/li>\n<li>Nieregularny lub szarpany ruch<\/li>\n<li>Utrata mocy<\/li>\n<li>Nietypowy ha\u0142as lub wibracje<\/li>\n<li>Nie mo\u017cna rozszerzy\u0107 lub schowa\u0107<\/li>\n<\/ul>\n<p>Aby rozwi\u0105za\u0107 te problemy i znale\u017a\u0107 rozwi\u0105zanie, nale\u017cy wzi\u0105\u0107 pod uwag\u0119 nast\u0119puj\u0105ce kwestie:<\/p>\n<ul>\n<li>Sprawd\u017a i wymie\u0144 uszkodzone uszczelki lub po\u0142\u0105czenia.<\/li>\n<li>Sprawd\u017a i wyreguluj ci\u015bnienie hydrauliczne i nat\u0119\u017cenie przep\u0142ywu.<\/li>\n<li>Upewnij si\u0119, \u017ce poziom i jako\u015b\u0107 oleju hydraulicznego s\u0105 odpowiednie.<\/li>\n<li>Regularnie smaruj wszystkie ruchome cz\u0119\u015bci.<\/li>\n<\/ul>\n<p><img decoding=\"async\" src=\"https:\/\/www.hydraulic-cylinders.net\/wp-content\/uploads\/2025\/01\/songte-chushion-collar.webp\" alt=\"Tuleje cylindrowe\" \/><\/p>\n<h2>O nas<\/h2>\n<p>Jeste\u015bmy profesjonalnym producentem zamiennych cylindr\u00f3w hydraulicznych, oferuj\u0105cym szerok\u0105 gam\u0119 produkt\u00f3w. Stali\u015bmy si\u0119 jednym z wiod\u0105cych producent\u00f3w i hurtowych dystrybutor\u00f3w cylindr\u00f3w hydraulicznych na rynku krajowym i mi\u0119dzynarodowym. Dzi\u0119ki naszemu zaanga\u017cowaniu w doskona\u0142o\u015b\u0107, przemys\u0142owym strategiom zarz\u0105dzania produkcj\u0105 w naszym zaawansowanym warsztacie produkcyjnym oraz ci\u0105g\u0142emu doskonaleniu technologii i wydajno\u015bci produkcji, dostarczamy produkty wysokiej jako\u015bci.<\/p>\n<p><img decoding=\"async\" src=\"https:\/\/www.hydraulic-cylinders.net\/wp-content\/uploads\/2025\/01\/songte-company-4.webp\" alt=\"Firma\" \/><\/p>\n<p><img decoding=\"async\" src=\"https:\/\/www.hydraulic-cylinders.net\/wp-content\/uploads\/2025\/01\/songte-company-3.webp\" alt=\"Firma\" \/><\/p>\n<p><em>Autor: lyl<\/em><\/p>","protected":false},"excerpt":{"rendered":"<p>Arm Cylinder For Lonking Middle Excavator LG6235 Introduction An arm cylinder is a specially designed hydraulic cylinder that provides linear motion and power to the arm of various types of machinery, such as excavators, cranes, and robotic arms. It plays a crucial role in hydraulic systems, enabling the efficient movement and control of additional tools [&hellip;]<\/p>","protected":false},"featured_media":14759,"comment_status":"open","ping_status":"closed","template":"","meta":{"_et_pb_use_builder":"","_et_pb_old_content":"","_et_gb_content_width":""},"product_brand":[],"product_cat":[1497],"product_tag":[1498,1496],"class_list":{"0":"post-16545","1":"product","2":"type-product","3":"status-publish","4":"has-post-thumbnail","6":"product_cat-arm-cylinders","7":"product_tag-arm-cylinders","8":"product_tag-hydraulic-cylinders","10":"first","11":"instock","12":"shipping-taxable","13":"product-type-simple"},"amp_enabled":true,"_links":{"self":[{"href":"https:\/\/www.hydraulic-cylinders.net\/pl\/wp-json\/wp\/v2\/product\/16545","targetHints":{"allow":["GET"]}}],"collection":[{"href":"https:\/\/www.hydraulic-cylinders.net\/pl\/wp-json\/wp\/v2\/product"}],"about":[{"href":"https:\/\/www.hydraulic-cylinders.net\/pl\/wp-json\/wp\/v2\/types\/product"}],"replies":[{"embeddable":true,"href":"https:\/\/www.hydraulic-cylinders.net\/pl\/wp-json\/wp\/v2\/comments?post=16545"}],"wp:featuredmedia":[{"embeddable":true,"href":"https:\/\/www.hydraulic-cylinders.net\/pl\/wp-json\/wp\/v2\/media\/14759"}],"wp:attachment":[{"href":"https:\/\/www.hydraulic-cylinders.net\/pl\/wp-json\/wp\/v2\/media?parent=16545"}],"wp:term":[{"taxonomy":"product_brand","embeddable":true,"href":"https:\/\/www.hydraulic-cylinders.net\/pl\/wp-json\/wp\/v2\/product_brand?post=16545"},{"taxonomy":"product_cat","embeddable":true,"href":"https:\/\/www.hydraulic-cylinders.net\/pl\/wp-json\/wp\/v2\/product_cat?post=16545"},{"taxonomy":"product_tag","embeddable":true,"href":"https:\/\/www.hydraulic-cylinders.net\/pl\/wp-json\/wp\/v2\/product_tag?post=16545"}],"curies":[{"name":"wp","href":"https:\/\/api.w.org\/{rel}","templated":true}]}}