{"id":16549,"date":"2025-01-21T05:33:13","date_gmt":"2025-01-21T05:33:13","guid":{"rendered":"https:\/\/www.hydraulic-cylinders.net\/product\/arm-cylinder-for-lonking-large-excavator-lg6490\/"},"modified":"2025-01-21T05:33:16","modified_gmt":"2025-01-21T05:33:16","slug":"arm-cylinder-for-lonking-large-excavator-lg6490","status":"publish","type":"product","link":"https:\/\/www.hydraulic-cylinders.net\/pl\/produkt\/arm-cylinder-for-lonking-large-excavator-lg6490\/","title":{"rendered":"Si\u0142ownik ramienia do du\u017cej koparki Lonking LG6490"},"content":{"rendered":"<h2>Si\u0142ownik ramienia do du\u017cej koparki Lonking LG6490<\/h2>\n<p>Si\u0142ownik ramienia to specjalnie zaprojektowany si\u0142ownik hydrauliczny, kt\u00f3ry zapewnia ruch liniowy i zasilanie ramienia r\u00f3\u017cnego rodzaju maszyn, takich jak koparki, d\u017awigi i ramiona robotyczne. Odgrywa kluczow\u0105 rol\u0119 w uk\u0142adach hydraulicznych, umo\u017cliwiaj\u0105c efektywny ruch i sterowanie dodatkowymi narz\u0119dziami lub osprz\u0119tem. Si\u0142owniki te nie tylko zapewniaj\u0105 p\u0142ynny ruch, ale tak\u017ce wytrzymuj\u0105 du\u017ce obci\u0105\u017cenia, gwarantuj\u0105c wydajn\u0105 prac\u0119 i niezawodno\u015b\u0107 maszyn w r\u00f3\u017cnych warunkach pracy.<\/p>\n<p><img decoding=\"async\" src=\"https:\/\/www.hydraulic-cylinders.net\/wp-content\/uploads\/2025\/01\/songte-company-2.webp\"><\/p>\n<h3>Cechy<\/h3>\n<ol>\n<li><strong>Wysoka wydajno\u015b\u0107 transmisji:<\/strong> Si\u0142ownik ramienia zapewnia mocny ruch liniowy i si\u0142\u0119, gwarantuj\u0105c wysok\u0105 wydajno\u015b\u0107 podczas r\u00f3\u017cnych operacji.<\/li>\n<li><strong>Precyzyjna kontrola:<\/strong> Dzi\u0119ki uk\u0142adowi hydraulicznemu si\u0142ownik ramienia umo\u017cliwia precyzyjn\u0105 kontrol\u0119 ruchu, co sprawia, \u017ce \u200b\u200bobs\u0142uga dodatkowych narz\u0119dzi jest bardziej elastyczna i dok\u0142adna.<\/li>\n<li><strong>Trwa\u0142o\u015b\u0107:<\/strong> Cylindry ramienia s\u0105 zazwyczaj produkowane z materia\u0142\u00f3w o wysokiej wytrzyma\u0142o\u015bci, zapewniaj\u0105cych doskona\u0142\u0105 odporno\u015b\u0107 na zu\u017cycie i korozj\u0119, dzi\u0119ki czemu nadaj\u0105 si\u0119 do d\u0142ugotrwa\u0142ego u\u017cytkowania w trudnych warunkach.<\/li>\n<li><strong>Wielofunkcyjna adaptowalno\u015b\u0107:<\/strong> Cylindry te mo\u017cna powszechnie stosowa\u0107 w r\u00f3\u017cnych typach maszyn, takich jak koparki, d\u017awigi i ramiona robotyczne, dostosowuj\u0105c si\u0119 do r\u00f3\u017cnych wymaga\u0144 roboczych.<\/li>\n<li><strong>\u0141atwa konserwacja:<\/strong> Zaprojektowane z my\u015bl\u0105 o \u0142atwej konserwacji i wymianie, regularne kontrole i konserwacja s\u0105 wygodniejsze, co redukuje przestoje sprz\u0119tu.<\/li>\n<\/ol>\n<p><img decoding=\"async\" src=\"https:\/\/www.hydraulic-cylinders.net\/wp-content\/uploads\/2025\/01\/songte-oil-pipes-and-spare-parts.webp\"><\/p>\n<p>Si\u0142ownik ramienia do koparki Lonking Large Excavator LG6490 to uniwersalny element wykorzystywany w r\u00f3\u017cnych ga\u0142\u0119ziach przemys\u0142u i zastosowaniach:<\/p>\n<h3>Aplikacje<\/h3>\n<ul>\n<li>In\u017cynieria budowlana: W koparkach i d\u017awigach si\u0142ownik ramienia steruje ruchem \u0142y\u017cek lub wysi\u0119gnik\u00f3w podczas rob\u00f3t ziemnych, przenoszenia materia\u0142\u00f3w i instalacji konstrukcyjnych.<\/li>\n<li>Produkcja: W zautomatyzowanych liniach produkcyjnych si\u0142ownik ramienia umo\u017cliwia ruch ramion robota podczas takich proces\u00f3w, jak monta\u017c, spawanie i obs\u0142uga materia\u0142\u00f3w, zwi\u0119kszaj\u0105c wydajno\u015b\u0107 i precyzj\u0119 produkcji.<\/li>\n<li>Maszyny rolnicze: W sprz\u0119cie rolniczym, takim jak kombajny i siewniki, si\u0142ownik ramienia steruje ruchem ramion roboczych, wykonuj\u0105c zadania takie jak sadzenie, nawo\u017cenie i zbi\u00f3r.<\/li>\n<li>G\u00f3rnictwo: W sprz\u0119cie g\u00f3rniczym si\u0142ownik ramienia steruje ruchem ramienia maszyn g\u00f3rniczych s\u0142u\u017c\u0105cych do wydobywania i transportu rudy.<\/li>\n<li>Logistyka i transport: W w\u00f3zkach wid\u0142owych i robotach prze\u0142adunkowych si\u0142ownik ramienia steruje podnoszeniem i ruchem wide\u0142, u\u0142atwiaj\u0105c przenoszenie i uk\u0142adanie materia\u0142\u00f3w.<\/li>\n<\/ul>\n<h3>Zagadnienia projektowe i kryteria wyboru<\/h3>\n<p>Je\u015bli chodzi o kwestie projektowe i kryteria doboru cylindr\u00f3w ramieniowych, kluczowe znaczenie ma kilka czynnik\u00f3w:<\/p>\n<ul>\n<li>No\u015bno\u015b\u0107: Cylinder ramienia powinien by\u0107 w stanie wytrzyma\u0107 wymagane obci\u0105\u017cenia i si\u0142y, aby zapewni\u0107 bezpieczn\u0105 i wydajn\u0105 prac\u0119.<\/li>\n<li>Uszczelnienie: W celu utrzymania skutecznej skuteczno\u015bci uszczelnienia stosuje si\u0119 r\u00f3\u017cne elementy uszczelniaj\u0105ce, takie jak uszczelnienia t\u0142ok\u00f3w i uszczelnienia t\u0142oczysk wykonane z materia\u0142\u00f3w odpornych na zu\u017cycie, np. poliuretanu i kauczuku nitrylowego.<\/li>\n<li>Trwa\u0142o\u015b\u0107: Korpus cylindra oraz gwintowane powierzchnie ko\u0144cowe s\u0105 poddawane precyzyjnej obr\u00f3bce w celu zwi\u0119kszenia odporno\u015bci na zu\u017cycie i trwa\u0142o\u015bci.<\/li>\n<li>Bezpiecze\u0144stwo: Cylindry ramieniowe powinny spe\u0142nia\u0107 normy bezpiecze\u0144stwa, aby zagwarantowa\u0107 ochron\u0119 zar\u00f3wno operator\u00f3w, jak i maszyn.<\/li>\n<li>\u0141atwo\u015b\u0107 konserwacji: Regularne smarowanie odpowiednim olejem hydraulicznym i okresowa konserwacja s\u0105 niezb\u0119dne do zapewnienia optymalnej wydajno\u015bci i wyd\u0142u\u017cenia \u017cywotno\u015bci si\u0142ownika ramienia.<\/li>\n<\/ul>\n<p><img decoding=\"async\" src=\"https:\/\/www.hydraulic-cylinders.net\/wp-content\/uploads\/2025\/01\/songte-cylinder-head-with-all-kinds-excavator-models.webp\"><\/p>\n<p>Regularne przegl\u0105dy i dzia\u0142ania konserwacyjne odgrywaj\u0105 istotn\u0105 rol\u0119 w maksymalizacji \u017cywotno\u015bci i wydajno\u015bci si\u0142ownik\u00f3w ramienia. Niekt\u00f3re zalecane \u015brodki obejmuj\u0105:<\/p>\n<ul>\n<li>Sprawdzenie, czy nie wyst\u0119puj\u0105 oznaki przeciek\u00f3w, uszkodze\u0144 lub zu\u017cycia element\u00f3w uszczelniaj\u0105cych i w razie potrzeby ich wymiana.<\/li>\n<li>Sprawdzenie korpusu cylindra oraz gwintowanych powierzchni ko\u0144cowych pod k\u0105tem ewentualnych uszkodze\u0144 lub korozji i niezw\u0142oczne podj\u0119cie dzia\u0142a\u0144 naprawczych.<\/li>\n<li>Zapewnienie prawid\u0142owego smarowania zalecanym olejem hydraulicznym w regularnych odst\u0119pach czasu.<\/li>\n<li>Przeprowadzanie dok\u0142adnych test\u00f3w funkcjonalnych i kontroli po konserwacji lub naprawie w celu sprawdzenia prawid\u0142owej pracy cylindra ramienia.<\/li>\n<\/ul>\n<h3>Przewodnik instalacji<\/h3>\n<p>Prawid\u0142owy monta\u017c si\u0142ownika ramienia ma kluczowe znaczenie dla jego optymalnej wydajno\u015bci i trwa\u0142o\u015bci. Wykonaj nast\u0119puj\u0105ce kroki:<\/p>\n<ol>\n<li>Przygotuj miejsce monta\u017cu i upewnij si\u0119, \u017ce jest czyste i wolne od wszelkich zanieczyszcze\u0144.<\/li>\n<li>Wyr\u00f3wnaj cylinder ramienia z otworami monta\u017cowymi lub wspornikami i przymocuj go mocno, u\u017cywaj\u0105c odpowiednich \u015brub lub element\u00f3w z\u0142\u0105cznych.<\/li>\n<li>Upewnij si\u0119, \u017ce przy\u0142\u0105cza hydrauliczne s\u0105 prawid\u0142owo zamontowane i dokr\u0119cone, zgodnie z wytycznymi producenta.<\/li>\n<li>Przeprowad\u017a kontrol\u0119 wizualn\u0105, aby potwierdzi\u0107 prawid\u0142owe ustawienie i pozycjonowanie cylindra ramienia.<\/li>\n<li>Wykonaj test funkcjonalny, aby sprawdzi\u0107 p\u0142ynno\u015b\u0107 dzia\u0142ania i prawid\u0142ow\u0105 funkcjonalno\u015b\u0107 cylindra ramienia.<\/li>\n<\/ol>\n<p><img decoding=\"async\" src=\"https:\/\/www.hydraulic-cylinders.net\/wp-content\/uploads\/2025\/01\/songte-bushings-with-all-kinds-of-excavator-models.webp\"><\/p>\n<p>Bior\u0105c pod uwag\u0119 wzgl\u0119dy bezpiecze\u0144stwa i czynniki \u015brodowiskowe, priorytetem jest wdro\u017cenie odpowiednich \u015brodk\u00f3w bezpiecze\u0144stwa podczas korzystania z si\u0142ownik\u00f3w ramieniowych. Utrzymanie bezpiecznego \u015brodowiska pracy i przestrzeganie wytycznych bezpiecze\u0144stwa mo\u017ce zapobiec wypadkom oraz chroni\u0107 personel i sprz\u0119t.<\/p>\n<p>W kontek\u015bcie rozwi\u0105zywania problem\u00f3w i typowych problem\u00f3w zwi\u0105zanych z cylindrami ramienia, poni\u017cej przedstawiamy mo\u017cliwe problemy i ich rozwi\u0105zania:<\/p>\n<ul>\n<li>Wyciek: Sprawd\u017a elementy uszczelniaj\u0105ce i wymie\u0144 zu\u017cyte lub uszkodzone uszczelki. Upewnij si\u0119, \u017ce po\u0142\u0105czenia hydrauliczne s\u0105 prawid\u0142owo zamontowane i dokr\u0119cone.<\/li>\n<li>Powolny lub nier\u00f3wnomierny ruch: Sprawd\u017a uk\u0142ad hydrauliczny pod k\u0105tem ewentualnych ogranicze\u0144 lub blokad i usu\u0144 je. Sprawd\u017a poziom i jako\u015b\u0107 p\u0142ynu hydraulicznego.<\/li>\n<li>Nadmierny ha\u0142as: Sprawd\u017a, czy elementy nie s\u0105 lu\u017ane lub uszkodzone i w razie potrzeby dokr\u0119\u0107 je lub wymie\u0144. Zapewnij odpowiednie smarowanie cz\u0119\u015bci ruchomych.<\/li>\n<\/ul>\n<p>Wdra\u017canie \u015brodk\u00f3w zapobiegawczych, takich jak regularne kontrole i konserwacja, mo\u017ce pom\u00f3c zminimalizowa\u0107 potencjalne problemy i zagwarantowa\u0107 niezawodn\u0105 prac\u0119 si\u0142ownik\u00f3w ramienia.<\/p>\n<p><img decoding=\"async\" src=\"https:\/\/www.hydraulic-cylinders.net\/wp-content\/uploads\/2025\/01\/songte-chushion-collar.webp\"><\/p>\n<p>Jako profesjonalny producent zamiennych cylindr\u00f3w hydraulicznych, oferujemy szerok\u0105 gam\u0119 produkt\u00f3w i stali\u015bmy si\u0119 jednym z wiod\u0105cych producent\u00f3w i dystrybutor\u00f3w hurtowych cylindr\u00f3w hydraulicznych na rynku krajowym i mi\u0119dzynarodowym. D\u0105\u017cymy do zapewnienia doskona\u0142ej jako\u015bci, wykorzystuj\u0105c zaawansowane zak\u0142ady produkcyjne oraz stale rozwijaj\u0105c nasz\u0105 wiedz\u0119 techniczn\u0105 i wydajno\u015b\u0107 produkcji. Dzi\u0119ki wykorzystaniu zaawansowanego cyfrowego sprz\u0119tu produkcyjnego i profesjonalnych system\u00f3w testowych, optymalizujemy nasz\u0105 platform\u0119 produkcyjn\u0105 i usprawniamy procesy kontroli jako\u015bci produkt\u00f3w, zapewniaj\u0105c wysoki poziom innowacyjno\u015bci. Naszym celem jest zaspokajanie zr\u00f3\u017cnicowanych potrzeb klient\u00f3w poprzez wydajno\u015b\u0107, precyzj\u0119 i wysok\u0105 jako\u015b\u0107 produkt\u00f3w.<\/p>\n<p>Opr\u00f3cz profesjonalizmu i zaanga\u017cowania w jako\u015b\u0107 nasza firma oferuje r\u00f3wnie\u017c:<\/p>\n<ul>\n<li>Certyfikaty mi\u0119dzynarodowe: Nasze produkty spe\u0142niaj\u0105 mi\u0119dzynarodowe normy jako\u015bci i bezpiecze\u0144stwa, co gwarantuje niezawodno\u015b\u0107 i wydajno\u015b\u0107.<\/li>\n<li>Us\u0142ugi dostosowywania: Dostarczamy rozwi\u0105zania dostosowane do indywidualnych potrzeb klient\u00f3w, dostosowane do ich preferencji.<\/li>\n<li>Zaawansowany sprz\u0119t produkcyjny: Wykorzystujemy najnowocze\u015bniejszy sprz\u0119t produkcyjny, aby zagwarantowa\u0107 precyzj\u0119 i wydajno\u015b\u0107 naszych proces\u00f3w wytw\u00f3rczych.<\/li>\n<li>Obs\u0142uga posprzeda\u017cowa: Oferujemy kompleksowe wsparcie posprzeda\u017cowe, obejmuj\u0105ce pomoc techniczn\u0105 i szybkie rozwi\u0105zywanie wszelkich zapyta\u0144 lub problem\u00f3w.<\/li>\n<\/ul>\n<p><img decoding=\"async\" src=\"https:\/\/www.hydraulic-cylinders.net\/wp-content\/uploads\/2025\/01\/songte-company-4.webp\"><br \/>\n<img decoding=\"async\" src=\"https:\/\/www.hydraulic-cylinders.net\/wp-content\/uploads\/2025\/01\/songte-company-3.webp\"><\/p>\n<p>Autor: lyl<\/p>","protected":false},"excerpt":{"rendered":"<p>Arm Cylinder For Lonking Large Excavator LG6490 The arm cylinder is a specially designed hydraulic cylinder that provides linear motion and power to the arm of various types of machinery, such as excavators, cranes, and robotic arms. It plays a crucial role in hydraulic systems, allowing for effective movement and control of additional tools or [&hellip;]<\/p>","protected":false},"featured_media":14777,"comment_status":"open","ping_status":"closed","template":"","meta":{"_et_pb_use_builder":"","_et_pb_old_content":"","_et_gb_content_width":""},"product_brand":[],"product_cat":[1497],"product_tag":[1498,1496],"class_list":{"0":"post-16549","1":"product","2":"type-product","3":"status-publish","4":"has-post-thumbnail","6":"product_cat-arm-cylinders","7":"product_tag-arm-cylinders","8":"product_tag-hydraulic-cylinders","10":"first","11":"instock","12":"shipping-taxable","13":"product-type-simple"},"amp_enabled":true,"_links":{"self":[{"href":"https:\/\/www.hydraulic-cylinders.net\/pl\/wp-json\/wp\/v2\/product\/16549","targetHints":{"allow":["GET"]}}],"collection":[{"href":"https:\/\/www.hydraulic-cylinders.net\/pl\/wp-json\/wp\/v2\/product"}],"about":[{"href":"https:\/\/www.hydraulic-cylinders.net\/pl\/wp-json\/wp\/v2\/types\/product"}],"replies":[{"embeddable":true,"href":"https:\/\/www.hydraulic-cylinders.net\/pl\/wp-json\/wp\/v2\/comments?post=16549"}],"wp:featuredmedia":[{"embeddable":true,"href":"https:\/\/www.hydraulic-cylinders.net\/pl\/wp-json\/wp\/v2\/media\/14777"}],"wp:attachment":[{"href":"https:\/\/www.hydraulic-cylinders.net\/pl\/wp-json\/wp\/v2\/media?parent=16549"}],"wp:term":[{"taxonomy":"product_brand","embeddable":true,"href":"https:\/\/www.hydraulic-cylinders.net\/pl\/wp-json\/wp\/v2\/product_brand?post=16549"},{"taxonomy":"product_cat","embeddable":true,"href":"https:\/\/www.hydraulic-cylinders.net\/pl\/wp-json\/wp\/v2\/product_cat?post=16549"},{"taxonomy":"product_tag","embeddable":true,"href":"https:\/\/www.hydraulic-cylinders.net\/pl\/wp-json\/wp\/v2\/product_tag?post=16549"}],"curies":[{"name":"wp","href":"https:\/\/api.w.org\/{rel}","templated":true}]}}