{"id":16553,"date":"2025-01-21T05:33:31","date_gmt":"2025-01-21T05:33:31","guid":{"rendered":"https:\/\/www.hydraulic-cylinders.net\/product\/arm-cylinder-for-jcm-middle-excavator-jcm921f\/"},"modified":"2025-01-21T05:33:32","modified_gmt":"2025-01-21T05:33:32","slug":"arm-cylinder-for-jcm-middle-excavator-jcm921f","status":"publish","type":"product","link":"https:\/\/www.hydraulic-cylinders.net\/pl\/produkt\/arm-cylinder-for-jcm-middle-excavator-jcm921f\/","title":{"rendered":"Si\u0142ownik ramienia do koparki \u015brodkowej JCM JCM921F"},"content":{"rendered":"<p>Si\u0142ownik ramienia do koparki \u015brodkowej JCM JCM921F<\/p>\n<p>Wst\u0119p<br \/>\nSi\u0142ownik ramienia to specjalnie zaprojektowany si\u0142ownik hydrauliczny, kt\u00f3ry zapewnia ruch liniowy i zasilanie ramion r\u00f3\u017cnego typu maszyn, takich jak koparki, d\u017awigi i ramiona mechaniczne. Si\u0142ownik ramienia odgrywa kluczow\u0105 rol\u0119 w uk\u0142adzie hydraulicznym, umo\u017cliwiaj\u0105c efektywny ruch i sterowanie dodatkowymi narz\u0119dziami lub osprz\u0119tem. Si\u0142owniki te nie tylko zapewniaj\u0105 p\u0142ynny ruch, ale tak\u017ce wytrzymuj\u0105 du\u017ce obci\u0105\u017cenia, gwarantuj\u0105c wydajn\u0105 prac\u0119 i niezawodno\u015b\u0107 maszyn w r\u00f3\u017cnych warunkach pracy.<\/p>\n<p><img loading=\"lazy\" decoding=\"async\" src=\"https:\/\/www.hydraulic-cylinders.net\/wp-content\/uploads\/2025\/01\/songte-company-2.webp\" alt=\"Cylinder ramienia\" width=\"400\" height=\"267\"><\/p>\n<p>Definicja i wyja\u015bnienie<br \/>\nSi\u0142owniki ramienia s\u0105 niezb\u0119dnymi elementami uk\u0142adu hydraulicznego w ci\u0119\u017ckich maszynach. S\u0142u\u017c\u0105 do zapewnienia ruchu liniowego i zasilania ramion r\u00f3\u017cnego typu maszyn, takich jak koparki, d\u017awigi i ramiona mechaniczne. Si\u0142ownik ramienia odpowiada za p\u0142ynny ruch i sterowanie dodatkowymi narz\u0119dziami lub osprz\u0119tem, co czyni go niezb\u0119dnym dla wydajnej pracy i niezawodno\u015bci maszyn. Si\u0142owniki te odgrywaj\u0105 kluczow\u0105 rol\u0119 w uk\u0142adzie hydraulicznym, umo\u017cliwiaj\u0105c efektywny ruch i sterowanie dodatkowymi narz\u0119dziami lub osprz\u0119tem, takimi jak \u0142y\u017cki i wysi\u0119gniki. Si\u0142owniki ramienia s\u0105 produkowane z materia\u0142\u00f3w o wysokiej wytrzyma\u0142o\u015bci, co gwarantuje trwa\u0142o\u015b\u0107 i niezawodno\u015b\u0107 w r\u00f3\u017cnych warunkach pracy.<\/p>\n<p>Cechy<br \/>\nCylindry ramieniowe charakteryzuj\u0105 si\u0119 nast\u0119puj\u0105cymi kluczowymi cechami:<\/p>\n<h2>Wysokowydajna skrzynia bieg\u00f3w<\/h2>\n<p>Cylindry ramion zapewniaj\u0105 mocny ruch liniowy i si\u0142\u0119, gwarantuj\u0105c wysok\u0105 wydajno\u015b\u0107 pracy maszyn.<\/p>\n<h2>Precyzyjna kontrola<\/h2>\n<p>Cylindry ramienia umo\u017cliwiaj\u0105 precyzyjn\u0105 kontrol\u0119 ruchu za pomoc\u0105 uk\u0142adu hydraulicznego, co sprawia, \u017ce \u200b\u200bobs\u0142uga dodatkowych narz\u0119dzi jest bardziej elastyczna i dok\u0142adna.<\/p>\n<h2>Trwa\u0142o\u015b\u0107<\/h2>\n<p>Cylindry ramienia s\u0105 zwykle wykonane z materia\u0142\u00f3w o wysokiej wytrzyma\u0142o\u015bci, dzi\u0119ki czemu charakteryzuj\u0105 si\u0119 du\u017c\u0105 odporno\u015bci\u0105 na zu\u017cycie i korozj\u0119, dzi\u0119ki czemu nadaj\u0105 si\u0119 do d\u0142ugotrwa\u0142ego u\u017cytkowania w trudnych warunkach.<\/p>\n<h2>Wielofunkcyjna adaptowalno\u015b\u0107<\/h2>\n<p>Si\u0142owniki te s\u0105 powszechnie stosowane w r\u00f3\u017cnych typach maszyn, takich jak koparki, d\u017awigi i ramiona mechaniczne, dostosowuj\u0105c si\u0119 do r\u00f3\u017cnych wymaga\u0144 roboczych.<\/p>\n<h2>\u0141atwa konserwacja<\/h2>\n<p>Cylindry ramienia zaprojektowano tak, aby by\u0142y \u0142atwe w konserwacji i wymianie, dzi\u0119ki czemu regularne kontrole i konserwacja s\u0105 wygodniejsze, a przestoje sprz\u0119tu kr\u00f3tsze.<\/p>\n<p>Mo\u017cemy wyprodukowa\u0107 produkt, kt\u00f3ry doskonale zast\u0105pi te cylindry hydrauliczne.<\/p>\n<p><img loading=\"lazy\" decoding=\"async\" src=\"https:\/\/www.hydraulic-cylinders.net\/wp-content\/uploads\/2025\/01\/songte-oil-pipes-and-spare-parts.webp\" alt=\"Cz\u0119\u015bci cylindr\u00f3w hydraulicznych\" width=\"400\" height=\"267\"><\/p>\n<p>Aplikacje<br \/>\nCylindry ramieniowe maj\u0105 szerokie zastosowanie w r\u00f3\u017cnych ga\u0142\u0119ziach przemys\u0142u, takich jak:<\/p>\n<h2>In\u017cynieria budowlana<\/h2>\n<p>Si\u0142owniki ramieniowe steruj\u0105 ruchem czerpak\u00f3w lub wysi\u0119gnik\u00f3w w koparkach i d\u017awigach, s\u0142u\u017c\u0105 do wykonywania prac ziemnych, przenoszenia materia\u0142\u00f3w i monta\u017cu konstrukcji.<\/p>\n<h2>Przemys\u0142 wytw\u00f3rczy<\/h2>\n<p>Cylindry ramion kontroluj\u0105 ruch ramion mechanicznych w zautomatyzowanych liniach produkcyjnych do monta\u017cu, spawania i obs\u0142ugi, zwi\u0119kszaj\u0105c wydajno\u015b\u0107 i dok\u0142adno\u015b\u0107 produkcji.<\/p>\n<h2>Maszyny rolnicze<\/h2>\n<p>Si\u0142owniki ramienia steruj\u0105 ramieniem roboczym w maszynach rolniczych, takich jak kombajny i siewniki, wykonuj\u0105cych zadania takie jak sadzenie, nawo\u017cenie i zbi\u00f3r.<\/p>\n<h2>Przemys\u0142 g\u00f3rniczy<\/h2>\n<p>Cylindry ramienia steruj\u0105 ruchem ramienia w urz\u0105dzeniach g\u00f3rniczych wykorzystywanych do operacji wydobywczych i transportowych.<\/p>\n<h2>Logistyka i transport<\/h2>\n<p>Cylindry ramion steruj\u0105 ruchem wide\u0142 \u0142adunkowych w w\u00f3zkach wid\u0142owych i robotach prze\u0142adunkowych, realizuj\u0105c obs\u0142ug\u0119 i uk\u0142adanie materia\u0142\u00f3w.<\/p>\n<p>Zagadnienia projektowe i standardy wyboru<br \/>\nW przypadku cylindr\u00f3w ramieniowych obowi\u0105zuj\u0105 szczeg\u00f3lne wymagania konstrukcyjne i standardy doboru, kt\u00f3re maj\u0105 zagwarantowa\u0107 ich optymaln\u0105 wydajno\u015b\u0107. S\u0105 to:<\/p>\n<h2>No\u015bno\u015b\u0107<\/h2>\n<p>Cylindry ramienia powinny by\u0107 w stanie wytrzyma\u0107 obci\u0105\u017cenie wywierane przez maszyn\u0119.<\/p>\n<h2>Opiecz\u0119towanie<\/h2>\n<p>Cylindry ramieniowe wymagaj\u0105 r\u00f3\u017cnych uszczelnie\u0144, takich jak uszczelnienia t\u0142oka i uszczelnienia t\u0142oczyska, aby zapobiec wyciekom i zagwarantowa\u0107 wydajn\u0105 prac\u0119 cylindra.<\/p>\n<h2>Trwa\u0142o\u015b\u0107<\/h2>\n<p>Cylindry ramienia powinny by\u0107 wykonane z materia\u0142\u00f3w najwy\u017cszej jako\u015bci, gwarantuj\u0105cych trwa\u0142o\u015b\u0107 i niezawodno\u015b\u0107 w r\u00f3\u017cnych warunkach pracy.<\/p>\n<h2>Bezpiecze\u0144stwo<\/h2>\n<p>Cylindry ramieniowe powinny by\u0107 projektowane z uwzgl\u0119dnieniem kwestii bezpiecze\u0144stwa, tak aby wytrzymywa\u0142y niezb\u0119dne si\u0142y i zapobiega\u0142y wypadkom.<\/p>\n<h2>Konserwacja<\/h2>\n<p>Cylindry ramienia powinny by\u0107 zaprojektowane w spos\u00f3b umo\u017cliwiaj\u0105cy \u0142atw\u0105 konserwacj\u0119 i wymian\u0119, co pozwoli na regularne kontrole i konserwacj\u0119, a co za tym idzie, skr\u00f3cenie przestoj\u00f3w sprz\u0119tu.<\/p>\n<p><img loading=\"lazy\" decoding=\"async\" src=\"https:\/\/www.hydraulic-cylinders.net\/wp-content\/uploads\/2025\/01\/songte-cylinder-head-with-all-kinds-excavator-models.webp\" alt=\"G\u0142owica cylindra\" width=\"400\" height=\"267\"><\/p>\n<p>Uszczelnianie i smarowanie<br \/>\nSi\u0142owniki ramieniowe wymagaj\u0105 r\u00f3\u017cnego rodzaju uszczelnie\u0144, takich jak uszczelnienia t\u0142oczysk i t\u0142oczysk, wykonanych z materia\u0142\u00f3w odpornych na zu\u017cycie, takich jak poliuretan i kauczuk nitrylowy, aby zapobiec wyciekom i zapewni\u0107 wydajn\u0105 prac\u0119 si\u0142ownika. Korpus i powierzchnia gwintu si\u0142ownika powinny by\u0107 precyzyjnie wyko\u0144czone, aby zwi\u0119kszy\u0107 odporno\u015b\u0107 na zu\u017cycie, a regularne smarowanie odpowiedni\u0105 ilo\u015bci\u0105 oleju hydraulicznego jest niezb\u0119dne.<\/p>\n<p>Konserwacja i \u015brodki zapobiegawcze<br \/>\nRegularne kontrole konserwacyjne i \u015brodki zapobiegawcze s\u0105 niezb\u0119dne dla zapewnienia optymalnej pracy si\u0142ownik\u00f3w ramienia. \u015arodki zapobiegawcze obejmuj\u0105:<\/p>\n<h2>Regularna kontrola<\/h2>\n<p>Sprawdzenie cylindra pod k\u0105tem nieszczelno\u015bci, uszkodze\u0144 i zu\u017cycia oraz wymiana zu\u017cytych cz\u0119\u015bci.<\/p>\n<h2>Czyszczenie<\/h2>\n<p>Utrzymywanie cylindra w czysto\u015bci zapobiega wp\u0142ywowi kurzu, brudu i innych zanieczyszcze\u0144 na jego wydajno\u015b\u0107.<\/p>\n<h2>Smarowanie<\/h2>\n<p>Regularne smarowanie cylindra odpowiedni\u0105 ilo\u015bci\u0105 oleju hydraulicznego zapobiega zu\u017cyciu i wyd\u0142u\u017ca jego \u017cywotno\u015b\u0107.<\/p>\n<h2>Prawid\u0142owe przechowywanie<\/h2>\n<p>Przechowuj cylinder w suchym i ch\u0142odnym miejscu, aby zapobiec rdzewieniu i innym uszkodzeniom.<\/p>\n<h2>Wymiana cz\u0119\u015bci<\/h2>\n<p>Wymiana zu\u017cytych cz\u0119\u015bci, takich jak uszczelki i t\u0142oki, w celu zapewnienia wydajnej pracy cylindra.<\/p>\n<p><img loading=\"lazy\" decoding=\"async\" src=\"https:\/\/www.hydraulic-cylinders.net\/wp-content\/uploads\/2025\/01\/songte-chushion-collar.webp\" alt=\"Ko\u0142nierz poduszkowy\" width=\"400\" height=\"267\"><\/p>\n<p>Przewodnik instalacji<br \/>\nMonta\u017c cylindr\u00f3w ramienia wymaga wykonania okre\u015blonych czynno\u015bci w celu zapewnienia optymalnej wydajno\u015bci, kt\u00f3rymi s\u0105:<\/p>\n<h2>Przygotowanie<\/h2>\n<p>Przygotuj niezb\u0119dne narz\u0119dzia, sprz\u0119t ochronny i butl\u0119.<\/p>\n<h2>Kontrola<\/h2>\n<p>Przed rozpocz\u0119ciem instalacji nale\u017cy sprawdzi\u0107, czy cylinder nie ma uszkodze\u0144 lub wad.<\/p>\n<h2>Demonta\u017c<\/h2>\n<p>Zdemontuj stary cylinder i wyjmij go z maszyny.<\/p>\n<h2>Instalacja<\/h2>\n<p>Zamontuj nowy cylinder ramienia, post\u0119puj\u0105c zgodnie z instrukcjami producenta.<\/p>\n<h2>Testowanie<\/h2>\n<p>Sprawd\u017a, czy nowy cylinder ramienia dzia\u0142a prawid\u0142owo i czy nie ma w nim wyciek\u00f3w.<\/p>\n<p>Bezpiecze\u0144stwo i wzgl\u0119dy \u015brodowiskowe<br \/>\nCylindry ramieniowe wymagaj\u0105 specjalnych \u015brodk\u00f3w bezpiecze\u0144stwa, aby zapobiec wypadkom podczas pracy. \u015arodki bezpiecze\u0144stwa obejmuj\u0105:<\/p>\n<h2>W\u0142a\u015bciwe szkolenie<\/h2>\n<p>Odpowiednie szkolenie operator\u00f3w maj\u0105ce na celu zapewnienie, \u017ce rozumiej\u0105 oni zasady dzia\u0142ania sprz\u0119tu i jego bezpiecznej obs\u0142ugi.<\/p>\n<h2>Regularna konserwacja<\/h2>\n<p>Regularne kontrole konserwacyjne zapewniaj\u0105 optymaln\u0105 prac\u0119 cylindra i zapobiegaj\u0105 wypadkom.<\/p>\n<h2>Ochrona \u015brodowiska<\/h2>\n<p>Prawid\u0142owa utylizacja oleju hydraulicznego i innych materia\u0142\u00f3w niebezpiecznych wykorzystywanych w eksploatacji cylindr\u00f3w ramienia ma na celu ochron\u0119 \u015brodowiska.<\/p>\n<p>Diagnostyka usterek i typowe problemy<br \/>\nSi\u0142owniki ramienia mog\u0105 mie\u0107 kilka typowych problem\u00f3w, w tym nieszczelno\u015bci, uszkodzenia i zu\u017cycie. Aby zdiagnozowa\u0107 i rozwi\u0105za\u0107 te problemy, post\u0119puj zgodnie z poni\u017cszymi wskaz\u00f3wkami:<\/p>\n<h2>Przeciek<\/h2>\n<p>Wyciek mo\u017ce wyst\u0105pi\u0107 z powodu zu\u017cytych uszczelek. Wymie\u0144 uszczelki, aby rozwi\u0105za\u0107 problem.<\/p>\n<h2>Szkoda<\/h2>\n<p>Uszkodzenia mog\u0105 wyst\u0105pi\u0107 z powodu niew\u0142a\u015bciwej obs\u0142ugi lub czynnik\u00f3w zewn\u0119trznych. Sprawd\u017a cylinder i wymie\u0144 uszkodzone cz\u0119\u015bci.<\/p>\n<h2>Nosi\u0107<\/h2>\n<p>D\u0142ugotrwa\u0142e u\u017cytkowanie mo\u017ce prowadzi\u0107 do zu\u017cycia. Regularna konserwacja i wymiana zu\u017cytych cz\u0119\u015bci mo\u017ce temu zapobiec.<\/p>\n<p><img loading=\"lazy\" decoding=\"async\" src=\"https:\/\/www.hydraulic-cylinders.net\/wp-content\/uploads\/2025\/01\/songte-bushings-with-all-kinds-of-excavator-models.webp\" alt=\"Tuleje\" width=\"400\" height=\"267\"><\/p>\n<p>Rozwi\u0105zywanie problem\u00f3w i zapobieganie<br \/>\nAby zapobiec cz\u0119stym problemom, nale\u017cy podj\u0105\u0107 nast\u0119puj\u0105ce \u015brodki ostro\u017cno\u015bci:<\/p>\n<h2>Regularne kontrole konserwacyjne<\/h2>\n<p>Regularne kontrole konserwacyjne zapobiegaj\u0105ce zu\u017cyciu i uszkodzeniom.<\/p>\n<h2>W\u0142a\u015bciwe szkolenie<\/h2>\n<p>W\u0142a\u015bciwe szkolenie operator\u00f3w zapewniaj\u0105ce optymaln\u0105 obs\u0142ug\u0119 maszyn.<\/p>\n<h2>Odpowiednie smarowanie<\/h2>\n<p>W\u0142a\u015bciwe smarowanie zapobiega zu\u017cyciu i wyd\u0142u\u017ca \u017cywotno\u015b\u0107 cylindra.<\/p>\n<h2>Wymiana zu\u017cytych cz\u0119\u015bci<\/h2>\n<p>Wymiana zu\u017cytych cz\u0119\u015bci w celu zapewnienia wydajnej pracy cylindra.<\/p>\n<p>Wniosek<br \/>\nJeste\u015bmy profesjonalnym producentem zamiennych cylindr\u00f3w hydraulicznych, oferuj\u0105cym szerok\u0105 gam\u0119 produkt\u00f3w, co czyni nas jednym z wiod\u0105cych producent\u00f3w i dystrybutor\u00f3w hurtowych cylindr\u00f3w hydraulicznych na \u015bwiecie. Kierujemy si\u0119 zasad\u0105 doskona\u0142o\u015bci jako\u015bci i stale podnosimy nasze mo\u017cliwo\u015bci techniczne oraz wydajno\u015b\u0107 produkcji. Wprowadzaj\u0105c wysokiej klasy cyfrowy sprz\u0119t produkcyjny i profesjonalne systemy testowe, optymalizujemy nasz\u0105 platform\u0119 produkcyjn\u0105 i usprawniamy proces kontroli jako\u015bci produkt\u00f3w. Naszym celem jest zaspokajanie zr\u00f3\u017cnicowanych potrzeb klient\u00f3w w oparciu o zasady wysokiej wydajno\u015bci, precyzji i jako\u015bci.<\/p>\n<p><img loading=\"lazy\" decoding=\"async\" src=\"https:\/\/www.hydraulic-cylinders.net\/wp-content\/uploads\/2025\/01\/songte-company-4.webp\" alt=\"Firma\" width=\"400\" height=\"267\"><\/p>\n<p>Jeste\u015bmy firm\u0105 ceni\u0105c\u0105 sobie profesjonalizm, mi\u0119dzynarodowe certyfikaty, us\u0142ugi dostosowane do indywidualnych potrzeb, sprz\u0119t produkcyjny i serwis posprzeda\u017cowy. <\/p>\n<p><img loading=\"lazy\" decoding=\"async\" src=\"https:\/\/www.hydraulic-cylinders.net\/wp-content\/uploads\/2025\/01\/songte-company-3.webp\" alt=\"Fabryka\" width=\"400\" height=\"267\"><\/p>\n<p>Autor: lyl<\/p>","protected":false},"excerpt":{"rendered":"<p>Arm Cylinder for JCM Middle Excavator JCM921F Introduction Arm cylinder is a specially designed hydraulic cylinder used to provide linear motion and power to the arms of various types of machinery such as excavators, cranes, and mechanical arms. The arm cylinder plays a key role in the hydraulic system, enabling the effective movement and control [&hellip;]<\/p>","protected":false},"featured_media":14766,"comment_status":"open","ping_status":"closed","template":"","meta":{"_et_pb_use_builder":"","_et_pb_old_content":"","_et_gb_content_width":""},"product_brand":[],"product_cat":[1497],"product_tag":[1498,1496],"class_list":{"0":"post-16553","1":"product","2":"type-product","3":"status-publish","4":"has-post-thumbnail","6":"product_cat-arm-cylinders","7":"product_tag-arm-cylinders","8":"product_tag-hydraulic-cylinders","10":"first","11":"instock","12":"shipping-taxable","13":"product-type-simple"},"amp_enabled":true,"_links":{"self":[{"href":"https:\/\/www.hydraulic-cylinders.net\/pl\/wp-json\/wp\/v2\/product\/16553","targetHints":{"allow":["GET"]}}],"collection":[{"href":"https:\/\/www.hydraulic-cylinders.net\/pl\/wp-json\/wp\/v2\/product"}],"about":[{"href":"https:\/\/www.hydraulic-cylinders.net\/pl\/wp-json\/wp\/v2\/types\/product"}],"replies":[{"embeddable":true,"href":"https:\/\/www.hydraulic-cylinders.net\/pl\/wp-json\/wp\/v2\/comments?post=16553"}],"wp:featuredmedia":[{"embeddable":true,"href":"https:\/\/www.hydraulic-cylinders.net\/pl\/wp-json\/wp\/v2\/media\/14766"}],"wp:attachment":[{"href":"https:\/\/www.hydraulic-cylinders.net\/pl\/wp-json\/wp\/v2\/media?parent=16553"}],"wp:term":[{"taxonomy":"product_brand","embeddable":true,"href":"https:\/\/www.hydraulic-cylinders.net\/pl\/wp-json\/wp\/v2\/product_brand?post=16553"},{"taxonomy":"product_cat","embeddable":true,"href":"https:\/\/www.hydraulic-cylinders.net\/pl\/wp-json\/wp\/v2\/product_cat?post=16553"},{"taxonomy":"product_tag","embeddable":true,"href":"https:\/\/www.hydraulic-cylinders.net\/pl\/wp-json\/wp\/v2\/product_tag?post=16553"}],"curies":[{"name":"wp","href":"https:\/\/api.w.org\/{rel}","templated":true}]}}