{"id":16559,"date":"2025-01-21T05:33:53","date_gmt":"2025-01-21T05:33:53","guid":{"rendered":"https:\/\/www.hydraulic-cylinders.net\/product\/arm-cylinder-for-liebherr-middle-excavator-r934\/"},"modified":"2025-01-21T05:33:55","modified_gmt":"2025-01-21T05:33:55","slug":"arm-cylinder-for-liebherr-middle-excavator-r934","status":"publish","type":"product","link":"https:\/\/www.hydraulic-cylinders.net\/pl\/produkt\/arm-cylinder-for-liebherr-middle-excavator-r934\/","title":{"rendered":"Si\u0142ownik ramienia do koparki \u015brodkowej Liebherr R934"},"content":{"rendered":"<h2>Si\u0142ownik ramienia do koparki \u015brodkowej Liebherr R934<\/h2>\n<p>Wst\u0119p:<\/p>\n<h3>Definicja cylindra ramienia:<\/h3>\n<p>Si\u0142ownik ramienia to specjalnie zaprojektowany si\u0142ownik hydrauliczny, kt\u00f3ry zapewnia ruch liniowy i zasilanie ramienia r\u00f3\u017cnych maszyn, takich jak koparki, d\u017awigi i ramiona robot\u00f3w. Si\u0142ownik ramienia odgrywa kluczow\u0105 rol\u0119 w uk\u0142adach hydraulicznych, umo\u017cliwiaj\u0105c wydajny ruch i sterowanie dodatkowymi narz\u0119dziami lub osprz\u0119tem. Si\u0142owniki te nie tylko zapewniaj\u0105 p\u0142ynny ruch, ale tak\u017ce wytrzymuj\u0105 du\u017ce obci\u0105\u017cenia, gwarantuj\u0105c wysok\u0105 wydajno\u015b\u0107 i niezawodno\u015b\u0107 maszyn w r\u00f3\u017cnych warunkach pracy.<\/p>\n<p><img decoding=\"async\" src=\"https:\/\/www.hydraulic-cylinders.net\/wp-content\/uploads\/2025\/01\/songte-company-2.webp\"><\/p>\n<h3>Cechy cylindra ramienia:<\/h3>\n<ul>\n<li><strong>Wysoka wydajno\u015b\u0107 transmisji:<\/strong> Cylinder ramienia zapewnia mocny ruch liniowy i si\u0142\u0119, gwarantuj\u0105c wysok\u0105 wydajno\u015b\u0107 ramienia robota w r\u00f3\u017cnych operacjach.<\/li>\n<li><strong>Precyzyjna kontrola:<\/strong> Dzi\u0119ki uk\u0142adowi hydraulicznemu si\u0142ownik ramienia umo\u017cliwia precyzyjn\u0105 kontrol\u0119 ruchu, co sprawia, \u017ce \u200b\u200bobs\u0142uga dodatkowych narz\u0119dzi jest bardziej elastyczna i dok\u0142adna.<\/li>\n<li><strong>Trwa\u0142o\u015b\u0107:<\/strong> Cylindry ramienia s\u0105 zazwyczaj produkowane z materia\u0142\u00f3w o wysokiej wytrzyma\u0142o\u015bci, zapewniaj\u0105cych doskona\u0142\u0105 odporno\u015b\u0107 na zu\u017cycie i korozj\u0119, dzi\u0119ki czemu nadaj\u0105 si\u0119 do d\u0142ugotrwa\u0142ego u\u017cytkowania w trudnych warunkach.<\/li>\n<li><strong>Wielofunkcyjna adaptowalno\u015b\u0107:<\/strong> Cylindry te maj\u0105 szerokie zastosowanie w r\u00f3\u017cnych maszynach, takich jak koparki, d\u017awigi i ramiona robotyczne, kt\u00f3re odpowiadaj\u0105 r\u00f3\u017cnorodnym wymaganiom roboczym.<\/li>\n<li><strong>\u0141atwo\u015b\u0107 konserwacji:<\/strong> Zaprojektowane z my\u015bl\u0105 o \u0142atwo\u015bci konserwacji i wymiany, cylindry ramion u\u0142atwiaj\u0105 okresowe kontrole i konserwacj\u0119, redukuj\u0105c przestoje sprz\u0119tu.<\/li>\n<\/ul>\n<p><img decoding=\"async\" src=\"https:\/\/www.hydraulic-cylinders.net\/wp-content\/uploads\/2025\/01\/songte-oil-pipes-and-spare-parts.webp\"><\/p>\n<h3>Zastosowania cylindra ramienia:<\/h3>\n<p>1. In\u017cynieria budowlana:<\/p>\n<p>W koparkach i d\u017awigach si\u0142ownik ramienia steruje ruchem \u0142y\u017cki lub wysi\u0119gnika, u\u0142atwiaj\u0105c prace ziemne, przenoszenie materia\u0142\u00f3w i monta\u017c konstrukcji.<\/p>\n<p>2. Przemys\u0142 wytw\u00f3rczy:<\/p>\n<p>W zautomatyzowanych liniach produkcyjnych si\u0142ownik ramienia jest wykorzystywany do poruszania ramionami robota, umo\u017cliwiaj\u0105c monta\u017c, spawanie i obs\u0142ug\u0119 materia\u0142\u00f3w, zwi\u0119kszaj\u0105c w ten spos\u00f3b wydajno\u015b\u0107 i dok\u0142adno\u015b\u0107 produkcji.<\/p>\n<p>3. Maszyny rolnicze:<\/p>\n<p>W sprz\u0119cie rolniczym, takim jak kombajny i siewniki, si\u0142ownik ramienia steruje ruchem ramion roboczych, wykonuj\u0105cych zadania takie jak siew, nawo\u017cenie i zbi\u00f3r.<\/p>\n<p>4. G\u00f3rnictwo:<\/p>\n<p>W sprz\u0119cie g\u00f3rniczym si\u0142ownik ramienia steruje ruchem ramienia maszyny g\u00f3rniczej, u\u0142atwiaj\u0105c wydobycie i transport rudy.<\/p>\n<p>5. Logistyka i transport:<\/p>\n<p>W w\u00f3zkach wid\u0142owych i robotach prze\u0142adunkowych si\u0142ownik ramienia s\u0142u\u017cy do sterowania podnoszeniem i ruchem wide\u0142, umo\u017cliwiaj\u0105c przenoszenie i uk\u0142adanie materia\u0142\u00f3w.<\/p>\n<h3>Zagadnienia projektowe i kryteria wyboru:<\/h3>\n<p>Kluczowe punkty:<\/p>\n<ol>\n<li><strong>No\u015bno\u015b\u0107:<\/strong> Cylinder ramienia powinien by\u0107 zaprojektowany tak, aby wytrzyma\u0142 obci\u0105\u017cenie wymagane dla danego zastosowania.<\/li>\n<li><strong>Opiecz\u0119towanie:<\/strong> Stosowane s\u0105 r\u00f3\u017cne elementy uszczelniaj\u0105ce, takie jak uszczelnienia t\u0142ok\u00f3w i t\u0142oczysk, wykonane z materia\u0142\u00f3w odpornych na zu\u017cycie, takich jak poliuretan i kauczuk nitrylowy. Korpus cylindra i gwintowane powierzchnie ko\u0144cowe poddawane s\u0105 precyzyjnej obr\u00f3bce w celu zwi\u0119kszenia odporno\u015bci na zu\u017cycie.<\/li>\n<li><strong>Trwa\u0142o\u015b\u0107:<\/strong> Cylinder ramienia powinien by\u0107 zaprojektowany w taki spos\u00f3b, aby wytrzyma\u0107 warunki pracy i czynniki \u015brodowiskowe, na kt\u00f3re b\u0119dzie nara\u017cony.<\/li>\n<li><strong>Bezpiecze\u0144stwo:<\/strong> Aby zagwarantowa\u0107 prawid\u0142owe dzia\u0142anie cylindra ramienia i zapobiec wypadkom, konstrukcja musi uwzgl\u0119dnia\u0107 funkcje bezpiecze\u0144stwa.<\/li>\n<li><strong>Utrzymywalno\u015b\u0107:<\/strong> Projekt powinien uwzgl\u0119dnia\u0107 \u0142atwo\u015b\u0107 konserwacji i napraw, umo\u017cliwiaj\u0105c wygodn\u0105 kontrol\u0119 i ograniczaj\u0105c przestoje.<\/li>\n<\/ol>\n<p><img decoding=\"async\" src=\"https:\/\/www.hydraulic-cylinders.net\/wp-content\/uploads\/2025\/01\/songte-cylinder-head-with-all-kinds-excavator-models.webp\"><\/p>\n<h3>Uszczelnianie i smarowanie:<\/h3>\n<p>Aby zapewni\u0107 w\u0142a\u015bciwe uszczelnienie i smarowanie:<\/p>\n<ul>\n<li>W celu zapobiegania przeciekom i utrzymania optymalnej wydajno\u015bci stosuje si\u0119 r\u00f3\u017cne elementy uszczelniaj\u0105ce, takie jak uszczelki t\u0142okowe i uszczelki t\u0142oczyskowe.<\/li>\n<li>Do produkcji element\u00f3w uszczelniaj\u0105cych wybiera si\u0119 trwa\u0142e materia\u0142y, takie jak poliuretan i guma nitrylowa ze wzgl\u0119du na ich doskona\u0142\u0105 odporno\u015b\u0107 na zu\u017cycie.<\/li>\n<li>Korpus cylindra i gwintowane powierzchnie ko\u0144cowe poddawane s\u0105 precyzyjnej obr\u00f3bce w celu zwi\u0119kszenia odporno\u015bci na zu\u017cycie.<\/li>\n<li>Aby zapewni\u0107 p\u0142ynn\u0105 prac\u0119 i d\u0142ug\u0105 \u017cywotno\u015b\u0107 si\u0142ownika ramienia, konieczne jest regularne smarowanie odpowiednim olejem hydraulicznym.<\/li>\n<\/ul>\n<h3>Regularne kontrole i \u015brodki konserwacji zapobiegawczej:<\/h3>\n<p>Do \u015brodk\u00f3w zapobiegawczych konserwacyjnych cylindra ramienia nale\u017c\u0105:<\/p>\n<ul>\n<li>Regularna kontrola stanu cylindra, uszczelek i innych podzespo\u0142\u00f3w.<\/li>\n<li>Sprawdzenie, czy nie ma \u015blad\u00f3w wyciek\u00f3w lub uszkodze\u0144.<\/li>\n<li>Szybka wymiana zu\u017cytych uszczelek i podzespo\u0142\u00f3w w celu zapobiegania dalszym uszkodzeniom.<\/li>\n<li>Czyszczenie i smarowanie cylindra zgodnie z zaleceniami producenta.<\/li>\n<\/ul>\n<h3>Instrukcja instalacji produktu:<\/h3>\n<p>Prawid\u0142owy monta\u017c cylindra ramienia obejmuje nast\u0119puj\u0105ce kroki:<\/p>\n<ol>\n<li>Przygotuj miejsce monta\u017cu na maszynie.<\/li>\n<li>Sprawd\u017a, czy wszystkie po\u0142\u0105czenia i osprz\u0119t s\u0105 bezpieczne.<\/li>\n<li>Wyr\u00f3wnaj cylinder ramienia z punktami mocowania i przymocuj go solidnie.<\/li>\n<li>Dokr\u0119\u0107 wszystkie \u015bruby i elementy zgodnie z zalecanymi parametrami momentu obrotowego.<\/li>\n<li>Przed rozpocz\u0119ciem regularnego u\u017cytkowania nale\u017cy sprawdzi\u0107, czy si\u0142ownik ramienia dzia\u0142a prawid\u0142owo.<\/li>\n<\/ol>\n<p><img decoding=\"async\" src=\"https:\/\/www.hydraulic-cylinders.net\/wp-content\/uploads\/2025\/01\/songte-bushings-with-all-kinds-of-excavator-models.webp\"><\/p>\n<h3>Zagadnienia bezpiecze\u0144stwa i czynniki \u015brodowiskowe:<\/h3>\n<p>Podczas pracy z cylindrem ramienia, \u015brodki bezpiecze\u0144stwa s\u0105 niezwykle wa\u017cne. Nale\u017cy przestrzega\u0107 odpowiednich \u015brodk\u00f3w ostro\u017cno\u015bci, aby zapobiec wypadkom i urazom. Dodatkowo, aby zapewni\u0107 optymaln\u0105 wydajno\u015b\u0107 i trwa\u0142o\u015b\u0107 cylindra ramienia, nale\u017cy uwzgl\u0119dni\u0107 czynniki \u015brodowiskowe, takie jak temperatura i nara\u017cenie na zanieczyszczenia.<\/p>\n<h3>Rozwi\u0105zywanie problem\u00f3w i typowe problemy:<\/h3>\n<p>Do typowych problem\u00f3w, kt\u00f3re mog\u0105 wyst\u0105pi\u0107 w przypadku cylindra ramienia, nale\u017c\u0105:<\/p>\n<ul>\n<li>Wyciek p\u0142ynu hydraulicznego.<\/li>\n<li>Utrata si\u0142y lub wydajno\u015bci ruch\u00f3w ramienia.<\/li>\n<li>Nadmierny ha\u0142as lub wibracje podczas pracy.<\/li>\n<li>Nieregularne lub szarpane ruchy ramienia.<\/li>\n<\/ul>\n<p>Podczas rozwi\u0105zywania tych problem\u00f3w:<\/p>\n<ul>\n<li>Sprawd\u017a, czy nie ma widocznych przeciek\u00f3w lub uszkodzonych uszczelek.<\/li>\n<li>Sprawd\u017a uk\u0142ad hydrauliczny pod k\u0105tem prawid\u0142owego ci\u015bnienia i poziomu p\u0142yn\u00f3w.<\/li>\n<li>Sprawd\u017a, czy wszystkie po\u0142\u0105czenia i osprz\u0119t s\u0105 bezpieczne.<\/li>\n<li>W razie konieczno\u015bci nale\u017cy zapozna\u0107 si\u0119 z wytycznymi producenta lub zwr\u00f3ci\u0107 si\u0119 o pomoc do specjalisty w celu dalszej diagnozy i rozwi\u0105zania problemu.<\/li>\n<\/ul>\n<p><img decoding=\"async\" src=\"https:\/\/www.hydraulic-cylinders.net\/wp-content\/uploads\/2025\/01\/songte-chushion-collar.webp\"><\/p>\n<p>Pami\u0119taj, aby artyku\u0142 by\u0142 logicznie uporz\u0105dkowany, u\u017cywaj podtytu\u0142\u00f3w u\u0142atwiaj\u0105cych nawigacj\u0119, dodawaj odpowiednie obrazy i wykresy, aby u\u0142atwi\u0107 zrozumienie, a tak\u017ce zadbaj o to, aby tre\u015b\u0107 by\u0142a przejrzysta, zwi\u0119z\u0142a i odpowiednia dla czytelnik\u00f3w o r\u00f3\u017cnym poziomie wiedzy technicznej.<\/p>\n<p>Autor: lyl<\/p>\n<h3>O nas<\/h3>\n<p>Jeste\u015bmy profesjonalnym producentem zamiennych cylindr\u00f3w hydraulicznych, oferuj\u0105cym szerok\u0105 gam\u0119 produkt\u00f3w. Stali\u015bmy si\u0119 jednym z wiod\u0105cych producent\u00f3w i hurtowych dystrybutor\u00f3w cylindr\u00f3w hydraulicznych na rynku krajowym i mi\u0119dzynarodowym. Kieruj\u0105c si\u0119 zasad\u0105 doskona\u0142o\u015bci, stale podnosimy poziom technologiczny i wydajno\u015b\u0107 produkcji dzi\u0119ki strategii industrialnego zarz\u0105dzania produkcj\u0105 w naszym zaawansowanym warsztacie produkcyjnym. Wprowadzaj\u0105c zaawansowany sprz\u0119t do produkcji cyfrowej i profesjonalne systemy testowania, optymalizujemy nasz\u0105 platform\u0119 produkcyjn\u0105, usprawniamy procesy kontroli jako\u015bci produkt\u00f3w i dysponujemy silnym potencja\u0142em innowacyjnym. Naszym celem jest zaspokajanie zr\u00f3\u017cnicowanych potrzeb klient\u00f3w poprzez wydajno\u015b\u0107, precyzj\u0119 i wysok\u0105 jako\u015b\u0107.<\/p>\n<p><img decoding=\"async\" src=\"https:\/\/www.hydraulic-cylinders.net\/wp-content\/uploads\/2025\/01\/songte-company-4.webp\"><br \/>\n<img decoding=\"async\" src=\"https:\/\/www.hydraulic-cylinders.net\/wp-content\/uploads\/2025\/01\/songte-company-3.webp\"><\/p>","protected":false},"excerpt":{"rendered":"<p>Arm Cylinder For Liebherr Middle Excavator R934 Introduction: Definition of Arm Cylinder: The arm cylinder is a specially designed hydraulic cylinder that provides linear motion and power to the arm of various machinery, such as excavators, cranes, and robotic arms. The arm cylinder plays a crucial role in hydraulic systems, enabling the efficient movement and [&hellip;]<\/p>","protected":false},"featured_media":14777,"comment_status":"open","ping_status":"closed","template":"","meta":{"_et_pb_use_builder":"","_et_pb_old_content":"","_et_gb_content_width":""},"product_brand":[],"product_cat":[1497],"product_tag":[1498,1496],"class_list":{"0":"post-16559","1":"product","2":"type-product","3":"status-publish","4":"has-post-thumbnail","6":"product_cat-arm-cylinders","7":"product_tag-arm-cylinders","8":"product_tag-hydraulic-cylinders","10":"first","11":"instock","12":"shipping-taxable","13":"product-type-simple"},"amp_enabled":true,"_links":{"self":[{"href":"https:\/\/www.hydraulic-cylinders.net\/pl\/wp-json\/wp\/v2\/product\/16559","targetHints":{"allow":["GET"]}}],"collection":[{"href":"https:\/\/www.hydraulic-cylinders.net\/pl\/wp-json\/wp\/v2\/product"}],"about":[{"href":"https:\/\/www.hydraulic-cylinders.net\/pl\/wp-json\/wp\/v2\/types\/product"}],"replies":[{"embeddable":true,"href":"https:\/\/www.hydraulic-cylinders.net\/pl\/wp-json\/wp\/v2\/comments?post=16559"}],"wp:featuredmedia":[{"embeddable":true,"href":"https:\/\/www.hydraulic-cylinders.net\/pl\/wp-json\/wp\/v2\/media\/14777"}],"wp:attachment":[{"href":"https:\/\/www.hydraulic-cylinders.net\/pl\/wp-json\/wp\/v2\/media?parent=16559"}],"wp:term":[{"taxonomy":"product_brand","embeddable":true,"href":"https:\/\/www.hydraulic-cylinders.net\/pl\/wp-json\/wp\/v2\/product_brand?post=16559"},{"taxonomy":"product_cat","embeddable":true,"href":"https:\/\/www.hydraulic-cylinders.net\/pl\/wp-json\/wp\/v2\/product_cat?post=16559"},{"taxonomy":"product_tag","embeddable":true,"href":"https:\/\/www.hydraulic-cylinders.net\/pl\/wp-json\/wp\/v2\/product_tag?post=16559"}],"curies":[{"name":"wp","href":"https:\/\/api.w.org\/{rel}","templated":true}]}}