{"id":16569,"date":"2025-01-21T05:34:36","date_gmt":"2025-01-21T05:34:36","guid":{"rendered":"https:\/\/www.hydraulic-cylinders.net\/product\/arm-cylinder-for-liebherr-large-excavator-r954c\/"},"modified":"2025-01-21T05:34:38","modified_gmt":"2025-01-21T05:34:38","slug":"arm-cylinder-for-liebherr-large-excavator-r954c","status":"publish","type":"product","link":"https:\/\/www.hydraulic-cylinders.net\/pl\/produkt\/arm-cylinder-for-liebherr-large-excavator-r954c\/","title":{"rendered":"Si\u0142ownik ramienia do du\u017cej koparki Liebherr R954C"},"content":{"rendered":"<h1>Si\u0142ownik ramienia do du\u017cej koparki Liebherr R954C<\/h1>\n<h2>Wst\u0119p<\/h2>\n<p>Si\u0142ownik ramienia to specjalnie zaprojektowany si\u0142ownik hydrauliczny, kt\u00f3ry s\u0142u\u017cy g\u0142\u00f3wnie do zapewnienia ruchu liniowego i zasilania ramion r\u00f3\u017cnego rodzaju maszyn, takich jak koparki, d\u017awigi i ramiona robot\u00f3w. Si\u0142ownik ramienia odgrywa kluczow\u0105 rol\u0119 w uk\u0142adach hydraulicznych, umo\u017cliwiaj\u0105c efektywny ruch i sterowanie osprz\u0119tem lub narz\u0119dziami. Si\u0142owniki te nie tylko zapewniaj\u0105 p\u0142ynny ruch, ale tak\u017ce wytrzymuj\u0105 du\u017ce obci\u0105\u017cenia, gwarantuj\u0105c wydajn\u0105 prac\u0119 i niezawodno\u015b\u0107 maszyn w r\u00f3\u017cnych warunkach pracy.<\/p>\n<p><img decoding=\"async\" src=\"https:\/\/www.hydraulic-cylinders.net\/wp-content\/uploads\/2025\/01\/songte-company-2.webp\"><\/p>\n<h2>Cechy<\/h2>\n<ul>\n<li>Wydajne przenoszenie mocy: Cylindry ramion zapewniaj\u0105 mocny ruch liniowy i si\u0142\u0119, gwarantuj\u0105c wysok\u0105 wydajno\u015b\u0107 ramion maszyn w r\u00f3\u017cnych operacjach.<\/li>\n<li>Precyzyjna kontrola: Dzi\u0119ki uk\u0142adom hydraulicznym si\u0142owniki ramion mog\u0105 uzyska\u0107 precyzyjn\u0105 kontrol\u0119 ruchu, co sprawia, \u017ce \u200b\u200bpraca narz\u0119dziami jest bardziej elastyczna i dok\u0142adna.<\/li>\n<li>Wysoka trwa\u0142o\u015b\u0107: Cylindry ramienia s\u0105 zazwyczaj wykonane z materia\u0142\u00f3w o wysokiej wytrzyma\u0142o\u015bci, z dobr\u0105 odporno\u015bci\u0105 na zu\u017cycie i korozj\u0119, odpowiednich do d\u0142ugotrwa\u0142ego u\u017cytkowania w trudnych warunkach.<\/li>\n<li>Wielofunkcyjna mo\u017cliwo\u015b\u0107 adaptacji: Te cylindry mo\u017cna szeroko stosowa\u0107 w r\u00f3\u017cnych typach maszyn, takich jak koparki, d\u017awigi i ramiona robotyczne, aby dostosowa\u0107 je do r\u00f3\u017cnych wymaga\u0144 roboczych.<\/li>\n<li>\u0141atwa konserwacja: Zaprojektowane z my\u015bl\u0105 o \u0142atwej konserwacji i wymianie, regularne kontrole i konserwacje s\u0105 wygodniejsze, co skraca przestoje sprz\u0119tu.<\/li>\n<\/ul>\n<p>Nasze produkty mog\u0105 doskonale zast\u0105pi\u0107 te si\u0142owniki hydrauliczne.<\/p>\n<p><img decoding=\"async\" src=\"https:\/\/www.hydraulic-cylinders.net\/wp-content\/uploads\/2025\/01\/songte-oil-pipes-and-spare-parts.webp\"><\/p>\n<h2>Aplikacje<\/h2>\n<p>Cylindry ramieniowe s\u0105 wykorzystywane w wielu ga\u0142\u0119ziach przemys\u0142u i zastosowaniach, w tym:<\/p>\n<ul>\n<li>Budownictwo: W koparkach i d\u017awigach si\u0142owniki ramieniowe s\u0142u\u017c\u0105 do sterowania ruchem \u0142y\u017cek lub wysi\u0119gnik\u00f3w podczas rob\u00f3t ziemnych, przenoszenia materia\u0142\u00f3w i instalacji konstrukcyjnych.<\/li>\n<li>Produkcja: W zautomatyzowanych liniach produkcyjnych cylindry ramieniowe s\u0142u\u017c\u0105 do poruszania ramionami robot\u00f3w w procesach takich jak monta\u017c, spawanie i obs\u0142uga materia\u0142\u00f3w, co zwi\u0119ksza wydajno\u015b\u0107 i dok\u0142adno\u015b\u0107 produkcji.<\/li>\n<li>Maszyny rolnicze: W maszynach rolniczych, takich jak kombajny i siewniki, si\u0142owniki ramion steruj\u0105 ruchem ramion roboczych, wykonuj\u0105cych zadania takie jak sadzenie, nawo\u017cenie i zbi\u00f3r.<\/li>\n<li>G\u00f3rnictwo: W sprz\u0119cie g\u00f3rniczym cylindry ramionowe s\u0142u\u017c\u0105 do sterowania ruchem ramion sprz\u0119tu g\u00f3rniczego podczas wydobywania i transportu rudy.<\/li>\n<li>Logistyka i transport: W w\u00f3zkach wid\u0142owych i robotach prze\u0142adunkowych si\u0142owniki ramion steruj\u0105 podnoszeniem i ruchem wide\u0142, umo\u017cliwiaj\u0105c przenoszenie i uk\u0142adanie materia\u0142\u00f3w.<\/li>\n<\/ul>\n<h2>Zagadnienia projektowe i kryteria wyboru<\/h2>\n<p>Przy wyborze si\u0142ownik\u00f3w ramienia do maszyn nale\u017cy wzi\u0105\u0107 pod uwag\u0119 szereg kwestii projektowych i kryteri\u00f3w wyboru, w tym:<\/p>\n<h3>No\u015bno\u015b\u0107<\/h3>\n<p>Si\u0142ownik powinien wytrzyma\u0107 maksymalne obci\u0105\u017cenie, jakiemu mo\u017ce by\u0107 poddawany w trakcie normalnej pracy, zapewniaj\u0105c bezpieczn\u0105 i stabiln\u0105 prac\u0119 maszyny.<\/p>\n<h3>Opiecz\u0119towanie<\/h3>\n<p>Si\u0142ownik ramienia powinien by\u0107 niezawodnie uszczelniony, aby zapobiec wyciekom oleju hydraulicznego, kt\u00f3re mog\u0105 uszkodzi\u0107 maszyn\u0119 i zanieczyszcza\u0107 \u015brodowisko. R\u00f3\u017cne elementy uszczelniaj\u0105ce, takie jak uszczelnienia t\u0142oka i t\u0142oczyska, wykonane z materia\u0142\u00f3w odpornych na zu\u017cycie, takich jak poliuretan i kauczuk nitrylowy, zapewniaj\u0105 skuteczne uszczelnienie si\u0142ownika.<\/p>\n<h3>Trwa\u0142o\u015b\u0107<\/h3>\n<p>Cylinder ramienia powinien by\u0107 wykonany z materia\u0142\u00f3w o wysokiej wytrzyma\u0142o\u015bci, charakteryzuj\u0105cych si\u0119 doskona\u0142\u0105 odporno\u015bci\u0105 na zu\u017cycie, odporno\u015bci\u0105 na korozj\u0119 i trwa\u0142o\u015bci\u0105, dzi\u0119ki czemu nadaje si\u0119 do d\u0142ugotrwa\u0142ego u\u017cytkowania w trudnych warunkach.<\/p>\n<h3>Bezpiecze\u0144stwo<\/h3>\n<p>Cylinder powinien by\u0107 wyposa\u017cony w mechanizm bezpiecze\u0144stwa zapobiegaj\u0105cy przeci\u0105\u017ceniu lub uszkodzeniu na skutek warunk\u00f3w nietypowych, zmniejszaj\u0105c tym samym ryzyko obra\u017ce\u0144 operator\u00f3w i uszkodzenia maszyn.<\/p>\n<h3>Konserwacja<\/h3>\n<p>Cylinder powinien by\u0107 zaprojektowany w spos\u00f3b umo\u017cliwiaj\u0105cy \u0142atw\u0105 konserwacj\u0119 i wymian\u0119 podzespo\u0142\u00f3w, co zmniejszy przestoje i koszty konserwacji.<\/p>\n<p><img decoding=\"async\" src=\"https:\/\/www.hydraulic-cylinders.net\/wp-content\/uploads\/2025\/01\/songte-cylinder-head-with-all-kinds-excavator-models.webp\"><\/p>\n<h2>Uszczelnianie i smarowanie<\/h2>\n<p>Aby zapewni\u0107 szczelno\u015b\u0107 si\u0142ownik\u00f3w ramienia, stosuje si\u0119 r\u00f3\u017cne elementy uszczelniaj\u0105ce, takie jak uszczelnienia t\u0142oka i t\u0142oczyska, wykonane z materia\u0142\u00f3w odpornych na zu\u017cycie, takich jak poliuretan i kauczuk nitrylowy. Korpus si\u0142ownika i powierzchnia gwintu s\u0105 precyzyjnie obrabiane w celu zwi\u0119kszenia odporno\u015bci na zu\u017cycie. Regularne wtryskiwanie odpowiedniej ilo\u015bci oleju hydraulicznego zapewnia smarowanie i ch\u0142odzenie si\u0142ownika.<\/p>\n<h2>Inspekcja i konserwacja zapobiegawcza<\/h2>\n<p>Regularne przegl\u0105dy i konserwacja zapobiegawcza s\u0105 wa\u017cne dla zapewnienia wydajno\u015bci i bezpiecze\u0144stwa si\u0142ownik\u00f3w ramienia. Nale\u017cy podj\u0105\u0107 nast\u0119puj\u0105ce \u015brodki:<\/p>\n<ul>\n<li>Nale\u017cy regularnie sprawdza\u0107 szczelno\u015b\u0107 cylindra i na czas wymienia\u0107 zu\u017cyte uszczelki.<\/li>\n<li>Wyczy\u015b\u0107 powierzchni\u0119 cylindra i usu\u0144 zanieczyszczenia, aby zapobiec uszkodzeniu cylindra.<\/li>\n<li>Sprawd\u017a no\u015bno\u015b\u0107 cylindra i wymie\u0144 go w odpowiednim czasie, je\u015bli istnieje ryzyko przeci\u0105\u017cenia.<\/li>\n<li>Sprawd\u017a mechanizm zabezpieczaj\u0105cy cylindra i wymie\u0144 go, je\u015bli jest uszkodzony lub dzia\u0142a nieprawid\u0142owo.<\/li>\n<\/ul>\n<p><img decoding=\"async\" src=\"https:\/\/www.hydraulic-cylinders.net\/wp-content\/uploads\/2025\/01\/songte-chushion-collar.webp\"><\/p>\n<h2>Przewodnik instalacji<\/h2>\n<p>Aby prawid\u0142owo zamontowa\u0107 si\u0142owniki ramienia, nale\u017cy wykona\u0107 nast\u0119puj\u0105ce czynno\u015bci:<\/p>\n<ol>\n<li>Upewnij si\u0119, \u017ce powierzchnia, na kt\u00f3rej zostanie zainstalowany sprz\u0119t, jest czysta i wolna od zanieczyszcze\u0144.<\/li>\n<li>Wyr\u00f3wnaj cylinder i powierzchni\u0119 monta\u017cow\u0105, a nast\u0119pnie dokr\u0119\u0107 \u015bruby monta\u017cowe zgodnie z okre\u015blonym momentem obrotowym.<\/li>\n<li>Pod\u0142\u0105cz w\u0119\u017ce hydrauliczne i z\u0142\u0105czki do cylindra.<\/li>\n<li>Nape\u0142nij uk\u0142ad hydrauliczny odpowiedni\u0105 ilo\u015bci\u0105 oleju hydraulicznego i sprawd\u017a, czy nie ma wyciek\u00f3w.<\/li>\n<li>Sprawd\u017a dzia\u0142anie cylindra i w razie potrzeby wyreguluj.<\/li>\n<\/ol>\n<p><img decoding=\"async\" src=\"https:\/\/www.hydraulic-cylinders.net\/wp-content\/uploads\/2025\/01\/songte-bushings-with-all-kinds-of-excavator-models.webp\"><\/p>\n<h2>Bezpiecze\u0144stwo i czynniki \u015brodowiskowe<\/h2>\n<p>Podczas korzystania z si\u0142ownik\u00f3w ramieniowych nale\u017cy podj\u0105\u0107 \u015brodki bezpiecze\u0144stwa, aby zapobiec wypadkom lub obra\u017ceniom operator\u00f3w. \u015arodki bezpiecze\u0144stwa obejmuj\u0105:<\/p>\n<ul>\n<li>Podczas obs\u0142ugi maszyn nale\u017cy nosi\u0107 odzie\u017c ochronn\u0105 i stosowa\u0107 sprz\u0119t ochronny.<\/li>\n<li>U\u017cywanie maszyn zgodnie z instrukcjami producenta i wytycznymi bezpiecze\u0144stwa.<\/li>\n<li>Utrzymywanie maszyn i cylindr\u00f3w ramion w dobrym stanie.<\/li>\n<li>Przeprowadzanie regularnych przegl\u0105d\u00f3w i prac konserwacyjnych.<\/li>\n<\/ul>\n<p>Nale\u017cy r\u00f3wnie\u017c wzi\u0105\u0107 pod uwag\u0119 czynniki \u015brodowiskowe i przeprowadzi\u0107 prawid\u0142ow\u0105 utylizacj\u0119 oleju hydraulicznego i podzespo\u0142\u00f3w cylindra, aby unikn\u0105\u0107 zanieczyszczenia \u015brodowiska.<\/p>\n<h2>Typowe problemy i rozwi\u0105zywanie problem\u00f3w<\/h2>\n<p>Do typowych problem\u00f3w, kt\u00f3re mog\u0105 wyst\u0105pi\u0107 w przypadku cylindr\u00f3w ramienia, nale\u017c\u0105:<\/p>\n<ul>\n<li>Wyciek oleju hydraulicznego spowodowany zu\u017cyciem lub uszkodzeniem uszczelek.<\/li>\n<li>Zmniejszona no\u015bno\u015b\u0107 na skutek zu\u017cycia lub uszkodzenia.<\/li>\n<li>Nietypowy ha\u0142as spowodowany lu\u017anymi lub uszkodzonymi elementami.<\/li>\n<li>Nie mo\u017cna uruchomi\u0107 urz\u0105dzenia z powodu awarii mechanizmu zabezpieczaj\u0105cego.<\/li>\n<\/ul>\n<p>Aby rozwi\u0105za\u0107 te problemy, nale\u017cy skorzysta\u0107 z nast\u0119puj\u0105cych wskaz\u00f3wek i rozwi\u0105za\u0144:<\/p>\n<ul>\n<li>Wymie\u0144 zu\u017cyte lub uszkodzone uszczelki, aby zapobiec wyciekowi oleju hydraulicznego.<\/li>\n<li>Wymie\u0144 zu\u017cyte lub uszkodzone \u0142o\u017cyska, aby przywr\u00f3ci\u0107 no\u015bno\u015b\u0107 cylindra.<\/li>\n<li>Dokr\u0119\u0107 lub wymie\u0144 lu\u017ane lub uszkodzone elementy, aby wyeliminowa\u0107 nietypowy ha\u0142as.<\/li>\n<li>Aby zapewni\u0107 bezpieczn\u0105 i niezawodn\u0105 prac\u0119 urz\u0105dzenia, nale\u017cy wymieni\u0107 niesprawny mechanizm zabezpieczaj\u0105cy.<\/li>\n<\/ul>\n<p>Aby zminimalizowa\u0107 potencjalne problemy, nale\u017cy r\u00f3wnie\u017c podj\u0105\u0107 \u015brodki zapobiegawcze, takie jak regularne kontrole i konserwacje.<\/p>\n<p><img decoding=\"async\" src=\"https:\/\/www.hydraulic-cylinders.net\/wp-content\/uploads\/2025\/01\/songte-company-4.webp\"><br \/>\n<img decoding=\"async\" src=\"https:\/\/www.hydraulic-cylinders.net\/wp-content\/uploads\/2025\/01\/songte-company-3.webp\"><\/p>\n<h2>O nas<\/h2>\n<p>Jeste\u015bmy profesjonalnym producentem zamiennych cylindr\u00f3w hydraulicznych, oferuj\u0105cym szerok\u0105 gam\u0119 produkt\u00f3w i stali\u015bmy si\u0119 jednym z wiod\u0105cych producent\u00f3w i dystrybutor\u00f3w cylindr\u00f3w hydraulicznych na rynku krajowym i mi\u0119dzynarodowym. Zawsze przestrzegamy zasady doskona\u0142ej jako\u015bci i opieramy si\u0119 na strategii zarz\u0105dzania produkcj\u0105 przemys\u0142ow\u0105, opartej na precyzyjnych warsztatach produkcyjnych, aby stale doskonali\u0107 nasz\u0105 technologi\u0119 i wydajno\u015b\u0107 produkcji. Wprowadzaj\u0105c wysokiej klasy cyfrowy sprz\u0119t produkcyjny i profesjonalne systemy testowe, stale optymalizujemy nasz\u0105 platform\u0119 produkcyjn\u0105, usprawniamy proces kontroli jako\u015bci produkt\u00f3w i dysponujemy du\u017cym potencja\u0142em innowacyjnym. Naszym celem jest zaspokajanie zr\u00f3\u017cnicowanych potrzeb klient\u00f3w poprzez wysok\u0105 wydajno\u015b\u0107, dok\u0142adno\u015b\u0107 i jako\u015b\u0107.<\/p>\n<h3>Profesjonalizm<\/h3>\n<p>Nasz zesp\u00f3\u0142 profesjonalist\u00f3w ma du\u017ce do\u015bwiadczenie w projektowaniu, produkcji i kontroli jako\u015bci cylindr\u00f3w hydraulicznych, co gwarantuje, \u017ce nasze produkty spe\u0142niaj\u0105 mi\u0119dzynarodowe standardy i wymagania klient\u00f3w.<\/p>\n<h3>Mi\u0119dzynarodowa Certyfikacja<\/h3>\n<p>Nasze si\u0142owniki hydrauliczne uzyska\u0142y mi\u0119dzynarodowe certyfikaty, takie jak ISO9001, CE i SGS, kt\u00f3re gwarantuj\u0105 jako\u015b\u0107 i bezpiecze\u0144stwo naszych produkt\u00f3w.<\/p>\n<h3>Us\u0142ugi personalizacji<\/h3>\n<p>Oferujemy us\u0142ugi dostosowywania si\u0142ownik\u00f3w hydraulicznych do wymaga\u0144 klienta i konkretnych zastosowa\u0144, aby zagwarantowa\u0107 najlepsz\u0105 wydajno\u015b\u0107 i op\u0142acalno\u015b\u0107 naszych produkt\u00f3w.<\/p>\n<h3>Sprz\u0119t produkcyjny<\/h3>\n<p>Nasz zaawansowany sprz\u0119t produkcyjny, taki jak maszyny CNC i systemy testowe, umo\u017cliwia nam wytwarzanie wysokiej jako\u015bci cylindr\u00f3w hydraulicznych z precyzj\u0105 i wydajno\u015bci\u0105.<\/p>\n<h3>Serwis posprzeda\u017cowy<\/h3>\n<p>Zapewniamy kompleksowy serwis posprzeda\u017cowy i wsparcie techniczne, aby nasi klienci mogli z ufno\u015bci\u0105 korzysta\u0107 z naszych produkt\u00f3w i rozwi\u0105zywa\u0107 wszelkie problemy napotkane w trakcie ich u\u017cytkowania.<\/p>\n<p><em>Autor: lyl<\/em><\/p>","protected":false},"excerpt":{"rendered":"<p>Arm Cylinder For Liebherr Large Excavator R954C Introduction An arm cylinder is a specially designed hydraulic cylinder that is primarily used to provide linear motion and power to the arms of various types of machinery, such as excavators, cranes, and robotic arms. The arm cylinder plays a key role in hydraulic systems, allowing for effective [&hellip;]<\/p>","protected":false},"featured_media":14777,"comment_status":"open","ping_status":"closed","template":"","meta":{"_et_pb_use_builder":"","_et_pb_old_content":"","_et_gb_content_width":""},"product_brand":[],"product_cat":[1497],"product_tag":[1498,1496],"class_list":{"0":"post-16569","1":"product","2":"type-product","3":"status-publish","4":"has-post-thumbnail","6":"product_cat-arm-cylinders","7":"product_tag-arm-cylinders","8":"product_tag-hydraulic-cylinders","10":"first","11":"instock","12":"shipping-taxable","13":"product-type-simple"},"amp_enabled":true,"_links":{"self":[{"href":"https:\/\/www.hydraulic-cylinders.net\/pl\/wp-json\/wp\/v2\/product\/16569","targetHints":{"allow":["GET"]}}],"collection":[{"href":"https:\/\/www.hydraulic-cylinders.net\/pl\/wp-json\/wp\/v2\/product"}],"about":[{"href":"https:\/\/www.hydraulic-cylinders.net\/pl\/wp-json\/wp\/v2\/types\/product"}],"replies":[{"embeddable":true,"href":"https:\/\/www.hydraulic-cylinders.net\/pl\/wp-json\/wp\/v2\/comments?post=16569"}],"wp:featuredmedia":[{"embeddable":true,"href":"https:\/\/www.hydraulic-cylinders.net\/pl\/wp-json\/wp\/v2\/media\/14777"}],"wp:attachment":[{"href":"https:\/\/www.hydraulic-cylinders.net\/pl\/wp-json\/wp\/v2\/media?parent=16569"}],"wp:term":[{"taxonomy":"product_brand","embeddable":true,"href":"https:\/\/www.hydraulic-cylinders.net\/pl\/wp-json\/wp\/v2\/product_brand?post=16569"},{"taxonomy":"product_cat","embeddable":true,"href":"https:\/\/www.hydraulic-cylinders.net\/pl\/wp-json\/wp\/v2\/product_cat?post=16569"},{"taxonomy":"product_tag","embeddable":true,"href":"https:\/\/www.hydraulic-cylinders.net\/pl\/wp-json\/wp\/v2\/product_tag?post=16569"}],"curies":[{"name":"wp","href":"https:\/\/api.w.org\/{rel}","templated":true}]}}