{"id":16571,"date":"2025-01-21T05:34:44","date_gmt":"2025-01-21T05:34:44","guid":{"rendered":"https:\/\/www.hydraulic-cylinders.net\/product\/arm-cylinder-for-liebherr-large-excavator-r976\/"},"modified":"2025-01-21T05:34:45","modified_gmt":"2025-01-21T05:34:45","slug":"arm-cylinder-for-liebherr-large-excavator-r976","status":"publish","type":"product","link":"https:\/\/www.hydraulic-cylinders.net\/pl\/produkt\/arm-cylinder-for-liebherr-large-excavator-r976\/","title":{"rendered":"Si\u0142ownik ramienia do du\u017cej koparki Liebherr R976"},"content":{"rendered":"<h1>Si\u0142ownik ramienia do du\u017cej koparki Liebherr R976<\/h1>\n<h2>Wst\u0119p<\/h2>\n<p>Si\u0142ownik ramienia to rodzaj specjalnie zaprojektowanego si\u0142ownika hydraulicznego, kt\u00f3ry s\u0142u\u017cy g\u0142\u00f3wnie do zapewnienia ruchu liniowego i zasilania ramion r\u00f3\u017cnego rodzaju maszyn, takich jak koparki, d\u017awigi i ramiona robot\u00f3w. Si\u0142ownik ramienia odgrywa kluczow\u0105 rol\u0119 w uk\u0142adach hydraulicznych, umo\u017cliwiaj\u0105c efektywne przemieszczanie i sterowanie osprz\u0119tem i akcesoriami. Si\u0142owniki te nie tylko zapewniaj\u0105 p\u0142ynny ruch, ale tak\u017ce wytrzymuj\u0105 du\u017ce obci\u0105\u017cenia, gwarantuj\u0105c wydajn\u0105 prac\u0119 i niezawodno\u015b\u0107 maszyn w r\u00f3\u017cnych warunkach pracy.<\/p>\n<p><img decoding=\"async\" src=\"https:\/\/www.hydraulic-cylinders.net\/wp-content\/uploads\/2025\/01\/songte-company-2.webp\"><\/p>\n<h2>Cechy<\/h2>\n<ul>\n<li>Wydajne przenoszenie mocy: Si\u0142ownik ramienia mo\u017ce zapewni\u0107 mocny ruch liniowy i si\u0142\u0119, gwarantuj\u0105c wysok\u0105 wydajno\u015b\u0107 ramienia maszyny podczas pracy.<\/li>\n<li>Precyzyjna kontrola: Dzi\u0119ki uk\u0142adom hydraulicznym si\u0142ownik ramienia mo\u017ce uzyska\u0107 dok\u0142adn\u0105 kontrol\u0119 ruchu, co sprawia, \u017ce \u200b\u200bobs\u0142uga osprz\u0119tu jest bardziej elastyczna i dok\u0142adna.<\/li>\n<li>Wysoka trwa\u0142o\u015b\u0107: Cylindry ramienia s\u0105 zazwyczaj wykonane z materia\u0142\u00f3w o wysokiej wytrzyma\u0142o\u015bci i charakteryzuj\u0105 si\u0119 dobr\u0105 odporno\u015bci\u0105 na zu\u017cycie i korozj\u0119, co sprawia, \u017ce \u200b\u200bnadaj\u0105 si\u0119 do d\u0142ugotrwa\u0142ego u\u017cytkowania w trudnych warunkach.<\/li>\n<li>Wielofunkcyjna mo\u017cliwo\u015b\u0107 adaptacji: Te cylindry mo\u017cna szeroko stosowa\u0107 w r\u00f3\u017cnych urz\u0105dzeniach mechanicznych, takich jak koparki, d\u017awigi i ramiona robotyczne, aby dostosowa\u0107 je do r\u00f3\u017cnych wymaga\u0144 roboczych.<\/li>\n<li>\u0141atwa konserwacja: Projekt uwzgl\u0119dnia \u0142atwo\u015b\u0107 konserwacji i wymiany, dzi\u0119ki czemu regularne kontrole i konserwacje staj\u0105 si\u0119 wygodniejsze, a przestoje sprz\u0119tu zostaj\u0105 skr\u00f3cone.<\/li>\n<\/ul>\n<p>Mo\u017cemy wyprodukowa\u0107 ten produkt i nasz produkt mo\u017ce doskonale zast\u0105pi\u0107 te cylindry hydrauliczne.<\/p>\n<p><img decoding=\"async\" src=\"https:\/\/www.hydraulic-cylinders.net\/wp-content\/uploads\/2025\/01\/songte-oil-pipes-and-spare-parts.webp\"><\/p>\n<h2>Aplikacje<\/h2>\n<ul>\n<li>In\u017cynieria budowlana: W koparkach i d\u017awigach si\u0142ownik ramienia s\u0142u\u017cy do sterowania ruchem \u0142y\u017cki lub wysi\u0119gnika podczas rob\u00f3t ziemnych, przenoszenia materia\u0142\u00f3w i instalacji konstrukcyjnych.<\/li>\n<li>Przemys\u0142 wytw\u00f3rczy: W zautomatyzowanych liniach produkcyjnych si\u0142ownik ramienia s\u0142u\u017cy do poruszania ramionami robota, umo\u017cliwiaj\u0105c monta\u017c, spawanie i obs\u0142ug\u0119 w celu zwi\u0119kszenia wydajno\u015bci i precyzji produkcji.<\/li>\n<li>Maszyny rolnicze: W maszynach rolniczych, takich jak kombajny i sadzarki, si\u0142ownik ramienia steruje ruchem ramienia roboczego, wykonuj\u0105cego takie zadania, jak sadzenie, nawo\u017cenie i zbi\u00f3r.<\/li>\n<li>Przemys\u0142 g\u00f3rniczy: W sprz\u0119cie g\u00f3rniczym si\u0142ownik ramienia s\u0142u\u017cy do sterowania ruchem ramienia sprz\u0119tu g\u00f3rniczego w celu wydobycia i transportu rud.<\/li>\n<li>Logistyka i transport: W w\u00f3zkach wid\u0142owych i robotach prze\u0142adunkowych si\u0142ownik ramienia s\u0142u\u017cy do sterowania podnoszeniem i ruchem wide\u0142 \u0142adunkowych w celu obs\u0142ugi i uk\u0142adania materia\u0142\u00f3w.<\/li>\n<\/ul>\n<h2>Zagadnienia projektowe i standardy wyboru<\/h2>\n<ul>\n<li>No\u015bno\u015b\u0107: Cylinder ramienia musi mie\u0107 wystarczaj\u0105c\u0105 no\u015bno\u015b\u0107, aby wytrzyma\u0107 du\u017ce obci\u0105\u017cenia, jakie mog\u0105 wyst\u0119powa\u0107 podczas pracy.<\/li>\n<li>Uszczelnienie: R\u00f3\u017cne elementy uszczelniaj\u0105ce, takie jak uszczelki t\u0142okowe i uszczelki t\u0142oczyskowe, s\u0142u\u017c\u0105 do zapobiegania wyciekom p\u0142ynu hydraulicznego i zapewnienia prawid\u0142owego dzia\u0142ania cylindra.<\/li>\n<li>Trwa\u0142o\u015b\u0107: Cylindry ramienia s\u0105 cz\u0119sto wykonane z materia\u0142\u00f3w o wysokiej wytrzyma\u0142o\u015bci, a ich powierzchnia jest poddana obr\u00f3bce w celu zwi\u0119kszenia odporno\u015bci na zu\u017cycie i korozj\u0119, co gwarantuje d\u0142ugotrwa\u0142e u\u017cytkowanie w r\u00f3\u017cnych \u015brodowiskach.<\/li>\n<li>Bezpiecze\u0144stwo: Cylinder ramienia musi by\u0107 zaprojektowany z uwzgl\u0119dnieniem zasad bezpiecze\u0144stwa, aby zapobiec wypadkom i obra\u017ceniom podczas pracy.<\/li>\n<li>\u0141atwo\u015b\u0107 konserwacji: Projekt powinien uwzgl\u0119dnia\u0107 \u0142atwo\u015b\u0107 konserwacji i wymiany, aby zapewni\u0107 wydajne i terminowe serwisowanie cylindra.<\/li>\n<\/ul>\n<p><img decoding=\"async\" src=\"https:\/\/www.hydraulic-cylinders.net\/wp-content\/uploads\/2025\/01\/songte-cylinder-head-with-all-kinds-excavator-models.webp\"><\/p>\n<h2>Uszczelnianie i smarowanie<\/h2>\n<p>Aby zapobiec wyciekom p\u0142ynu hydraulicznego, stosuje si\u0119 r\u00f3\u017cne elementy uszczelniaj\u0105ce, w tym uszczelnienia t\u0142oczysk, t\u0142oczysk i inne rodzaje uszczelnie\u0144 wykonane z materia\u0142\u00f3w odpornych na zu\u017cycie, takich jak poliuretan i kauczuk nitrylowy. Korpus cylindra i gwintowane powierzchnie ko\u0144cowe s\u0105 precyzyjnie obrobione, aby zwi\u0119kszy\u0107 odporno\u015b\u0107 na zu\u017cycie. Si\u0142ownik ramienia wymaga regularnego smarowania olejem hydraulicznym, aby zapewni\u0107 p\u0142ynn\u0105 prac\u0119.<\/p>\n<p><img decoding=\"async\" src=\"https:\/\/www.hydraulic-cylinders.net\/wp-content\/uploads\/2025\/01\/songte-chushion-collar.webp\"><\/p>\n<h2>Konserwacja i rozwi\u0105zywanie problem\u00f3w<\/h2>\n<p>Regularne kontrole i konserwacja zapobiegawcza mog\u0105 pom\u00f3c ograniczy\u0107 wyst\u0119powanie problem\u00f3w i wyd\u0142u\u017cy\u0107 \u017cywotno\u015b\u0107 si\u0142ownika ramienia. Do typowych problem\u00f3w nale\u017c\u0105 wycieki p\u0142ynu, niewystarczaj\u0105ce ci\u015bnienie i nietypowy ha\u0142as podczas pracy. Wa\u017cne jest, aby wcze\u015bnie zdiagnozowa\u0107 i rozwi\u0105za\u0107 te problemy oraz podj\u0105\u0107 dzia\u0142ania zapobiegawcze w celu ograniczenia potencjalnych problem\u00f3w.<\/p>\n<h2>Przewodnik instalacji<\/h2>\n<p>Monta\u017c si\u0142ownika ramienia wymaga specjalistycznej wiedzy i odpowiednich narz\u0119dzi. Nale\u017cy przestrzega\u0107 instrukcji monta\u017cu producenta i upewni\u0107 si\u0119, \u017ce si\u0142ownik jest prawid\u0142owo zamocowany i ustawiony wzgl\u0119dem maszyny. Zaleca si\u0119 skorzystanie z pomocy wykwalifikowanego personelu lub, w razie potrzeby, skorzystanie ze wsparcia technicznego producenta.<\/p>\n<p><img decoding=\"async\" src=\"https:\/\/www.hydraulic-cylinders.net\/wp-content\/uploads\/2025\/01\/songte-bushings-with-all-kinds-of-excavator-models.webp\"><\/p>\n<h2>Bezpiecze\u0144stwo i wzgl\u0119dy \u015brodowiskowe<\/h2>\n<p>Podczas obs\u0142ugi si\u0142ownika ramienia nale\u017cy zachowa\u0107 \u015brodki bezpiecze\u0144stwa, aby zapobiec wypadkom i obra\u017ceniom. Prawid\u0142owa utylizacja zu\u017cytego p\u0142ynu hydraulicznego i innych materia\u0142\u00f3w niebezpiecznych jest istotna dla ochrony \u015brodowiska.<\/p>\n<h2>O firmie<\/h2>\n<p>Jeste\u015bmy profesjonalnym producentem zamiennych cylindr\u00f3w hydraulicznych, oferuj\u0105cym szerok\u0105 gam\u0119 produkt\u00f3w. Stali\u015bmy si\u0119 jednym z wiod\u0105cych producent\u00f3w i dystrybutor\u00f3w hurtowych cylindr\u00f3w hydraulicznych na rynku krajowym i mi\u0119dzynarodowym. Zawsze kierujemy si\u0119 zasad\u0105 doskona\u0142ej jako\u015bci, opieramy si\u0119 na strategii przemys\u0142owego zarz\u0105dzania produkcj\u0105 w nowoczesnych warsztatach produkcyjnych oraz stale podnosimy poziom techniczny i wydajno\u015b\u0107 produkcji. Dzi\u0119ki wprowadzaniu zaawansowanego cyfrowego sprz\u0119tu produkcyjnego i profesjonalnych system\u00f3w testowych, stale optymalizujemy nasz\u0105 platform\u0119 produkcyjn\u0105 i udoskonalamy procesy kontroli jako\u015bci. Naszym celem jest zaspokajanie zr\u00f3\u017cnicowanych potrzeb klient\u00f3w, oferuj\u0105c wydajne, precyzyjne i wysokiej jako\u015bci produkty.<\/p>\n<p>Specjalizujemy si\u0119 w zapewnianiu naszym klientom mi\u0119dzynarodowych certyfikat\u00f3w, us\u0142ug dostosowanych do indywidualnych potrzeb, sprz\u0119tu produkcyjnego oraz obs\u0142ugi posprzeda\u017cowej. Jeste\u015bmy dumni z naszego zaanga\u017cowania w dostarczanie naszym klientom najlepszych mo\u017cliwych rozwi\u0105za\u0144 i dbanie o ich zadowolenie z naszych produkt\u00f3w i us\u0142ug.<\/p>\n<p><img decoding=\"async\" src=\"https:\/\/www.hydraulic-cylinders.net\/wp-content\/uploads\/2025\/01\/songte-company-4.webp\"><br \/>\n<img decoding=\"async\" src=\"https:\/\/www.hydraulic-cylinders.net\/wp-content\/uploads\/2025\/01\/songte-company-3.webp\"><\/p>\n<p>Autor: lyl<\/p>","protected":false},"excerpt":{"rendered":"<p>Arm Cylinder For Liebherr Large Excavator R976 Introduction The arm cylinder is a type of specially designed hydraulic cylinder that is primarily used to provide linear motion and power to the arms of various types of machinery, such as excavators, cranes, and robotic arms. The arm cylinder plays a critical role in hydraulic systems, allowing [&hellip;]<\/p>","protected":false},"featured_media":14772,"comment_status":"open","ping_status":"closed","template":"","meta":{"_et_pb_use_builder":"","_et_pb_old_content":"","_et_gb_content_width":""},"product_brand":[],"product_cat":[1497],"product_tag":[1498,1496],"class_list":{"0":"post-16571","1":"product","2":"type-product","3":"status-publish","4":"has-post-thumbnail","6":"product_cat-arm-cylinders","7":"product_tag-arm-cylinders","8":"product_tag-hydraulic-cylinders","10":"first","11":"instock","12":"shipping-taxable","13":"product-type-simple"},"amp_enabled":true,"_links":{"self":[{"href":"https:\/\/www.hydraulic-cylinders.net\/pl\/wp-json\/wp\/v2\/product\/16571","targetHints":{"allow":["GET"]}}],"collection":[{"href":"https:\/\/www.hydraulic-cylinders.net\/pl\/wp-json\/wp\/v2\/product"}],"about":[{"href":"https:\/\/www.hydraulic-cylinders.net\/pl\/wp-json\/wp\/v2\/types\/product"}],"replies":[{"embeddable":true,"href":"https:\/\/www.hydraulic-cylinders.net\/pl\/wp-json\/wp\/v2\/comments?post=16571"}],"wp:featuredmedia":[{"embeddable":true,"href":"https:\/\/www.hydraulic-cylinders.net\/pl\/wp-json\/wp\/v2\/media\/14772"}],"wp:attachment":[{"href":"https:\/\/www.hydraulic-cylinders.net\/pl\/wp-json\/wp\/v2\/media?parent=16571"}],"wp:term":[{"taxonomy":"product_brand","embeddable":true,"href":"https:\/\/www.hydraulic-cylinders.net\/pl\/wp-json\/wp\/v2\/product_brand?post=16571"},{"taxonomy":"product_cat","embeddable":true,"href":"https:\/\/www.hydraulic-cylinders.net\/pl\/wp-json\/wp\/v2\/product_cat?post=16571"},{"taxonomy":"product_tag","embeddable":true,"href":"https:\/\/www.hydraulic-cylinders.net\/pl\/wp-json\/wp\/v2\/product_tag?post=16571"}],"curies":[{"name":"wp","href":"https:\/\/api.w.org\/{rel}","templated":true}]}}