{"id":16590,"date":"2025-01-21T05:36:17","date_gmt":"2025-01-21T05:36:17","guid":{"rendered":"https:\/\/www.hydraulic-cylinders.net\/product\/arm-cylinder-for-jonyang-small-excavator-jy623e\/"},"modified":"2025-01-21T05:36:19","modified_gmt":"2025-01-21T05:36:19","slug":"arm-cylinder-for-jonyang-small-excavator-jy623e","status":"publish","type":"product","link":"https:\/\/www.hydraulic-cylinders.net\/pl\/produkt\/arm-cylinder-for-jonyang-small-excavator-jy623e\/","title":{"rendered":"Si\u0142ownik ramienia do ma\u0142ej koparki Jonyang JY623E"},"content":{"rendered":"<h1>Si\u0142ownik ramienia do ma\u0142ej koparki Jonyang JY623E<\/h1>\n<h2>Wst\u0119p<\/h2>\n<p>Si\u0142ownik ramienia, znany r\u00f3wnie\u017c jako si\u0142ownik hydrauliczny, to specjalnie zaprojektowany si\u0142ownik, kt\u00f3ry zapewnia ruch liniowy i moc ramionom r\u00f3\u017cnych maszyn, takich jak koparki, d\u017awigi i ramiona mechaniczne. Si\u0142ownik ramienia odgrywa kluczow\u0105 rol\u0119 w uk\u0142adzie hydraulicznym, umo\u017cliwiaj\u0105c ruch i sprawne sterowanie narz\u0119dziami pomocniczymi lub osprz\u0119tem. Si\u0142owniki te nie tylko zapewniaj\u0105 p\u0142ynny ruch, ale tak\u017ce wytrzymuj\u0105 du\u017ce obci\u0105\u017cenia, gwarantuj\u0105c wydajn\u0105 prac\u0119 i niezawodno\u015b\u0107 maszyn w r\u00f3\u017cnych warunkach eksploatacyjnych.<\/p>\n<p><img decoding=\"async\" src=\"https:\/\/www.hydraulic-cylinders.net\/wp-content\/uploads\/2025\/01\/songte-company-2.webp\" alt=\"Obraz cylindra ramienia\"><\/p>\n<h2>Cechy<\/h2>\n<h3>1. Wysokowydajna skrzynia bieg\u00f3w<\/h3>\n<p>Si\u0142ownik ramienia zapewnia mocny ruch liniowy i si\u0142\u0119, gwarantuj\u0105c wysok\u0105 wydajno\u015b\u0107 ramienia mechanicznego podczas r\u00f3\u017cnych operacji.<\/p>\n<h3>2. Precyzyjna kontrola<\/h3>\n<p>Dzi\u0119ki uk\u0142adowi hydraulicznemu si\u0142ownik ramienia mo\u017ce uzyska\u0107 precyzyjn\u0105 kontrol\u0119 ruchu, co sprawia, \u017ce \u200b\u200bobs\u0142uga dodatkowych narz\u0119dzi jest bardziej elastyczna i dok\u0142adna.<\/p>\n<h3>3. Wysoka trwa\u0142o\u015b\u0107<\/h3>\n<p>Cylindry ramienia s\u0105 zazwyczaj wykonane z materia\u0142\u00f3w o wysokiej wytrzyma\u0142o\u015bci i charakteryzuj\u0105 si\u0119 dobr\u0105 odporno\u015bci\u0105 na zu\u017cycie i korozj\u0119, dzi\u0119ki czemu nadaj\u0105 si\u0119 do d\u0142ugotrwa\u0142ego u\u017cytkowania w trudnych warunkach.<\/p>\n<h3>4. Wielofunkcyjna adaptowalno\u015b\u0107<\/h3>\n<p>Tego typu si\u0142owniki mo\u017cna powszechnie stosowa\u0107 w r\u00f3\u017cnych urz\u0105dzeniach mechanicznych, takich jak koparki, d\u017awigi i ramiona mechaniczne, aby sprosta\u0107 zr\u00f3\u017cnicowanym wymaganiom roboczym.<\/p>\n<h3>5. \u0141atwa konserwacja<\/h3>\n<p>Projekt uwzgl\u0119dnia \u0142atwo\u015b\u0107 konserwacji i wymiany, dzi\u0119ki czemu regularne kontrole i konserwacje staj\u0105 si\u0119 wygodniejsze, a przestoje sprz\u0119tu skr\u00f3cone.<\/p>\n<p><img decoding=\"async\" src=\"https:\/\/www.hydraulic-cylinders.net\/wp-content\/uploads\/2025\/01\/songte-oil-pipes-and-spare-parts.webp\" alt=\"Rury olejowe i cz\u0119\u015bci zamienne Obraz\"><\/p>\n<h2>Aplikacje<\/h2>\n<ul>\n<li>Projekty budowlane: W koparkach i d\u017awigach si\u0142owniki ramienia s\u0142u\u017c\u0105 do kontrolowania ruchu \u0142y\u017cki lub wysi\u0119gnika podczas rob\u00f3t ziemnych, przenoszenia materia\u0142\u00f3w i monta\u017cu konstrukcji.<\/li>\n<li>Przemys\u0142 wytw\u00f3rczy: W zautomatyzowanych liniach produkcyjnych si\u0142owniki ramieniowe s\u0142u\u017c\u0105 do poruszania ramionami mechanicznymi w procesach takich jak monta\u017c, spawanie i obs\u0142uga, w celu zwi\u0119kszenia wydajno\u015bci i dok\u0142adno\u015bci produkcji.<\/li>\n<li>Maszyny rolnicze: W maszynach rolniczych, takich jak kombajny i siewniki, si\u0142owniki ramienia steruj\u0105 ruchem ramienia roboczego, co umo\u017cliwia wykonywanie takich zada\u0144, jak siew, nawo\u017cenie i zbi\u00f3r.<\/li>\n<li>G\u00f3rnictwo: W sprz\u0119cie g\u00f3rniczym cylindry ramieniowe s\u0142u\u017c\u0105 do kontrolowania ruchu ramienia sprz\u0119tu g\u00f3rniczego wykorzystywanego do wydobywania i transportu rud.<\/li>\n<li>Logistyka i transport: W w\u00f3zkach wid\u0142owych i robotach prze\u0142adunkowych si\u0142owniki ramion s\u0142u\u017c\u0105 do sterowania podnoszeniem i ruchem wide\u0142 w celu obs\u0142ugi i uk\u0142adania materia\u0142\u00f3w.<\/li>\n<\/ul>\n<h2>Zagadnienia projektowe i standardy wyboru<\/h2>\n<h3>1. No\u015bno\u015b\u0107<\/h3>\n<p>Si\u0142ownik ramienia musi mie\u0107 odpowiedni\u0105 no\u015bno\u015b\u0107, aby wytrzyma\u0107 ci\u0119\u017car \u0142adunku i uderzenia podczas pracy.<\/p>\n<h3>2. Wydajno\u015b\u0107 uszczelnienia<\/h3>\n<p>Aby zapobiec wyciekom i zanieczyszczeniom cieczy, stosuje si\u0119 r\u00f3\u017cne uszczelnienia, takie jak uszczelnienia t\u0142okowe i t\u0142oczyskowe. Uszczelnienia wykonane s\u0105 z materia\u0142\u00f3w takich jak poliuretan i kauczuk nitrylowy, co zapewnia odporno\u015b\u0107 na zu\u017cycie.<\/p>\n<h3>3. Trwa\u0142o\u015b\u0107<\/h3>\n<p>Korpus cylindra i gwintowana powierzchnia ko\u0144cowa s\u0105 precyzyjnie obrobione, aby zwi\u0119kszy\u0107 odporno\u015b\u0107 na zu\u017cycie. Cylinder ramienia jest zazwyczaj wykonany z materia\u0142\u00f3w o wysokiej wytrzyma\u0142o\u015bci, co zapewnia trwa\u0142o\u015b\u0107 i niezawodno\u015b\u0107.<\/p>\n<h3>4. Bezpiecze\u0144stwo<\/h3>\n<p>Aby zapobiec wypadkom i uszkodzeniom sprz\u0119tu, stosuje si\u0119 \u015brodki bezpiecze\u0144stwa, takie jak wy\u0142\u0105czniki kra\u0144cowe i zawory bezpiecze\u0144stwa.<\/p>\n<h3>5. Utrzymywalno\u015b\u0107<\/h3>\n<p>Si\u0142ownik ramienia zaprojektowano tak, aby u\u0142atwi\u0107 konserwacj\u0119 i wymian\u0119 podzespo\u0142\u00f3w, co zmniejsza czas i koszty konserwacji.<\/p>\n<p><img decoding=\"async\" src=\"https:\/\/www.hydraulic-cylinders.net\/wp-content\/uploads\/2025\/01\/songte-cylinder-head-with-all-kinds-excavator-models.webp\" alt=\"Obraz g\u0142owicy cylindra\"><\/p>\n<h2>Uszczelnianie i smarowanie<\/h2>\n<p>Si\u0142ownik ramienia wykorzystuje r\u00f3\u017cnorodne uszczelnienia, takie jak uszczelnienia t\u0142oka i t\u0142oczyska, aby zapobiec wyciekom p\u0142ynu i zanieczyszczeniom. Uszczelnienia wykonane s\u0105 z materia\u0142\u00f3w odpornych na zu\u017cycie, takich jak poliuretan i kauczuk nitrylowy. Korpus si\u0142ownika i gwintowana powierzchnia ko\u0144cowa s\u0105 precyzyjnie obrobione, co zwi\u0119ksza odporno\u015b\u0107 na zu\u017cycie. Si\u0142ownik ramienia wymaga regularnego smarowania olejem hydraulicznym, aby zapewni\u0107 p\u0142ynn\u0105 prac\u0119.<\/p>\n<h2>Konserwacja i \u015brodki zapobiegawcze<\/h2>\n<ul>\n<li>Regularnie sprawdzaj stan uszczelek i w razie konieczno\u015bci wymie\u0144 je, aby zapobiec wyciekom p\u0142ynu i zanieczyszczeniom.<\/li>\n<li>Sprawd\u017a korpus cylindra oraz powierzchni\u0119 gwintowan\u0105 pod k\u0105tem zu\u017cycia i uszkodze\u0144. W razie potrzeby napraw je lub wymie\u0144, aby zapewni\u0107 trwa\u0142o\u015b\u0107.<\/li>\n<li>Aby zapewni\u0107 bezpiecze\u0144stwo, regularnie sprawdzaj wy\u0142\u0105czniki kra\u0144cowe i zawory bezpiecze\u0144stwa.<\/li>\n<li>Regularnie dolewaj odpowiedni\u0105 ilo\u015b\u0107 oleju hydraulicznego w celu smarowania.<\/li>\n<\/ul>\n<p><img decoding=\"async\" src=\"https:\/\/www.hydraulic-cylinders.net\/wp-content\/uploads\/2025\/01\/songte-chushion-collar.webp\" alt=\"Obraz ko\u0142nierza Chushion\"><\/p>\n<h2>Przewodnik instalacji<\/h2>\n<p>Przed monta\u017cem nale\u017cy sprawdzi\u0107 kompatybilno\u015b\u0107 si\u0142ownika ramienia z maszyn\u0105. Nale\u017cy post\u0119powa\u0107 zgodnie z instrukcjami monta\u017cu dostarczonymi przez producenta i upewni\u0107 si\u0119, \u017ce si\u0142ownik ramienia jest zamontowany prawid\u0142owo i bezpiecznie. Podczas monta\u017cu nale\u017cy u\u017cywa\u0107 odpowiednich narz\u0119dzi i sprz\u0119tu oraz nosi\u0107 odzie\u017c ochronn\u0105.<\/p>\n<h2>Zagadnienia bezpiecze\u0144stwa i czynniki \u015brodowiskowe<\/h2>\n<p>Podczas pracy nale\u017cy zachowa\u0107 \u015brodki bezpiecze\u0144stwa, takie jak noszenie sprz\u0119tu ochronnego i unikanie przeci\u0105\u017ce\u0144. Zu\u017cyty olej hydrauliczny i zu\u017cyte podzespo\u0142y nale\u017cy utylizowa\u0107 zgodnie z przepisami ochrony \u015brodowiska, aby zapobiec zanieczyszczeniu.<\/p>\n<h2>Typowa diagnostyka usterek i rozwi\u0105zywanie problem\u00f3w<\/h2>\n<p>Do typowych usterek si\u0142ownika ramienia nale\u017c\u0105 wyciek p\u0142ynu, spowolnienie ruchu i nietypowy ha\u0142as. W przypadku wyst\u0105pienia takich problem\u00f3w nale\u017cy sprawdzi\u0107 uszczelki, poziom oleju hydraulicznego oraz korpus si\u0142ownika pod k\u0105tem uszkodze\u0144 i w razie potrzeby naprawi\u0107 lub wymieni\u0107.<\/p>\n<h2>O nas<\/h2>\n<p>Jeste\u015bmy profesjonalnym producentem zamiennych cylindr\u00f3w hydraulicznych, oferuj\u0105cym szerok\u0105 gam\u0119 produkt\u00f3w. Jeste\u015bmy jednym z wiod\u0105cych producent\u00f3w i hurtownik\u00f3w cylindr\u00f3w hydraulicznych na rynku krajowym i zagranicznym. Zawsze przestrzegamy zasady doskona\u0142o\u015bci jako\u015bci i opieramy si\u0119 na strategii zarz\u0105dzania produkcj\u0105 przemys\u0142ow\u0105 w nowoczesnych warsztatach produkcyjnych, aby stale ulepsza\u0107 nasz\u0105 technologi\u0119 i wydajno\u015b\u0107. Wprowadzaj\u0105c wysokiej klasy cyfrowy sprz\u0119t produkcyjny i profesjonalne systemy testowe, stale optymalizujemy nasz\u0105 platform\u0119 produkcyjn\u0105 i usprawniamy proces kontroli jako\u015bci produkt\u00f3w, dysponuj\u0105c przy tym solidnymi mo\u017cliwo\u015bciami innowacyjnymi. Naszym celem jest zaspokajanie zr\u00f3\u017cnicowanych potrzeb klient\u00f3w, kieruj\u0105c si\u0119 zasadami wydajno\u015bci, dok\u0142adno\u015bci i wysokiej jako\u015bci.<\/p>\n<p><img decoding=\"async\" src=\"https:\/\/www.hydraulic-cylinders.net\/wp-content\/uploads\/2025\/01\/songte-company-4.webp\" alt=\"Wizerunek firmy\"><br \/>\n<img decoding=\"async\" src=\"https:\/\/www.hydraulic-cylinders.net\/wp-content\/uploads\/2025\/01\/songte-company-3.webp\" alt=\"Wizerunek firmy\"><\/p>\n<p>Nasza firma \u015bwiadczy profesjonalne i zindywidualizowane us\u0142ugi, posiadaj\u0105c certyfikat ISO 9001. Dysponujemy zaawansowanym sprz\u0119tem produkcyjnym i zapewniamy doskona\u0142\u0105 obs\u0142ug\u0119 posprzeda\u017cow\u0105. Oferujemy szeroki wyb\u00f3r si\u0142ownik\u00f3w hydraulicznych odpowiednich do r\u00f3\u017cnych maszyn. Oferujemy pe\u0142n\u0105 gam\u0119 produkt\u00f3w i zapewniamy profesjonalne, zindywidualizowane us\u0142ugi, aby sprosta\u0107 zr\u00f3\u017cnicowanym potrzebom klient\u00f3w. Naszym celem jest osi\u0105gni\u0119cie pozycji \u015bwiatowej klasy producenta si\u0142ownik\u00f3w hydraulicznych.<\/p>\n<p>Autor: lyl<\/p>","protected":false},"excerpt":{"rendered":"<p>Arm Cylinder For Jonyang Small Excavator JY623E Introduction An arm cylinder, also known as a hydraulic cylinder, is a specially designed cylinder that provides linear motion and power to the arms of various machines, such as excavators, cranes, and mechanical arms. The arm cylinder plays a critical role in the hydraulic system, allowing auxiliary tools [&hellip;]<\/p>","protected":false},"featured_media":14774,"comment_status":"open","ping_status":"closed","template":"","meta":{"_et_pb_use_builder":"","_et_pb_old_content":"","_et_gb_content_width":""},"product_brand":[],"product_cat":[1497],"product_tag":[1498,1496],"class_list":{"0":"post-16590","1":"product","2":"type-product","3":"status-publish","4":"has-post-thumbnail","6":"product_cat-arm-cylinders","7":"product_tag-arm-cylinders","8":"product_tag-hydraulic-cylinders","10":"first","11":"instock","12":"shipping-taxable","13":"product-type-simple"},"amp_enabled":true,"_links":{"self":[{"href":"https:\/\/www.hydraulic-cylinders.net\/pl\/wp-json\/wp\/v2\/product\/16590","targetHints":{"allow":["GET"]}}],"collection":[{"href":"https:\/\/www.hydraulic-cylinders.net\/pl\/wp-json\/wp\/v2\/product"}],"about":[{"href":"https:\/\/www.hydraulic-cylinders.net\/pl\/wp-json\/wp\/v2\/types\/product"}],"replies":[{"embeddable":true,"href":"https:\/\/www.hydraulic-cylinders.net\/pl\/wp-json\/wp\/v2\/comments?post=16590"}],"wp:featuredmedia":[{"embeddable":true,"href":"https:\/\/www.hydraulic-cylinders.net\/pl\/wp-json\/wp\/v2\/media\/14774"}],"wp:attachment":[{"href":"https:\/\/www.hydraulic-cylinders.net\/pl\/wp-json\/wp\/v2\/media?parent=16590"}],"wp:term":[{"taxonomy":"product_brand","embeddable":true,"href":"https:\/\/www.hydraulic-cylinders.net\/pl\/wp-json\/wp\/v2\/product_brand?post=16590"},{"taxonomy":"product_cat","embeddable":true,"href":"https:\/\/www.hydraulic-cylinders.net\/pl\/wp-json\/wp\/v2\/product_cat?post=16590"},{"taxonomy":"product_tag","embeddable":true,"href":"https:\/\/www.hydraulic-cylinders.net\/pl\/wp-json\/wp\/v2\/product_tag?post=16590"}],"curies":[{"name":"wp","href":"https:\/\/api.w.org\/{rel}","templated":true}]}}